{"id":2305,"date":"2024-10-09T03:30:01","date_gmt":"2024-10-09T03:30:01","guid":{"rendered":"https:\/\/rmvapesale.com\/?post_type=product&#038;p=2305"},"modified":"2024-10-09T04:01:03","modified_gmt":"2024-10-09T04:01:03","slug":"waspe-fihp-30000-puffs-led-display-disposable-vape-box","status":"publish","type":"product","link":"https:\/\/rmvapesale.com\/pt\/product\/waspe-fihp-30000-puffs-led-display-disposable-vape-box\/","title":{"rendered":"WASPE FIHP 30000 Puffs Caixa de E-Cigarro Descart\u00e1vel com Visor LED"},"content":{"rendered":"<div class=\"B2VR9 CJHX3e\">\n<div class=\"wyccme\">\n<h1 class=\"LC20lb MBeuO DKV0Md\">WASPE FIHP 30000 Puffs Caixa de E-Cigarro Descart\u00e1vel com Visor LED<\/h1>\n<div class=\"flex-shrink-0 flex flex-col relative items-end\">\n<div>\n<div class=\"pt-0\">\n<div class=\"gizmo-bot-avatar flex h-8 w-8 items-center justify-center overflow-hidden rounded-full\">\n<div class=\"relative p-1 rounded-sm flex items-center justify-center bg-token-main-surface-primary text-token-text-primary h-8 w-8\"><\/div>\n<\/div>\n<\/div>\n<\/div>\n<\/div>\n<div class=\"group\/conversation-turn relative flex w-full min-w-0 flex-col agent-turn\">\n<div class=\"flex-col gap-1 md:gap-3\">\n<div class=\"flex max-w-full flex-col flex-grow\">\n<div class=\"min-h-8 text-message flex w-full flex-col items-end gap-2 whitespace-normal break-words [.text-message+&amp;]:mt-5\" dir=\"auto\" data-message-author-role=\"assistant\" data-message-id=\"871c1362-82be-4876-894c-d28f37ffd3d3\">\n<div class=\"flex w-full flex-col gap-1 empty:hidden first:pt-[3px]\">\n<div class=\"markdown prose w-full break-words dark:prose-invert light\">\n<p>Conhe\u00e7a a caixa de Vape Descart\u00e1vel WASPE FIHP 30000 Puffs com Display LED\u2014o seu companheiro de vaping definitivo! Com uma capacidade surpreendente de at\u00e9 30.000 puffs no modo Regular e 15.000 no modo Pulsar, est\u00e1 preparado para uma experi\u00eancia duradoura.<\/p>\n<p>Este pod de vape apresenta uma resist\u00eancia de malha dupla para um sabor rico e uma produ\u00e7\u00e3o de vapor impressionante. Com uma capacidade generosa de 28ml de e-l\u00edquido, pode desfrutar dos seus sabores favoritos at\u00e9 30 mil puffs. Al\u00e9m disso, o fluxo de ar ajust\u00e1vel permite personalizar a sua experi\u00eancia \u00e0 perfei\u00e7\u00e3o!<\/p>\n<p>O que diferencia a caixa de puffs WASPE FW 30000 \u00e9 o seu vibrante display LED, que n\u00e3o s\u00f3 mostra as configura\u00e7\u00f5es atuais, mas tamb\u00e9m mant\u00e9m-no informado sobre os n\u00edveis de bateria e de e-l\u00edquido. Nada de adivinha\u00e7\u00f5es\u2014fique sempre informado!<\/p>\n<p>Escolha o seu n\u00edvel de nicotina\u20140%, 2% ou 5%\u2014para combinar com o seu humor. Quando for hora de recarregar, a carga Type-C conveniente torna tudo mais f\u00e1cil. Com apenas 107g, o WASPE \u00e9 leve e port\u00e1til, perfeito para a vida em movimento.<\/p>\n<p>Prepare-se para elevar a sua experi\u00eancia de vaping com a caixa de Vape Descart\u00e1vel WASPE 30000 Puffs com Display LED!<\/p>\n<p>&nbsp;<\/p>\n<\/div>\n<\/div>\n<\/div>\n<\/div>\n<\/div>\n<\/div>\n<\/div>\n<\/div>\n<p><strong>Contacte a Amy para obter a resposta certa e mais v\u00eddeos do produto!<\/strong><\/p>\n<p><img loading=\"lazy\" decoding=\"async\" class=\"size-full wp-image-1978\" src=\"https:\/\/rmvapesale.com\/wp-content\/uploads\/2024\/09\/Disposable-Vape-Wholesale.jpg\" alt=\"Venda por grosso de vapes descart\u00e1veis\" width=\"229\" height=\"300\" \/><\/p>\n<h3><a href=\"https:\/\/wa.me\/8617776015835\" target=\"_blank\" rel=\"noopener\"><span style=\"color: #ff0000\"><strong>WhatsApp: +86 17776015835<\/strong><\/span><\/a><\/h3>\n<p>&nbsp;<\/p>\n<h2><\/h2>\n<h2><strong>Principais Caracter\u00edsticas da Caixa de Vape WASPE FIHP 30000 Puffs<\/strong><\/h2>\n<p>&nbsp;<\/p>\n<p>Regular: 30000 Puffs<br \/>\nPulsar: 15000 Puffs<br \/>\nResist\u00eancia de Malha Dupla: 1ohm+1ohm<br \/>\nE-l\u00edquido:28ml<br \/>\nNicotine: 0%\/2%\/5%<br \/>\nBateria: 850mAh<br \/>\nFluxo de ar ajust\u00e1vel<br \/>\nRecarreg\u00e1vel: Tipo-C<br \/>\nEcr\u00e3 LED<\/p>\n<p>&nbsp;<\/p>\n<figure id=\"attachment_2300\" aria-describedby=\"caption-attachment-2300\" style=\"width: 808px\" class=\"wp-caption alignnone\"><img loading=\"lazy\" decoding=\"async\" class=\"wp-image-2300 size-full\" src=\"https:\/\/rmvapesale.com\/wp-content\/uploads\/2024\/10\/FIHP-WASPE-Tornado-30000-puffs-vape-Cheap-Price.jpg\" alt=\"Caixa de Vape FIHP WASPE Tornado 30000 puffs a Pre\u00e7o Barato\" width=\"808\" height=\"808\" srcset=\"https:\/\/rmvapesale.com\/wp-content\/uploads\/2024\/10\/FIHP-WASPE-Tornado-30000-puffs-vape-Cheap-Price.jpg 808w, https:\/\/rmvapesale.com\/wp-content\/uploads\/2024\/10\/FIHP-WASPE-Tornado-30000-puffs-vape-Cheap-Price-300x300.jpg 300w, https:\/\/rmvapesale.com\/wp-content\/uploads\/2024\/10\/FIHP-WASPE-Tornado-30000-puffs-vape-Cheap-Price-150x150.jpg 150w, https:\/\/rmvapesale.com\/wp-content\/uploads\/2024\/10\/FIHP-WASPE-Tornado-30000-puffs-vape-Cheap-Price-768x768.jpg 768w, https:\/\/rmvapesale.com\/wp-content\/uploads\/2024\/10\/FIHP-WASPE-Tornado-30000-puffs-vape-Cheap-Price-600x600.jpg 600w, https:\/\/rmvapesale.com\/wp-content\/uploads\/2024\/10\/FIHP-WASPE-Tornado-30000-puffs-vape-Cheap-Price-100x100.jpg 100w\" sizes=\"auto, (max-width: 808px) 100vw, 808px\" \/><figcaption id=\"caption-attachment-2300\" class=\"wp-caption-text\">Caixa de Vape FIHP WASPE Tornado 30000 puffs a Pre\u00e7o Barato<\/figcaption><\/figure>\n<h2><strong>Melhor sabor para a Caixa de Vape Descart\u00e1vel WASPE FIHP 30000 Puffs com Display LED<\/strong><\/h2>\n<p>A caixa de Vape Descart\u00e1vel WASPE 30000 Puffs com Display LED oferece 16 sabores deliciosos, escolha entre uma variedade de sabores, incluindo o cl\u00e1ssico refrescante hortel\u00e3, e a do\u00e7ura ex\u00f3tica da uva, cada um prometendo uma jornada rica e satisfat\u00f3ria a cada puff.<\/p>\n<p>1. Morango Manga<br \/>\n2. Frutos Vermelhos Mistos<span style=\"color: #ff0000\"><strong>&gt;&gt;&gt;&gt; Quente!<\/strong><\/span><br \/>\n3. Gelo de Melancia<br \/>\n4. Morango Melancia<br \/>\n5. Morango Red Bull<span style=\"color: #ff0000\"><strong>&gt;&gt;&gt;&gt; Quente!<\/strong><\/span><br \/>\n6. Kiwi Maracuj\u00e1 Guava<br \/>\n7. Grape Ice<br \/>\n8. Ma\u00e7\u00e3 Dupla com Gelo<br \/>\n9.Blueberry Raspberry<br \/>\n10.Melancia Manga Gelo<br \/>\n11.Mirtilo Gelado<br \/>\n12.P\u00eassego Frutos Silvestres<br \/>\n13.Morango Kiwi<br \/>\n14.Cereja Gelo<br \/>\n15.Fresca de Morango e Cereja Superburst<br \/>\n16.Melancia Goma de Mascar<span style=\"color: #ff0000\"><strong>&gt;&gt;&gt;&gt; O Melhor!<\/strong><\/span><\/p>\n<p>&nbsp;<\/p>\n<div class=\"flex-shrink-0 flex flex-col relative items-end\">\n<div>\n<div class=\"pt-0\">\n<div class=\"gizmo-bot-avatar flex h-8 w-8 items-center justify-center overflow-hidden rounded-full\">\n<div class=\"relative p-1 rounded-sm flex items-center justify-center bg-token-main-surface-primary text-token-text-primary h-8 w-8\">\n<h3><b>FAQs<\/b><\/h3>\n<p>&nbsp;<\/p>\n<\/div>\n<\/div>\n<\/div>\n<\/div>\n<\/div>\n<div class=\"group\/conversation-turn relative flex w-full min-w-0 flex-col agent-turn\">\n<div class=\"flex-col gap-1 md:gap-3\">\n<div class=\"flex max-w-full flex-col flex-grow\">\n<div class=\"min-h-8 text-message flex w-full flex-col items-end gap-2 whitespace-normal break-words [.text-message+&amp;]:mt-5\" dir=\"auto\" data-message-author-role=\"assistant\" data-message-id=\"f226d3fc-81f3-46d5-8c46-31787fff0357\">\n<div class=\"flex w-full flex-col gap-1 empty:hidden first:pt-[3px]\">\n<div class=\"markdown prose w-full break-words dark:prose-invert light\">\n<p><strong>Q1: Quais s\u00e3o as op\u00e7\u00f5es de nicotina dispon\u00edveis para a Vape Box WASPE 30000 Puffs?<\/strong><br \/>\nA1: Pode escolher entre os n\u00edveis de nicotina 0%, 2% ou 5% para atender \u00e0s suas prefer\u00eancias.<\/p>\n<p><strong>Q2: Quantos puffs posso obter da Vape Box WASPE 30000 Puffs?<\/strong><br \/>\nA2: Desfrute de at\u00e9 30.000 puffs no modo Regular e 15.000 puffs no modo Pulsar, proporcionando satisfa\u00e7\u00e3o duradoura.<\/p>\n<p><strong>Q3: Quais sabores s\u00e3o oferecidos para o Vape descart\u00e1vel WASPE 30000 Puffs?<\/strong><br \/>\nA3: Escolha entre uma gama emocionante de sabores como Manga e Morango, Frutos Vermelhos Mistos, Melancia Gelo, e muitos mais!<\/p>\n<p><strong>Q4: Como posso monitorizar os n\u00edveis de bateria e de e-l\u00edquido?<\/strong><br \/>\nA4: A tela LED na Vape Box WASPE mostra tanto a dura\u00e7\u00e3o da bateria quanto os n\u00edveis de e-l\u00edquido, mantendo-o informado em todos os momentos.<\/p>\n<p><strong>Q5: A Vape descart\u00e1vel WASPE 30000 Puffs \u00e9 recarreg\u00e1vel?<\/strong><br \/>\nA5: Sim, possui carregamento conveniente Tipo-C para recarregar facilmente quando necess\u00e1rio.<\/p>\n<p><strong>Q6: Qual \u00e9 a configura\u00e7\u00e3o de embalagem para pedidos em grande quantidade?<\/strong><br \/>\nA6: A Vape descart\u00e1vel WASPE 30000 Puffs est\u00e1 dispon\u00edvel para compra por atacado, ideal para clientes grossistas.<\/p>\n<p><strong>Q7: Posso adquirir a Vape descart\u00e1vel WASPE FIHP FW 30000 por atacado?<\/strong><br \/>\nA7: Com certeza! Oferecemos a Vape descart\u00e1vel WASPE FIHP FW 30000 para op\u00e7\u00f5es de compra por atacado e em grande quantidade.<\/p>\n<p><strong>Q8: Quanto custa a Vape Box WASPE 30000 Puffs para compras em grande quantidade?<\/strong><br \/>\nA8: Para detalhes de pre\u00e7os na compra em massa do Vape Descart\u00e1vel WASPE 30000 Puffs, por favor, contacte-nos diretamente.<\/p>\n<p><strong>Q9: O que torna a caixa de vape WASPE 30000 Puffs ideal para retalhistas?<\/strong><br \/>\nA9: Com a sua impressionante capacidade de tragos, variedade de sabores e design apelativo, \u00e9 uma escolha perfeita para atrair clientes.<\/p>\n<p><strong>Q10: Qual \u00e9 o peso da caixa de vape WASPE?<\/strong><br \/>\nA10: A caixa de vape WASPE \u00e9 leve, com apenas 107g, tornando-a f\u00e1cil de transportar para vaping em movimento.<\/p>\n<\/div>\n<\/div>\n<\/div>\n<\/div>\n<\/div>\n<\/div>\n<p>&nbsp;<\/p>\n<h3><\/h3>\n<h3>Sobre o Envio<\/h3>\n<div class=\"flex-shrink-0 flex flex-col relative items-end\">\n<div>\n<div class=\"pt-0\">\n<div class=\"gizmo-bot-avatar flex h-8 w-8 items-center justify-center overflow-hidden rounded-full\">\n<div><\/div>\n<div class=\"relative p-1 rounded-sm flex items-center justify-center bg-token-main-surface-primary text-token-text-primary h-8 w-8\"><strong>1. Que m\u00e9todos de envio s\u00e3o usados?<\/strong><\/div>\n<\/div>\n<\/div>\n<\/div>\n<\/div>\n<div class=\"group\/conversation-turn relative flex w-full min-w-0 flex-col agent-turn\">\n<div class=\"flex-col gap-1 md:gap-3\">\n<div class=\"flex max-w-full flex-col flex-grow\">\n<div class=\"min-h-[20px] text-message flex w-full flex-col items-end gap-2 whitespace-normal break-words [.text-message+&amp;]:mt-5 overflow-x-auto\" dir=\"auto\" data-message-author-role=\"assistant\" data-message-id=\"22f8283b-3233-46ff-89a5-c7a41b33abda\">\n<div class=\"flex w-full flex-col gap-1 empty:hidden first:pt-[3px]\">\n<div class=\"markdown prose w-full break-words dark:prose-invert light\">\n<p>Fazemos parceria com a UPS, DHL, FedEx, DPD e outras transportadoras l\u00edderes. Selecionaremos o melhor m\u00e9todo de envio com base na sua localiza\u00e7\u00e3o de entrega para garantir que receba os seus produtos o mais r\u00e1pido poss\u00edvel.<\/p>\n<\/div>\n<p><strong>2. Quanto tempo demora a chegar?<\/strong><\/p>\n<p>As encomendas enviadas para Portugal geralmente chegam dentro de 10 dias \u00fateis. O envio para pa\u00edses europeus demora geralmente cerca de 12-15 dias \u00fateis. Forneceremos atualiza\u00e7\u00f5es em tempo real sobre o estado do seu envio.<\/p>\n<\/div>\n<p><strong>3. Garantia<\/strong><\/p>\n<p><span style=\"color: #ff0000\"><strong>Todos os produtos na nossa loja t\u00eam garantia de serem 100% originais e aut\u00eanticos. Oferecemos uma compensa\u00e7\u00e3o de 10 vezes o valor por produtos falsificados!<\/strong><\/span><\/p>\n<div class=\"flex w-full flex-col gap-1 empty:hidden first:pt-[3px]\">\n<p>&nbsp;<\/p>\n<\/div>\n<\/div>\n<\/div>\n<\/div>\n<\/div>\n<p>&nbsp;<\/p>\n<p>Outros vapes em alta que talvez goste:<\/p>\n<p><a href=\"https:\/\/rmvapesale.com\/pt\/product\/uwin-crystal-10000-puff-disposable-vape-wholesale-price\/\"><strong>UWIN CRYSTAL 10000 Puff\u00a0 \u00a0<span style=\"color: #ff0000\">&gt;&gt;&gt;&gt; ir!<\/span><\/strong><\/a><\/p>\n<p><strong><a href=\"https:\/\/rmvapesale.com\/pt\/product\/aivono-aim-boom-25000-puffs-smart-screen-disposable-vape\/\">Aivono Aim Boom 25000 Puffs Tela Inteligente Puffs <span style=\"color: #ff0000\">&gt;&gt;&gt;&gt; ir!<\/span><\/a>\u00a0<\/strong><\/p>\n<p><a href=\"https:\/\/rmvapesale.com\/pt\/product\/uzy-crystal-pro-max-10k-puffs-disposable-vape-pen-wholesale\/\"><strong>UZY Crystal Pro Max 10k Puffs <span style=\"color: #ff0000\">&gt;&gt;&gt;&gt; ir!<\/span><\/strong><\/a><\/p>\n<p>&nbsp;<\/p>\n<p>&nbsp;<\/p>\n<p>Encontre mais produtos de vape que talvez goste:<strong><em><a href=\"https:\/\/rmvapesale.com\/pt\/shop-2\/\">comprar agora &gt;&gt;&gt;<\/a><\/em><\/strong><\/p>","protected":false},"excerpt":{"rendered":"<p>WAPE FIHP 30000 baforadas Vape Descart\u00e1vel Atacado<br \/>\nWAPE FIHP FW 30000 Vape Descart\u00e1vel Compra em Grande<br \/>\nWAPE FW 30000 Vape Descart\u00e1vel Sem Nicotina<\/p>\n<p><img loading=\"lazy\" decoding=\"async\" class=\"size-full wp-image-1978\" src=\"https:\/\/rmvapesale.com\/wp-content\/uploads\/2024\/09\/Disposable-Vape-Wholesale.jpg\" alt=\"Venda por grosso de vapes descart\u00e1veis\" width=\"229\" height=\"300\" \/><\/p>\n<h3><a href=\"https:\/\/wa.me\/8617776015835\"><span style=\"color: #ff0000\"><strong>WhatsApp: +86 17776015835<\/strong><\/span><\/a><\/h3>\n<p>&nbsp;<\/p>","protected":false},"featured_media":2304,"comment_status":"open","ping_status":"closed","template":"","meta":{"_uag_custom_page_level_css":"","_lmt_disableupdate":"","_lmt_disable":"","site-sidebar-layout":"default","site-content-layout":"content-boxed-container","ast-site-content-layout":"normal-width-container","site-content-style":"boxed","site-sidebar-style":"unboxed","ast-global-header-display":"","ast-banner-title-visibility":"","ast-main-header-display":"","ast-hfb-above-header-display":"","ast-hfb-below-header-display":"","ast-hfb-mobile-header-display":"","site-post-title":"","ast-breadcrumbs-content":"","ast-featured-img":"","footer-sml-layout":"","ast-disable-related-posts":"","theme-transparent-header-meta":"default","adv-header-id-meta":"","stick-header-meta":"","header-above-stick-meta":"","header-main-stick-meta":"","header-below-stick-meta":"","astra-migrate-meta-layouts":"set","ast-page-background-enabled":"default","ast-page-background-meta":{"desktop":{"background-color":"var(--ast-global-color-4)","background-image":"","background-repeat":"repeat","background-position":"center center","background-size":"auto","background-attachment":"scroll","background-type":"","background-media":"","overlay-type":"","overlay-color":"","overlay-opacity":"","overlay-gradient":""},"tablet":{"background-color":"","background-image":"","background-repeat":"repeat","background-position":"center center","background-size":"auto","background-attachment":"scroll","background-type":"","background-media":"","overlay-type":"","overlay-color":"","overlay-opacity":"","overlay-gradient":""},"mobile":{"background-color":"","background-image":"","background-repeat":"repeat","background-position":"center center","background-size":"auto","background-attachment":"scroll","background-type":"","background-media":"","overlay-type":"","overlay-color":"","overlay-opacity":"","overlay-gradient":""}},"ast-content-background-meta":{"desktop":{"background-color":"var(--ast-global-color-5)","background-image":"","background-repeat":"repeat","background-position":"center center","background-size":"auto","background-attachment":"scroll","background-type":"","background-media":"","overlay-type":"","overlay-color":"","overlay-opacity":"","overlay-gradient":""},"tablet":{"background-color":"var(--ast-global-color-5)","background-image":"","background-repeat":"repeat","background-position":"center center","background-size":"auto","background-attachment":"scroll","background-type":"","background-media":"","overlay-type":"","overlay-color":"","overlay-opacity":"","overlay-gradient":""},"mobile":{"background-color":"var(--ast-global-color-5)","background-image":"","background-repeat":"repeat","background-position":"center center","background-size":"auto","background-attachment":"scroll","background-type":"","background-media":"","overlay-type":"","overlay-color":"","overlay-opacity":"","overlay-gradient":""}},"_joinchat":[]},"product_brand":[],"product_cat":[15,27,25,123,30,26,28],"product_tag":[66,125,96,101,105,120,116],"class_list":{"0":"post-2305","1":"product","2":"type-product","3":"status-publish","4":"has-post-thumbnail","6":"product_cat-new-vape-this-week","7":"product_cat-fance-hot-sale-vape","8":"product_cat-germany-best-selling-vape","9":"product_cat-italy-wholesale-vape","10":"product_cat-minimum-order-quantity-50pcs","11":"product_cat-netherlands-hot-sale-vape","12":"product_cat-poland-hot-sale-vape","13":"product_tag-disposable-vape","14":"product_tag-disposable-vape-italy","15":"product_tag-disposable-vape-wholesale-uk","16":"product_tag-led-display-vape","17":"product_tag-nicotine-free-disposable-vape","18":"product_tag-vape-wholesale","19":"product_tag-vapes","20":"desktop-align-left","21":"tablet-align-left","22":"mobile-align-left","24":"first","25":"instock","26":"sale","27":"shipping-taxable","28":"purchasable","29":"product-type-simple"},"uagb_featured_image_src":{"full":["https:\/\/rmvapesale.com\/wp-content\/uploads\/2024\/10\/WASPE-FIHP-30000-puffs-Tornado-vape-Wholesale-Price.jpg",808,808,false],"thumbnail":["https:\/\/rmvapesale.com\/wp-content\/uploads\/2024\/10\/WASPE-FIHP-30000-puffs-Tornado-vape-Wholesale-Price-150x150.jpg",150,150,true],"medium":["https:\/\/rmvapesale.com\/wp-content\/uploads\/2024\/10\/WASPE-FIHP-30000-puffs-Tornado-vape-Wholesale-Price-300x300.jpg",300,300,true],"medium_large":["https:\/\/rmvapesale.com\/wp-content\/uploads\/2024\/10\/WASPE-FIHP-30000-puffs-Tornado-vape-Wholesale-Price-768x768.jpg",768,768,true],"large":["https:\/\/rmvapesale.com\/wp-content\/uploads\/2024\/10\/WASPE-FIHP-30000-puffs-Tornado-vape-Wholesale-Price.jpg",808,808,false],"1536x1536":["https:\/\/rmvapesale.com\/wp-content\/uploads\/2024\/10\/WASPE-FIHP-30000-puffs-Tornado-vape-Wholesale-Price.jpg",808,808,false],"2048x2048":["https:\/\/rmvapesale.com\/wp-content\/uploads\/2024\/10\/WASPE-FIHP-30000-puffs-Tornado-vape-Wholesale-Price.jpg",808,808,false],"trp-custom-language-flag":["https:\/\/rmvapesale.com\/wp-content\/uploads\/2024\/10\/WASPE-FIHP-30000-puffs-Tornado-vape-Wholesale-Price.jpg",12,12,false],"woocommerce_thumbnail":["https:\/\/rmvapesale.com\/wp-content\/uploads\/2024\/10\/WASPE-FIHP-30000-puffs-Tornado-vape-Wholesale-Price-300x300.jpg",300,300,true],"woocommerce_single":["https:\/\/rmvapesale.com\/wp-content\/uploads\/2024\/10\/WASPE-FIHP-30000-puffs-Tornado-vape-Wholesale-Price-600x600.jpg",600,600,true],"woocommerce_gallery_thumbnail":["https:\/\/rmvapesale.com\/wp-content\/uploads\/2024\/10\/WASPE-FIHP-30000-puffs-Tornado-vape-Wholesale-Price-100x100.jpg",100,100,true],"wcpr-photo-reviews":["https:\/\/rmvapesale.com\/wp-content\/uploads\/2024\/10\/WASPE-FIHP-30000-puffs-Tornado-vape-Wholesale-Price.jpg",500,500,false]},"uagb_author_info":{"display_name":"AMY","author_link":"https:\/\/rmvapesale.com\/pt\/author\/"},"uagb_comment_info":0,"uagb_excerpt":"WASPE FIHP 30000 Puffs Disposable Vape Wholesale WASPE FIHP FW 30000 Disposable Vape Bulk Buy WASPE FW 30000 Disposable Vape Box Nicotine Free WhatsApp: +86 17776015835 &nbsp;","_links":{"self":[{"href":"https:\/\/rmvapesale.com\/pt\/wp-json\/wp\/v2\/product\/2305","targetHints":{"allow":["GET"]}}],"collection":[{"href":"https:\/\/rmvapesale.com\/pt\/wp-json\/wp\/v2\/product"}],"about":[{"href":"https:\/\/rmvapesale.com\/pt\/wp-json\/wp\/v2\/types\/product"}],"replies":[{"embeddable":true,"href":"https:\/\/rmvapesale.com\/pt\/wp-json\/wp\/v2\/comments?post=2305"}],"wp:featuredmedia":[{"embeddable":true,"href":"https:\/\/rmvapesale.com\/pt\/wp-json\/wp\/v2\/media\/2304"}],"wp:attachment":[{"href":"https:\/\/rmvapesale.com\/pt\/wp-json\/wp\/v2\/media?parent=2305"}],"wp:term":[{"taxonomy":"product_brand","embeddable":true,"href":"https:\/\/rmvapesale.com\/pt\/wp-json\/wp\/v2\/product_brand?post=2305"},{"taxonomy":"product_cat","embeddable":true,"href":"https:\/\/rmvapesale.com\/pt\/wp-json\/wp\/v2\/product_cat?post=2305"},{"taxonomy":"product_tag","embeddable":true,"href":"https:\/\/rmvapesale.com\/pt\/wp-json\/wp\/v2\/product_tag?post=2305"}],"curies":[{"name":"wp","href":"https:\/\/api.w.org\/{rel}","templated":true}]}}