{"id":2320,"date":"2024-10-10T01:23:26","date_gmt":"2024-10-10T01:23:26","guid":{"rendered":"https:\/\/rmvapesale.com\/?post_type=product&#038;p=2320"},"modified":"2024-10-10T09:25:15","modified_gmt":"2024-10-10T09:25:15","slug":"elf-box-digital-12000-puffs-led-display-disposable-vape","status":"publish","type":"product","link":"https:\/\/rmvapesale.com\/pt\/product\/elf-box-digital-12000-puffs-led-display-disposable-vape\/","title":{"rendered":"ELF BOX Digital 12000 Puffs Vape Descart\u00e1vel com Ecr\u00e3 LED"},"content":{"rendered":"<div class=\"B2VR9 CJHX3e\">\n<div class=\"wyccme\">\n<h1 class=\"LC20lb MBeuO DKV0Md\">ELF BOX Digital 12000 Puffs Display LED Vape Descart\u00e1vel Compra em Grande Quantidade<\/h1>\n<div class=\"flex-shrink-0 flex flex-col relative items-end\">\n<div>\n<div class=\"pt-0\">\n<div class=\"gizmo-bot-avatar flex h-8 w-8 items-center justify-center overflow-hidden rounded-full\">\n<div class=\"relative p-1 rounded-sm flex items-center justify-center bg-token-main-surface-primary text-token-text-primary h-8 w-8\">\n<p>Prepare-se para elevar o seu n\u00edvel de vaping com o <strong>ELF BOX Digital 12000 Puffs Vape Descart\u00e1vel com Ecr\u00e3 LED<\/strong>! Este vape oferece uma incr\u00edvel <strong>12.000 puffs<\/strong>, proporcionando satisfa\u00e7\u00e3o duradoura sem necessidade de substitui\u00e7\u00f5es constantes. Perfeito para uso di\u00e1rio, \u00e9 projetado para conveni\u00eancia e desempenho.<\/p>\n<p>Com uma <strong>Capacidade de e-l\u00edquido de 23ml<\/strong> e um <strong>bobina de malha de 0.8ohm<\/strong>, espere toques suaves e saborosos a cada vaporiza\u00e7\u00e3o. Escolha entre <strong>0%, 2%, 3% ou 5% de nicotina<\/strong> para personalizar a sua experi\u00eancia exatamente ao seu gosto.<\/p>\n<p>O <strong>visor digital LED<\/strong> integrado <strong>mant\u00e9m-no informado sobre a dura\u00e7\u00e3o da bateria e os n\u00edveis de e-l\u00edquido, para que esteja sempre no controle. Al\u00e9m disso, com uma<\/strong> e <strong>carregamento Tipo-C<\/strong>bateria recarreg\u00e1vel de 500mAh<\/p>\n<p>, pode recarregar rapidamente e continuar a vaporizar o dia todo. <strong>Ideal para compradores em grande quantidade, o<\/strong> ELF BOX Digital 12000<\/p>\n<p>\u00e9 perfeito para quem deseja desempenho de topo num pacote elegante e f\u00e1cil de usar. Fa\u00e7a stock agora e ofere\u00e7a aos seus clientes um vape que ir\u00e3o adorar! <strong>Encomende o seu<\/strong> ELF BOX Digital 12000 Vape Descart\u00e1vel com Display LED Compra em Grande Quantidade<\/p>\n<p>&nbsp;<\/p>\n<\/div>\n<\/div>\n<\/div>\n<\/div>\n<\/div>\n<\/div>\n<\/div>\n<p><strong>Contacte a Amy para obter a resposta certa e mais v\u00eddeos do produto!<\/strong><\/p>\n<p><img loading=\"lazy\" decoding=\"async\" class=\"size-full wp-image-1978\" src=\"https:\/\/rmvapesale.com\/wp-content\/uploads\/2024\/09\/Disposable-Vape-Wholesale.jpg\" alt=\"Venda por grosso de vapes descart\u00e1veis\" width=\"229\" height=\"300\" \/><\/p>\n<h3><a href=\"https:\/\/wa.me\/8617776015835\" target=\"_blank\" rel=\"noopener\"><span style=\"color: #ff0000\"><strong>WhatsApp: +86 17776015835<\/strong><\/span><\/a><\/h3>\n<p>&nbsp;<\/p>\n<h2><\/h2>\n<h2><strong>hoje e adicione este dispositivo indispens\u00e1vel ao seu invent\u00e1rio!<\/strong><\/h2>\n<p>&nbsp;<\/p>\n<ul>\n<li><strong>Elevada Contagem de Puffs<\/strong>ELF BOX Digital 12000 Puffs Caracter\u00edsticas Principais do Vape<\/li>\n<li><strong>Capacidade de E-L\u00edquido<\/strong>: Com um tanque de 23ml, pode vaporizar por mais tempo sem precisar de recargas frequentes.<\/li>\n<li><strong>Bateria Recarreg\u00e1vel<\/strong>: Alimentado por uma bateria de 500mAh, garantindo desempenho duradouro e recarga f\u00e1cil.<\/li>\n<li><strong>Carregamento Tipo-C<\/strong>: Recarregue de forma r\u00e1pida e eficiente usando o conector moderno Type-C.<\/li>\n<li><strong>Tecnologia de Resist\u00eancia Mesh<\/strong>: Experimente um sabor aprimorado e produ\u00e7\u00e3o de vapor suave com a resist\u00eancia de malha de 0.8ohm.<\/li>\n<li><strong>Visor Digital<\/strong>: Mantenha-se atualizado com um visor digital inteligente que mostra os n\u00edveis de bateria e de e-l\u00edquido.<\/li>\n<li><strong>Op\u00e7\u00f5es de Nicotina<\/strong>: Dispon\u00edvel em for\u00e7as de nicotina 0%, 2%, 3% e 5% para atender \u00e0s suas necessidades de vaping.<\/li>\n<\/ul>\n<h2><\/h2>\n<h2><strong>Sabor principal para ELF BOX Digital 12000 Puffs Cigarros Electr\u00f3nicos\u00a0<\/strong><\/h2>\n<p>O ELF BOX Digital 12000 Puffs Vape descart\u00e1vel com visor LED oferece 12 sabores deliciosos, escolha entre uma variedade de sabores, incluindo menta refrescante cl\u00e1ssica e o doce ex\u00f3tico da uva, cada um prometendo uma jornada rica e satisfat\u00f3ria a cada tragada.<\/p>\n<p>1.Melancia Gelada <span style=\"color: #ff0000\"><strong>&gt;&gt;&gt;&gt; Quente!<\/strong><\/span><br \/>\n2.Strawberry Ice<br \/>\n3. Blue Razz Ice<br \/>\n4. Cherry Cola <span style=\"color: #ff0000\"><strong>&gt;&gt;&gt;&gt; Quente!<\/strong><\/span><br \/>\n5. Strawberry Blast<br \/>\n6. Coconut Melon<br \/>\n7. Kiwi Passion Fruit<br \/>\n8. Fruta Mista <span style=\"color: #ff0000\"><strong>&gt;&gt;&gt;&gt; O Melhor!<\/strong><\/span><br \/>\n9. Blueberry Sour Raspberry<br \/>\n10. Double Apple<br \/>\n11. Strawberry Watermelon<br \/>\n12. Pastilha El\u00e1stica de Melancia<br \/>\n13.P\u00eassego Gelo<br \/>\n14. Strawberry Banana<br \/>\n15.Sr. Azul<br \/>\n16. Blackberry Ice<br \/>\n17. Mango Ice<br \/>\n18. Grape Ice<br \/>\n19. Frutos Vermelhos de P\u00eassego<br \/>\n20. Morango Kiwi Fruta<\/p>\n<figure id=\"attachment_2327\" aria-describedby=\"caption-attachment-2327\" style=\"width: 300px\" class=\"wp-caption alignnone\"><img loading=\"lazy\" decoding=\"async\" class=\"size-medium wp-image-2327\" src=\"https:\/\/rmvapesale.com\/wp-content\/uploads\/2024\/10\/Vape-Elf-Box-12000-Puffs-12K-E-cigarette-300x225.jpg\" alt=\"Vape Elf Box 12000 Puffs 12K E-cigarette\" width=\"300\" height=\"225\" srcset=\"https:\/\/rmvapesale.com\/wp-content\/uploads\/2024\/10\/Vape-Elf-Box-12000-Puffs-12K-E-cigarette-300x225.jpg 300w, https:\/\/rmvapesale.com\/wp-content\/uploads\/2024\/10\/Vape-Elf-Box-12000-Puffs-12K-E-cigarette-768x576.jpg 768w, https:\/\/rmvapesale.com\/wp-content\/uploads\/2024\/10\/Vape-Elf-Box-12000-Puffs-12K-E-cigarette-600x450.jpg 600w, https:\/\/rmvapesale.com\/wp-content\/uploads\/2024\/10\/Vape-Elf-Box-12000-Puffs-12K-E-cigarette.jpg 808w\" sizes=\"auto, (max-width: 300px) 100vw, 300px\" \/><figcaption id=\"caption-attachment-2327\" class=\"wp-caption-text\">Vape Elf Box 12000 Puffs 12K E-cigarette<\/figcaption><\/figure>\n<p>&nbsp;<\/p>\n<h3>Por que escolher a Rmvapesale para o seu ELF BOX Digital 12000 Puffs Display de LED Vape Descart\u00e1vel?<\/h3>\n<div class=\"flex-shrink-0 flex flex-col relative items-end\">\n<div>\n<div class=\"pt-0\">\n<div class=\"gizmo-bot-avatar flex h-8 w-8 items-center justify-center overflow-hidden rounded-full\">\n<div class=\"relative p-1 rounded-sm flex items-center justify-center bg-token-main-surface-primary text-token-text-primary h-8 w-8\">\n<p>&nbsp;<\/p>\n<p>Ao escolher a Rmvapesale para as suas necessidades de vape descart\u00e1vel por atacado, beneficiar\u00e1 de:<\/p>\n<ul>\n<li><strong>Pre\u00e7o Competitivo<\/strong>: Tenha acesso a pre\u00e7os atrativos de atacado que aumentam as margens do seu neg\u00f3cio.<\/li>\n<li><strong>Alta Qualidade<\/strong>: Os nossos vapes s\u00e3o fabricados com os mais altos padr\u00f5es e <span style=\"color: #ff0000\"><strong>t\u00eam 100% de garantia de serem originais e aut\u00eanticos, ou uma compensa\u00e7\u00e3o de 10 vezes ser\u00e1 fornecida por produtos falsificados!<\/strong><\/span><\/li>\n<li><strong>Excelente Apoio ao Cliente<\/strong>: A nossa equipa dedicada est\u00e1 sempre pronta para o ajudar, tornando o seu processo de compra suave e sem complica\u00e7\u00f5es.<\/li>\n<li><strong>R\u00e1pido<\/strong>: Conte com uma entrega r\u00e1pida e fi\u00e1vel, garantindo que as suas encomendas cheguem a tempo, sempre.<\/li>\n<\/ul>\n<h3><\/h3>\n<h3><b>FAQs<\/b><\/h3>\n<p>&nbsp;<\/p>\n<\/div>\n<\/div>\n<\/div>\n<\/div>\n<\/div>\n<div class=\"group\/conversation-turn relative flex w-full min-w-0 flex-col agent-turn\">\n<div class=\"flex-col gap-1 md:gap-3\">\n<div class=\"flex max-w-full flex-col flex-grow\">\n<div class=\"min-h-8 text-message flex w-full flex-col items-end gap-2 whitespace-normal break-words [.text-message+&amp;]:mt-5\" dir=\"auto\" data-message-author-role=\"assistant\" data-message-id=\"f226d3fc-81f3-46d5-8c46-31787fff0357\">\n<div class=\"flex w-full flex-col gap-1 empty:hidden first:pt-[3px]\">\n<div class=\"markdown prose w-full break-words dark:prose-invert light\">\n<p><strong>Q1: Quantos puffs posso obter do ELF Box Digital 12000 Puffs Vape Descart\u00e1vel?<\/strong><br \/>\nA1: O <strong>ELF Box Digital 12000 Puffs Vape Descart\u00e1vel<\/strong> oferece at\u00e9 <strong>12.000 puffs<\/strong>, proporcionando uma experi\u00eancia de vaping prolongada sem necessidade de substitui\u00e7\u00f5es frequentes.<\/p>\n<p><strong>Q2: Quais sabores est\u00e3o dispon\u00edveis para o ELF Box Digital 12k E-cigarette por atacado?<\/strong><br \/>\nA2: Pode desfrutar de 20 sabores emocionantes, incluindo <strong>Gelo de Melancia<\/strong>, <strong>Morango Banana<\/strong>, <strong>Blue Razz Ice<\/strong>, <strong>Gelo de Manga<\/strong>e <strong>Grape Ice<\/strong>, s\u00f3 para citar alguns. H\u00e1 um sabor para cada prefer\u00eancia!<\/p>\n<p><strong>Q3: Qual \u00e9 a capacidade de l\u00edquido eletr\u00f3nico na ELF Box Digital Box 12000 Puffs Vape descart\u00e1vel?<\/strong><br \/>\nA3: Este dispositivo vem com uma capacidade generosa <strong>Capacidade de e-l\u00edquido de 23ml<\/strong>, garantindo uso duradouro sem necessidade de recargas frequentes.<\/p>\n<p><strong>Q4: Quais s\u00e3o as concentra\u00e7\u00f5es de nicotina dispon\u00edveis na ELF Box Digital 12000 Puffs E-Cigarro?<\/strong><br \/>\nA4: Pode escolher entre <strong>n\u00edveis de nicotina 0%, 2%, 3% ou 5%<\/strong>, facilitando a escolha da intensidade certa para o seu estilo de vaping.<\/p>\n<p><strong>Q5: Como funciona o visor digital no ELF Box Digital Box 12k Vape descart\u00e1vel?<\/strong><br \/>\nA5: O <strong>ecr\u00e3 digital inteligente<\/strong> permite monitorizar tanto os n\u00edveis de bateria como de l\u00edquido eletr\u00f3nico, garantindo que nunca seja apanhado desprevenido.<\/p>\n<p><strong>Q6: O ELF Box Digital 12k E-Cigarro \u00e9 recarreg\u00e1vel?<\/strong><br \/>\nA6: Sim, o dispositivo possui uma <strong>mant\u00e9m-no informado sobre a dura\u00e7\u00e3o da bateria e os n\u00edveis de e-l\u00edquido, para que esteja sempre no controle. Al\u00e9m disso, com uma<\/strong> e um <strong>porta de carregamento Tipo-C<\/strong> para carregamento r\u00e1pido e eficiente.<\/p>\n<p><strong>Q7: Posso adquirir o ELF Box Digital 12000 Puffs Vape descart\u00e1vel em quantidade?<\/strong><br \/>\nA7: Com certeza! <strong>Op\u00e7\u00f5es de compra por atacado do ELF Box Digital 12000 Puffs Vape descart\u00e1vel<\/strong> est\u00e3o dispon\u00edveis para quem deseja fazer stock em grande quantidade e aproveitar pre\u00e7os competitivos.<\/p>\n<p><strong>Q8: Que tecnologia de bobina utiliza o ELF Box Digital Box 12k?<\/strong><br \/>\nA8: Utiliza uma <strong>bobina de malha de 0.8ohm<\/strong> para um sabor aprimorado e produ\u00e7\u00e3o de vapor suave, garantindo uma experi\u00eancia de vaporiza\u00e7\u00e3o satisfat\u00f3ria.<\/p>\n<\/div>\n<\/div>\n<\/div>\n<\/div>\n<\/div>\n<\/div>\n<p>&nbsp;<\/p>\n<h3><\/h3>\n<h3>Sobre o Envio<\/h3>\n<div class=\"flex-shrink-0 flex flex-col relative items-end\">\n<div>\n<div class=\"pt-0\">\n<div class=\"gizmo-bot-avatar flex h-8 w-8 items-center justify-center overflow-hidden rounded-full\">\n<div><\/div>\n<div class=\"relative p-1 rounded-sm flex items-center justify-center bg-token-main-surface-primary text-token-text-primary h-8 w-8\"><strong>1. Que m\u00e9todos de envio s\u00e3o usados?<\/strong><\/div>\n<\/div>\n<\/div>\n<\/div>\n<\/div>\n<div class=\"group\/conversation-turn relative flex w-full min-w-0 flex-col agent-turn\">\n<div class=\"flex-col gap-1 md:gap-3\">\n<div class=\"flex max-w-full flex-col flex-grow\">\n<div class=\"min-h-[20px] text-message flex w-full flex-col items-end gap-2 whitespace-normal break-words [.text-message+&amp;]:mt-5 overflow-x-auto\" dir=\"auto\" data-message-author-role=\"assistant\" data-message-id=\"22f8283b-3233-46ff-89a5-c7a41b33abda\">\n<div class=\"flex w-full flex-col gap-1 empty:hidden first:pt-[3px]\">\n<div class=\"markdown prose w-full break-words dark:prose-invert light\">\n<p>Fazemos parceria com a UPS, DHL, FedEx, DPD e outras transportadoras l\u00edderes. Selecionaremos o melhor m\u00e9todo de envio com base na sua localiza\u00e7\u00e3o de entrega para garantir que receba os seus produtos o mais r\u00e1pido poss\u00edvel.<\/p>\n<\/div>\n<p><strong>2. Quanto tempo demora a chegar?<\/strong><\/p>\n<p>As encomendas enviadas para Portugal geralmente chegam dentro de 10 dias \u00fateis. O envio para pa\u00edses europeus demora geralmente cerca de 12-15 dias \u00fateis. Forneceremos atualiza\u00e7\u00f5es em tempo real sobre o estado do seu envio.<\/p>\n<\/div>\n<\/div>\n<\/div>\n<\/div>\n<\/div>\n<p>&nbsp;<\/p>\n<p>Outros vapes em alta que talvez goste:<\/p>\n<p><a href=\"https:\/\/rmvapesale.com\/pt\/product\/waspe-12000-puffs-disposable-vape-pen\/\"><strong>WASPE 12000 Baforadas\u00a0 \u00a0<span style=\"color: #ff0000\">&gt;&gt;&gt;&gt; ir!<\/span><\/strong><\/a><\/p>\n<p><strong><a href=\"https:\/\/rmvapesale.com\/pt\/product\/waspe-fihp-30000-puffs-led-display-disposable-vape-box\/\">WASPE FIHP 30000 Puffs <span style=\"color: #ff0000\">&gt;&gt;&gt;&gt; ir!<\/span><\/a>\u00a0<\/strong><\/p>\n<h2 class=\"woocommerce-loop-product__title\"><a style=\"font-size: 16px\" href=\"https:\/\/rmvapesale.com\/pt\/product\/bang-box-30000-puff-double-taste-smart-screen-disposable-vape-wholesale\/\"><strong>Bang Box 30000 Puff Duplo Sabor <span style=\"color: #ff0000\">&gt;&gt;&gt;&gt; ir!<\/span><\/strong><\/a><\/h2>\n<p>&nbsp;<\/p>\n<p>&nbsp;<\/p>\n<p>Encontre mais produtos de vape que talvez goste:<strong><em><a href=\"https:\/\/rmvapesale.com\/pt\/shop-2\/\">comprar agora &gt;&gt;&gt;<\/a><\/em><\/strong><\/p>","protected":false},"excerpt":{"rendered":"<p>ELF Box Digital 12000 Puffs 0% 2% 3% 5% Baixo Teor de Nicotina<br \/>\nCaixa Digital ELF BOX 12000 Puffs Cigarros Electr\u00f3nicos Descart\u00e1veis<br \/>\nOp\u00e7\u00f5es de compra por atacado do ELF Box Digital 12000 Puffs Vape descart\u00e1vel<\/p>\n<p><img loading=\"lazy\" decoding=\"async\" class=\"size-full wp-image-1978\" src=\"https:\/\/rmvapesale.com\/wp-content\/uploads\/2024\/09\/Disposable-Vape-Wholesale.jpg\" alt=\"Venda por grosso de vapes descart\u00e1veis\" width=\"229\" height=\"300\" \/><\/p>\n<h3><a href=\"https:\/\/wa.me\/8617776015835\"><span style=\"color: #ff0000\"><strong>WhatsApp: +86 17776015835<\/strong><\/span><\/a><\/h3>\n<p>&nbsp;<\/p>","protected":false},"featured_media":2325,"comment_status":"open","ping_status":"closed","template":"","meta":{"_uag_custom_page_level_css":"","_lmt_disableupdate":"","_lmt_disable":"","site-sidebar-layout":"default","site-content-layout":"content-boxed-container","ast-site-content-layout":"normal-width-container","site-content-style":"boxed","site-sidebar-style":"unboxed","ast-global-header-display":"","ast-banner-title-visibility":"","ast-main-header-display":"","ast-hfb-above-header-display":"","ast-hfb-below-header-display":"","ast-hfb-mobile-header-display":"","site-post-title":"","ast-breadcrumbs-content":"","ast-featured-img":"","footer-sml-layout":"","ast-disable-related-posts":"","theme-transparent-header-meta":"default","adv-header-id-meta":"","stick-header-meta":"","header-above-stick-meta":"","header-main-stick-meta":"","header-below-stick-meta":"","astra-migrate-meta-layouts":"set","ast-page-background-enabled":"default","ast-page-background-meta":{"desktop":{"background-color":"var(--ast-global-color-4)","background-image":"","background-repeat":"repeat","background-position":"center center","background-size":"auto","background-attachment":"scroll","background-type":"","background-media":"","overlay-type":"","overlay-color":"","overlay-opacity":"","overlay-gradient":""},"tablet":{"background-color":"","background-image":"","background-repeat":"repeat","background-position":"center center","background-size":"auto","background-attachment":"scroll","background-type":"","background-media":"","overlay-type":"","overlay-color":"","overlay-opacity":"","overlay-gradient":""},"mobile":{"background-color":"","background-image":"","background-repeat":"repeat","background-position":"center center","background-size":"auto","background-attachment":"scroll","background-type":"","background-media":"","overlay-type":"","overlay-color":"","overlay-opacity":"","overlay-gradient":""}},"ast-content-background-meta":{"desktop":{"background-color":"var(--ast-global-color-5)","background-image":"","background-repeat":"repeat","background-position":"center center","background-size":"auto","background-attachment":"scroll","background-type":"","background-media":"","overlay-type":"","overlay-color":"","overlay-opacity":"","overlay-gradient":""},"tablet":{"background-color":"var(--ast-global-color-5)","background-image":"","background-repeat":"repeat","background-position":"center center","background-size":"auto","background-attachment":"scroll","background-type":"","background-media":"","overlay-type":"","overlay-color":"","overlay-opacity":"","overlay-gradient":""},"mobile":{"background-color":"var(--ast-global-color-5)","background-image":"","background-repeat":"repeat","background-position":"center center","background-size":"auto","background-attachment":"scroll","background-type":"","background-media":"","overlay-type":"","overlay-color":"","overlay-opacity":"","overlay-gradient":""}},"_joinchat":[]},"product_brand":[],"product_cat":[15,60,128,27,25,123,30,26,28],"product_tag":[66,125,126,129,101,105,120],"class_list":{"0":"post-2320","1":"product","2":"type-product","3":"status-publish","4":"has-post-thumbnail","6":"product_cat-new-vape-this-week","7":"product_cat-bang-vapes","8":"product_cat-elf-box-disposable-vapes","9":"product_cat-fance-hot-sale-vape","10":"product_cat-germany-best-selling-vape","11":"product_cat-italy-wholesale-vape","12":"product_cat-minimum-order-quantity-50pcs","13":"product_cat-netherlands-hot-sale-vape","14":"product_cat-poland-hot-sale-vape","15":"product_tag-disposable-vape","16":"product_tag-disposable-vape-italy","17":"product_tag-e-cigarettes","18":"product_tag-elf-box-vape","19":"product_tag-led-display-vape","20":"product_tag-nicotine-free-disposable-vape","21":"product_tag-vape-wholesale","22":"desktop-align-left","23":"tablet-align-left","24":"mobile-align-left","26":"first","27":"instock","28":"sale","29":"shipping-taxable","30":"purchasable","31":"product-type-simple"},"uagb_featured_image_src":{"full":["https:\/\/rmvapesale.com\/wp-content\/uploads\/2024\/10\/ELF-Box-Digital-12000-Puffs-Disposable.jpg",808,808,false],"thumbnail":["https:\/\/rmvapesale.com\/wp-content\/uploads\/2024\/10\/ELF-Box-Digital-12000-Puffs-Disposable-150x150.jpg",150,150,true],"medium":["https:\/\/rmvapesale.com\/wp-content\/uploads\/2024\/10\/ELF-Box-Digital-12000-Puffs-Disposable-300x300.jpg",300,300,true],"medium_large":["https:\/\/rmvapesale.com\/wp-content\/uploads\/2024\/10\/ELF-Box-Digital-12000-Puffs-Disposable-768x768.jpg",768,768,true],"large":["https:\/\/rmvapesale.com\/wp-content\/uploads\/2024\/10\/ELF-Box-Digital-12000-Puffs-Disposable.jpg",808,808,false],"1536x1536":["https:\/\/rmvapesale.com\/wp-content\/uploads\/2024\/10\/ELF-Box-Digital-12000-Puffs-Disposable.jpg",808,808,false],"2048x2048":["https:\/\/rmvapesale.com\/wp-content\/uploads\/2024\/10\/ELF-Box-Digital-12000-Puffs-Disposable.jpg",808,808,false],"trp-custom-language-flag":["https:\/\/rmvapesale.com\/wp-content\/uploads\/2024\/10\/ELF-Box-Digital-12000-Puffs-Disposable.jpg",12,12,false],"woocommerce_thumbnail":["https:\/\/rmvapesale.com\/wp-content\/uploads\/2024\/10\/ELF-Box-Digital-12000-Puffs-Disposable-300x300.jpg",300,300,true],"woocommerce_single":["https:\/\/rmvapesale.com\/wp-content\/uploads\/2024\/10\/ELF-Box-Digital-12000-Puffs-Disposable-600x600.jpg",600,600,true],"woocommerce_gallery_thumbnail":["https:\/\/rmvapesale.com\/wp-content\/uploads\/2024\/10\/ELF-Box-Digital-12000-Puffs-Disposable-100x100.jpg",100,100,true],"wcpr-photo-reviews":["https:\/\/rmvapesale.com\/wp-content\/uploads\/2024\/10\/ELF-Box-Digital-12000-Puffs-Disposable.jpg",500,500,false]},"uagb_author_info":{"display_name":"AMY","author_link":"https:\/\/rmvapesale.com\/pt\/author\/"},"uagb_comment_info":0,"uagb_excerpt":"ELF Box Digital 12000 Puffs 0% 2% 3% 5% Low Nicotine ELF BOX Digital Box 12000 Puffs Disposable E Cigarettes ELF Box Digital 12000 Puffs Disposable Vape Wholesale WhatsApp: +86 17776015835 &nbsp;","_links":{"self":[{"href":"https:\/\/rmvapesale.com\/pt\/wp-json\/wp\/v2\/product\/2320","targetHints":{"allow":["GET"]}}],"collection":[{"href":"https:\/\/rmvapesale.com\/pt\/wp-json\/wp\/v2\/product"}],"about":[{"href":"https:\/\/rmvapesale.com\/pt\/wp-json\/wp\/v2\/types\/product"}],"replies":[{"embeddable":true,"href":"https:\/\/rmvapesale.com\/pt\/wp-json\/wp\/v2\/comments?post=2320"}],"wp:featuredmedia":[{"embeddable":true,"href":"https:\/\/rmvapesale.com\/pt\/wp-json\/wp\/v2\/media\/2325"}],"wp:attachment":[{"href":"https:\/\/rmvapesale.com\/pt\/wp-json\/wp\/v2\/media?parent=2320"}],"wp:term":[{"taxonomy":"product_brand","embeddable":true,"href":"https:\/\/rmvapesale.com\/pt\/wp-json\/wp\/v2\/product_brand?post=2320"},{"taxonomy":"product_cat","embeddable":true,"href":"https:\/\/rmvapesale.com\/pt\/wp-json\/wp\/v2\/product_cat?post=2320"},{"taxonomy":"product_tag","embeddable":true,"href":"https:\/\/rmvapesale.com\/pt\/wp-json\/wp\/v2\/product_tag?post=2320"}],"curies":[{"name":"wp","href":"https:\/\/api.w.org\/{rel}","templated":true}]}}