{"id":2329,"date":"2024-10-10T09:22:12","date_gmt":"2024-10-10T09:22:12","guid":{"rendered":"https:\/\/rmvapesale.com\/?post_type=product&#038;p=2329"},"modified":"2024-10-22T07:41:39","modified_gmt":"2024-10-22T07:41:39","slug":"bang-box-30000-puff-double-taste-smart-screen-disposable-vape","status":"publish","type":"product","link":"https:\/\/rmvapesale.com\/pt\/product\/bang-box-30000-puff-double-taste-smart-screen-disposable-vape\/","title":{"rendered":"Bang Box 30000 Puff Vape Descart\u00e1vel com Ecr\u00e3 Inteligente de Sabor Duplo"},"content":{"rendered":"<div class=\"B2VR9 CJHX3e\">\n<div class=\"wyccme\">\n<h1 class=\"LC20lb MBeuO DKV0Md\">Bang Box 30000 Puffs Vape Descart\u00e1vel de Duplo Sabor com Tela Inteligente Atacado<\/h1>\n<div class=\"flex-shrink-0 flex flex-col relative items-end\">\n<div>\n<div class=\"pt-0\">\n<div class=\"gizmo-bot-avatar flex h-8 w-8 items-center justify-center overflow-hidden rounded-full\">\n<div class=\"relative p-1 rounded-sm flex items-center justify-center bg-token-main-surface-primary text-token-text-primary h-8 w-8\">\n<p>Procurando o vape definitivo com capacidade massiva? O <strong>Bang Box 30000 Puff Vape Descart\u00e1vel com Ecr\u00e3 Inteligente de Sabor Duplo<\/strong> tem tudo o que precisa! Com impressionantes 30.000 puffs, este dispositivo garante que ir\u00e1 vaping durante dias\u2014literalmente.<\/p>\n<p>Recheado com <strong>36ml de l\u00edquido de vaporizador<\/strong> e alimentado por uma <strong>bateria recarreg\u00e1vel de 550mAh<\/strong>, o Bang Box foi desenhado para um desempenho duradouro. Possui uma <strong>bobina de malha<\/strong>, garantindo sabor suave e rico a cada puff. O <strong>cURL Too many subrequests.<\/strong> mant\u00e9m-no informado, mostrando a dura\u00e7\u00e3o da bateria e os n\u00edveis de e-l\u00edquido de um olhar, sem surpresas!<\/p>\n<p>Com <strong>nicotina livre<\/strong> op\u00e7\u00f5es como 0%, <strong>Nicotina baixa <\/strong>op\u00e7\u00f5es como 2%, e outras nicotinas como 3%, e 5%, pode escolher a intensidade que combina com o seu estilo. E n\u00e3o podemos esquecer a empolgante <strong>recurso de Duplo Sabor<\/strong>\u2014 oferecendo o dobro do sabor num s\u00f3 dispositivo para uma experi\u00eancia incompar\u00e1vel!<\/p>\n<p>Carregue facilmente com a <strong>Tipo-C<\/strong> porta, e estar\u00e1 pronto para usar novamente. O <strong>Bang Box 30000 Puff<\/strong> \u00e9 perfeito para compradores por atacado que procuram oferecer aos clientes algo que seja potente e cheio de sabor.<\/p>\n<p>Fa\u00e7a stock agora e aproveite as vantagens de <strong>Bang Box 30000 Puffs Vape Descart\u00e1vel de Duplo Sabor com Tela Inteligente Atacado<\/strong>!<\/p>\n<p>&nbsp;<\/p>\n<\/div>\n<\/div>\n<\/div>\n<\/div>\n<\/div>\n<\/div>\n<\/div>\n<p><strong>Contacte a Amy para obter a resposta certa e mais v\u00eddeos do produto!<\/strong><\/p>\n<p><img loading=\"lazy\" decoding=\"async\" class=\"size-full wp-image-1978\" src=\"https:\/\/rmvapesale.com\/wp-content\/uploads\/2024\/09\/Disposable-Vape-Wholesale.jpg\" alt=\"Venda por grosso de vapes descart\u00e1veis\" width=\"229\" height=\"300\" \/><\/p>\n<h3><a href=\"https:\/\/wa.me\/8617776015835\" target=\"_blank\" rel=\"noopener\"><span style=\"color: #ff0000\"><strong>WhatsApp: +86 17776015835<\/strong><\/span><\/a><\/h3>\n<p>&nbsp;<\/p>\n<h2><\/h2>\n<h2><strong>Bang Box 30000 Puff Vape de Duplo Sabor - Caracter\u00edsticas principais<\/strong><\/h2>\n<p>&nbsp;<\/p>\n<ul>\n<li><strong>Elevada Contagem de Puffs<\/strong>: Desfrute de at\u00e9 30.000 puffs, tornando-o perfeito para vaping di\u00e1rio sem substitui\u00e7\u00f5es constantes.<\/li>\n<li><strong>Grande Capacidade de L\u00edquido<\/strong>: Com um tanque de 35ml, este vape minimiza a necessidade de recargas frequentes, oferecendo uso prolongado.<\/li>\n<li><strong>Bateria Recarreg\u00e1vel<\/strong>: Equipado com uma bateria de 850mAh, garante desempenho duradouro e recarga f\u00e1cil.<\/li>\n<li><strong>Carregamento Tipo-C<\/strong>: Carregue r\u00e1pida e convenientemente usando o conector moderno Type-C.<\/li>\n<li><strong>Tecnologia de Bobina de Malha Dupla<\/strong>: Experimente um sabor aprimorado e uma produ\u00e7\u00e3o de vapor rica para uma experi\u00eancia de vaping mais satisfat\u00f3ria.<\/li>\n<li><strong>Ecr\u00e3 Inteligente<\/strong>: Mantenha-se informado com uma tela digital inteligente que mostra a dura\u00e7\u00e3o da bateria e os n\u00edveis de e-l\u00edquido.<\/li>\n<li><strong>Fluxo de ar ajust\u00e1vel<\/strong>: Ajuste a sua inspira\u00e7\u00e3o com controlo de fluxo de ar duplo em padr\u00e3o de colmeia para uma experi\u00eancia de vaping personalizada.<\/li>\n<li><strong>Op\u00e7\u00f5es de Nicotina<\/strong>: Dispon\u00edvel em n\u00edveis de nicotina 0%, 2%, 3% e 5%, atendendo a diferentes prefer\u00eancias.<\/li>\n<\/ul>\n<h2><\/h2>\n<h2><strong>Sabor superior para Cigarros Electr\u00f3nicos Bang Box 30000 Puffs\u00a0<\/strong><\/h2>\n<p>O Vaporizador Descart\u00e1vel Bang Box 30000 Puff Smart Screen oferece 12 sabores deliciosos, escolha entre uma variedade de sabores, incluindo a cl\u00e1ssica e refrescante menta fresca, e a do\u00e7ura ex\u00f3tica da uva, cada um prometendo uma jornada rica e satisfat\u00f3ria a cada baforada.<\/p>\n<p>1.Morango Kiwi<br \/>\n2.Explos\u00e3o Negra <span style=\"color: #ff0000\"><strong>&gt;&gt;&gt;&gt; Quente!<\/strong><\/span><br \/>\n3.Morango Melancia<br \/>\n4.Sumo da Selva<br \/>\n5.Framboesa Azeda de Mirtilo Gelado <span style=\"color: #ff0000\"><strong>&gt;&gt;&gt;&gt; Quente!<\/strong><\/span><br \/>\n6.Melancia Gelada<br \/>\n7.Mirtilo Gelado<br \/>\n8.Mirtilo Rom\u00e3<br \/>\n9.Explos\u00e3o Azul <span style=\"color: #ff0000\"><strong>&gt;&gt;&gt;&gt; O Melhor!<\/strong><\/span><br \/>\n10.Ma\u00e7\u00e3 P\u00eassego<br \/>\n11.Maracuj\u00e1<br \/>\n12.Uva Dupla<\/p>\n<figure id=\"attachment_2316\" aria-describedby=\"caption-attachment-2316\" style=\"width: 487px\" class=\"wp-caption alignnone\"><img loading=\"lazy\" decoding=\"async\" class=\"wp-image-2316 size-full\" src=\"https:\/\/rmvapesale.com\/wp-content\/uploads\/2024\/10\/Bang-Box-30k-Puffs-Factory-Price-New-Vape-This-Week.jpg\" alt=\"Bang Box 30k Puffs Pre\u00e7o de F\u00e1brica Novo Vape Esta Semana\" width=\"487\" height=\"800\" srcset=\"https:\/\/rmvapesale.com\/wp-content\/uploads\/2024\/10\/Bang-Box-30k-Puffs-Factory-Price-New-Vape-This-Week.jpg 487w, https:\/\/rmvapesale.com\/wp-content\/uploads\/2024\/10\/Bang-Box-30k-Puffs-Factory-Price-New-Vape-This-Week-183x300.jpg 183w\" sizes=\"auto, (max-width: 487px) 100vw, 487px\" \/><figcaption id=\"caption-attachment-2316\" class=\"wp-caption-text\">Bang Box 30k Puffs Pre\u00e7o de F\u00e1brica Novo Vape Esta Semana<\/figcaption><\/figure>\n<h3>Por que escolher a Rmvapesale para a sua compra em massa do Bang Box 30000 Puffs?<\/h3>\n<div class=\"flex-shrink-0 flex flex-col relative items-end\">\n<div>\n<div class=\"pt-0\">\n<div class=\"gizmo-bot-avatar flex h-8 w-8 items-center justify-center overflow-hidden rounded-full\">\n<div class=\"relative p-1 rounded-sm flex items-center justify-center bg-token-main-surface-primary text-token-text-primary h-8 w-8\">\n<p>&nbsp;<\/p>\n<p>Ao escolher a Rmvapesale para as suas necessidades de vape descart\u00e1vel por atacado, beneficiar\u00e1 de:<\/p>\n<ul>\n<li><strong>Pre\u00e7o Competitivo<\/strong>: Tenha acesso a pre\u00e7os atrativos de atacado que aumentam as margens do seu neg\u00f3cio.<\/li>\n<li><strong>Alta Qualidade<\/strong>: Os nossos vapes s\u00e3o fabricados com os mais altos padr\u00f5es e <span style=\"color: #ff0000\"><strong>t\u00eam 100% de garantia de serem originais e aut\u00eanticos, ou uma compensa\u00e7\u00e3o de 10 vezes ser\u00e1 fornecida por produtos falsificados!<\/strong><\/span><\/li>\n<li><strong>Excelente Apoio ao Cliente<\/strong>: A nossa equipa dedicada est\u00e1 sempre pronta para o ajudar, tornando o seu processo de compra suave e sem complica\u00e7\u00f5es.<\/li>\n<li><strong>R\u00e1pido<\/strong>: Conte com uma entrega r\u00e1pida e fi\u00e1vel, garantindo que as suas encomendas cheguem a tempo, sempre.<\/li>\n<\/ul>\n<h3><\/h3>\n<h3><b>FAQs<\/b><\/h3>\n<p>&nbsp;<\/p>\n<\/div>\n<\/div>\n<\/div>\n<\/div>\n<\/div>\n<div class=\"group\/conversation-turn relative flex w-full min-w-0 flex-col agent-turn\">\n<div class=\"flex-col gap-1 md:gap-3\">\n<div class=\"flex max-w-full flex-col flex-grow\">\n<div class=\"min-h-8 text-message flex w-full flex-col items-end gap-2 whitespace-normal break-words [.text-message+&amp;]:mt-5\" dir=\"auto\" data-message-author-role=\"assistant\" data-message-id=\"f226d3fc-81f3-46d5-8c46-31787fff0357\">\n<div class=\"flex w-full flex-col gap-1 empty:hidden first:pt-[3px]\">\n<div class=\"markdown prose w-full break-words dark:prose-invert light\">\n<p><strong>Q1: O que torna o Vape descart\u00e1vel Bang Box 30000 Puff Double Taste especial?<\/strong><br \/>\nA1: O <strong>Vape descart\u00e1vel Bang Box 30000 Puff Double Taste<\/strong> oferece at\u00e9 30.000 tragos e apresenta <strong>tecnologia de sabor duplo<\/strong>, permitindo alternar entre dois sabores num \u00fanico dispositivo. Tamb\u00e9m vem com um ecr\u00e3 LED inteligente que mostra os n\u00edveis de bateria e de e-l\u00edquido, proporcionando uma experi\u00eancia de vaping conveniente e aprimorada.<\/p>\n<p><strong>Q2: Quais sabores est\u00e3o dispon\u00edveis para o Vape descart\u00e1vel Bang Box 30000 Puff Double Flavor?<\/strong><br \/>\nA2: Existem 12 sabores deliciosos para escolher, incluindo <strong>Morango Kiwi<\/strong>, <strong>Black Burst<\/strong>, <strong>Gelo de Melancia<\/strong>, <strong>Blueberry Pomgerante<\/strong>e <strong>Double Grape<\/strong>. Quer prefira sabores frutados ou gelados, h\u00e1 algo para todos!<\/p>\n<p><strong>Q3: Como funciona a tela inteligente no Bang Box 30000 Puff Double Flavor Smart Vape?<\/strong><br \/>\nA3: A <strong>ecr\u00e3 LED<\/strong> mostra detalhes importantes como a dura\u00e7\u00e3o da bateria e os n\u00edveis de e-l\u00edquido, facilitando o acompanhamento do estado do seu dispositivo.<\/p>\n<p><strong>Q4: Qual \u00e9 a capacidade de e-l\u00edquido do Bang 30000 Puff Double Taste Disposable Vape?<\/strong><br \/>\nA4: Este vape possui uma capacidade generosa <strong>cURL Too many subrequests.<\/strong>, garantindo uso duradouro sem necessidade de recargas frequentes.<\/p>\n<p><strong>Q5: Quais s\u00e3o as op\u00e7\u00f5es de nicotina para o Bang Box 30000 Puff Double Flavor Smart Vape?<\/strong><br \/>\nA5: Pode escolher entre <strong>0%, 2%, 3% e 5% de n\u00edveis de nicotina<\/strong>, oferecendo-te flexibilidade dependendo da tua prefer\u00eancia.<\/p>\n<p><strong>Q6: Is the Bang Box 30000 Puff Double Taste Smart Vape rechargeable?<\/strong><br \/>\nA6: Sim, o dispositivo est\u00e1 equipado com uma <strong>porta de carregamento Tipo-C<\/strong> e um <strong>850mAh<\/strong>, tornando-o r\u00e1pido e f\u00e1cil de recarregar.<\/p>\n<p><strong>Posso comprar a Vape Inteligente Bang 30000 Puff Double Taste em quantidade?<\/strong><br \/>\nA7: Sim, <strong>Bang 30000 Puffs Duplo Sabor Vape Inteligente Atacado<\/strong> Op\u00e7\u00f5es dispon\u00edveis para retalhistas que desejam abastecer-se com este dispositivo popular.<\/p>\n<\/div>\n<\/div>\n<\/div>\n<\/div>\n<\/div>\n<\/div>\n<p>&nbsp;<\/p>\n<h3><\/h3>\n<h3>Sobre o Envio<\/h3>\n<div class=\"flex-shrink-0 flex flex-col relative items-end\">\n<div>\n<div class=\"pt-0\">\n<div class=\"gizmo-bot-avatar flex h-8 w-8 items-center justify-center overflow-hidden rounded-full\">\n<div><\/div>\n<div class=\"relative p-1 rounded-sm flex items-center justify-center bg-token-main-surface-primary text-token-text-primary h-8 w-8\"><strong>1. Que m\u00e9todos de envio s\u00e3o usados?<\/strong><\/div>\n<\/div>\n<\/div>\n<\/div>\n<\/div>\n<div class=\"group\/conversation-turn relative flex w-full min-w-0 flex-col agent-turn\">\n<div class=\"flex-col gap-1 md:gap-3\">\n<div class=\"flex max-w-full flex-col flex-grow\">\n<div class=\"min-h-[20px] text-message flex w-full flex-col items-end gap-2 whitespace-normal break-words [.text-message+&amp;]:mt-5 overflow-x-auto\" dir=\"auto\" data-message-author-role=\"assistant\" data-message-id=\"22f8283b-3233-46ff-89a5-c7a41b33abda\">\n<div class=\"flex w-full flex-col gap-1 empty:hidden first:pt-[3px]\">\n<div class=\"markdown prose w-full break-words dark:prose-invert light\">\n<p>Fazemos parceria com a UPS, DHL, FedEx, DPD e outras transportadoras l\u00edderes. Selecionaremos o melhor m\u00e9todo de envio com base na sua localiza\u00e7\u00e3o de entrega para garantir que receba os seus produtos o mais r\u00e1pido poss\u00edvel.<\/p>\n<\/div>\n<p><strong>2. Quanto tempo demora a chegar?<\/strong><\/p>\n<p>As encomendas enviadas para Portugal geralmente chegam dentro de 10 dias \u00fateis. O envio para pa\u00edses europeus demora geralmente cerca de 12-15 dias \u00fateis. Forneceremos atualiza\u00e7\u00f5es em tempo real sobre o estado do seu envio.<\/p>\n<\/div>\n<\/div>\n<\/div>\n<\/div>\n<\/div>\n<p>&nbsp;<\/p>\n<p>Outros vapes em alta que talvez goste:<\/p>\n<p><a href=\"https:\/\/rmvapesale.com\/pt\/product\/aivono-aim-magic-20000-20k-puffs-disposable-vape-pod\/\"><strong>Aivono Aim Magic 20000 Puff\u00a0 \u00a0<span style=\"color: #ff0000\">&gt;&gt;&gt;&gt; ir!<\/span><\/strong><\/a><\/p>\n<p><strong><a href=\"https:\/\/rmvapesale.com\/pt\/product\/waspe-fihp-30000-puffs-led-display-disposable-vape-box\/\">WASPE FIHP 30000 Puffs <span style=\"color: #ff0000\">&gt;&gt;&gt;&gt; ir!<\/span><\/a>\u00a0<\/strong><\/p>\n<p><a href=\"https:\/\/rmvapesale.com\/pt\/product\/bang-box-30000-puff-smart-screen-disposable-vape-wholesale\/\"><strong>Bang Box 30000 Puffs Smart Screen Puffs <span style=\"color: #ff0000\">&gt;&gt;&gt;&gt; ir!<\/span><\/strong><\/a><\/p>\n<p>&nbsp;<\/p>\n<p>&nbsp;<\/p>\n<p>Encontre mais produtos de vape que talvez goste:<strong><em><a href=\"https:\/\/rmvapesale.com\/pt\/shop-2\/\">comprar agora &gt;&gt;&gt;<\/a><\/em><\/strong><\/p>","protected":false},"excerpt":{"rendered":"<p>Cigarros Eletr\u00f3nicos Descart\u00e1veis Bang Box 30000 Puffs Smart Screen<br \/>\nCaixa Bang Vape 30000 Puffs Sabor Duplo Vape Descart\u00e1vel Atacado<br \/>\nCaixa Bang 30000 Puffs 0% 2% 3% 5% Vape Descart\u00e1vel Sem Nicotina<\/p>\n<p><img loading=\"lazy\" decoding=\"async\" class=\"size-full wp-image-1978\" src=\"https:\/\/rmvapesale.com\/wp-content\/uploads\/2024\/09\/Disposable-Vape-Wholesale.jpg\" alt=\"Venda por grosso de vapes descart\u00e1veis\" width=\"229\" height=\"300\" \/><\/p>\n<h3><a href=\"https:\/\/wa.me\/8617776015835\"><span style=\"color: #ff0000\"><strong>WhatsApp: +86 17776015835<\/strong><\/span><\/a><\/h3>\n<p>&nbsp;<\/p>","protected":false},"featured_media":2315,"comment_status":"open","ping_status":"closed","template":"","meta":{"_uag_custom_page_level_css":"","_lmt_disableupdate":"no","_lmt_disable":"","site-sidebar-layout":"default","site-content-layout":"content-boxed-container","ast-site-content-layout":"normal-width-container","site-content-style":"boxed","site-sidebar-style":"unboxed","ast-global-header-display":"","ast-banner-title-visibility":"","ast-main-header-display":"","ast-hfb-above-header-display":"","ast-hfb-below-header-display":"","ast-hfb-mobile-header-display":"","site-post-title":"","ast-breadcrumbs-content":"","ast-featured-img":"","footer-sml-layout":"","theme-transparent-header-meta":"default","adv-header-id-meta":"","stick-header-meta":"","header-above-stick-meta":"","header-main-stick-meta":"","header-below-stick-meta":"","astra-migrate-meta-layouts":"set","ast-page-background-enabled":"default","ast-page-background-meta":{"desktop":{"background-color":"var(--ast-global-color-4)","background-image":"","background-repeat":"repeat","background-position":"center center","background-size":"auto","background-attachment":"scroll","background-type":"","background-media":"","overlay-type":"","overlay-color":"","overlay-opacity":"","overlay-gradient":""},"tablet":{"background-color":"","background-image":"","background-repeat":"repeat","background-position":"center center","background-size":"auto","background-attachment":"scroll","background-type":"","background-media":"","overlay-type":"","overlay-color":"","overlay-opacity":"","overlay-gradient":""},"mobile":{"background-color":"","background-image":"","background-repeat":"repeat","background-position":"center center","background-size":"auto","background-attachment":"scroll","background-type":"","background-media":"","overlay-type":"","overlay-color":"","overlay-opacity":"","overlay-gradient":""}},"ast-content-background-meta":{"desktop":{"background-color":"var(--ast-global-color-5)","background-image":"","background-repeat":"repeat","background-position":"center center","background-size":"auto","background-attachment":"scroll","background-type":"","background-media":"","overlay-type":"","overlay-color":"","overlay-opacity":"","overlay-gradient":""},"tablet":{"background-color":"var(--ast-global-color-5)","background-image":"","background-repeat":"repeat","background-position":"center center","background-size":"auto","background-attachment":"scroll","background-type":"","background-media":"","overlay-type":"","overlay-color":"","overlay-opacity":"","overlay-gradient":""},"mobile":{"background-color":"var(--ast-global-color-5)","background-image":"","background-repeat":"repeat","background-position":"center center","background-size":"auto","background-attachment":"scroll","background-type":"","background-media":"","overlay-type":"","overlay-color":"","overlay-opacity":"","overlay-gradient":""}},"_joinchat":[]},"product_brand":[],"product_cat":[15,25,123,26,28,135,27,60,137,136,30],"product_tag":[63,66,125,126,101,105,127,120],"class_list":{"0":"post-2329","1":"product","2":"type-product","3":"status-publish","4":"has-post-thumbnail","6":"product_cat-new-vape-this-week","7":"product_cat-germany-best-selling-vape","8":"product_cat-italy-wholesale-vape","9":"product_cat-netherlands-hot-sale-vape","10":"product_cat-poland-hot-sale-vape","11":"product_cat-spain-best-hot-sale-vape","12":"product_cat-fance-hot-sale-vape","13":"product_cat-bang-vapes","14":"product_cat-rechargeable-vapes","15":"product_cat-smart-screen-vapes","16":"product_cat-minimum-order-quantity-50pcs","17":"product_tag-bang-vapes","18":"product_tag-disposable-vape","19":"product_tag-disposable-vape-italy","20":"product_tag-e-cigarettes","21":"product_tag-led-display-vape","22":"product_tag-nicotine-free-disposable-vape","23":"product_tag-puff-30k","24":"product_tag-vape-wholesale","25":"desktop-align-left","26":"tablet-align-left","27":"mobile-align-left","29":"first","30":"instock","31":"sale","32":"shipping-taxable","33":"purchasable","34":"product-type-simple"},"uagb_featured_image_src":{"full":["https:\/\/rmvapesale.com\/wp-content\/uploads\/2024\/10\/Bang-Box-30k-Puffs-Discount-Price-Fashion-Vape.jpg",800,800,false],"thumbnail":["https:\/\/rmvapesale.com\/wp-content\/uploads\/2024\/10\/Bang-Box-30k-Puffs-Discount-Price-Fashion-Vape-150x150.jpg",150,150,true],"medium":["https:\/\/rmvapesale.com\/wp-content\/uploads\/2024\/10\/Bang-Box-30k-Puffs-Discount-Price-Fashion-Vape-300x300.jpg",300,300,true],"medium_large":["https:\/\/rmvapesale.com\/wp-content\/uploads\/2024\/10\/Bang-Box-30k-Puffs-Discount-Price-Fashion-Vape-768x768.jpg",768,768,true],"large":["https:\/\/rmvapesale.com\/wp-content\/uploads\/2024\/10\/Bang-Box-30k-Puffs-Discount-Price-Fashion-Vape.jpg",800,800,false],"1536x1536":["https:\/\/rmvapesale.com\/wp-content\/uploads\/2024\/10\/Bang-Box-30k-Puffs-Discount-Price-Fashion-Vape.jpg",800,800,false],"2048x2048":["https:\/\/rmvapesale.com\/wp-content\/uploads\/2024\/10\/Bang-Box-30k-Puffs-Discount-Price-Fashion-Vape.jpg",800,800,false],"trp-custom-language-flag":["https:\/\/rmvapesale.com\/wp-content\/uploads\/2024\/10\/Bang-Box-30k-Puffs-Discount-Price-Fashion-Vape.jpg",12,12,false],"woocommerce_thumbnail":["https:\/\/rmvapesale.com\/wp-content\/uploads\/2024\/10\/Bang-Box-30k-Puffs-Discount-Price-Fashion-Vape-300x300.jpg",300,300,true],"woocommerce_single":["https:\/\/rmvapesale.com\/wp-content\/uploads\/2024\/10\/Bang-Box-30k-Puffs-Discount-Price-Fashion-Vape-600x600.jpg",600,600,true],"woocommerce_gallery_thumbnail":["https:\/\/rmvapesale.com\/wp-content\/uploads\/2024\/10\/Bang-Box-30k-Puffs-Discount-Price-Fashion-Vape-100x100.jpg",100,100,true],"wcpr-photo-reviews":["https:\/\/rmvapesale.com\/wp-content\/uploads\/2024\/10\/Bang-Box-30k-Puffs-Discount-Price-Fashion-Vape.jpg",500,500,false]},"uagb_author_info":{"display_name":"AMY","author_link":"https:\/\/rmvapesale.com\/pt\/author\/"},"uagb_comment_info":0,"uagb_excerpt":"Bang Box 30000 Puffs Smart Screen Disposable E Cigarettes Bang Vape Box 30000 Puffs Duble Taste Disposable Vape Wholesale Bang Box 30000 Puffs 0% 2% 3% 5% Free Nicotine Disposable Vape WhatsApp: +86 17776015835 &nbsp;","_links":{"self":[{"href":"https:\/\/rmvapesale.com\/pt\/wp-json\/wp\/v2\/product\/2329","targetHints":{"allow":["GET"]}}],"collection":[{"href":"https:\/\/rmvapesale.com\/pt\/wp-json\/wp\/v2\/product"}],"about":[{"href":"https:\/\/rmvapesale.com\/pt\/wp-json\/wp\/v2\/types\/product"}],"replies":[{"embeddable":true,"href":"https:\/\/rmvapesale.com\/pt\/wp-json\/wp\/v2\/comments?post=2329"}],"wp:featuredmedia":[{"embeddable":true,"href":"https:\/\/rmvapesale.com\/pt\/wp-json\/wp\/v2\/media\/2315"}],"wp:attachment":[{"href":"https:\/\/rmvapesale.com\/pt\/wp-json\/wp\/v2\/media?parent=2329"}],"wp:term":[{"taxonomy":"product_brand","embeddable":true,"href":"https:\/\/rmvapesale.com\/pt\/wp-json\/wp\/v2\/product_brand?post=2329"},{"taxonomy":"product_cat","embeddable":true,"href":"https:\/\/rmvapesale.com\/pt\/wp-json\/wp\/v2\/product_cat?post=2329"},{"taxonomy":"product_tag","embeddable":true,"href":"https:\/\/rmvapesale.com\/pt\/wp-json\/wp\/v2\/product_tag?post=2329"}],"curies":[{"name":"wp","href":"https:\/\/api.w.org\/{rel}","templated":true}]}}