{"id":2344,"date":"2024-10-11T03:13:13","date_gmt":"2024-10-11T03:13:13","guid":{"rendered":"https:\/\/rmvapesale.com\/?post_type=product&#038;p=2344"},"modified":"2024-10-11T04:01:54","modified_gmt":"2024-10-11T04:01:54","slug":"mrvi-puffing-15000-puff-disposable-vape-box","status":"publish","type":"product","link":"https:\/\/rmvapesale.com\/pt\/product\/mrvi-puffing-15000-puff-disposable-vape-box\/","title":{"rendered":"MRVI PUFFING 15000 Puff Caixa de Vaporizador Descart\u00e1vel"},"content":{"rendered":"<div class=\"B2VR9 CJHX3e\">\n<div class=\"wyccme\">\n<h1 class=\"LC20lb MBeuO DKV0Md\">MRVI PUFFING 15000 Puff Caixa de Vaporizador Descart\u00e1vel<\/h1>\n<div class=\"flex-shrink-0 flex flex-col relative items-end\">\n<div class=\"pt-0\">\n<div class=\"gizmo-bot-avatar flex h-8 w-8 items-center justify-center overflow-hidden rounded-full\">\n<div class=\"relative p-1 rounded-sm flex items-center justify-center bg-token-main-surface-primary text-token-text-primary h-8 w-8\">\n<p>Prepare-se para uma excelente experi\u00eancia de vaporiza\u00e7\u00e3o com a Caixa de Vaporizador Descart\u00e1vel MRVI PUFFING 15000 Puffs! Projetado para aqueles que desejam um desempenho duradouro, este vaporizador oferece 15.000 puffs, garantindo que voc\u00ea possa desfrutar por dias sem preocupa\u00e7\u00f5es.<\/p>\n<p>Equipado com uma potente bateria recarreg\u00e1vel de 750mAh e porta de carregamento Tipo-C, voc\u00ea nunca ficar\u00e1 sem energia. A capacidade de 25ml de e-l\u00edquido e a tecnologia de bobina de malha dupla garantem vaporiza\u00e7\u00f5es ricas e saborosas a cada vez. Al\u00e9m disso, voc\u00ea pode monitorar seu uso com o pr\u00e1tico ecr\u00e3 de e-l\u00edquido e bateria.<\/p>\n<p>Escolha entre a concentra\u00e7\u00e3o de nicotina de 2% ou 5%, dependendo da sua prefer\u00eancia. E para completar, o MRVI Puffing vem com um cord\u00e3o elegante, tornando-o f\u00e1cil de transportar para onde quer que voc\u00ea v\u00e1!<\/p>\n<p>Perfeito para quem adora conveni\u00eancia e desempenho, a Caixa de Vaporizador Descart\u00e1vel MRVI PUFFING 15000 Puffs far\u00e1 com que os seus clientes voltem para maisMRVI PUFFING 15000 Vaporizador Descart\u00e1vel<\/p>\n<p>&nbsp;<\/p>\n<\/div>\n<\/div>\n<\/div>\n<\/div>\n<\/div>\n<\/div>\n<p><strong>Contacte a Amy para obter a resposta certa e mais v\u00eddeos do produto!<\/strong><\/p>\n<p><img loading=\"lazy\" decoding=\"async\" class=\"size-full wp-image-1978\" src=\"https:\/\/rmvapesale.com\/wp-content\/uploads\/2024\/09\/Disposable-Vape-Wholesale.jpg\" alt=\"Venda por grosso de vapes descart\u00e1veis\" width=\"229\" height=\"300\" \/><\/p>\n<h3><a href=\"https:\/\/wa.me\/8617776015835\" target=\"_blank\" rel=\"noopener\"><span style=\"color: #ff0000\"><strong>WhatsApp: +86 17776015835<\/strong><\/span><\/a><\/h3>\n<p>&nbsp;<\/p>\n<h2><\/h2>\n<h2><strong>MRVI PUFFING 15000 Principais Recursos<\/strong><\/h2>\n<ul>\n<li><strong>Elevada Contagem de Puffs<\/strong>: Desfrute de at\u00e9 <strong>15.000 puffs<\/strong>, garantindo uma experi\u00eancia de vaporiza\u00e7\u00e3o duradoura sem substitui\u00e7\u00f5es frequentes.<\/li>\n<li><strong>Capacidade de E-L\u00edquido<\/strong>: O dep\u00f3sito de l\u00edquido de <strong>Tanque de 25ml de e-l\u00edquido<\/strong> proporciona uso prolongado, minimizando a necessidade de recargas.<\/li>\n<li><strong>Bateria Recarreg\u00e1vel<\/strong>: Alimentado por uma <strong>Bateria de 750mAh<\/strong>, oferecendo desempenho confi\u00e1vel com a conveni\u00eancia de recarregar.<\/li>\n<li><strong>Carregamento Tipo-C<\/strong>: Recarga r\u00e1pida e eficiente com a moderna <strong>porta Tipo-C<\/strong>, mantendo voc\u00ea energizado em pouco tempo.<\/li>\n<li><strong>Tecnologia de Bobina de Malha Dupla<\/strong>: Melhore sua experi\u00eancia de vaporiza\u00e7\u00e3o com <strong>bobinas de malha dupla<\/strong>, oferecendo um sabor rico e uma produ\u00e7\u00e3o de vapor suave.<\/li>\n<li><strong>Ecr\u00e3 Inteligente<\/strong>: Mantenha-se informado com um <strong>ecr\u00e3 digital<\/strong> que mostra os n\u00edveis de e-l\u00edquido e a vida \u00fatil da bateria rapidamente.<\/li>\n<li><strong>Op\u00e7\u00f5es de Nicotina<\/strong>: Dispon\u00edvel em <strong>2% e 5%<\/strong> de nicotina, atendendo a uma variedade de prefer\u00eancias.<\/li>\n<li><strong>Fio de Pesco\u00e7o Conveniente<\/strong>: Vem com um <strong>fio de pesco\u00e7o<\/strong> para f\u00e1cil transporte, tornando-o um companheiro perfeito para vaping em movimento.<\/li>\n<\/ul>\n<figure id=\"attachment_2345\" aria-describedby=\"caption-attachment-2345\" style=\"width: 808px\" class=\"wp-caption alignnone\"><img loading=\"lazy\" decoding=\"async\" class=\"wp-image-2345 size-full\" src=\"https:\/\/rmvapesale.com\/wp-content\/uploads\/2024\/10\/Mrvi-Puffing-15k-Price.jpg\" alt=\"Mrvi Puffing 15k Pre\u00e7o\" width=\"808\" height=\"808\" srcset=\"https:\/\/rmvapesale.com\/wp-content\/uploads\/2024\/10\/Mrvi-Puffing-15k-Price.jpg 808w, https:\/\/rmvapesale.com\/wp-content\/uploads\/2024\/10\/Mrvi-Puffing-15k-Price-300x300.jpg 300w, https:\/\/rmvapesale.com\/wp-content\/uploads\/2024\/10\/Mrvi-Puffing-15k-Price-150x150.jpg 150w, https:\/\/rmvapesale.com\/wp-content\/uploads\/2024\/10\/Mrvi-Puffing-15k-Price-768x768.jpg 768w, https:\/\/rmvapesale.com\/wp-content\/uploads\/2024\/10\/Mrvi-Puffing-15k-Price-600x600.jpg 600w, https:\/\/rmvapesale.com\/wp-content\/uploads\/2024\/10\/Mrvi-Puffing-15k-Price-100x100.jpg 100w\" sizes=\"auto, (max-width: 808px) 100vw, 808px\" \/><figcaption id=\"caption-attachment-2345\" class=\"wp-caption-text\">Mrvi Puffing 15k Pre\u00e7o<\/figcaption><\/figure>\n<h2><strong>Melhor Sabor para MRVI PUFFING 15000 Puff Cigarro Eletr\u00f3nico<\/strong><\/h2>\n<p>Com 10 sabores incr\u00edveis para escolher, incluindo op\u00e7\u00f5es frutadas e geladas, o kit descart\u00e1vel MRVI PUFFING 15000 Puff oferece algo para todos os gostos.<\/p>\n<p>1. Mirtilo com Gelo<span style=\"color: #ff0000\"><strong>&gt;&gt;&gt;&gt; Quente!<\/strong><\/span><br \/>\n2. Batido de Banana<br \/>\n3. Morango Melancia<br \/>\n4. Gelado de Mel\u00e3o<br \/>\n5. Ma\u00e7\u00e3 Vermelha com Gelo<br \/>\n6. P\u00eassego Manga<br \/>\n7. Pastilha El\u00e1stica de Mirtilo<span style=\"color: #ff0000\"><strong>&gt;&gt;&gt;&gt; O Melhor!<\/strong><\/span><br \/>\n8. Gelo Luxuriante<br \/>\n9. Anan\u00e1s com Gelo<br \/>\n10. Explos\u00e3o Rosa<span style=\"color: #ff0000\"><strong>&gt;&gt;&gt;&gt; Quente!<\/strong><\/span><\/p>\n<p>&nbsp;<\/p>\n<h3><strong>Porqu\u00ea escolher a Rmvapesale para a sua Caixa de Vape Descart\u00e1vel MRVI PUFFING 15000 Puffs?<\/strong><\/h3>\n<div class=\"flex-shrink-0 flex flex-col relative items-end\">\n<div class=\"pt-0\">\n<div class=\"gizmo-bot-avatar flex h-8 w-8 items-center justify-center overflow-hidden rounded-full\">\n<div class=\"relative p-1 rounded-sm flex items-center justify-center bg-token-main-surface-primary text-token-text-primary h-8 w-8\">\n<p>&nbsp;<\/p>\n<p>Ao escolher a Rmvapesale para as suas necessidades de vape descart\u00e1vel por atacado, beneficiar\u00e1 de:<\/p>\n<ul>\n<li><strong>Pre\u00e7o Competitivo<\/strong>: Tenha acesso a pre\u00e7os atrativos de atacado que aumentam as margens do seu neg\u00f3cio.<\/li>\n<li><strong>Alta Qualidade<\/strong>: Os nossos vapes s\u00e3o fabricados com os mais altos padr\u00f5es e <span style=\"color: #ff0000\"><strong>t\u00eam 100% de garantia de serem originais e aut\u00eanticos, ou uma compensa\u00e7\u00e3o de 10 vezes ser\u00e1 fornecida por produtos falsificados!<\/strong><\/span><\/li>\n<li><strong>Excelente Apoio ao Cliente<\/strong>: A nossa equipa dedicada est\u00e1 sempre pronta para o ajudar, tornando o seu processo de compra suave e sem complica\u00e7\u00f5es.<\/li>\n<li><strong>R\u00e1pido<\/strong>: Conte com uma entrega r\u00e1pida e fi\u00e1vel, garantindo que as suas encomendas cheguem a tempo, sempre.<\/li>\n<\/ul>\n<h3><\/h3>\n<h3><b>FAQs<\/b><\/h3>\n<p><strong>P1: Quantas baforadas posso obter do Vape Descart\u00e1vel MRVI PUFFING 15000 Puffs?<\/strong><br \/>\n<strong>R1:<\/strong> O MRVI PUFFING oferece um impressionante <strong>15.000 puffs<\/strong>, garantindo que pode desfrutar de uma vaporiza\u00e7\u00e3o duradoura sem a necessidade de substitui\u00e7\u00f5es frequentes.<\/p>\n<p><strong>P2: O MRVI PUFFING 15000 Puffs \u00e9 recarreg\u00e1vel?<\/strong><br \/>\n<strong>R2:<\/strong> Sim! Este vape possui uma <strong>bateria recarreg\u00e1vel de 750mAh<\/strong>, permitindo-lhe recarregar facilmente atrav\u00e9s da <strong>porta Tipo-C<\/strong> para maior conveni\u00eancia e uso prolongado.<\/p>\n<\/div>\n<\/div>\n<\/div>\n<\/div>\n<div class=\"group\/conversation-turn relative flex w-full min-w-0 flex-col agent-turn\">\n<div class=\"flex-col gap-1 md:gap-3\">\n<div class=\"flex max-w-full flex-col flex-grow\">\n<div class=\"min-h-8 text-message flex w-full flex-col items-end gap-2 whitespace-normal break-words [.text-message+&amp;]:mt-5\" dir=\"auto\" data-message-author-role=\"assistant\" data-message-id=\"f226d3fc-81f3-46d5-8c46-31787fff0357\">\n<div class=\"flex w-full flex-col gap-1 empty:hidden first:pt-[3px]\">\n<div class=\"markdown prose w-full break-words dark:prose-invert light\">\n<p><strong>Q3: Posso personalizar a intensidade de nicotina no vaporizador descart\u00e1vel MRVI 15000 Puffs?<\/strong><br \/>\n<strong>A3:<\/strong> Sim, pode escolher entre <strong>2% e 5% de intensidade de nicotina<\/strong> para se adequar \u00e0s suas prefer\u00eancias de vaping.<\/p>\n<p><strong>Q4: Como \u00e9 que o vaporizador MRVI PUFFING 15000 Puffs melhora a minha experi\u00eancia de vaping?<\/strong><br \/>\n<strong>A4:<\/strong> Com o seu <strong>tecnologia de bobina de malha dupla<\/strong>, pode desfrutar de um sabor rico e uma produ\u00e7\u00e3o de vapor suave, tornando cada baforada satisfat\u00f3ria.<\/p>\n<p><strong>Q5: O vaporizador MRVI PUFFING tem um ecr\u00e3?<\/strong><br \/>\n<strong>A5:<\/strong> Sim, com certeza! Inclui um <strong>ecr\u00e3 de l\u00edquido e bateria<\/strong> para que possa monitorizar facilmente o l\u00edquido restante e a vida \u00fatil da bateria.<\/p>\n<p><strong>Q6: O vaporizador recarreg\u00e1vel MRVI 15000 Puffs \u00e9 f\u00e1cil de transportar?<\/strong><br \/>\n<strong>A6:<\/strong> Sim, o design compacto torna-o port\u00e1til e \u00e9 perfeito para vaping em movimento, quer esteja em casa ou fora.<\/p>\n<p><strong>Q7: Onde posso comprar o vaporizador descart\u00e1vel MRVI 15000 Puffs?<\/strong><br \/>\n<strong>A7:<\/strong> Pode encontrar o vaporizador descart\u00e1vel MRVI PUFFING 15000 Puffs em v\u00e1rios retalhistas e plataformas online, garantindo acesso f\u00e1cil para todas as suas necessidades de vaping.<\/p>\n<\/div>\n<\/div>\n<\/div>\n<\/div>\n<\/div>\n<\/div>\n<h3>Sobre o Envio<\/h3>\n<div class=\"flex-shrink-0 flex flex-col relative items-end\">\n<div>\n<div class=\"pt-0\">\n<div class=\"gizmo-bot-avatar flex h-8 w-8 items-center justify-center overflow-hidden rounded-full\">\n<div><\/div>\n<div class=\"relative p-1 rounded-sm flex items-center justify-center bg-token-main-surface-primary text-token-text-primary h-8 w-8\"><strong>1. Que m\u00e9todos de envio s\u00e3o usados?<\/strong><\/div>\n<\/div>\n<\/div>\n<\/div>\n<\/div>\n<div class=\"group\/conversation-turn relative flex w-full min-w-0 flex-col agent-turn\">\n<div class=\"flex-col gap-1 md:gap-3\">\n<div class=\"flex max-w-full flex-col flex-grow\">\n<div class=\"min-h-[20px] text-message flex w-full flex-col items-end gap-2 whitespace-normal break-words [.text-message+&amp;]:mt-5 overflow-x-auto\" dir=\"auto\" data-message-author-role=\"assistant\" data-message-id=\"22f8283b-3233-46ff-89a5-c7a41b33abda\">\n<div class=\"flex w-full flex-col gap-1 empty:hidden first:pt-[3px]\">\n<div class=\"markdown prose w-full break-words dark:prose-invert light\">\n<p>Fazemos parceria com a UPS, DHL, FedEx, DPD e outras transportadoras l\u00edderes. Selecionaremos o melhor m\u00e9todo de envio com base na sua localiza\u00e7\u00e3o de entrega para garantir que receba os seus produtos o mais r\u00e1pido poss\u00edvel.<\/p>\n<\/div>\n<p><strong>2. Quanto tempo demora a chegar?<\/strong><\/p>\n<p>As encomendas enviadas para Portugal geralmente chegam dentro de 10 dias \u00fateis. O envio para pa\u00edses europeus demora geralmente cerca de 12-15 dias \u00fateis. Forneceremos atualiza\u00e7\u00f5es em tempo real sobre o estado do seu envio.<\/p>\n<\/div>\n<\/div>\n<\/div>\n<\/div>\n<\/div>\n<p>&nbsp;<\/p>\n<p>Outros vapes em alta que talvez goste:<\/p>\n<p><a href=\"https:\/\/rmvapesale.com\/pt\/product\/elf-box-vape-bk12000-puff-disposable-pod-wholesale\/\"><strong>Vaporizador ELF BOX BK12000 Puff <span style=\"color: #ff0000\">&gt;&gt;&gt;&gt; ir!<\/span><\/strong><\/a><\/p>\n<p><strong><a href=\"https:\/\/rmvapesale.com\/pt\/product\/waspe-fihp-30000-puffs-led-display-disposable-vape-box\/\">WASPE FIHP 30000 Puffs <span style=\"color: #ff0000\">&gt;&gt;&gt;&gt; ir!<\/span><\/a>\u00a0<\/strong><\/p>\n<h2 class=\"woocommerce-loop-product__title\"><a style=\"font-size: 16px\" href=\"https:\/\/rmvapesale.com\/pt\/product\/randm-tornado-15000-puffs-vape-wholesale\/\"><strong>RandM Tornado 15000 <span style=\"color: #ff0000\">&gt;&gt;&gt;&gt; ir!<\/span><\/strong><\/a><\/h2>\n<p>&nbsp;<\/p>\n<p>&nbsp;<\/p>\n<p>Encontre mais produtos de vape que talvez goste:<strong><em><a href=\"https:\/\/rmvapesale.com\/pt\/shop-2\/\">comprar agora &gt;&gt;&gt;<\/a><\/em><\/strong><\/p>","protected":false},"excerpt":{"rendered":"<p>F\u00e1brica Original MRVI PUFFING 15000 PUFFS Caixa de Vaporizador<br \/>\nMRVI 15000 Puffs 2% 5% 25mL E-l\u00edquido Recarreg\u00e1vel<br \/>\nMRVI PUFFING 1500015K Puffs Pre\u00e7o Atacado vaporizador<\/p>\n<p><img loading=\"lazy\" decoding=\"async\" class=\"size-full wp-image-1978\" src=\"https:\/\/rmvapesale.com\/wp-content\/uploads\/2024\/09\/Disposable-Vape-Wholesale.jpg\" alt=\"Venda por grosso de vapes descart\u00e1veis\" width=\"229\" height=\"300\" \/><\/p>\n<h3><a href=\"https:\/\/wa.me\/8617776015835\"><span style=\"color: #ff0000\"><strong>WhatsApp: +86 17776015835<\/strong><\/span><\/a><\/h3>\n<p>&nbsp;<\/p>","protected":false},"featured_media":2349,"comment_status":"open","ping_status":"closed","template":"","meta":{"_uag_custom_page_level_css":"","_lmt_disableupdate":"","_lmt_disable":"","site-sidebar-layout":"default","site-content-layout":"content-boxed-container","ast-site-content-layout":"normal-width-container","site-content-style":"boxed","site-sidebar-style":"unboxed","ast-global-header-display":"","ast-banner-title-visibility":"","ast-main-header-display":"","ast-hfb-above-header-display":"","ast-hfb-below-header-display":"","ast-hfb-mobile-header-display":"","site-post-title":"","ast-breadcrumbs-content":"","ast-featured-img":"","footer-sml-layout":"","ast-disable-related-posts":"","theme-transparent-header-meta":"default","adv-header-id-meta":"","stick-header-meta":"","header-above-stick-meta":"","header-main-stick-meta":"","header-below-stick-meta":"","astra-migrate-meta-layouts":"set","ast-page-background-enabled":"default","ast-page-background-meta":{"desktop":{"background-color":"var(--ast-global-color-4)","background-image":"","background-repeat":"repeat","background-position":"center center","background-size":"auto","background-attachment":"scroll","background-type":"","background-media":"","overlay-type":"","overlay-color":"","overlay-opacity":"","overlay-gradient":""},"tablet":{"background-color":"","background-image":"","background-repeat":"repeat","background-position":"center center","background-size":"auto","background-attachment":"scroll","background-type":"","background-media":"","overlay-type":"","overlay-color":"","overlay-opacity":"","overlay-gradient":""},"mobile":{"background-color":"","background-image":"","background-repeat":"repeat","background-position":"center center","background-size":"auto","background-attachment":"scroll","background-type":"","background-media":"","overlay-type":"","overlay-color":"","overlay-opacity":"","overlay-gradient":""}},"ast-content-background-meta":{"desktop":{"background-color":"var(--ast-global-color-5)","background-image":"","background-repeat":"repeat","background-position":"center center","background-size":"auto","background-attachment":"scroll","background-type":"","background-media":"","overlay-type":"","overlay-color":"","overlay-opacity":"","overlay-gradient":""},"tablet":{"background-color":"var(--ast-global-color-5)","background-image":"","background-repeat":"repeat","background-position":"center center","background-size":"auto","background-attachment":"scroll","background-type":"","background-media":"","overlay-type":"","overlay-color":"","overlay-opacity":"","overlay-gradient":""},"mobile":{"background-color":"var(--ast-global-color-5)","background-image":"","background-repeat":"repeat","background-position":"center center","background-size":"auto","background-attachment":"scroll","background-type":"","background-media":"","overlay-type":"","overlay-color":"","overlay-opacity":"","overlay-gradient":""}},"_joinchat":[]},"product_brand":[],"product_cat":[15,60,27,25,123,30,26,28],"product_tag":[131,66,125,126,134,132,133],"class_list":{"0":"post-2344","1":"product","2":"type-product","3":"status-publish","4":"has-post-thumbnail","6":"product_cat-new-vape-this-week","7":"product_cat-bang-vapes","8":"product_cat-fance-hot-sale-vape","9":"product_cat-germany-best-selling-vape","10":"product_cat-italy-wholesale-vape","11":"product_cat-minimum-order-quantity-50pcs","12":"product_cat-netherlands-hot-sale-vape","13":"product_cat-poland-hot-sale-vape","14":"product_tag-big-puff-vape","15":"product_tag-disposable-vape","16":"product_tag-disposable-vape-italy","17":"product_tag-e-cigarettes","18":"product_tag-mrvi-puffing-15k-price","19":"product_tag-rechargeable-vape","20":"product_tag-vape-bar","21":"desktop-align-left","22":"tablet-align-left","23":"mobile-align-left","25":"first","26":"instock","27":"sale","28":"shipping-taxable","29":"purchasable","30":"product-type-simple"},"uagb_featured_image_src":{"full":["https:\/\/rmvapesale.com\/wp-content\/uploads\/2024\/10\/MRVI-PUFFING-15000.jpg",808,808,false],"thumbnail":["https:\/\/rmvapesale.com\/wp-content\/uploads\/2024\/10\/MRVI-PUFFING-15000-150x150.jpg",150,150,true],"medium":["https:\/\/rmvapesale.com\/wp-content\/uploads\/2024\/10\/MRVI-PUFFING-15000-300x300.jpg",300,300,true],"medium_large":["https:\/\/rmvapesale.com\/wp-content\/uploads\/2024\/10\/MRVI-PUFFING-15000-768x768.jpg",768,768,true],"large":["https:\/\/rmvapesale.com\/wp-content\/uploads\/2024\/10\/MRVI-PUFFING-15000.jpg",808,808,false],"1536x1536":["https:\/\/rmvapesale.com\/wp-content\/uploads\/2024\/10\/MRVI-PUFFING-15000.jpg",808,808,false],"2048x2048":["https:\/\/rmvapesale.com\/wp-content\/uploads\/2024\/10\/MRVI-PUFFING-15000.jpg",808,808,false],"trp-custom-language-flag":["https:\/\/rmvapesale.com\/wp-content\/uploads\/2024\/10\/MRVI-PUFFING-15000.jpg",12,12,false],"woocommerce_thumbnail":["https:\/\/rmvapesale.com\/wp-content\/uploads\/2024\/10\/MRVI-PUFFING-15000-300x300.jpg",300,300,true],"woocommerce_single":["https:\/\/rmvapesale.com\/wp-content\/uploads\/2024\/10\/MRVI-PUFFING-15000-600x600.jpg",600,600,true],"woocommerce_gallery_thumbnail":["https:\/\/rmvapesale.com\/wp-content\/uploads\/2024\/10\/MRVI-PUFFING-15000-100x100.jpg",100,100,true],"wcpr-photo-reviews":["https:\/\/rmvapesale.com\/wp-content\/uploads\/2024\/10\/MRVI-PUFFING-15000.jpg",500,500,false]},"uagb_author_info":{"display_name":"AMY","author_link":"https:\/\/rmvapesale.com\/pt\/author\/"},"uagb_comment_info":0,"uagb_excerpt":"Factory Original MRVI PUFFING 15000 PUFFS Vape Box MRVI 15000 Puffs 2% 5% 25mL E-liquid Rechargeable MRVI PUFFING 1500015K Puffs Wholesale Price vape WhatsApp: +86 17776015835 &nbsp;","_links":{"self":[{"href":"https:\/\/rmvapesale.com\/pt\/wp-json\/wp\/v2\/product\/2344","targetHints":{"allow":["GET"]}}],"collection":[{"href":"https:\/\/rmvapesale.com\/pt\/wp-json\/wp\/v2\/product"}],"about":[{"href":"https:\/\/rmvapesale.com\/pt\/wp-json\/wp\/v2\/types\/product"}],"replies":[{"embeddable":true,"href":"https:\/\/rmvapesale.com\/pt\/wp-json\/wp\/v2\/comments?post=2344"}],"wp:featuredmedia":[{"embeddable":true,"href":"https:\/\/rmvapesale.com\/pt\/wp-json\/wp\/v2\/media\/2349"}],"wp:attachment":[{"href":"https:\/\/rmvapesale.com\/pt\/wp-json\/wp\/v2\/media?parent=2344"}],"wp:term":[{"taxonomy":"product_brand","embeddable":true,"href":"https:\/\/rmvapesale.com\/pt\/wp-json\/wp\/v2\/product_brand?post=2344"},{"taxonomy":"product_cat","embeddable":true,"href":"https:\/\/rmvapesale.com\/pt\/wp-json\/wp\/v2\/product_cat?post=2344"},{"taxonomy":"product_tag","embeddable":true,"href":"https:\/\/rmvapesale.com\/pt\/wp-json\/wp\/v2\/product_tag?post=2344"}],"curies":[{"name":"wp","href":"https:\/\/api.w.org\/{rel}","templated":true}]}}