{"id":2372,"date":"2024-10-12T09:01:19","date_gmt":"2024-10-12T09:01:19","guid":{"rendered":"https:\/\/rmvapesale.com\/?post_type=product&#038;p=2372"},"modified":"2024-10-12T09:20:35","modified_gmt":"2024-10-12T09:20:35","slug":"fihp-digital-box-12000-puffs-hot-sale-vape-bulk-buy","status":"publish","type":"product","link":"https:\/\/rmvapesale.com\/pt\/product\/fihp-digital-box-12000-puffs-hot-sale-vape-bulk-buy\/","title":{"rendered":"FIHP Digital Box 12000 Puffs Venda Quente Vape Compra a Granel"},"content":{"rendered":"<div class=\"B2VR9 CJHX3e\">\n<div class=\"wyccme\">\n<h1 class=\"LC20lb MBeuO DKV0Md\">FIHP Digital Box 12000 Puffs Venda Quente Vape Compra a Granel<\/h1>\n<div class=\"flex-shrink-0 flex flex-col relative items-end\">\n<div class=\"pt-0\">\n<div class=\"gizmo-bot-avatar flex h-8 w-8 items-center justify-center overflow-hidden rounded-full\">\n<div class=\"relative p-1 rounded-sm flex items-center justify-center bg-token-main-surface-primary text-token-text-primary h-8 w-8\">\n<p>A FIHP Digital Box 12000 Puffs \u00e9 uma boa escolha para quem procura um Vape descart\u00e1vel de alta qualidade e duradouro, agora dispon\u00edvel para compra em grande quantidade! Com seu design elegante e recursos avan\u00e7ados, esta caneta de vape foi projetada para desempenho e conveni\u00eancia.<\/p>\n<p>Com impressionantes 12.000 puffs, a FIHP Digital Box garante vaporiza\u00e7\u00e3o cont\u00ednua e satisfat\u00f3ria sem substitui\u00e7\u00f5es frequentes. Este dispositivo de Vape Bar vem pr\u00e9-carregado com 20ml de e-l\u00edquido, dispon\u00edvel em concentra\u00e7\u00f5es de nicotina 2% e 5% com baixa nicotina, permitindo ajustar o vape \u00e0s suas prefer\u00eancias, seja um golpe suave ou mais intenso de nicotina.<\/p>\n<p>A bateria recarreg\u00e1vel de 650mAh fornece energia confi\u00e1vel e consistente durante cada sess\u00e3o, enquanto a resist\u00eancia de malha de 1.0\u03a9 e o fluxo de ar ajust\u00e1vel garantem vapor suave e saboroso, que pode ser facilmente personalizado ao seu gosto. Al\u00e9m disso, a porta de carregamento Type-C permite recargas r\u00e1pidas e convenientes, para que nunca precise esperar.<\/p>\n<p>Perfeito para quem deseja estocar ou fornecer para o seu neg\u00f3cio, a FIHP Digital Box 12000 Puffs em grande quantidade oferece um valor excepcional enquanto proporciona uma experi\u00eancia de vaping de alto n\u00edvel.<\/p>\n<p>&nbsp;<\/p>\n<\/div>\n<\/div>\n<\/div>\n<\/div>\n<\/div>\n<\/div>\n<p><strong>Contacte a Amy para obter a resposta certa e mais v\u00eddeos do produto!<\/strong><\/p>\n<p><img loading=\"lazy\" decoding=\"async\" class=\"size-full wp-image-1978\" src=\"https:\/\/rmvapesale.com\/wp-content\/uploads\/2024\/09\/Disposable-Vape-Wholesale.jpg\" alt=\"Venda por grosso de vapes descart\u00e1veis\" width=\"229\" height=\"300\" \/><\/p>\n<h3><a href=\"https:\/\/wa.me\/8617776015835\" target=\"_blank\" rel=\"noopener\"><span style=\"color: #ff0000\"><strong>WhatsApp: +86 17776015835<\/strong><\/span><\/a><\/h3>\n<p>&nbsp;<\/p>\n<h2><\/h2>\n<h2><strong>Recursos principais do Vape descart\u00e1vel FIHP Digital Box 12000 Puffs<\/strong><\/h2>\n<p>&nbsp;<\/p>\n<ul>\n<li><strong>Elevada Contagem de Puffs<\/strong>: Desfrute de at\u00e9 <strong>12.000 puffs<\/strong> para um prazer de vaping cont\u00ednuo e duradouro.<\/li>\n<li><strong>Generosa Capacidade de E-L\u00edquido<\/strong>: Apresentando um <strong>dep\u00f3sito de e-l\u00edquido de 22 ml<\/strong>, este dispositivo permite uma utiliza\u00e7\u00e3o prolongada com menos recargas.<\/li>\n<li><strong>Bateria Fi\u00e1vel<\/strong>: Alimentado por uma <strong>bateria recarreg\u00e1vel de 650mAh<\/strong>, garantindo um desempenho consistente e fi\u00e1vel.<\/li>\n<li><strong>Teor de Nicotina<\/strong>: Oferece <strong>0,6% de nicotina (6mg)<\/strong>, proporcionando uma experi\u00eancia de vaping suave e satisfat\u00f3ria.<\/li>\n<li><strong>Tecnologia de Resist\u00eancia Mesh<\/strong>: Equipado com uma <strong>resist\u00eancia mesh de 0,6\u03a9<\/strong> para um sabor e produ\u00e7\u00e3o de vapor aprimorados.<\/li>\n<li><strong>Ecr\u00e3 LED<\/strong>: Mantenha-se informado com um <strong>ecr\u00e3 LED<\/strong> que fornece atualiza\u00e7\u00f5es em tempo real sobre a dura\u00e7\u00e3o da bateria e utiliza\u00e7\u00e3o.<\/li>\n<\/ul>\n<h2><\/h2>\n<h2><strong>Melhor sabor para FIHP Digital Box 12000 Puffs Vape Bar<\/strong><\/h2>\n<p>Com 10 sabores deliciosos, como Morango Kiwi, Mirtilo Framboesa e P\u00eassego Manga, a FIHP Digital Box oferece um sabor para cada paladar, garantindo sempre uma experi\u00eancia de vaping agrad\u00e1vel.<\/p>\n<p>01. Gelo Lush<span style=\"color: #ff0000\"><strong>&gt;&gt;&gt;&gt; Quente!<\/strong><\/span><br \/>\n02. Gelo Uva<br \/>\n03. Cereja<br \/>\n04. Mirtilo Framboesa<span style=\"color: #ff0000\"><strong>&gt;&gt;&gt;&gt; Quente!<\/strong><\/span><br \/>\n05. Morango Kiwi<br \/>\n06. Frutas Vermelhas Mistas<span style=\"color: #ff0000\"><strong>&gt;&gt;&gt;&gt; O Melhor!<\/strong><\/span><br \/>\n07. Morango Melancia<br \/>\n08. Melancia Chiclete<br \/>\n09. P\u00eassego Manga Abacaxi<br \/>\n10. Kiwi Maracuj\u00e1 Goiaba<\/p>\n<figure id=\"attachment_2366\" aria-describedby=\"caption-attachment-2366\" style=\"width: 808px\" class=\"wp-caption alignnone\"><img loading=\"lazy\" decoding=\"async\" class=\"wp-image-2366 size-full\" src=\"https:\/\/rmvapesale.com\/wp-content\/uploads\/2024\/10\/FIHP-Digital-12000-Puffs-Flavor.jpg\" alt=\"FIHP Digital 12000 Puffs Sabor\" width=\"808\" height=\"808\" srcset=\"https:\/\/rmvapesale.com\/wp-content\/uploads\/2024\/10\/FIHP-Digital-12000-Puffs-Flavor.jpg 808w, https:\/\/rmvapesale.com\/wp-content\/uploads\/2024\/10\/FIHP-Digital-12000-Puffs-Flavor-300x300.jpg 300w, https:\/\/rmvapesale.com\/wp-content\/uploads\/2024\/10\/FIHP-Digital-12000-Puffs-Flavor-150x150.jpg 150w, https:\/\/rmvapesale.com\/wp-content\/uploads\/2024\/10\/FIHP-Digital-12000-Puffs-Flavor-768x768.jpg 768w, https:\/\/rmvapesale.com\/wp-content\/uploads\/2024\/10\/FIHP-Digital-12000-Puffs-Flavor-600x600.jpg 600w, https:\/\/rmvapesale.com\/wp-content\/uploads\/2024\/10\/FIHP-Digital-12000-Puffs-Flavor-100x100.jpg 100w\" sizes=\"auto, (max-width: 808px) 100vw, 808px\" \/><figcaption id=\"caption-attachment-2366\" class=\"wp-caption-text\">FIHP Digital 12000 Puffs Sabor<\/figcaption><\/figure>\n<h3><\/h3>\n<h3><strong>Por que escolher a Rmvapesale para a FIHP Digital Box 12000 Puffs Vape em alta venda<\/strong><strong>?<\/strong><\/h3>\n<div class=\"flex-shrink-0 flex flex-col relative items-end\">\n<div>\n<div class=\"pt-0\">\n<div class=\"gizmo-bot-avatar flex h-8 w-8 items-center justify-center overflow-hidden rounded-full\">\n<div class=\"relative p-1 rounded-sm flex items-center justify-center bg-token-main-surface-primary text-token-text-primary h-8 w-8\">\n<p>&nbsp;<\/p>\n<p>Ao escolher a Rmvapesale para as suas necessidades de vape descart\u00e1vel por atacado, beneficiar\u00e1 de:<\/p>\n<ul>\n<li><strong>Pre\u00e7o Competitivo<\/strong>: Tenha acesso a pre\u00e7os atrativos de atacado que aumentam as margens do seu neg\u00f3cio.<\/li>\n<li><strong>Alta Qualidade<\/strong>: Os nossos vapes s\u00e3o fabricados com os mais altos padr\u00f5es e <span style=\"color: #ff0000\"><strong>t\u00eam 100% de garantia de serem originais e aut\u00eanticos, ou uma compensa\u00e7\u00e3o de 10 vezes ser\u00e1 fornecida por produtos falsificados!<\/strong><\/span><\/li>\n<li><strong>Excelente Apoio ao Cliente<\/strong>: A nossa equipa dedicada est\u00e1 sempre pronta para o ajudar, tornando o seu processo de compra suave e sem complica\u00e7\u00f5es.<\/li>\n<li><strong>R\u00e1pido<\/strong>: Conte com uma entrega r\u00e1pida e fi\u00e1vel, garantindo que as suas encomendas cheguem a tempo, sempre.<\/li>\n<\/ul>\n<h3><\/h3>\n<h3><b>FAQs<\/b><\/h3>\n<p>&nbsp;<\/p>\n<\/div>\n<\/div>\n<\/div>\n<\/div>\n<\/div>\n<div class=\"group\/conversation-turn relative flex w-full min-w-0 flex-col agent-turn\">\n<div class=\"flex-col gap-1 md:gap-3\">\n<div class=\"flex max-w-full flex-col flex-grow\">\n<div class=\"min-h-8 text-message flex w-full flex-col items-end gap-2 whitespace-normal break-words [.text-message+&amp;]:mt-5\" dir=\"auto\" data-message-author-role=\"assistant\" data-message-id=\"f226d3fc-81f3-46d5-8c46-31787fff0357\">\n<div class=\"flex w-full flex-col gap-1 empty:hidden first:pt-[3px]\">\n<div class=\"markdown prose w-full break-words dark:prose-invert light\">\n<p>1. Quanto tempo dura o Vape descart\u00e1vel FIHP 12000 Puffs?<br \/>\nO Vape descart\u00e1vel FIHP 12000 Puffs oferece at\u00e9 12.000 tragos, garantindo uma experi\u00eancia de vaping duradoura sem necessidade de substitui\u00e7\u00f5es frequentes.<\/p>\n<p>2. Quais s\u00e3o os sabores dispon\u00edveis para o Vape FIHP 12000 Puffs?<br \/>\nEste vape descart\u00e1vel vem numa variedade de 10 sabores deliciosos, incluindo op\u00e7\u00f5es populares como Lush Ice, Uva Ice, Cereja, Mirtilo Framboesa e mais. H\u00e1 um sabor para todos os gostos!<\/p>\n<p>3. Quais s\u00e3o as concentra\u00e7\u00f5es de nicotina dispon\u00edveis?<br \/>\nO Vape descart\u00e1vel FIHP 12000 Puffs oferece concentra\u00e7\u00f5es de nicotina de 2% e 5%, atendendo a utilizadores que preferem n\u00edveis moderados ou mais fortes de nicotina.<\/p>\n<p>4. Como \u00e9 a qualidade do vapor do Vape descart\u00e1vel FIHP 12000 Puffs?<br \/>\nEquipado com uma resist\u00eancia de malha de 1.0ohm, este vape descart\u00e1vel melhora a produ\u00e7\u00e3o de vapor e a entrega de sabor, proporcionando uma experi\u00eancia de vaping suave e satisfat\u00f3ria.<\/p>\n<p>5. Como recarregar o Vape FIHP 12000 Puffs?<br \/>\nO FIHP 12000 vem com uma bateria recarreg\u00e1vel de 650mAh e uma porta de carregamento USB Tipo-C para recarga r\u00e1pida e conveniente, garantindo que o seu vape esteja sempre pronto.<\/p>\n<p>6. Quanto de e-l\u00edquido o FIHP 12000 suporta?<br \/>\nEste vape descart\u00e1vel vem pr\u00e9-carregado com 20ml de e-l\u00edquido, proporcionando um uso duradouro sem necessidade de recargas frequentes.<\/p>\n<p>7. O Vape descart\u00e1vel FIHP 12000 Puffs possui algum indicador?<br \/>\nSim, possui um visor LED que mostra dados em tempo real, incluindo a dura\u00e7\u00e3o da bateria e o n\u00famero de tragos, para que possa monitorizar facilmente o estado do seu dispositivo.<\/p>\n<\/div>\n<\/div>\n<\/div>\n<\/div>\n<\/div>\n<\/div>\n<p>&nbsp;<\/p>\n<h3><\/h3>\n<h3>Sobre o Envio<\/h3>\n<div class=\"flex-shrink-0 flex flex-col relative items-end\">\n<div>\n<div class=\"pt-0\">\n<div class=\"gizmo-bot-avatar flex h-8 w-8 items-center justify-center overflow-hidden rounded-full\">\n<div><\/div>\n<div class=\"relative p-1 rounded-sm flex items-center justify-center bg-token-main-surface-primary text-token-text-primary h-8 w-8\"><strong>1. Que m\u00e9todos de envio s\u00e3o usados?<\/strong><\/div>\n<\/div>\n<\/div>\n<\/div>\n<\/div>\n<div class=\"group\/conversation-turn relative flex w-full min-w-0 flex-col agent-turn\">\n<div class=\"flex-col gap-1 md:gap-3\">\n<div class=\"flex max-w-full flex-col flex-grow\">\n<div class=\"min-h-[20px] text-message flex w-full flex-col items-end gap-2 whitespace-normal break-words [.text-message+&amp;]:mt-5 overflow-x-auto\" dir=\"auto\" data-message-author-role=\"assistant\" data-message-id=\"22f8283b-3233-46ff-89a5-c7a41b33abda\">\n<div class=\"flex w-full flex-col gap-1 empty:hidden first:pt-[3px]\">\n<div class=\"markdown prose w-full break-words dark:prose-invert light\">\n<p>Fazemos parceria com a UPS, DHL, FedEx, DPD e outras transportadoras l\u00edderes. Selecionaremos o melhor m\u00e9todo de envio com base na sua localiza\u00e7\u00e3o de entrega para garantir que receba os seus produtos o mais r\u00e1pido poss\u00edvel.<\/p>\n<\/div>\n<p><strong>2. Quanto tempo demora a chegar?<\/strong><\/p>\n<p>As encomendas enviadas para Portugal geralmente chegam dentro de 10 dias \u00fateis. O envio para pa\u00edses europeus demora geralmente cerca de 12-15 dias \u00fateis. Forneceremos atualiza\u00e7\u00f5es em tempo real sobre o estado do seu envio.<\/p>\n<\/div>\n<\/div>\n<\/div>\n<\/div>\n<\/div>\n<p>&nbsp;<\/p>\n<p>Outros vapes em alta que talvez goste:<\/p>\n<p><a href=\"https:\/\/rmvapesale.com\/pt\/product\/bang-beach-20000-puffs-vape-smart-screen-disposable-e-cig\/\"><strong>Bang Beach 20000 Puffs\u00a0 \u00a0<span style=\"color: #ff0000\">&gt;&gt;&gt;&gt; ir!<\/span><\/strong><\/a><\/p>\n<p><strong><a href=\"https:\/\/rmvapesale.com\/pt\/product\/uwin-crystal-10000-puff-disposable-vape-wholesale-price\/\">UWIN Crystal 10000 Puffs <span style=\"color: #ff0000\">&gt;&gt;&gt;&gt; ir!<\/span><\/a>\u00a0<\/strong><\/p>\n<p><a href=\"https:\/\/rmvapesale.com\/pt\/product\/uzy-crystal-pro-max-10k-puffs-disposable-vape-pen-wholesale\/\"><strong>UZY Crystal Pro Max 10000 Puffs <span style=\"color: #ff0000\">&gt;&gt;&gt;&gt; ir!<\/span><\/strong><\/a><\/p>\n<p>&nbsp;<\/p>\n<p>&nbsp;<\/p>\n<p>Encontre mais produtos de vape que talvez goste:<strong><em><a href=\"https:\/\/rmvapesale.com\/pt\/shop-2\/\">comprar agora &gt;&gt;&gt;<\/a><\/em><\/strong><\/p>","protected":false},"excerpt":{"rendered":"<p>FIHP Digital Box Original 12K Puffs Vape descart\u00e1vel<br \/>\nDigital Box 12000 Puffs FIHP Vape Descart\u00e1vel 2% 5%<br \/>\nFIHP Digital 12000 Puffs Fumot Pre\u00e7o Atacado Baixo Nicotina<\/p>\n<p><img loading=\"lazy\" decoding=\"async\" class=\"size-full wp-image-1978\" src=\"https:\/\/rmvapesale.com\/wp-content\/uploads\/2024\/09\/Disposable-Vape-Wholesale.jpg\" alt=\"Venda por grosso de vapes descart\u00e1veis\" width=\"229\" height=\"300\" \/><\/p>\n<h3><a href=\"https:\/\/wa.me\/8617776015835\"><span style=\"color: #ff0000\"><strong>WhatsApp: +86 17776015835<\/strong><\/span><\/a><\/h3>\n<p>&nbsp;<\/p>","protected":false},"featured_media":2369,"comment_status":"open","ping_status":"closed","template":"","meta":{"_uag_custom_page_level_css":"","_lmt_disableupdate":"","_lmt_disable":"","site-sidebar-layout":"default","site-content-layout":"content-boxed-container","ast-site-content-layout":"normal-width-container","site-content-style":"boxed","site-sidebar-style":"unboxed","ast-global-header-display":"","ast-banner-title-visibility":"","ast-main-header-display":"","ast-hfb-above-header-display":"","ast-hfb-below-header-display":"","ast-hfb-mobile-header-display":"","site-post-title":"","ast-breadcrumbs-content":"","ast-featured-img":"","footer-sml-layout":"","ast-disable-related-posts":"","theme-transparent-header-meta":"default","adv-header-id-meta":"","stick-header-meta":"","header-above-stick-meta":"","header-main-stick-meta":"","header-below-stick-meta":"","astra-migrate-meta-layouts":"set","ast-page-background-enabled":"default","ast-page-background-meta":{"desktop":{"background-color":"var(--ast-global-color-4)","background-image":"","background-repeat":"repeat","background-position":"center center","background-size":"auto","background-attachment":"scroll","background-type":"","background-media":"","overlay-type":"","overlay-color":"","overlay-opacity":"","overlay-gradient":""},"tablet":{"background-color":"","background-image":"","background-repeat":"repeat","background-position":"center center","background-size":"auto","background-attachment":"scroll","background-type":"","background-media":"","overlay-type":"","overlay-color":"","overlay-opacity":"","overlay-gradient":""},"mobile":{"background-color":"","background-image":"","background-repeat":"repeat","background-position":"center center","background-size":"auto","background-attachment":"scroll","background-type":"","background-media":"","overlay-type":"","overlay-color":"","overlay-opacity":"","overlay-gradient":""}},"ast-content-background-meta":{"desktop":{"background-color":"var(--ast-global-color-5)","background-image":"","background-repeat":"repeat","background-position":"center center","background-size":"auto","background-attachment":"scroll","background-type":"","background-media":"","overlay-type":"","overlay-color":"","overlay-opacity":"","overlay-gradient":""},"tablet":{"background-color":"var(--ast-global-color-5)","background-image":"","background-repeat":"repeat","background-position":"center center","background-size":"auto","background-attachment":"scroll","background-type":"","background-media":"","overlay-type":"","overlay-color":"","overlay-opacity":"","overlay-gradient":""},"mobile":{"background-color":"var(--ast-global-color-5)","background-image":"","background-repeat":"repeat","background-position":"center center","background-size":"auto","background-attachment":"scroll","background-type":"","background-media":"","overlay-type":"","overlay-color":"","overlay-opacity":"","overlay-gradient":""}},"_joinchat":[]},"product_brand":[],"product_cat":[15,60,27,138,25,123,30,26,28,137,136,135],"product_tag":[66,139,126,40,111,105,120],"class_list":{"0":"post-2372","1":"product","2":"type-product","3":"status-publish","4":"has-post-thumbnail","6":"product_cat-new-vape-this-week","7":"product_cat-bang-vapes","8":"product_cat-fance-hot-sale-vape","9":"product_cat-fihp-disposable-vapes","10":"product_cat-germany-best-selling-vape","11":"product_cat-italy-wholesale-vape","12":"product_cat-minimum-order-quantity-50pcs","13":"product_cat-netherlands-hot-sale-vape","14":"product_cat-poland-hot-sale-vape","15":"product_cat-rechargeable-vapes","16":"product_cat-smart-screen-vapes","17":"product_cat-spain-best-hot-sale-vape","18":"product_tag-disposable-vape","19":"product_tag-disposable-vape-pen","20":"product_tag-e-cigarettes","21":"product_tag-hot-sale-vape","22":"product_tag-low-nicotine-disposable-vape","23":"product_tag-nicotine-free-disposable-vape","24":"product_tag-vape-wholesale","25":"desktop-align-left","26":"tablet-align-left","27":"mobile-align-left","29":"first","30":"instock","31":"sale","32":"shipping-taxable","33":"purchasable","34":"product-type-simple"},"uagb_featured_image_src":{"full":["https:\/\/rmvapesale.com\/wp-content\/uploads\/2024\/10\/FIHP-Digital-12000-Puffs-Wholesale-Price.jpg",808,808,false],"thumbnail":["https:\/\/rmvapesale.com\/wp-content\/uploads\/2024\/10\/FIHP-Digital-12000-Puffs-Wholesale-Price-150x150.jpg",150,150,true],"medium":["https:\/\/rmvapesale.com\/wp-content\/uploads\/2024\/10\/FIHP-Digital-12000-Puffs-Wholesale-Price-300x300.jpg",300,300,true],"medium_large":["https:\/\/rmvapesale.com\/wp-content\/uploads\/2024\/10\/FIHP-Digital-12000-Puffs-Wholesale-Price-768x768.jpg",768,768,true],"large":["https:\/\/rmvapesale.com\/wp-content\/uploads\/2024\/10\/FIHP-Digital-12000-Puffs-Wholesale-Price.jpg",808,808,false],"1536x1536":["https:\/\/rmvapesale.com\/wp-content\/uploads\/2024\/10\/FIHP-Digital-12000-Puffs-Wholesale-Price.jpg",808,808,false],"2048x2048":["https:\/\/rmvapesale.com\/wp-content\/uploads\/2024\/10\/FIHP-Digital-12000-Puffs-Wholesale-Price.jpg",808,808,false],"trp-custom-language-flag":["https:\/\/rmvapesale.com\/wp-content\/uploads\/2024\/10\/FIHP-Digital-12000-Puffs-Wholesale-Price.jpg",12,12,false],"woocommerce_thumbnail":["https:\/\/rmvapesale.com\/wp-content\/uploads\/2024\/10\/FIHP-Digital-12000-Puffs-Wholesale-Price-300x300.jpg",300,300,true],"woocommerce_single":["https:\/\/rmvapesale.com\/wp-content\/uploads\/2024\/10\/FIHP-Digital-12000-Puffs-Wholesale-Price-600x600.jpg",600,600,true],"woocommerce_gallery_thumbnail":["https:\/\/rmvapesale.com\/wp-content\/uploads\/2024\/10\/FIHP-Digital-12000-Puffs-Wholesale-Price-100x100.jpg",100,100,true],"wcpr-photo-reviews":["https:\/\/rmvapesale.com\/wp-content\/uploads\/2024\/10\/FIHP-Digital-12000-Puffs-Wholesale-Price.jpg",500,500,false]},"uagb_author_info":{"display_name":"AMY","author_link":"https:\/\/rmvapesale.com\/pt\/author\/"},"uagb_comment_info":0,"uagb_excerpt":"Original FIHP Digital Box 12K Puffs Disposable vape Digital Box 12000 Puffs FIHP Disposable Vape 2% 5% FIHP Digital 12000 Puffs Fumot Wholesale Price Low Nicotine WhatsApp: +86 17776015835 &nbsp;","_links":{"self":[{"href":"https:\/\/rmvapesale.com\/pt\/wp-json\/wp\/v2\/product\/2372","targetHints":{"allow":["GET"]}}],"collection":[{"href":"https:\/\/rmvapesale.com\/pt\/wp-json\/wp\/v2\/product"}],"about":[{"href":"https:\/\/rmvapesale.com\/pt\/wp-json\/wp\/v2\/types\/product"}],"replies":[{"embeddable":true,"href":"https:\/\/rmvapesale.com\/pt\/wp-json\/wp\/v2\/comments?post=2372"}],"wp:featuredmedia":[{"embeddable":true,"href":"https:\/\/rmvapesale.com\/pt\/wp-json\/wp\/v2\/media\/2369"}],"wp:attachment":[{"href":"https:\/\/rmvapesale.com\/pt\/wp-json\/wp\/v2\/media?parent=2372"}],"wp:term":[{"taxonomy":"product_brand","embeddable":true,"href":"https:\/\/rmvapesale.com\/pt\/wp-json\/wp\/v2\/product_brand?post=2372"},{"taxonomy":"product_cat","embeddable":true,"href":"https:\/\/rmvapesale.com\/pt\/wp-json\/wp\/v2\/product_cat?post=2372"},{"taxonomy":"product_tag","embeddable":true,"href":"https:\/\/rmvapesale.com\/pt\/wp-json\/wp\/v2\/product_tag?post=2372"}],"curies":[{"name":"wp","href":"https:\/\/api.w.org\/{rel}","templated":true}]}}