{"id":2391,"date":"2024-10-14T03:59:04","date_gmt":"2024-10-14T03:59:04","guid":{"rendered":"https:\/\/rmvapesale.com\/?post_type=product&#038;p=2391"},"modified":"2024-10-14T07:28:47","modified_gmt":"2024-10-14T07:28:47","slug":"bang-vape-30000-pro-disposables-wholesale","status":"publish","type":"product","link":"https:\/\/rmvapesale.com\/pt\/product\/bang-vape-30000-pro-disposables-wholesale\/","title":{"rendered":"Bang Vape 30000 Pro Descart\u00e1vel Atacado"},"content":{"rendered":"<div class=\"B2VR9 CJHX3e\">\n<div class=\"wyccme\">\n<h1 class=\"LC20lb MBeuO DKV0Md\">Bang Vape Bangking 30000 Pro Dispositivos Descart\u00e1veis Atacado<\/h1>\n<div class=\"flex-shrink-0 flex flex-col relative items-end\">\n<div class=\"pt-0\">\n<div class=\"gizmo-bot-avatar flex h-8 w-8 items-center justify-center overflow-hidden rounded-full\">\n<div class=\"relative p-1 rounded-sm flex items-center justify-center bg-token-main-surface-primary text-token-text-primary h-8 w-8\">\n<p>O Bang Vape Bangking 30000 Pro Vape Descart\u00e1vel foi concebido para proporcionar uma experi\u00eancia de vaping incompar\u00e1vel, oferecendo recursos impressionantes que atendem tanto a vapers ocasionais quanto a experientes. Com 30.000 puffs, uma bateria recarreg\u00e1vel potente de 850mAh e n\u00edveis de nicotina personaliz\u00e1veis, o Bangking 30000 Pro destaca-se no mundo dos vapes descart\u00e1veis.<\/p>\n<p>O Bang King 30000 Puffs \u00e9 alimentado por uma bateria robusta de 850mAh, garantindo uso duradouro ao longo do dia. A sua porta de carregamento Type-C proporciona recarga r\u00e1pida e eficiente, para que nunca tenha de se preocupar com a falta de energia. Uma das funcionalidades mais inovadoras do Bang King 30000 Pro \u00e9 a sua tela inteligente completa. A tela exibe os n\u00edveis de \u00f3leo e bateria, dando aos utilizadores informa\u00e7\u00f5es em tempo real sobre o estado do dispositivo.<\/p>\n<p>Com op\u00e7\u00f5es de nicotina 0%, 2%, 3% e 5%, o Bang Vape 30000 Pro Dispositivo atende a todos os tipos de vapers, quer procure uma experi\u00eancia sem nicotina ou uma dose mais forte. Esta flexibilidade torna-o um concorrente de topo para quem procura o vape perfeito adaptado \u00e0s suas necessidades.<\/p>\n<\/div>\n<\/div>\n<\/div>\n<\/div>\n<\/div>\n<\/div>\n<p><strong>Contacte a Amy para obter a resposta certa e mais v\u00eddeos do produto!<\/strong><\/p>\n<p><img loading=\"lazy\" decoding=\"async\" class=\"size-full wp-image-1978\" src=\"https:\/\/rmvapesale.com\/wp-content\/uploads\/2024\/09\/Disposable-Vape-Wholesale.jpg\" alt=\"Venda por grosso de vapes descart\u00e1veis\" width=\"229\" height=\"300\" \/><\/p>\n<h3><a href=\"https:\/\/wa.me\/8617776015835\" target=\"_blank\" rel=\"noopener\"><span style=\"color: #ff0000\"><strong>WhatsApp: +86 17776015835<\/strong><\/span><\/a><\/h3>\n<p>&nbsp;<\/p>\n<h2><\/h2>\n<h2><strong>Recursos principais do Bangking 30000 Pro Vape<\/strong><\/h2>\n<p>&nbsp;<\/p>\n<ul>\n<li><strong>30.000 Puffs<\/strong>: Uma das maiores contagens de puffs dispon\u00edveis no mercado, garantindo uso prolongado e satisfa\u00e7\u00e3o.<\/li>\n<li><strong>Ecr\u00e3 inteligente<\/strong>: Monitore os n\u00edveis de \u00f3leo e bateria em tempo real para uma experi\u00eancia de vaping sem interrup\u00e7\u00f5es.<\/li>\n<li><strong>Bateria Recarreg\u00e1vel<\/strong>: O dep\u00f3sito de l\u00edquido de <strong>850mAh<\/strong> com <strong>carregamento Tipo-C<\/strong> garante que pode continuar a vaporizar por mais tempo com recargas r\u00e1pidas.<\/li>\n<li><strong>Nicotine Personaliz\u00e1vel<\/strong>: Com uma variedade de concentra\u00e7\u00f5es de nicotina, incluindo sem nicotina, pode personalizar o seu vaping ao seu gosto.<\/li>\n<li><strong>Sabores deliciosos<\/strong>: Com 12 sabores para escolher, nunca ficar\u00e1 entediado de vaporizar o <strong>Bang 30000 Pro<\/strong>.<\/li>\n<\/ul>\n<h2><\/h2>\n<h2><strong>Melhor sabor para a Caixa de Vape Bangking 30000<\/strong><\/h2>\n<p>A Caixa de Vape Bangking 30000 est\u00e1 dispon\u00edvel em 12 sabores irresist\u00edveis, oferecendo algo para todos. Quer prefira combina\u00e7\u00f5es frutadas, geladas ou mais ex\u00f3ticas, encontrar\u00e1 um sabor que se adapta ao seu paladar. A vasta sele\u00e7\u00e3o de sabores Bang king Vape garante que cada puff seja repleto de satisfa\u00e7\u00e3o e variedade.<\/p>\n<p>1. Mirtilo Framboesa<span style=\"color: #ff0000\"><strong>&gt;&gt;&gt;&gt; Quente!<\/strong><\/span><br \/>\n2. Melancia Morango<br \/>\n3. Mirtilo Gelo<br \/>\n4. Hortel\u00e3 Fresca<span style=\"color: #ff0000\"><strong>&gt;&gt;&gt;&gt; Quente!<\/strong><\/span><br \/>\n5. Morango Uva<br \/>\n6. Mirtilo Amora Cereja<br \/>\n7. Melancia<br \/>\n8. Morango Kiwi<br \/>\n9. Raspado Azul de Hortel\u00e3<br \/>\n10. Frutos Vermelhos Triplos <span style=\"color: #ff0000\"><strong>&gt;&gt;&gt;&gt; O Melhor!<\/strong><\/span><br \/>\n11. Melancia Cereja<br \/>\n12. Framboesa Brilho Escuro<\/p>\n<figure id=\"attachment_2387\" aria-describedby=\"caption-attachment-2387\" style=\"width: 800px\" class=\"wp-caption alignnone\"><img loading=\"lazy\" decoding=\"async\" class=\"wp-image-2387 size-full\" src=\"https:\/\/rmvapesale.com\/wp-content\/uploads\/2024\/10\/Bang-Vape-Box-BangKing-30000-Pro.jpg\" alt=\"Caixa Bang Vape BangKing 30000 Pro\" width=\"800\" height=\"800\" srcset=\"https:\/\/rmvapesale.com\/wp-content\/uploads\/2024\/10\/Bang-Vape-Box-BangKing-30000-Pro.jpg 800w, https:\/\/rmvapesale.com\/wp-content\/uploads\/2024\/10\/Bang-Vape-Box-BangKing-30000-Pro-300x300.jpg 300w, https:\/\/rmvapesale.com\/wp-content\/uploads\/2024\/10\/Bang-Vape-Box-BangKing-30000-Pro-150x150.jpg 150w, https:\/\/rmvapesale.com\/wp-content\/uploads\/2024\/10\/Bang-Vape-Box-BangKing-30000-Pro-768x768.jpg 768w, https:\/\/rmvapesale.com\/wp-content\/uploads\/2024\/10\/Bang-Vape-Box-BangKing-30000-Pro-600x600.jpg 600w, https:\/\/rmvapesale.com\/wp-content\/uploads\/2024\/10\/Bang-Vape-Box-BangKing-30000-Pro-100x100.jpg 100w\" sizes=\"auto, (max-width: 800px) 100vw, 800px\" \/><figcaption id=\"caption-attachment-2387\" class=\"wp-caption-text\">Caixa Bang Vape BangKing 30000 Pro<\/figcaption><\/figure>\n<h3><\/h3>\n<h3><strong>Por que escolher a Rmvapesale para o Bang Vape King 30k Pro Recarreg\u00e1vel<\/strong><strong>?<\/strong><\/h3>\n<div class=\"flex-shrink-0 flex flex-col relative items-end\">\n<div class=\"pt-0\">\n<div class=\"gizmo-bot-avatar flex h-8 w-8 items-center justify-center overflow-hidden rounded-full\">\n<div class=\"relative p-1 rounded-sm flex items-center justify-center bg-token-main-surface-primary text-token-text-primary h-8 w-8\">\n<p>&nbsp;<\/p>\n<p>Ao escolher a Rmvapesale para as suas necessidades de vape descart\u00e1vel por atacado, beneficiar\u00e1 de:<\/p>\n<ul>\n<li><strong>Pre\u00e7o Competitivo<\/strong>: Tenha acesso a pre\u00e7os atrativos de atacado que aumentam as margens do seu neg\u00f3cio.<\/li>\n<li><strong>Alta Qualidade<\/strong>: Os nossos vapes s\u00e3o fabricados com os mais altos padr\u00f5es e <span style=\"color: #ff0000\"><strong>t\u00eam 100% de garantia de serem originais e aut\u00eanticos, ou uma compensa\u00e7\u00e3o de 10 vezes ser\u00e1 fornecida por produtos falsificados!<\/strong><\/span><\/li>\n<li><strong>Excelente Apoio ao Cliente<\/strong>: A nossa equipa dedicada est\u00e1 sempre pronta para o ajudar, tornando o seu processo de compra suave e sem complica\u00e7\u00f5es.<\/li>\n<li><strong>R\u00e1pido<\/strong>: Conte com uma entrega r\u00e1pida e fi\u00e1vel, garantindo que as suas encomendas cheguem a tempo, sempre.<\/li>\n<\/ul>\n<h3><\/h3>\n<h3><b>FAQs<\/b><\/h3>\n<p>1. Quantas baforadas posso obter do Bang Vape Bang King 30k Pro?<br \/>\nO Bang King Vape 30000 Baforadas oferece impressionantes 30.000 baforadas, proporcionando uma experi\u00eancia de vaping prolongada e satisfat\u00f3ria sem necessidade de substitui\u00e7\u00f5es frequentes.<\/p>\n<p>2. O Bangking 30000 Pro \u00e9 recarreg\u00e1vel?<br \/>\nSim, o Bangking Vape 30000 Baforadas possui uma bateria recarreg\u00e1vel potente de 850mAh com carregamento Tipo-C, garantindo recargas r\u00e1pidas e eficientes para uso duradouro.<\/p>\n<p>3. Quais sabores est\u00e3o dispon\u00edveis para o Bang Vape 30000 Pro?<br \/>\nExistem 12 sabores \u00fanicos para escolher na gama de sabores Bang Vape, oferecendo uma variedade de op\u00e7\u00f5es para satisfazer as suas prefer\u00eancias, desde combina\u00e7\u00f5es frutadas at\u00e9 geladas.<\/p>\n<p>4. Posso personalizar o n\u00edvel de nicotina no Bang King 30000 Pro?<br \/>\nCom certeza! O Bang king 30000 Pro vem com n\u00edveis de nicotina personaliz\u00e1veis de 0%, 2%, 3% e 5%, tornando-o adequado para utilizadores com diferentes prefer\u00eancias de nicotina.<\/p>\n<p>5. Onde posso comprar o vape Bang 30000 Pro em quantidade?<br \/>\nPode adquirir o vape Bang 30000 Pro em quantidade ou atacado na Rmvapesale ou em outras lojas online de confian\u00e7a, garantindo a melhor oferta neste item em alta venda.<\/p>\n<\/div>\n<\/div>\n<\/div>\n<\/div>\n<div class=\"group\/conversation-turn relative flex w-full min-w-0 flex-col agent-turn\">\n<div class=\"flex-col gap-1 md:gap-3\">\n<div class=\"flex max-w-full flex-col flex-grow\">\n<div class=\"min-h-8 text-message flex w-full flex-col items-end gap-2 whitespace-normal break-words [.text-message+&amp;]:mt-5\" dir=\"auto\" data-message-author-role=\"assistant\" data-message-id=\"f226d3fc-81f3-46d5-8c46-31787fff0357\">\n<div class=\"flex w-full flex-col gap-1 empty:hidden first:pt-[3px]\">\n<div class=\"markdown prose w-full break-words dark:prose-invert light\">\n<p>&nbsp;<\/p>\n<\/div>\n<\/div>\n<\/div>\n<\/div>\n<\/div>\n<\/div>\n<h3>Sobre o Envio<\/h3>\n<div class=\"flex-shrink-0 flex flex-col relative items-end\">\n<div>\n<div class=\"pt-0\">\n<div class=\"gizmo-bot-avatar flex h-8 w-8 items-center justify-center overflow-hidden rounded-full\">\n<div><\/div>\n<div class=\"relative p-1 rounded-sm flex items-center justify-center bg-token-main-surface-primary text-token-text-primary h-8 w-8\"><strong>1. Que m\u00e9todos de envio s\u00e3o usados?<\/strong><\/div>\n<\/div>\n<\/div>\n<\/div>\n<\/div>\n<div class=\"group\/conversation-turn relative flex w-full min-w-0 flex-col agent-turn\">\n<div class=\"flex-col gap-1 md:gap-3\">\n<div class=\"flex max-w-full flex-col flex-grow\">\n<div class=\"min-h-[20px] text-message flex w-full flex-col items-end gap-2 whitespace-normal break-words [.text-message+&amp;]:mt-5 overflow-x-auto\" dir=\"auto\" data-message-author-role=\"assistant\" data-message-id=\"22f8283b-3233-46ff-89a5-c7a41b33abda\">\n<div class=\"flex w-full flex-col gap-1 empty:hidden first:pt-[3px]\">\n<div class=\"markdown prose w-full break-words dark:prose-invert light\">\n<p>Fazemos parceria com a UPS, DHL, FedEx, DPD e outras transportadoras l\u00edderes. Selecionaremos o melhor m\u00e9todo de envio com base na sua localiza\u00e7\u00e3o de entrega para garantir que receba os seus produtos o mais r\u00e1pido poss\u00edvel.<\/p>\n<\/div>\n<p><strong>2. Quanto tempo demora a chegar?<\/strong><\/p>\n<p>As encomendas enviadas para Portugal geralmente chegam dentro de 10 dias \u00fateis. O envio para pa\u00edses europeus demora geralmente cerca de 12-15 dias \u00fateis. Forneceremos atualiza\u00e7\u00f5es em tempo real sobre o estado do seu envio.<\/p>\n<\/div>\n<\/div>\n<\/div>\n<\/div>\n<\/div>\n<p>&nbsp;<\/p>\n<p>Outros vapes em alta que talvez goste:<\/p>\n<p><a href=\"https:\/\/rmvapesale.com\/pt\/product\/mrvi-puffing-15000-puff-disposable-vape-box\/\"><strong>MRVI PUFFING 15000 Puffs\u00a0 \u00a0<span style=\"color: #ff0000\">&gt;&gt;&gt;&gt; ir!<\/span><\/strong><\/a><\/p>\n<p><strong><a href=\"https:\/\/rmvapesale.com\/pt\/product\/bang-box-18000-puffs-led-display-disposable-vape-original\/\">BANG Vape 18000 Puffs <span style=\"color: #ff0000\">&gt;&gt;&gt;&gt; ir!<\/span><\/a>\u00a0<\/strong><\/p>\n<p><a href=\"https:\/\/rmvapesale.com\/pt\/product\/fihp-shisha-hookah-12000-puffs-monster-low-nicotine-vape-pen\/\"><strong>FIHP Shisha Hookah 12000 Puffs <span style=\"color: #ff0000\">&gt;&gt;&gt;&gt; ir!<\/span><\/strong><\/a><\/p>\n<p>&nbsp;<\/p>\n<p>&nbsp;<\/p>\n<p>Encontre mais produtos de vape que talvez goste:<strong><em><a href=\"https:\/\/rmvapesale.com\/pt\/shop-2\/\">comprar agora &gt;&gt;&gt;<\/a><\/em><\/strong><\/p>","protected":false},"excerpt":{"rendered":"<p>Bang King Vape 30k Pro Compra em Massa Pre\u00e7o Atacado<br \/>\nVape Bang King 30000 Pro Sabores de Puffs<br \/>\nBang King 30000 Puffs Caixa de Vape Descart\u00e1vel Recarreg\u00e1vel<\/p>\n<p><img loading=\"lazy\" decoding=\"async\" class=\"size-full wp-image-1978\" src=\"https:\/\/rmvapesale.com\/wp-content\/uploads\/2024\/09\/Disposable-Vape-Wholesale.jpg\" alt=\"Venda por grosso de vapes descart\u00e1veis\" width=\"229\" height=\"300\" \/><\/p>\n<h3><a href=\"https:\/\/wa.me\/8617776015835\"><span style=\"color: #ff0000\"><strong>WhatsApp: +86 17776015835<\/strong><\/span><\/a><\/h3>\n<p>&nbsp;<\/p>","protected":false},"featured_media":2390,"comment_status":"open","ping_status":"closed","template":"","meta":{"_uag_custom_page_level_css":"","_lmt_disableupdate":"","_lmt_disable":"","site-sidebar-layout":"default","site-content-layout":"content-boxed-container","ast-site-content-layout":"normal-width-container","site-content-style":"boxed","site-sidebar-style":"unboxed","ast-global-header-display":"","ast-banner-title-visibility":"","ast-main-header-display":"","ast-hfb-above-header-display":"","ast-hfb-below-header-display":"","ast-hfb-mobile-header-display":"","site-post-title":"","ast-breadcrumbs-content":"","ast-featured-img":"","footer-sml-layout":"","theme-transparent-header-meta":"default","adv-header-id-meta":"","stick-header-meta":"","header-above-stick-meta":"","header-main-stick-meta":"","header-below-stick-meta":"","astra-migrate-meta-layouts":"set","ast-page-background-enabled":"default","ast-page-background-meta":{"desktop":{"background-color":"var(--ast-global-color-4)","background-image":"","background-repeat":"repeat","background-position":"center center","background-size":"auto","background-attachment":"scroll","background-type":"","background-media":"","overlay-type":"","overlay-color":"","overlay-opacity":"","overlay-gradient":""},"tablet":{"background-color":"","background-image":"","background-repeat":"repeat","background-position":"center center","background-size":"auto","background-attachment":"scroll","background-type":"","background-media":"","overlay-type":"","overlay-color":"","overlay-opacity":"","overlay-gradient":""},"mobile":{"background-color":"","background-image":"","background-repeat":"repeat","background-position":"center center","background-size":"auto","background-attachment":"scroll","background-type":"","background-media":"","overlay-type":"","overlay-color":"","overlay-opacity":"","overlay-gradient":""}},"ast-content-background-meta":{"desktop":{"background-color":"var(--ast-global-color-5)","background-image":"","background-repeat":"repeat","background-position":"center center","background-size":"auto","background-attachment":"scroll","background-type":"","background-media":"","overlay-type":"","overlay-color":"","overlay-opacity":"","overlay-gradient":""},"tablet":{"background-color":"var(--ast-global-color-5)","background-image":"","background-repeat":"repeat","background-position":"center center","background-size":"auto","background-attachment":"scroll","background-type":"","background-media":"","overlay-type":"","overlay-color":"","overlay-opacity":"","overlay-gradient":""},"mobile":{"background-color":"var(--ast-global-color-5)","background-image":"","background-repeat":"repeat","background-position":"center center","background-size":"auto","background-attachment":"scroll","background-type":"","background-media":"","overlay-type":"","overlay-color":"","overlay-opacity":"","overlay-gradient":""}},"_joinchat":[]},"product_brand":[],"product_cat":[15,25,123,26,28,135,27,60,137,136,30],"product_tag":[148,146,126,111,132,149,120],"class_list":{"0":"post-2391","1":"product","2":"type-product","3":"status-publish","4":"has-post-thumbnail","6":"product_cat-new-vape-this-week","7":"product_cat-germany-best-selling-vape","8":"product_cat-italy-wholesale-vape","9":"product_cat-netherlands-hot-sale-vape","10":"product_cat-poland-hot-sale-vape","11":"product_cat-spain-best-hot-sale-vape","12":"product_cat-fance-hot-sale-vape","13":"product_cat-bang-vapes","14":"product_cat-rechargeable-vapes","15":"product_cat-smart-screen-vapes","16":"product_cat-minimum-order-quantity-50pcs","17":"product_tag-bang-disposable-vape","18":"product_tag-best-hot-sale-vape","19":"product_tag-e-cigarettes","20":"product_tag-low-nicotine-disposable-vape","21":"product_tag-rechargeable-vape","22":"product_tag-vape-30000-puffs","23":"product_tag-vape-wholesale","24":"desktop-align-left","25":"tablet-align-left","26":"mobile-align-left","28":"first","29":"instock","30":"sale","31":"shipping-taxable","32":"purchasable","33":"product-type-simple"},"uagb_featured_image_src":{"full":["https:\/\/rmvapesale.com\/wp-content\/uploads\/2024\/10\/BangKing-30000-Pro-Disposable-Vape-Box.jpg",800,800,false],"thumbnail":["https:\/\/rmvapesale.com\/wp-content\/uploads\/2024\/10\/BangKing-30000-Pro-Disposable-Vape-Box-150x150.jpg",150,150,true],"medium":["https:\/\/rmvapesale.com\/wp-content\/uploads\/2024\/10\/BangKing-30000-Pro-Disposable-Vape-Box-300x300.jpg",300,300,true],"medium_large":["https:\/\/rmvapesale.com\/wp-content\/uploads\/2024\/10\/BangKing-30000-Pro-Disposable-Vape-Box-768x768.jpg",768,768,true],"large":["https:\/\/rmvapesale.com\/wp-content\/uploads\/2024\/10\/BangKing-30000-Pro-Disposable-Vape-Box.jpg",800,800,false],"1536x1536":["https:\/\/rmvapesale.com\/wp-content\/uploads\/2024\/10\/BangKing-30000-Pro-Disposable-Vape-Box.jpg",800,800,false],"2048x2048":["https:\/\/rmvapesale.com\/wp-content\/uploads\/2024\/10\/BangKing-30000-Pro-Disposable-Vape-Box.jpg",800,800,false],"trp-custom-language-flag":["https:\/\/rmvapesale.com\/wp-content\/uploads\/2024\/10\/BangKing-30000-Pro-Disposable-Vape-Box.jpg",12,12,false],"woocommerce_thumbnail":["https:\/\/rmvapesale.com\/wp-content\/uploads\/2024\/10\/BangKing-30000-Pro-Disposable-Vape-Box-300x300.jpg",300,300,true],"woocommerce_single":["https:\/\/rmvapesale.com\/wp-content\/uploads\/2024\/10\/BangKing-30000-Pro-Disposable-Vape-Box-600x600.jpg",600,600,true],"woocommerce_gallery_thumbnail":["https:\/\/rmvapesale.com\/wp-content\/uploads\/2024\/10\/BangKing-30000-Pro-Disposable-Vape-Box-100x100.jpg",100,100,true],"wcpr-photo-reviews":["https:\/\/rmvapesale.com\/wp-content\/uploads\/2024\/10\/BangKing-30000-Pro-Disposable-Vape-Box.jpg",500,500,false]},"uagb_author_info":{"display_name":"AMY","author_link":"https:\/\/rmvapesale.com\/pt\/author\/"},"uagb_comment_info":0,"uagb_excerpt":"Bang King Vape 30k Pro Bulk Buy Wholesale price Vape Bang King 30000 Pro Puffs Flavors Bang King 30000 Puffs Rechargeable Disposable Vape Box WhatsApp: +86 17776015835 &nbsp;","_links":{"self":[{"href":"https:\/\/rmvapesale.com\/pt\/wp-json\/wp\/v2\/product\/2391","targetHints":{"allow":["GET"]}}],"collection":[{"href":"https:\/\/rmvapesale.com\/pt\/wp-json\/wp\/v2\/product"}],"about":[{"href":"https:\/\/rmvapesale.com\/pt\/wp-json\/wp\/v2\/types\/product"}],"replies":[{"embeddable":true,"href":"https:\/\/rmvapesale.com\/pt\/wp-json\/wp\/v2\/comments?post=2391"}],"wp:featuredmedia":[{"embeddable":true,"href":"https:\/\/rmvapesale.com\/pt\/wp-json\/wp\/v2\/media\/2390"}],"wp:attachment":[{"href":"https:\/\/rmvapesale.com\/pt\/wp-json\/wp\/v2\/media?parent=2391"}],"wp:term":[{"taxonomy":"product_brand","embeddable":true,"href":"https:\/\/rmvapesale.com\/pt\/wp-json\/wp\/v2\/product_brand?post=2391"},{"taxonomy":"product_cat","embeddable":true,"href":"https:\/\/rmvapesale.com\/pt\/wp-json\/wp\/v2\/product_cat?post=2391"},{"taxonomy":"product_tag","embeddable":true,"href":"https:\/\/rmvapesale.com\/pt\/wp-json\/wp\/v2\/product_tag?post=2391"}],"curies":[{"name":"wp","href":"https:\/\/api.w.org\/{rel}","templated":true}]}}