{"id":2410,"date":"2024-10-15T03:28:17","date_gmt":"2024-10-15T03:28:17","guid":{"rendered":"https:\/\/rmvapesale.com\/?post_type=product&#038;p=2410"},"modified":"2024-10-15T08:43:04","modified_gmt":"2024-10-15T08:43:04","slug":"bang-box-20000-puffs-vape-0-2-5-nicotine","status":"publish","type":"product","link":"https:\/\/rmvapesale.com\/pt\/product\/bang-box-20000-puffs-vape-0-2-5-nicotine\/","title":{"rendered":"Bang Box 20000 Puffs Vape 0% 2% 5% Nicotina"},"content":{"rendered":"<div class=\"B2VR9 CJHX3e\">\n<div class=\"wyccme\">\n<h1 class=\"LC20lb MBeuO DKV0Md\">Bang Box 20000 Puffs Vape 0% 2% 5% Nicotina<\/h1>\n<div class=\"flex-shrink-0 flex flex-col relative items-end\">\n<div class=\"pt-0\">\n<div class=\"gizmo-bot-avatar flex h-8 w-8 items-center justify-center overflow-hidden rounded-full\">\n<div class=\"relative p-1 rounded-sm flex items-center justify-center bg-token-main-surface-primary text-token-text-primary h-8 w-8\">\n<p>O Vape Bang Box 20000 Puffs \u00e9 um produto de destaque no mercado de vaping, concebido tanto para vaporizadores ocasionais quanto para os mais dedicados. Oferece at\u00e9 20.000 tragos, proporcionando uma experi\u00eancia de vaping duradoura, pr\u00e1tica e econ\u00f3mica. Este cigarro eletr\u00f3nico est\u00e1 dispon\u00edvel em v\u00e1rias concentra\u00e7\u00f5es de nicotina, incluindo 0%, 2%, 3% e 5%, permitindo aos utilizadores escolher o n\u00edvel preferido.<\/p>\n<p>Uma das principais caracter\u00edsticas do Bang Box 20k puff \u00e9 a sua bateria recarreg\u00e1vel, que aumenta a sua sustentabilidade em compara\u00e7\u00e3o com os vapes descart\u00e1veis tradicionais. Este vape est\u00e1 equipado com uma capacidade de e-l\u00edquido de 25ml, garantindo sess\u00f5es prolongadas.<\/p>\n<p>Al\u00e9m disso, o Bang 20000 bar \u00e9 concebido com um sistema de dupla resist\u00eancia de malha que melhora o sabor e a produ\u00e7\u00e3o de vapor, tornando cada tragada satisfat\u00f3ria. O design elegante e port\u00e1til facilita o transporte, atendendo \u00e0s necessidades de utilizadores que est\u00e3o sempre em movimento.<\/p>\n<p>No geral, o Vape Descart\u00e1vel Bang Box 20000 Puffs \u00e9 uma excelente escolha para quem procura uma op\u00e7\u00e3o de vaping confi\u00e1vel e com muitas tragadas.<\/p>\n<\/div>\n<\/div>\n<\/div>\n<\/div>\n<\/div>\n<\/div>\n<p><strong>Contacte a Amy para obter a resposta certa e mais v\u00eddeos do produto!<\/strong><\/p>\n<p><img loading=\"lazy\" decoding=\"async\" class=\"size-full wp-image-1978\" src=\"https:\/\/rmvapesale.com\/wp-content\/uploads\/2024\/09\/Disposable-Vape-Wholesale.jpg\" alt=\"Venda por grosso de vapes descart\u00e1veis\" width=\"229\" height=\"300\" \/><\/p>\n<h3><a href=\"https:\/\/wa.me\/8617776015835\" target=\"_blank\" rel=\"noopener\"><span style=\"color: #ff0000\"><strong>WhatsApp: +86 17776015835<\/strong><\/span><\/a><\/h3>\n<p>&nbsp;<\/p>\n<h2><\/h2>\n<h2><strong>Principais Caracter\u00edsticas do Vape Descart\u00e1vel Bang<\/strong><\/h2>\n<p>Tragos: AT\u00c9 20000 tragos<br \/>\nL\u00edquido: 35 mL pr\u00e9-carregado<br \/>\nNicotina: 0% 2% 3% 5%<br \/>\nN\u00facleo: resist\u00eancia de malha 1.0\u03a9<br \/>\nBateria: 850mAh recarreg\u00e1vel tipo-C<br \/>\nDisplay inteligente para \u00f3leo e e-l\u00edquido<\/p>\n<h2><\/h2>\n<h2><strong>Sabor principal para o display inteligente do Bang 20000 Puffs Vape<\/strong><\/h2>\n<p>O Vape Bang Box 20000 Puffs oferece uma variedade de sabores projetados para atender a diferentes prefer\u00eancias. Cada sabor \u00e9 criado para proporcionar uma experi\u00eancia de vaping \u00fanica, garantindo que os utilizadores encontrem algo que se adapte ao seu gosto. Op\u00e7\u00f5es populares incluem sabores frutados como melancia, manga e frutos silvestres, que proporcionam uma sensa\u00e7\u00e3o refrescante e doce.<\/p>\n<p>1. Morango kiwi<br \/>\n2.Kiwi maracuj\u00e1 goiaba<span style=\"color: #ff0000\"><strong>&gt;&gt;&gt;&gt; Quente!<\/strong><\/span><br \/>\n3.Morango Melancia<span style=\"color: #ff0000\"><strong>&gt;&gt;&gt;&gt; Quente!<\/strong><\/span><br \/>\n4. Framboesa melancia<br \/>\n5. Mirtilo framboesa azeda gelo<br \/>\n6. Gelo de Melancia<br \/>\n7. Banana gelo<br \/>\n8. Manga p\u00eassego<br \/>\n9. Blue razz gelo<span style=\"color: #ff0000\"><strong>&gt;&gt;&gt;&gt; O Melhor!<\/strong><\/span><br \/>\n10. Mr blue<br \/>\n11. Uva gelo<br \/>\n12.Manga no gelo<\/p>\n<figure id=\"attachment_2404\" aria-describedby=\"caption-attachment-2404\" style=\"width: 800px\" class=\"wp-caption alignnone\"><img loading=\"lazy\" decoding=\"async\" class=\"wp-image-2404 size-full\" src=\"https:\/\/rmvapesale.com\/wp-content\/uploads\/2024\/10\/Bang-box-20000-Puffs-Disposable-Vape-Bulk-Buy.jpg\" alt=\"Bang box 20000 Puffs Vape Descart\u00e1vel Compra em Grande Quantidade\" width=\"800\" height=\"504\" srcset=\"https:\/\/rmvapesale.com\/wp-content\/uploads\/2024\/10\/Bang-box-20000-Puffs-Disposable-Vape-Bulk-Buy.jpg 800w, https:\/\/rmvapesale.com\/wp-content\/uploads\/2024\/10\/Bang-box-20000-Puffs-Disposable-Vape-Bulk-Buy-300x189.jpg 300w, https:\/\/rmvapesale.com\/wp-content\/uploads\/2024\/10\/Bang-box-20000-Puffs-Disposable-Vape-Bulk-Buy-768x484.jpg 768w, https:\/\/rmvapesale.com\/wp-content\/uploads\/2024\/10\/Bang-box-20000-Puffs-Disposable-Vape-Bulk-Buy-600x378.jpg 600w\" sizes=\"auto, (max-width: 800px) 100vw, 800px\" \/><figcaption id=\"caption-attachment-2404\" class=\"wp-caption-text\">Bang box 20000 Puffs Vape Descart\u00e1vel Compra em Grande Quantidade<\/figcaption><\/figure>\n<h3><\/h3>\n<h3><strong>Por que escolher a Rmvapesale para Bang Vape Puff 20000 Vape Recarreg\u00e1vel<\/strong><strong>?<\/strong><\/h3>\n<div class=\"flex-shrink-0 flex flex-col relative items-end\">\n<div class=\"pt-0\">\n<div class=\"gizmo-bot-avatar flex h-8 w-8 items-center justify-center overflow-hidden rounded-full\">\n<div class=\"relative p-1 rounded-sm flex items-center justify-center bg-token-main-surface-primary text-token-text-primary h-8 w-8\">\n<p>&nbsp;<\/p>\n<p>Ao escolher a Rmvapesale para as suas necessidades de vape descart\u00e1vel por atacado, beneficiar\u00e1 de:<\/p>\n<ul>\n<li><strong>Pre\u00e7o Competitivo<\/strong>: Tenha acesso a pre\u00e7os atrativos de atacado que aumentam as margens do seu neg\u00f3cio.<\/li>\n<li><strong>Alta Qualidade<\/strong>: Os nossos vapes s\u00e3o fabricados com os mais altos padr\u00f5es e <span style=\"color: #ff0000\"><strong>t\u00eam 100% de garantia de serem originais e aut\u00eanticos, ou uma compensa\u00e7\u00e3o de 10 vezes ser\u00e1 fornecida por produtos falsificados!<\/strong><\/span><\/li>\n<li><strong>Excelente Apoio ao Cliente<\/strong>: A nossa equipa dedicada est\u00e1 sempre pronta para o ajudar, tornando o seu processo de compra suave e sem complica\u00e7\u00f5es.<\/li>\n<li><strong>R\u00e1pido<\/strong>: Conte com uma entrega r\u00e1pida e fi\u00e1vel, garantindo que as suas encomendas cheguem a tempo, sempre.<\/li>\n<\/ul>\n<\/div>\n<h3><\/h3>\n<div class=\"relative p-1 rounded-sm flex items-center justify-center bg-token-main-surface-primary text-token-text-primary h-8 w-8\">\n<h3><b>FAQs<\/b><\/h3>\n<p>&nbsp;<\/p>\n<\/div>\n<\/div>\n<\/div>\n<\/div>\n<div class=\"group\/conversation-turn relative flex w-full min-w-0 flex-col agent-turn\">\n<div class=\"flex-col gap-1 md:gap-3\">\n<div class=\"flex max-w-full flex-col flex-grow\">\n<div class=\"min-h-8 text-message flex w-full flex-col items-end gap-2 whitespace-normal break-words [.text-message+&amp;]:mt-5\" dir=\"auto\" data-message-author-role=\"assistant\" data-message-id=\"f226d3fc-81f3-46d5-8c46-31787fff0357\">\n<div class=\"flex w-full flex-col gap-1 empty:hidden first:pt-[3px]\">\n<div class=\"markdown prose w-full break-words dark:prose-invert light\">\n<p>1. Qual \u00e9 a contagem de puffs do Bang Box 20.000 Puffs Vape?<br \/>\nO vape descart\u00e1vel Bang Box oferece at\u00e9 20.000 puffs por dispositivo, tornando-se uma op\u00e7\u00e3o duradoura para utilizadores que procuram uso prolongado sem substitui\u00e7\u00f5es frequentes.<\/p>\n<p>2. Quais s\u00e3o as concentra\u00e7\u00f5es de nicotina dispon\u00edveis para o Bang Box 20000 Vape?<br \/>\nEste vape vem com quatro op\u00e7\u00f5es de concentra\u00e7\u00e3o de nicotina: 0%, 2%, 3% e 5%. Os utilizadores podem escolher com base na sua prefer\u00eancia pessoal ou toler\u00e2ncia \u00e0 nicotina.<\/p>\n<p>3. O Bang Vape 20.000 \u00e9 recarreg\u00e1vel?<br \/>\nSim, o dispositivo \u00e9 recarreg\u00e1vel, permitindo aos utilizadores aproveitar ao m\u00e1ximo a alta contagem de puffs sem se preocuparem com a bateria acabar antes de o e-l\u00edquido terminar.<\/p>\n<p>4. Quais sabores est\u00e3o dispon\u00edveis para o Bang Box 20.000 Vape Recarreg\u00e1vel?<br \/>\nO dispositivo est\u00e1 dispon\u00edvel numa variedade de sabores. No entanto, os sabores espec\u00edficos podem variar dependendo do retalhista ou da sele\u00e7\u00e3o do fabricante. Op\u00e7\u00f5es t\u00edpicas incluem sabores populares de fruta, mentol e sobremesa.<\/p>\n<p>5. Posso comprar o Bang Descart\u00e1vel 20.000 Puffs em quantidade?<br \/>\nSim, o dispositivo est\u00e1 dispon\u00edvel para compra em grande quantidade, tornando-o ideal para compradores por atacado ou indiv\u00edduos que desejam fazer stock de uma grande quantidade de vapes descart\u00e1veis.<\/p>\n<p>6. O Bang Box 20.000 Puffs Vape \u00e9 adequado para principiantes?<br \/>\nO vape Bang Box foi desenhado para ser f\u00e1cil de usar, sem necessidade de manuten\u00e7\u00e3o. \u00c9 adequado tanto para principiantes quanto para utilizadores experientes devido ao seu design amig\u00e1vel e alta contagem de puffs.<\/p>\n<\/div>\n<\/div>\n<\/div>\n<\/div>\n<\/div>\n<\/div>\n<h3>Sobre o Envio<\/h3>\n<div class=\"flex-shrink-0 flex flex-col relative items-end\">\n<div>\n<div class=\"pt-0\">\n<div class=\"gizmo-bot-avatar flex h-8 w-8 items-center justify-center overflow-hidden rounded-full\">\n<div><\/div>\n<div class=\"relative p-1 rounded-sm flex items-center justify-center bg-token-main-surface-primary text-token-text-primary h-8 w-8\"><strong>1. Que m\u00e9todos de envio s\u00e3o usados?<\/strong><\/div>\n<\/div>\n<\/div>\n<\/div>\n<\/div>\n<div class=\"group\/conversation-turn relative flex w-full min-w-0 flex-col agent-turn\">\n<div class=\"flex-col gap-1 md:gap-3\">\n<div class=\"flex max-w-full flex-col flex-grow\">\n<div class=\"min-h-[20px] text-message flex w-full flex-col items-end gap-2 whitespace-normal break-words [.text-message+&amp;]:mt-5 overflow-x-auto\" dir=\"auto\" data-message-author-role=\"assistant\" data-message-id=\"22f8283b-3233-46ff-89a5-c7a41b33abda\">\n<div class=\"flex w-full flex-col gap-1 empty:hidden first:pt-[3px]\">\n<div class=\"markdown prose w-full break-words dark:prose-invert light\">\n<p>Fazemos parceria com a UPS, DHL, FedEx, DPD e outras transportadoras l\u00edderes. Selecionaremos o melhor m\u00e9todo de envio com base na sua localiza\u00e7\u00e3o de entrega para garantir que receba os seus produtos o mais r\u00e1pido poss\u00edvel.<\/p>\n<\/div>\n<p><strong>2. Quanto tempo demora a chegar?<\/strong><\/p>\n<p>As encomendas enviadas para Portugal geralmente chegam dentro de 10 dias \u00fateis. O envio para pa\u00edses europeus demora geralmente cerca de 12-15 dias \u00fateis. Forneceremos atualiza\u00e7\u00f5es em tempo real sobre o estado do seu envio.<\/p>\n<\/div>\n<\/div>\n<\/div>\n<\/div>\n<\/div>\n<p>&nbsp;<\/p>\n<p>Outros vapes em alta que talvez goste:<\/p>\n<p><a href=\"https:\/\/rmvapesale.com\/pt\/product\/bang-vape-30000-pro-disposables-wholesale\/\"><strong>Bang King 30000 Puffs Puff\u00a0 \u00a0<span style=\"color: #ff0000\">&gt;&gt;&gt;&gt; ir!<\/span><\/strong><\/a><\/p>\n<p><strong><a href=\"https:\/\/rmvapesale.com\/pt\/product\/faivono-bang-maxi-15000-puffs-disposable-vape-bulk-wholesale\/\">AIVONO Aim Bang Maxi 15000 Puffs <span style=\"color: #ff0000\">&gt;&gt;&gt;&gt; ir!<\/span><\/a>\u00a0<\/strong><\/p>\n<p><a href=\"https:\/\/rmvapesale.com\/pt\/product\/bang-box-30000-puff-double-taste-smart-screen-disposable-vape\/\"><strong>Bang Vape Box 30000 Puffs <span style=\"color: #ff0000\">&gt;&gt;&gt;&gt; ir!<\/span><\/strong><\/a><\/p>\n<p>&nbsp;<\/p>\n<p>&nbsp;<\/p>\n<p>Encontre mais produtos de vape que talvez goste:<strong><em><a href=\"https:\/\/rmvapesale.com\/pt\/shop-2\/\">comprar agora &gt;&gt;&gt;<\/a><\/em><\/strong><\/p>","protected":false},"excerpt":{"rendered":"<p>Vape Descart\u00e1vel Bang Box 20000 Puffs<br \/>\nVape Descart\u00e1vel Bang 20000 Puffs com Display LED<br \/>\nVape Descart\u00e1vel Bang Box 20000 Puffs<\/p>\n<p><img loading=\"lazy\" decoding=\"async\" class=\"size-full wp-image-1978\" src=\"https:\/\/rmvapesale.com\/wp-content\/uploads\/2024\/09\/Disposable-Vape-Wholesale.jpg\" alt=\"Venda por grosso de vapes descart\u00e1veis\" width=\"229\" height=\"300\" \/><\/p>\n<h3><a href=\"https:\/\/wa.me\/8617776015835\"><span style=\"color: #ff0000\"><strong>WhatsApp: +86 17776015835<\/strong><\/span><\/a><\/h3>\n<p>&nbsp;<\/p>","protected":false},"featured_media":2407,"comment_status":"open","ping_status":"closed","template":"","meta":{"_uag_custom_page_level_css":"","_lmt_disableupdate":"","_lmt_disable":"","site-sidebar-layout":"default","site-content-layout":"content-boxed-container","ast-site-content-layout":"normal-width-container","site-content-style":"boxed","site-sidebar-style":"unboxed","ast-global-header-display":"","ast-banner-title-visibility":"","ast-main-header-display":"","ast-hfb-above-header-display":"","ast-hfb-below-header-display":"","ast-hfb-mobile-header-display":"","site-post-title":"","ast-breadcrumbs-content":"","ast-featured-img":"","footer-sml-layout":"","theme-transparent-header-meta":"default","adv-header-id-meta":"","stick-header-meta":"","header-above-stick-meta":"","header-main-stick-meta":"","header-below-stick-meta":"","astra-migrate-meta-layouts":"set","ast-page-background-enabled":"default","ast-page-background-meta":{"desktop":{"background-color":"var(--ast-global-color-4)","background-image":"","background-repeat":"repeat","background-position":"center center","background-size":"auto","background-attachment":"scroll","background-type":"","background-media":"","overlay-type":"","overlay-color":"","overlay-opacity":"","overlay-gradient":""},"tablet":{"background-color":"","background-image":"","background-repeat":"repeat","background-position":"center center","background-size":"auto","background-attachment":"scroll","background-type":"","background-media":"","overlay-type":"","overlay-color":"","overlay-opacity":"","overlay-gradient":""},"mobile":{"background-color":"","background-image":"","background-repeat":"repeat","background-position":"center center","background-size":"auto","background-attachment":"scroll","background-type":"","background-media":"","overlay-type":"","overlay-color":"","overlay-opacity":"","overlay-gradient":""}},"ast-content-background-meta":{"desktop":{"background-color":"var(--ast-global-color-5)","background-image":"","background-repeat":"repeat","background-position":"center center","background-size":"auto","background-attachment":"scroll","background-type":"","background-media":"","overlay-type":"","overlay-color":"","overlay-opacity":"","overlay-gradient":""},"tablet":{"background-color":"var(--ast-global-color-5)","background-image":"","background-repeat":"repeat","background-position":"center center","background-size":"auto","background-attachment":"scroll","background-type":"","background-media":"","overlay-type":"","overlay-color":"","overlay-opacity":"","overlay-gradient":""},"mobile":{"background-color":"var(--ast-global-color-5)","background-image":"","background-repeat":"repeat","background-position":"center center","background-size":"auto","background-attachment":"scroll","background-type":"","background-media":"","overlay-type":"","overlay-color":"","overlay-opacity":"","overlay-gradient":""}},"_joinchat":[]},"product_brand":[],"product_cat":[15,25,123,26,28,135,27,60,137,136,30],"product_tag":[152,148,150,146,126,111,132,85],"class_list":{"0":"post-2410","1":"product","2":"type-product","3":"status-publish","4":"has-post-thumbnail","6":"product_cat-new-vape-this-week","7":"product_cat-germany-best-selling-vape","8":"product_cat-italy-wholesale-vape","9":"product_cat-netherlands-hot-sale-vape","10":"product_cat-poland-hot-sale-vape","11":"product_cat-spain-best-hot-sale-vape","12":"product_cat-fance-hot-sale-vape","13":"product_cat-bang-vapes","14":"product_cat-rechargeable-vapes","15":"product_cat-smart-screen-vapes","16":"product_cat-minimum-order-quantity-50pcs","17":"product_tag-bang-20000-puff","18":"product_tag-bang-disposable-vape","19":"product_tag-bang-vape-bar","20":"product_tag-best-hot-sale-vape","21":"product_tag-e-cigarettes","22":"product_tag-low-nicotine-disposable-vape","23":"product_tag-rechargeable-vape","24":"product_tag-smart-disposable-vape","25":"desktop-align-left","26":"tablet-align-left","27":"mobile-align-left","29":"first","30":"instock","31":"sale","32":"shipping-taxable","33":"purchasable","34":"product-type-simple"},"uagb_featured_image_src":{"full":["https:\/\/rmvapesale.com\/wp-content\/uploads\/2024\/10\/Bang-box-20000-Puffs-Disposable-Vape-Rechargeable.jpg",800,800,false],"thumbnail":["https:\/\/rmvapesale.com\/wp-content\/uploads\/2024\/10\/Bang-box-20000-Puffs-Disposable-Vape-Rechargeable-150x150.jpg",150,150,true],"medium":["https:\/\/rmvapesale.com\/wp-content\/uploads\/2024\/10\/Bang-box-20000-Puffs-Disposable-Vape-Rechargeable-300x300.jpg",300,300,true],"medium_large":["https:\/\/rmvapesale.com\/wp-content\/uploads\/2024\/10\/Bang-box-20000-Puffs-Disposable-Vape-Rechargeable-768x768.jpg",768,768,true],"large":["https:\/\/rmvapesale.com\/wp-content\/uploads\/2024\/10\/Bang-box-20000-Puffs-Disposable-Vape-Rechargeable.jpg",800,800,false],"1536x1536":["https:\/\/rmvapesale.com\/wp-content\/uploads\/2024\/10\/Bang-box-20000-Puffs-Disposable-Vape-Rechargeable.jpg",800,800,false],"2048x2048":["https:\/\/rmvapesale.com\/wp-content\/uploads\/2024\/10\/Bang-box-20000-Puffs-Disposable-Vape-Rechargeable.jpg",800,800,false],"trp-custom-language-flag":["https:\/\/rmvapesale.com\/wp-content\/uploads\/2024\/10\/Bang-box-20000-Puffs-Disposable-Vape-Rechargeable.jpg",12,12,false],"woocommerce_thumbnail":["https:\/\/rmvapesale.com\/wp-content\/uploads\/2024\/10\/Bang-box-20000-Puffs-Disposable-Vape-Rechargeable-300x300.jpg",300,300,true],"woocommerce_single":["https:\/\/rmvapesale.com\/wp-content\/uploads\/2024\/10\/Bang-box-20000-Puffs-Disposable-Vape-Rechargeable-600x600.jpg",600,600,true],"woocommerce_gallery_thumbnail":["https:\/\/rmvapesale.com\/wp-content\/uploads\/2024\/10\/Bang-box-20000-Puffs-Disposable-Vape-Rechargeable-100x100.jpg",100,100,true],"wcpr-photo-reviews":["https:\/\/rmvapesale.com\/wp-content\/uploads\/2024\/10\/Bang-box-20000-Puffs-Disposable-Vape-Rechargeable.jpg",500,500,false]},"uagb_author_info":{"display_name":"AMY","author_link":"https:\/\/rmvapesale.com\/pt\/author\/"},"uagb_comment_info":0,"uagb_excerpt":"Bang Box 20000 Puffs Disposable Vape Bang 20000 Puffs LED Display Disposable Vape Bang Box 20000 Puff Vapes Disposable Vape WhatsApp: +86 17776015835 &nbsp;","_links":{"self":[{"href":"https:\/\/rmvapesale.com\/pt\/wp-json\/wp\/v2\/product\/2410","targetHints":{"allow":["GET"]}}],"collection":[{"href":"https:\/\/rmvapesale.com\/pt\/wp-json\/wp\/v2\/product"}],"about":[{"href":"https:\/\/rmvapesale.com\/pt\/wp-json\/wp\/v2\/types\/product"}],"replies":[{"embeddable":true,"href":"https:\/\/rmvapesale.com\/pt\/wp-json\/wp\/v2\/comments?post=2410"}],"wp:featuredmedia":[{"embeddable":true,"href":"https:\/\/rmvapesale.com\/pt\/wp-json\/wp\/v2\/media\/2407"}],"wp:attachment":[{"href":"https:\/\/rmvapesale.com\/pt\/wp-json\/wp\/v2\/media?parent=2410"}],"wp:term":[{"taxonomy":"product_brand","embeddable":true,"href":"https:\/\/rmvapesale.com\/pt\/wp-json\/wp\/v2\/product_brand?post=2410"},{"taxonomy":"product_cat","embeddable":true,"href":"https:\/\/rmvapesale.com\/pt\/wp-json\/wp\/v2\/product_cat?post=2410"},{"taxonomy":"product_tag","embeddable":true,"href":"https:\/\/rmvapesale.com\/pt\/wp-json\/wp\/v2\/product_tag?post=2410"}],"curies":[{"name":"wp","href":"https:\/\/api.w.org\/{rel}","templated":true}]}}