{"id":2472,"date":"2024-10-21T03:19:00","date_gmt":"2024-10-21T03:19:00","guid":{"rendered":"https:\/\/rmvapesale.com\/?post_type=product&#038;p=2472"},"modified":"2024-10-21T07:09:46","modified_gmt":"2024-10-21T07:09:46","slug":"fumot-digital-box-12000-disposable-vape-pink-lemonade-flavor","status":"publish","type":"product","link":"https:\/\/rmvapesale.com\/pt\/product\/fumot-digital-box-12000-disposable-vape-pink-lemonade-flavor\/","title":{"rendered":"Fumot Digital Box 12000 Vape Descart\u00e1vel Sabor Limonada Rosa"},"content":{"rendered":"<div class=\"B2VR9 CJHX3e\">\n<div class=\"wyccme\">\n<h1 class=\"LC20lb MBeuO DKV0Md\">Fumot Digital Box 12000 Vape Descart\u00e1vel Sabor Limonada Rosa<\/h1>\n<div class=\"flex-shrink-0 flex flex-col relative items-end\">\n<div class=\"pt-0\">\n<div class=\"gizmo-bot-avatar flex h-8 w-8 items-center justify-center overflow-hidden rounded-full\">\n<div class=\"relative p-1 rounded-sm flex items-center justify-center bg-token-main-surface-primary text-token-text-primary h-8 w-8\">\n<p>Lim\u00e3o Rosado, um sabor favorito na Fumot Digital Box 12000 Vape Descart\u00e1vel, oferece uma mistura irresist\u00edvel de citrinos tangy e notas doces de frutos silvestres. Esta mistura vibrante de lim\u00f5es e frutos silvestres cria um perfil de sabor refrescante e animado que transforma cada puff numa experi\u00eancia deliciosa. O aroma natural de citrinos, complementado por notas subtis de frutos silvestres, garante uma vaporiza\u00e7\u00e3o perfeitamente equilibrada e harmoniosa.<\/p>\n<p>Com cada inspira\u00e7\u00e3o, o sabor intenso aumenta, deixando um retrogosto crocante e refrescante que lembra dias quentes de ver\u00e3o. Gra\u00e7as \u00e0 tecnologia de ponta do Fumot Vape 12000 puffs, o sabor permanece consistente e rico durante toda a sess\u00e3o, aprimorando a experi\u00eancia de vaporiza\u00e7\u00e3o por um momento de puro prazer.<\/p>\n<p>Fumot Digital RandM 12000 Vape Descart\u00e1vel Lim\u00e3o Rosado \u00e9 a escolha ideal para quem aprecia um vapor frutado e refrescante. Quer esteja a relaxar ap\u00f3s um dia longo ou a procurar um come\u00e7o revigorante para a manh\u00e3, este sabor oferece a mistura perfeita de fruta e frescura. \u00c9 uma excelente op\u00e7\u00e3o para vaporizadores que procuram uma mudan\u00e7a de sabor sem sacrificar intensidade ou satisfa\u00e7\u00e3o.<\/p>\n<p>&nbsp;<\/p>\n<\/div>\n<\/div>\n<\/div>\n<\/div>\n<\/div>\n<\/div>\n<p><strong>Contacte a Amy para obter a resposta certa e cup\u00e3o de vape!<\/strong><\/p>\n<p><img loading=\"lazy\" decoding=\"async\" class=\"size-full wp-image-1978\" src=\"https:\/\/rmvapesale.com\/wp-content\/uploads\/2024\/09\/Disposable-Vape-Wholesale.jpg\" alt=\"Venda por grosso de vapes descart\u00e1veis\" width=\"229\" height=\"300\" \/><\/p>\n<h3><a href=\"https:\/\/wa.me\/8617776015835\" target=\"_blank\" rel=\"noopener\"><span style=\"color: #ff0000\"><strong>WhatsApp: +86 17776015835<\/strong><\/span><\/a><\/h3>\n<p>&nbsp;<\/p>\n<h2><\/h2>\n<h2><strong>Fumot Vape 12k Descart\u00e1vel<\/strong><strong>\u00a0<\/strong><strong>Principais Caracter\u00edsticas<\/strong><\/h2>\n<p>&nbsp;<\/p>\n<p>Marca: TORNADO 25000<br \/>\nSabor: Lim\u00e3o Rosa<br \/>\nInala\u00e7\u00f5es: 12000<br \/>\nNicotina: 0\/2\/3\/5%<br \/>\n20 ML de E-L\u00edquido.<br \/>\nBateria recarreg\u00e1vel<br \/>\nBateria integrada de 850mAh.<br \/>\nDispon\u00edvel em 40 sabores.<br \/>\nEcr\u00e3 de Exibi\u00e7\u00e3o para E-juice e Bateria<\/p>\n<h2><\/h2>\n<h2><strong>Sabor principal para RandM Fumot Digital Box 12000 Vape<\/strong><\/h2>\n<p>Com 24 sabores \u00fanicos, o RandM Tornado 25000 atende a uma vasta gama de prefer\u00eancias, garantindo que cada utilizador possa encontrar um sabor que se adapte ao seu gosto. O dispositivo \u00e9 fabricado com materiais de alta qualidade, garantindo durabilidade e uma experi\u00eancia de vaping satisfat\u00f3ria<\/p>\n<p>1. Menta Fresca<br \/>\n2. Melancia Gelada<br \/>\n3. Uva Gelo<br \/>\n4. Mirtilo Framboesa <span style=\"color: #ff0000\"><strong>&gt;&gt;&gt;&gt; Quente!<\/strong><\/span><br \/>\n5. Morango Melancia<br \/>\n6. Morango Banana<br \/>\n7. Gelo Lush<br \/>\n8. Cereja<br \/>\n9. Gelado de Morango<br \/>\n10. Picol\u00e9 de Gelo<br \/>\n11. Limonada Rosa <span style=\"color: #ff0000\"><strong>&gt;&gt;&gt;&gt; O Melhor!<\/strong><\/span><br \/>\n12. Manga com gelo<br \/>\n13. Frutos Vermelhos Mistos <span style=\"color: #ff0000\"><strong>&gt;&gt;&gt;&gt; Quente!<\/strong><\/span><br \/>\n14. Donut de Morango<br \/>\n15. Uva com Morango<br \/>\n16. Cola de Cereja<br \/>\n17. Dr. Blue<br \/>\n18. Mirtilo com gelo<br \/>\n19. Kiwi, Maracuj\u00e1 e Goiaba<br \/>\n20. Morango com Kiwi<br \/>\n21. P\u00eassego com Manga<br \/>\n22. P\u00eassego com gelo <span style=\"color: #ff0000\"><strong>&gt;&gt;&gt;&gt; Quente!<\/strong><\/span><br \/>\n23. Ma\u00e7\u00e3 Vermelha com gelo<br \/>\n24. Goma de Mirtilo<br \/>\n25. Limonada de Frutos Vermelhos<br \/>\n26. Limonada Blue Razz<br \/>\n27. Framboesa Blue Sour<br \/>\n28. Morango Red Bull<br \/>\n29. Explos\u00e3o de ma\u00e7\u00e3 e bagas<br \/>\n30. Goma de mascar de melancia<br \/>\n31. Framboesa e melancia<br \/>\n32. Gelo negro<br \/>\n33. Mirtilo, cereja e cranberry<br \/>\n34. Morango e rom\u00e3<br \/>\n35. Vimto <span style=\"color: #ff0000\"><strong>&gt;&gt;&gt;&gt; Quente!<\/strong><\/span><br \/>\n36. Fruta vermelha e cereja <span style=\"color: #ff0000\"><strong>&gt;&gt;&gt;&gt; Quente!<\/strong><\/span><br \/>\n37. Lim\u00e3o e lima<br \/>\n38. Bingo Crush<br \/>\n39. Mirtilo Kiwi<br \/>\n40. Ma\u00e7\u00e3 Canela<\/p>\n<figure id=\"attachment_2481\" aria-describedby=\"caption-attachment-2481\" style=\"width: 600px\" class=\"wp-caption alignnone\"><img loading=\"lazy\" decoding=\"async\" class=\"wp-image-2481 size-full\" src=\"https:\/\/rmvapesale.com\/wp-content\/uploads\/2024\/10\/Fumot-Vape-12000-Puffs-RandM-Flavor.jpg\" alt=\"Fumot Vape 12000 Fumos Sabor RandM\" width=\"600\" height=\"600\" srcset=\"https:\/\/rmvapesale.com\/wp-content\/uploads\/2024\/10\/Fumot-Vape-12000-Puffs-RandM-Flavor.jpg 600w, https:\/\/rmvapesale.com\/wp-content\/uploads\/2024\/10\/Fumot-Vape-12000-Puffs-RandM-Flavor-300x300.jpg 300w, https:\/\/rmvapesale.com\/wp-content\/uploads\/2024\/10\/Fumot-Vape-12000-Puffs-RandM-Flavor-150x150.jpg 150w, https:\/\/rmvapesale.com\/wp-content\/uploads\/2024\/10\/Fumot-Vape-12000-Puffs-RandM-Flavor-100x100.jpg 100w\" sizes=\"auto, (max-width: 600px) 100vw, 600px\" \/><figcaption id=\"caption-attachment-2481\" class=\"wp-caption-text\">Fumot Vape 12000 Fumos Sabor RandM<\/figcaption><\/figure>\n<h3><strong>Por que escolher a Rmvapesale para o Vape Randm de 12000 Fumos<\/strong><strong>?<\/strong><\/h3>\n<div class=\"flex-shrink-0 flex flex-col relative items-end\">\n<div class=\"pt-0\">\n<div class=\"gizmo-bot-avatar flex h-8 w-8 items-center justify-center overflow-hidden rounded-full\">\n<div class=\"relative p-1 rounded-sm flex items-center justify-center bg-token-main-surface-primary text-token-text-primary h-8 w-8\">\n<p>&nbsp;<\/p>\n<p>Ao escolher a Rmvapesale para as suas necessidades de vape descart\u00e1vel por atacado, beneficiar\u00e1 de:<\/p>\n<ul>\n<li><strong>Pre\u00e7o Competitivo<\/strong>: Tenha acesso a pre\u00e7os atrativos de atacado que aumentam as margens do seu neg\u00f3cio.<\/li>\n<li><strong>Alta Qualidade<\/strong>: Os nossos vapes s\u00e3o fabricados com os mais altos padr\u00f5es e <span style=\"color: #ff0000\"><strong>t\u00eam 100% de garantia de serem originais e aut\u00eanticos, ou uma compensa\u00e7\u00e3o de 10 vezes ser\u00e1 fornecida por produtos falsificados!<\/strong><\/span><\/li>\n<li><strong>Excelente Apoio ao Cliente<\/strong>: A nossa equipa dedicada est\u00e1 sempre pronta para o ajudar, tornando o seu processo de compra suave e sem complica\u00e7\u00f5es.<\/li>\n<li><strong>R\u00e1pido<\/strong>: Conte com uma entrega r\u00e1pida e fi\u00e1vel, garantindo que as suas encomendas cheguem a tempo, sempre.<\/li>\n<\/ul>\n<\/div>\n<h3><\/h3>\n<div class=\"relative p-1 rounded-sm flex items-center justify-center bg-token-main-surface-primary text-token-text-primary h-8 w-8\">\n<h3><b>FAQs<\/b><\/h3>\n<p>&nbsp;<\/p>\n<ul>\n<li><strong>Como escolher o vape descart\u00e1vel certo?<\/strong><br \/>\nEscolher o melhor cigarro eletr\u00f3nico descart\u00e1vel depende das suas prefer\u00eancias. Se deseja um dispositivo de longa dura\u00e7\u00e3o, opte por modelos como o RandM Tornado 25000 Puffs, que oferecem milhares de tragadas. Para os entusiastas de sabores, marcas como Bang vapes ou Waspe vape proporcionam uma vasta variedade de sabores frutados e de sobremesa. O importante \u00e9 priorizar o que mais importa para si: dura\u00e7\u00e3o da bateria, variedade de sabores ou portabilidade.<\/li>\n<li><strong>Qual cigarro eletr\u00f3nico descart\u00e1vel oferece o melhor sabor?<\/strong><br \/>\nPara um sabor excecional, o Fumot RandM vape 25000 \u00e9 um forte concorrente, proporcionando tragadas suaves com sabor duradouro, especialmente nas op\u00e7\u00f5es frutadas Cherry Bomb Candy, Double Apple, PINK LEMONADE, etc.<\/li>\n<li><strong>Como saber quando o seu cigarro eletr\u00f3nico est\u00e1 vazio?\u00a0<\/strong><br \/>\nPerceber\u00e1 que o seu vape descart\u00e1vel est\u00e1 a acabar quando o sabor enfraquece ou a produ\u00e7\u00e3o de vapor diminui. Alguns novos vapes descart\u00e1veis com ecr\u00e3, como o RandM Vape 12000, RandM Tornado 15000, Waspe 30000 tragos, ter\u00e3o indica\u00e7\u00f5es no ecr\u00e3.<\/li>\n<li><strong>Quanto tempo leva a carregar um Randm Tornado?<\/strong><br \/>\nCarregar a maioria das baterias de cigarro eletr\u00f3nico geralmente leva cerca de 3 a 4 horas para uma carga completa, dependendo do tamanho da bateria. \u00c9 melhor esperar at\u00e9 a bateria estar completamente descarregada antes de recarregar. No entanto, como cada dispositivo \u00e9 \u00fanico, consulte sempre o manual do seu produto para orienta\u00e7\u00f5es espec\u00edficas de carregamento e indicadores para garantir um desempenho \u00f3timo.<\/li>\n<\/ul>\n<\/div>\n<\/div>\n<\/div>\n<\/div>\n<div class=\"group\/conversation-turn relative flex w-full min-w-0 flex-col agent-turn\">\n<div class=\"flex-col gap-1 md:gap-3\">\n<div class=\"flex max-w-full flex-col flex-grow\">\n<div class=\"min-h-8 text-message flex w-full flex-col items-end gap-2 whitespace-normal break-words [.text-message+&amp;]:mt-5\" dir=\"auto\" data-message-author-role=\"assistant\" data-message-id=\"f226d3fc-81f3-46d5-8c46-31787fff0357\">\n<div class=\"flex w-full flex-col gap-1 empty:hidden first:pt-[3px]\">\n<div class=\"markdown prose w-full break-words dark:prose-invert light\">\n<div class=\"group\/conversation-turn relative flex w-full min-w-0 flex-col agent-turn\">\n<div class=\"flex-col gap-1 md:gap-3\">\n<div class=\"flex max-w-full flex-col flex-grow\">\n<div class=\"min-h-8 text-message flex w-full flex-col items-end gap-2 whitespace-normal break-words [.text-message+&amp;]:mt-5\" dir=\"auto\" data-message-author-role=\"assistant\" data-message-id=\"91d2b73b-9149-4888-a964-4b8464e0e6e3\" data-message-model-slug=\"gpt-4o\">\n<div class=\"flex w-full flex-col gap-1 empty:hidden first:pt-[3px]\">\n<div class=\"markdown prose w-full break-words dark:prose-invert light\">\n<p>&nbsp;<\/p>\n<\/div>\n<\/div>\n<\/div>\n<\/div>\n<\/div>\n<\/div>\n<\/div>\n<\/div>\n<\/div>\n<\/div>\n<\/div>\n<\/div>\n<h3>Sobre o Envio<\/h3>\n<div class=\"flex-shrink-0 flex flex-col relative items-end\">\n<div>\n<div class=\"pt-0\">\n<div class=\"gizmo-bot-avatar flex h-8 w-8 items-center justify-center overflow-hidden rounded-full\">\n<div><\/div>\n<div class=\"relative p-1 rounded-sm flex items-center justify-center bg-token-main-surface-primary text-token-text-primary h-8 w-8\"><strong>1. Que m\u00e9todos de envio s\u00e3o usados?<\/strong><\/div>\n<\/div>\n<\/div>\n<\/div>\n<\/div>\n<div class=\"group\/conversation-turn relative flex w-full min-w-0 flex-col agent-turn\">\n<div class=\"flex-col gap-1 md:gap-3\">\n<div class=\"flex max-w-full flex-col flex-grow\">\n<div class=\"min-h-[20px] text-message flex w-full flex-col items-end gap-2 whitespace-normal break-words [.text-message+&amp;]:mt-5 overflow-x-auto\" dir=\"auto\" data-message-author-role=\"assistant\" data-message-id=\"22f8283b-3233-46ff-89a5-c7a41b33abda\">\n<div class=\"flex w-full flex-col gap-1 empty:hidden first:pt-[3px]\">\n<div class=\"markdown prose w-full break-words dark:prose-invert light\">\n<p>Fazemos parceria com a UPS, DHL, FedEx, DPD e outras transportadoras l\u00edderes. Selecionaremos o melhor m\u00e9todo de envio com base na sua localiza\u00e7\u00e3o de entrega para garantir que receba os seus produtos o mais r\u00e1pido poss\u00edvel.<\/p>\n<\/div>\n<p><strong>2. Quanto tempo demora a chegar?<\/strong><\/p>\n<p>As encomendas enviadas para Portugal geralmente chegam dentro de 10 dias \u00fateis. O envio para pa\u00edses europeus demora geralmente cerca de 12-15 dias \u00fateis. Forneceremos atualiza\u00e7\u00f5es em tempo real sobre o estado do seu envio.<\/p>\n<\/div>\n<\/div>\n<\/div>\n<\/div>\n<\/div>\n<p>&nbsp;<\/p>\n<p>Outros vapes em alta que talvez goste:<\/p>\n<p><a href=\"https:\/\/rmvapesale.com\/pt\/product\/randm-tornado-15000-puffs-15k-vape-recharge-fumot-original-vape-factory-price\/\"><strong>Randm Vape 15000 Inala\u00e7\u00f5es\u00a0 \u00a0<span style=\"color: #ff0000\">&gt;&gt;&gt;&gt; ir!<\/span><\/strong><\/a><\/p>\n<p><strong><a href=\"https:\/\/rmvapesale.com\/pt\/product\/faivono-bang-maxi-15000-puffs-disposable-vape-bulk-wholesale\/\">AIVONO Aim Bang Maxi 15000 Puffs <span style=\"color: #ff0000\">&gt;&gt;&gt;&gt; ir!<\/span><\/a>\u00a0<\/strong><\/p>\n<p><a href=\"https:\/\/rmvapesale.com\/pt\/product\/randm-tornado-25000-puffs-disposable-vape-wholesale\/\"><strong>Fumot Vape RandM Tornado 25000 Puffs <span style=\"color: #ff0000\">&gt;&gt;&gt;&gt; ir!<\/span><\/strong><\/a><\/p>\n<p>&nbsp;<\/p>\n<p>&nbsp;<\/p>\n<p>Encontre mais produtos de vape que talvez goste:<strong><em><a href=\"https:\/\/rmvapesale.com\/pt\/shop-2\/\">comprar agora &gt;&gt;&gt;<\/a><\/em><\/strong><\/p>","protected":false},"excerpt":{"rendered":"<p>Fumot Vape RandM Digital Box 12000 Lim\u00e3o Rosado Pre\u00e7o Barato<br \/>\nRandM Digital Box 12000 Puffs vaporizadores recarreg\u00e1veis Compra em Massa<br \/>\nRandM Vape 12000 Puffs com Ecr\u00e3 Inteligente Venda por grosso<\/p>\n<p><img loading=\"lazy\" decoding=\"async\" class=\"size-full wp-image-2375\" src=\"https:\/\/rmvapesale.com\/wp-content\/uploads\/2024\/10\/image.png\" alt=\"Melhor Vape Descart\u00e1vel\" width=\"229\" height=\"300\" \/><\/p>\n<h3><a href=\"https:\/\/wa.me\/8617776015835\"><span style=\"color: #ff0000\"><strong>WhatsApp: +86 17776015835<\/strong><\/span><\/a><\/h3>\n<p>&nbsp;<\/p>","protected":false},"featured_media":2486,"comment_status":"open","ping_status":"closed","template":"","meta":{"_uag_custom_page_level_css":"","_lmt_disableupdate":"no","_lmt_disable":"","site-sidebar-layout":"default","site-content-layout":"content-boxed-container","ast-site-content-layout":"normal-width-container","site-content-style":"boxed","site-sidebar-style":"unboxed","ast-global-header-display":"","ast-banner-title-visibility":"","ast-main-header-display":"","ast-hfb-above-header-display":"","ast-hfb-below-header-display":"","ast-hfb-mobile-header-display":"","site-post-title":"","ast-breadcrumbs-content":"","ast-featured-img":"","footer-sml-layout":"","ast-disable-related-posts":"","theme-transparent-header-meta":"default","adv-header-id-meta":"","stick-header-meta":"","header-above-stick-meta":"","header-main-stick-meta":"","header-below-stick-meta":"","astra-migrate-meta-layouts":"set","ast-page-background-enabled":"default","ast-page-background-meta":{"desktop":{"background-color":"var(--ast-global-color-4)","background-image":"","background-repeat":"repeat","background-position":"center center","background-size":"auto","background-attachment":"scroll","background-type":"","background-media":"","overlay-type":"","overlay-color":"","overlay-opacity":"","overlay-gradient":""},"tablet":{"background-color":"","background-image":"","background-repeat":"repeat","background-position":"center center","background-size":"auto","background-attachment":"scroll","background-type":"","background-media":"","overlay-type":"","overlay-color":"","overlay-opacity":"","overlay-gradient":""},"mobile":{"background-color":"","background-image":"","background-repeat":"repeat","background-position":"center center","background-size":"auto","background-attachment":"scroll","background-type":"","background-media":"","overlay-type":"","overlay-color":"","overlay-opacity":"","overlay-gradient":""}},"ast-content-background-meta":{"desktop":{"background-color":"var(--ast-global-color-5)","background-image":"","background-repeat":"repeat","background-position":"center center","background-size":"auto","background-attachment":"scroll","background-type":"","background-media":"","overlay-type":"","overlay-color":"","overlay-opacity":"","overlay-gradient":""},"tablet":{"background-color":"var(--ast-global-color-5)","background-image":"","background-repeat":"repeat","background-position":"center center","background-size":"auto","background-attachment":"scroll","background-type":"","background-media":"","overlay-type":"","overlay-color":"","overlay-opacity":"","overlay-gradient":""},"mobile":{"background-color":"var(--ast-global-color-5)","background-image":"","background-repeat":"repeat","background-position":"center center","background-size":"auto","background-attachment":"scroll","background-type":"","background-media":"","overlay-type":"","overlay-color":"","overlay-opacity":"","overlay-gradient":""}},"_joinchat":[]},"product_brand":[],"product_cat":[15,27,51,25,123,30,26,28,31,137,136,135],"product_tag":[169,155,167,170,165,166,120],"class_list":{"0":"post-2472","1":"product","2":"type-product","3":"status-publish","4":"has-post-thumbnail","6":"product_cat-new-vape-this-week","7":"product_cat-fance-hot-sale-vape","8":"product_cat-fumot-vape","9":"product_cat-germany-best-selling-vape","10":"product_cat-italy-wholesale-vape","11":"product_cat-minimum-order-quantity-50pcs","12":"product_cat-netherlands-hot-sale-vape","13":"product_cat-poland-hot-sale-vape","14":"product_cat-randm-fumot-vape","15":"product_cat-rechargeable-vapes","16":"product_cat-smart-screen-vapes","17":"product_cat-spain-best-hot-sale-vape","18":"product_tag-best-disposable-vape-2024","19":"product_tag-digital-display-box","20":"product_tag-disposable-vape-with-screen","21":"product_tag-randm-12000-puff","22":"product_tag-rechargeable-vapes","23":"product_tag-tornado-vape","24":"product_tag-vape-wholesale","25":"desktop-align-left","26":"tablet-align-left","27":"mobile-align-left","29":"first","30":"instock","31":"sale","32":"shipping-taxable","33":"purchasable","34":"product-type-simple"},"uagb_featured_image_src":{"full":["https:\/\/rmvapesale.com\/wp-content\/uploads\/2024\/10\/RandM-Tornado-Digital-12000-Pink-Lemonade.jpg",606,606,false],"thumbnail":["https:\/\/rmvapesale.com\/wp-content\/uploads\/2024\/10\/RandM-Tornado-Digital-12000-Pink-Lemonade-150x150.jpg",150,150,true],"medium":["https:\/\/rmvapesale.com\/wp-content\/uploads\/2024\/10\/RandM-Tornado-Digital-12000-Pink-Lemonade-300x300.jpg",300,300,true],"medium_large":["https:\/\/rmvapesale.com\/wp-content\/uploads\/2024\/10\/RandM-Tornado-Digital-12000-Pink-Lemonade.jpg",606,606,false],"large":["https:\/\/rmvapesale.com\/wp-content\/uploads\/2024\/10\/RandM-Tornado-Digital-12000-Pink-Lemonade.jpg",606,606,false],"1536x1536":["https:\/\/rmvapesale.com\/wp-content\/uploads\/2024\/10\/RandM-Tornado-Digital-12000-Pink-Lemonade.jpg",606,606,false],"2048x2048":["https:\/\/rmvapesale.com\/wp-content\/uploads\/2024\/10\/RandM-Tornado-Digital-12000-Pink-Lemonade.jpg",606,606,false],"trp-custom-language-flag":["https:\/\/rmvapesale.com\/wp-content\/uploads\/2024\/10\/RandM-Tornado-Digital-12000-Pink-Lemonade.jpg",12,12,false],"woocommerce_thumbnail":["https:\/\/rmvapesale.com\/wp-content\/uploads\/2024\/10\/RandM-Tornado-Digital-12000-Pink-Lemonade-300x300.jpg",300,300,true],"woocommerce_single":["https:\/\/rmvapesale.com\/wp-content\/uploads\/2024\/10\/RandM-Tornado-Digital-12000-Pink-Lemonade-600x600.jpg",600,600,true],"woocommerce_gallery_thumbnail":["https:\/\/rmvapesale.com\/wp-content\/uploads\/2024\/10\/RandM-Tornado-Digital-12000-Pink-Lemonade-100x100.jpg",100,100,true],"wcpr-photo-reviews":["https:\/\/rmvapesale.com\/wp-content\/uploads\/2024\/10\/RandM-Tornado-Digital-12000-Pink-Lemonade.jpg",500,500,false]},"uagb_author_info":{"display_name":"AMY","author_link":"https:\/\/rmvapesale.com\/pt\/author\/"},"uagb_comment_info":0,"uagb_excerpt":"Fumot Vape RandM Digital Box 12000 Pink Lemonade Cheap Price RandM Digital Box 12000 Puffs rechargeable vapes Bulk Buy RandM Vape 12000 Puffs with Smart Screen Wholesale WhatsApp: +86 17776015835 &nbsp;","_links":{"self":[{"href":"https:\/\/rmvapesale.com\/pt\/wp-json\/wp\/v2\/product\/2472","targetHints":{"allow":["GET"]}}],"collection":[{"href":"https:\/\/rmvapesale.com\/pt\/wp-json\/wp\/v2\/product"}],"about":[{"href":"https:\/\/rmvapesale.com\/pt\/wp-json\/wp\/v2\/types\/product"}],"replies":[{"embeddable":true,"href":"https:\/\/rmvapesale.com\/pt\/wp-json\/wp\/v2\/comments?post=2472"}],"wp:featuredmedia":[{"embeddable":true,"href":"https:\/\/rmvapesale.com\/pt\/wp-json\/wp\/v2\/media\/2486"}],"wp:attachment":[{"href":"https:\/\/rmvapesale.com\/pt\/wp-json\/wp\/v2\/media?parent=2472"}],"wp:term":[{"taxonomy":"product_brand","embeddable":true,"href":"https:\/\/rmvapesale.com\/pt\/wp-json\/wp\/v2\/product_brand?post=2472"},{"taxonomy":"product_cat","embeddable":true,"href":"https:\/\/rmvapesale.com\/pt\/wp-json\/wp\/v2\/product_cat?post=2472"},{"taxonomy":"product_tag","embeddable":true,"href":"https:\/\/rmvapesale.com\/pt\/wp-json\/wp\/v2\/product_tag?post=2472"}],"curies":[{"name":"wp","href":"https:\/\/api.w.org\/{rel}","templated":true}]}}