{"id":2509,"date":"2024-10-22T09:45:54","date_gmt":"2024-10-22T09:45:54","guid":{"rendered":"https:\/\/rmvapesale.com\/?post_type=product&#038;p=2509"},"modified":"2024-10-23T01:25:33","modified_gmt":"2024-10-23T01:25:33","slug":"elf-box-crystal-bar-600-puffs-disposable-vape-wholesale","status":"publish","type":"product","link":"https:\/\/rmvapesale.com\/pt\/product\/elf-box-crystal-bar-600-puffs-disposable-vape-wholesale\/","title":{"rendered":"Elf Box Crystal Bar 600 Puffs Vape Descart\u00e1vel Atacado"},"content":{"rendered":"<div class=\"B2VR9 CJHX3e\">\n<div class=\"wyccme\">\n<div class=\"flex-shrink-0 flex flex-col relative items-end\">\n<div>\n<div class=\"pt-0\">\n<div class=\"gizmo-bot-avatar flex h-8 w-8 items-center justify-center overflow-hidden rounded-full\"><\/div>\n<\/div>\n<\/div>\n<\/div>\n<div class=\"group\/conversation-turn relative flex w-full min-w-0 flex-col agent-turn\">\n<div class=\"flex-col gap-1 md:gap-3\">\n<div class=\"flex max-w-full flex-col flex-grow\">\n<div class=\"min-h-8 text-message flex w-full flex-col items-end gap-2 whitespace-normal break-words [.text-message+&amp;]:mt-5\" dir=\"auto\" data-message-author-role=\"assistant\" data-message-id=\"601ef074-f473-428a-ad27-1d4d88bbe859\" data-message-model-slug=\"gpt-4o\">\n<div class=\"flex w-full flex-col gap-1 empty:hidden first:pt-[3px]\">\n<div class=\"markdown prose w-full break-words dark:prose-invert light\">\n<p><span style=\"font-size: 2em;font-weight: bold\">Elf Box Crystal Bar 600 Puffs Vape Descart\u00e1vel Atacado<\/span><\/p>\n<\/div>\n<\/div>\n<\/div>\n<\/div>\n<\/div>\n<\/div>\n<div class=\"flex-shrink-0 flex flex-col relative items-end\">\n<div class=\"pt-0\">\n<div class=\"gizmo-bot-avatar flex h-8 w-8 items-center justify-center overflow-hidden rounded-full\">\n<div class=\"relative p-1 rounded-sm flex items-center justify-center bg-token-main-surface-primary text-token-text-primary h-8 w-8\">\n<p>O ELF BOX CRYSTAL BAR 600 Puffs Vape Descart\u00e1vel foi concebido para proporcionar uma experi\u00eancia de vaping premium, oferecendo at\u00e9 600 puffs por dispositivo. Apresenta tr\u00eas n\u00edveis de nicotina: 0%, 2% e 5%, atendendo a uma vasta gama de prefer\u00eancias entre os vapers. O dispositivo \u00e9 compacto e leve, pesando apenas 38g, tornando-o f\u00e1cil de transportar e ideal para utiliza\u00e7\u00e3o em viagem. Cada caneta vape descart\u00e1vel cont\u00e9m 2ml de e-l\u00edquido e \u00e9 alimentada por uma bateria robusta de 500mAh, garantindo que os utilizadores podem desfrutar da sua experi\u00eancia de vaping ao longo do dia.<\/p>\n<p>Este produto \u00e9 particularmente apelativo para compras a granel, tornando-o adequado para grossistas e retalhistas que procuram armazenar vapes descart\u00e1veis de qualidade. Com o seu design elegante e desempenho eficaz, o ELF BOX CRYSTAL BAR destaca-se como uma escolha de topo tanto para utilizadores individuais como para empresas.<\/p>\n<p>&nbsp;<\/p>\n<\/div>\n<\/div>\n<\/div>\n<\/div>\n<\/div>\n<\/div>\n<p><strong>Contacte a Amy para obter a resposta certa e cup\u00e3o de vape!<\/strong><\/p>\n<p><img loading=\"lazy\" decoding=\"async\" class=\"size-full wp-image-1978\" src=\"https:\/\/rmvapesale.com\/wp-content\/uploads\/2024\/09\/Disposable-Vape-Wholesale.jpg\" alt=\"Venda por grosso de vapes descart\u00e1veis\" width=\"229\" height=\"300\" \/><\/p>\n<h3><a href=\"https:\/\/wa.me\/8617776015835\" target=\"_blank\" rel=\"noopener\"><span style=\"color: #ff0000\"><strong>WhatsApp: +86 17776015835<\/strong><\/span><\/a><\/h3>\n<p>&nbsp;<\/p>\n<h2><\/h2>\n<h2><strong>ELF BOX CRYSTAL BAR 600 Puffs <\/strong><strong>Principais Caracter\u00edsticas<\/strong><\/h2>\n<div class=\"flex-shrink-0 flex flex-col relative items-end\">\n<div>\n<div class=\"pt-0\">\n<div class=\"gizmo-bot-avatar flex h-8 w-8 items-center justify-center overflow-hidden rounded-full\">\n<div class=\"relative p-1 rounded-sm flex items-center justify-center bg-token-main-surface-primary text-token-text-primary h-8 w-8\"><\/div>\n<\/div>\n<\/div>\n<\/div>\n<\/div>\n<div class=\"group\/conversation-turn relative flex w-full min-w-0 flex-col agent-turn\">\n<div class=\"flex-col gap-1 md:gap-3\">\n<div class=\"flex max-w-full flex-col flex-grow\">\n<div class=\"min-h-8 text-message flex w-full flex-col items-end gap-2 whitespace-normal break-words [.text-message+&amp;]:mt-5\" dir=\"auto\" data-message-author-role=\"assistant\" data-message-id=\"0d28757f-3029-419a-97bc-5c073d54a71e\" data-message-model-slug=\"gpt-4o\">\n<div class=\"flex w-full flex-col gap-1 empty:hidden first:pt-[3px]\">\n<div class=\"result-streaming markdown prose w-full break-words dark:prose-invert light\">\n<ul>\n<li><strong>Contagem de Puffs<\/strong>: Fornece at\u00e9 <strong>600 puffs<\/strong> para um prazer de vaping prolongado.<\/li>\n<li><strong>Resist\u00eancia<\/strong>: Apresenta uma <strong>resist\u00eancia de 1.6ohm<\/strong>, proporcionando uma produ\u00e7\u00e3o de vapor suave e consistente a cada puff.<\/li>\n<li><strong>Capacidade de E-l\u00edquido<\/strong>: Vem com <strong>2ml<\/strong> de e-l\u00edquido de alta qualidade, perfeitamente equilibrado para um sabor rico e uma produ\u00e7\u00e3o de vapor satisfat\u00f3ria.<\/li>\n<li><strong>Op\u00e7\u00f5es de Nicotina<\/strong>: Dispon\u00edvel em <strong>0mg, 20mg ou 50mg de nicotina<\/strong>, atendendo a diferentes prefer\u00eancias de vaping.<\/li>\n<li><strong>Bateria<\/strong>: Equipado com uma <strong>Bateria de 500mAh<\/strong>, garantindo vaping durante todo o dia sem necessidade de recarregar.<\/li>\n<li><strong>Peso<\/strong>: Ultraport\u00e1til e leve com apenas <strong>38g<\/strong>, tornando-o f\u00e1cil de transportar para onde quer que v\u00e1.<\/li>\n<\/ul>\n<\/div>\n<\/div>\n<\/div>\n<\/div>\n<\/div>\n<\/div>\n<h2><\/h2>\n<h2><strong>Melhor sabor para Elf Box Crystal Bar 600<\/strong><strong>\u00a0<\/strong><\/h2>\n<p>O ELF BOX CRYSTAL BAR est\u00e1 dispon\u00edvel numa variedade de sabores refrescantes, incluindo Mixed Berry, Cherry Ice e Watermelon Ice, entre outros, proporcionando uma experi\u00eancia de sabor deliciosa.<\/p>\n<p>1.Blue Razz<span style=\"color: #ff0000\"><strong>&gt;&gt;&gt;&gt; Quente!<\/strong><\/span><br \/>\n2. Abacaxi Lim\u00e3o<br \/>\n3. Morango Banana<br \/>\n4. Menta Gelada<br \/>\n5. Uva de Flor de Cerejeira<br \/>\n6. Banana Gelada<br \/>\n7. Pastilha El\u00e1stica de Melancia<br \/>\n8. Ameixa Azeda de Kiwi<br \/>\n9. Vodka de Laranja<br \/>\n10. Gelo de P\u00eassego<br \/>\n11. Gelo de Cola<br \/>\n12. Gelo de Mirtilo<span style=\"color: #ff0000\"><strong>&gt;&gt;&gt;&gt; O Melhor!<\/strong><\/span><\/p>\n<figure id=\"attachment_2507\" aria-describedby=\"caption-attachment-2507\" style=\"width: 800px\" class=\"wp-caption alignnone\"><img loading=\"lazy\" decoding=\"async\" class=\"wp-image-2507 size-full\" src=\"https:\/\/rmvapesale.com\/wp-content\/uploads\/2024\/10\/ELF-BOX-CRYSTAL-BAR-600-Puffs-Flavor.jpg\" alt=\"ELF BOX CRYSTAL BAR 600 Puffs Sabor\" width=\"800\" height=\"450\" srcset=\"https:\/\/rmvapesale.com\/wp-content\/uploads\/2024\/10\/ELF-BOX-CRYSTAL-BAR-600-Puffs-Flavor.jpg 800w, https:\/\/rmvapesale.com\/wp-content\/uploads\/2024\/10\/ELF-BOX-CRYSTAL-BAR-600-Puffs-Flavor-300x169.jpg 300w, https:\/\/rmvapesale.com\/wp-content\/uploads\/2024\/10\/ELF-BOX-CRYSTAL-BAR-600-Puffs-Flavor-768x432.jpg 768w, https:\/\/rmvapesale.com\/wp-content\/uploads\/2024\/10\/ELF-BOX-CRYSTAL-BAR-600-Puffs-Flavor-600x338.jpg 600w\" sizes=\"auto, (max-width: 800px) 100vw, 800px\" \/><figcaption id=\"caption-attachment-2507\" class=\"wp-caption-text\">ELF BOX CRYSTAL BAR 600 Puffs Sabor<\/figcaption><\/figure>\n<h3><strong>Porqu\u00ea Escolher a Rmvapesale para ELF BOX CRYSTAL 600<\/strong><strong>?<\/strong><\/h3>\n<div class=\"flex-shrink-0 flex flex-col relative items-end\">\n<div class=\"pt-0\">\n<div class=\"gizmo-bot-avatar flex h-8 w-8 items-center justify-center overflow-hidden rounded-full\">\n<div class=\"relative p-1 rounded-sm flex items-center justify-center bg-token-main-surface-primary text-token-text-primary h-8 w-8\">\n<p>&nbsp;<\/p>\n<p>Ao escolher a Rmvapesale para as suas necessidades de vape descart\u00e1vel por atacado, beneficiar\u00e1 de:<\/p>\n<ul>\n<li><strong>Pre\u00e7o Competitivo<\/strong>: Tenha acesso a pre\u00e7os atrativos de atacado que aumentam as margens do seu neg\u00f3cio.<\/li>\n<li><strong>Alta Qualidade<\/strong>: Os nossos vapes s\u00e3o fabricados com os mais altos padr\u00f5es e <span style=\"color: #ff0000\"><strong>t\u00eam 100% de garantia de serem originais e aut\u00eanticos, ou uma compensa\u00e7\u00e3o de 10 vezes ser\u00e1 fornecida por produtos falsificados!<\/strong><\/span><\/li>\n<li><strong>Excelente Apoio ao Cliente<\/strong>: A nossa equipa dedicada est\u00e1 sempre pronta para o ajudar, tornando o seu processo de compra suave e sem complica\u00e7\u00f5es.<\/li>\n<li><strong>R\u00e1pido<\/strong>: Conte com uma entrega r\u00e1pida e fi\u00e1vel, garantindo que as suas encomendas cheguem a tempo, sempre.<\/li>\n<\/ul>\n<\/div>\n<h3><\/h3>\n<div class=\"relative p-1 rounded-sm flex items-center justify-center bg-token-main-surface-primary text-token-text-primary h-8 w-8\">\n<h3><b>FAQs<\/b><\/h3>\n<div class=\"flex-shrink-0 flex flex-col relative items-end\">\n<div>\n<div class=\"pt-0\">\n<div class=\"gizmo-bot-avatar flex h-8 w-8 items-center justify-center overflow-hidden rounded-full\">\n<div class=\"relative p-1 rounded-sm flex items-center justify-center bg-token-main-surface-primary text-token-text-primary h-8 w-8\"><\/div>\n<\/div>\n<\/div>\n<\/div>\n<\/div>\n<div class=\"group\/conversation-turn relative flex w-full min-w-0 flex-col agent-turn\">\n<div class=\"flex-col gap-1 md:gap-3\">\n<div class=\"flex max-w-full flex-col flex-grow\">\n<div class=\"min-h-8 text-message flex w-full flex-col items-end gap-2 whitespace-normal break-words [.text-message+&amp;]:mt-5\" dir=\"auto\" data-message-author-role=\"assistant\" data-message-id=\"3a019841-c00e-477f-baad-0bb23e48af2d\" data-message-model-slug=\"gpt-4o\">\n<div class=\"flex w-full flex-col gap-1 empty:hidden first:pt-[3px]\">\n<div class=\"markdown prose w-full break-words dark:prose-invert light\">\n<ul>\n<li><strong>Como usar uma caneta vape descart\u00e1vel<\/strong><br \/>\nUsar uma caneta vape descart\u00e1vel como a CRYSTAL BAR 600 \u00e9 simples. N\u00e3o precisa de a carregar antes de usar. Basta retirar o vape da embalagem e inalar atrav\u00e9s do bocal. O dispositivo ativar\u00e1 automaticamente ao inalar, libertando vapor.<\/li>\n<li><strong>Quanta nicotina existe numa Elf Box Crystal 600 Puffs<\/strong><br \/>\nO ELF CRYSTAL BAR 600 oferece tr\u00eas op\u00e7\u00f5es de n\u00edvel de nicotina: 0%, 2% e 5%, permitindo que os utilizadores escolham de acordo com a sua prefer\u00eancia.<\/li>\n<li><strong>Como saber quando o vaporizador est\u00e1 vazio<\/strong><br \/>\nPode perceber que o seu vape descart\u00e1vel est\u00e1 vazio quando deixa de obter vapor ao inalar ou quando o sabor come\u00e7a a desaparecer. Adicionalmente, se a produ\u00e7\u00e3o de vapor diminuir significativamente ou o dispositivo deixar de funcionar, \u00e9 prov\u00e1vel que a bateria ou o e-l\u00edquido se tenham esgotado.<\/li>\n<li><strong>Onde posso comprar o Elf Box Crystal Bar 600?<\/strong><br \/>\nPode adquirir o ELF BOX CRYSTAL BAR 600 em retalhistas ou grossistas que vendem vapes descart\u00e1veis. Verifique as lojas de vape locais ou as lojas online que vendem produtos de vaping. A rmvapesale \u00e9 uma loja online popular para vapes de venda quente. Contacte-nos para usufruir do pre\u00e7o grossista.<\/li>\n<\/ul>\n<\/div>\n<\/div>\n<\/div>\n<\/div>\n<\/div>\n<\/div>\n<p>&nbsp;<\/p>\n<\/div>\n<\/div>\n<\/div>\n<\/div>\n<h3>Sobre o Envio<\/h3>\n<div class=\"flex-shrink-0 flex flex-col relative items-end\">\n<div>\n<div class=\"pt-0\">\n<div class=\"gizmo-bot-avatar flex h-8 w-8 items-center justify-center overflow-hidden rounded-full\">\n<div><\/div>\n<div class=\"relative p-1 rounded-sm flex items-center justify-center bg-token-main-surface-primary text-token-text-primary h-8 w-8\"><strong>1. Que m\u00e9todos de envio s\u00e3o usados?<\/strong><\/div>\n<\/div>\n<\/div>\n<\/div>\n<\/div>\n<div class=\"group\/conversation-turn relative flex w-full min-w-0 flex-col agent-turn\">\n<div class=\"flex-col gap-1 md:gap-3\">\n<div class=\"flex max-w-full flex-col flex-grow\">\n<div class=\"min-h-[20px] text-message flex w-full flex-col items-end gap-2 whitespace-normal break-words [.text-message+&amp;]:mt-5 overflow-x-auto\" dir=\"auto\" data-message-author-role=\"assistant\" data-message-id=\"22f8283b-3233-46ff-89a5-c7a41b33abda\">\n<div class=\"flex w-full flex-col gap-1 empty:hidden first:pt-[3px]\">\n<div class=\"markdown prose w-full break-words dark:prose-invert light\">\n<p>Fazemos parceria com a UPS, DHL, FedEx, DPD e outras transportadoras l\u00edderes. Selecionaremos o melhor m\u00e9todo de envio com base na sua localiza\u00e7\u00e3o de entrega para garantir que receba os seus produtos o mais r\u00e1pido poss\u00edvel.<\/p>\n<\/div>\n<p><strong>2. Quanto tempo demora a chegar?<\/strong><\/p>\n<p>As encomendas enviadas para Portugal geralmente chegam dentro de 10 dias \u00fateis. O envio para pa\u00edses europeus demora geralmente cerca de 12-15 dias \u00fateis. Forneceremos atualiza\u00e7\u00f5es em tempo real sobre o estado do seu envio.<\/p>\n<\/div>\n<\/div>\n<\/div>\n<\/div>\n<\/div>\n<p>&nbsp;<\/p>\n<p>Outros vapes em alta que talvez goste:<\/p>\n<p><a href=\"https:\/\/rmvapesale.com\/pt\/product\/randm-tornado-15000-puffs-15k-vape-recharge-fumot-original-vape-factory-price\/\"><strong>Randm Vape 15000 Inala\u00e7\u00f5es\u00a0 \u00a0<span style=\"color: #ff0000\">&gt;&gt;&gt;&gt; ir!<\/span><\/strong><\/a><\/p>\n<p><strong><a href=\"https:\/\/rmvapesale.com\/pt\/product\/fumot-digital-box-12000-disposable-vape-pink-lemonade-flavor\/\">Fumot Digital Box 12000 Vape Descart\u00e1vel<\/a><\/strong><strong><a href=\"https:\/\/rmvapesale.com\/pt\/product\/faivono-bang-maxi-15000-puffs-disposable-vape-bulk-wholesale\/\">\u00a0<span style=\"color: #ff0000\">&gt;&gt;&gt;&gt; ir!<\/span><\/a>\u00a0<\/strong><\/p>\n<p><a href=\"https:\/\/rmvapesale.com\/pt\/product\/randm-tornado-25000-puffs-disposable-vape-wholesale\/\"><strong>Fumot Vape RandM Tornado 25000 Puffs <span style=\"color: #ff0000\">&gt;&gt;&gt;&gt; ir!<\/span><\/strong><\/a><\/p>\n<p>&nbsp;<\/p>\n<p>&nbsp;<\/p>\n<p>Encontre mais produtos de vape que talvez goste:<strong><em><a href=\"https:\/\/rmvapesale.com\/pt\/shop-2\/\">comprar agora &gt;&gt;&gt;<\/a><\/em><\/strong><\/p>","protected":false},"excerpt":{"rendered":"<p>Vape Elf Box Crystal Bar Cigarro Eletr\u00f3nico Compra a granel<br \/>\nElf BOX Crystal CR600 Vape Descart\u00e1vel Atacado<br \/>\nELF BOX CRYSTAL BAR 600 Puffs 0% 2% 5% Vape Descart\u00e1vel de Baixa Nicotina<\/p>\n<p><img loading=\"lazy\" decoding=\"async\" class=\"size-full wp-image-2375\" src=\"https:\/\/rmvapesale.com\/wp-content\/uploads\/2024\/10\/image.png\" alt=\"Melhor Vape Descart\u00e1vel\" width=\"229\" height=\"300\" \/><\/p>\n<h3><a href=\"https:\/\/wa.me\/8617776015835\"><span style=\"color: #ff0000\"><strong>WhatsApp: +86 17776015835<\/strong><\/span><\/a><\/h3>\n<p>&nbsp;<\/p>","protected":false},"featured_media":2506,"comment_status":"open","ping_status":"closed","template":"","meta":{"_uag_custom_page_level_css":"","_lmt_disableupdate":"no","_lmt_disable":"","site-sidebar-layout":"default","site-content-layout":"content-boxed-container","ast-site-content-layout":"normal-width-container","site-content-style":"boxed","site-sidebar-style":"unboxed","ast-global-header-display":"","ast-banner-title-visibility":"","ast-main-header-display":"","ast-hfb-above-header-display":"","ast-hfb-below-header-display":"","ast-hfb-mobile-header-display":"","site-post-title":"","ast-breadcrumbs-content":"","ast-featured-img":"","footer-sml-layout":"","ast-disable-related-posts":"","theme-transparent-header-meta":"default","adv-header-id-meta":"","stick-header-meta":"","header-above-stick-meta":"","header-main-stick-meta":"","header-below-stick-meta":"","astra-migrate-meta-layouts":"set","ast-page-background-enabled":"default","ast-page-background-meta":{"desktop":{"background-color":"var(--ast-global-color-4)","background-image":"","background-repeat":"repeat","background-position":"center center","background-size":"auto","background-attachment":"scroll","background-type":"","background-media":"","overlay-type":"","overlay-color":"","overlay-opacity":"","overlay-gradient":""},"tablet":{"background-color":"","background-image":"","background-repeat":"repeat","background-position":"center center","background-size":"auto","background-attachment":"scroll","background-type":"","background-media":"","overlay-type":"","overlay-color":"","overlay-opacity":"","overlay-gradient":""},"mobile":{"background-color":"","background-image":"","background-repeat":"repeat","background-position":"center center","background-size":"auto","background-attachment":"scroll","background-type":"","background-media":"","overlay-type":"","overlay-color":"","overlay-opacity":"","overlay-gradient":""}},"ast-content-background-meta":{"desktop":{"background-color":"var(--ast-global-color-5)","background-image":"","background-repeat":"repeat","background-position":"center center","background-size":"auto","background-attachment":"scroll","background-type":"","background-media":"","overlay-type":"","overlay-color":"","overlay-opacity":"","overlay-gradient":""},"tablet":{"background-color":"var(--ast-global-color-5)","background-image":"","background-repeat":"repeat","background-position":"center center","background-size":"auto","background-attachment":"scroll","background-type":"","background-media":"","overlay-type":"","overlay-color":"","overlay-opacity":"","overlay-gradient":""},"mobile":{"background-color":"var(--ast-global-color-5)","background-image":"","background-repeat":"repeat","background-position":"center center","background-size":"auto","background-attachment":"scroll","background-type":"","background-media":"","overlay-type":"","overlay-color":"","overlay-opacity":"","overlay-gradient":""}},"_joinchat":[]},"product_brand":[],"product_cat":[15,27,25,123,30,26,28,137,136,135],"product_tag":[169,167,165,180,103,120,179],"class_list":{"0":"post-2509","1":"product","2":"type-product","3":"status-publish","4":"has-post-thumbnail","6":"product_cat-new-vape-this-week","7":"product_cat-fance-hot-sale-vape","8":"product_cat-germany-best-selling-vape","9":"product_cat-italy-wholesale-vape","10":"product_cat-minimum-order-quantity-50pcs","11":"product_cat-netherlands-hot-sale-vape","12":"product_cat-poland-hot-sale-vape","13":"product_cat-rechargeable-vapes","14":"product_cat-smart-screen-vapes","15":"product_cat-spain-best-hot-sale-vape","16":"product_tag-best-disposable-vape-2024","17":"product_tag-disposable-vape-with-screen","18":"product_tag-rechargeable-vapes","19":"product_tag-shisha-bar","20":"product_tag-shisha-hookah","21":"product_tag-vape-wholesale","22":"product_tag-vapme-shisha-hookah","23":"desktop-align-left","24":"tablet-align-left","25":"mobile-align-left","27":"first","28":"instock","29":"sale","30":"shipping-taxable","31":"purchasable","32":"product-type-simple"},"uagb_featured_image_src":{"full":["https:\/\/rmvapesale.com\/wp-content\/uploads\/2024\/10\/ELF-BOX-CRYSTAL-BAR-600-Puffs-Disposable-Vape.jpg",800,800,false],"thumbnail":["https:\/\/rmvapesale.com\/wp-content\/uploads\/2024\/10\/ELF-BOX-CRYSTAL-BAR-600-Puffs-Disposable-Vape-150x150.jpg",150,150,true],"medium":["https:\/\/rmvapesale.com\/wp-content\/uploads\/2024\/10\/ELF-BOX-CRYSTAL-BAR-600-Puffs-Disposable-Vape-300x300.jpg",300,300,true],"medium_large":["https:\/\/rmvapesale.com\/wp-content\/uploads\/2024\/10\/ELF-BOX-CRYSTAL-BAR-600-Puffs-Disposable-Vape-768x768.jpg",768,768,true],"large":["https:\/\/rmvapesale.com\/wp-content\/uploads\/2024\/10\/ELF-BOX-CRYSTAL-BAR-600-Puffs-Disposable-Vape.jpg",800,800,false],"1536x1536":["https:\/\/rmvapesale.com\/wp-content\/uploads\/2024\/10\/ELF-BOX-CRYSTAL-BAR-600-Puffs-Disposable-Vape.jpg",800,800,false],"2048x2048":["https:\/\/rmvapesale.com\/wp-content\/uploads\/2024\/10\/ELF-BOX-CRYSTAL-BAR-600-Puffs-Disposable-Vape.jpg",800,800,false],"trp-custom-language-flag":["https:\/\/rmvapesale.com\/wp-content\/uploads\/2024\/10\/ELF-BOX-CRYSTAL-BAR-600-Puffs-Disposable-Vape.jpg",12,12,false],"woocommerce_thumbnail":["https:\/\/rmvapesale.com\/wp-content\/uploads\/2024\/10\/ELF-BOX-CRYSTAL-BAR-600-Puffs-Disposable-Vape-300x300.jpg",300,300,true],"woocommerce_single":["https:\/\/rmvapesale.com\/wp-content\/uploads\/2024\/10\/ELF-BOX-CRYSTAL-BAR-600-Puffs-Disposable-Vape-600x600.jpg",600,600,true],"woocommerce_gallery_thumbnail":["https:\/\/rmvapesale.com\/wp-content\/uploads\/2024\/10\/ELF-BOX-CRYSTAL-BAR-600-Puffs-Disposable-Vape-100x100.jpg",100,100,true],"wcpr-photo-reviews":["https:\/\/rmvapesale.com\/wp-content\/uploads\/2024\/10\/ELF-BOX-CRYSTAL-BAR-600-Puffs-Disposable-Vape.jpg",500,500,false]},"uagb_author_info":{"display_name":"AMY","author_link":"https:\/\/rmvapesale.com\/pt\/author\/"},"uagb_comment_info":0,"uagb_excerpt":"Vape Elf Box Crystal Bar E-cigarette bulk Buy Elf BOX Crystal CR600 Disposable Vape Whoelsale ELF BOX CRYSTAL BAR 600 Puffs 0% 2% 5% Low Nicotine Disposable Vape WhatsApp: +86 17776015835 &nbsp;","_links":{"self":[{"href":"https:\/\/rmvapesale.com\/pt\/wp-json\/wp\/v2\/product\/2509","targetHints":{"allow":["GET"]}}],"collection":[{"href":"https:\/\/rmvapesale.com\/pt\/wp-json\/wp\/v2\/product"}],"about":[{"href":"https:\/\/rmvapesale.com\/pt\/wp-json\/wp\/v2\/types\/product"}],"replies":[{"embeddable":true,"href":"https:\/\/rmvapesale.com\/pt\/wp-json\/wp\/v2\/comments?post=2509"}],"wp:featuredmedia":[{"embeddable":true,"href":"https:\/\/rmvapesale.com\/pt\/wp-json\/wp\/v2\/media\/2506"}],"wp:attachment":[{"href":"https:\/\/rmvapesale.com\/pt\/wp-json\/wp\/v2\/media?parent=2509"}],"wp:term":[{"taxonomy":"product_brand","embeddable":true,"href":"https:\/\/rmvapesale.com\/pt\/wp-json\/wp\/v2\/product_brand?post=2509"},{"taxonomy":"product_cat","embeddable":true,"href":"https:\/\/rmvapesale.com\/pt\/wp-json\/wp\/v2\/product_cat?post=2509"},{"taxonomy":"product_tag","embeddable":true,"href":"https:\/\/rmvapesale.com\/pt\/wp-json\/wp\/v2\/product_tag?post=2509"}],"curies":[{"name":"wp","href":"https:\/\/api.w.org\/{rel}","templated":true}]}}