{"id":2532,"date":"2024-10-23T09:07:59","date_gmt":"2024-10-23T09:07:59","guid":{"rendered":"https:\/\/rmvapesale.com\/?post_type=product&#038;p=2532"},"modified":"2024-10-23T09:52:00","modified_gmt":"2024-10-23T09:52:00","slug":"fumot-randm-tornado-30000-puffs-30k-music-disposable-vape","status":"publish","type":"product","link":"https:\/\/rmvapesale.com\/pt\/product\/fumot-randm-tornado-30000-puffs-30k-music-disposable-vape\/","title":{"rendered":"Fumot RandM Tornado 30000 Puffs 30K M\u00fasica Vaporizador Descart\u00e1vel"},"content":{"rendered":"<div class=\"B2VR9 CJHX3e\">\n<div class=\"wyccme\">\n<h1 class=\"LC20lb MBeuO DKV0Md\">Fumot RandM Tornado 30000 Puffs 30K M\u00fasica Vaporizador Descart\u00e1vel<\/h1>\n<div class=\"flex-shrink-0 flex flex-col relative items-end\">\n<div class=\"pt-0\">\n<div class=\"gizmo-bot-avatar flex h-8 w-8 items-center justify-center overflow-hidden rounded-full\">\n<div class=\"relative p-1 rounded-sm flex items-center justify-center bg-token-main-surface-primary text-token-text-primary h-8 w-8\">\n<p>O <strong>Fumot RandM Tornado 30000 Puffs 30K M\u00fasica Vaporizador Descart\u00e1vel<\/strong> \u00e9 um dispositivo de ponta projetado para aqueles que procuram uma experi\u00eancia de vaporiza\u00e7\u00e3o prolongada e din\u00e2mica. Com uma capacidade impressionante de at\u00e9 <strong>30.000 puffs<\/strong>, este dispositivo destaca-se no mercado pela sua longevidade, tornando-o um <strong>vape de venda quente<\/strong> tanto para vapers casuais como regulares. A sua<strong>bateria recarreg\u00e1vel de 850mAh<\/strong> e <strong>porta de carregamento Tipo-C<\/strong> garantem recargas r\u00e1pidas e eficientes, mantendo-o a vaporizar por mais tempo com tempo de inatividade m\u00ednimo.<\/p>\n<p>O que distingue o <strong>RandM Tornado 30000<\/strong> \u00e9 a sua <strong>tecnologia de bobina de malha<\/strong>, que proporciona uma excecional <strong>produ\u00e7\u00e3o de sabor e vapor<\/strong>, garantindo que cada bafo \u00e9 rico e satisfat\u00f3rio. Al\u00e9m disso, o dispositivo oferece uma funcionalidade divertida e interativa com <strong>sincroniza\u00e7\u00e3o de m\u00fasica<\/strong>, onde <strong>As luzes RGB pulsam ao ritmo das suas m\u00fasicas favoritas<\/strong>, criando uma experi\u00eancia de vaporiza\u00e7\u00e3o imersiva perfeita para festas ou divers\u00e3o pessoal.<\/p>\n<p>Dispon\u00edvel em <strong>op\u00e7\u00f5es de vape descart\u00e1vel com baixo teor de nicotina<\/strong> , o <strong>Fumot Tornado 30000<\/strong> atende a uma variedade de prefer\u00eancias, incluindo aqueles que procuram <strong>vapes recarreg\u00e1veis<\/strong> com menor teor de nicotina. Com sua combina\u00e7\u00e3o de alta contagem de baforadas, integra\u00e7\u00e3o musical e carregamento conveniente, o <strong>Fumot Tornado 30K Music Disposable Vape<\/strong> \u00e9 um destaque no mercado, tornando-o a melhor escolha para vapers em <strong>Portugal, Reino Unido, Alemanha, Holanda, Fran\u00e7a, It\u00e1lia, Espanha, Su\u00ed\u00e7a, Su\u00e9cia, Pol\u00f3nia, etc.<\/strong><\/p>\n<p>Perfeito para quem procura <strong>comprar vapes Fumot 30000 baforadas<\/strong>, este dispositivo oferece inova\u00e7\u00e3o, sabor e divers\u00e3o num pacote compacto.<\/p>\n<\/div>\n<\/div>\n<\/div>\n<\/div>\n<\/div>\n<\/div>\n<p><strong>Contacte a Amy para obter a resposta certa e cup\u00e3o de vape!<\/strong><\/p>\n<p><img loading=\"lazy\" decoding=\"async\" class=\"size-full wp-image-1978\" src=\"https:\/\/rmvapesale.com\/wp-content\/uploads\/2024\/09\/Disposable-Vape-Wholesale.jpg\" alt=\"Venda por grosso de vapes descart\u00e1veis\" width=\"229\" height=\"300\" \/><\/p>\n<h3><a href=\"https:\/\/wa.me\/8617776015835\" target=\"_blank\" rel=\"noopener\"><span style=\"color: #ff0000\"><strong>WhatsApp: +86 17776015835<\/strong><\/span><\/a><\/h3>\n<p>&nbsp;<\/p>\n<h2><\/h2>\n<h2><strong>Fumot Tornado 30000 Descart\u00e1vel<\/strong><strong>\u00a0<\/strong><strong>Principais Caracter\u00edsticas<\/strong><\/h2>\n<p>Marca: RandM TORNADO 30000<br \/>\nL\u00edquido eletr\u00f3nico: 25ml<br \/>\nBaforadas: 30000<br \/>\nBobina: Bobina de malha<br \/>\nBateria: 850mAh<br \/>\nPorta: Tipo C<br \/>\nNicotina (Teor de sal): Dispon\u00edvel em 0%, 2%, 3%, 5%<br \/>\nSabores: Dispon\u00edvel em 30 sabores distintos<br \/>\nOutros: Ecr\u00e3 LED que dan\u00e7a com a m\u00fasica<\/p>\n<figure id=\"attachment_2526\" aria-describedby=\"caption-attachment-2526\" style=\"width: 808px\" class=\"wp-caption alignnone\"><img loading=\"lazy\" decoding=\"async\" class=\"wp-image-2526 size-full\" src=\"https:\/\/rmvapesale.com\/wp-content\/uploads\/2024\/10\/Fumot-RandM-Tornado-30000-Puffs-Vape.jpg\" alt=\"Vaporizador Fumot RandM Tornado 30000 Puffs\" width=\"808\" height=\"808\" srcset=\"https:\/\/rmvapesale.com\/wp-content\/uploads\/2024\/10\/Fumot-RandM-Tornado-30000-Puffs-Vape.jpg 808w, https:\/\/rmvapesale.com\/wp-content\/uploads\/2024\/10\/Fumot-RandM-Tornado-30000-Puffs-Vape-300x300.jpg 300w, https:\/\/rmvapesale.com\/wp-content\/uploads\/2024\/10\/Fumot-RandM-Tornado-30000-Puffs-Vape-150x150.jpg 150w, https:\/\/rmvapesale.com\/wp-content\/uploads\/2024\/10\/Fumot-RandM-Tornado-30000-Puffs-Vape-768x768.jpg 768w, https:\/\/rmvapesale.com\/wp-content\/uploads\/2024\/10\/Fumot-RandM-Tornado-30000-Puffs-Vape-600x600.jpg 600w, https:\/\/rmvapesale.com\/wp-content\/uploads\/2024\/10\/Fumot-RandM-Tornado-30000-Puffs-Vape-100x100.jpg 100w\" sizes=\"auto, (max-width: 808px) 100vw, 808px\" \/><figcaption id=\"caption-attachment-2526\" class=\"wp-caption-text\">Vaporizador Fumot RandM Tornado 30000 Puffs<\/figcaption><\/figure>\n<h2><strong>Melhor sabor para o Fumot RandM Tornado 30000<\/strong><\/h2>\n<p>Este vaporizador descart\u00e1vel Randm Tornado 30000 foi concebido para proporcionar uma explos\u00e3o de do\u00e7ura frutada a cada baforada, incluindo citrinos picantes, bagas suculentas e notas tropicais<\/p>\n<p>1. Gelo de banana<br \/>\n2. Gelo preto<br \/>\n3. Gelo de framboesa azul<br \/>\n4. Mirtilo no gelo<br \/>\n5. Mirtilo e framboesa<span style=\"color: #ff0000\"><strong>&gt;&gt;&gt;&gt; Quente!<\/strong><\/span><br \/>\n6. Mirtilo e framboesa azeda <span style=\"color: #ff0000\"><strong>&gt;&gt;&gt;&gt; Quente!<\/strong><\/span><br \/>\n7. Gelo de cereja<br \/>\n8. Cereja e cola<br \/>\n9. Gelo de cola<br \/>\n10. Menta fresca<br \/>\n11. Ma\u00e7\u00e3 Dupla<br \/>\n12. Dr Blue <span style=\"color: #ff0000\"><strong>&gt;&gt;&gt;&gt; O Melhor!<\/strong><\/span><br \/>\n13. Uva Gelada<br \/>\n14. Gelo Pop<br \/>\n15. Kiwi Maracuj\u00e1 Goiaba<br \/>\n16. Love 66<br \/>\n17. Gelo Suculento<br \/>\n18. Frutos Silvestres<br \/>\n19. P\u00eassego e Frutos Silvestres<br \/>\n20. P\u00eassego Gelado<br \/>\n21. P\u00eassego Manga Anan\u00e1s<br \/>\n22. Anan\u00e1s Gelado<br \/>\n23. Limonada Rosa<br \/>\n24. Skittles<br \/>\n25. Morango Banana<br \/>\n26. Morango Uva<br \/>\n27. Morango Gelado<br \/>\n28. Morango Melancia<br \/>\n29. Manga Tripla<br \/>\n30. Vimto<span style=\"color: #ff0000\"><strong>&gt;&gt;&gt;&gt; Quente!<\/strong><\/span><\/p>\n<p>&nbsp;<\/p>\n<p>&nbsp;<\/p>\n<h3><strong>Porqu\u00ea escolher a Rmvapesale para o RandM Tornado 30000<\/strong><strong>?<\/strong><\/h3>\n<div class=\"flex-shrink-0 flex flex-col relative items-end\">\n<div class=\"pt-0\">\n<div class=\"gizmo-bot-avatar flex h-8 w-8 items-center justify-center overflow-hidden rounded-full\">\n<div class=\"relative p-1 rounded-sm flex items-center justify-center bg-token-main-surface-primary text-token-text-primary h-8 w-8\">\n<p>&nbsp;<\/p>\n<p>Ao escolher a Rmvapesale para as suas necessidades de vape descart\u00e1vel por atacado, beneficiar\u00e1 de:<\/p>\n<ul>\n<li><strong>Pre\u00e7o Competitivo<\/strong>: Tenha acesso a pre\u00e7os atrativos de atacado que aumentam as margens do seu neg\u00f3cio.<\/li>\n<li><strong>Alta Qualidade<\/strong>: Os nossos vapes s\u00e3o fabricados com os mais altos padr\u00f5es e <span style=\"color: #ff0000\"><strong>t\u00eam 100% de garantia de serem originais e aut\u00eanticos, ou uma compensa\u00e7\u00e3o de 10 vezes ser\u00e1 fornecida por produtos falsificados!<\/strong><\/span><\/li>\n<li><strong>Excelente Apoio ao Cliente<\/strong>: A nossa equipa dedicada est\u00e1 sempre pronta para o ajudar, tornando o seu processo de compra suave e sem complica\u00e7\u00f5es.<\/li>\n<li><strong>R\u00e1pido<\/strong>: Conte com uma entrega r\u00e1pida e fi\u00e1vel, garantindo que as suas encomendas cheguem a tempo, sempre.<\/li>\n<\/ul>\n<\/div>\n<h3><\/h3>\n<div class=\"relative p-1 rounded-sm flex items-center justify-center bg-token-main-surface-primary text-token-text-primary h-8 w-8\">\n<h3><b>FAQs<\/b><\/h3>\n<p>&nbsp;<\/p>\n<ul>\n<li><strong>Como usar uma caneta de vaporizador descart\u00e1vel Fumot 30k?<\/strong><br \/>\nPara usar o vaporizador descart\u00e1vel Fumot RandM Tornado 30000 Puffs, basta tirar o aparelho da embalagem, inalar atrav\u00e9s do bocal e ele ir\u00e1 ativar automaticamente. Desfrute do vapor rico produzido pela sua tecnologia de bobina de malha. O aparelho tamb\u00e9m possui luzes RGB que sincronizam com a m\u00fasica, melhorando a experi\u00eancia de vaporiza\u00e7\u00e3o.<\/li>\n<li><strong>Como carregar o vaporizador descart\u00e1vel Fumot RandM Tornado 30000 Puffs<\/strong><br \/>\nO Fumot RandM Tornado 30000 \u00e9 recarreg\u00e1vel. Vem com uma bateria de 850mAh e est\u00e1 equipado com uma porta de carregamento Tipo-C. Para carregar o aparelho, conecte-o a uma fonte de alimenta\u00e7\u00e3o usando um cabo Tipo-C, e a bateria ir\u00e1 recarregar de forma r\u00e1pida e eficiente.<\/li>\n<li><strong>Quanta nicotina existe num Fumot Vape RandM Tornado 30000<\/strong><br \/>\nO Fumot RandM Tornado 30000 est\u00e1 dispon\u00edvel em op\u00e7\u00f5es de vaporizador descart\u00e1vel com baixo teor de nicotina, 0%, 2%, 5%.<\/li>\n<li><strong>Como saber quando o vaporizador est\u00e1 vazio<\/strong><br \/>\nO Fumot RandM Tornado 30000 n\u00e3o tem um ecr\u00e3 para mostrar o n\u00edvel do l\u00edquido, mas pode saber quando est\u00e1 vazio pela redu\u00e7\u00e3o do sabor e da produ\u00e7\u00e3o de vapor. Quando o vapor se torna fraco ou o sabor desaparece, \u00e9 prov\u00e1vel que o l\u00edquido esteja a acabar, mesmo que a bateria ainda esteja carregada.<\/li>\n<li><strong>Quanto tempo devo carregar o meu RandM Tornado 30000?<\/strong><br \/>\nO tempo exato de carregamento depende da fonte de alimenta\u00e7\u00e3o, mas com a sua capacidade de carregamento Tipo-C, o Fumot RandM Tornado 30000 deve carregar relativamente r\u00e1pido. \u00c9 melhor consultar o indicador de carregamento (se dispon\u00edvel) ou monitorizar o aparelho durante o carregamento para evitar sobrecarregar.<\/li>\n<li><strong>Onde posso comprar o vaporizador descart\u00e1vel Fumot RandM Tornado 30000<\/strong><br \/>\nO vaporizador descart\u00e1vel Fumot RandM Tornado 30000 Puffs pode ser comprado em lojas de retalho e lojas online que vendem vaporizadores descart\u00e1veis premium.<\/li>\n<\/ul>\n<\/div>\n<\/div>\n<\/div>\n<\/div>\n<h3>Sobre o Envio<\/h3>\n<div class=\"flex-shrink-0 flex flex-col relative items-end\">\n<div>\n<div class=\"pt-0\">\n<div class=\"gizmo-bot-avatar flex h-8 w-8 items-center justify-center overflow-hidden rounded-full\">\n<div><\/div>\n<div class=\"relative p-1 rounded-sm flex items-center justify-center bg-token-main-surface-primary text-token-text-primary h-8 w-8\"><strong>1. Que m\u00e9todos de envio s\u00e3o usados?<\/strong><\/div>\n<\/div>\n<\/div>\n<\/div>\n<\/div>\n<div class=\"group\/conversation-turn relative flex w-full min-w-0 flex-col agent-turn\">\n<div class=\"flex-col gap-1 md:gap-3\">\n<div class=\"flex max-w-full flex-col flex-grow\">\n<div class=\"min-h-[20px] text-message flex w-full flex-col items-end gap-2 whitespace-normal break-words [.text-message+&amp;]:mt-5 overflow-x-auto\" dir=\"auto\" data-message-author-role=\"assistant\" data-message-id=\"22f8283b-3233-46ff-89a5-c7a41b33abda\">\n<div class=\"flex w-full flex-col gap-1 empty:hidden first:pt-[3px]\">\n<div class=\"markdown prose w-full break-words dark:prose-invert light\">\n<p>Fazemos parceria com a UPS, DHL, FedEx, DPD e outras transportadoras l\u00edderes. Selecionaremos o melhor m\u00e9todo de envio com base na sua localiza\u00e7\u00e3o de entrega para garantir que receba os seus produtos o mais r\u00e1pido poss\u00edvel.<\/p>\n<\/div>\n<p><strong>2. Quanto tempo demora a chegar?<\/strong><\/p>\n<p>As encomendas enviadas para Portugal geralmente chegam dentro de 10 dias \u00fateis. O envio para pa\u00edses europeus demora geralmente cerca de 12-15 dias \u00fateis. Forneceremos atualiza\u00e7\u00f5es em tempo real sobre o estado do seu envio.<\/p>\n<\/div>\n<\/div>\n<\/div>\n<\/div>\n<\/div>\n<p>&nbsp;<\/p>\n<p>Outros vapes em alta que talvez goste:<\/p>\n<p><a href=\"https:\/\/rmvapesale.com\/pt\/product\/randm-tornado-15000-puffs-15k-vape-recharge-fumot-original-vape-factory-price\/\"><strong>Randm Vape 15000 Inala\u00e7\u00f5es\u00a0 \u00a0<span style=\"color: #ff0000\">&gt;&gt;&gt;&gt; ir!<\/span><\/strong><\/a><\/p>\n<p><strong><a href=\"https:\/\/rmvapesale.com\/pt\/product\/aivono-22000-rechargeable-vapes-with-display-screen\/\">Aivono Aim Fatpro 22000 Inala\u00e7\u00f5es <span style=\"color: #ff0000\">&gt;&gt;&gt;&gt; ir!<\/span><\/a>\u00a0<\/strong><\/p>\n<p><a href=\"https:\/\/rmvapesale.com\/pt\/product\/original-randm-vape-digital-puff-12000-fumot-factory-price\/\"><strong>Fumot Vape 12000 Inala\u00e7\u00f5es <span style=\"color: #ff0000\">&gt;&gt;&gt;&gt; ir!<\/span><\/strong><\/a><\/p>\n<p>&nbsp;<\/p>\n<p>&nbsp;<\/p>\n<p>Encontre mais produtos de vape que talvez goste:<strong><em><a href=\"https:\/\/rmvapesale.com\/pt\/shop-2\/\">comprar agora &gt;&gt;&gt;<\/a><\/em><\/strong><\/p>","protected":false},"excerpt":{"rendered":"<p>Fumot RandM Tornado 30000 Puffs Cigarro Eletr\u00f3nico Descart\u00e1vel por Grosso<br \/>\nRandM Tornado 30000 m\u00fasica 30k Vape Recarreg\u00e1vel Sabor<br \/>\nRandm Fumot Tornado 30000 Puffs M\u00fasica 0% 2% 5%<\/p>\n<p><img loading=\"lazy\" decoding=\"async\" class=\"size-full wp-image-2375\" src=\"https:\/\/rmvapesale.com\/wp-content\/uploads\/2024\/10\/image.png\" alt=\"Melhor Vape Descart\u00e1vel\" width=\"229\" height=\"300\" \/><\/p>\n<h3><a href=\"https:\/\/wa.me\/8617776015835\"><span style=\"color: #ff0000\"><strong>WhatsApp: +86 17776015835<\/strong><\/span><\/a><\/h3>\n<p>&nbsp;<\/p>","protected":false},"featured_media":2531,"comment_status":"open","ping_status":"closed","template":"","meta":{"_uag_custom_page_level_css":"","_lmt_disableupdate":"no","_lmt_disable":"","site-sidebar-layout":"default","site-content-layout":"content-boxed-container","ast-site-content-layout":"normal-width-container","site-content-style":"boxed","site-sidebar-style":"unboxed","ast-global-header-display":"","ast-banner-title-visibility":"","ast-main-header-display":"","ast-hfb-above-header-display":"","ast-hfb-below-header-display":"","ast-hfb-mobile-header-display":"","site-post-title":"","ast-breadcrumbs-content":"","ast-featured-img":"","footer-sml-layout":"","theme-transparent-header-meta":"default","adv-header-id-meta":"","stick-header-meta":"","header-above-stick-meta":"","header-main-stick-meta":"","header-below-stick-meta":"","astra-migrate-meta-layouts":"set","ast-page-background-enabled":"default","ast-page-background-meta":{"desktop":{"background-color":"var(--ast-global-color-4)","background-image":"","background-repeat":"repeat","background-position":"center center","background-size":"auto","background-attachment":"scroll","background-type":"","background-media":"","overlay-type":"","overlay-color":"","overlay-opacity":"","overlay-gradient":""},"tablet":{"background-color":"","background-image":"","background-repeat":"repeat","background-position":"center center","background-size":"auto","background-attachment":"scroll","background-type":"","background-media":"","overlay-type":"","overlay-color":"","overlay-opacity":"","overlay-gradient":""},"mobile":{"background-color":"","background-image":"","background-repeat":"repeat","background-position":"center center","background-size":"auto","background-attachment":"scroll","background-type":"","background-media":"","overlay-type":"","overlay-color":"","overlay-opacity":"","overlay-gradient":""}},"ast-content-background-meta":{"desktop":{"background-color":"var(--ast-global-color-5)","background-image":"","background-repeat":"repeat","background-position":"center center","background-size":"auto","background-attachment":"scroll","background-type":"","background-media":"","overlay-type":"","overlay-color":"","overlay-opacity":"","overlay-gradient":""},"tablet":{"background-color":"var(--ast-global-color-5)","background-image":"","background-repeat":"repeat","background-position":"center center","background-size":"auto","background-attachment":"scroll","background-type":"","background-media":"","overlay-type":"","overlay-color":"","overlay-opacity":"","overlay-gradient":""},"mobile":{"background-color":"var(--ast-global-color-5)","background-image":"","background-repeat":"repeat","background-position":"center center","background-size":"auto","background-attachment":"scroll","background-type":"","background-media":"","overlay-type":"","overlay-color":"","overlay-opacity":"","overlay-gradient":""}},"_joinchat":[]},"product_brand":[],"product_cat":[15,51,25,123,26,28,135,27,31,137,136,30],"product_tag":[146,155,186,38,165,166,120],"class_list":{"0":"post-2532","1":"product","2":"type-product","3":"status-publish","4":"has-post-thumbnail","6":"product_cat-new-vape-this-week","7":"product_cat-fumot-vape","8":"product_cat-germany-best-selling-vape","9":"product_cat-italy-wholesale-vape","10":"product_cat-netherlands-hot-sale-vape","11":"product_cat-poland-hot-sale-vape","12":"product_cat-spain-best-hot-sale-vape","13":"product_cat-fance-hot-sale-vape","14":"product_cat-randm-fumot-vape","15":"product_cat-rechargeable-vapes","16":"product_cat-smart-screen-vapes","17":"product_cat-minimum-order-quantity-50pcs","18":"product_tag-best-hot-sale-vape","19":"product_tag-digital-display-box","20":"product_tag-fumot-30k","21":"product_tag-randm-vape","22":"product_tag-rechargeable-vapes","23":"product_tag-tornado-vape","24":"product_tag-vape-wholesale","25":"desktop-align-left","26":"tablet-align-left","27":"mobile-align-left","29":"first","30":"instock","31":"sale","32":"shipping-taxable","33":"purchasable","34":"product-type-simple"},"uagb_featured_image_src":{"full":["https:\/\/rmvapesale.com\/wp-content\/uploads\/2024\/10\/RandM-Tornado-30000-Puffs-Vape.jpg",808,808,false],"thumbnail":["https:\/\/rmvapesale.com\/wp-content\/uploads\/2024\/10\/RandM-Tornado-30000-Puffs-Vape-150x150.jpg",150,150,true],"medium":["https:\/\/rmvapesale.com\/wp-content\/uploads\/2024\/10\/RandM-Tornado-30000-Puffs-Vape-300x300.jpg",300,300,true],"medium_large":["https:\/\/rmvapesale.com\/wp-content\/uploads\/2024\/10\/RandM-Tornado-30000-Puffs-Vape-768x768.jpg",768,768,true],"large":["https:\/\/rmvapesale.com\/wp-content\/uploads\/2024\/10\/RandM-Tornado-30000-Puffs-Vape.jpg",808,808,false],"1536x1536":["https:\/\/rmvapesale.com\/wp-content\/uploads\/2024\/10\/RandM-Tornado-30000-Puffs-Vape.jpg",808,808,false],"2048x2048":["https:\/\/rmvapesale.com\/wp-content\/uploads\/2024\/10\/RandM-Tornado-30000-Puffs-Vape.jpg",808,808,false],"trp-custom-language-flag":["https:\/\/rmvapesale.com\/wp-content\/uploads\/2024\/10\/RandM-Tornado-30000-Puffs-Vape.jpg",12,12,false],"woocommerce_thumbnail":["https:\/\/rmvapesale.com\/wp-content\/uploads\/2024\/10\/RandM-Tornado-30000-Puffs-Vape-300x300.jpg",300,300,true],"woocommerce_single":["https:\/\/rmvapesale.com\/wp-content\/uploads\/2024\/10\/RandM-Tornado-30000-Puffs-Vape-600x600.jpg",600,600,true],"woocommerce_gallery_thumbnail":["https:\/\/rmvapesale.com\/wp-content\/uploads\/2024\/10\/RandM-Tornado-30000-Puffs-Vape-100x100.jpg",100,100,true],"wcpr-photo-reviews":["https:\/\/rmvapesale.com\/wp-content\/uploads\/2024\/10\/RandM-Tornado-30000-Puffs-Vape.jpg",500,500,false]},"uagb_author_info":{"display_name":"AMY","author_link":"https:\/\/rmvapesale.com\/pt\/author\/"},"uagb_comment_info":0,"uagb_excerpt":"Fumot RandM Tornado 30000 Puffs Disposable Vape Wholesale RandM Tornado 30000 music 30k Rechargeable Vape Flavor Randm Fumot Tornado 30000 Puffs Music 0% 2% 5% WhatsApp: +86 17776015835 &nbsp;","_links":{"self":[{"href":"https:\/\/rmvapesale.com\/pt\/wp-json\/wp\/v2\/product\/2532","targetHints":{"allow":["GET"]}}],"collection":[{"href":"https:\/\/rmvapesale.com\/pt\/wp-json\/wp\/v2\/product"}],"about":[{"href":"https:\/\/rmvapesale.com\/pt\/wp-json\/wp\/v2\/types\/product"}],"replies":[{"embeddable":true,"href":"https:\/\/rmvapesale.com\/pt\/wp-json\/wp\/v2\/comments?post=2532"}],"wp:featuredmedia":[{"embeddable":true,"href":"https:\/\/rmvapesale.com\/pt\/wp-json\/wp\/v2\/media\/2531"}],"wp:attachment":[{"href":"https:\/\/rmvapesale.com\/pt\/wp-json\/wp\/v2\/media?parent=2532"}],"wp:term":[{"taxonomy":"product_brand","embeddable":true,"href":"https:\/\/rmvapesale.com\/pt\/wp-json\/wp\/v2\/product_brand?post=2532"},{"taxonomy":"product_cat","embeddable":true,"href":"https:\/\/rmvapesale.com\/pt\/wp-json\/wp\/v2\/product_cat?post=2532"},{"taxonomy":"product_tag","embeddable":true,"href":"https:\/\/rmvapesale.com\/pt\/wp-json\/wp\/v2\/product_tag?post=2532"}],"curies":[{"name":"wp","href":"https:\/\/api.w.org\/{rel}","templated":true}]}}