{"id":2547,"date":"2024-10-25T02:22:52","date_gmt":"2024-10-25T02:22:52","guid":{"rendered":"https:\/\/rmvapesale.com\/?post_type=product&#038;p=2547"},"modified":"2024-10-25T03:03:28","modified_gmt":"2024-10-25T03:03:28","slug":"rechargeable-vape-vapme-spacex-22000-puff-wholesale","status":"publish","type":"product","link":"https:\/\/rmvapesale.com\/pt\/product\/rechargeable-vape-vapme-spacex-22000-puff-wholesale\/","title":{"rendered":"Vape Recarreg\u00e1vel Vapme Spacex 22000 Puff Atacado"},"content":{"rendered":"<div class=\"B2VR9 CJHX3e\">\n<div class=\"wyccme\">\n<h1 class=\"LC20lb MBeuO DKV0Md\">Vape Recarreg\u00e1vel Vapme Spacex 22000 Puff Atacado<\/h1>\n<div class=\"flex-shrink-0 flex flex-col relative items-end\">\n<div class=\"pt-0\">\n<div class=\"gizmo-bot-avatar flex h-8 w-8 items-center justify-center overflow-hidden rounded-full\">\n<div class=\"relative p-1 rounded-sm flex items-center justify-center bg-token-main-surface-primary text-token-text-primary h-8 w-8\">\n<p>O Vape Recarreg\u00e1vel <strong>Vapme Spacex 22000 Baforadas<\/strong> \u00e9 um premium<strong> vape inteligente descart\u00e1vel<\/strong> projetado para utilizadores que procuram sess\u00f5es de vaping prolongadas e conveni\u00eancia. Com uma impressionante <strong>capacidade de 30mL de l\u00edquido para vape<\/strong> e a capacidade de fornecer mais de <strong>22.000 baforadas<\/strong>, este dispositivo foi constru\u00eddo para longevidade e satisfa\u00e7\u00e3o. A sua <strong>850mAh<\/strong>, recarreg\u00e1vel via <strong>porta Tipo-C<\/strong>, garante que pode desfrutar dos seus sabores favoritos sem interrup\u00e7\u00f5es, tornando-o perfeito tanto para vapers casuais como para utilizadores ass\u00edduos. Equipado com uma <strong>resist\u00eancia de malha de 0.8-ohm<\/strong>, este <strong>vape recarreg\u00e1vel<\/strong>\u00a0proporciona uma produ\u00e7\u00e3o de vapor ideal, garantindo que cada baforada seja rica em sabor e suave na inala\u00e7\u00e3o.<\/p>\n<p>O <strong>ecr\u00e3 LED<\/strong> \u00e9 outra caracter\u00edstica de destaque, permitindo que os utilizadores monitorizem facilmente a vida \u00fatil da bateria e os n\u00edveis de e-l\u00edquido num relance, com uma tecnologia de ponta que o faz destacar-se ao lado de outros <strong>vape descart\u00e1vel com ecr\u00e3<\/strong>. Este <strong>op\u00e7\u00f5es de vape descart\u00e1vel com baixo teor de nicotina <\/strong>\u00a0vem com 2% de nicotina para o utilizador que procura um 'hit' suave, e a op\u00e7\u00e3o\u00a0<strong>5% nicotina <\/strong>satisfaz os vapers que desejam uma experi\u00eancia mais forte.<\/p>\n<p>O <strong>Vapme 22000<\/strong> \u00e9 ideal para <strong>vapes por grosso<\/strong>, tornando-o a escolha perfeita para retalhistas que procuram armazenar produtos de alta procura. A sua grande capacidade, bateria recarreg\u00e1vel e variedade de sabores tornam-no um <strong>vape popular<\/strong> no <strong>vape descart\u00e1vel<\/strong> mercado, oferecendo qualidade e conveni\u00eancia num pacote elegante.<\/p>\n<\/div>\n<\/div>\n<\/div>\n<\/div>\n<\/div>\n<\/div>\n<p><strong>Contacte a Amy para obter a resposta certa e cup\u00e3o de vape!<\/strong><\/p>\n<p><img loading=\"lazy\" decoding=\"async\" class=\"size-full wp-image-1978\" src=\"https:\/\/rmvapesale.com\/wp-content\/uploads\/2024\/09\/Disposable-Vape-Wholesale.jpg\" alt=\"Venda por grosso de vapes descart\u00e1veis\" width=\"229\" height=\"300\" \/><\/p>\n<h3><a href=\"https:\/\/wa.me\/8617776015835\" target=\"_blank\" rel=\"noopener\"><span style=\"color: #ff0000\"><strong>WhatsApp: +86 17776015835<\/strong><\/span><\/a><\/h3>\n<p>&nbsp;<\/p>\n<h2><\/h2>\n<h2><strong>Vapme 22000 <\/strong><strong>Vape Recarreg\u00e1vel<\/strong><strong>\u00a0<\/strong><strong>Principais Caracter\u00edsticas<\/strong><\/h2>\n<p>Marca: Vapme Vape<br \/>\nBateria: 850mAh porta tipo-c<br \/>\nCapacidade: 30mL de e-l\u00edquido<br \/>\nBobina: bobina de malha de 0.8 ohm<br \/>\nPuffs: 22000+ baforadas<br \/>\nNicotina: 2%\/5%<br \/>\nEcr\u00e3 LED para bateria e e-l\u00edquido<\/p>\n<h2><strong>Melhores sabores para <\/strong><strong>Vape Recarreg\u00e1vel <\/strong><strong>Vapme 22000 <\/strong><strong>Baforadas\u00a0<\/strong><\/h2>\n<p>Este <strong>vape box<\/strong> oferece <strong>12 sabores emocionantes<\/strong>, desde a explos\u00e3o \u00e1cida de <strong>Limonada de Framboesa Azul<\/strong> at\u00e9 o frescor refrescante de <strong>Gelo de Melancia<\/strong> e a mistura tropical de <strong>Manga P\u00eassego Anan\u00e1s<\/strong>. Quer prefira sabores doces, frutados ou gelados, o Vapme Spacex tem algo para todos os gostos.<\/p>\n<p>1.Limonada de framboesa azul<span style=\"color: #ff0000\"><strong>&gt;&gt;&gt;&gt; Quente!<\/strong><\/span><br \/>\n2.P\u00eassego gelado<br \/>\n3. Gelo de melancia <span style=\"color: #ff0000\"><strong>&gt;&gt;&gt;&gt; Quente!<\/strong><\/span><br \/>\n4.Mirtilo e framboesa<br \/>\n5.Cereja gelada<br \/>\n6.Morango gelado<br \/>\n7.Morango e melancia<br \/>\n8.Manga, p\u00eassego e anan\u00e1s <span style=\"color: #ff0000\"><strong>&gt;&gt;&gt;&gt; O Melhor!<\/strong><\/span><br \/>\n9.Morango e kiwi<br \/>\n10.Kiwi maracuj\u00e1 goiaba<br \/>\n11.Bebida energ\u00e9tica<br \/>\n12.Love 66<\/p>\n<figure id=\"attachment_2542\" aria-describedby=\"caption-attachment-2542\" style=\"width: 800px\" class=\"wp-caption alignnone\"><img loading=\"lazy\" decoding=\"async\" class=\"wp-image-2542 size-full\" src=\"https:\/\/rmvapesale.com\/wp-content\/uploads\/2024\/10\/Disposable-Vape-Vapme-22000-Puffs-Price.jpg\" alt=\"Pre\u00e7o do Vape Descart\u00e1vel Vapme 22000 Puffs\" width=\"800\" height=\"800\" srcset=\"https:\/\/rmvapesale.com\/wp-content\/uploads\/2024\/10\/Disposable-Vape-Vapme-22000-Puffs-Price.jpg 800w, https:\/\/rmvapesale.com\/wp-content\/uploads\/2024\/10\/Disposable-Vape-Vapme-22000-Puffs-Price-300x300.jpg 300w, https:\/\/rmvapesale.com\/wp-content\/uploads\/2024\/10\/Disposable-Vape-Vapme-22000-Puffs-Price-150x150.jpg 150w, https:\/\/rmvapesale.com\/wp-content\/uploads\/2024\/10\/Disposable-Vape-Vapme-22000-Puffs-Price-768x768.jpg 768w, https:\/\/rmvapesale.com\/wp-content\/uploads\/2024\/10\/Disposable-Vape-Vapme-22000-Puffs-Price-600x600.jpg 600w, https:\/\/rmvapesale.com\/wp-content\/uploads\/2024\/10\/Disposable-Vape-Vapme-22000-Puffs-Price-100x100.jpg 100w\" sizes=\"auto, (max-width: 800px) 100vw, 800px\" \/><figcaption id=\"caption-attachment-2542\" class=\"wp-caption-text\">Pre\u00e7o do Vape Descart\u00e1vel Vapme 22000 Puffs<\/figcaption><\/figure>\n<p>&nbsp;<\/p>\n<h3><strong>Porqu\u00ea Escolher a Rmvapesale para Vapme 22000 Puffs<\/strong><strong>?<\/strong><\/h3>\n<div class=\"flex-shrink-0 flex flex-col relative items-end\">\n<div class=\"pt-0\">\n<div class=\"gizmo-bot-avatar flex h-8 w-8 items-center justify-center overflow-hidden rounded-full\">\n<div class=\"relative p-1 rounded-sm flex items-center justify-center bg-token-main-surface-primary text-token-text-primary h-8 w-8\">\n<p>&nbsp;<\/p>\n<p>Ao escolher a Rmvapesale para as suas necessidades de vape descart\u00e1vel por atacado, beneficiar\u00e1 de:<\/p>\n<ul>\n<li><strong>Pre\u00e7o Competitivo<\/strong>: Tenha acesso a pre\u00e7os atrativos de atacado que aumentam as margens do seu neg\u00f3cio.<\/li>\n<li><strong>Alta Qualidade<\/strong>: Os nossos vapes s\u00e3o fabricados com os mais altos padr\u00f5es e <span style=\"color: #ff0000\"><strong>t\u00eam 100% de garantia de serem originais e aut\u00eanticos, ou uma compensa\u00e7\u00e3o de 10 vezes ser\u00e1 fornecida por produtos falsificados!<\/strong><\/span><\/li>\n<li><strong>Excelente Apoio ao Cliente<\/strong>: A nossa equipa dedicada est\u00e1 sempre pronta para o ajudar, tornando o seu processo de compra suave e sem complica\u00e7\u00f5es.<\/li>\n<li><strong>R\u00e1pido<\/strong>: Conte com uma entrega r\u00e1pida e fi\u00e1vel, garantindo que as suas encomendas cheguem a tempo, sempre.<\/li>\n<\/ul>\n<\/div>\n<h3><\/h3>\n<div class=\"relative p-1 rounded-sm flex items-center justify-center bg-token-main-surface-primary text-token-text-primary h-8 w-8\">\n<h3><b>Perguntas Frequentes sobre o Vape Recarreg\u00e1vel Vapme 22000<\/b><\/h3>\n<ul>\n<li><strong>Como carregar o vape descart\u00e1vel recarreg\u00e1vel Vapme Spacex 22000<\/strong><br \/>\nO Vapme Spacex 22000 vem com uma bateria recarreg\u00e1vel de 850mAh que pode ser carregada atrav\u00e9s da porta de carregamento Tipo-C. Basta ligar o cabo Tipo-C a uma fonte de energia para recarregar o dispositivo.<\/li>\n<li><strong>Quanta nicotina tem um Vapme Spacex 22000 Puffs<\/strong><br \/>\nO Vapme Spacex 22000 Puffs est\u00e1 dispon\u00edvel em duas op\u00e7\u00f5es de for\u00e7a de nicotina: 2% (20mg) para um sabor mais suave e 5% (50mg) para utilizadores que procuram uma experi\u00eancia mais forte.<\/li>\n<li><strong>Quanto tempo devo carregar a minha Caixa de Vape Vapme Spacex 22000?<\/strong><br \/>\nO tempo de carregamento exato depende da fonte de alimenta\u00e7\u00e3o, mas a capacidade de carregamento r\u00e1pido Type-C permite recargas relativamente r\u00e1pidas. Monitorize o ecr\u00e3 LED para verificar quando a bateria est\u00e1 totalmente carregada, pois o ecr\u00e3 fornecer\u00e1 informa\u00e7\u00f5es sobre a vida \u00fatil da bateria.<\/li>\n<li><strong>Onde posso comprar vapes descart\u00e1veis Vapme Spacex 22000?<\/strong><br \/>\nO vape descart\u00e1vel Vapme Spacex 22000 Puffs pode ser comprado em retalhistas, lojas de vapes, ou plataformas online especializadas na venda de produtos de vaping. Tamb\u00e9m est\u00e1 dispon\u00edvel para venda por grosso, o que o torna uma op\u00e7\u00e3o popular para empresas que procuram armazenar vapes descart\u00e1veis.<\/li>\n<li><strong>Quais s\u00e3o os melhores vapes descart\u00e1veis de 2024?<\/strong><br \/>\nAlguns dos melhores vapes descart\u00e1veis de 2024 incluem:<\/p>\n<ul>\n<li><strong>Vapme Spacex 22000 Baforadas<\/strong>: Conhecido pela sua grande capacidade, ecr\u00e3 LED e bateria recarreg\u00e1vel.<\/li>\n<li><strong>Vapme Crystal 20000 Puffs<\/strong>: Popular pela sua funcionalidade de Sabor Duplo e carregamento conveniente.<\/li>\n<li><strong>Aivono Fatpro 22000 Puffs<\/strong>: Oferece uma experi\u00eancia de vaping de longa dura\u00e7\u00e3o com tecnologia de bobina de malha e fluxo de ar personaliz\u00e1vel.<\/li>\n<li><strong>Fumot RandM Tornado 30000 Baforadas<\/strong>: Apresenta sincroniza\u00e7\u00e3o de m\u00fasica e luzes RGB, ideal para vaping interativo.<\/li>\n<\/ul>\n<\/li>\n<\/ul>\n<\/div>\n<\/div>\n<\/div>\n<\/div>\n<h3>Sobre o Envio<\/h3>\n<div class=\"flex-shrink-0 flex flex-col relative items-end\">\n<div>\n<div class=\"pt-0\">\n<div class=\"gizmo-bot-avatar flex h-8 w-8 items-center justify-center overflow-hidden rounded-full\">\n<div><\/div>\n<div class=\"relative p-1 rounded-sm flex items-center justify-center bg-token-main-surface-primary text-token-text-primary h-8 w-8\"><strong>1. Que m\u00e9todos de envio s\u00e3o usados?<\/strong><\/div>\n<\/div>\n<\/div>\n<\/div>\n<\/div>\n<div class=\"group\/conversation-turn relative flex w-full min-w-0 flex-col agent-turn\">\n<div class=\"flex-col gap-1 md:gap-3\">\n<div class=\"flex max-w-full flex-col flex-grow\">\n<div class=\"min-h-[20px] text-message flex w-full flex-col items-end gap-2 whitespace-normal break-words [.text-message+&amp;]:mt-5 overflow-x-auto\" dir=\"auto\" data-message-author-role=\"assistant\" data-message-id=\"22f8283b-3233-46ff-89a5-c7a41b33abda\">\n<div class=\"flex w-full flex-col gap-1 empty:hidden first:pt-[3px]\">\n<div class=\"markdown prose w-full break-words dark:prose-invert light\">\n<p>Fazemos parceria com a UPS, DHL, FedEx, DPD e outras transportadoras l\u00edderes. Selecionaremos o melhor m\u00e9todo de envio com base na sua localiza\u00e7\u00e3o de entrega para garantir que receba os seus produtos o mais r\u00e1pido poss\u00edvel.<\/p>\n<\/div>\n<p><strong>2. Quanto tempo demora a chegar?<\/strong><\/p>\n<p>As encomendas enviadas para Portugal geralmente chegam dentro de 10 dias \u00fateis. O envio para pa\u00edses europeus demora geralmente cerca de 12-15 dias \u00fateis. Forneceremos atualiza\u00e7\u00f5es em tempo real sobre o estado do seu envio.<\/p>\n<\/div>\n<\/div>\n<\/div>\n<\/div>\n<\/div>\n<p>&nbsp;<\/p>\n<p>Outros vapes em alta que talvez goste:<\/p>\n<p><a href=\"https:\/\/rmvapesale.com\/pt\/product\/fumot-randm-tornado-30000-puffs-30k-music-disposable-vape\/\"><strong>RandM Tornado 30000 Baforadas\u00a0 \u00a0<span style=\"color: #ff0000\">&gt;&gt;&gt;&gt; ir!<\/span><\/strong><\/a><\/p>\n<p><strong><a href=\"https:\/\/rmvapesale.com\/pt\/product\/vapme-crystal-20000-puffs-20k-double-flavor-rechargeable-vapes\/\">Vapme Crystal 20000 Puffs <span style=\"color: #ff0000\">&gt;&gt;&gt;&gt; ir!<\/span><\/a>\u00a0<\/strong><\/p>\n<p><a href=\"https:\/\/rmvapesale.com\/pt\/product\/original-randm-vape-digital-puff-12000-fumot-factory-price\/\"><strong>Fumot Vape 12000 Inala\u00e7\u00f5es <span style=\"color: #ff0000\">&gt;&gt;&gt;&gt; ir!<\/span><\/strong><\/a><\/p>\n<p>&nbsp;<\/p>\n<p>&nbsp;<\/p>\n<p>Encontre mais produtos de vape que talvez goste:<strong><em><a href=\"https:\/\/rmvapesale.com\/pt\/shop-2\/\">comprar agora &gt;&gt;&gt;<\/a><\/em><\/strong><\/p>","protected":false},"excerpt":{"rendered":"<p>Vapes Recarreg\u00e1veis Vapme Spacex 22000 Puffs Venda por Atacado<br \/>\nVapme 22000 Puffs Vape Descart\u00e1vel Caixa todos os Sabores<br \/>\nVapme Spacex 22000 Puffs Vape Descart\u00e1vel com Ecr\u00e3<\/p>\n<p><img loading=\"lazy\" decoding=\"async\" class=\"size-full wp-image-2375\" src=\"https:\/\/rmvapesale.com\/wp-content\/uploads\/2024\/10\/image.png\" alt=\"Melhor Vape Descart\u00e1vel\" width=\"229\" height=\"300\" \/><\/p>\n<h3><a href=\"https:\/\/wa.me\/8617776015835\"><span style=\"color: #ff0000\"><strong>WhatsApp: +86 17776015835<\/strong><\/span><\/a><\/h3>\n<p>&nbsp;<\/p>","protected":false},"featured_media":2541,"comment_status":"open","ping_status":"closed","template":"","meta":{"_uag_custom_page_level_css":"","_lmt_disableupdate":"no","_lmt_disable":"","site-sidebar-layout":"default","site-content-layout":"content-boxed-container","ast-site-content-layout":"normal-width-container","site-content-style":"boxed","site-sidebar-style":"unboxed","ast-global-header-display":"","ast-banner-title-visibility":"","ast-main-header-display":"","ast-hfb-above-header-display":"","ast-hfb-below-header-display":"","ast-hfb-mobile-header-display":"","site-post-title":"","ast-breadcrumbs-content":"","ast-featured-img":"","footer-sml-layout":"","theme-transparent-header-meta":"default","adv-header-id-meta":"","stick-header-meta":"","header-above-stick-meta":"","header-main-stick-meta":"","header-below-stick-meta":"","astra-migrate-meta-layouts":"set","ast-page-background-enabled":"default","ast-page-background-meta":{"desktop":{"background-color":"var(--ast-global-color-4)","background-image":"","background-repeat":"repeat","background-position":"center center","background-size":"auto","background-attachment":"scroll","background-type":"","background-media":"","overlay-type":"","overlay-color":"","overlay-opacity":"","overlay-gradient":""},"tablet":{"background-color":"","background-image":"","background-repeat":"repeat","background-position":"center center","background-size":"auto","background-attachment":"scroll","background-type":"","background-media":"","overlay-type":"","overlay-color":"","overlay-opacity":"","overlay-gradient":""},"mobile":{"background-color":"","background-image":"","background-repeat":"repeat","background-position":"center center","background-size":"auto","background-attachment":"scroll","background-type":"","background-media":"","overlay-type":"","overlay-color":"","overlay-opacity":"","overlay-gradient":""}},"ast-content-background-meta":{"desktop":{"background-color":"var(--ast-global-color-5)","background-image":"","background-repeat":"repeat","background-position":"center center","background-size":"auto","background-attachment":"scroll","background-type":"","background-media":"","overlay-type":"","overlay-color":"","overlay-opacity":"","overlay-gradient":""},"tablet":{"background-color":"var(--ast-global-color-5)","background-image":"","background-repeat":"repeat","background-position":"center center","background-size":"auto","background-attachment":"scroll","background-type":"","background-media":"","overlay-type":"","overlay-color":"","overlay-opacity":"","overlay-gradient":""},"mobile":{"background-color":"var(--ast-global-color-5)","background-image":"","background-repeat":"repeat","background-position":"center center","background-size":"auto","background-attachment":"scroll","background-type":"","background-media":"","overlay-type":"","overlay-color":"","overlay-opacity":"","overlay-gradient":""}},"_joinchat":[]},"product_brand":[],"product_cat":[15,25,123,26,28,135,27,137,136,30],"product_tag":[146,188,155,167,165,120],"class_list":{"0":"post-2547","1":"product","2":"type-product","3":"status-publish","4":"has-post-thumbnail","6":"product_cat-new-vape-this-week","7":"product_cat-germany-best-selling-vape","8":"product_cat-italy-wholesale-vape","9":"product_cat-netherlands-hot-sale-vape","10":"product_cat-poland-hot-sale-vape","11":"product_cat-spain-best-hot-sale-vape","12":"product_cat-fance-hot-sale-vape","13":"product_cat-rechargeable-vapes","14":"product_cat-smart-screen-vapes","15":"product_cat-minimum-order-quantity-50pcs","16":"product_tag-best-hot-sale-vape","17":"product_tag-buy-vapes-online","18":"product_tag-digital-display-box","19":"product_tag-disposable-vape-with-screen","20":"product_tag-rechargeable-vapes","21":"product_tag-vape-wholesale","22":"desktop-align-left","23":"tablet-align-left","24":"mobile-align-left","26":"first","27":"instock","28":"sale","29":"shipping-taxable","30":"purchasable","31":"product-type-simple"},"uagb_featured_image_src":{"full":["https:\/\/rmvapesale.com\/wp-content\/uploads\/2024\/10\/Disposable-Vape-Pen-Vapme-Spacex-22000.jpg",800,800,false],"thumbnail":["https:\/\/rmvapesale.com\/wp-content\/uploads\/2024\/10\/Disposable-Vape-Pen-Vapme-Spacex-22000-150x150.jpg",150,150,true],"medium":["https:\/\/rmvapesale.com\/wp-content\/uploads\/2024\/10\/Disposable-Vape-Pen-Vapme-Spacex-22000-300x300.jpg",300,300,true],"medium_large":["https:\/\/rmvapesale.com\/wp-content\/uploads\/2024\/10\/Disposable-Vape-Pen-Vapme-Spacex-22000-768x768.jpg",768,768,true],"large":["https:\/\/rmvapesale.com\/wp-content\/uploads\/2024\/10\/Disposable-Vape-Pen-Vapme-Spacex-22000.jpg",800,800,false],"1536x1536":["https:\/\/rmvapesale.com\/wp-content\/uploads\/2024\/10\/Disposable-Vape-Pen-Vapme-Spacex-22000.jpg",800,800,false],"2048x2048":["https:\/\/rmvapesale.com\/wp-content\/uploads\/2024\/10\/Disposable-Vape-Pen-Vapme-Spacex-22000.jpg",800,800,false],"trp-custom-language-flag":["https:\/\/rmvapesale.com\/wp-content\/uploads\/2024\/10\/Disposable-Vape-Pen-Vapme-Spacex-22000.jpg",12,12,false],"woocommerce_thumbnail":["https:\/\/rmvapesale.com\/wp-content\/uploads\/2024\/10\/Disposable-Vape-Pen-Vapme-Spacex-22000-300x300.jpg",300,300,true],"woocommerce_single":["https:\/\/rmvapesale.com\/wp-content\/uploads\/2024\/10\/Disposable-Vape-Pen-Vapme-Spacex-22000-600x600.jpg",600,600,true],"woocommerce_gallery_thumbnail":["https:\/\/rmvapesale.com\/wp-content\/uploads\/2024\/10\/Disposable-Vape-Pen-Vapme-Spacex-22000-100x100.jpg",100,100,true],"wcpr-photo-reviews":["https:\/\/rmvapesale.com\/wp-content\/uploads\/2024\/10\/Disposable-Vape-Pen-Vapme-Spacex-22000.jpg",500,500,false]},"uagb_author_info":{"display_name":"AMY","author_link":"https:\/\/rmvapesale.com\/pt\/author\/"},"uagb_comment_info":0,"uagb_excerpt":"Wholesale\u00a0Rechargeable Vapes Vapme Spacex 22000 Puff Vapme 22000 Puffs Disposable Vape Box all Flavor Vapme Spacex 22000 Puff Disposable Vape with Screen WhatsApp: +86 17776015835 &nbsp;","_links":{"self":[{"href":"https:\/\/rmvapesale.com\/pt\/wp-json\/wp\/v2\/product\/2547","targetHints":{"allow":["GET"]}}],"collection":[{"href":"https:\/\/rmvapesale.com\/pt\/wp-json\/wp\/v2\/product"}],"about":[{"href":"https:\/\/rmvapesale.com\/pt\/wp-json\/wp\/v2\/types\/product"}],"replies":[{"embeddable":true,"href":"https:\/\/rmvapesale.com\/pt\/wp-json\/wp\/v2\/comments?post=2547"}],"wp:featuredmedia":[{"embeddable":true,"href":"https:\/\/rmvapesale.com\/pt\/wp-json\/wp\/v2\/media\/2541"}],"wp:attachment":[{"href":"https:\/\/rmvapesale.com\/pt\/wp-json\/wp\/v2\/media?parent=2547"}],"wp:term":[{"taxonomy":"product_brand","embeddable":true,"href":"https:\/\/rmvapesale.com\/pt\/wp-json\/wp\/v2\/product_brand?post=2547"},{"taxonomy":"product_cat","embeddable":true,"href":"https:\/\/rmvapesale.com\/pt\/wp-json\/wp\/v2\/product_cat?post=2547"},{"taxonomy":"product_tag","embeddable":true,"href":"https:\/\/rmvapesale.com\/pt\/wp-json\/wp\/v2\/product_tag?post=2547"}],"curies":[{"name":"wp","href":"https:\/\/api.w.org\/{rel}","templated":true}]}}