{"id":2554,"date":"2024-10-25T06:27:27","date_gmt":"2024-10-25T06:27:27","guid":{"rendered":"https:\/\/rmvapesale.com\/?post_type=product&#038;p=2554"},"modified":"2024-10-25T07:32:34","modified_gmt":"2024-10-25T07:32:34","slug":"aivono-aim-lost-mary-6500-puff-disposable-vape-box-wholesale","status":"publish","type":"product","link":"https:\/\/rmvapesale.com\/pt\/product\/aivono-aim-lost-mary-6500-puff-disposable-vape-box-wholesale\/","title":{"rendered":"AIVONO AIM Lost Mary 6500 Puff Caixa de Vape Descart\u00e1vel para Venda por Grosso"},"content":{"rendered":"<div class=\"B2VR9 CJHX3e\">\n<div class=\"wyccme\">\n<h1 class=\"LC20lb MBeuO DKV0Md\">AIVONO AIM Lost Mary 6500 Puff Caixa de Vape Descart\u00e1vel para Venda por Grosso<\/h1>\n<div class=\"flex-shrink-0 flex flex-col relative items-end\">\n<div class=\"pt-0\">\n<div class=\"gizmo-bot-avatar flex h-8 w-8 items-center justify-center overflow-hidden rounded-full\">\n<div class=\"relative p-1 rounded-sm flex items-center justify-center bg-token-main-surface-primary text-token-text-primary h-8 w-8\">\n<p>A AIVONO AIM Lost Mary 6500 Puff <strong>Caixa de Vape Descart\u00e1vel<\/strong> \u00e9 uma escolha premium na categoria de <strong>vape de 6500 baforadas<\/strong> projetada para proporcionar uma experi\u00eancia duradoura e saborosa. Com uma grande capacidade de 13ml de e-l\u00edquido, este compacto e port\u00e1til <strong>vape box<\/strong> \u00e9 perfeito para vapers que procuram uma op\u00e7\u00e3o com alto n\u00famero de baforadas e baixa manuten\u00e7\u00e3o. Alimentado por uma bateria recarreg\u00e1vel de 650mAh e utilizando uma interface de carregamento Tipo-C, o Lost Mary 6500 garante um desempenho consistente com recargas r\u00e1pidas e f\u00e1ceis, tornando-o uma op\u00e7\u00e3o ideal para quem explora <strong>vapes recarreg\u00e1veis<\/strong>.<\/p>\n<p>Oferecendo at\u00e9 6500 baforadas, este <strong>vape descart\u00e1vel<\/strong> apresenta tecnologia avan\u00e7ada de bobina MESH que oferece um sabor suave e rico a cada inala\u00e7\u00e3o. O seu sistema de fluxo de ar ajust\u00e1vel permite que os utilizadores personalizem a sua experi\u00eancia de vaping, desde tragos mais apertados a mais soltos. Dispon\u00edvel em 10 sabores \u00fanicos, este dispositivo atende a diversas prefer\u00eancias, tornando-o uma escolha principal para propriet\u00e1rios de <strong>loja de vapes<\/strong> e aqueles que procuram <strong>comprar vapes online<\/strong>.<\/p>\n<p>Seja voc\u00ea um propriet\u00e1rio de <strong>bar de vapes<\/strong> que procura <strong>vapes por grosso<\/strong> para o seu neg\u00f3cio ou um indiv\u00edduo em busca de uma op\u00e7\u00e3o conveniente e duradoura, o <strong>AIVONO<\/strong> AIM 6500 Puff foi projetado para a satisfa\u00e7\u00e3o. Com sua constru\u00e7\u00e3o de qualidade e recursos focados no utilizador, ele est\u00e1 pronto para ser um dos <strong>melhores vapes descart\u00e1veis de 2024<\/strong>.<\/p>\n<\/div>\n<\/div>\n<\/div>\n<\/div>\n<\/div>\n<\/div>\n<p><strong>Contacte a Amy para obter a resposta certa e cup\u00e3o de vape!<\/strong><\/p>\n<p><img loading=\"lazy\" decoding=\"async\" class=\"size-full wp-image-1978\" src=\"https:\/\/rmvapesale.com\/wp-content\/uploads\/2024\/09\/Disposable-Vape-Wholesale.jpg\" alt=\"Venda por grosso de vapes descart\u00e1veis\" width=\"229\" height=\"300\" \/><\/p>\n<h3><a href=\"https:\/\/wa.me\/8617776015835\" target=\"_blank\" rel=\"noopener\"><span style=\"color: #ff0000\"><strong>WhatsApp: +86 17776015835<\/strong><\/span><\/a><\/h3>\n<p>&nbsp;<\/p>\n<h2><\/h2>\n<h2><strong>Vape Descart\u00e1vel AIVONO Lost Mary 6500<\/strong><strong>\u00a0<\/strong><strong>Principais Caracter\u00edsticas<\/strong><\/h2>\n<p>&nbsp;<\/p>\n<p>Capacidade do Pod: 13ml<br \/>\nBateria: 650Mah<br \/>\nPuff: 6500 baforadas<br \/>\nRecarreg\u00e1vel: interface Tipo-C<br \/>\nCapacidade: 13 ML<br \/>\nSabores: 10 Sabores<\/p>\n<h2><strong>Melhores sabores para <\/strong><strong>Vape Recarreg\u00e1vel AIVONO Lost Mary 6500 baforadas<\/strong><\/h2>\n<p>Este dispositivo AIVONO Lost Mary 6500 baforadas\u00a0 <strong>vape box<\/strong> oferece <strong>12 sabores emocionantes<\/strong>, desde a explos\u00e3o \u00e1cida de <strong>Limonada de Framboesa Azul<\/strong> at\u00e9 o frescor refrescante de <strong>Gelo de Melancia<\/strong> e a mistura tropical de <strong>Manga P\u00eassego Anan\u00e1s<\/strong>. Quer prefira sabores doces, frutados ou gelados, o Vapme Spacex tem algo para todos os gostos.<\/p>\n<p>1. Gelo de groselha e Alo\u00e9<span style=\"color: #ff0000\"><strong>&gt;&gt;&gt;&gt; Quente!<\/strong><\/span><br \/>\n2. Cereja e mel\u00e3o<br \/>\n3. gelado de morango<br \/>\n4. gelado de morango e kiwi<br \/>\n5. gelado de anan\u00e1s e coco<br \/>\n6. Lim\u00e3o e menta<br \/>\n7. P\u00eassego branco, toranja e mel\u00e3o<br \/>\n8. gelado de pastilha el\u00e1stica de melancia<span style=\"color: #ff0000\"><strong>&gt;&gt;&gt;&gt; O Melhor!<\/strong><\/span><br \/>\n9. gelado de morango<span style=\"color: #ff0000\"><strong>&gt;&gt;&gt;&gt; Quente!<\/strong><\/span><\/p>\n<figure id=\"attachment_2549\" aria-describedby=\"caption-attachment-2549\" style=\"width: 600px\" class=\"wp-caption alignnone\"><img loading=\"lazy\" decoding=\"async\" class=\"wp-image-2549 size-full\" src=\"https:\/\/rmvapesale.com\/wp-content\/uploads\/2024\/10\/AIM-PUFFSTAR-6500-Puffs-Disposable-Vape-Flavor.jpg\" alt=\"Sabor do cigarro eletr\u00f3nico descart\u00e1vel AIM PUFFSTAR 6500 Puffs\" width=\"600\" height=\"600\" srcset=\"https:\/\/rmvapesale.com\/wp-content\/uploads\/2024\/10\/AIM-PUFFSTAR-6500-Puffs-Disposable-Vape-Flavor.jpg 600w, https:\/\/rmvapesale.com\/wp-content\/uploads\/2024\/10\/AIM-PUFFSTAR-6500-Puffs-Disposable-Vape-Flavor-300x300.jpg 300w, https:\/\/rmvapesale.com\/wp-content\/uploads\/2024\/10\/AIM-PUFFSTAR-6500-Puffs-Disposable-Vape-Flavor-150x150.jpg 150w, https:\/\/rmvapesale.com\/wp-content\/uploads\/2024\/10\/AIM-PUFFSTAR-6500-Puffs-Disposable-Vape-Flavor-100x100.jpg 100w\" sizes=\"auto, (max-width: 600px) 100vw, 600px\" \/><figcaption id=\"caption-attachment-2549\" class=\"wp-caption-text\">Sabor do cigarro eletr\u00f3nico descart\u00e1vel AIM PUFFSTAR 6500 Puffs<\/figcaption><\/figure>\n<p>&nbsp;<\/p>\n<h3><strong>Porqu\u00ea escolher Rmvapesale para o cigarro eletr\u00f3nico descart\u00e1vel AIVONO Lost Mary 6500<\/strong><strong>?<\/strong><\/h3>\n<div class=\"flex-shrink-0 flex flex-col relative items-end\">\n<div class=\"pt-0\">\n<div class=\"gizmo-bot-avatar flex h-8 w-8 items-center justify-center overflow-hidden rounded-full\">\n<div class=\"relative p-1 rounded-sm flex items-center justify-center bg-token-main-surface-primary text-token-text-primary h-8 w-8\">\n<p>&nbsp;<\/p>\n<p>Ao escolher a Rmvapesale para as suas necessidades de vape descart\u00e1vel por atacado, beneficiar\u00e1 de:<\/p>\n<ul>\n<li><strong>Pre\u00e7o Competitivo<\/strong>: Tenha acesso a pre\u00e7os atrativos de atacado que aumentam as margens do seu neg\u00f3cio.<\/li>\n<li><strong>Alta Qualidade<\/strong>: Os nossos vapes s\u00e3o fabricados com os mais altos padr\u00f5es e <span style=\"color: #ff0000\"><strong>t\u00eam 100% de garantia de serem originais e aut\u00eanticos, ou uma compensa\u00e7\u00e3o de 10 vezes ser\u00e1 fornecida por produtos falsificados!<\/strong><\/span><\/li>\n<li><strong>Excelente Apoio ao Cliente<\/strong>: A nossa equipa dedicada est\u00e1 sempre pronta para o ajudar, tornando o seu processo de compra suave e sem complica\u00e7\u00f5es.<\/li>\n<li><strong>R\u00e1pido<\/strong>: Conte com uma entrega r\u00e1pida e fi\u00e1vel, garantindo que as suas encomendas cheguem a tempo, sempre.<\/li>\n<\/ul>\n<\/div>\n<h3><\/h3>\n<div class=\"relative p-1 rounded-sm flex items-center justify-center bg-token-main-surface-primary text-token-text-primary h-8 w-8\">\n<h3><b>Perguntas Frequentes sobre o cigarro eletr\u00f3nico recarreg\u00e1vel AIVONO Lost Mary 6500 Puff<\/b><\/h3>\n<ul>\n<li><strong>Como carregar o vape descart\u00e1vel recarreg\u00e1vel AIVONO 6500<\/strong><br \/>\nO AIVONO Lost Mary 6500 Puff \u00e9 recarreg\u00e1vel atrav\u00e9s de uma interface de carregamento Tipo-C. Para carregar, conecte um cabo Tipo-C a uma fonte de energia, e a bateria de 650mAh recarregar\u00e1 rapidamente, permitindo sess\u00f5es de vaporiza\u00e7\u00e3o prolongadas.<\/li>\n<li><strong>Quanta nicotina h\u00e1 no AIVONO Lost Mary 6500 Puff<\/strong><br \/>\nA concentra\u00e7\u00e3o de nicotina para o AIVONO Lost Mary 6500 Puff n\u00e3o \u00e9 especificada no conte\u00fado. No entanto, vapes descart\u00e1veis como este geralmente v\u00eam em v\u00e1rios n\u00edveis de nicotina, como 2% (20mg) ou 5% (50mg), para atender a diferentes prefer\u00eancias. Pode verificar com o retalhista ou a embalagem para obter informa\u00e7\u00f5es precisas.<\/li>\n<li><strong>Por quanto tempo devo carregar meu Lost Mary 6500 Disposable Vape Vape Box?<\/strong><br \/>\nO tempo de carregamento espec\u00edfico depende da fonte de energia, mas a capacidade de carregamento r\u00e1pido Tipo-C deve permitir uma recarga relativamente r\u00e1pida. Monitore o dispositivo durante o carregamento, e \u00e9 recomend\u00e1vel consultar quaisquer indicadores de carregamento para saber quando est\u00e1 totalmente carregado.<\/li>\n<li><strong>Onde posso comprar o vape descart\u00e1vel AIVONO Lost Mary 6500?<\/strong><br \/>\nO vape descart\u00e1vel AIVONO Lost Mary 6500 pode ser comprado em <strong>lojas de vape<\/strong>, plataformas online onde pode <strong>comprar vapes online<\/strong>, ou de <strong>fornecedores de vape por atacado<\/strong> Verifique em retalhistas de vape online ou lojas locais a disponibilidade.<\/li>\n<li><strong>Quais s\u00e3o os melhores vapes descart\u00e1veis de 2024?<\/strong><br \/>\nAlguns dos melhores vapes descart\u00e1veis de 2024 incluem:<\/p>\n<ul>\n<li><strong>AIVONO Lost Mary 6500 Baforadas<\/strong>: Conhecido pela sua grande capacidade de e-l\u00edquido, bateria recarreg\u00e1vel e fluxo de ar ajust\u00e1vel.<\/li>\n<li><strong>Vapme Crystal 20000 Puffs<\/strong>: Apresenta funcionalidade de Sabor Duplo para uma experi\u00eancia de vaporiza\u00e7\u00e3o vers\u00e1til.<\/li>\n<li><strong>Fumot RandM Tornado 30000 Baforadas<\/strong>: Destaca-se pelas suas luzes RGB sincronizadas com a m\u00fasica.<\/li>\n<li><strong>Aivono Fatpro 22000 Puffs<\/strong>: Oferece fluxo de ar personaliz\u00e1vel e tecnologia de bobina de malha avan\u00e7ada.<\/li>\n<\/ul>\n<\/li>\n<\/ul>\n<\/div>\n<\/div>\n<\/div>\n<\/div>\n<h3>Sobre o Envio<\/h3>\n<div class=\"flex-shrink-0 flex flex-col relative items-end\">\n<div>\n<div class=\"pt-0\">\n<div class=\"gizmo-bot-avatar flex h-8 w-8 items-center justify-center overflow-hidden rounded-full\">\n<div><\/div>\n<div class=\"relative p-1 rounded-sm flex items-center justify-center bg-token-main-surface-primary text-token-text-primary h-8 w-8\"><strong>1. Que m\u00e9todos de envio s\u00e3o usados?<\/strong><\/div>\n<\/div>\n<\/div>\n<\/div>\n<\/div>\n<div class=\"group\/conversation-turn relative flex w-full min-w-0 flex-col agent-turn\">\n<div class=\"flex-col gap-1 md:gap-3\">\n<div class=\"flex max-w-full flex-col flex-grow\">\n<div class=\"min-h-[20px] text-message flex w-full flex-col items-end gap-2 whitespace-normal break-words [.text-message+&amp;]:mt-5 overflow-x-auto\" dir=\"auto\" data-message-author-role=\"assistant\" data-message-id=\"22f8283b-3233-46ff-89a5-c7a41b33abda\">\n<div class=\"flex w-full flex-col gap-1 empty:hidden first:pt-[3px]\">\n<div class=\"markdown prose w-full break-words dark:prose-invert light\">\n<p>Fazemos parceria com a UPS, DHL, FedEx, DPD e outras transportadoras l\u00edderes. Selecionaremos o melhor m\u00e9todo de envio com base na sua localiza\u00e7\u00e3o de entrega para garantir que receba os seus produtos o mais r\u00e1pido poss\u00edvel.<\/p>\n<\/div>\n<p><strong>2. Quanto tempo demora a chegar?<\/strong><\/p>\n<p>As encomendas enviadas para Portugal geralmente chegam dentro de 10 dias \u00fateis. O envio para pa\u00edses europeus demora geralmente cerca de 12-15 dias \u00fateis. Forneceremos atualiza\u00e7\u00f5es em tempo real sobre o estado do seu envio.<\/p>\n<\/div>\n<\/div>\n<\/div>\n<\/div>\n<\/div>\n<p>&nbsp;<\/p>\n<p>Outros vapes em alta que talvez goste:<\/p>\n<p><a href=\"https:\/\/rmvapesale.com\/pt\/product\/fumot-randm-tornado-30000-puffs-30k-music-disposable-vape\/\"><strong>RandM Tornado 30000 Baforadas\u00a0 \u00a0<span style=\"color: #ff0000\">&gt;&gt;&gt;&gt; ir!<\/span><\/strong><\/a><\/p>\n<p><strong><a href=\"https:\/\/rmvapesale.com\/pt\/product\/vapme-crystal-20000-puffs-20k-double-flavor-rechargeable-vapes\/\">Vapme Crystal 20000 Puffs <span style=\"color: #ff0000\">&gt;&gt;&gt;&gt; ir!<\/span><\/a>\u00a0<\/strong><\/p>\n<p><a href=\"https:\/\/rmvapesale.com\/pt\/product\/original-randm-vape-digital-puff-12000-fumot-factory-price\/\"><strong>Fumot Vape 12000 Inala\u00e7\u00f5es <span style=\"color: #ff0000\">&gt;&gt;&gt;&gt; ir!<\/span><\/strong><\/a><\/p>\n<p>&nbsp;<\/p>\n<p>&nbsp;<\/p>\n<p>Encontre mais produtos de vape que talvez goste:<strong><em><a href=\"https:\/\/rmvapesale.com\/pt\/shop-2\/\">comprar agora &gt;&gt;&gt;<\/a><\/em><\/strong><\/p>","protected":false},"excerpt":{"rendered":"<p>Loja Online de Vapes AIVONO AIM 6500 Puff Box<br \/>\nBarra de Vape Recarreg\u00e1vel Lost Mary 6500 Puff<br \/>\nAIVONO AIM Lost Mary 6500 Puff Caixa de Vape Descart\u00e1vel para Venda por Grosso<\/p>\n<p><img loading=\"lazy\" decoding=\"async\" class=\"size-full wp-image-2375\" src=\"https:\/\/rmvapesale.com\/wp-content\/uploads\/2024\/10\/image.png\" alt=\"Melhor Vape Descart\u00e1vel\" width=\"229\" height=\"300\" \/><\/p>\n<h3><a href=\"https:\/\/wa.me\/8617776015835\"><span style=\"color: #ff0000\"><strong>WhatsApp: +86 17776015835<\/strong><\/span><\/a><\/h3>\n<p>&nbsp;<\/p>","protected":false},"featured_media":2552,"comment_status":"open","ping_status":"closed","template":"","meta":{"_uag_custom_page_level_css":"","_lmt_disableupdate":"no","_lmt_disable":"","site-sidebar-layout":"default","site-content-layout":"content-boxed-container","ast-site-content-layout":"normal-width-container","site-content-style":"boxed","site-sidebar-style":"unboxed","ast-global-header-display":"","ast-banner-title-visibility":"","ast-main-header-display":"","ast-hfb-above-header-display":"","ast-hfb-below-header-display":"","ast-hfb-mobile-header-display":"","site-post-title":"","ast-breadcrumbs-content":"","ast-featured-img":"","footer-sml-layout":"","theme-transparent-header-meta":"default","adv-header-id-meta":"","stick-header-meta":"","header-above-stick-meta":"","header-main-stick-meta":"","header-below-stick-meta":"","astra-migrate-meta-layouts":"set","ast-page-background-enabled":"default","ast-page-background-meta":{"desktop":{"background-color":"var(--ast-global-color-4)","background-image":"","background-repeat":"repeat","background-position":"center center","background-size":"auto","background-attachment":"scroll","background-type":"","background-media":"","overlay-type":"","overlay-color":"","overlay-opacity":"","overlay-gradient":""},"tablet":{"background-color":"","background-image":"","background-repeat":"repeat","background-position":"center center","background-size":"auto","background-attachment":"scroll","background-type":"","background-media":"","overlay-type":"","overlay-color":"","overlay-opacity":"","overlay-gradient":""},"mobile":{"background-color":"","background-image":"","background-repeat":"repeat","background-position":"center center","background-size":"auto","background-attachment":"scroll","background-type":"","background-media":"","overlay-type":"","overlay-color":"","overlay-opacity":"","overlay-gradient":""}},"ast-content-background-meta":{"desktop":{"background-color":"var(--ast-global-color-5)","background-image":"","background-repeat":"repeat","background-position":"center center","background-size":"auto","background-attachment":"scroll","background-type":"","background-media":"","overlay-type":"","overlay-color":"","overlay-opacity":"","overlay-gradient":""},"tablet":{"background-color":"var(--ast-global-color-5)","background-image":"","background-repeat":"repeat","background-position":"center center","background-size":"auto","background-attachment":"scroll","background-type":"","background-media":"","overlay-type":"","overlay-color":"","overlay-opacity":"","overlay-gradient":""},"mobile":{"background-color":"var(--ast-global-color-5)","background-image":"","background-repeat":"repeat","background-position":"center center","background-size":"auto","background-attachment":"scroll","background-type":"","background-media":"","overlay-type":"","overlay-color":"","overlay-opacity":"","overlay-gradient":""}},"_joinchat":[]},"product_brand":[],"product_cat":[15,25,123,26,28,135,27,137,136,30],"product_tag":[146,188,167,189,190,165,120],"class_list":{"0":"post-2554","1":"product","2":"type-product","3":"status-publish","4":"has-post-thumbnail","6":"product_cat-new-vape-this-week","7":"product_cat-germany-best-selling-vape","8":"product_cat-italy-wholesale-vape","9":"product_cat-netherlands-hot-sale-vape","10":"product_cat-poland-hot-sale-vape","11":"product_cat-spain-best-hot-sale-vape","12":"product_cat-fance-hot-sale-vape","13":"product_cat-rechargeable-vapes","14":"product_cat-smart-screen-vapes","15":"product_cat-minimum-order-quantity-50pcs","16":"product_tag-best-hot-sale-vape","17":"product_tag-buy-vapes-online","18":"product_tag-disposable-vape-with-screen","19":"product_tag-lost-mary-vape","20":"product_tag-puff-6500","21":"product_tag-rechargeable-vapes","22":"product_tag-vape-wholesale","23":"desktop-align-left","24":"tablet-align-left","25":"mobile-align-left","27":"first","28":"instock","29":"sale","30":"shipping-taxable","31":"purchasable","32":"product-type-simple"},"uagb_featured_image_src":{"full":["https:\/\/rmvapesale.com\/wp-content\/uploads\/2024\/10\/AIM-PUFFSTAR-6500.jpg",600,600,false],"thumbnail":["https:\/\/rmvapesale.com\/wp-content\/uploads\/2024\/10\/AIM-PUFFSTAR-6500-150x150.jpg",150,150,true],"medium":["https:\/\/rmvapesale.com\/wp-content\/uploads\/2024\/10\/AIM-PUFFSTAR-6500-300x300.jpg",300,300,true],"medium_large":["https:\/\/rmvapesale.com\/wp-content\/uploads\/2024\/10\/AIM-PUFFSTAR-6500.jpg",600,600,false],"large":["https:\/\/rmvapesale.com\/wp-content\/uploads\/2024\/10\/AIM-PUFFSTAR-6500.jpg",600,600,false],"1536x1536":["https:\/\/rmvapesale.com\/wp-content\/uploads\/2024\/10\/AIM-PUFFSTAR-6500.jpg",600,600,false],"2048x2048":["https:\/\/rmvapesale.com\/wp-content\/uploads\/2024\/10\/AIM-PUFFSTAR-6500.jpg",600,600,false],"trp-custom-language-flag":["https:\/\/rmvapesale.com\/wp-content\/uploads\/2024\/10\/AIM-PUFFSTAR-6500.jpg",12,12,false],"woocommerce_thumbnail":["https:\/\/rmvapesale.com\/wp-content\/uploads\/2024\/10\/AIM-PUFFSTAR-6500-300x300.jpg",300,300,true],"woocommerce_single":["https:\/\/rmvapesale.com\/wp-content\/uploads\/2024\/10\/AIM-PUFFSTAR-6500.jpg",600,600,false],"woocommerce_gallery_thumbnail":["https:\/\/rmvapesale.com\/wp-content\/uploads\/2024\/10\/AIM-PUFFSTAR-6500-100x100.jpg",100,100,true],"wcpr-photo-reviews":["https:\/\/rmvapesale.com\/wp-content\/uploads\/2024\/10\/AIM-PUFFSTAR-6500.jpg",500,500,false]},"uagb_author_info":{"display_name":"AMY","author_link":"https:\/\/rmvapesale.com\/pt\/author\/"},"uagb_comment_info":0,"uagb_excerpt":"AIVONO AIM 6500 Puff Box Vape Shop Online Lost Mary 6500 Puff Rechargable Vape Bar AIVONO Lost Mary 6500 Puff Disposable Vape Box Wholesale WhatsApp: +86 17776015835 &nbsp;","_links":{"self":[{"href":"https:\/\/rmvapesale.com\/pt\/wp-json\/wp\/v2\/product\/2554","targetHints":{"allow":["GET"]}}],"collection":[{"href":"https:\/\/rmvapesale.com\/pt\/wp-json\/wp\/v2\/product"}],"about":[{"href":"https:\/\/rmvapesale.com\/pt\/wp-json\/wp\/v2\/types\/product"}],"replies":[{"embeddable":true,"href":"https:\/\/rmvapesale.com\/pt\/wp-json\/wp\/v2\/comments?post=2554"}],"wp:featuredmedia":[{"embeddable":true,"href":"https:\/\/rmvapesale.com\/pt\/wp-json\/wp\/v2\/media\/2552"}],"wp:attachment":[{"href":"https:\/\/rmvapesale.com\/pt\/wp-json\/wp\/v2\/media?parent=2554"}],"wp:term":[{"taxonomy":"product_brand","embeddable":true,"href":"https:\/\/rmvapesale.com\/pt\/wp-json\/wp\/v2\/product_brand?post=2554"},{"taxonomy":"product_cat","embeddable":true,"href":"https:\/\/rmvapesale.com\/pt\/wp-json\/wp\/v2\/product_cat?post=2554"},{"taxonomy":"product_tag","embeddable":true,"href":"https:\/\/rmvapesale.com\/pt\/wp-json\/wp\/v2\/product_tag?post=2554"}],"curies":[{"name":"wp","href":"https:\/\/api.w.org\/{rel}","templated":true}]}}