{"id":2609,"date":"2024-10-30T08:06:20","date_gmt":"2024-10-30T08:06:20","guid":{"rendered":"https:\/\/rmvapesale.com\/?post_type=product&#038;p=2609"},"modified":"2024-10-31T03:48:31","modified_gmt":"2024-10-31T03:48:31","slug":"smart-disposable-vape-elfworld-ai-22000-puffs-led-display","status":"publish","type":"product","link":"https:\/\/rmvapesale.com\/pt\/product\/smart-disposable-vape-elfworld-ai-22000-puffs-led-display\/","title":{"rendered":"Vape Descart\u00e1vel Inteligente ELFWORLD AI 22000 Puffs Visor LED"},"content":{"rendered":"<div class=\"B2VR9 CJHX3e\">\n<div class=\"wyccme\">\n<h1 class=\"LC20lb MBeuO DKV0Md\">Vape Descart\u00e1vel Inteligente ELFWORLD AI 22000 Puffs Visor LED<\/h1>\n<div class=\"flex-shrink-0 flex flex-col relative items-end\">\n<div class=\"pt-0\">\n<div class=\"gizmo-bot-avatar flex h-8 w-8 items-center justify-center overflow-hidden rounded-full\">\n<div class=\"relative p-1 rounded-sm flex items-center justify-center bg-token-main-surface-primary text-token-text-primary h-8 w-8\">\n<p><strong>Vape Descart\u00e1vel Inteligente ELFWORLD AI 22000 Puffs Visor LED<\/strong> \u00e9 a escolha definitiva para vapers que procuram inova\u00e7\u00e3o, estilo e uma experi\u00eancia de vaping prolongada. Com uma enorme <strong>capacidade de 22000 puffs<\/strong>, este vape de grande capacidade <strong>vape descart\u00e1vel<\/strong> oferece uma op\u00e7\u00e3o duradoura e sem complica\u00e7\u00f5es tanto para vapers experientes como para novatos.<\/p>\n<p><strong>Design Elegante e Portabilidade<\/strong><br \/>\nO <strong>O Elf World AI 22000<\/strong> apresenta um design elegante e moderno, com linhas suaves e um acabamento premium que \u00e9 t\u00e3o agrad\u00e1vel \u00e0 vista quanto ao toque. Este <strong>vape box<\/strong> \u00e9 compacto e leve, tornando-o f\u00e1cil de transportar para qualquer lugar. Apesar da sua constru\u00e7\u00e3o leve, foi concebido para resistir ao uso di\u00e1rio, garantindo durabilidade sem sacrificar o seu aspeto premium.<\/p>\n<p><strong>Tecnologia Inteligente com Fluxo de Ar Ajust\u00e1vel<\/strong><br \/>\nComo um verdadeiro <strong>vape inteligente<\/strong>, o AI 22000 oferece uma experi\u00eancia personaliz\u00e1vel com a sua funcionalidade de fluxo de ar ajust\u00e1vel, permitindo aos utilizadores escolher a intensidade da inala\u00e7\u00e3o que melhor se adapta \u00e0s suas prefer\u00eancias. Este <strong>vape recarreg\u00e1vel<\/strong> inclui uma bateria potente e um ecr\u00e3 LED, fornecendo indicadores em tempo real para a dura\u00e7\u00e3o da bateria e os n\u00edveis de l\u00edquido. Esta funcionalidade garante que est\u00e1 sempre a par de quando precisa de recarregar, pronto para desfrutar de inala\u00e7\u00f5es ininterruptas. A entrada do dispositivo <strong>carregamento Tipo-C<\/strong> permite um carregamento r\u00e1pido e conveniente, ideal para utilizadores ocupados que desejam um vape fi\u00e1vel.<\/p>\n<p><strong>Conclus\u00e3o<\/strong><br \/>\nO ELFWORLD<strong> Vaporizador Descart\u00e1vel Inteligente 22000 Puffs<\/strong>\u00a0\u00e9 a mistura perfeita de estilo, tecnologia avan\u00e7ada e desempenho duradouro, tornando-o um dos <strong>melhores vaporizadores descart\u00e1veis<\/strong> dispon\u00edveis. Para aqueles que procuram uma op\u00e7\u00e3o de alta capacidade, dur\u00e1vel e rica em recursos, o ElfWorld AI 22000 \u00e9 uma escolha ideal. Descubra a conveni\u00eancia e a qualidade deste vaporizador de ponta, dispon\u00edvel para compra em <strong>lojas de vape<\/strong>, <strong>cigarros eletr\u00f3nicos descart\u00e1veis online<\/strong>, ou atrav\u00e9s de <strong>vapes a granel<\/strong> op\u00e7\u00f5es para necessidades de atacado.<\/p>\n<\/div>\n<\/div>\n<\/div>\n<\/div>\n<\/div>\n<\/div>\n<p><strong>Contacte a Amy para obter a resposta certa e cup\u00e3o de vape!<\/strong><\/p>\n<p><img loading=\"lazy\" decoding=\"async\" class=\"size-full wp-image-1978\" src=\"https:\/\/rmvapesale.com\/wp-content\/uploads\/2024\/09\/Disposable-Vape-Wholesale.jpg\" alt=\"Venda por grosso de vapes descart\u00e1veis\" width=\"229\" height=\"300\" \/><\/p>\n<h3><a href=\"https:\/\/wa.me\/8617776015835\" target=\"_blank\" rel=\"noopener\"><span style=\"color: #ff0000\"><strong>WhatsApp: +86 17776015835<\/strong><\/span><\/a><\/h3>\n<p>&nbsp;<\/p>\n<h2><\/h2>\n<h2><strong>Vaporizador Descart\u00e1vel Inteligente ELFWORLD AI 22000 <\/strong><strong>Principais Caracter\u00edsticas<\/strong><\/h2>\n<ul class=\"wp-block-list\">\n<li>Puffs: 22000 puffs<\/li>\n<li>For\u00e7a da Nicotina: 0%2%3%5%<\/li>\n<li>Capacidade: 26ml<\/li>\n<li>Bateria: 650mAh<\/li>\n<li>Material da Bobina: 1.0*2 ohm Bobina de Malha Dupla<\/li>\n<li>Ecr\u00e3: Ecr\u00e3 Digital<\/li>\n<li>Carregamento: Recarreg\u00e1vel Tipo-C<\/li>\n<li>Fluxo de ar ajust\u00e1vel<\/li>\n<li>10 Sabores Dispon\u00edveis<\/li>\n<\/ul>\n<figure id=\"attachment_2619\" aria-describedby=\"caption-attachment-2619\" style=\"width: 600px\" class=\"wp-caption alignnone\"><img loading=\"lazy\" decoding=\"async\" class=\"wp-image-2619 size-full\" src=\"https:\/\/rmvapesale.com\/wp-content\/uploads\/2024\/10\/Vape-22000-Puff-Rechargeable-Disposable-Vape.png\" alt=\"Vaporizador Descart\u00e1vel Recarreg\u00e1vel 22000 Puffs\" width=\"600\" height=\"849\" srcset=\"https:\/\/rmvapesale.com\/wp-content\/uploads\/2024\/10\/Vape-22000-Puff-Rechargeable-Disposable-Vape.png 600w, https:\/\/rmvapesale.com\/wp-content\/uploads\/2024\/10\/Vape-22000-Puff-Rechargeable-Disposable-Vape-212x300.png 212w\" sizes=\"auto, (max-width: 600px) 100vw, 600px\" \/><figcaption id=\"caption-attachment-2619\" class=\"wp-caption-text\">Vaporizador Descart\u00e1vel Recarreg\u00e1vel 22000 Puffs<\/figcaption><\/figure>\n<h2><strong>Melhores sabores para <\/strong><strong>Vaporizador Descart\u00e1vel Inteligente ELFWORLD AI 22000 Puffs<\/strong><\/h2>\n<p>Com cada puff, o <strong>O Elf World AI 22000<\/strong> oferece sabores arrojados e encorpados que se mant\u00eam consistentes da primeira \u00e0 \u00faltima inala\u00e7\u00e3o. Dispon\u00edvel numa grande variedade de op\u00e7\u00f5es, este <strong>vape com baixo teor de nicotina<\/strong> proporciona uma experi\u00eancia satisfat\u00f3ria e suave para os vapers que priorizam a qualidade e o sabor.<\/p>\n<p>1.Manga ma\u00e7\u00e3 pera<br \/>\n2.Manga fresca<br \/>\n3.Ma\u00e7\u00e3 verde<br \/>\n4.Sangue de tigre <span style=\"color: #ff0000\"><strong>&gt;&gt;&gt;&gt; Quente!<\/strong><\/span><br \/>\n5.Mirtilo gelado <span style=\"color: #ff0000\"><strong>&gt;&gt;&gt;&gt; Quente!<\/strong><\/span><br \/>\n6.Menta<br \/>\n7.Frutos silvestres mistos <span style=\"color: #ff0000\"><strong>&gt;&gt;&gt;&gt; O Melhor!<\/strong><\/span><br \/>\n8.Uva gelada<br \/>\n9. Gelo de melancia<br \/>\n10. Menta de mirtilo<br \/>\n11. Gelo de morango<br \/>\n12. Gelo de p\u00eassego suculento<br \/>\n13. Gelo de framboesa azul<br \/>\n14. Lim\u00e3o de cereja<br \/>\n15. Melancia de morango<\/p>\n<p>&nbsp;<\/p>\n<h3><strong>Porque escolher Rmvapesale para o Vaping Descart\u00e1vel ELFWORLD 22000 Puffs com Ecr\u00e3 LED<\/strong><strong>?<\/strong><\/h3>\n<div class=\"flex-shrink-0 flex flex-col relative items-end\">\n<div class=\"pt-0\">\n<div class=\"gizmo-bot-avatar flex h-8 w-8 items-center justify-center overflow-hidden rounded-full\">\n<div class=\"relative p-1 rounded-sm flex items-center justify-center bg-token-main-surface-primary text-token-text-primary h-8 w-8\">\n<p>Bem-vindo \u00e0 Rmvapesale, a sua loja de vape de confian\u00e7a para vapes descart\u00e1veis premium. Com mais de 5 anos de experi\u00eancia, trazemos-lhe marcas populares de vapes descart\u00e1veis como Al Fakher, <a href=\"https:\/\/rmvapesale.com\/pt\/product\/vapme-crystal-7000-puffs-rechargeable-disposable-vape-price\/\">Vapme<\/a>, <a href=\"https:\/\/rmvapesale.com\/pt\/product-category\/bang-vapes\/\">Bang Vape<\/a>, Waspe, <a href=\"https:\/\/rmvapesale.com\/pt\/product\/wga-crystal-pro-max-extra-15k-puffs-disposable-vape-wholesale\/\">WGA<\/a> Vape e<a href=\"https:\/\/rmvapesale.com\/pt\/product-category\/randm-fumot-vape\/\"> RandM Vape<\/a>.<\/p>\n<p>A nossa gama inclui vapes de venda quente como o <a href=\"https:\/\/rmvapesale.com\/pt\/product\/fumot-digital-box-12000-disposable-vape-pink-lemonade-flavor\/\">RandM 12k<\/a> e op\u00e7\u00f5es ricas em sabor como o <a href=\"https:\/\/rmvapesale.com\/pt\/product\/wga-crystal-pro-max-extra-15k-puffs-disposable-vape-wholesale\/\">WGA Crystal Pro Max 15K Puffs<\/a>. Cada produto \u00e9 escolhido com foco na qualidade, valor e variedade, garantindo que encontre a combina\u00e7\u00e3o perfeita para as suas necessidades. Descubra um servi\u00e7o excecional e uma vasta gama de produtos de topo na Rmvapesale.<\/p>\n<\/div>\n<h3><\/h3>\n<div class=\"relative p-1 rounded-sm flex items-center justify-center bg-token-main-surface-primary text-token-text-primary h-8 w-8\">\n<h3><b>FAQ sobre o Vaping ELFWORLD 22000<\/b><\/h3>\n<\/div>\n<p><strong>Posso levar um vape descart\u00e1vel num avi\u00e3o?<\/strong><br \/>\nSim, vapes descart\u00e1veis como o <strong>Elf World AI 22000 Puff<\/strong> s\u00e3o permitidos em avi\u00f5es, mas apenas na sua bagagem de m\u00e3o devido \u00e0s regulamenta\u00e7\u00f5es de baterias. Certifique-se de que o dispositivo est\u00e1 desligado e verifique as diretrizes da companhia a\u00e9rea para quaisquer restri\u00e7\u00f5es sobre produtos de vaping.<\/p>\n<p><strong>O vape descart\u00e1vel inteligente Elf World AI 22000 Puff \u00e9 bom para iniciantes?<\/strong><br \/>\nSim, o <strong>Elf World AI 22000 Puff<\/strong> \u00e9 ideal para iniciantes. Apresenta um design elegante e f\u00e1cil de usar, fluxo de ar ajust\u00e1vel e um conveniente <strong>ecr\u00e3 de display LED<\/strong> para n\u00edveis de bateria e e-l\u00edquido, tornando mais f\u00e1cil para os iniciantes monitorar o uso.<\/p>\n<p><strong>Quais s\u00e3o os vapes descart\u00e1veis populares com ecr\u00e3 de display?<\/strong><br \/>\nEntre os <strong>vapes descart\u00e1veis de venda quente<\/strong> com um ecr\u00e3, o <strong>Elf World AI 22000 Puff<\/strong> destaca-se pelas suas funcionalidades avan\u00e7adas, 22.000 baforadas duradouras e fluxo de ar ajust\u00e1vel, tornando-o a melhor escolha para vapers que procuram uma experi\u00eancia de alta tecnologia.<\/p>\n<p><strong>Como sei se o meu vape descart\u00e1vel Elf World Smart est\u00e1 vazio?<\/strong><br \/>\nO <strong>ecr\u00e3 LED<\/strong> no <strong>Elf World AI 22000 Puff<\/strong> fornece informa\u00e7\u00f5es em tempo real sobre a dura\u00e7\u00e3o da bateria e os n\u00edveis de e-l\u00edquido, para que possa verificar facilmente quando o vape est\u00e1 a ficar fraco ou vazio.<\/p>\n<p><strong>Quanto tempo deve durar um vape Elf World AI 22000 Puff?<\/strong><br \/>\nO <strong>Elf World AI 22000 Puff<\/strong> foi projetado para durar aproximadamente <strong>22.000 baforadas<\/strong>, o que o torna uma op\u00e7\u00e3o de longa dura\u00e7\u00e3o tanto para vapers leves como para os mais frequentes. Com uso moderado, este dispositivo pode durar semanas, dependendo dos h\u00e1bitos de uso individuais.<\/p>\n<div class=\"relative p-1 rounded-sm flex items-center justify-center bg-token-main-surface-primary text-token-text-primary h-8 w-8\">\n<p>&nbsp;<\/p>\n<\/div>\n<\/div>\n<\/div>\n<\/div>\n<h3>Sobre o Envio<\/h3>\n<div class=\"flex-shrink-0 flex flex-col relative items-end\">\n<div>\n<div class=\"pt-0\">\n<div class=\"gizmo-bot-avatar flex h-8 w-8 items-center justify-center overflow-hidden rounded-full\">\n<div><\/div>\n<div class=\"relative p-1 rounded-sm flex items-center justify-center bg-token-main-surface-primary text-token-text-primary h-8 w-8\"><strong>1. Que m\u00e9todos de envio s\u00e3o usados?<\/strong><\/div>\n<\/div>\n<\/div>\n<\/div>\n<\/div>\n<div class=\"group\/conversation-turn relative flex w-full min-w-0 flex-col agent-turn\">\n<div class=\"flex-col gap-1 md:gap-3\">\n<div class=\"flex max-w-full flex-col flex-grow\">\n<div class=\"min-h-[20px] text-message flex w-full flex-col items-end gap-2 whitespace-normal break-words [.text-message+&amp;]:mt-5 overflow-x-auto\" dir=\"auto\" data-message-author-role=\"assistant\" data-message-id=\"22f8283b-3233-46ff-89a5-c7a41b33abda\">\n<div class=\"flex w-full flex-col gap-1 empty:hidden first:pt-[3px]\">\n<div class=\"markdown prose w-full break-words dark:prose-invert light\">\n<p>Fazemos parceria com a UPS, DHL, FedEx, DPD e outras transportadoras l\u00edderes. Selecionaremos o melhor m\u00e9todo de envio com base na sua localiza\u00e7\u00e3o de entrega para garantir que receba os seus produtos o mais r\u00e1pido poss\u00edvel.<\/p>\n<\/div>\n<p><strong>2. Quanto tempo demora a chegar?<\/strong><\/p>\n<p>As encomendas enviadas para Portugal geralmente chegam dentro de 10 dias \u00fateis. O envio para pa\u00edses europeus demora geralmente cerca de 12-15 dias \u00fateis. Forneceremos atualiza\u00e7\u00f5es em tempo real sobre o estado do seu envio.<\/p>\n<\/div>\n<\/div>\n<\/div>\n<\/div>\n<\/div>\n<p>&nbsp;<\/p>\n<p>Encontre mais produtos de vape que talvez goste:<strong><em><a href=\"https:\/\/rmvapesale.com\/pt\/shop-2\/\">comprar agora &gt;&gt;&gt;<\/a><\/em><\/strong><\/p>","protected":false},"excerpt":{"rendered":"<p>Vape Descart\u00e1vel Elf World AI 22000 Puffs com Ecr\u00e3<br \/>\nCigarro Eletr\u00f3nico Descart\u00e1vel Recarreg\u00e1vel de 22000 Puffs<br \/>\nVape Descart\u00e1vel ELFWORLD AI 22000 Puffs Venda por Atacado<\/p>\n<p><img loading=\"lazy\" decoding=\"async\" class=\"size-full wp-image-2375\" src=\"https:\/\/rmvapesale.com\/wp-content\/uploads\/2024\/10\/image.png\" alt=\"Melhor Vape Descart\u00e1vel\" width=\"229\" height=\"300\" \/><\/p>\n<h3><a href=\"https:\/\/wa.me\/8617776015835\"><span style=\"color: #ff0000\"><strong>WhatsApp: +86 17776015835<\/strong><\/span><\/a><\/h3>\n<p>&nbsp;<\/p>","protected":false},"featured_media":2617,"comment_status":"open","ping_status":"closed","template":"","meta":{"_uag_custom_page_level_css":"","_lmt_disableupdate":"no","_lmt_disable":"","site-sidebar-layout":"default","site-content-layout":"content-boxed-container","ast-site-content-layout":"normal-width-container","site-content-style":"boxed","site-sidebar-style":"unboxed","ast-global-header-display":"","ast-banner-title-visibility":"","ast-main-header-display":"","ast-hfb-above-header-display":"","ast-hfb-below-header-display":"","ast-hfb-mobile-header-display":"","site-post-title":"","ast-breadcrumbs-content":"","ast-featured-img":"","footer-sml-layout":"","ast-disable-related-posts":"","theme-transparent-header-meta":"default","adv-header-id-meta":"","stick-header-meta":"","header-above-stick-meta":"","header-main-stick-meta":"","header-below-stick-meta":"","astra-migrate-meta-layouts":"set","ast-page-background-enabled":"default","ast-page-background-meta":{"desktop":{"background-color":"var(--ast-global-color-4)","background-image":"","background-repeat":"repeat","background-position":"center center","background-size":"auto","background-attachment":"scroll","background-type":"","background-media":"","overlay-type":"","overlay-color":"","overlay-opacity":"","overlay-gradient":""},"tablet":{"background-color":"","background-image":"","background-repeat":"repeat","background-position":"center center","background-size":"auto","background-attachment":"scroll","background-type":"","background-media":"","overlay-type":"","overlay-color":"","overlay-opacity":"","overlay-gradient":""},"mobile":{"background-color":"","background-image":"","background-repeat":"repeat","background-position":"center center","background-size":"auto","background-attachment":"scroll","background-type":"","background-media":"","overlay-type":"","overlay-color":"","overlay-opacity":"","overlay-gradient":""}},"ast-content-background-meta":{"desktop":{"background-color":"var(--ast-global-color-5)","background-image":"","background-repeat":"repeat","background-position":"center center","background-size":"auto","background-attachment":"scroll","background-type":"","background-media":"","overlay-type":"","overlay-color":"","overlay-opacity":"","overlay-gradient":""},"tablet":{"background-color":"var(--ast-global-color-5)","background-image":"","background-repeat":"repeat","background-position":"center center","background-size":"auto","background-attachment":"scroll","background-type":"","background-media":"","overlay-type":"","overlay-color":"","overlay-opacity":"","overlay-gradient":""},"mobile":{"background-color":"var(--ast-global-color-5)","background-image":"","background-repeat":"repeat","background-position":"center center","background-size":"auto","background-attachment":"scroll","background-type":"","background-media":"","overlay-type":"","overlay-color":"","overlay-opacity":"","overlay-gradient":""}},"_joinchat":[]},"product_brand":[],"product_cat":[15,27,25,195,123,30,26,28,137,136,135],"product_tag":[146,188,167,198,165,85,191,120],"class_list":{"0":"post-2609","1":"product","2":"type-product","3":"status-publish","4":"has-post-thumbnail","6":"product_cat-new-vape-this-week","7":"product_cat-fance-hot-sale-vape","8":"product_cat-germany-best-selling-vape","9":"product_cat-germany-warehouse","10":"product_cat-italy-wholesale-vape","11":"product_cat-minimum-order-quantity-50pcs","12":"product_cat-netherlands-hot-sale-vape","13":"product_cat-poland-hot-sale-vape","14":"product_cat-rechargeable-vapes","15":"product_cat-smart-screen-vapes","16":"product_cat-spain-best-hot-sale-vape","17":"product_tag-best-hot-sale-vape","18":"product_tag-buy-vapes-online","19":"product_tag-disposable-vape-with-screen","20":"product_tag-elfworld-vape","21":"product_tag-rechargeable-vapes","22":"product_tag-smart-disposable-vape","23":"product_tag-vape-box","24":"product_tag-vape-wholesale","25":"desktop-align-left","26":"tablet-align-left","27":"mobile-align-left","29":"first","30":"instock","31":"sale","32":"shipping-taxable","33":"purchasable","34":"product-type-simple"},"uagb_featured_image_src":{"full":["https:\/\/rmvapesale.com\/wp-content\/uploads\/2024\/10\/ELFWORLD-AI-22000-Puffs-Disposable-Vape.png",800,800,false],"thumbnail":["https:\/\/rmvapesale.com\/wp-content\/uploads\/2024\/10\/ELFWORLD-AI-22000-Puffs-Disposable-Vape-150x150.png",150,150,true],"medium":["https:\/\/rmvapesale.com\/wp-content\/uploads\/2024\/10\/ELFWORLD-AI-22000-Puffs-Disposable-Vape-300x300.png",300,300,true],"medium_large":["https:\/\/rmvapesale.com\/wp-content\/uploads\/2024\/10\/ELFWORLD-AI-22000-Puffs-Disposable-Vape-768x768.png",768,768,true],"large":["https:\/\/rmvapesale.com\/wp-content\/uploads\/2024\/10\/ELFWORLD-AI-22000-Puffs-Disposable-Vape.png",800,800,false],"1536x1536":["https:\/\/rmvapesale.com\/wp-content\/uploads\/2024\/10\/ELFWORLD-AI-22000-Puffs-Disposable-Vape.png",800,800,false],"2048x2048":["https:\/\/rmvapesale.com\/wp-content\/uploads\/2024\/10\/ELFWORLD-AI-22000-Puffs-Disposable-Vape.png",800,800,false],"trp-custom-language-flag":["https:\/\/rmvapesale.com\/wp-content\/uploads\/2024\/10\/ELFWORLD-AI-22000-Puffs-Disposable-Vape.png",12,12,false],"woocommerce_thumbnail":["https:\/\/rmvapesale.com\/wp-content\/uploads\/2024\/10\/ELFWORLD-AI-22000-Puffs-Disposable-Vape-300x300.png",300,300,true],"woocommerce_single":["https:\/\/rmvapesale.com\/wp-content\/uploads\/2024\/10\/ELFWORLD-AI-22000-Puffs-Disposable-Vape-600x600.png",600,600,true],"woocommerce_gallery_thumbnail":["https:\/\/rmvapesale.com\/wp-content\/uploads\/2024\/10\/ELFWORLD-AI-22000-Puffs-Disposable-Vape-100x100.png",100,100,true],"wcpr-photo-reviews":["https:\/\/rmvapesale.com\/wp-content\/uploads\/2024\/10\/ELFWORLD-AI-22000-Puffs-Disposable-Vape.png",500,500,false]},"uagb_author_info":{"display_name":"AMY","author_link":"https:\/\/rmvapesale.com\/pt\/author\/"},"uagb_comment_info":0,"uagb_excerpt":"Elf World AI 22000 Puffs Screen Display Disposable Vape Vape 22000 Puff Rechargeable Disposable E-Cigarette ELFWORLD AI 22000 Puffs Disposable Vape Wholesale WhatsApp: +86 17776015835 &nbsp;","_links":{"self":[{"href":"https:\/\/rmvapesale.com\/pt\/wp-json\/wp\/v2\/product\/2609","targetHints":{"allow":["GET"]}}],"collection":[{"href":"https:\/\/rmvapesale.com\/pt\/wp-json\/wp\/v2\/product"}],"about":[{"href":"https:\/\/rmvapesale.com\/pt\/wp-json\/wp\/v2\/types\/product"}],"replies":[{"embeddable":true,"href":"https:\/\/rmvapesale.com\/pt\/wp-json\/wp\/v2\/comments?post=2609"}],"wp:featuredmedia":[{"embeddable":true,"href":"https:\/\/rmvapesale.com\/pt\/wp-json\/wp\/v2\/media\/2617"}],"wp:attachment":[{"href":"https:\/\/rmvapesale.com\/pt\/wp-json\/wp\/v2\/media?parent=2609"}],"wp:term":[{"taxonomy":"product_brand","embeddable":true,"href":"https:\/\/rmvapesale.com\/pt\/wp-json\/wp\/v2\/product_brand?post=2609"},{"taxonomy":"product_cat","embeddable":true,"href":"https:\/\/rmvapesale.com\/pt\/wp-json\/wp\/v2\/product_cat?post=2609"},{"taxonomy":"product_tag","embeddable":true,"href":"https:\/\/rmvapesale.com\/pt\/wp-json\/wp\/v2\/product_tag?post=2609"}],"curies":[{"name":"wp","href":"https:\/\/api.w.org\/{rel}","templated":true}]}}