{"id":2661,"date":"2024-11-04T06:37:48","date_gmt":"2024-11-04T06:37:48","guid":{"rendered":"https:\/\/rmvapesale.com\/?post_type=product&#038;p=2661"},"modified":"2024-11-04T07:54:04","modified_gmt":"2024-11-04T07:54:04","slug":"vopk-shisha-bar-20000-puffs-low-nicotine-rechargeable-disposable-vape-pen","status":"publish","type":"product","link":"https:\/\/rmvapesale.com\/pt\/product\/vopk-shisha-bar-20000-puffs-low-nicotine-rechargeable-disposable-vape-pen\/","title":{"rendered":"VOPK Shisha BAR 20000 Puffs Caneta Vape Descart\u00e1vel Recarreg\u00e1vel com Baixa Nicotina"},"content":{"rendered":"<div class=\"B2VR9 CJHX3e\">\n<div class=\"wyccme\">\n<h1 class=\"LC20lb MBeuO DKV0Md\">VOPK Shisha BAR 20000 Puffs Caneta Vape Descart\u00e1vel Recarreg\u00e1vel com Baixa Nicotina<\/h1>\n<div class=\"flex-shrink-0 flex flex-col relative items-end\">\n<div class=\"pt-0\">\n<div class=\"gizmo-bot-avatar flex h-8 w-8 items-center justify-center overflow-hidden rounded-full\">\n<div class=\"relative p-1 rounded-sm flex items-center justify-center bg-token-main-surface-primary text-token-text-primary h-8 w-8\">\n<p>Apresentamos o <strong>VOPK Shisha BAR 20000 Puffs Caneta Vape Descart\u00e1vel Recarreg\u00e1vel com Baixa Nicotina<\/strong>, a escolha definitiva para entusiastas de shisha e vape que procuram qualidade e desempenho excecionais. Este dispositivo de ponta oferece um not\u00e1vel <strong>20000 baforadas<\/strong>, garantindo uma experi\u00eancia de vape prolongada sem o inconveniente de substitui\u00e7\u00f5es constantes.<\/p>\n<p>Projetado para atender a diferentes prefer\u00eancias, o <strong>VOPK Shisha BAR<\/strong> vem com <strong>op\u00e7\u00f5es de nicotina ajust\u00e1veis<\/strong> of <strong>0%, 2%, 3% e 5%<\/strong>, permitindo que personalize a sua ingest\u00e3o de nicotina. A grande <strong>capacidade de 28ML de e-l\u00edquido<\/strong> garante que pode vaporizar por mais tempo com menos recargas, enquanto o <strong>Bateria recarreg\u00e1vel de 850mAh<\/strong> combinado com <strong>carregamento Tipo-C<\/strong> garante recargas eficientes e r\u00e1pidas, tornando-o ideal para quem est\u00e1 sempre em movimento.<\/p>\n<p>O <strong>VOPK Shisha BAR<\/strong> re\u00fane o melhor de dois mundos: a ess\u00eancia tradicional dos <strong>shisha bar<\/strong> sabores e a moderna tecnologia de vape. O seu design elegante e port\u00e1til torna-o perfeito para usar em qualquer lugar, quer esteja num lounge de shisha ou em movimento. Com uma gama de sabores vibrantes e desempenho fi\u00e1vel, n\u00e3o \u00e9 de admirar que a <strong>VOPK<\/strong> se destaque entre <strong>marcas de vape populares<\/strong> e seja muito procurada por <strong>vapes por grosso<\/strong>.<\/p>\n<p>Para aqueles que procuram desfrutar da rica cultura de <strong>shisha narguil\u00e9<\/strong> enquanto desfrutam da conveni\u00eancia de um <strong>vape descart\u00e1vel recarreg\u00e1vel<\/strong>, o <strong>VOPK Shisha BAR 20000<\/strong> \u00e9 o seu companheiro ideal. Descubra por que raz\u00e3o este dispositivo est\u00e1 a causar sensa\u00e7\u00e3o no mercado de <strong>marcas de vape descart\u00e1veis<\/strong> e desfrute de uma experi\u00eancia premium que o far\u00e1 querer voltar para mais. Adquira o seu em <strong>cigarros eletr\u00f3nicos descart\u00e1veis online<\/strong> ou compre em grandes quantidades para o seu <strong>shisha bar<\/strong> com <strong>distribuidor de shisha descart\u00e1vel por grosso<\/strong> op\u00e7\u00f5es hoje mesmo!<\/p>\n<p>Prepare-se para mergulhar num mundo superior de sabor e desempenho com o <strong>VOPK Shisha BAR 20000 Puffs<\/strong> \u2014 a sua melhor escolha no mundo do <strong>20000 baforadas vape<\/strong>.<\/p>\n<\/div>\n<\/div>\n<\/div>\n<\/div>\n<\/div>\n<\/div>\n<p><strong>Contacte a Amy para obter a resposta certa e cup\u00e3o de vape!<\/strong><\/p>\n<p><img loading=\"lazy\" decoding=\"async\" class=\"size-full wp-image-1978\" src=\"https:\/\/rmvapesale.com\/wp-content\/uploads\/2024\/09\/Disposable-Vape-Wholesale.jpg\" alt=\"Venda por grosso de vapes descart\u00e1veis\" width=\"229\" height=\"300\" \/><\/p>\n<h3><a href=\"https:\/\/wa.me\/8617776015835\" target=\"_blank\" rel=\"noopener\"><span style=\"color: #ff0000\"><strong>WhatsApp: +86 17776015835<\/strong><\/span><\/a><\/h3>\n<p>&nbsp;<\/p>\n<h2><\/h2>\n<h2><strong>VOPK Shisha BAR 20000 Vape Descart\u00e1vel Recarreg\u00e1vel <\/strong><strong>Principais Caracter\u00edsticas<\/strong><\/h2>\n<p>L\u00edquido de 28ml pr\u00e9-cheio<br \/>\nBateria Recarreg\u00e1vel de 850mAh<br \/>\nContagem de Baforadas: Aproximadamente 20000 Baforadas<br \/>\n0% 2% 5% For\u00e7a de Nicotina<br \/>\nCarregamento USB Tipo-C (N\u00e3o Inclu\u00eddo)<br \/>\nEcr\u00e3 inteligente LED<br \/>\nMTL Vaping<\/p>\n<figure id=\"attachment_2653\" aria-describedby=\"caption-attachment-2653\" style=\"width: 800px\" class=\"wp-caption alignnone\"><img loading=\"lazy\" decoding=\"async\" class=\"wp-image-2653 size-full\" src=\"https:\/\/rmvapesale.com\/wp-content\/uploads\/2024\/11\/VOPK-Shisha-BAR-20000-Low-Nicotine-Disposable-Vape.jpg\" alt=\"VOPK Shisha BAR 20000 Vape Descart\u00e1vel com Baixa Nicotina\" width=\"800\" height=\"799\" srcset=\"https:\/\/rmvapesale.com\/wp-content\/uploads\/2024\/11\/VOPK-Shisha-BAR-20000-Low-Nicotine-Disposable-Vape.jpg 800w, https:\/\/rmvapesale.com\/wp-content\/uploads\/2024\/11\/VOPK-Shisha-BAR-20000-Low-Nicotine-Disposable-Vape-300x300.jpg 300w, https:\/\/rmvapesale.com\/wp-content\/uploads\/2024\/11\/VOPK-Shisha-BAR-20000-Low-Nicotine-Disposable-Vape-150x150.jpg 150w, https:\/\/rmvapesale.com\/wp-content\/uploads\/2024\/11\/VOPK-Shisha-BAR-20000-Low-Nicotine-Disposable-Vape-768x767.jpg 768w, https:\/\/rmvapesale.com\/wp-content\/uploads\/2024\/11\/VOPK-Shisha-BAR-20000-Low-Nicotine-Disposable-Vape-600x599.jpg 600w, https:\/\/rmvapesale.com\/wp-content\/uploads\/2024\/11\/VOPK-Shisha-BAR-20000-Low-Nicotine-Disposable-Vape-100x100.jpg 100w\" sizes=\"auto, (max-width: 800px) 100vw, 800px\" \/><figcaption id=\"caption-attachment-2653\" class=\"wp-caption-text\">VOPK Shisha BAR 20000 Vape Descart\u00e1vel com Baixa Nicotina<\/figcaption><\/figure>\n<h2><strong>Melhores sabores para <\/strong><strong>VOPK Shisha BAR 20000<\/strong><\/h2>\n<p>1.Mirtilo no gelo <span style=\"color: #ff0000\"><strong>&gt;&gt;&gt;&gt; Quente!<\/strong><\/span><br \/>\n2.Kiwi de Morango<br \/>\n3.Baguinhas mistas <span style=\"color: #ff0000\"><strong>&gt;&gt;&gt;&gt; O Melhor!<\/strong><\/span><br \/>\n4.Morango e melancia<br \/>\n5.Gelo de melancia<br \/>\n6.P\u00eassego manga anan\u00e1s<br \/>\n7.Mirtilo e framboesa<br \/>\n8.Rebu\u00e7ado de morango e framboesa<br \/>\n9.Melancia e cereja <span style=\"color: #ff0000\"><strong>&gt;&gt;&gt;&gt; Quente!<\/strong><\/span><br \/>\n10.Groselha preta gelada<\/p>\n<figure id=\"attachment_2660\" aria-describedby=\"caption-attachment-2660\" style=\"width: 640px\" class=\"wp-caption alignnone\"><img loading=\"lazy\" decoding=\"async\" class=\"wp-image-2660 size-large\" src=\"https:\/\/rmvapesale.com\/wp-content\/uploads\/2024\/11\/VOPK-Shisha-Hookah-BAR-Disposable-Vape-Wholesale-640x1024.jpg\" alt=\"VOPK Shisha Hookah BAR Vape Descart\u00e1vel Atacado\" width=\"640\" height=\"1024\" srcset=\"https:\/\/rmvapesale.com\/wp-content\/uploads\/2024\/11\/VOPK-Shisha-Hookah-BAR-Disposable-Vape-Wholesale-640x1024.jpg 640w, https:\/\/rmvapesale.com\/wp-content\/uploads\/2024\/11\/VOPK-Shisha-Hookah-BAR-Disposable-Vape-Wholesale-188x300.jpg 188w, https:\/\/rmvapesale.com\/wp-content\/uploads\/2024\/11\/VOPK-Shisha-Hookah-BAR-Disposable-Vape-Wholesale-768x1229.jpg 768w, https:\/\/rmvapesale.com\/wp-content\/uploads\/2024\/11\/VOPK-Shisha-Hookah-BAR-Disposable-Vape-Wholesale-600x960.jpg 600w, https:\/\/rmvapesale.com\/wp-content\/uploads\/2024\/11\/VOPK-Shisha-Hookah-BAR-Disposable-Vape-Wholesale.jpg 800w\" sizes=\"auto, (max-width: 640px) 100vw, 640px\" \/><figcaption id=\"caption-attachment-2660\" class=\"wp-caption-text\">VOPK Shisha Hookah BAR Vape Descart\u00e1vel Atacado<\/figcaption><\/figure>\n<h3><strong>Porqu\u00ea escolher a Rmvapesale para <\/strong><strong>VOPK Shisha BAR Vape Descart\u00e1vel<\/strong><strong>Venda por grosso de vapes<\/strong><strong>?<\/strong><\/h3>\n<div class=\"flex-shrink-0 flex flex-col relative items-end\">\n<div class=\"pt-0\">\n<div class=\"gizmo-bot-avatar flex h-8 w-8 items-center justify-center overflow-hidden rounded-full\">\n<div class=\"relative p-1 rounded-sm flex items-center justify-center bg-token-main-surface-primary text-token-text-primary h-8 w-8\">\n<p>Bem-vindo \u00e0 Rmvapesale, a sua loja de vape de confian\u00e7a para vapes descart\u00e1veis premium. Com mais de 5 anos de experi\u00eancia, trazemos-lhe marcas populares de vapes descart\u00e1veis como Al Fakher, <a href=\"https:\/\/rmvapesale.com\/pt\/product\/vapme-crystal-7000-puffs-rechargeable-disposable-vape-price\/\">Vapme<\/a>, <a href=\"https:\/\/rmvapesale.com\/pt\/product-category\/bang-vapes\/\">Bang Vape<\/a>, Waspe, <a href=\"https:\/\/rmvapesale.com\/pt\/product\/wga-crystal-pro-max-extra-15k-puffs-disposable-vape-wholesale\/\">WGA<\/a> Vape e<a href=\"https:\/\/rmvapesale.com\/pt\/product-category\/randm-fumot-vape\/\"> RandM Vape<\/a>.<\/p>\n<p>A nossa gama inclui vapes de venda quente como o <a href=\"https:\/\/rmvapesale.com\/pt\/product\/fumot-digital-box-12000-disposable-vape-pink-lemonade-flavor\/\">RandM 12k<\/a> e op\u00e7\u00f5es ricas em sabor como o <a href=\"https:\/\/rmvapesale.com\/pt\/product\/wga-crystal-plus-20000-puff-dual-flavour-disposable-vape\/\">WGA 20K Puffs<\/a>. Cada produto \u00e9 escolhido com foco na qualidade, valor e variedade, garantindo que encontre a combina\u00e7\u00e3o perfeita para as suas necessidades. Descubra um servi\u00e7o excecional e uma vasta gama de produtos de topo na Rmvapesale.<\/p>\n<\/div>\n<h3><\/h3>\n<div class=\"relative p-1 rounded-sm flex items-center justify-center bg-token-main-surface-primary text-token-text-primary h-8 w-8\">\n<h3><b>Perguntas Frequentes sobre o VOPK Shisha BAR 20000 Puffs Vape<\/b><\/h3>\n<p><strong>1. Como sei quando o meu vape descart\u00e1vel est\u00e1 vazio?<\/strong><br \/>\nQuando o seu <strong>VOPK Shisha BAR 20000<\/strong> vape descart\u00e1vel est\u00e1 a ficar com pouco e-l\u00edquido, poder\u00e1 notar um decl\u00ednio na produ\u00e7\u00e3o de vapor ou um sabor mais fraco. O visor integrado <strong>ecr\u00e3 inteligente<\/strong> no dispositivo tamb\u00e9m indicar\u00e1 o n\u00edvel de e-l\u00edquido restante. Se o ecr\u00e3 mostrar que o e-l\u00edquido est\u00e1 esgotado, \u00e9 hora de substituir o vape.<\/p>\n<p><strong>2. Quanto tempo demora a carregar um VOPK Shisha 20000?<\/strong><br \/>\nCarregar o seu <strong>VOPK Shisha 20000<\/strong> geralmente leva cerca de 1,5 a 2 horas usando um <strong>porta de carregamento Tipo-C<\/strong>. Certifique-se de usar um carregador confi\u00e1vel para garantir um carregamento seguro e eficiente. Uma vez totalmente carregado, o dispositivo foi projetado para suportar sess\u00f5es de vaping prolongadas.<\/p>\n<p><strong>3. Quanta nicotina tem um VOPK Shisha hookah 20000?<\/strong><br \/>\nO <strong>VOPK Shisha BAR 20000<\/strong> vem com op\u00e7\u00f5es de for\u00e7a de nicotina ajust\u00e1veis, permitindo que voc\u00ea escolha entre <strong>0%, 2%, 3% e 5% de nicotina<\/strong>. Esta personaliza\u00e7\u00e3o garante que voc\u00ea tenha total controle sobre o seu consumo de nicotina, tornando-o adequado para v\u00e1rias prefer\u00eancias.<\/p>\n<p><strong>4. Onde comprar VOPK Shisha hookah 20000 Puffs a pre\u00e7o de atacado?<\/strong><br \/>\nPode comprar o <strong>VOPK Shisha BAR 20000 Puffs<\/strong> a pre\u00e7os de atacado de fornecedores confi\u00e1veis. <strong>fornecedores de vape por atacado<\/strong> Para as melhores ofertas, visite <strong>lojas de vape<\/strong> plataformas online <strong>especializadas em<\/strong> op\u00e7\u00f5es de atacado <strong>vapes descart\u00e1veis<\/strong> e <strong>venda por grosso de vapes<\/strong> ou verifique<\/p>\n<p><strong>5. Posso levar um vape descart\u00e1vel num avi\u00e3o?<\/strong><br \/>\nSim, pode levar o seu <strong>VOPK Shisha BAR 20000<\/strong> vaporizador descart\u00e1vel num avi\u00e3o, mas existem diretrizes a seguir. O dispositivo deve ser transportado na sua <strong>bagagem de m\u00e3o<\/strong>, pois os dispositivos eletr\u00f3nicos de vaporiza\u00e7\u00e3o geralmente n\u00e3o s\u00e3o permitidos em bagagem de por\u00e3o. Certifique-se de verificar os regulamentos espec\u00edficos da companhia a\u00e9rea e de que o vaporizador est\u00e1 desligado durante o voo para evitar ativa\u00e7\u00e3o acidental.<\/p>\n<\/div>\n<\/div>\n<\/div>\n<\/div>\n<h3>Sobre o Envio<\/h3>\n<div class=\"flex-shrink-0 flex flex-col relative items-end\">\n<div>\n<div class=\"pt-0\">\n<div class=\"gizmo-bot-avatar flex h-8 w-8 items-center justify-center overflow-hidden rounded-full\">\n<div><\/div>\n<div class=\"relative p-1 rounded-sm flex items-center justify-center bg-token-main-surface-primary text-token-text-primary h-8 w-8\"><strong>1. Que m\u00e9todos de envio s\u00e3o usados?<\/strong><\/div>\n<\/div>\n<\/div>\n<\/div>\n<\/div>\n<div class=\"group\/conversation-turn relative flex w-full min-w-0 flex-col agent-turn\">\n<div class=\"flex-col gap-1 md:gap-3\">\n<div class=\"flex max-w-full flex-col flex-grow\">\n<div class=\"min-h-[20px] text-message flex w-full flex-col items-end gap-2 whitespace-normal break-words [.text-message+&amp;]:mt-5 overflow-x-auto\" dir=\"auto\" data-message-author-role=\"assistant\" data-message-id=\"22f8283b-3233-46ff-89a5-c7a41b33abda\">\n<div class=\"flex w-full flex-col gap-1 empty:hidden first:pt-[3px]\">\n<div class=\"markdown prose w-full break-words dark:prose-invert light\">\n<p>Fazemos parceria com a UPS, DHL, FedEx, DPD e outras transportadoras l\u00edderes. Selecionaremos o melhor m\u00e9todo de envio com base na sua localiza\u00e7\u00e3o de entrega para garantir que receba os seus produtos o mais r\u00e1pido poss\u00edvel.<\/p>\n<\/div>\n<p><strong>2. Quanto tempo demora a chegar?<\/strong><\/p>\n<p>As encomendas enviadas para Portugal geralmente chegam dentro de 10 dias \u00fateis. O envio para pa\u00edses europeus demora geralmente cerca de 12-15 dias \u00fateis. Forneceremos atualiza\u00e7\u00f5es em tempo real sobre o estado do seu envio.<\/p>\n<\/div>\n<\/div>\n<\/div>\n<\/div>\n<\/div>\n<p>&nbsp;<\/p>\n<p>Encontre mais produtos de vape que talvez goste:<strong><em><a href=\"https:\/\/rmvapesale.com\/pt\/shop-2\/\">comprar agora &gt;&gt;&gt;<\/a><\/em><\/strong><\/p>","protected":false},"excerpt":{"rendered":"<p>VOPK Shisha Hookah BAR Venda por grosso 20000 Puffs Compra em quantidade<br \/>\nVOPK Shisha BAR 20000 Puffs 0% 2% 3% 5% Vape Descart\u00e1vel de Baixa Nicotina por grosso<br \/>\nShisha Hookah VOPK 20000 Puffs Compra em quantidade Vape Recarreg\u00e1vel Descart\u00e1vel<\/p>\n<p><img loading=\"lazy\" decoding=\"async\" class=\"size-full wp-image-2375\" src=\"https:\/\/rmvapesale.com\/wp-content\/uploads\/2024\/10\/image.png\" alt=\"Melhor Vape Descart\u00e1vel\" width=\"229\" height=\"300\" \/><\/p>\n<h3><a href=\"https:\/\/wa.me\/8617776015835\"><span style=\"color: #ff0000\"><strong>WhatsApp: +86 17776015835<\/strong><\/span><\/a><\/h3>\n<p>&nbsp;<\/p>","protected":false},"featured_media":2657,"comment_status":"open","ping_status":"closed","template":"","meta":{"_uag_custom_page_level_css":"","_lmt_disableupdate":"no","_lmt_disable":"","site-sidebar-layout":"default","site-content-layout":"content-boxed-container","ast-site-content-layout":"normal-width-container","site-content-style":"boxed","site-sidebar-style":"unboxed","ast-global-header-display":"","ast-banner-title-visibility":"","ast-main-header-display":"","ast-hfb-above-header-display":"","ast-hfb-below-header-display":"","ast-hfb-mobile-header-display":"","site-post-title":"","ast-breadcrumbs-content":"","ast-featured-img":"","footer-sml-layout":"","theme-transparent-header-meta":"default","adv-header-id-meta":"","stick-header-meta":"","header-above-stick-meta":"","header-main-stick-meta":"","header-below-stick-meta":"","astra-migrate-meta-layouts":"set","ast-page-background-enabled":"default","ast-page-background-meta":{"desktop":{"background-color":"var(--ast-global-color-4)","background-image":"","background-repeat":"repeat","background-position":"center center","background-size":"auto","background-attachment":"scroll","background-type":"","background-media":"","overlay-type":"","overlay-color":"","overlay-opacity":"","overlay-gradient":""},"tablet":{"background-color":"","background-image":"","background-repeat":"repeat","background-position":"center center","background-size":"auto","background-attachment":"scroll","background-type":"","background-media":"","overlay-type":"","overlay-color":"","overlay-opacity":"","overlay-gradient":""},"mobile":{"background-color":"","background-image":"","background-repeat":"repeat","background-position":"center center","background-size":"auto","background-attachment":"scroll","background-type":"","background-media":"","overlay-type":"","overlay-color":"","overlay-opacity":"","overlay-gradient":""}},"ast-content-background-meta":{"desktop":{"background-color":"var(--ast-global-color-5)","background-image":"","background-repeat":"repeat","background-position":"center center","background-size":"auto","background-attachment":"scroll","background-type":"","background-media":"","overlay-type":"","overlay-color":"","overlay-opacity":"","overlay-gradient":""},"tablet":{"background-color":"var(--ast-global-color-5)","background-image":"","background-repeat":"repeat","background-position":"center center","background-size":"auto","background-attachment":"scroll","background-type":"","background-media":"","overlay-type":"","overlay-color":"","overlay-opacity":"","overlay-gradient":""},"mobile":{"background-color":"var(--ast-global-color-5)","background-image":"","background-repeat":"repeat","background-position":"center center","background-size":"auto","background-attachment":"scroll","background-type":"","background-media":"","overlay-type":"","overlay-color":"","overlay-opacity":"","overlay-gradient":""}},"_joinchat":[]},"product_brand":[],"product_cat":[15,25,123,26,28,135,27,137,136,30],"product_tag":[146,188,200,167,165,180,120],"class_list":{"0":"post-2661","1":"product","2":"type-product","3":"status-publish","4":"has-post-thumbnail","6":"product_cat-new-vape-this-week","7":"product_cat-germany-best-selling-vape","8":"product_cat-italy-wholesale-vape","9":"product_cat-netherlands-hot-sale-vape","10":"product_cat-poland-hot-sale-vape","11":"product_cat-spain-best-hot-sale-vape","12":"product_cat-fance-hot-sale-vape","13":"product_cat-rechargeable-vapes","14":"product_cat-smart-screen-vapes","15":"product_cat-minimum-order-quantity-50pcs","16":"product_tag-best-hot-sale-vape","17":"product_tag-buy-vapes-online","18":"product_tag-disposable-hookah-wholesale","19":"product_tag-disposable-vape-with-screen","20":"product_tag-rechargeable-vapes","21":"product_tag-shisha-bar","22":"product_tag-vape-wholesale","23":"desktop-align-left","24":"tablet-align-left","25":"mobile-align-left","27":"first","28":"instock","29":"sale","30":"shipping-taxable","31":"purchasable","32":"product-type-simple"},"uagb_featured_image_src":{"full":["https:\/\/rmvapesale.com\/wp-content\/uploads\/2024\/11\/VOPK-Shisha-Hookah-BAR-20000-Puff-Disposable-Vape.jpg",800,800,false],"thumbnail":["https:\/\/rmvapesale.com\/wp-content\/uploads\/2024\/11\/VOPK-Shisha-Hookah-BAR-20000-Puff-Disposable-Vape-150x150.jpg",150,150,true],"medium":["https:\/\/rmvapesale.com\/wp-content\/uploads\/2024\/11\/VOPK-Shisha-Hookah-BAR-20000-Puff-Disposable-Vape-300x300.jpg",300,300,true],"medium_large":["https:\/\/rmvapesale.com\/wp-content\/uploads\/2024\/11\/VOPK-Shisha-Hookah-BAR-20000-Puff-Disposable-Vape-768x768.jpg",768,768,true],"large":["https:\/\/rmvapesale.com\/wp-content\/uploads\/2024\/11\/VOPK-Shisha-Hookah-BAR-20000-Puff-Disposable-Vape.jpg",800,800,false],"1536x1536":["https:\/\/rmvapesale.com\/wp-content\/uploads\/2024\/11\/VOPK-Shisha-Hookah-BAR-20000-Puff-Disposable-Vape.jpg",800,800,false],"2048x2048":["https:\/\/rmvapesale.com\/wp-content\/uploads\/2024\/11\/VOPK-Shisha-Hookah-BAR-20000-Puff-Disposable-Vape.jpg",800,800,false],"trp-custom-language-flag":["https:\/\/rmvapesale.com\/wp-content\/uploads\/2024\/11\/VOPK-Shisha-Hookah-BAR-20000-Puff-Disposable-Vape.jpg",12,12,false],"woocommerce_thumbnail":["https:\/\/rmvapesale.com\/wp-content\/uploads\/2024\/11\/VOPK-Shisha-Hookah-BAR-20000-Puff-Disposable-Vape-300x300.jpg",300,300,true],"woocommerce_single":["https:\/\/rmvapesale.com\/wp-content\/uploads\/2024\/11\/VOPK-Shisha-Hookah-BAR-20000-Puff-Disposable-Vape-600x600.jpg",600,600,true],"woocommerce_gallery_thumbnail":["https:\/\/rmvapesale.com\/wp-content\/uploads\/2024\/11\/VOPK-Shisha-Hookah-BAR-20000-Puff-Disposable-Vape-100x100.jpg",100,100,true],"wcpr-photo-reviews":["https:\/\/rmvapesale.com\/wp-content\/uploads\/2024\/11\/VOPK-Shisha-Hookah-BAR-20000-Puff-Disposable-Vape.jpg",500,500,false]},"uagb_author_info":{"display_name":"AMY","author_link":"https:\/\/rmvapesale.com\/pt\/author\/"},"uagb_comment_info":0,"uagb_excerpt":"VOPK Shisha Hookah BAR Wholesale 20000 Puffs Bulk Buy VOPK Shisha BAR 20000 Puffs 0% 2% 3% 5% Low Nicotine Disposable Vape Wholesale Shisha Hookah VOPK 20000 Puffs Bulk Buy Rechargeable Disposable Vape WhatsApp: +86 17776015835 &nbsp;","_links":{"self":[{"href":"https:\/\/rmvapesale.com\/pt\/wp-json\/wp\/v2\/product\/2661","targetHints":{"allow":["GET"]}}],"collection":[{"href":"https:\/\/rmvapesale.com\/pt\/wp-json\/wp\/v2\/product"}],"about":[{"href":"https:\/\/rmvapesale.com\/pt\/wp-json\/wp\/v2\/types\/product"}],"replies":[{"embeddable":true,"href":"https:\/\/rmvapesale.com\/pt\/wp-json\/wp\/v2\/comments?post=2661"}],"wp:featuredmedia":[{"embeddable":true,"href":"https:\/\/rmvapesale.com\/pt\/wp-json\/wp\/v2\/media\/2657"}],"wp:attachment":[{"href":"https:\/\/rmvapesale.com\/pt\/wp-json\/wp\/v2\/media?parent=2661"}],"wp:term":[{"taxonomy":"product_brand","embeddable":true,"href":"https:\/\/rmvapesale.com\/pt\/wp-json\/wp\/v2\/product_brand?post=2661"},{"taxonomy":"product_cat","embeddable":true,"href":"https:\/\/rmvapesale.com\/pt\/wp-json\/wp\/v2\/product_cat?post=2661"},{"taxonomy":"product_tag","embeddable":true,"href":"https:\/\/rmvapesale.com\/pt\/wp-json\/wp\/v2\/product_tag?post=2661"}],"curies":[{"name":"wp","href":"https:\/\/api.w.org\/{rel}","templated":true}]}}