{"id":2670,"date":"2024-11-05T09:03:06","date_gmt":"2024-11-05T09:03:06","guid":{"rendered":"https:\/\/rmvapesale.com\/?post_type=product&#038;p=2670"},"modified":"2024-11-05T09:49:38","modified_gmt":"2024-11-05T09:49:38","slug":"elfbar-combo-25000-puffs-rechargeable-disposable-vape-wholesale","status":"publish","type":"product","link":"https:\/\/rmvapesale.com\/pt\/product\/elfbar-combo-25000-puffs-rechargeable-disposable-vape-wholesale\/","title":{"rendered":"ElfBar Combo 25000 Puffs Vape Descart\u00e1vel Recarreg\u00e1vel Atacado"},"content":{"rendered":"<div class=\"B2VR9 CJHX3e\">\n<div class=\"wyccme\">\n<h1 class=\"LC20lb MBeuO DKV0Md\">ElfBar Combo 25000 Puffs Vape Descart\u00e1vel Recarreg\u00e1vel Atacado<\/h1>\n<div class=\"flex-shrink-0 flex flex-col relative items-end\">\n<div class=\"pt-0\">\n<div class=\"gizmo-bot-avatar flex h-8 w-8 items-center justify-center overflow-hidden rounded-full\">\n<div class=\"relative p-1 rounded-sm flex items-center justify-center bg-token-main-surface-primary text-token-text-primary h-8 w-8\">\n<p>O <strong>Elfbar Combo 25000 Puffs Cigarro eletr\u00f3nico descart\u00e1vel<\/strong> \u00e9 um dispositivo de vaping inovador e vers\u00e1til, projetado para revolucionar sua experi\u00eancia de vaping. Com um design elegante e moderno, ele combina <strong>dois sabores diferentes<\/strong> e oferece <strong>modos de vaping duplos<\/strong>, proporcionando uma variedade e satisfa\u00e7\u00e3o incompar\u00e1veis. Este dispositivo destaca-se <strong>marcas populares de vapes descart\u00e1veis<\/strong> por sua tecnologia superior e conveni\u00eancia.<\/p>\n<h3><strong>Puro<\/strong><\/h3>\n<p>Desfrute de uma incr\u00edvel combina\u00e7\u00e3o de sabores de <strong>Ma\u00e7\u00e3 Verde<\/strong> e <strong>Shisha de Ma\u00e7\u00e3 Dupla<\/strong>, habilmente misturados para proporcionar uma experi\u00eancia de sabor refrescante e inspirada na shisha. O <strong>ElfBar Pods Combo 25000<\/strong> garante que cada baforada seja suave e saborosa, tornando-o um dos <strong>melhores vapes descart\u00e1veis de 2024<\/strong>.<\/p>\n<h3><strong>Alta Contagem de Baforadas<\/strong><\/h3>\n<p>Aproveite at\u00e9 <strong>25.000 baforadas<\/strong> do reservat\u00f3rio de 25ml de e-l\u00edquido, proporcionando uma satisfa\u00e7\u00e3o duradoura sem a necessidade de substitui\u00e7\u00f5es frequentes. Este dispositivo \u00e9 perfeito para quem deseja uso prolongado, seja em movimento ou para o prazer di\u00e1rio.<\/p>\n<h3><strong>Ecr\u00e3 Inteligente<\/strong><\/h3>\n<p>Equipado com uma <strong>ecr\u00e3 de exibi\u00e7\u00e3o inteligente<\/strong>, o <strong>Elf bar Combo 25000<\/strong> d\u00e1-lhe atualiza\u00e7\u00f5es em tempo real sobre o modo de sabor, n\u00edvel de pot\u00eancia, estado do e-l\u00edquido e vida \u00fatil da bateria. O <strong>sistema refinado de fluxo de ar duplo<\/strong> oferece op\u00e7\u00f5es personaliz\u00e1veis, melhorando a sua experi\u00eancia de vaporiza\u00e7\u00e3o com vapor puro e consistente.<\/p>\n<h3><strong>Recarreg\u00e1vel para Conveni\u00eancia<\/strong><\/h3>\n<p>Diga adeus \u00e0 inconveni\u00eancia dos vapes de uso \u00fanico, com o <strong>Bateria recarreg\u00e1vel de 850mAh<\/strong>. O design eficiente, combinado com a conveniente <strong>carregamento r\u00e1pido Tipo-C<\/strong>, garante um tempo de inatividade m\u00ednimo entre utiliza\u00e7\u00f5es, tornando-o uma escolha de destaque entre os <strong>vapes recarreg\u00e1veis<\/strong>.<\/p>\n<h3><strong>Concentra\u00e7\u00e3o de Nicotina Premium<\/strong><\/h3>\n<p>Com uma <strong>concentra\u00e7\u00e3o de nicotina de 5% (50 mg)<\/strong>, o <strong>o Elf Bar Combo 25000<\/strong> oferece um golpe satisfat\u00f3rio, perfeito para vapers que procuram uma experi\u00eancia de nicotina robusta.<\/p>\n<h3><strong>Disponibilidade para Retalho<\/strong><\/h3>\n<p>O <strong>O Elfbar Combo 25000<\/strong> est\u00e1 dispon\u00edvel a pre\u00e7os de <strong>venda por grosso de vapes<\/strong> , tornando-o uma op\u00e7\u00e3o ideal para retalhistas e distribuidores que procuram armazenar <strong>vapes populares<\/strong>. Visite <strong>lojas de vape<\/strong> ou compre atrav\u00e9s de <strong>cigarros eletr\u00f3nicos descart\u00e1veis online<\/strong> fornecedores para obter as melhores ofertas em <strong>Elf Bar<\/strong> produtos.<\/p>\n<p>Para aqueles que procuram uma experi\u00eancia de vaping excecional <strong>cigarro eletr\u00f3nico<\/strong> que combina na perfei\u00e7\u00e3o sabor, inova\u00e7\u00e3o e conveni\u00eancia, o <strong>Elfbar Combo 25000 Puffs<\/strong> \u00e9 a escolha ideal. Desfrute do melhor da tecnologia de vaping com esta <strong>ELF BAR<\/strong> maravilha.<\/p>\n<p>Adquira o seu hoje de <strong>ELFBAR<\/strong> distribuidores e junte-se \u00e0 comunidade de vapers satisfeitos que desfrutam de um dos <strong>principais marcas de vapes descart\u00e1veis<\/strong> da ind\u00fastria!<\/p>\n<\/div>\n<\/div>\n<\/div>\n<\/div>\n<\/div>\n<\/div>\n<p><strong>Contacte a Amy para obter a resposta certa e cup\u00e3o de vape!<\/strong><\/p>\n<p><img loading=\"lazy\" decoding=\"async\" class=\"size-full wp-image-1978\" src=\"https:\/\/rmvapesale.com\/wp-content\/uploads\/2024\/09\/Disposable-Vape-Wholesale.jpg\" alt=\"Venda por grosso de vapes descart\u00e1veis\" width=\"229\" height=\"300\" \/><\/p>\n<h3><a href=\"https:\/\/wa.me\/8617776015835\" target=\"_blank\" rel=\"noopener\"><span style=\"color: #ff0000\"><strong>WhatsApp: +86 17776015835<\/strong><\/span><\/a><\/h3>\n<p>&nbsp;<\/p>\n<h2><\/h2>\n<h2><strong>Vape Recarreg\u00e1vel ElfBar Combo 25000 <\/strong><strong>Principais Caracter\u00edsticas<\/strong><\/h2>\n<p>Modelo: COMBO 25000<br \/>\nSabores: Ma\u00e7\u00e3 Verde + Dupla Ma\u00e7\u00e3 Shisha<br \/>\nBaforadas: 25000<br \/>\nTeor de Nicotina: 5% (50 mg)<br \/>\nVolume do l\u00edquido: 25 ml<br \/>\nBateria<br \/>\nCapacidade da Bateria: 700mAh<\/p>\n<p>&nbsp;<\/p>\n<h2><strong>Sabor principal para ElfBar Combo 25000 Puffs<\/strong><\/h2>\n<p>&nbsp;<\/p>\n<p>1.Melancia+Morango <span style=\"color: #ff0000\"><strong>&gt;&gt;&gt;&gt; Quente!<\/strong><\/span><br \/>\n2.Ma\u00e7\u00e3+Sumo de P\u00eassego<br \/>\n3.Uva+Bebida Mary<br \/>\n4.Uva Verde+Uva <span style=\"color: #ff0000\"><strong>&gt;&gt;&gt;&gt; O Melhor!<\/strong><\/span><br \/>\n5.Ma\u00e7\u00e3 Verde+Dupla Ma\u00e7\u00e3<br \/>\n6.Lima+Anan\u00e1s<br \/>\n7.P\u00eassego Manga+Melancia <span style=\"color: #ff0000\"><strong>&gt;&gt;&gt;&gt; Quente!<\/strong><\/span><\/p>\n<figure id=\"attachment_2663\" aria-describedby=\"caption-attachment-2663\" style=\"width: 286px\" class=\"wp-caption alignnone\"><img loading=\"lazy\" decoding=\"async\" class=\"size-medium wp-image-2663\" src=\"https:\/\/rmvapesale.com\/wp-content\/uploads\/2024\/11\/Elf-Bar-COMBO-25000-Disposable-Vape-286x300.jpg\" alt=\"Vape Descart\u00e1vel Elf Bar COMBO 25000\" width=\"286\" height=\"300\" srcset=\"https:\/\/rmvapesale.com\/wp-content\/uploads\/2024\/11\/Elf-Bar-COMBO-25000-Disposable-Vape-286x300.jpg 286w, https:\/\/rmvapesale.com\/wp-content\/uploads\/2024\/11\/Elf-Bar-COMBO-25000-Disposable-Vape-975x1024.jpg 975w, https:\/\/rmvapesale.com\/wp-content\/uploads\/2024\/11\/Elf-Bar-COMBO-25000-Disposable-Vape-768x806.jpg 768w, https:\/\/rmvapesale.com\/wp-content\/uploads\/2024\/11\/Elf-Bar-COMBO-25000-Disposable-Vape-600x630.jpg 600w, https:\/\/rmvapesale.com\/wp-content\/uploads\/2024\/11\/Elf-Bar-COMBO-25000-Disposable-Vape.jpg 1000w\" sizes=\"auto, (max-width: 286px) 100vw, 286px\" \/><figcaption id=\"caption-attachment-2663\" class=\"wp-caption-text\">Vape Descart\u00e1vel Elf Bar COMBO 25000<\/figcaption><\/figure>\n<h3><strong>Porqu\u00ea escolher Rmvapesale para Elf Bar <\/strong><strong>V Descart\u00e1vel<\/strong><strong>Venda por grosso de vapes<\/strong><strong>?<\/strong><\/h3>\n<div class=\"flex-shrink-0 flex flex-col relative items-end\">\n<div class=\"pt-0\">\n<div class=\"gizmo-bot-avatar flex h-8 w-8 items-center justify-center overflow-hidden rounded-full\">\n<div class=\"relative p-1 rounded-sm flex items-center justify-center bg-token-main-surface-primary text-token-text-primary h-8 w-8\">\n<p>Bem-vindo \u00e0 Rmvapesale, a sua loja de vape de confian\u00e7a para vapes descart\u00e1veis premium. Com mais de 5 anos de experi\u00eancia, trazemos-lhe marcas populares de vapes descart\u00e1veis como Al Fakher, <a href=\"https:\/\/rmvapesale.com\/pt\/product\/vapme-crystal-7000-puffs-rechargeable-disposable-vape-price\/\">Vapme<\/a>, <a href=\"https:\/\/rmvapesale.com\/pt\/product-category\/bang-vapes\/\">Bang Vape<\/a>, Waspe, <a href=\"https:\/\/rmvapesale.com\/pt\/product\/wga-crystal-pro-max-extra-15k-puffs-disposable-vape-wholesale\/\">WGA<\/a> Vape e<a href=\"https:\/\/rmvapesale.com\/pt\/product-category\/randm-fumot-vape\/\"> RandM Vape<\/a>.<\/p>\n<p>A nossa gama inclui vapes de venda quente como o <a href=\"https:\/\/rmvapesale.com\/pt\/product\/fumot-digital-box-12000-disposable-vape-pink-lemonade-flavor\/\">RandM 12k<\/a> e op\u00e7\u00f5es ricas em sabor como o <a href=\"https:\/\/rmvapesale.com\/pt\/product\/wga-crystal-plus-20000-puff-dual-flavour-disposable-vape\/\">WGA 20K Puffs<\/a>. Cada produto \u00e9 escolhido com foco na qualidade, valor e variedade, garantindo que encontre a combina\u00e7\u00e3o perfeita para as suas necessidades. Descubra um servi\u00e7o excecional e uma vasta gama de produtos de topo na Rmvapesale.<\/p>\n<\/div>\n<h3><\/h3>\n<div class=\"relative p-1 rounded-sm flex items-center justify-center bg-token-main-surface-primary text-token-text-primary h-8 w-8\">\n<h3><b>Elf Bar Vape COMBO 25000 Puffs FAQS<\/b><\/h3>\n<\/div>\n<h3>1. <strong>Como sei quando a minha c\u00e1psula de vape descart\u00e1vel ElfBar est\u00e1 vazia?<\/strong><\/h3>\n<ul>\n<li>O <strong>ecr\u00e3 de exibi\u00e7\u00e3o inteligente<\/strong> no Elf Bar Combo 25000 oferece uma indica\u00e7\u00e3o clara do seu n\u00edvel de e-l\u00edquido. Quando o ecr\u00e3 mostra que o estado do e-l\u00edquido est\u00e1 baixo ou vazio, ou se sentir uma queda not\u00e1vel no sabor e na produ\u00e7\u00e3o de vapor, \u00e9 altura de substituir o seu dispositivo.<\/li>\n<\/ul>\n<h3>2. <strong>Quanto tempo demora a carregar um ElfBar Combo 25000 Puffs?<\/strong><\/h3>\n<ul>\n<li>O Elf Bar Combo 25000 vem com uma <strong>bateria recarreg\u00e1vel de 700mAh<\/strong> e carrega rapidamente atrav\u00e9s de um <strong>porta de carregamento Tipo-C<\/strong>. Geralmente, demora cerca de <strong>1 a 2 horas<\/strong> a carregar totalmente, dependendo da fonte de alimenta\u00e7\u00e3o.<\/li>\n<\/ul>\n<h3>3. <strong>Quanta nicotina existe num Elf Bar Vape Combo 25000 Puffs?<\/strong><\/h3>\n<ul>\n<li>O Elf Bar Combo 25000 cont\u00e9m <strong>5% (50 mg) de nicotina<\/strong>, o que proporciona uma experi\u00eancia forte e satisfat\u00f3ria adequada para aqueles que preferem concentra\u00e7\u00f5es de nicotina mais elevadas.<\/li>\n<\/ul>\n<h3>4. <strong>Onde posso comprar ElfBar Combo 25000 Puffs a pre\u00e7os de revenda?<\/strong><\/h3>\n<ul>\n<li>Pode adquirir o Elf Bar Combo 25000 Puffs <strong>pre\u00e7os de grosso<\/strong> em v\u00e1rios distribuidores de vape online ou em <strong>de atacado de vape<\/strong>especializados <strong>lojas de vape<\/strong> . Consulte <strong>retalhistas online e<\/strong> de confian\u00e7a que oferecem<\/li>\n<\/ul>\n<h3>5. <strong>Posso levar um vape descart\u00e1vel num avi\u00e3o?<\/strong><\/h3>\n<ul>\n<li>Sim, pode trazer um <strong>vape descart\u00e1vel<\/strong> num avi\u00e3o, mas deve ser embalado na sua <strong>bagagem de m\u00e3o<\/strong>. Certifique-se de que o dispositivo est\u00e1 desligado e guardado em seguran\u00e7a, e lembre-se de verificar os regulamentos espec\u00edficos da companhia a\u00e9rea e as pol\u00edticas de 'vaping' do pa\u00eds de destino.<\/li>\n<\/ul>\n<\/div>\n<\/div>\n<\/div>\n<h3>Sobre o Envio<\/h3>\n<div class=\"flex-shrink-0 flex flex-col relative items-end\">\n<div>\n<div class=\"pt-0\">\n<div class=\"gizmo-bot-avatar flex h-8 w-8 items-center justify-center overflow-hidden rounded-full\">\n<div><\/div>\n<div class=\"relative p-1 rounded-sm flex items-center justify-center bg-token-main-surface-primary text-token-text-primary h-8 w-8\"><strong>1. Que m\u00e9todos de envio s\u00e3o usados?<\/strong><\/div>\n<\/div>\n<\/div>\n<\/div>\n<\/div>\n<div class=\"group\/conversation-turn relative flex w-full min-w-0 flex-col agent-turn\">\n<div class=\"flex-col gap-1 md:gap-3\">\n<div class=\"flex max-w-full flex-col flex-grow\">\n<div class=\"min-h-[20px] text-message flex w-full flex-col items-end gap-2 whitespace-normal break-words [.text-message+&amp;]:mt-5 overflow-x-auto\" dir=\"auto\" data-message-author-role=\"assistant\" data-message-id=\"22f8283b-3233-46ff-89a5-c7a41b33abda\">\n<div class=\"flex w-full flex-col gap-1 empty:hidden first:pt-[3px]\">\n<div class=\"markdown prose w-full break-words dark:prose-invert light\">\n<p>Fazemos parceria com a UPS, DHL, FedEx, DPD e outras transportadoras l\u00edderes. Selecionaremos o melhor m\u00e9todo de envio com base na sua localiza\u00e7\u00e3o de entrega para garantir que receba os seus produtos o mais r\u00e1pido poss\u00edvel.<\/p>\n<\/div>\n<p><strong>2. Quanto tempo demora a chegar?<\/strong><\/p>\n<p>As encomendas enviadas para Portugal geralmente chegam dentro de 10 dias \u00fateis. O envio para pa\u00edses europeus demora geralmente cerca de 12-15 dias \u00fateis. Forneceremos atualiza\u00e7\u00f5es em tempo real sobre o estado do seu envio.<\/p>\n<\/div>\n<\/div>\n<\/div>\n<\/div>\n<\/div>\n<p>&nbsp;<\/p>\n<p>Encontre mais produtos de vape que talvez goste:<strong><em><a href=\"https:\/\/rmvapesale.com\/pt\/shop-2\/\">comprar agora &gt;&gt;&gt;<\/a><\/em><\/strong><\/p>","protected":false},"excerpt":{"rendered":"<p>ELFBAR COMBO 25000 Ma\u00e7\u00e3 Verde + Dupla Ma\u00e7\u00e3<br \/>\nELFBAR Vape COMBO 25000 tragos Pre\u00e7o de F\u00e1brica Atacado<br \/>\nElfBar Pods COMBO 25000 Compra em Lote 5% Nicotina<\/p>\n<p><img loading=\"lazy\" decoding=\"async\" class=\"size-full wp-image-2375\" src=\"https:\/\/rmvapesale.com\/wp-content\/uploads\/2024\/10\/image.png\" alt=\"Melhor Vape Descart\u00e1vel\" width=\"229\" height=\"300\" \/><\/p>\n<h3><a href=\"https:\/\/wa.me\/8617776015835\"><span style=\"color: #ff0000\"><strong>WhatsApp: +86 17776015835<\/strong><\/span><\/a><\/h3>\n<p>&nbsp;<\/p>","protected":false},"featured_media":2662,"comment_status":"open","ping_status":"closed","template":"","meta":{"_uag_custom_page_level_css":"","_lmt_disableupdate":"no","_lmt_disable":"","site-sidebar-layout":"default","site-content-layout":"content-boxed-container","ast-site-content-layout":"normal-width-container","site-content-style":"boxed","site-sidebar-style":"unboxed","ast-global-header-display":"","ast-banner-title-visibility":"","ast-main-header-display":"","ast-hfb-above-header-display":"","ast-hfb-below-header-display":"","ast-hfb-mobile-header-display":"","site-post-title":"","ast-breadcrumbs-content":"","ast-featured-img":"","footer-sml-layout":"","ast-disable-related-posts":"","theme-transparent-header-meta":"default","adv-header-id-meta":"","stick-header-meta":"","header-above-stick-meta":"","header-main-stick-meta":"","header-below-stick-meta":"","astra-migrate-meta-layouts":"set","ast-page-background-enabled":"default","ast-page-background-meta":{"desktop":{"background-color":"var(--ast-global-color-4)","background-image":"","background-repeat":"repeat","background-position":"center center","background-size":"auto","background-attachment":"scroll","background-type":"","background-media":"","overlay-type":"","overlay-color":"","overlay-opacity":"","overlay-gradient":""},"tablet":{"background-color":"","background-image":"","background-repeat":"repeat","background-position":"center center","background-size":"auto","background-attachment":"scroll","background-type":"","background-media":"","overlay-type":"","overlay-color":"","overlay-opacity":"","overlay-gradient":""},"mobile":{"background-color":"","background-image":"","background-repeat":"repeat","background-position":"center center","background-size":"auto","background-attachment":"scroll","background-type":"","background-media":"","overlay-type":"","overlay-color":"","overlay-opacity":"","overlay-gradient":""}},"ast-content-background-meta":{"desktop":{"background-color":"var(--ast-global-color-5)","background-image":"","background-repeat":"repeat","background-position":"center center","background-size":"auto","background-attachment":"scroll","background-type":"","background-media":"","overlay-type":"","overlay-color":"","overlay-opacity":"","overlay-gradient":""},"tablet":{"background-color":"var(--ast-global-color-5)","background-image":"","background-repeat":"repeat","background-position":"center center","background-size":"auto","background-attachment":"scroll","background-type":"","background-media":"","overlay-type":"","overlay-color":"","overlay-opacity":"","overlay-gradient":""},"mobile":{"background-color":"var(--ast-global-color-5)","background-image":"","background-repeat":"repeat","background-position":"center center","background-size":"auto","background-attachment":"scroll","background-type":"","background-media":"","overlay-type":"","overlay-color":"","overlay-opacity":"","overlay-gradient":""}},"_joinchat":[]},"product_brand":[],"product_cat":[15,27,25,123,30,26,28,137,136,135],"product_tag":[146,188,200,167,201,202,165,180,120],"class_list":{"0":"post-2670","1":"product","2":"type-product","3":"status-publish","4":"has-post-thumbnail","6":"product_cat-new-vape-this-week","7":"product_cat-fance-hot-sale-vape","8":"product_cat-germany-best-selling-vape","9":"product_cat-italy-wholesale-vape","10":"product_cat-minimum-order-quantity-50pcs","11":"product_cat-netherlands-hot-sale-vape","12":"product_cat-poland-hot-sale-vape","13":"product_cat-rechargeable-vapes","14":"product_cat-smart-screen-vapes","15":"product_cat-spain-best-hot-sale-vape","16":"product_tag-best-hot-sale-vape","17":"product_tag-buy-vapes-online","18":"product_tag-disposable-hookah-wholesale","19":"product_tag-disposable-vape-with-screen","20":"product_tag-elfbar","21":"product_tag-elfbar-pods","22":"product_tag-rechargeable-vapes","23":"product_tag-shisha-bar","24":"product_tag-vape-wholesale","25":"desktop-align-left","26":"tablet-align-left","27":"mobile-align-left","29":"first","30":"instock","31":"sale","32":"shipping-taxable","33":"purchasable","34":"product-type-simple"},"uagb_featured_image_src":{"full":["https:\/\/rmvapesale.com\/wp-content\/uploads\/2024\/11\/Elf-Bar-COMBO-25000-Blackurrant-Raspberry-Grape.jpg",1000,1000,false],"thumbnail":["https:\/\/rmvapesale.com\/wp-content\/uploads\/2024\/11\/Elf-Bar-COMBO-25000-Blackurrant-Raspberry-Grape-150x150.jpg",150,150,true],"medium":["https:\/\/rmvapesale.com\/wp-content\/uploads\/2024\/11\/Elf-Bar-COMBO-25000-Blackurrant-Raspberry-Grape-300x300.jpg",300,300,true],"medium_large":["https:\/\/rmvapesale.com\/wp-content\/uploads\/2024\/11\/Elf-Bar-COMBO-25000-Blackurrant-Raspberry-Grape-768x768.jpg",768,768,true],"large":["https:\/\/rmvapesale.com\/wp-content\/uploads\/2024\/11\/Elf-Bar-COMBO-25000-Blackurrant-Raspberry-Grape.jpg",1000,1000,false],"1536x1536":["https:\/\/rmvapesale.com\/wp-content\/uploads\/2024\/11\/Elf-Bar-COMBO-25000-Blackurrant-Raspberry-Grape.jpg",1000,1000,false],"2048x2048":["https:\/\/rmvapesale.com\/wp-content\/uploads\/2024\/11\/Elf-Bar-COMBO-25000-Blackurrant-Raspberry-Grape.jpg",1000,1000,false],"trp-custom-language-flag":["https:\/\/rmvapesale.com\/wp-content\/uploads\/2024\/11\/Elf-Bar-COMBO-25000-Blackurrant-Raspberry-Grape.jpg",12,12,false],"woocommerce_thumbnail":["https:\/\/rmvapesale.com\/wp-content\/uploads\/2024\/11\/Elf-Bar-COMBO-25000-Blackurrant-Raspberry-Grape-300x300.jpg",300,300,true],"woocommerce_single":["https:\/\/rmvapesale.com\/wp-content\/uploads\/2024\/11\/Elf-Bar-COMBO-25000-Blackurrant-Raspberry-Grape-600x600.jpg",600,600,true],"woocommerce_gallery_thumbnail":["https:\/\/rmvapesale.com\/wp-content\/uploads\/2024\/11\/Elf-Bar-COMBO-25000-Blackurrant-Raspberry-Grape-100x100.jpg",100,100,true],"wcpr-photo-reviews":["https:\/\/rmvapesale.com\/wp-content\/uploads\/2024\/11\/Elf-Bar-COMBO-25000-Blackurrant-Raspberry-Grape.jpg",500,500,false]},"uagb_author_info":{"display_name":"AMY","author_link":"https:\/\/rmvapesale.com\/pt\/author\/"},"uagb_comment_info":0,"uagb_excerpt":"ELFBAR COMBO 25000 Green Apple + Double Apple ELFBAR Vape COMBO 25000 puff Wholesale Factory Price ElfBar Pods COMBO 25000 Bulk Buy 5% Nicotine WhatsApp: +86 17776015835 &nbsp;","_links":{"self":[{"href":"https:\/\/rmvapesale.com\/pt\/wp-json\/wp\/v2\/product\/2670","targetHints":{"allow":["GET"]}}],"collection":[{"href":"https:\/\/rmvapesale.com\/pt\/wp-json\/wp\/v2\/product"}],"about":[{"href":"https:\/\/rmvapesale.com\/pt\/wp-json\/wp\/v2\/types\/product"}],"replies":[{"embeddable":true,"href":"https:\/\/rmvapesale.com\/pt\/wp-json\/wp\/v2\/comments?post=2670"}],"wp:featuredmedia":[{"embeddable":true,"href":"https:\/\/rmvapesale.com\/pt\/wp-json\/wp\/v2\/media\/2662"}],"wp:attachment":[{"href":"https:\/\/rmvapesale.com\/pt\/wp-json\/wp\/v2\/media?parent=2670"}],"wp:term":[{"taxonomy":"product_brand","embeddable":true,"href":"https:\/\/rmvapesale.com\/pt\/wp-json\/wp\/v2\/product_brand?post=2670"},{"taxonomy":"product_cat","embeddable":true,"href":"https:\/\/rmvapesale.com\/pt\/wp-json\/wp\/v2\/product_cat?post=2670"},{"taxonomy":"product_tag","embeddable":true,"href":"https:\/\/rmvapesale.com\/pt\/wp-json\/wp\/v2\/product_tag?post=2670"}],"curies":[{"name":"wp","href":"https:\/\/api.w.org\/{rel}","templated":true}]}}