{"id":2680,"date":"2024-11-06T09:47:09","date_gmt":"2024-11-06T09:47:09","guid":{"rendered":"https:\/\/rmvapesale.com\/?post_type=product&#038;p=2680"},"modified":"2024-11-07T08:24:43","modified_gmt":"2024-11-07T08:24:43","slug":"vopk-ultra-30000-puffs-double-flavor-digital-screen-rechargeable-disposable-vapes","status":"publish","type":"product","link":"https:\/\/rmvapesale.com\/pt\/product\/vopk-ultra-30000-puffs-double-flavor-digital-screen-rechargeable-disposable-vapes\/","title":{"rendered":"VOPK ULTRA 30000 Puffs Vapes Descart\u00e1veis Recarreg\u00e1veis com Ecr\u00e3 Digital de Sabor Duplo"},"content":{"rendered":"<div class=\"B2VR9 CJHX3e\">\n<div class=\"wyccme\">\n<h1 class=\"LC20lb MBeuO DKV0Md\">VOPK ULTRA 30000 Puffs Vapes Descart\u00e1veis Recarreg\u00e1veis com Ecr\u00e3 Digital de Sabor Duplo<\/h1>\n<div class=\"flex-shrink-0 flex flex-col relative items-end\">\n<div class=\"pt-0\">\n<div class=\"gizmo-bot-avatar flex h-8 w-8 items-center justify-center overflow-hidden rounded-full\">\n<div class=\"relative p-1 rounded-sm flex items-center justify-center bg-token-main-surface-primary text-token-text-primary h-8 w-8\">\n<p>O <strong>VOPK ULTRA 30000 Puffs Vapes Descart\u00e1veis Recarreg\u00e1veis com Ecr\u00e3 Digital de Sabor Duplo<\/strong> \u00e9 um dispositivo de vaporiza\u00e7\u00e3o premium concebido para quem procura uma op\u00e7\u00e3o de alto desempenho e uso prolongado. Com uma impressionante <strong>30.000 puffs<\/strong> e uma substancial <strong>Capacidade de e-l\u00edquido de 36ml<\/strong>, este dispositivo garante uma experi\u00eancia de vaporiza\u00e7\u00e3o suave e duradoura. Perfeito tanto para entusiastas como para utilizadores iniciantes, esta <strong>caneta vape descart\u00e1vel<\/strong> foi concebida para oferecer conveni\u00eancia e estilo \u00f3timos.<\/p>\n<p>Equipado com uma <strong>bobina de malha dupla<\/strong> para uma entrega de sabor robusta, o <strong>VOPK Ultra 30000<\/strong> produz nuvens densas e satisfat\u00f3rias que real\u00e7am cada sopro. O integrado <strong>ecr\u00e3 inteligente com ecr\u00e3 t\u00e1til<\/strong> permite aos utilizadores aceder facilmente a informa\u00e7\u00f5es essenciais do dispositivo, permitindo ajustes r\u00e1pidos nos seus dois modos de vaporiza\u00e7\u00e3o dispon\u00edveis para uma experi\u00eancia totalmente personalizada.<\/p>\n<p>O carregamento \u00e9 r\u00e1pido e eficiente gra\u00e7as ao seu <strong>design recarreg\u00e1vel Tipo-C<\/strong> , e com <strong>5% nicotina<\/strong> conte\u00fado, cada baforada proporciona um trago suave e satisfat\u00f3rio que os vapers apreciam. Este dispositivo \u00e9 tamb\u00e9m uma excelente escolha para aqueles que procuram <strong>compra a granel<\/strong> ou explorar <strong>venda por grosso de vapes<\/strong> op\u00e7\u00f5es, atendendo a qualquer pessoa que valorize a qualidade e a acessibilidade nos seus dispositivos de vaporiza\u00e7\u00e3o.<\/p>\n<p>Se est\u00e1 interessado em <strong>marcas populares de vapes descart\u00e1veis<\/strong> ou numa op\u00e7\u00e3o <strong>op\u00e7\u00f5es de vape descart\u00e1vel com baixo teor de nicotina<\/strong> fi\u00e1vel, o <strong>VOPK Ultra 30000<\/strong> oferece uma poderosa combina\u00e7\u00e3o de capacidade, sabor e conveni\u00eancia, tornando-o a melhor escolha para vapers em geral.<\/p>\n<p>&nbsp;<\/p>\n<\/div>\n<\/div>\n<\/div>\n<\/div>\n<\/div>\n<\/div>\n<p><strong>Contacte a Amy para obter a resposta certa e cup\u00e3o de vape!<\/strong><\/p>\n<p><img loading=\"lazy\" decoding=\"async\" class=\"size-full wp-image-1978\" src=\"https:\/\/rmvapesale.com\/wp-content\/uploads\/2024\/09\/Disposable-Vape-Wholesale.jpg\" alt=\"Venda por grosso de vapes descart\u00e1veis\" width=\"229\" height=\"300\" \/><\/p>\n<h3><a href=\"https:\/\/wa.me\/8617776015835\" target=\"_blank\" rel=\"noopener\"><span style=\"color: #ff0000\"><strong>WhatsApp: +86 17776015835<\/strong><\/span><\/a><\/h3>\n<p>&nbsp;<\/p>\n<h2><\/h2>\n<h2><strong>Vapes Descart\u00e1veis Recarreg\u00e1veis com Ecr\u00e3 Digital VOPK ULTRA 30000 <\/strong><strong>Principais Caracter\u00edsticas<\/strong><\/h2>\n<p>Marca: Vopk<br \/>\nNome do Modelo: Vopk Ultra 30000<br \/>\n30.000 Baforadas para uso prolongado<br \/>\n36ML de Capacidade de L\u00edquido para menos recargas e divers\u00e3o mais duradoura<br \/>\nBobina de Malha Dupla para sabor intenso e nuvens espessas<br \/>\nEcr\u00e3 Inteligente com Ecr\u00e3 T\u00e1til para f\u00e1cil acesso \u00e0s configura\u00e7\u00f5es do dispositivo<br \/>\nDois Modos para personalizar a sua experi\u00eancia de vaporiza\u00e7\u00e3o<br \/>\nRecarreg\u00e1vel Tipo-C para carregamento r\u00e1pido e eficiente<br \/>\n5% de Nicotina para um trago satisfat\u00f3rio em cada baforada<\/p>\n<p>&nbsp;<\/p>\n<h2><strong>Melhor sabor para Vapes Descart\u00e1veis Recarreg\u00e1veis com Ecr\u00e3 Digital VOPK ULTRA 30000<\/strong><\/h2>\n<p>1.Morango Melancia + Kiwi Maracuj\u00e1 Goiaba <span style=\"color: #ff0000\"><strong>&gt;&gt;&gt;&gt; Quente!<\/strong><\/span><br \/>\n2.Mirtilo Framboesa + P\u00eassego Manga Melancia<br \/>\n3.Urso de Goma Framboesa Azul + Morango Kiwi <span style=\"color: #ff0000\"><strong>&gt;&gt;&gt;&gt; Quente!<\/strong><\/span><br \/>\n4.Cereja Framboesa Azul + Morango Framboesa<br \/>\n5.Lim\u00e3o Gasoso<br \/>\n6.Melancia Gelada + Framboesa Azul Gelada <span style=\"color: #ff0000\"><strong>&gt;&gt;&gt;&gt; O Melhor!<\/strong><\/span><br \/>\n7.Anan\u00e1s Framboesa Azul + Manga Tripla<br \/>\n8.Explos\u00e3o de Uva Silvestre + P\u00eara Ma\u00e7\u00e3 Framboesa<br \/>\n9.Morango Arando Cereja + Anan\u00e1s Maracuj\u00e1 Lima<br \/>\n10.Mirtilo Morango Mentol + Mirtilo Framboesa Mentol<\/p>\n<p>&nbsp;<\/p>\n<figure id=\"attachment_2687\" aria-describedby=\"caption-attachment-2687\" style=\"width: 1000px\" class=\"wp-caption alignnone\"><img loading=\"lazy\" decoding=\"async\" class=\"wp-image-2687 size-full\" src=\"https:\/\/rmvapesale.com\/wp-content\/uploads\/2024\/11\/VOPK-ULTRA-30000-Puffs-Digital-ScreenRechargeable-Disposable-Vapes.jpg\" alt=\"VOPK ULTRA 30000 Puffs Vapes Descart\u00e1veis Recarreg\u00e1veis com Ecr\u00e3 Digital\" width=\"1000\" height=\"1000\" srcset=\"https:\/\/rmvapesale.com\/wp-content\/uploads\/2024\/11\/VOPK-ULTRA-30000-Puffs-Digital-ScreenRechargeable-Disposable-Vapes.jpg 1000w, https:\/\/rmvapesale.com\/wp-content\/uploads\/2024\/11\/VOPK-ULTRA-30000-Puffs-Digital-ScreenRechargeable-Disposable-Vapes-300x300.jpg 300w, https:\/\/rmvapesale.com\/wp-content\/uploads\/2024\/11\/VOPK-ULTRA-30000-Puffs-Digital-ScreenRechargeable-Disposable-Vapes-150x150.jpg 150w, https:\/\/rmvapesale.com\/wp-content\/uploads\/2024\/11\/VOPK-ULTRA-30000-Puffs-Digital-ScreenRechargeable-Disposable-Vapes-768x768.jpg 768w, https:\/\/rmvapesale.com\/wp-content\/uploads\/2024\/11\/VOPK-ULTRA-30000-Puffs-Digital-ScreenRechargeable-Disposable-Vapes-600x600.jpg 600w, https:\/\/rmvapesale.com\/wp-content\/uploads\/2024\/11\/VOPK-ULTRA-30000-Puffs-Digital-ScreenRechargeable-Disposable-Vapes-100x100.jpg 100w\" sizes=\"auto, (max-width: 1000px) 100vw, 1000px\" \/><figcaption id=\"caption-attachment-2687\" class=\"wp-caption-text\">VOPK ULTRA 30000 Puffs Vapes Descart\u00e1veis Recarreg\u00e1veis com Ecr\u00e3 Digital<\/figcaption><\/figure>\n<h3><strong>Porqu\u00ea Escolher a Rmvapesale para VOPK <\/strong><strong>V Descart\u00e1vel<\/strong><strong>Venda por grosso de vapes<\/strong><strong>?<\/strong><\/h3>\n<div class=\"flex-shrink-0 flex flex-col relative items-end\">\n<div class=\"pt-0\">\n<div class=\"gizmo-bot-avatar flex h-8 w-8 items-center justify-center overflow-hidden rounded-full\">\n<div class=\"relative p-1 rounded-sm flex items-center justify-center bg-token-main-surface-primary text-token-text-primary h-8 w-8\">\n<p>Bem-vindo \u00e0 Rmvapesale, a sua loja de vape de confian\u00e7a para vapes descart\u00e1veis premium. Com mais de 5 anos de experi\u00eancia, trazemos-lhe marcas populares de vapes descart\u00e1veis como Al Fakher, <a href=\"https:\/\/rmvapesale.com\/pt\/product\/vapme-crystal-7000-puffs-rechargeable-disposable-vape-price\/\">Vapme<\/a>, <a href=\"https:\/\/rmvapesale.com\/pt\/product-category\/bang-vapes\/\">Bang Vape<\/a>, Waspe, <a href=\"https:\/\/rmvapesale.com\/pt\/product\/wga-crystal-pro-max-extra-15k-puffs-disposable-vape-wholesale\/\">WGA<\/a> Vape e<a href=\"https:\/\/rmvapesale.com\/pt\/product-category\/randm-fumot-vape\/\"> RandM Vape<\/a>.<\/p>\n<p>A nossa gama inclui vapes de venda quente como o <a href=\"https:\/\/rmvapesale.com\/pt\/product\/fumot-digital-box-12000-disposable-vape-pink-lemonade-flavor\/\">RandM 12k<\/a> e op\u00e7\u00f5es ricas em sabor como o <a href=\"https:\/\/rmvapesale.com\/pt\/product\/elfbar-combo-25000-puffs-rechargeable-disposable-vape-wholesale\/\">ELFBAR Combo 25000 Puff<\/a>. Cada produto \u00e9 escolhido com foco na qualidade, valor e variedade, garantindo que encontre a combina\u00e7\u00e3o perfeita para as suas necessidades. Descubra um servi\u00e7o excecional e uma vasta gama de produtos de topo na Rmvapesale.<\/p>\n<\/div>\n<h3><\/h3>\n<div class=\"relative p-1 rounded-sm flex items-center justify-center bg-token-main-surface-primary text-token-text-primary h-8 w-8\">\n<h3><b>VOPK 30000 Ecr\u00e3 Digital Recarreg\u00e1vel Vapes Descart\u00e1veis FAQs<\/b><\/h3>\n<\/div>\n<p><strong>P: Como sei quando o meu Vape Descart\u00e1vel Recarreg\u00e1vel com Ecr\u00e3 Digital VOPK ULTRA 30000 est\u00e1 vazio?<\/strong><br \/>\nO VOPK ULTRA 30000 possui um ecr\u00e3 digital inteligente que mostra o n\u00edvel de l\u00edquido, facilitando a visualiza\u00e7\u00e3o de quando o seu vape est\u00e1 a acabar. Quando o ecr\u00e3 de l\u00edquido mostra que est\u00e1 quase vazio ou nota uma diminui\u00e7\u00e3o na qualidade do vapor e do sabor, \u00e9 hora de substituir o dispositivo.<\/p>\n<p><strong>P: Quanto tempo demora a carregar um Vape VOPK ULTRA 30000 Puffs?<\/strong><br \/>\nO VOPK ULTRA 30000 foi concebido com carregamento r\u00e1pido Tipo-C, o que permite que carregue completamente em aproximadamente 1-1,5 horas.<\/p>\n<p><strong>P: Quanta nicotina existe num Vape Descart\u00e1vel VOPK ULTRA 30000 Puffs?<\/strong><br \/>\nEste vape cont\u00e9m 5% (50mg) de nicotina, proporcionando uma tragada suave e satisfat\u00f3ria a cada baforada.<\/p>\n<p><strong>P: Onde posso comprar Vapes Descart\u00e1veis Recarreg\u00e1veis VOPK ULTRA 30000 a pre\u00e7o de revenda?<\/strong><br \/>\nPara compras em grandes quantidades e pre\u00e7os de revenda, muitos fornecedores de vape oferecem o VOPK ULTRA 30000. Pode consultar lojas online de revenda de vapes ou contactar <strong>distribuidores de vapes<\/strong> para os melhores pre\u00e7os.<\/p>\n<p><strong>P: Posso levar um vape descart\u00e1vel recarreg\u00e1vel num avi\u00e3o?<\/strong><br \/>\nSim, pode levar vapes descart\u00e1veis recarreg\u00e1veis como o VOPK ULTRA 30000 num avi\u00e3o, mas deve ser embalado na sua bagagem de m\u00e3o, pois as baterias de l\u00edtio geralmente n\u00e3o s\u00e3o permitidas na bagagem de por\u00e3o. Certifique-se de verificar as pol\u00edticas espec\u00edficas da companhia a\u00e9rea, pois estas podem variar.<\/p>\n<p><strong>P: Quantas baforadas o Vape Descart\u00e1vel Recarreg\u00e1vel com Ecr\u00e3 Digital VOPK 30000 proporciona?<\/strong><br \/>\nO VOPK 30000 oferece uma capacidade de longa dura\u00e7\u00e3o de at\u00e9 <strong>30.000 puffs<\/strong>.<\/p>\n<p><strong>P: Quanto tempo demora a carregar completamente o vape VOPK 30000?<\/strong><br \/>\nCom o seu carregamento Tipo-C, o VOPK 30000 atinge tipicamente uma carga completa em <strong>1-1,5 horas<\/strong>.<\/p>\n<\/div>\n<\/div>\n<\/div>\n<h3>Sobre o Envio<\/h3>\n<div class=\"flex-shrink-0 flex flex-col relative items-end\">\n<div>\n<div class=\"pt-0\">\n<div class=\"gizmo-bot-avatar flex h-8 w-8 items-center justify-center overflow-hidden rounded-full\">\n<div><\/div>\n<div class=\"relative p-1 rounded-sm flex items-center justify-center bg-token-main-surface-primary text-token-text-primary h-8 w-8\"><strong>1. Que m\u00e9todos de envio s\u00e3o usados?<\/strong><\/div>\n<\/div>\n<\/div>\n<\/div>\n<\/div>\n<div class=\"group\/conversation-turn relative flex w-full min-w-0 flex-col agent-turn\">\n<div class=\"flex-col gap-1 md:gap-3\">\n<div class=\"flex max-w-full flex-col flex-grow\">\n<div class=\"min-h-[20px] text-message flex w-full flex-col items-end gap-2 whitespace-normal break-words [.text-message+&amp;]:mt-5 overflow-x-auto\" dir=\"auto\" data-message-author-role=\"assistant\" data-message-id=\"22f8283b-3233-46ff-89a5-c7a41b33abda\">\n<div class=\"flex w-full flex-col gap-1 empty:hidden first:pt-[3px]\">\n<div class=\"markdown prose w-full break-words dark:prose-invert light\">\n<p>Fazemos parceria com a UPS, DHL, FedEx, DPD e outras transportadoras l\u00edderes. Selecionaremos o melhor m\u00e9todo de envio com base na sua localiza\u00e7\u00e3o de entrega para garantir que receba os seus produtos o mais r\u00e1pido poss\u00edvel.<\/p>\n<\/div>\n<p><strong>2. Quanto tempo demora a chegar?<\/strong><\/p>\n<p>As encomendas enviadas para Portugal geralmente chegam dentro de 10 dias \u00fateis. O envio para pa\u00edses europeus demora geralmente cerca de 12-15 dias \u00fateis. Forneceremos atualiza\u00e7\u00f5es em tempo real sobre o estado do seu envio.<\/p>\n<\/div>\n<\/div>\n<\/div>\n<\/div>\n<\/div>\n<p>&nbsp;<\/p>\n<p>Encontre mais produtos de vape que talvez goste:<strong><em><a href=\"https:\/\/rmvapesale.com\/pt\/shop-2\/\">comprar agora &gt;&gt;&gt;<\/a><\/em><\/strong><\/p>","protected":false},"excerpt":{"rendered":"<p>VOPK ULTRA 30000 Puffs Sabores Duplos Ecr\u00e3 Digital Vapes Descart\u00e1veis com Baixo Teor de Nicotina<br \/>\nVOPK 30000 Puffs Compra a Granel Atacado Pods Vapes Descart\u00e1veis Recarreg\u00e1veis<br \/>\nVOPK ULTRA 30000 Puffs Caneta Vapes Descart\u00e1veis de Sabores Duplos<\/p>\n<p><img loading=\"lazy\" decoding=\"async\" class=\"size-full wp-image-2375\" src=\"https:\/\/rmvapesale.com\/wp-content\/uploads\/2024\/10\/image.png\" alt=\"Melhor Vape Descart\u00e1vel\" width=\"229\" height=\"300\" \/><\/p>\n<h3><a href=\"https:\/\/wa.me\/8617776015835\"><span style=\"color: #ff0000\"><strong>WhatsApp: +86 17776015835<\/strong><\/span><\/a><\/h3>\n<p>&nbsp;<\/p>","protected":false},"featured_media":2682,"comment_status":"open","ping_status":"closed","template":"","meta":{"_uag_custom_page_level_css":"","_lmt_disableupdate":"no","_lmt_disable":"","site-sidebar-layout":"default","site-content-layout":"content-boxed-container","ast-site-content-layout":"normal-width-container","site-content-style":"boxed","site-sidebar-style":"unboxed","ast-global-header-display":"","ast-banner-title-visibility":"","ast-main-header-display":"","ast-hfb-above-header-display":"","ast-hfb-below-header-display":"","ast-hfb-mobile-header-display":"","site-post-title":"","ast-breadcrumbs-content":"","ast-featured-img":"","footer-sml-layout":"","theme-transparent-header-meta":"default","adv-header-id-meta":"","stick-header-meta":"","header-above-stick-meta":"","header-main-stick-meta":"","header-below-stick-meta":"","astra-migrate-meta-layouts":"set","ast-page-background-enabled":"default","ast-page-background-meta":{"desktop":{"background-color":"var(--ast-global-color-4)","background-image":"","background-repeat":"repeat","background-position":"center center","background-size":"auto","background-attachment":"scroll","background-type":"","background-media":"","overlay-type":"","overlay-color":"","overlay-opacity":"","overlay-gradient":""},"tablet":{"background-color":"","background-image":"","background-repeat":"repeat","background-position":"center center","background-size":"auto","background-attachment":"scroll","background-type":"","background-media":"","overlay-type":"","overlay-color":"","overlay-opacity":"","overlay-gradient":""},"mobile":{"background-color":"","background-image":"","background-repeat":"repeat","background-position":"center center","background-size":"auto","background-attachment":"scroll","background-type":"","background-media":"","overlay-type":"","overlay-color":"","overlay-opacity":"","overlay-gradient":""}},"ast-content-background-meta":{"desktop":{"background-color":"var(--ast-global-color-5)","background-image":"","background-repeat":"repeat","background-position":"center center","background-size":"auto","background-attachment":"scroll","background-type":"","background-media":"","overlay-type":"","overlay-color":"","overlay-opacity":"","overlay-gradient":""},"tablet":{"background-color":"var(--ast-global-color-5)","background-image":"","background-repeat":"repeat","background-position":"center center","background-size":"auto","background-attachment":"scroll","background-type":"","background-media":"","overlay-type":"","overlay-color":"","overlay-opacity":"","overlay-gradient":""},"mobile":{"background-color":"var(--ast-global-color-5)","background-image":"","background-repeat":"repeat","background-position":"center center","background-size":"auto","background-attachment":"scroll","background-type":"","background-media":"","overlay-type":"","overlay-color":"","overlay-opacity":"","overlay-gradient":""}},"_joinchat":[]},"product_brand":[],"product_cat":[15,25,123,26,28,135,27,137,136,30],"product_tag":[146,188,200,167,127,180,120],"class_list":{"0":"post-2680","1":"product","2":"type-product","3":"status-publish","4":"has-post-thumbnail","6":"product_cat-new-vape-this-week","7":"product_cat-germany-best-selling-vape","8":"product_cat-italy-wholesale-vape","9":"product_cat-netherlands-hot-sale-vape","10":"product_cat-poland-hot-sale-vape","11":"product_cat-spain-best-hot-sale-vape","12":"product_cat-fance-hot-sale-vape","13":"product_cat-rechargeable-vapes","14":"product_cat-smart-screen-vapes","15":"product_cat-minimum-order-quantity-50pcs","16":"product_tag-best-hot-sale-vape","17":"product_tag-buy-vapes-online","18":"product_tag-disposable-hookah-wholesale","19":"product_tag-disposable-vape-with-screen","20":"product_tag-puff-30k","21":"product_tag-shisha-bar","22":"product_tag-vape-wholesale","23":"desktop-align-left","24":"tablet-align-left","25":"mobile-align-left","27":"first","28":"instock","29":"sale","30":"shipping-taxable","31":"purchasable","32":"product-type-simple"},"uagb_featured_image_src":{"full":["https:\/\/rmvapesale.com\/wp-content\/uploads\/2024\/11\/VOPK-ULTRA-30000-Double-Flavor-Digital-Disposable-Vapes-Pen-Wholesale.jpg",800,800,false],"thumbnail":["https:\/\/rmvapesale.com\/wp-content\/uploads\/2024\/11\/VOPK-ULTRA-30000-Double-Flavor-Digital-Disposable-Vapes-Pen-Wholesale-150x150.jpg",150,150,true],"medium":["https:\/\/rmvapesale.com\/wp-content\/uploads\/2024\/11\/VOPK-ULTRA-30000-Double-Flavor-Digital-Disposable-Vapes-Pen-Wholesale-300x300.jpg",300,300,true],"medium_large":["https:\/\/rmvapesale.com\/wp-content\/uploads\/2024\/11\/VOPK-ULTRA-30000-Double-Flavor-Digital-Disposable-Vapes-Pen-Wholesale-768x768.jpg",768,768,true],"large":["https:\/\/rmvapesale.com\/wp-content\/uploads\/2024\/11\/VOPK-ULTRA-30000-Double-Flavor-Digital-Disposable-Vapes-Pen-Wholesale.jpg",800,800,false],"1536x1536":["https:\/\/rmvapesale.com\/wp-content\/uploads\/2024\/11\/VOPK-ULTRA-30000-Double-Flavor-Digital-Disposable-Vapes-Pen-Wholesale.jpg",800,800,false],"2048x2048":["https:\/\/rmvapesale.com\/wp-content\/uploads\/2024\/11\/VOPK-ULTRA-30000-Double-Flavor-Digital-Disposable-Vapes-Pen-Wholesale.jpg",800,800,false],"trp-custom-language-flag":["https:\/\/rmvapesale.com\/wp-content\/uploads\/2024\/11\/VOPK-ULTRA-30000-Double-Flavor-Digital-Disposable-Vapes-Pen-Wholesale.jpg",12,12,false],"woocommerce_thumbnail":["https:\/\/rmvapesale.com\/wp-content\/uploads\/2024\/11\/VOPK-ULTRA-30000-Double-Flavor-Digital-Disposable-Vapes-Pen-Wholesale-300x300.jpg",300,300,true],"woocommerce_single":["https:\/\/rmvapesale.com\/wp-content\/uploads\/2024\/11\/VOPK-ULTRA-30000-Double-Flavor-Digital-Disposable-Vapes-Pen-Wholesale-600x600.jpg",600,600,true],"woocommerce_gallery_thumbnail":["https:\/\/rmvapesale.com\/wp-content\/uploads\/2024\/11\/VOPK-ULTRA-30000-Double-Flavor-Digital-Disposable-Vapes-Pen-Wholesale-100x100.jpg",100,100,true],"wcpr-photo-reviews":["https:\/\/rmvapesale.com\/wp-content\/uploads\/2024\/11\/VOPK-ULTRA-30000-Double-Flavor-Digital-Disposable-Vapes-Pen-Wholesale.jpg",500,500,false]},"uagb_author_info":{"display_name":"AMY","author_link":"https:\/\/rmvapesale.com\/pt\/author\/"},"uagb_comment_info":0,"uagb_excerpt":"VOPK ULTRA 30000 Puffs Double Flavor Digital Screen Low Nicotine Disposable Vapes VOPK 30000 Puffs Bulk Buy Wholesale Rechargeable Disposable Vapes Pod VOPK ULTRA 30000 Puffs Double Flavor Disposable Vapes Pen WhatsApp: +86 17776015835 &nbsp;","_links":{"self":[{"href":"https:\/\/rmvapesale.com\/pt\/wp-json\/wp\/v2\/product\/2680","targetHints":{"allow":["GET"]}}],"collection":[{"href":"https:\/\/rmvapesale.com\/pt\/wp-json\/wp\/v2\/product"}],"about":[{"href":"https:\/\/rmvapesale.com\/pt\/wp-json\/wp\/v2\/types\/product"}],"replies":[{"embeddable":true,"href":"https:\/\/rmvapesale.com\/pt\/wp-json\/wp\/v2\/comments?post=2680"}],"wp:featuredmedia":[{"embeddable":true,"href":"https:\/\/rmvapesale.com\/pt\/wp-json\/wp\/v2\/media\/2682"}],"wp:attachment":[{"href":"https:\/\/rmvapesale.com\/pt\/wp-json\/wp\/v2\/media?parent=2680"}],"wp:term":[{"taxonomy":"product_brand","embeddable":true,"href":"https:\/\/rmvapesale.com\/pt\/wp-json\/wp\/v2\/product_brand?post=2680"},{"taxonomy":"product_cat","embeddable":true,"href":"https:\/\/rmvapesale.com\/pt\/wp-json\/wp\/v2\/product_cat?post=2680"},{"taxonomy":"product_tag","embeddable":true,"href":"https:\/\/rmvapesale.com\/pt\/wp-json\/wp\/v2\/product_tag?post=2680"}],"curies":[{"name":"wp","href":"https:\/\/api.w.org\/{rel}","templated":true}]}}