{"id":2695,"date":"2024-11-07T09:50:56","date_gmt":"2024-11-07T09:50:56","guid":{"rendered":"https:\/\/rmvapesale.com\/?post_type=product&#038;p=2695"},"modified":"2024-11-08T03:15:20","modified_gmt":"2024-11-08T03:15:20","slug":"jnr-mediamax-40000-smart-vape-phone-call-rechargeable-disposable-wholesale","status":"publish","type":"product","link":"https:\/\/rmvapesale.com\/pt\/product\/jnr-mediamax-40000-smart-vape-phone-call-rechargeable-disposable-wholesale\/","title":{"rendered":"JNR MediaMax 40000 Smart Vape Chamada Telef\u00f3nica Recarreg\u00e1vel Descart\u00e1vel Grossista"},"content":{"rendered":"<div class=\"B2VR9 CJHX3e\">\n<div class=\"wyccme\">\n<h1 class=\"LC20lb MBeuO DKV0Md\">JNR MediaMax 40000 Smart Vape Chamada Telef\u00f3nica Recarreg\u00e1vel Descart\u00e1vel Grossista<\/h1>\n<div class=\"flex-shrink-0 flex flex-col relative items-end\">\n<div class=\"pt-0\">\n<div class=\"gizmo-bot-avatar flex h-8 w-8 items-center justify-center overflow-hidden rounded-full\">\n<div class=\"relative p-1 rounded-sm flex items-center justify-center bg-token-main-surface-primary text-token-text-primary h-8 w-8\">\n<p>O JNR MediaMax 40000 Smart Vape est\u00e1 a revolucionar o mundo do vaping com uma combina\u00e7\u00e3o \u00fanica de tecnologia de ponta e recursos de alto desempenho. Conhecido como o primeiro <strong>vape descart\u00e1vel de 40.000 baforadas<\/strong> equipado com fun\u00e7\u00e3o de chamada de telem\u00f3vel, este dispositivo oferece uns impressionantes <strong>21ml de e-l\u00edquido pr\u00e9-carregado<\/strong> e um <strong>bateria recarreg\u00e1vel de 1000mAh<\/strong> para o manter a 'vapar' por mais tempo com recargas m\u00ednimas.<\/p>\n<p>Com dois modos de 'vaping' -<strong>Modo Regular<\/strong> para at\u00e9 40.000 baforadas e <strong>Modo Pulse<\/strong> para 20.000 baforadas - o JNR MediaMax 400000 <strong>cigarro eletr\u00f3nico<\/strong> oferece versatilidade e controlo excecionais. O <strong>ecr\u00e3 t\u00e1til HD de 2.4 polegadas<\/strong> facilita a utiliza\u00e7\u00e3o, permitindo-lhe monitorizar a vida \u00fatil da bateria, os n\u00edveis de e-l\u00edquido e as configura\u00e7\u00f5es do dispositivo em tempo real.<\/p>\n<p>Levando o 'vaping' inteligente um passo adiante, este vape inclui <strong>notifica\u00e7\u00f5es de chamadas e mensagens<\/strong>, controlo remoto da c\u00e2mara, uma <strong>fun\u00e7\u00e3o de 'encontrar o seu telem\u00f3vel'<\/strong>, e um <strong>modo de bloqueio<\/strong> para garantir privacidade e seguran\u00e7a. Projetado para <strong>vaping MTL (Mouth-to-Lung)<\/strong>, este dispositivo tamb\u00e9m oferece um 'hit' satisfat\u00f3rio com <strong>5% (50mg) de concentra\u00e7\u00e3o de nicotina<\/strong>.<\/p>\n<p>Com o seu design elegante, conveni\u00eancia e <strong>funcionalidades de smartphone<\/strong>, o JNR MediaMax 40K eleva a fasquia para os <strong>vapes descart\u00e1veis<\/strong>. Ideal para quem procura combinar tecnologia inovadora com a experi\u00eancia de vape tradicional, o JNR MediaMax 40000 est\u00e1 dispon\u00edvel para <strong>compra a granel<\/strong> e <strong>por grosso<\/strong> encomendas para satisfazer todas as suas necessidades. Descubra o <strong>vape inteligente<\/strong> JNR MediaMax hoje e redefina a sua experi\u00eancia de vaping.<\/p>\n<p>&nbsp;<\/p>\n<\/div>\n<\/div>\n<\/div>\n<\/div>\n<\/div>\n<\/div>\n<p><strong>Contacte a Amy para obter a resposta certa e cup\u00e3o de vape!<\/strong><\/p>\n<p><img loading=\"lazy\" decoding=\"async\" class=\"size-full wp-image-1978\" src=\"https:\/\/rmvapesale.com\/wp-content\/uploads\/2024\/09\/Disposable-Vape-Wholesale.jpg\" alt=\"Venda por grosso de vapes descart\u00e1veis\" width=\"229\" height=\"300\" \/><\/p>\n<h3><a href=\"https:\/\/wa.me\/8617776015835\" target=\"_blank\" rel=\"noopener\"><span style=\"color: #ff0000\"><strong>WhatsApp: +86 17776015835<\/strong><\/span><\/a><\/h3>\n<p>&nbsp;<\/p>\n<h2><\/h2>\n<h2><strong>JNR MediaMax 40000 Vapes Descart\u00e1veis Inteligentes e Recarreg\u00e1veis <\/strong><strong>Principais Caracter\u00edsticas<\/strong><\/h2>\n<p>Marca: JNR Vape<br \/>\nO Primeiro Kit Descart\u00e1vel de 40K do Mundo com Fun\u00e7\u00f5es de Smartphone<br \/>\nL\u00edquido: 21ml de E-l\u00edquido Pr\u00e9-carregado<br \/>\nNicotina: 5% (50mg) de Teor de Nicotina<br \/>\nBateria: Bateria Recarreg\u00e1vel de 1000mAh<br \/>\nModo Normal\/Pulso: 40000 Puffs para o Modo Normal\/20000 Puffs para o Modo de Pulso<br \/>\nEcr\u00e3 T\u00e1til HD de 2.4 polegadas<br \/>\nFun\u00e7\u00f5es de Chamada e Texto: Chamada<br \/>\nC\u00e2mara Remota: Controlo de C\u00e2mara Remota<br \/>\nFun\u00e7\u00e3o 'Encontrar o Meu Telem\u00f3vel'<br \/>\nModo de Bloqueio<br \/>\nMTL Vaping<\/p>\n<p>&nbsp;<\/p>\n<h2><strong>Melhor sabor para o JNR MediaMax 40000 Smart Phone Vapes Descart\u00e1veis<\/strong><\/h2>\n<p>1.Blue Razz Gelo <span style=\"color: #ff0000\"><strong>&gt;&gt;&gt;&gt; Quente!<\/strong><\/span><br \/>\n2.Morango Gelo<br \/>\n3.Melancia Gelo<br \/>\n4. Menta Miami<br \/>\n5.Ma\u00e7\u00e3 Azeda Gelo<br \/>\n6.Mirtilo Melancia <span style=\"color: #ff0000\"><strong>&gt;&gt;&gt;&gt; Quente!<\/strong><\/span><br \/>\n7. Fcuking Fab<br \/>\n8.Cereja morango framboesa <span style=\"color: #ff0000\"><strong>&gt;&gt;&gt;&gt; O Melhor!<\/strong><\/span><br \/>\n9.P\u00eassego, Manga e Melancia<br \/>\n10.Morango Banana<\/p>\n<figure id=\"attachment_2689\" aria-describedby=\"caption-attachment-2689\" style=\"width: 800px\" class=\"wp-caption alignnone\"><img loading=\"lazy\" decoding=\"async\" class=\"wp-image-2689 size-full\" src=\"https:\/\/rmvapesale.com\/wp-content\/uploads\/2024\/11\/JNR-Mediamax-40000-Best-Vape-2024.jpg\" alt=\"JNR Mediamax 40000 Melhor Vape 2024\" width=\"800\" height=\"800\" srcset=\"https:\/\/rmvapesale.com\/wp-content\/uploads\/2024\/11\/JNR-Mediamax-40000-Best-Vape-2024.jpg 800w, https:\/\/rmvapesale.com\/wp-content\/uploads\/2024\/11\/JNR-Mediamax-40000-Best-Vape-2024-300x300.jpg 300w, https:\/\/rmvapesale.com\/wp-content\/uploads\/2024\/11\/JNR-Mediamax-40000-Best-Vape-2024-150x150.jpg 150w, https:\/\/rmvapesale.com\/wp-content\/uploads\/2024\/11\/JNR-Mediamax-40000-Best-Vape-2024-768x768.jpg 768w, https:\/\/rmvapesale.com\/wp-content\/uploads\/2024\/11\/JNR-Mediamax-40000-Best-Vape-2024-600x600.jpg 600w, https:\/\/rmvapesale.com\/wp-content\/uploads\/2024\/11\/JNR-Mediamax-40000-Best-Vape-2024-100x100.jpg 100w\" sizes=\"auto, (max-width: 800px) 100vw, 800px\" \/><figcaption id=\"caption-attachment-2689\" class=\"wp-caption-text\">JNR Mediamax 40000 Melhor Vape 2024<\/figcaption><\/figure>\n<h3><strong>Por que escolher Rmvapesale para JNR MediaMax 40000 Smart<\/strong><strong>\u00a0V<\/strong><strong>Venda por grosso de vapes<\/strong><strong>?<\/strong><\/h3>\n<div class=\"flex-shrink-0 flex flex-col relative items-end\">\n<div class=\"pt-0\">\n<div class=\"gizmo-bot-avatar flex h-8 w-8 items-center justify-center overflow-hidden rounded-full\">\n<div class=\"relative p-1 rounded-sm flex items-center justify-center bg-token-main-surface-primary text-token-text-primary h-8 w-8\">\n<p>Bem-vindo \u00e0 Rmvapesale, a sua loja de vape de confian\u00e7a para vapes descart\u00e1veis premium. Com mais de 5 anos de experi\u00eancia, trazemos-lhe marcas populares de vapes descart\u00e1veis como Al Fakher, <a href=\"https:\/\/rmvapesale.com\/pt\/product\/vapme-crystal-7000-puffs-rechargeable-disposable-vape-price\/\">Vapme<\/a>, <a href=\"https:\/\/rmvapesale.com\/pt\/product-category\/bang-vapes\/\">Bang Vape<\/a>, Waspe, <a href=\"https:\/\/rmvapesale.com\/pt\/product\/wga-crystal-pro-max-extra-15k-puffs-disposable-vape-wholesale\/\">WGA<\/a> Vape e<a href=\"https:\/\/rmvapesale.com\/pt\/product-category\/randm-fumot-vape\/\"> RandM Vape<\/a>.<\/p>\n<p>A nossa gama inclui vapes de venda quente como o <a href=\"https:\/\/rmvapesale.com\/pt\/product\/fumot-digital-box-12000-disposable-vape-pink-lemonade-flavor\/\">RandM 12k<\/a> e op\u00e7\u00f5es ricas em sabor como o <a href=\"https:\/\/rmvapesale.com\/pt\/product\/elfbar-combo-25000-puffs-rechargeable-disposable-vape-wholesale\/\">ELFBAR Combo 25000 Puff<\/a>. Cada produto \u00e9 escolhido com foco na qualidade, valor e variedade, garantindo que encontre a combina\u00e7\u00e3o perfeita para as suas necessidades. Descubra um servi\u00e7o excecional e uma vasta gama de produtos de topo na Rmvapesale.<\/p>\n<\/div>\n<h3><\/h3>\n<div class=\"relative p-1 rounded-sm flex items-center justify-center bg-token-main-surface-primary text-token-text-primary h-8 w-8\">\n<h3><b>JNR MediaMax 40000 Ecr\u00e3 Digital Vape Descart\u00e1vel Recarreg\u00e1vel FAQS<\/b><\/h3>\n<p>&nbsp;<\/p>\n<\/div>\n<div class=\"flex max-w-full flex-col flex-grow\">\n<div class=\"min-h-8 text-message flex w-full flex-col items-end gap-2 whitespace-normal break-words [.text-message+&amp;]:mt-5\" dir=\"auto\" data-message-author-role=\"assistant\" data-message-id=\"97cb2f27-e2e6-4ecb-a3cc-49b64fba0d8b\" data-message-model-slug=\"gpt-4o\">\n<div class=\"flex w-full flex-col gap-1 empty:hidden first:pt-[3px]\">\n<div class=\"markdown prose w-full break-words dark:prose-invert light\">\n<ol>\n<li><strong>Como sei quando o meu JNR MediaMax 40000 Smart Vape est\u00e1 vazio?<\/strong><br \/>\nO <strong>ecr\u00e3 t\u00e1til HD de 2.4 polegadas<\/strong> no seu JNR MediaMax 40000 Smart Vape, ir\u00e1 mostrar o n\u00edvel de e-l\u00edquido, tornando f\u00e1cil saber quando est\u00e1 a acabar ou vazio.<\/li>\n<li><strong>Quanto tempo demora a carregar um JNR MediaMax 40000 Smart Vape Recarreg\u00e1vel?<\/strong><br \/>\nO JNR MediaMax 40000 possui <strong>carregamento r\u00e1pido Tipo-C<\/strong> e atinge a carga completa em aproximadamente <strong>uma hora<\/strong>.<\/li>\n<li><strong>Quanta nicotina tem um JNR MediaMax 40000 Smart Vape Descart\u00e1vel?<\/strong><br \/>\nEste dispositivo foi concebido com uma <strong>5% (50mg) de concentra\u00e7\u00e3o de nicotina<\/strong> para proporcionar uma experi\u00eancia de vape satisfat\u00f3ria.<\/li>\n<li><strong>Onde posso comprar Vapes JNR 40000 Puffs a pre\u00e7o de atacado?<\/strong><br \/>\nO JNR MediaMax 40000 est\u00e1 dispon\u00edvel para <strong>encomendas de atacado e a granel<\/strong> atrav\u00e9s de fornecedores de vape autorizados e lojas de atacado de vape online.<\/li>\n<li><strong>P: Posso levar um vape descart\u00e1vel recarreg\u00e1vel num avi\u00e3o?<\/strong><br \/>\nSim, pode levar um vape descart\u00e1vel recarreg\u00e1vel como o JNR MediaMax 40000 na sua bagagem de m\u00e3o, mas \u00e9 importante verificar os regulamentos das companhias a\u00e9reas e locais para quaisquer restri\u00e7\u00f5es espec\u00edficas. Certifique-se de mant\u00ea-lo desligado durante o voo.<\/li>\n<li><strong>Quantas tragadas o JNR MediaMax 40000 Smart Vape oferece?<\/strong><br \/>\nO JNR MediaMax oferece <strong>at\u00e9 40.000 inala\u00e7\u00f5es<\/strong> em Modo Normal e <strong>20.000 inala\u00e7\u00f5es em Modo de Pulso<\/strong> para uma experi\u00eancia vers\u00e1til e duradoura.<\/li>\n<li><strong>Quanto tempo leva para carregar o vaporizador JNR MediaMax 40000 completamente?<\/strong><br \/>\nO <strong>bateria recarreg\u00e1vel de 1000mAh<\/strong> atinge uma carga completa em cerca de <strong>uma hora<\/strong> com a sua eficiente tecnologia de carregamento Tipo-C.<\/li>\n<\/ol>\n<\/div>\n<\/div>\n<\/div>\n<\/div>\n<div class=\"mb-2 flex gap-3 empty:hidden -ml-2\"><\/div>\n<p>&nbsp;<\/p>\n<\/div>\n<\/div>\n<\/div>\n<h3>Sobre o Envio<\/h3>\n<div class=\"flex-shrink-0 flex flex-col relative items-end\">\n<div>\n<div class=\"pt-0\">\n<div class=\"gizmo-bot-avatar flex h-8 w-8 items-center justify-center overflow-hidden rounded-full\">\n<div><\/div>\n<div class=\"relative p-1 rounded-sm flex items-center justify-center bg-token-main-surface-primary text-token-text-primary h-8 w-8\"><strong>1. Que m\u00e9todos de envio s\u00e3o usados?<\/strong><\/div>\n<\/div>\n<\/div>\n<\/div>\n<\/div>\n<div class=\"group\/conversation-turn relative flex w-full min-w-0 flex-col agent-turn\">\n<div class=\"flex-col gap-1 md:gap-3\">\n<div class=\"flex max-w-full flex-col flex-grow\">\n<div class=\"min-h-[20px] text-message flex w-full flex-col items-end gap-2 whitespace-normal break-words [.text-message+&amp;]:mt-5 overflow-x-auto\" dir=\"auto\" data-message-author-role=\"assistant\" data-message-id=\"22f8283b-3233-46ff-89a5-c7a41b33abda\">\n<div class=\"flex w-full flex-col gap-1 empty:hidden first:pt-[3px]\">\n<div class=\"markdown prose w-full break-words dark:prose-invert light\">\n<p>Fazemos parceria com a UPS, DHL, FedEx, DPD e outras transportadoras l\u00edderes. Selecionaremos o melhor m\u00e9todo de envio com base na sua localiza\u00e7\u00e3o de entrega para garantir que receba os seus produtos o mais r\u00e1pido poss\u00edvel.<\/p>\n<\/div>\n<p><strong>2. Quanto tempo demora a chegar?<\/strong><\/p>\n<p>As encomendas enviadas para Portugal geralmente chegam dentro de 10 dias \u00fateis. O envio para pa\u00edses europeus demora geralmente cerca de 12-15 dias \u00fateis. Forneceremos atualiza\u00e7\u00f5es em tempo real sobre o estado do seu envio.<\/p>\n<\/div>\n<\/div>\n<\/div>\n<\/div>\n<\/div>\n<p>&nbsp;<\/p>\n<p>Encontre mais produtos de vape que talvez goste:<strong><em><a href=\"https:\/\/rmvapesale.com\/pt\/shop-2\/\">comprar agora &gt;&gt;&gt;<\/a><\/em><\/strong><\/p>","protected":false},"excerpt":{"rendered":"<p>JNR Mediamax 40000 Melhor Vape Descart\u00e1vel 2024<br \/>\nJNR 40000 Vape Descart\u00e1vel Recarreg\u00e1vel Pre\u00e7o por Atacado<br \/>\nAtacado JNR Mediamax 40000 Puffs Vape com Chamada Telef\u00f3nica Vape Inteligente<\/p>\n<p><img loading=\"lazy\" decoding=\"async\" class=\"size-full wp-image-2375\" src=\"https:\/\/rmvapesale.com\/wp-content\/uploads\/2024\/10\/image.png\" alt=\"Melhor Vape Descart\u00e1vel\" width=\"229\" height=\"300\" \/><\/p>\n<h3><a href=\"https:\/\/wa.me\/8617776015835\"><span style=\"color: #ff0000\"><strong>WhatsApp: +86 17776015835<\/strong><\/span><\/a><\/h3>\n<p>&nbsp;<\/p>","protected":false},"featured_media":2690,"comment_status":"open","ping_status":"closed","template":"","meta":{"_uag_custom_page_level_css":"","_lmt_disableupdate":"no","_lmt_disable":"","site-sidebar-layout":"default","site-content-layout":"content-boxed-container","ast-site-content-layout":"normal-width-container","site-content-style":"boxed","site-sidebar-style":"unboxed","ast-global-header-display":"","ast-banner-title-visibility":"","ast-main-header-display":"","ast-hfb-above-header-display":"","ast-hfb-below-header-display":"","ast-hfb-mobile-header-display":"","site-post-title":"","ast-breadcrumbs-content":"","ast-featured-img":"","footer-sml-layout":"","ast-disable-related-posts":"","theme-transparent-header-meta":"default","adv-header-id-meta":"","stick-header-meta":"","header-above-stick-meta":"","header-main-stick-meta":"","header-below-stick-meta":"","astra-migrate-meta-layouts":"set","ast-page-background-enabled":"default","ast-page-background-meta":{"desktop":{"background-color":"var(--ast-global-color-4)","background-image":"","background-repeat":"repeat","background-position":"center center","background-size":"auto","background-attachment":"scroll","background-type":"","background-media":"","overlay-type":"","overlay-color":"","overlay-opacity":"","overlay-gradient":""},"tablet":{"background-color":"","background-image":"","background-repeat":"repeat","background-position":"center center","background-size":"auto","background-attachment":"scroll","background-type":"","background-media":"","overlay-type":"","overlay-color":"","overlay-opacity":"","overlay-gradient":""},"mobile":{"background-color":"","background-image":"","background-repeat":"repeat","background-position":"center center","background-size":"auto","background-attachment":"scroll","background-type":"","background-media":"","overlay-type":"","overlay-color":"","overlay-opacity":"","overlay-gradient":""}},"ast-content-background-meta":{"desktop":{"background-color":"var(--ast-global-color-5)","background-image":"","background-repeat":"repeat","background-position":"center center","background-size":"auto","background-attachment":"scroll","background-type":"","background-media":"","overlay-type":"","overlay-color":"","overlay-opacity":"","overlay-gradient":""},"tablet":{"background-color":"var(--ast-global-color-5)","background-image":"","background-repeat":"repeat","background-position":"center center","background-size":"auto","background-attachment":"scroll","background-type":"","background-media":"","overlay-type":"","overlay-color":"","overlay-opacity":"","overlay-gradient":""},"mobile":{"background-color":"var(--ast-global-color-5)","background-image":"","background-repeat":"repeat","background-position":"center center","background-size":"auto","background-attachment":"scroll","background-type":"","background-media":"","overlay-type":"","overlay-color":"","overlay-opacity":"","overlay-gradient":""}},"_joinchat":[]},"product_brand":[],"product_cat":[15,27,25,123,30,26,28,137,136,135],"product_tag":[146,188,167,205,207,206,120],"class_list":{"0":"post-2695","1":"product","2":"type-product","3":"status-publish","4":"has-post-thumbnail","6":"product_cat-new-vape-this-week","7":"product_cat-fance-hot-sale-vape","8":"product_cat-germany-best-selling-vape","9":"product_cat-italy-wholesale-vape","10":"product_cat-minimum-order-quantity-50pcs","11":"product_cat-netherlands-hot-sale-vape","12":"product_cat-poland-hot-sale-vape","13":"product_cat-rechargeable-vapes","14":"product_cat-smart-screen-vapes","15":"product_cat-spain-best-hot-sale-vape","16":"product_tag-best-hot-sale-vape","17":"product_tag-buy-vapes-online","18":"product_tag-disposable-vape-with-screen","19":"product_tag-jnr-vape","20":"product_tag-puff-vape","21":"product_tag-smart-phone-vape","22":"product_tag-vape-wholesale","23":"desktop-align-left","24":"tablet-align-left","25":"mobile-align-left","27":"first","28":"instock","29":"sale","30":"shipping-taxable","31":"purchasable","32":"product-type-simple"},"uagb_featured_image_src":{"full":["https:\/\/rmvapesale.com\/wp-content\/uploads\/2024\/11\/JNR-MediaMax-40000-Disposable-Vape-Wholesale.jpg",800,800,false],"thumbnail":["https:\/\/rmvapesale.com\/wp-content\/uploads\/2024\/11\/JNR-MediaMax-40000-Disposable-Vape-Wholesale-150x150.jpg",150,150,true],"medium":["https:\/\/rmvapesale.com\/wp-content\/uploads\/2024\/11\/JNR-MediaMax-40000-Disposable-Vape-Wholesale-300x300.jpg",300,300,true],"medium_large":["https:\/\/rmvapesale.com\/wp-content\/uploads\/2024\/11\/JNR-MediaMax-40000-Disposable-Vape-Wholesale-768x768.jpg",768,768,true],"large":["https:\/\/rmvapesale.com\/wp-content\/uploads\/2024\/11\/JNR-MediaMax-40000-Disposable-Vape-Wholesale.jpg",800,800,false],"1536x1536":["https:\/\/rmvapesale.com\/wp-content\/uploads\/2024\/11\/JNR-MediaMax-40000-Disposable-Vape-Wholesale.jpg",800,800,false],"2048x2048":["https:\/\/rmvapesale.com\/wp-content\/uploads\/2024\/11\/JNR-MediaMax-40000-Disposable-Vape-Wholesale.jpg",800,800,false],"trp-custom-language-flag":["https:\/\/rmvapesale.com\/wp-content\/uploads\/2024\/11\/JNR-MediaMax-40000-Disposable-Vape-Wholesale.jpg",12,12,false],"woocommerce_thumbnail":["https:\/\/rmvapesale.com\/wp-content\/uploads\/2024\/11\/JNR-MediaMax-40000-Disposable-Vape-Wholesale-300x300.jpg",300,300,true],"woocommerce_single":["https:\/\/rmvapesale.com\/wp-content\/uploads\/2024\/11\/JNR-MediaMax-40000-Disposable-Vape-Wholesale-600x600.jpg",600,600,true],"woocommerce_gallery_thumbnail":["https:\/\/rmvapesale.com\/wp-content\/uploads\/2024\/11\/JNR-MediaMax-40000-Disposable-Vape-Wholesale-100x100.jpg",100,100,true],"wcpr-photo-reviews":["https:\/\/rmvapesale.com\/wp-content\/uploads\/2024\/11\/JNR-MediaMax-40000-Disposable-Vape-Wholesale.jpg",500,500,false]},"uagb_author_info":{"display_name":"AMY","author_link":"https:\/\/rmvapesale.com\/pt\/author\/"},"uagb_comment_info":0,"uagb_excerpt":"JNR Mediamax 40000 Best Disposable Vape 2024 JNR 40000 Rechargeable Disposable Vape Wholesale Price Wholesale JNR Mediamax 40000 Puffs Phone Call Smart Vape WhatsApp: +86 17776015835 &nbsp;","_links":{"self":[{"href":"https:\/\/rmvapesale.com\/pt\/wp-json\/wp\/v2\/product\/2695","targetHints":{"allow":["GET"]}}],"collection":[{"href":"https:\/\/rmvapesale.com\/pt\/wp-json\/wp\/v2\/product"}],"about":[{"href":"https:\/\/rmvapesale.com\/pt\/wp-json\/wp\/v2\/types\/product"}],"replies":[{"embeddable":true,"href":"https:\/\/rmvapesale.com\/pt\/wp-json\/wp\/v2\/comments?post=2695"}],"wp:featuredmedia":[{"embeddable":true,"href":"https:\/\/rmvapesale.com\/pt\/wp-json\/wp\/v2\/media\/2690"}],"wp:attachment":[{"href":"https:\/\/rmvapesale.com\/pt\/wp-json\/wp\/v2\/media?parent=2695"}],"wp:term":[{"taxonomy":"product_brand","embeddable":true,"href":"https:\/\/rmvapesale.com\/pt\/wp-json\/wp\/v2\/product_brand?post=2695"},{"taxonomy":"product_cat","embeddable":true,"href":"https:\/\/rmvapesale.com\/pt\/wp-json\/wp\/v2\/product_cat?post=2695"},{"taxonomy":"product_tag","embeddable":true,"href":"https:\/\/rmvapesale.com\/pt\/wp-json\/wp\/v2\/product_tag?post=2695"}],"curies":[{"name":"wp","href":"https:\/\/api.w.org\/{rel}","templated":true}]}}