{"id":2718,"date":"2024-11-12T08:49:23","date_gmt":"2024-11-12T08:49:23","guid":{"rendered":"https:\/\/rmvapesale.com\/?post_type=product&#038;p=2718"},"modified":"2024-11-12T09:20:43","modified_gmt":"2024-11-12T09:20:43","slug":"randm-tornado-9000-puff-blue-razz-ice-rechargeable-diposable-vape-wholesale-price","status":"publish","type":"product","link":"https:\/\/rmvapesale.com\/pt\/product\/randm-tornado-9000-puff-blue-razz-ice-rechargeable-diposable-vape-wholesale-price\/","title":{"rendered":"RandM Tornado 9000 puff Blue Razz Ice Recarreg\u00e1vel Diposable Vape Pre\u00e7o de Atacado"},"content":{"rendered":"<div class=\"B2VR9 CJHX3e\">\n<div class=\"wyccme\">\n<h1 class=\"LC20lb MBeuO DKV0Md\">RandM Tornado 9000 puff Blue Razz Ice Recarreg\u00e1vel Diposable Vape Pre\u00e7o de Atacado<\/h1>\n<div class=\"flex-shrink-0 flex flex-col relative items-end\">\n<div class=\"pt-0\">\n<div class=\"gizmo-bot-avatar flex h-8 w-8 items-center justify-center overflow-hidden rounded-full\">\n<div class=\"relative p-1 rounded-sm flex items-center justify-center bg-token-main-surface-primary text-token-text-primary h-8 w-8\">\n<p>Experimente a pot\u00eancia e o sabor excecionais do Vape Descart\u00e1vel Recarreg\u00e1vel RandM Tornado 9000 Blue Razz Ice, agora dispon\u00edvel a pre\u00e7os de atacado. Este dispositivo de vape oferece mais de 9000 inala\u00e7\u00f5es, tornando-o ideal para quem quer um vape duradouro sem o inc\u00f3modo de substitui\u00e7\u00f5es frequentes. Cada vape \u00e9 pr\u00e9-cheio com 18ml de e-l\u00edquido nic salt premium, proporcionando uma inala\u00e7\u00e3o suave e satisfat\u00f3ria a cada baforada. O sabor Blue Razz Ice combina uma base de framboesa suculenta e doce com um acabamento gelado para uma experi\u00eancia de vape refrescante que \u00e9 perfeita para desfrutar durante todo o dia.<\/p>\n<p>Projetado para conveni\u00eancia, o RandM Tornado 9000 possui uma bateria recarreg\u00e1vel de 850mAh, para que possa recarreg\u00e1-lo facilmente com a porta Tipo-C e continuar a vaporizar sem interrup\u00e7\u00f5es. O seu mecanismo de acionamento por inala\u00e7\u00e3o torna-o f\u00e1cil de usar - basta inalar para ativar. Com um design vibrante e ilumina\u00e7\u00e3o RGB, este vape destaca-se visualmente, tornando-o uma adi\u00e7\u00e3o perfeita para a cole\u00e7\u00e3o de qualquer entusiasta de vapes. O RandM 9K \u00e9 fabricado para fornecer sabor e qualidade consistentes, quer seja um vaper experiente ou novo no vaping.<\/p>\n<p>&nbsp;<\/p>\n<\/div>\n<\/div>\n<\/div>\n<\/div>\n<\/div>\n<\/div>\n<p><strong>Contacte a Amy para obter a resposta certa e cup\u00e3o de vape!<\/strong><\/p>\n<p><img loading=\"lazy\" decoding=\"async\" class=\"size-full wp-image-1978\" src=\"https:\/\/rmvapesale.com\/wp-content\/uploads\/2024\/09\/Disposable-Vape-Wholesale.jpg\" alt=\"Venda por grosso de vapes descart\u00e1veis\" width=\"229\" height=\"300\" \/><\/p>\n<h3><a href=\"https:\/\/wa.me\/8617776015835\" target=\"_blank\" rel=\"noopener\"><span style=\"color: #ff0000\"><strong>WhatsApp: +86 17776015835<\/strong><\/span><\/a><\/h3>\n<p>&nbsp;<\/p>\n<h2><\/h2>\n<h2><strong>RandM Tornado 9000 <\/strong><strong>Principais Caracter\u00edsticas<\/strong><\/h2>\n<p>&nbsp;<\/p>\n<ul>\n<li>Mais de 9000 puffs para um prazer de vaping prolongado<\/li>\n<li>18ml de e-l\u00edquido nic salt Blue Razz Ice para inala\u00e7\u00f5es suaves<\/li>\n<li>Bateria recarreg\u00e1vel de 850mAh com carregamento Tipo-C<\/li>\n<li>Mecanismo de acionamento por inala\u00e7\u00e3o, f\u00e1cil de usar<\/li>\n<li>Ilumina\u00e7\u00e3o RGB atraente para um visual \u00fanico<\/li>\n<\/ul>\n<p>&nbsp;<\/p>\n<h2><strong>Melhor sabor RandM Tornado 9000<\/strong><\/h2>\n<p>1 Mirtilo Framboesa <span style=\"color: #ff0000\"><strong>&gt;&gt;&gt;&gt; Quente!<\/strong><\/span><br \/>\n2 Sr. Azul <span style=\"color: #ff0000\"><strong>&gt;&gt;&gt;&gt; Quente!<\/strong><\/span><br \/>\n3 Morango Melancia<br \/>\n4 Refrigerante de Laranja<br \/>\n5 Pastilha El\u00e1stica de Melancia<br \/>\n6 Rebu\u00e7ado Arco-\u00edris<br \/>\n7 Limonada Rosa <span style=\"color: #ff0000\"><strong>&gt;&gt;&gt;&gt; Quente!<\/strong><\/span><br \/>\n8 P\u00eassego Manga Anan\u00e1s<br \/>\n9 Morango Banana<br \/>\n10 Gelo Exuberante<br \/>\n11 Gelo Drag\u00e3o Negro<br \/>\n12 Alo\u00e9 Uva<br \/>\n13 Gelo Framboesa Azul<br \/>\n14 Kiwi Maracuj\u00e1 Goiaba<br \/>\n15 Ursinho de Goma<br \/>\n16 Frutos Silvestres <span style=\"color: #ff0000\"><strong>&gt;&gt;&gt;&gt; Quente!<\/strong><\/span><br \/>\n17 Menta Fresca<br \/>\n18 Framboesa Melancia<br \/>\n19 Limonada de P\u00eassego<br \/>\n20 Gelo de Goiaba<br \/>\n21 Limonada de Morango<br \/>\n22 Gelo Melancia Brazz<br \/>\n23 Creme de Banana<br \/>\n24 P\u00eassego Morango<br \/>\n25 Creme de Morango<br \/>\n26 Rebu\u00e7ado Azedo<br \/>\n27 Lim\u00e3o<br \/>\n28 Cereja<br \/>\n29 Cereja Espumante <span style=\"color: #ff0000\"><strong>&gt;&gt;&gt;&gt; Quente!<\/strong><\/span><br \/>\n30 Mirtilo Cereja Arando<br \/>\n31 Vimto<br \/>\n32 Skittles<br \/>\n33 Gelo Preto <span style=\"color: #ff0000\"><strong>&gt;&gt;&gt;&gt; O Melhor!<\/strong><\/span><br \/>\n34 Uva<br \/>\n35 Gelo Bluelicious<br \/>\n36 Gelo de Morango<br \/>\n37 Kush de Framboesa Azul<br \/>\n38 Picol\u00e9<br \/>\n39 Framboesa Azeda de Mirtilo<br \/>\n40 Anan\u00e1s<br \/>\n41 Limonada de Cereja e P\u00eassego<br \/>\n42 Gelo de Cereja, Framboesa e Morango<br \/>\n43 Manga Tripla<br \/>\n44 Gelo de Framboesa e Morango<br \/>\n45 Pastilha El\u00e1stica de Morango e Melancia<br \/>\n46 Prime Morango e Melancia<br \/>\n47 Gelo de Melancia<br \/>\n48 Gelo de Mirtilo <span style=\"color: #ff0000\"><strong>&gt;&gt;&gt;&gt; Quente!<\/strong><\/span><br \/>\n49 Melancia Skittle<br \/>\n50 Morango e Manga<br \/>\n51 Rom\u00e3 e Morango<br \/>\n52 Gelo de P\u00eassego de Ver\u00e3o<br \/>\n53 Cereja e Baga<br \/>\n54 Cola de Cereja<br \/>\n55 Prime Melancia<br \/>\n56 Morango e Uva<br \/>\n57 Sangue de Tigre <span style=\"color: #ff0000\"><strong>&gt;&gt;&gt;&gt; Quente!<\/strong><\/span><br \/>\n58 \u00c1gua Mineral<\/p>\n<p>&nbsp;<\/p>\n<h3><\/h3>\n<h3><strong>Porqu\u00ea Escolher Rmvapesale para RandM Tornado 9000 <\/strong><strong>V<\/strong><strong>Venda por grosso de vapes<\/strong><strong>?<\/strong><\/h3>\n<div class=\"flex-shrink-0 flex flex-col relative items-end\">\n<div class=\"pt-0\">\n<div class=\"gizmo-bot-avatar flex h-8 w-8 items-center justify-center overflow-hidden rounded-full\">\n<div class=\"relative p-1 rounded-sm flex items-center justify-center bg-token-main-surface-primary text-token-text-primary h-8 w-8\">\n<p>Bem-vindo \u00e0 Rmvapesale, a sua loja de vape de confian\u00e7a para vapes descart\u00e1veis premium. Com mais de 5 anos de experi\u00eancia, trazemos-lhe marcas populares de vapes descart\u00e1veis como Al Fakher, <a href=\"https:\/\/rmvapesale.com\/pt\/product\/vapme-crystal-7000-puffs-rechargeable-disposable-vape-price\/\">Vapme<\/a>, <a href=\"https:\/\/rmvapesale.com\/pt\/product-category\/bang-vapes\/\">Bang Vape<\/a>, Waspe, <a href=\"https:\/\/rmvapesale.com\/pt\/product\/wga-crystal-pro-max-extra-15k-puffs-disposable-vape-wholesale\/\">WGA<\/a> Vape e<a href=\"https:\/\/rmvapesale.com\/pt\/product-category\/randm-fumot-vape\/\"> RandM Vape<\/a>.<\/p>\n<p>A nossa gama inclui vapes de venda quente como o <a href=\"https:\/\/rmvapesale.com\/pt\/product\/fumot-digital-box-12000-disposable-vape-pink-lemonade-flavor\/\">RandM 12k<\/a> e op\u00e7\u00f5es ricas em sabor como o <a href=\"https:\/\/rmvapesale.com\/pt\/product\/elfbar-combo-25000-puffs-rechargeable-disposable-vape-wholesale\/\">ELFBAR Combo 25000 Puff<\/a>. Cada produto \u00e9 escolhido com foco na qualidade, valor e variedade, garantindo que encontre a combina\u00e7\u00e3o perfeita para as suas necessidades. Descubra um servi\u00e7o excecional e uma vasta gama de produtos de topo na Rmvapesale.<\/p>\n<\/div>\n<h3><\/h3>\n<div class=\"relative p-1 rounded-sm flex items-center justify-center bg-token-main-surface-primary text-token-text-primary h-8 w-8\">\n<h3><b>Perguntas Frequentes sobre a Vape Descart\u00e1vel Recarreg\u00e1vel RandM 9000<\/b><\/h3>\n<ol>\n<li><strong>Quais s\u00e3o os sabores populares para a caneta vape descart\u00e1vel RandM 9000?<\/strong><br \/>\nOs sabores populares para a caneta vape descart\u00e1vel RandM 9000 incluem Blue Razz Ice, que combina framboesa doce com um final fresco e gelado. Outros sabores podem variar dependendo da disponibilidade e das prefer\u00eancias regionais.<\/li>\n<li><strong>Como sei quando a minha RandM Tornado 9000 est\u00e1 vazia?<\/strong><br \/>\nQuando a sua RandM Tornado 9000 est\u00e1 vazia, notar\u00e1 uma diminui\u00e7\u00e3o na produ\u00e7\u00e3o de vapor e no sabor. Al\u00e9m disso, a inala\u00e7\u00e3o pode parecer mais fraca ou produzir pouco vapor, indicando que o e-l\u00edquido est\u00e1 a acabar.<\/li>\n<li><strong>Quanto tempo demora a carregar uma Vape RandM 9000?<\/strong><br \/>\nOs tempos de carregamento para a RandM Tornado 9000 podem variar, mas geralmente leva cerca de 1 a 2 horas para carregar totalmente a bateria de 850mAh atrav\u00e9s da porta Tipo-C.<\/li>\n<li><strong>Quanta nicotina existe numa Vape Descart\u00e1vel RandM Tornado 9k?<\/strong><br \/>\nA RandM Tornado 9000 cont\u00e9m sais de nicotina, mas a concentra\u00e7\u00e3o exata de nicotina pode variar por regi\u00e3o e vers\u00e3o do produto. \u00c9 melhor verificar a embalagem ou as especifica\u00e7\u00f5es do produto para saber os n\u00edveis exatos de nicotina.<\/li>\n<li><strong>Onde comprar Vapes Fumot Tornado 9000 no Atacado?<\/strong><br \/>\nPode comprar vapes Fumot Tornado 9000 a pre\u00e7os de atacado em distribuidores de vape autorizados ou em lojas online de atacado. Muitos sites oferecem op\u00e7\u00f5es de atacado especificamente para as marcas RandM e Fumot.<\/li>\n<li><strong>Posso levar um vape descart\u00e1vel num avi\u00e3o?<\/strong><br \/>\nSim, pode levar vapes descart\u00e1veis num avi\u00e3o na sua bagagem de m\u00e3o, mas n\u00e3o podem ir na bagagem de por\u00e3o devido \u00e0s regulamenta\u00e7\u00f5es sobre baterias. Verifique sempre as diretrizes da companhia a\u00e9rea e da TSA antes de viajar.<\/li>\n<li><strong>Quantas inala\u00e7\u00f5es a RandM Vape 9000 oferece?<\/strong><br \/>\nA vape descart\u00e1vel RandM Tornado 9000 oferece mais de 9000 inala\u00e7\u00f5es, tornando-a uma op\u00e7\u00e3o de longa dura\u00e7\u00e3o em compara\u00e7\u00e3o com outras vapes descart\u00e1veis.<\/li>\n<\/ol>\n<\/div>\n<div class=\"mb-2 flex gap-3 empty:hidden -ml-2\"><\/div>\n<p>&nbsp;<\/p>\n<\/div>\n<\/div>\n<\/div>\n<h3>Sobre o Envio<\/h3>\n<div class=\"flex-shrink-0 flex flex-col relative items-end\">\n<div>\n<div class=\"pt-0\">\n<div class=\"gizmo-bot-avatar flex h-8 w-8 items-center justify-center overflow-hidden rounded-full\">\n<div><\/div>\n<div class=\"relative p-1 rounded-sm flex items-center justify-center bg-token-main-surface-primary text-token-text-primary h-8 w-8\"><strong>1. Que m\u00e9todos de envio s\u00e3o usados?<\/strong><\/div>\n<\/div>\n<\/div>\n<\/div>\n<\/div>\n<div class=\"group\/conversation-turn relative flex w-full min-w-0 flex-col agent-turn\">\n<div class=\"flex-col gap-1 md:gap-3\">\n<div class=\"flex max-w-full flex-col flex-grow\">\n<div class=\"min-h-[20px] text-message flex w-full flex-col items-end gap-2 whitespace-normal break-words [.text-message+&amp;]:mt-5 overflow-x-auto\" dir=\"auto\" data-message-author-role=\"assistant\" data-message-id=\"22f8283b-3233-46ff-89a5-c7a41b33abda\">\n<div class=\"flex w-full flex-col gap-1 empty:hidden first:pt-[3px]\">\n<div class=\"markdown prose w-full break-words dark:prose-invert light\">\n<p>Fazemos parceria com a UPS, DHL, FedEx, DPD e outras transportadoras l\u00edderes. Selecionaremos o melhor m\u00e9todo de envio com base na sua localiza\u00e7\u00e3o de entrega para garantir que receba os seus produtos o mais r\u00e1pido poss\u00edvel.<\/p>\n<\/div>\n<p><strong>2. Quanto tempo demora a chegar?<\/strong><\/p>\n<p>As encomendas enviadas para Portugal geralmente chegam dentro de 10 dias \u00fateis. O envio para pa\u00edses europeus demora geralmente cerca de 12-15 dias \u00fateis. Forneceremos atualiza\u00e7\u00f5es em tempo real sobre o estado do seu envio.<\/p>\n<\/div>\n<\/div>\n<\/div>\n<\/div>\n<\/div>\n<p>&nbsp;<\/p>\n<p>Encontre mais produtos de vape que talvez goste:<strong><em><a href=\"https:\/\/rmvapesale.com\/pt\/shop-2\/\">comprar agora &gt;&gt;&gt;<\/a><\/em><\/strong><\/p>","protected":false},"excerpt":{"rendered":"<p>Dispositivo de Vape Descart\u00e1vel RandM Tornado 9000 Puffs<br \/>\nRandM 9000 puffs Vape Descart\u00e1vel Todos os Sabores em Stock<br \/>\nRandM Tornado 9000 Puff 9K Barra Descart\u00e1vel<\/p>\n<p><img loading=\"lazy\" decoding=\"async\" class=\"size-full wp-image-2375\" src=\"https:\/\/rmvapesale.com\/wp-content\/uploads\/2024\/10\/image.png\" alt=\"Melhor Vape Descart\u00e1vel\" width=\"229\" height=\"300\" \/><\/p>\n<h3><a href=\"https:\/\/wa.me\/8617776015835\"><span style=\"color: #ff0000\"><strong>WhatsApp: +86 17776015835<\/strong><\/span><\/a><\/h3>\n<p>&nbsp;<\/p>","protected":false},"featured_media":2719,"comment_status":"open","ping_status":"closed","template":"","meta":{"_uag_custom_page_level_css":"","_lmt_disableupdate":"no","_lmt_disable":"","site-sidebar-layout":"default","site-content-layout":"content-boxed-container","ast-site-content-layout":"normal-width-container","site-content-style":"boxed","site-sidebar-style":"unboxed","ast-global-header-display":"","ast-banner-title-visibility":"","ast-main-header-display":"","ast-hfb-above-header-display":"","ast-hfb-below-header-display":"","ast-hfb-mobile-header-display":"","site-post-title":"","ast-breadcrumbs-content":"","ast-featured-img":"","footer-sml-layout":"","theme-transparent-header-meta":"default","adv-header-id-meta":"","stick-header-meta":"","header-above-stick-meta":"","header-main-stick-meta":"","header-below-stick-meta":"","astra-migrate-meta-layouts":"set","ast-page-background-enabled":"default","ast-page-background-meta":{"desktop":{"background-color":"var(--ast-global-color-4)","background-image":"","background-repeat":"repeat","background-position":"center center","background-size":"auto","background-attachment":"scroll","background-type":"","background-media":"","overlay-type":"","overlay-color":"","overlay-opacity":"","overlay-gradient":""},"tablet":{"background-color":"","background-image":"","background-repeat":"repeat","background-position":"center center","background-size":"auto","background-attachment":"scroll","background-type":"","background-media":"","overlay-type":"","overlay-color":"","overlay-opacity":"","overlay-gradient":""},"mobile":{"background-color":"","background-image":"","background-repeat":"repeat","background-position":"center center","background-size":"auto","background-attachment":"scroll","background-type":"","background-media":"","overlay-type":"","overlay-color":"","overlay-opacity":"","overlay-gradient":""}},"ast-content-background-meta":{"desktop":{"background-color":"var(--ast-global-color-5)","background-image":"","background-repeat":"repeat","background-position":"center center","background-size":"auto","background-attachment":"scroll","background-type":"","background-media":"","overlay-type":"","overlay-color":"","overlay-opacity":"","overlay-gradient":""},"tablet":{"background-color":"var(--ast-global-color-5)","background-image":"","background-repeat":"repeat","background-position":"center center","background-size":"auto","background-attachment":"scroll","background-type":"","background-media":"","overlay-type":"","overlay-color":"","overlay-opacity":"","overlay-gradient":""},"mobile":{"background-color":"var(--ast-global-color-5)","background-image":"","background-repeat":"repeat","background-position":"center center","background-size":"auto","background-attachment":"scroll","background-type":"","background-media":"","overlay-type":"","overlay-color":"","overlay-opacity":"","overlay-gradient":""}},"_joinchat":[]},"product_brand":[],"product_cat":[15,25,123,26,28,135,27,137,136,30],"product_tag":[169,207,181,120],"class_list":{"0":"post-2718","1":"product","2":"type-product","3":"status-publish","4":"has-post-thumbnail","6":"product_cat-new-vape-this-week","7":"product_cat-germany-best-selling-vape","8":"product_cat-italy-wholesale-vape","9":"product_cat-netherlands-hot-sale-vape","10":"product_cat-poland-hot-sale-vape","11":"product_cat-spain-best-hot-sale-vape","12":"product_cat-fance-hot-sale-vape","13":"product_cat-rechargeable-vapes","14":"product_cat-smart-screen-vapes","15":"product_cat-minimum-order-quantity-50pcs","16":"product_tag-best-disposable-vape-2024","17":"product_tag-puff-vape","18":"product_tag-randm-tornado-9000","19":"product_tag-vape-wholesale","20":"desktop-align-left","21":"tablet-align-left","22":"mobile-align-left","24":"first","25":"instock","26":"sale","27":"shipping-taxable","28":"purchasable","29":"product-type-simple"},"uagb_featured_image_src":{"full":["https:\/\/rmvapesale.com\/wp-content\/uploads\/2024\/11\/RandM-Tornado-9000-BLUE-RAZZ-ICE.png",1000,1000,false],"thumbnail":["https:\/\/rmvapesale.com\/wp-content\/uploads\/2024\/11\/RandM-Tornado-9000-BLUE-RAZZ-ICE-150x150.png",150,150,true],"medium":["https:\/\/rmvapesale.com\/wp-content\/uploads\/2024\/11\/RandM-Tornado-9000-BLUE-RAZZ-ICE-300x300.png",300,300,true],"medium_large":["https:\/\/rmvapesale.com\/wp-content\/uploads\/2024\/11\/RandM-Tornado-9000-BLUE-RAZZ-ICE-768x768.png",768,768,true],"large":["https:\/\/rmvapesale.com\/wp-content\/uploads\/2024\/11\/RandM-Tornado-9000-BLUE-RAZZ-ICE.png",1000,1000,false],"1536x1536":["https:\/\/rmvapesale.com\/wp-content\/uploads\/2024\/11\/RandM-Tornado-9000-BLUE-RAZZ-ICE.png",1000,1000,false],"2048x2048":["https:\/\/rmvapesale.com\/wp-content\/uploads\/2024\/11\/RandM-Tornado-9000-BLUE-RAZZ-ICE.png",1000,1000,false],"trp-custom-language-flag":["https:\/\/rmvapesale.com\/wp-content\/uploads\/2024\/11\/RandM-Tornado-9000-BLUE-RAZZ-ICE.png",12,12,false],"woocommerce_thumbnail":["https:\/\/rmvapesale.com\/wp-content\/uploads\/2024\/11\/RandM-Tornado-9000-BLUE-RAZZ-ICE-300x300.png",300,300,true],"woocommerce_single":["https:\/\/rmvapesale.com\/wp-content\/uploads\/2024\/11\/RandM-Tornado-9000-BLUE-RAZZ-ICE-600x600.png",600,600,true],"woocommerce_gallery_thumbnail":["https:\/\/rmvapesale.com\/wp-content\/uploads\/2024\/11\/RandM-Tornado-9000-BLUE-RAZZ-ICE-100x100.png",100,100,true],"wcpr-photo-reviews":["https:\/\/rmvapesale.com\/wp-content\/uploads\/2024\/11\/RandM-Tornado-9000-BLUE-RAZZ-ICE.png",500,500,false]},"uagb_author_info":{"display_name":"AMY","author_link":"https:\/\/rmvapesale.com\/pt\/author\/"},"uagb_comment_info":0,"uagb_excerpt":"RandM Tornado 9000 Puffs Disposable Vape Device RandM 9000 puffs Disposable Vape All Flavor in Stock RandM Tornado 9000 Puff 9K Disposable Bar WhatsApp: +86 17776015835 &nbsp;","_links":{"self":[{"href":"https:\/\/rmvapesale.com\/pt\/wp-json\/wp\/v2\/product\/2718","targetHints":{"allow":["GET"]}}],"collection":[{"href":"https:\/\/rmvapesale.com\/pt\/wp-json\/wp\/v2\/product"}],"about":[{"href":"https:\/\/rmvapesale.com\/pt\/wp-json\/wp\/v2\/types\/product"}],"replies":[{"embeddable":true,"href":"https:\/\/rmvapesale.com\/pt\/wp-json\/wp\/v2\/comments?post=2718"}],"wp:featuredmedia":[{"embeddable":true,"href":"https:\/\/rmvapesale.com\/pt\/wp-json\/wp\/v2\/media\/2719"}],"wp:attachment":[{"href":"https:\/\/rmvapesale.com\/pt\/wp-json\/wp\/v2\/media?parent=2718"}],"wp:term":[{"taxonomy":"product_brand","embeddable":true,"href":"https:\/\/rmvapesale.com\/pt\/wp-json\/wp\/v2\/product_brand?post=2718"},{"taxonomy":"product_cat","embeddable":true,"href":"https:\/\/rmvapesale.com\/pt\/wp-json\/wp\/v2\/product_cat?post=2718"},{"taxonomy":"product_tag","embeddable":true,"href":"https:\/\/rmvapesale.com\/pt\/wp-json\/wp\/v2\/product_tag?post=2718"}],"curies":[{"name":"wp","href":"https:\/\/api.w.org\/{rel}","templated":true}]}}