{"id":2729,"date":"2024-11-14T06:19:37","date_gmt":"2024-11-14T06:19:37","guid":{"rendered":"https:\/\/rmvapesale.com\/?post_type=product&#038;p=2729"},"modified":"2024-11-14T06:57:21","modified_gmt":"2024-11-14T06:57:21","slug":"fumot-12000-puffs-randm-rechargeable-disposable-vape-watermelon-bubblegum-flavour-germany-wholesale-price","status":"publish","type":"product","link":"https:\/\/rmvapesale.com\/pt\/product\/fumot-12000-puffs-randm-rechargeable-disposable-vape-watermelon-bubblegum-flavour-germany-wholesale-price\/","title":{"rendered":"Fumot 12000 Puffs RandM Vaporizador Descart\u00e1vel Recarreg\u00e1vel Sabor Pastilha El\u00e1stica de Melancia Pre\u00e7o Grossista Alemanha"},"content":{"rendered":"<div class=\"B2VR9 CJHX3e\">\n<div class=\"wyccme\">\n<h1 class=\"LC20lb MBeuO DKV0Md\">Fumot 12000 Puffs RandM Vaporizador Descart\u00e1vel Recarreg\u00e1vel Sabor Pastilha El\u00e1stica de Melancia Pre\u00e7o Grossista Alemanha<\/h1>\n<p>&nbsp;<\/p>\n<div class=\"flex-shrink-0 flex flex-col relative items-end\">\n<div class=\"pt-0\">\n<div class=\"gizmo-bot-avatar flex h-8 w-8 items-center justify-center overflow-hidden rounded-full\">\n<div class=\"relative p-1 rounded-sm flex items-center justify-center bg-token-main-surface-primary text-token-text-primary h-8 w-8\">\n<p>O Fumot 12000 Puffs RandM Recarreg\u00e1vel Vape Descart\u00e1vel com sabor a Melancia de Goma oferece uma experi\u00eancia de vaping \u00fanica, doce e frutada. Combinando o sabor suculento da Melancia com a do\u00e7ura nost\u00e1lgica da goma de mascar, este vape Randm \u00e9 perfeito para quem aprecia um toque saboroso a cada tragada. Com uma alta capacidade de e-l\u00edquido de 20ml, este dispositivo oferece impressionantes 12.000 tragadas, garantindo um prazer duradouro. Adaptado para o mercado grossista de Portugal, este produto Fumot 12000 oferece uma op\u00e7\u00e3o ideal para retalhistas que procuram stock de sabores premium com alta procura.<\/p>\n<p>Equipado com uma bateria recarreg\u00e1vel de 550mAh e uma porta de carregamento USB Tipo-C, o Fumot 12000 facilita a recarga pelos utilizadores, mantendo o vape pronto sempre que necess\u00e1rio. Um visor LED integrado mostra convenientemente os n\u00edveis de bateria e de e-l\u00edquido, mantendo os utilizadores sempre informados. A tecnologia avan\u00e7ada de bobina de malha melhora a consist\u00eancia do vapor, proporcionando uma tragada suave e satisfat\u00f3ria a cada uso. Dispon\u00edvel em v\u00e1rios n\u00edveis de nicotina, incluindo 2% e 5%, este dispositivo atende a uma variedade de prefer\u00eancias, tornando-se uma escolha vers\u00e1til para vaporizadores novatos e experientes.<\/p>\n<p>&nbsp;<\/p>\n<\/div>\n<\/div>\n<\/div>\n<\/div>\n<\/div>\n<\/div>\n<p><strong>Contacte a Amy para obter a resposta certa e cup\u00e3o de vape!<\/strong><\/p>\n<p><img loading=\"lazy\" decoding=\"async\" class=\"size-full wp-image-1978\" src=\"https:\/\/rmvapesale.com\/wp-content\/uploads\/2024\/09\/Disposable-Vape-Wholesale.jpg\" alt=\"Venda por grosso de vapes descart\u00e1veis\" width=\"229\" height=\"300\" \/><\/p>\n<h3><a href=\"https:\/\/wa.me\/8617776015835\" target=\"_blank\" rel=\"noopener\"><span style=\"color: #ff0000\"><strong>WhatsApp: +86 17776015835<\/strong><\/span><\/a><\/h3>\n<p>&nbsp;<\/p>\n<h2><\/h2>\n<h2><strong>Principais Caracter\u00edsticas do Fumot 12000 Puffs<\/strong><\/h2>\n<ul>\n<li>Mais de 9000 tragadas para uso prolongado e satisfa\u00e7\u00e3o<\/li>\n<li>E-l\u00edquido de sal de nicotina de 18ml com sabor a Mirtilo e Framboesa para um sabor equilibrado<\/li>\n<li>Bateria recarreg\u00e1vel de 850mAh com carregamento r\u00e1pido Tipo-C<\/li>\n<li>Ativado por tragada para uso sem complica\u00e7\u00f5es, sem necessidade de bot\u00f5es<\/li>\n<li>Ilumina\u00e7\u00e3o RGB elegante que adiciona um apelo visual colorido<\/li>\n<\/ul>\n<p>&nbsp;<\/p>\n<h2><strong>Melhores Sabores para Fumot 12000 Puffs<\/strong><\/h2>\n<p>1 Menta Fresca <span style=\"color: #ff0000\"><strong>&gt;&gt;&gt;&gt; Quente!<\/strong><\/span><br \/>\n2 Melancia Gelada<br \/>\n3 Uva Gelada<br \/>\n4 Mirtilo Framboesa <span style=\"color: #ff0000\"><strong>&gt;&gt;&gt;&gt; Quente!<\/strong><\/span><br \/>\n5 Morango Melancia<br \/>\n6 Morango Banana<br \/>\n7 Gelo exuberante<br \/>\n8 Cereja<br \/>\n9 Morango Gelo<br \/>\n10 Picol\u00e9<br \/>\n11 Limonada Rosa <span style=\"color: #ff0000\"><strong>&gt;&gt;&gt;&gt; Quente!<\/strong><\/span><br \/>\n12 Manga Gelo<br \/>\n13 Frutos Silvestres<br \/>\n14 Donut de Morango<br \/>\n15 Morango Uva<br \/>\n16 Cola de Cereja<br \/>\n17 Dr. Azul<br \/>\n18 Mirtilo Gelo <span style=\"color: #ff0000\"><strong>&gt;&gt;&gt;&gt; Quente!<\/strong><\/span><br \/>\n19 Kiwi Maracuj\u00e1 Goiaba<br \/>\n20 Morango Kiwi<br \/>\n21 P\u00eassego Manga<br \/>\n22 P\u00eassego Gelo<br \/>\n23 Ma\u00e7\u00e3 Vermelha Gelo<br \/>\n24 Pastilha El\u00e1stica de Mirtilo <span style=\"color: #ff0000\"><strong>&gt;&gt;&gt;&gt; O Melhor!<\/strong><\/span><br \/>\n25 Limonada de Frutos Silvestres<br \/>\n26 Limonada de Framboesa Azul<br \/>\n27 Framboesa Azeda Azul<br \/>\n28 Morango Red bull<br \/>\n29 Explos\u00e3o de ma\u00e7\u00e3 e bagas<br \/>\n30 Pastilha el\u00e1stica de melancia<br \/>\n31 Framboesa e melancia<br \/>\n32 Gelo preto<br \/>\n33 Mirtilo, cereja e arando<br \/>\n34 Rom\u00e3 de morango<br \/>\n35 Vimto<br \/>\n36 Cereja e bagas<br \/>\n37 Lim\u00e3o<br \/>\n38 Esmagamento de Bingo<br \/>\n39 Mirtilo kiwi<br \/>\n40 Ma\u00e7\u00e3 Canela<\/p>\n<h3><\/h3>\n<h3><strong>Porqu\u00ea Escolher Rmvapesale para RandM Tornado 9000 <\/strong><strong>V<\/strong><strong>Venda por grosso de vapes<\/strong><strong>?<\/strong><\/h3>\n<div class=\"flex-shrink-0 flex flex-col relative items-end\">\n<div class=\"pt-0\">\n<div class=\"gizmo-bot-avatar flex h-8 w-8 items-center justify-center overflow-hidden rounded-full\">\n<div class=\"relative p-1 rounded-sm flex items-center justify-center bg-token-main-surface-primary text-token-text-primary h-8 w-8\">\n<p>Bem-vindo \u00e0 Rmvapesale, a sua loja de vape de confian\u00e7a para vapes descart\u00e1veis premium. Com mais de 5 anos de experi\u00eancia, trazemos-lhe marcas populares de vapes descart\u00e1veis como Al Fakher, <a href=\"https:\/\/rmvapesale.com\/pt\/product\/vapme-crystal-7000-puffs-rechargeable-disposable-vape-price\/\">Vapme<\/a>, <a href=\"https:\/\/rmvapesale.com\/pt\/product-category\/bang-vapes\/\">Bang Vape<\/a>, Waspe, <a href=\"https:\/\/rmvapesale.com\/pt\/product\/wga-crystal-pro-max-extra-15k-puffs-disposable-vape-wholesale\/\">WGA<\/a> Vape e<a href=\"https:\/\/rmvapesale.com\/pt\/product-category\/randm-fumot-vape\/\"> RandM Vape<\/a>.<\/p>\n<p>A nossa gama inclui vapes de venda quente como o <a href=\"https:\/\/rmvapesale.com\/pt\/product\/fumot-digital-box-12000-disposable-vape-pink-lemonade-flavor\/\">RandM 12000<\/a> e op\u00e7\u00f5es ricas em sabor como o <a href=\"https:\/\/rmvapesale.com\/pt\/product\/elfbar-combo-25000-puffs-rechargeable-disposable-vape-wholesale\/\">ELFBAR Combo 25000 Puff<\/a>. Cada produto \u00e9 escolhido com foco na qualidade, valor e variedade, garantindo que encontre a combina\u00e7\u00e3o perfeita para as suas necessidades. Descubra um servi\u00e7o excecional e uma vasta gama de produtos de topo na Rmvapesale.<\/p>\n<\/div>\n<h3><\/h3>\n<div class=\"relative p-1 rounded-sm flex items-center justify-center bg-token-main-surface-primary text-token-text-primary h-8 w-8\">\n<h3><b>Perguntas Frequentes sobre o Vape Descart\u00e1vel Recarreg\u00e1vel Fumot 12000 Puffs<\/b><\/h3>\n<p><strong>Onde comprar o vape digital Fumot 12000?<\/strong><br \/>\nPara as melhores ofertas no Vape Descart\u00e1vel RandM Fumot 12000 Puffs, incluindo pre\u00e7os por atacado, visite a loja online Rmvapesale.<\/p>\n<p><strong>Quais s\u00e3o os sabores populares do vape descart\u00e1vel Fumot 12000?<\/strong><br \/>\nOs sabores populares incluem Goma de Mirtilo, Morango com Melancia, Gelo Lush, Gelo Uva e Menta Refrescante.<\/p>\n<p><strong>Como sei quando o meu Vape Fumot 12000 Puffs est\u00e1 vazio?<\/strong><br \/>\nO visor LED mostrar\u00e1 n\u00edveis baixos de e-l\u00edquido e bateria, indicando quando \u00e9 hora de recarregar ou substituir o vape.<\/p>\n<p><strong>Quanto tempo leva a carregar um Vape Recarreg\u00e1vel RandM 12000?<\/strong><br \/>\nNormalmente, leva cerca de 1-2 horas para recarregar completamente usando um carregador Tipo-C.<\/p>\n<p><strong>Qual \u00e9 a quantidade de nicotina num Vape Descart\u00e1vel Fumot RandM 12000?<\/strong><br \/>\nO dispositivo est\u00e1 dispon\u00edvel nas op\u00e7\u00f5es de nicotina 2% (20mg) e 5% (50mg).<\/p>\n<p><strong>Onde comprar vaporizadores RandM 12k puff a pre\u00e7os por atacado?<\/strong><br \/>\nA loja online Rmvapesale oferece pre\u00e7os por atacado em vaporizadores RandM 12000 Puffs.<\/p>\n<p><strong>Posso levar um vape descart\u00e1vel num avi\u00e3o?<\/strong><br \/>\nSim, os vapes descart\u00e1veis s\u00e3o permitidos na bagagem de m\u00e3o, mas devem seguir as regulamenta\u00e7\u00f5es da companhia a\u00e9rea relativas \u00e0s baterias de l\u00edtio.<\/p>\n<p><strong>Quantos puffs oferece o Vape RandM Fumot 12k?<\/strong><br \/>\nO RandM Fumot 12000 oferece at\u00e9 12.000 puffs por dispositivo.<\/p>\n<p><strong>Quanto tempo leva a carregar completamente o vape RandM Tornado 12000?<\/strong><br \/>\nLeva cerca de 1-2 horas a carregar completamente o vape RandM Tornado 12000 usando um carregador USB Tipo-C.<\/p>\n<\/div>\n<div class=\"mb-2 flex gap-3 empty:hidden -ml-2\"><\/div>\n<p>&nbsp;<\/p>\n<\/div>\n<\/div>\n<\/div>\n<h3>Sobre o Envio<\/h3>\n<div class=\"flex-shrink-0 flex flex-col relative items-end\">\n<div>\n<div class=\"pt-0\">\n<div class=\"gizmo-bot-avatar flex h-8 w-8 items-center justify-center overflow-hidden rounded-full\">\n<div><\/div>\n<div class=\"relative p-1 rounded-sm flex items-center justify-center bg-token-main-surface-primary text-token-text-primary h-8 w-8\"><strong>1. Que m\u00e9todos de envio s\u00e3o usados?<\/strong><\/div>\n<\/div>\n<\/div>\n<\/div>\n<\/div>\n<div class=\"group\/conversation-turn relative flex w-full min-w-0 flex-col agent-turn\">\n<div class=\"flex-col gap-1 md:gap-3\">\n<div class=\"flex max-w-full flex-col flex-grow\">\n<div class=\"min-h-[20px] text-message flex w-full flex-col items-end gap-2 whitespace-normal break-words [.text-message+&amp;]:mt-5 overflow-x-auto\" dir=\"auto\" data-message-author-role=\"assistant\" data-message-id=\"22f8283b-3233-46ff-89a5-c7a41b33abda\">\n<div class=\"flex w-full flex-col gap-1 empty:hidden first:pt-[3px]\">\n<div class=\"markdown prose w-full break-words dark:prose-invert light\">\n<p>Fazemos parceria com a UPS, DHL, FedEx, DPD e outras transportadoras l\u00edderes. Selecionaremos o melhor m\u00e9todo de envio com base na sua localiza\u00e7\u00e3o de entrega para garantir que receba os seus produtos o mais r\u00e1pido poss\u00edvel.<\/p>\n<\/div>\n<p><strong>2. Quanto tempo demora a chegar?<\/strong><\/p>\n<p>As encomendas enviadas para Portugal geralmente chegam dentro de 10 dias \u00fateis. O envio para pa\u00edses europeus demora geralmente cerca de 12-15 dias \u00fateis. Forneceremos atualiza\u00e7\u00f5es em tempo real sobre o estado do seu envio.<\/p>\n<\/div>\n<\/div>\n<\/div>\n<\/div>\n<\/div>\n<p>&nbsp;<\/p>\n<p>Encontre mais produtos de vape que talvez goste:<strong><em><a href=\"https:\/\/rmvapesale.com\/pt\/shop-2\/\">comprar agora &gt;&gt;&gt;<\/a><\/em><\/strong><\/p>","protected":false},"excerpt":{"rendered":"<p>Fumot RandM 12000 Puffs Caixa Digital Vape Descart\u00e1vel<br \/>\nFumot 12000 Vape Descart\u00e1vel Recarreg\u00e1vel Pre\u00e7o por Atacado<br \/>\nRandM Vape Fumot 12000 Vape Descart\u00e1vel de Baixa Nicotina 2%<\/p>\n<p><img loading=\"lazy\" decoding=\"async\" class=\"size-full wp-image-2375\" src=\"https:\/\/rmvapesale.com\/wp-content\/uploads\/2024\/10\/image.png\" alt=\"Melhor Vape Descart\u00e1vel\" width=\"229\" height=\"300\" \/><\/p>\n<h3><a href=\"https:\/\/wa.me\/8617776015835\"><span style=\"color: #ff0000\"><strong>WhatsApp: +86 17776015835<\/strong><\/span><\/a><\/h3>\n<p>&nbsp;<\/p>","protected":false},"featured_media":2733,"comment_status":"open","ping_status":"closed","template":"","meta":{"_uag_custom_page_level_css":"","_lmt_disableupdate":"no","_lmt_disable":"","site-sidebar-layout":"default","site-content-layout":"content-boxed-container","ast-site-content-layout":"normal-width-container","site-content-style":"boxed","site-sidebar-style":"unboxed","ast-global-header-display":"","ast-banner-title-visibility":"","ast-main-header-display":"","ast-hfb-above-header-display":"","ast-hfb-below-header-display":"","ast-hfb-mobile-header-display":"","site-post-title":"","ast-breadcrumbs-content":"","ast-featured-img":"","footer-sml-layout":"","ast-disable-related-posts":"","theme-transparent-header-meta":"default","adv-header-id-meta":"","stick-header-meta":"","header-above-stick-meta":"","header-main-stick-meta":"","header-below-stick-meta":"","astra-migrate-meta-layouts":"set","ast-page-background-enabled":"default","ast-page-background-meta":{"desktop":{"background-color":"var(--ast-global-color-4)","background-image":"","background-repeat":"repeat","background-position":"center center","background-size":"auto","background-attachment":"scroll","background-type":"","background-media":"","overlay-type":"","overlay-color":"","overlay-opacity":"","overlay-gradient":""},"tablet":{"background-color":"","background-image":"","background-repeat":"repeat","background-position":"center center","background-size":"auto","background-attachment":"scroll","background-type":"","background-media":"","overlay-type":"","overlay-color":"","overlay-opacity":"","overlay-gradient":""},"mobile":{"background-color":"","background-image":"","background-repeat":"repeat","background-position":"center center","background-size":"auto","background-attachment":"scroll","background-type":"","background-media":"","overlay-type":"","overlay-color":"","overlay-opacity":"","overlay-gradient":""}},"ast-content-background-meta":{"desktop":{"background-color":"var(--ast-global-color-5)","background-image":"","background-repeat":"repeat","background-position":"center center","background-size":"auto","background-attachment":"scroll","background-type":"","background-media":"","overlay-type":"","overlay-color":"","overlay-opacity":"","overlay-gradient":""},"tablet":{"background-color":"var(--ast-global-color-5)","background-image":"","background-repeat":"repeat","background-position":"center center","background-size":"auto","background-attachment":"scroll","background-type":"","background-media":"","overlay-type":"","overlay-color":"","overlay-opacity":"","overlay-gradient":""},"mobile":{"background-color":"var(--ast-global-color-5)","background-image":"","background-repeat":"repeat","background-position":"center center","background-size":"auto","background-attachment":"scroll","background-type":"","background-media":"","overlay-type":"","overlay-color":"","overlay-opacity":"","overlay-gradient":""}},"_joinchat":[]},"product_brand":[],"product_cat":[15,27,51,25,123,30,26,28,31,137,136,135],"product_tag":[212,214,39,213,38],"class_list":{"0":"post-2729","1":"product","2":"type-product","3":"status-publish","4":"has-post-thumbnail","6":"product_cat-new-vape-this-week","7":"product_cat-fance-hot-sale-vape","8":"product_cat-fumot-vape","9":"product_cat-germany-best-selling-vape","10":"product_cat-italy-wholesale-vape","11":"product_cat-minimum-order-quantity-50pcs","12":"product_cat-netherlands-hot-sale-vape","13":"product_cat-poland-hot-sale-vape","14":"product_cat-randm-fumot-vape","15":"product_cat-rechargeable-vapes","16":"product_cat-smart-screen-vapes","17":"product_cat-spain-best-hot-sale-vape","18":"product_tag-fumot-12000","19":"product_tag-fumot-12k","20":"product_tag-fumot-vape","21":"product_tag-randm-12000","22":"product_tag-randm-vape","23":"desktop-align-left","24":"tablet-align-left","25":"mobile-align-left","27":"first","28":"instock","29":"sale","30":"shipping-taxable","31":"purchasable","32":"product-type-simple"},"uagb_featured_image_src":{"full":["https:\/\/rmvapesale.com\/wp-content\/uploads\/2024\/11\/RandM-Vape-12000-Puffs-Disposable-Vape-Cheap-Price.jpg",800,800,false],"thumbnail":["https:\/\/rmvapesale.com\/wp-content\/uploads\/2024\/11\/RandM-Vape-12000-Puffs-Disposable-Vape-Cheap-Price-150x150.jpg",150,150,true],"medium":["https:\/\/rmvapesale.com\/wp-content\/uploads\/2024\/11\/RandM-Vape-12000-Puffs-Disposable-Vape-Cheap-Price-300x300.jpg",300,300,true],"medium_large":["https:\/\/rmvapesale.com\/wp-content\/uploads\/2024\/11\/RandM-Vape-12000-Puffs-Disposable-Vape-Cheap-Price-768x768.jpg",768,768,true],"large":["https:\/\/rmvapesale.com\/wp-content\/uploads\/2024\/11\/RandM-Vape-12000-Puffs-Disposable-Vape-Cheap-Price.jpg",800,800,false],"1536x1536":["https:\/\/rmvapesale.com\/wp-content\/uploads\/2024\/11\/RandM-Vape-12000-Puffs-Disposable-Vape-Cheap-Price.jpg",800,800,false],"2048x2048":["https:\/\/rmvapesale.com\/wp-content\/uploads\/2024\/11\/RandM-Vape-12000-Puffs-Disposable-Vape-Cheap-Price.jpg",800,800,false],"trp-custom-language-flag":["https:\/\/rmvapesale.com\/wp-content\/uploads\/2024\/11\/RandM-Vape-12000-Puffs-Disposable-Vape-Cheap-Price.jpg",12,12,false],"woocommerce_thumbnail":["https:\/\/rmvapesale.com\/wp-content\/uploads\/2024\/11\/RandM-Vape-12000-Puffs-Disposable-Vape-Cheap-Price-300x300.jpg",300,300,true],"woocommerce_single":["https:\/\/rmvapesale.com\/wp-content\/uploads\/2024\/11\/RandM-Vape-12000-Puffs-Disposable-Vape-Cheap-Price-600x600.jpg",600,600,true],"woocommerce_gallery_thumbnail":["https:\/\/rmvapesale.com\/wp-content\/uploads\/2024\/11\/RandM-Vape-12000-Puffs-Disposable-Vape-Cheap-Price-100x100.jpg",100,100,true],"wcpr-photo-reviews":["https:\/\/rmvapesale.com\/wp-content\/uploads\/2024\/11\/RandM-Vape-12000-Puffs-Disposable-Vape-Cheap-Price.jpg",500,500,false]},"uagb_author_info":{"display_name":"AMY","author_link":"https:\/\/rmvapesale.com\/pt\/author\/"},"uagb_comment_info":0,"uagb_excerpt":"Fumot RandM 12000 Puffs Digital Box Disposable Vape Fumot 12000 Rechargeable Disposable Vape Wholesale Price RandM Vape Fumot 12000 Low Nicotine Disposable Vape 2% WhatsApp: +86 17776015835 &nbsp;","_links":{"self":[{"href":"https:\/\/rmvapesale.com\/pt\/wp-json\/wp\/v2\/product\/2729","targetHints":{"allow":["GET"]}}],"collection":[{"href":"https:\/\/rmvapesale.com\/pt\/wp-json\/wp\/v2\/product"}],"about":[{"href":"https:\/\/rmvapesale.com\/pt\/wp-json\/wp\/v2\/types\/product"}],"replies":[{"embeddable":true,"href":"https:\/\/rmvapesale.com\/pt\/wp-json\/wp\/v2\/comments?post=2729"}],"wp:featuredmedia":[{"embeddable":true,"href":"https:\/\/rmvapesale.com\/pt\/wp-json\/wp\/v2\/media\/2733"}],"wp:attachment":[{"href":"https:\/\/rmvapesale.com\/pt\/wp-json\/wp\/v2\/media?parent=2729"}],"wp:term":[{"taxonomy":"product_brand","embeddable":true,"href":"https:\/\/rmvapesale.com\/pt\/wp-json\/wp\/v2\/product_brand?post=2729"},{"taxonomy":"product_cat","embeddable":true,"href":"https:\/\/rmvapesale.com\/pt\/wp-json\/wp\/v2\/product_cat?post=2729"},{"taxonomy":"product_tag","embeddable":true,"href":"https:\/\/rmvapesale.com\/pt\/wp-json\/wp\/v2\/product_tag?post=2729"}],"curies":[{"name":"wp","href":"https:\/\/api.w.org\/{rel}","templated":true}]}}