{"id":2761,"date":"2024-11-20T07:54:06","date_gmt":"2024-11-20T07:54:06","guid":{"rendered":"https:\/\/rmvapesale.com\/?post_type=product&#038;p=2761"},"modified":"2024-11-20T08:51:16","modified_gmt":"2024-11-20T08:51:16","slug":"waspe-vape-40000-puffs-double-flavor-led-screen-disposable-vape-wholesale-price","status":"publish","type":"product","link":"https:\/\/rmvapesale.com\/pt\/product\/waspe-vape-40000-puffs-double-flavor-led-screen-disposable-vape-wholesale-price\/","title":{"rendered":"WASPE Vape 40000 Puffs Sabor Duplo Ecr\u00e3 LED Vaporizador Descart\u00e1vel Pre\u00e7o de Atacado"},"content":{"rendered":"<div class=\"B2VR9 CJHX3e\">\n<div class=\"wyccme\">\n<h1 class=\"LC20lb MBeuO DKV0Md\">WASPE Vape 40000 Puffs Sabor Duplo Ecr\u00e3 LED Vaporizador Descart\u00e1vel Pre\u00e7o de Atacado<\/h1>\n<div class=\"flex-shrink-0 flex flex-col relative items-end\">\n<div class=\"pt-0\">\n<div class=\"gizmo-bot-avatar flex h-8 w-8 items-center justify-center overflow-hidden rounded-full\">\n<div class=\"relative p-1 rounded-sm flex items-center justify-center bg-token-main-surface-primary text-token-text-primary h-8 w-8\">\n<p>O <strong>WASPE Vape 40000 Puffs Vape Descart\u00e1vel de Sabor Duplo<\/strong>, um dispositivo de ponta concebido para vapers que procuram desempenho duradouro, conveni\u00eancia e experi\u00eancias de sabor vibrantes. Este vape inovador combina <strong>tecnologia de sabor duplo<\/strong> com uma potente bateria recarreg\u00e1vel, garantindo que cada puff \u00e9 satisfat\u00f3rio e perfeito. Este dispositivo destaca-se pela sua <strong>tecnologia de sabor duplo<\/strong> e <strong>capacidade de 40.000 puffs<\/strong>, tornando-o uma escolha de topo para quem procura combinar conveni\u00eancia com uma experi\u00eancia de vaping excecional. O seu <strong>design port\u00e1til e sem manuten\u00e7\u00e3o<\/strong> \u00e9 perfeito para uso di\u00e1rio, enquanto o ecr\u00e3 LED inteligente garante que est\u00e1 sempre no controlo do seu dispositivo.<\/p>\n<\/div>\n<p>O <strong>WASPE Vape Vape Descart\u00e1vel<\/strong> \u00e9 ideal para quem est\u00e1 no <strong>mercado grossista de vape<\/strong>. Com as suas <strong>caracter\u00edsticas inovadoras<\/strong>, design dur\u00e1vel e alta capacidade de puffs, este produto \u00e9 um must-have para o seu invent\u00e1rio. O seu <strong>pre\u00e7o grossista<\/strong> e popularidade no <strong>marcas de vape descart\u00e1veis<\/strong> categoria tornam-no uma op\u00e7\u00e3o de destaque. Eleve a sua experi\u00eancia de vaping com o <strong>WASPE 40K Vape de Sabor Duplo<\/strong>\u2014onde a tecnologia avan\u00e7ada encontra sabores ousados e satisfat\u00f3rios. Perfeito para uso pessoal ou compra por grosso!<\/p>\n<\/div>\n<\/div>\n<\/div>\n<\/div>\n<\/div>\n<p><strong>Contacte a Amy para obter a resposta certa e cup\u00e3o de vape!<\/strong><\/p>\n<p><img loading=\"lazy\" decoding=\"async\" class=\"size-full wp-image-1978\" src=\"https:\/\/rmvapesale.com\/wp-content\/uploads\/2024\/09\/Disposable-Vape-Wholesale.jpg\" alt=\"Venda por grosso de vapes descart\u00e1veis\" width=\"229\" height=\"300\" \/><\/p>\n<h3><a href=\"https:\/\/wa.me\/8617776015835\" target=\"_blank\" rel=\"noopener\"><span style=\"color: #ff0000\"><strong>WhatsApp: +86 17776015835<\/strong><\/span><\/a><\/h3>\n<p>&nbsp;<\/p>\n<h2><\/h2>\n<h2><strong>Principais Caracter\u00edsticas do WASPE Vape 40000 Puffs<\/strong><\/h2>\n<ul>\n<li><strong>Capacidade de Puffs Incompar\u00e1vel<\/strong>: Com uns incr\u00edveis <strong>40.000 puffs<\/strong>, este dispositivo oferece uma longevidade incompar\u00e1vel, eliminando o inc\u00f3modo de substitui\u00e7\u00f5es frequentes.<\/li>\n<li><strong>Volume Generoso de E-l\u00edquido<\/strong>: Pr\u00e9-cheio com <strong>36mL de e-l\u00edquido premium<\/strong>, proporcionando uma sess\u00e3o de vaping prolongada com menos interrup\u00e7\u00f5es.<\/li>\n<li><strong>Bateria Recarreg\u00e1vel de 850mAh<\/strong>: Equipado com uma <strong>Porta de carregamento r\u00e1pido Tipo-C<\/strong>, a bateria garante recargas r\u00e1pidas e energia consistente, tornando-o o <strong>vape recarreg\u00e1vel<\/strong> ideal para vapers em movimento.<\/li>\n<li><strong>Bobinas de Malha Dupla<\/strong>: A tecnologia avan\u00e7ada da bobina melhora a entrega de sabor e cria nuvens suaves e densas, perfeitas para entusiastas de sabor.<\/li>\n<li><strong>Op\u00e7\u00f5es de Nicotina<\/strong>: Dispon\u00edvel em <strong>Teores de nicotina de 0%, 2% ou 5%<\/strong>, atendendo a diversas prefer\u00eancias para uma experi\u00eancia personaliz\u00e1vel.<\/li>\n<li><strong>Inova\u00e7\u00e3o de Sabor Duplo<\/strong>: Desfrute de <strong>dois sabores distintos<\/strong> num \u00fanico dispositivo, como <em>Morango Banana<\/em> combinado com <em>Gelo de Anan\u00e1s e Coco<\/em>, para uma jornada de vaping refrescante e \u00fanica.<\/li>\n<li><strong>Ecr\u00e3 LED<\/strong>: Mantenha-se informado com o <strong>ecr\u00e3 LED inteligente<\/strong>, fornecendo dados em tempo real sobre a contagem de puffs, a dura\u00e7\u00e3o da bateria e o sabor ativo.<\/li>\n<li>&nbsp;\n<p><figure id=\"attachment_2757\" aria-describedby=\"caption-attachment-2757\" style=\"width: 800px\" class=\"wp-caption alignnone\"><img loading=\"lazy\" decoding=\"async\" class=\"wp-image-2757 size-full\" src=\"https:\/\/rmvapesale.com\/wp-content\/uploads\/2024\/11\/Waspe-40000-Puffs-Dispsoable-Vape-Wholesale.jpg\" alt=\"Waspe 40000 Puffs Vape Descart\u00e1vel por Grosso\" width=\"800\" height=\"800\" srcset=\"https:\/\/rmvapesale.com\/wp-content\/uploads\/2024\/11\/Waspe-40000-Puffs-Dispsoable-Vape-Wholesale.jpg 800w, https:\/\/rmvapesale.com\/wp-content\/uploads\/2024\/11\/Waspe-40000-Puffs-Dispsoable-Vape-Wholesale-300x300.jpg 300w, https:\/\/rmvapesale.com\/wp-content\/uploads\/2024\/11\/Waspe-40000-Puffs-Dispsoable-Vape-Wholesale-150x150.jpg 150w, https:\/\/rmvapesale.com\/wp-content\/uploads\/2024\/11\/Waspe-40000-Puffs-Dispsoable-Vape-Wholesale-768x768.jpg 768w, https:\/\/rmvapesale.com\/wp-content\/uploads\/2024\/11\/Waspe-40000-Puffs-Dispsoable-Vape-Wholesale-600x600.jpg 600w, https:\/\/rmvapesale.com\/wp-content\/uploads\/2024\/11\/Waspe-40000-Puffs-Dispsoable-Vape-Wholesale-100x100.jpg 100w\" sizes=\"auto, (max-width: 800px) 100vw, 800px\" \/><figcaption id=\"caption-attachment-2757\" class=\"wp-caption-text\">Waspe 40000 Puffs Vape Descart\u00e1vel por Grosso<\/figcaption><\/figure><\/li>\n<\/ul>\n<h2><strong>Melhor Sabor para WASPE Vape 40k Puffs<\/strong><\/h2>\n<p>1 gelo de melancia \/ Lima-lim\u00e3o <span style=\"color: #ff0000\"><strong>&gt;&gt;&gt;&gt; Quente!<\/strong><\/span><br \/>\n2 gelo de cereja efervescente \/ algod\u00e3o doce de mirtilo<br \/>\n3 melancia morango \/ framboesa mirtilo <span style=\"color: #ff0000\"><strong>&gt;&gt;&gt;&gt; Quente!<\/strong><\/span><br \/>\n4 gelo de red bull \/ manga morango<br \/>\n5 gelo de p\u00eassego \/ p\u00eassego manga anan\u00e1s<br \/>\n6 gelo de uva \/ kiwi morango<br \/>\n7 frutos silvestres \/ gelo de ma\u00e7\u00e3 dupla<br \/>\n8 limonada Razz azul \/ pastilha el\u00e1stica de melancia<br \/>\n9 cereja framboesa morango \/ love 666<br \/>\n10 banana morango \/ gelo de coco anan\u00e1s<br \/>\n11 pastilha el\u00e1stica de melancia morango \/ frutos mistos<br \/>\n12 gelo de cola cereja \/ rebu\u00e7ado de framboesa morango <span style=\"color: #ff0000\"><strong>&gt;&gt;&gt;&gt; O Melhor!<\/strong><\/span><br \/>\n13 framboesa ma\u00e7\u00e3 azeda \/ big bang de morango<br \/>\n14 p\u00eassego baga \/ p\u00eassego manga melancia<br \/>\n15 mirtilo gelado \/ drag\u00e3o negro gelado<br \/>\n16 morango cereja \/ kiwi maracuj\u00e1 goiaba<\/p>\n<p>&nbsp;<\/p>\n<h3><strong>Porqu\u00ea Escolher a Rmvapesale para Waspe 40000 Puffs <\/strong><strong>V<\/strong><strong>Venda por grosso de vapes<\/strong><strong>?<\/strong><\/h3>\n<div class=\"flex-shrink-0 flex flex-col relative items-end\">\n<div class=\"pt-0\">\n<div class=\"gizmo-bot-avatar flex h-8 w-8 items-center justify-center overflow-hidden rounded-full\">\n<div class=\"relative p-1 rounded-sm flex items-center justify-center bg-token-main-surface-primary text-token-text-primary h-8 w-8\">\n<p>Bem-vindo \u00e0 Rmvapesale, a sua loja de vape de confian\u00e7a para vapes descart\u00e1veis premium. Com mais de 5 anos de experi\u00eancia, trazemos-lhe marcas populares de vapes descart\u00e1veis como Al Fakher, <a href=\"https:\/\/rmvapesale.com\/pt\/product\/vapme-crystal-7000-puffs-rechargeable-disposable-vape-price\/\">Vapme<\/a>, <a href=\"https:\/\/rmvapesale.com\/pt\/product-category\/bang-vapes\/\">Bang Vape<\/a>, Waspe, <a href=\"https:\/\/rmvapesale.com\/pt\/product\/wga-crystal-pro-max-extra-15k-puffs-disposable-vape-wholesale\/\">WGA<\/a> Vape e<a href=\"https:\/\/rmvapesale.com\/pt\/product-category\/randm-fumot-vape\/\"> RandM Vape<\/a>.<\/p>\n<p>A nossa gama inclui vapes de venda quente como o <a href=\"https:\/\/rmvapesale.com\/pt\/product\/fumot-randm-12000-strawberry-kiwi-flavor-disposable-vape-wholesale-netherlands\/\">RandM 12000 Puffs<\/a> e op\u00e7\u00f5es ricas em sabor como o <a href=\"https:\/\/rmvapesale.com\/pt\/product\/wga-crystal-pro-max-extra-15k-puffs-disposable-vape-wholesale\/\">WGA 15K<\/a>. Cada produto \u00e9 escolhido com foco na qualidade, valor e variedade, garantindo que encontre a combina\u00e7\u00e3o perfeita para as suas necessidades. Descubra um servi\u00e7o excecional e uma vasta gama de produtos de topo na Rmvapesale.<\/p>\n<\/div>\n<h3><\/h3>\n<div class=\"relative p-1 rounded-sm flex items-center justify-center bg-token-main-surface-primary text-token-text-primary h-8 w-8\">\n<h3><b>Perguntas Frequentes sobre o Vape Descart\u00e1vel Recarreg\u00e1vel Waspe 40000 Puffs<\/b><\/h3>\n<div class=\"group\/conversation-turn relative flex w-full min-w-0 flex-col agent-turn\">\n<div class=\"flex-col gap-1 md:gap-3\">\n<div class=\"flex max-w-full flex-col flex-grow\">\n<div class=\"min-h-8 text-message flex w-full flex-col items-end gap-2 whitespace-normal break-words [.text-message+&amp;]:mt-5\" dir=\"auto\" data-message-author-role=\"assistant\" data-message-id=\"00c9b302-bc9c-4550-94ba-5a295efa2be3\" data-message-model-slug=\"gpt-4o\">\n<div class=\"flex w-full flex-col gap-1 empty:hidden first:pt-[3px]\">\n<div class=\"markdown prose w-full break-words dark:prose-invert light\">\n<div class=\"flex-shrink-0 flex flex-col relative items-end\">\n<div>\n<div class=\"pt-0\">\n<div class=\"gizmo-bot-avatar flex h-8 w-8 items-center justify-center overflow-hidden rounded-full\">\n<div class=\"relative p-1 rounded-sm flex items-center justify-center bg-token-main-surface-primary text-token-text-primary h-8 w-8\">\n<div class=\"flex-shrink-0 flex flex-col relative items-end\">\n<div>\n<div class=\"pt-0\">\n<div class=\"gizmo-bot-avatar flex h-8 w-8 items-center justify-center overflow-hidden rounded-full\">\n<div class=\"relative p-1 rounded-sm flex items-center justify-center bg-token-main-surface-primary text-token-text-primary h-8 w-8\">\n<p><strong>P: Quais s\u00e3o os sabores populares para a caneta de vape descart\u00e1vel Waspe 40000 Puffs?<\/strong><br \/>\nR: O <strong>Waspe Vape 40000 Puffs<\/strong> oferece combina\u00e7\u00f5es de sabores duplos, como <em>Morango Banana<\/em> e <em>Gelo de Anan\u00e1s e Coco<\/em>, tornando-o uma excelente escolha para quem procura experi\u00eancias de sabor refrescantes e \u00fanicas.<\/p>\n<p><strong>P: Como sei quando o meu Waspe 40000 Smart Vape est\u00e1 vazio?<\/strong><br \/>\nR: O <strong>O ecr\u00e3 LED<\/strong> no Waspe 40000 Smart Vape mostra o n\u00edvel de e-l\u00edquido. Quando indica que o e-l\u00edquido est\u00e1 vazio, est\u00e1 na hora de substituir o dispositivo.<\/p>\n<p><strong>P: Quanto tempo demora a carregar um vape recarreg\u00e1vel Waspe 40000?<\/strong><br \/>\nR: O Waspe 40000 usa um <strong>Porta de carregamento r\u00e1pido Tipo-C<\/strong>, permitindo que recarregue totalmente em cerca de <strong>45-60 minutos<\/strong>.<\/p>\n<p><strong>P: Quanta nicotina existe num vape descart\u00e1vel Waspe 40000?<\/strong><br \/>\nR: O Waspe 40000 est\u00e1 dispon\u00edvel em <strong>Teores de nicotina de 0%, 2% ou 5%<\/strong> (equivalente a 50mg para a op\u00e7\u00e3o de 5%), atendendo a diferentes prefer\u00eancias.<\/p>\n<p><strong>P: Onde posso comprar Vapes Waspe 40000 Puff a pre\u00e7os de atacado?<\/strong><br \/>\nR: O <strong>Vape Descart\u00e1vel Waspe 40000 Puffs<\/strong> est\u00e1 dispon\u00edvel atrav\u00e9s de <strong>venda por grosso de vapes<\/strong> distribuidores e retalhistas online especializados em <strong>compra a granel<\/strong> e <strong>marcas populares de vapes descart\u00e1veis<\/strong>.<\/p>\n<p><strong>P: Quantos puffs oferece o Waspe Vape 40000 Puffs?<\/strong><br \/>\nR: O Waspe Vape oferece uns impressionantes <strong>40.000 puffs<\/strong>, proporcionando satisfa\u00e7\u00e3o e conveni\u00eancia prolongadas.<\/p>\n<p><strong>P: Quanto tempo demora a carregar totalmente o Waspe 40000 Disposable Vape?<\/strong><br \/>\nR: Carregar totalmente o Waspe 40000 demora aproximadamente <strong>45-60 minutos<\/strong>, gra\u00e7as ao seu eficiente <strong>Sistema de carregamento Type-C<\/strong>.<\/p>\n<\/div>\n<\/div>\n<\/div>\n<\/div>\n<\/div>\n<\/div>\n<\/div>\n<\/div>\n<\/div>\n<\/div>\n<div class=\"group\/conversation-turn relative flex w-full min-w-0 flex-col agent-turn\">\n<div class=\"flex-col gap-1 md:gap-3\">\n<div class=\"flex max-w-full flex-col flex-grow\">\n<div class=\"min-h-8 text-message flex w-full flex-col items-end gap-2 whitespace-normal break-words [.text-message+&amp;]:mt-5\" dir=\"auto\" data-message-author-role=\"assistant\" data-message-id=\"a3dc01bd-23b0-4fd7-bb9a-7827522cefd8\" data-message-model-slug=\"gpt-4o\">\n<div class=\"flex w-full flex-col gap-1 empty:hidden first:pt-[3px]\"><\/div>\n<\/div>\n<\/div>\n<\/div>\n<\/div>\n<\/div>\n<\/div>\n<\/div>\n<\/div>\n<\/div>\n<\/div>\n<\/div>\n<\/div>\n<\/div>\n<\/div>\n<h3>Sobre o Envio<\/h3>\n<div class=\"flex-shrink-0 flex flex-col relative items-end\">\n<div>\n<div class=\"pt-0\">\n<div class=\"gizmo-bot-avatar flex h-8 w-8 items-center justify-center overflow-hidden rounded-full\">\n<div><\/div>\n<div class=\"relative p-1 rounded-sm flex items-center justify-center bg-token-main-surface-primary text-token-text-primary h-8 w-8\"><strong>1. Que m\u00e9todos de envio s\u00e3o usados?<\/strong><\/div>\n<\/div>\n<\/div>\n<\/div>\n<\/div>\n<div class=\"group\/conversation-turn relative flex w-full min-w-0 flex-col agent-turn\">\n<div class=\"flex-col gap-1 md:gap-3\">\n<div class=\"flex max-w-full flex-col flex-grow\">\n<div class=\"min-h-[20px] text-message flex w-full flex-col items-end gap-2 whitespace-normal break-words [.text-message+&amp;]:mt-5 overflow-x-auto\" dir=\"auto\" data-message-author-role=\"assistant\" data-message-id=\"22f8283b-3233-46ff-89a5-c7a41b33abda\">\n<div class=\"flex w-full flex-col gap-1 empty:hidden first:pt-[3px]\">\n<div class=\"markdown prose w-full break-words dark:prose-invert light\">\n<p>Fazemos parceria com a UPS, DHL, FedEx, DPD e outras transportadoras l\u00edderes. Selecionaremos o melhor m\u00e9todo de envio com base na sua localiza\u00e7\u00e3o de entrega para garantir que receba os seus produtos o mais r\u00e1pido poss\u00edvel.<\/p>\n<\/div>\n<p><strong>2. Quanto tempo demora a chegar?<\/strong><\/p>\n<p>As encomendas enviadas para Portugal geralmente chegam dentro de 10 dias \u00fateis. O envio para pa\u00edses europeus demora geralmente cerca de 12-15 dias \u00fateis. Forneceremos atualiza\u00e7\u00f5es em tempo real sobre o estado do seu envio.<\/p>\n<\/div>\n<\/div>\n<\/div>\n<\/div>\n<\/div>\n<p>&nbsp;<\/p>\n<p>Encontre mais produtos de vape que talvez goste:<strong><em><a href=\"https:\/\/rmvapesale.com\/pt\/shop-2\/\">comprar agora &gt;&gt;&gt;<\/a><\/em><\/strong><\/p>","protected":false},"excerpt":{"rendered":"<p>O dispositivo WASPE Vape de 40 000 Puffs destaca-se com a sua tecnologia de sabor duplo e capacidade de 40 000 puffs, tornando-o uma excelente escolha para quem procura combinar conveni\u00eancia com uma experi\u00eancia de vaping excecional.<\/p>\n<p><img loading=\"lazy\" decoding=\"async\" class=\"size-full wp-image-2375\" src=\"https:\/\/rmvapesale.com\/wp-content\/uploads\/2024\/10\/image.png\" alt=\"Melhor Vape Descart\u00e1vel\" width=\"229\" height=\"300\" \/><\/p>\n<h3><a href=\"https:\/\/wa.me\/8617776015835\"><span style=\"color: #ff0000\"><strong>WhatsApp: +86 17776015835<\/strong><\/span><\/a><\/h3>\n<p>&nbsp;<\/p>","protected":false},"featured_media":2759,"comment_status":"open","ping_status":"closed","template":"","meta":{"_uag_custom_page_level_css":"","_lmt_disableupdate":"no","_lmt_disable":"","site-sidebar-layout":"default","site-content-layout":"content-boxed-container","ast-site-content-layout":"normal-width-container","site-content-style":"boxed","site-sidebar-style":"unboxed","ast-global-header-display":"","ast-banner-title-visibility":"","ast-main-header-display":"","ast-hfb-above-header-display":"","ast-hfb-below-header-display":"","ast-hfb-mobile-header-display":"","site-post-title":"","ast-breadcrumbs-content":"","ast-featured-img":"","footer-sml-layout":"","theme-transparent-header-meta":"default","adv-header-id-meta":"","stick-header-meta":"","header-above-stick-meta":"","header-main-stick-meta":"","header-below-stick-meta":"","astra-migrate-meta-layouts":"set","ast-page-background-enabled":"default","ast-page-background-meta":{"desktop":{"background-color":"var(--ast-global-color-4)","background-image":"","background-repeat":"repeat","background-position":"center center","background-size":"auto","background-attachment":"scroll","background-type":"","background-media":"","overlay-type":"","overlay-color":"","overlay-opacity":"","overlay-gradient":""},"tablet":{"background-color":"","background-image":"","background-repeat":"repeat","background-position":"center center","background-size":"auto","background-attachment":"scroll","background-type":"","background-media":"","overlay-type":"","overlay-color":"","overlay-opacity":"","overlay-gradient":""},"mobile":{"background-color":"","background-image":"","background-repeat":"repeat","background-position":"center center","background-size":"auto","background-attachment":"scroll","background-type":"","background-media":"","overlay-type":"","overlay-color":"","overlay-opacity":"","overlay-gradient":""}},"ast-content-background-meta":{"desktop":{"background-color":"var(--ast-global-color-5)","background-image":"","background-repeat":"repeat","background-position":"center center","background-size":"auto","background-attachment":"scroll","background-type":"","background-media":"","overlay-type":"","overlay-color":"","overlay-opacity":"","overlay-gradient":""},"tablet":{"background-color":"var(--ast-global-color-5)","background-image":"","background-repeat":"repeat","background-position":"center center","background-size":"auto","background-attachment":"scroll","background-type":"","background-media":"","overlay-type":"","overlay-color":"","overlay-opacity":"","overlay-gradient":""},"mobile":{"background-color":"var(--ast-global-color-5)","background-image":"","background-repeat":"repeat","background-position":"center center","background-size":"auto","background-attachment":"scroll","background-type":"","background-media":"","overlay-type":"","overlay-color":"","overlay-opacity":"","overlay-gradient":""}},"_joinchat":[]},"product_brand":[],"product_cat":[15,25,123,26,28,135,27,137,136,30],"product_tag":[222,220,221],"class_list":{"0":"post-2761","1":"product","2":"type-product","3":"status-publish","4":"has-post-thumbnail","6":"product_cat-new-vape-this-week","7":"product_cat-germany-best-selling-vape","8":"product_cat-italy-wholesale-vape","9":"product_cat-netherlands-hot-sale-vape","10":"product_cat-poland-hot-sale-vape","11":"product_cat-spain-best-hot-sale-vape","12":"product_cat-fance-hot-sale-vape","13":"product_cat-rechargeable-vapes","14":"product_cat-smart-screen-vapes","15":"product_cat-minimum-order-quantity-50pcs","16":"product_tag-double-flavor-vape","17":"product_tag-waspe-40000","18":"product_tag-waspe-vape","19":"desktop-align-left","20":"tablet-align-left","21":"mobile-align-left","23":"first","24":"instock","25":"sale","26":"shipping-taxable","27":"purchasable","28":"product-type-simple"},"uagb_featured_image_src":{"full":["https:\/\/rmvapesale.com\/wp-content\/uploads\/2024\/11\/WASPE-40000-Rechargeable-Disposable-Vape.jpg",1000,1000,false],"thumbnail":["https:\/\/rmvapesale.com\/wp-content\/uploads\/2024\/11\/WASPE-40000-Rechargeable-Disposable-Vape-150x150.jpg",150,150,true],"medium":["https:\/\/rmvapesale.com\/wp-content\/uploads\/2024\/11\/WASPE-40000-Rechargeable-Disposable-Vape-300x300.jpg",300,300,true],"medium_large":["https:\/\/rmvapesale.com\/wp-content\/uploads\/2024\/11\/WASPE-40000-Rechargeable-Disposable-Vape-768x768.jpg",768,768,true],"large":["https:\/\/rmvapesale.com\/wp-content\/uploads\/2024\/11\/WASPE-40000-Rechargeable-Disposable-Vape.jpg",1000,1000,false],"1536x1536":["https:\/\/rmvapesale.com\/wp-content\/uploads\/2024\/11\/WASPE-40000-Rechargeable-Disposable-Vape.jpg",1000,1000,false],"2048x2048":["https:\/\/rmvapesale.com\/wp-content\/uploads\/2024\/11\/WASPE-40000-Rechargeable-Disposable-Vape.jpg",1000,1000,false],"trp-custom-language-flag":["https:\/\/rmvapesale.com\/wp-content\/uploads\/2024\/11\/WASPE-40000-Rechargeable-Disposable-Vape.jpg",12,12,false],"woocommerce_thumbnail":["https:\/\/rmvapesale.com\/wp-content\/uploads\/2024\/11\/WASPE-40000-Rechargeable-Disposable-Vape-300x300.jpg",300,300,true],"woocommerce_single":["https:\/\/rmvapesale.com\/wp-content\/uploads\/2024\/11\/WASPE-40000-Rechargeable-Disposable-Vape-600x600.jpg",600,600,true],"woocommerce_gallery_thumbnail":["https:\/\/rmvapesale.com\/wp-content\/uploads\/2024\/11\/WASPE-40000-Rechargeable-Disposable-Vape-100x100.jpg",100,100,true],"wcpr-photo-reviews":["https:\/\/rmvapesale.com\/wp-content\/uploads\/2024\/11\/WASPE-40000-Rechargeable-Disposable-Vape.jpg",500,500,false]},"uagb_author_info":{"display_name":"AMY","author_link":"https:\/\/rmvapesale.com\/pt\/author\/"},"uagb_comment_info":0,"uagb_excerpt":"WASPE Vape 40000 Puffs device stands out with its dual-flavor technology and 40,000-puff capacity, making it a top choice for anyone looking to combine convenience with an exceptional vaping experience. WhatsApp: +86 17776015835 &nbsp;","_links":{"self":[{"href":"https:\/\/rmvapesale.com\/pt\/wp-json\/wp\/v2\/product\/2761","targetHints":{"allow":["GET"]}}],"collection":[{"href":"https:\/\/rmvapesale.com\/pt\/wp-json\/wp\/v2\/product"}],"about":[{"href":"https:\/\/rmvapesale.com\/pt\/wp-json\/wp\/v2\/types\/product"}],"replies":[{"embeddable":true,"href":"https:\/\/rmvapesale.com\/pt\/wp-json\/wp\/v2\/comments?post=2761"}],"wp:featuredmedia":[{"embeddable":true,"href":"https:\/\/rmvapesale.com\/pt\/wp-json\/wp\/v2\/media\/2759"}],"wp:attachment":[{"href":"https:\/\/rmvapesale.com\/pt\/wp-json\/wp\/v2\/media?parent=2761"}],"wp:term":[{"taxonomy":"product_brand","embeddable":true,"href":"https:\/\/rmvapesale.com\/pt\/wp-json\/wp\/v2\/product_brand?post=2761"},{"taxonomy":"product_cat","embeddable":true,"href":"https:\/\/rmvapesale.com\/pt\/wp-json\/wp\/v2\/product_cat?post=2761"},{"taxonomy":"product_tag","embeddable":true,"href":"https:\/\/rmvapesale.com\/pt\/wp-json\/wp\/v2\/product_tag?post=2761"}],"curies":[{"name":"wp","href":"https:\/\/api.w.org\/{rel}","templated":true}]}}