{"id":2776,"date":"2024-11-22T08:14:08","date_gmt":"2024-11-22T08:14:08","guid":{"rendered":"https:\/\/rmvapesale.com\/?post_type=product&#038;p=2776"},"modified":"2024-11-27T02:39:49","modified_gmt":"2024-11-27T02:39:49","slug":"jnr-vapewatch-30000-smart-phone-vapes-wholesale-cheap-price","status":"publish","type":"product","link":"https:\/\/rmvapesale.com\/pt\/product\/jnr-vapewatch-30000-smart-phone-vapes-wholesale-cheap-price\/","title":{"rendered":"JNR Vapewatch 30000 Telem\u00f3vel Inteligente Vapes Pre\u00e7o Barato por Grosso"},"content":{"rendered":"<div class=\"B2VR9 CJHX3e\">\n<div class=\"wyccme\">\n<h1 class=\"LC20lb MBeuO DKV0Md\">JNR Vapewatch 30000 Telem\u00f3vel Inteligente Vapes Pre\u00e7o Barato por Grosso<\/h1>\n<div class=\"flex-shrink-0 flex flex-col relative items-end\">\n<div class=\"pt-0\">\n<div class=\"gizmo-bot-avatar flex h-8 w-8 items-center justify-center overflow-hidden rounded-full\">\n<div class=\"relative p-1 rounded-sm flex items-center justify-center bg-token-main-surface-primary text-token-text-primary h-8 w-8\">\n<p>Eleve a sua experi\u00eancia de vaping com o <strong>JNR VapeWatch 30000 Telem\u00f3vel Inteligente Vapes<\/strong>, a combina\u00e7\u00e3o perfeita de design de ponta e funcionalidade avan\u00e7ada. Com um <strong>ecr\u00e3 t\u00e1til digital destac\u00e1vel<\/strong>, este vape funciona como um smartwatch, oferecendo <strong>notifica\u00e7\u00f5es de chamadas e mensagens de texto<\/strong>, <strong>modo de bloqueio<\/strong>, e um <strong>Funcionalidade Encontre o Seu Vape<\/strong>. O <strong>Modo Regular<\/strong> proporciona um incr\u00edvel <strong>30.000 puffs<\/strong>, enquanto o <strong>Modo Pulse<\/strong> oferece <strong>18.000 puffs<\/strong>, tornando-o ideal para uso prolongado. Fabricado com <strong>e-l\u00edquido de nicotina 5%<\/strong>, proporciona uma experi\u00eancia satisfat\u00f3ria e saborosa em cada puff. Quer seja um principiante ou um vaper experiente, este dispositivo inovador \u00e9 feito \u00e0 medida para um <strong>vaping MTL<\/strong>.<\/p>\n<p>suave e agrad\u00e1vel. Os compradores grossistas v\u00e3o adorar a versatilidade e as funcionalidades premium do <strong>JNR VapeWatch 30000<\/strong>. Com o controlo inteligente da aplica\u00e7\u00e3o, pode monitorizar a sua utiliza\u00e7\u00e3o, personalizar as defini\u00e7\u00f5es e desbloquear uma experi\u00eancia de vaping verdadeiramente personalizada. O seu <strong>controlo remoto da c\u00e2mara<\/strong> adiciona uma funcionalidade divertida e \u00fanica ao dispositivo, enquanto o seu design elegante o torna um tema de conversa. Dispon\u00edvel a granel, este vape \u00e9 uma excelente escolha para retalhistas e distribuidores que procuram o mais recente em tecnologia de vape descart\u00e1vel. Mantenha-se \u00e0 frente do mercado com este dispositivo inovador.<\/p>\n<\/div>\n<\/div>\n<\/div>\n<\/div>\n<\/div>\n<\/div>\n<p><strong>Contacte a Amy para obter a resposta certa e cup\u00e3o de vape!<\/strong><\/p>\n<p><img loading=\"lazy\" decoding=\"async\" class=\"size-full wp-image-1978\" src=\"https:\/\/rmvapesale.com\/wp-content\/uploads\/2024\/09\/Disposable-Vape-Wholesale.jpg\" alt=\"Venda por grosso de vapes descart\u00e1veis\" width=\"229\" height=\"300\" \/><\/p>\n<h3><a href=\"https:\/\/wa.me\/8617776015835\" target=\"_blank\" rel=\"noopener\"><span style=\"color: #ff0000\"><strong>WhatsApp: +86 17776015835<\/strong><\/span><\/a><\/h3>\n<p>&nbsp;<\/p>\n<h2><\/h2>\n<h2><strong>Principais Caracter\u00edsticas do JNR Vapewatch 30000 Puffs<\/strong><\/h2>\n<ul>\n<li><strong>30.000 puffs no Modo Regular<\/strong>, 18.000 no Modo Pulse.<\/li>\n<li><strong>Fun\u00e7\u00f5es de smartwatch<\/strong>, incluindo alertas de chamadas e mensagens.<\/li>\n<li><strong>e-l\u00edquido de nicotina 5%<\/strong>, perfeito para vaping MTL suave.<\/li>\n<li><strong>Funcionalidade Encontre o Seu Vape<\/strong> para maior conveni\u00eancia.<\/li>\n<li><strong>Defini\u00e7\u00f5es controladas por aplica\u00e7\u00e3o<\/strong> para uma experi\u00eancia personalizada.<\/li>\n<\/ul>\n<h2><strong>Melhor Sabor para JNR Vapewatch 30000<\/strong><\/h2>\n<p>1.Blue Razz Ice <span style=\"color: #ff0000\"><strong>&gt;&gt;&gt;&gt; Quente!<\/strong><\/span><br \/>\n2.Strawberry Ice<br \/>\n3. Gelo de Melancia<br \/>\n4. Menta Miami <span style=\"color: #ff0000\"><strong>&gt;&gt;&gt;&gt; Quente!<\/strong><\/span><br \/>\n5. Banana com Morango<br \/>\n6. Frutos Silvestres Triplos <span style=\"color: #ff0000\"><strong>&gt;&gt;&gt;&gt; O Melhor!<\/strong><\/span><br \/>\n7. Gelo de Ma\u00e7\u00e3 Azeda<br \/>\n8. Melancia com Mirtilo<br \/>\n9. P\u00eassego da Ge\u00f3rgia<br \/>\n10. Manga Laranja<\/p>\n<h3><strong>Por que escolher a Rmvapesale para JNR Vapewatch 30000 Puffs <\/strong><strong>V<\/strong><strong>Venda por grosso de vapes<\/strong><strong>?<\/strong><\/h3>\n<div class=\"flex-shrink-0 flex flex-col relative items-end\">\n<div class=\"pt-0\">\n<div class=\"gizmo-bot-avatar flex h-8 w-8 items-center justify-center overflow-hidden rounded-full\">\n<div class=\"relative p-1 rounded-sm flex items-center justify-center bg-token-main-surface-primary text-token-text-primary h-8 w-8\">\n<p>Bem-vindo \u00e0 Rmvapesale, a sua loja de vapes de confian\u00e7a para vapes descart\u00e1veis premium. Com mais de 5 anos de experi\u00eancia, trazemos-lhe marcas populares de vapes descart\u00e1veis, como Al Fakher, Vapme Vape, <a href=\"https:\/\/rmvapesale.com\/pt\/product-category\/bang-vapes\/\">Bang Vape<\/a>, Waspe, WGA Vape e<a href=\"https:\/\/rmvapesale.com\/pt\/product-category\/randm-fumot-vape\/\"> RandM Vape<\/a>.<\/p>\n<p>A nossa gama inclui vapes de venda quente como o <a href=\"https:\/\/rmvapesale.com\/pt\/product\/randm-tornado-15000-puffs-vape-wholesale\/\">RandM Tornado 15000<\/a> e op\u00e7\u00f5es ricas em sabor como o Vapme 70000. Cada produto \u00e9 escolhido com foco na qualidade, valor e variedade, garantindo que encontra a combina\u00e7\u00e3o perfeita para as suas necessidades. Descubra um servi\u00e7o excecional e uma vasta gama de produtos de topo na Rmvapesale.<\/p>\n<\/div>\n<h3><\/h3>\n<div class=\"relative p-1 rounded-sm flex items-center justify-center bg-token-main-surface-primary text-token-text-primary h-8 w-8\">\n<h3><b> Perguntas frequentes sobre <\/b><b>Alien JNR Vapewatch 30000 Vape Descart\u00e1vel Recarreg\u00e1vel<\/b><\/h3>\n<div class=\"group\/conversation-turn relative flex w-full min-w-0 flex-col agent-turn\">\n<div class=\"flex-col gap-1 md:gap-3\">\n<div class=\"flex max-w-full flex-col flex-grow\">\n<div class=\"min-h-8 text-message flex w-full flex-col items-end gap-2 whitespace-normal break-words [.text-message+&amp;]:mt-5\" dir=\"auto\" data-message-author-role=\"assistant\" data-message-id=\"00c9b302-bc9c-4550-94ba-5a295efa2be3\" data-message-model-slug=\"gpt-4o\">\n<div class=\"flex w-full flex-col gap-1 empty:hidden first:pt-[3px]\">\n<div class=\"markdown prose w-full break-words dark:prose-invert light\">\n<div class=\"flex-shrink-0 flex flex-col relative items-end\">\n<div>\n<div class=\"pt-0\">\n<div class=\"gizmo-bot-avatar flex h-8 w-8 items-center justify-center overflow-hidden rounded-full\">\n<div class=\"relative p-1 rounded-sm flex items-center justify-center bg-token-main-surface-primary text-token-text-primary h-8 w-8\">\n<div class=\"flex-shrink-0 flex flex-col relative items-end\">\n<div>\n<div class=\"pt-0\">\n<div class=\"gizmo-bot-avatar flex h-8 w-8 items-center justify-center overflow-hidden rounded-full\">\n<div class=\"relative p-1 rounded-sm flex items-center justify-center bg-token-main-surface-primary text-token-text-primary h-8 w-8\">\n<ul>\n<li><strong>Onde na Alemanha posso comprar online o JNR VapeWatch 30000 Smart Phone Vape?<\/strong><br \/>\nPode comprar o <strong>JNR VapeWatch 30000<\/strong> Smart Phone Vape em v\u00e1rios retalhistas online especializados em <strong>venda por grosso de vapes<\/strong> ou produtos de vapes descart\u00e1veis. Certifique-se de que verifica as lojas ou plataformas de vapes online locais que atendem ao mercado alem\u00e3o para verificar a disponibilidade.<\/li>\n<li><strong>Qual \u00e9 o maior n\u00famero de puffs dos vapes descart\u00e1veis JNR VapeWatch 33K?<\/strong><br \/>\nO JNR VapeWatch oferece at\u00e9 <strong>30.000 puffs<\/strong> in <strong>Modo Regular<\/strong>, que \u00e9 a contagem mais alta de puffs para este dispositivo. (Nota: 33K pode ser um erro de digita\u00e7\u00e3o ou informa\u00e7\u00e3o incorreta, pois o dispositivo atinge um m\u00e1ximo de 30K puffs.)<\/li>\n<li><strong>Qual \u00e9 o sabor popular para a caneta vape descart\u00e1vel JNR VapeWatch 30000 Puffs?<\/strong><br \/>\nOs sabores populares para o JNR VapeWatch 30000 incluem <strong>Blue Razz Ice<\/strong>, <strong>Strawberry Ice<\/strong>e <strong>Grape Ice<\/strong>, que s\u00e3o conhecidos pelo seu sabor ousado e refrescante e pela entrega suave de nicotina.<\/li>\n<li><strong>Quanto tempo demora para carregar um Vape Recarreg\u00e1vel JNR 30000 Puffs?<\/strong><br \/>\nO tempo de carregamento para o <strong>JNR VapeWatch 30000<\/strong> normalmente depende da sua <strong>bateria recarreg\u00e1vel tipo C<\/strong> e capacidade do carregador. Geralmente, leva cerca de <strong>1,5 a 2 horas<\/strong> para uma carga completa.<\/li>\n<li><strong>Quanta nicotina h\u00e1 num Vape Descart\u00e1vel JNR 30K?<\/strong><br \/>\nO Vape Descart\u00e1vel JNR 30K cont\u00e9m <strong>5% de for\u00e7a de nicotina (50mg\/ml)<\/strong>, garantindo um impacto forte e satisfat\u00f3rio para os utilizadores.<\/li>\n<\/ul>\n<\/div>\n<\/div>\n<\/div>\n<\/div>\n<\/div>\n<\/div>\n<\/div>\n<\/div>\n<\/div>\n<\/div>\n<div class=\"group\/conversation-turn relative flex w-full min-w-0 flex-col agent-turn\">\n<div class=\"flex-col gap-1 md:gap-3\">\n<div class=\"flex max-w-full flex-col flex-grow\">\n<div class=\"min-h-8 text-message flex w-full flex-col items-end gap-2 whitespace-normal break-words [.text-message+&amp;]:mt-5\" dir=\"auto\" data-message-author-role=\"assistant\" data-message-id=\"a3dc01bd-23b0-4fd7-bb9a-7827522cefd8\" data-message-model-slug=\"gpt-4o\">\n<div class=\"flex w-full flex-col gap-1 empty:hidden first:pt-[3px]\"><\/div>\n<\/div>\n<\/div>\n<\/div>\n<\/div>\n<\/div>\n<\/div>\n<\/div>\n<\/div>\n<\/div>\n<\/div>\n<\/div>\n<\/div>\n<\/div>\n<\/div>\n<h3>Sobre o Envio<\/h3>\n<div class=\"flex-shrink-0 flex flex-col relative items-end\">\n<div>\n<div class=\"pt-0\">\n<div class=\"gizmo-bot-avatar flex h-8 w-8 items-center justify-center overflow-hidden rounded-full\">\n<div><\/div>\n<div class=\"relative p-1 rounded-sm flex items-center justify-center bg-token-main-surface-primary text-token-text-primary h-8 w-8\"><strong>1. Que m\u00e9todos de envio s\u00e3o usados?<\/strong><\/div>\n<\/div>\n<\/div>\n<\/div>\n<\/div>\n<div class=\"group\/conversation-turn relative flex w-full min-w-0 flex-col agent-turn\">\n<div class=\"flex-col gap-1 md:gap-3\">\n<div class=\"flex max-w-full flex-col flex-grow\">\n<div class=\"min-h-[20px] text-message flex w-full flex-col items-end gap-2 whitespace-normal break-words [.text-message+&amp;]:mt-5 overflow-x-auto\" dir=\"auto\" data-message-author-role=\"assistant\" data-message-id=\"22f8283b-3233-46ff-89a5-c7a41b33abda\">\n<div class=\"flex w-full flex-col gap-1 empty:hidden first:pt-[3px]\">\n<div class=\"markdown prose w-full break-words dark:prose-invert light\">\n<p>Fazemos parceria com a UPS, DHL, FedEx, DPD e outras transportadoras l\u00edderes. Selecionaremos o melhor m\u00e9todo de envio com base na sua localiza\u00e7\u00e3o de entrega para garantir que receba os seus produtos o mais r\u00e1pido poss\u00edvel.<\/p>\n<\/div>\n<p><strong>2. Quanto tempo demora a chegar?<\/strong><\/p>\n<p>As encomendas enviadas para Portugal geralmente chegam dentro de 10 dias \u00fateis. O envio para pa\u00edses europeus demora geralmente cerca de 12-15 dias \u00fateis. Forneceremos atualiza\u00e7\u00f5es em tempo real sobre o estado do seu envio.<\/p>\n<\/div>\n<\/div>\n<\/div>\n<\/div>\n<\/div>\n<p>&nbsp;<\/p>\n<p>Encontre mais produtos de vape que talvez goste:<strong><em><a href=\"https:\/\/rmvapesale.com\/pt\/shop-2\/\">comprar agora &gt;&gt;&gt;<\/a><\/em><\/strong><\/p>","protected":false},"excerpt":{"rendered":"<p>O <strong>JNR Alien 10000 Puffs Vape Descart\u00e1vel Recarreg\u00e1vel<\/strong> \u00e9 projetado para aqueles que priorizam conveni\u00eancia e desempenho. Com um pr\u00e9-cheio <strong>capacidade de e-l\u00edquido de 20ml<\/strong>, este dispositivo oferece at\u00e9 <strong>10.000 puffs<\/strong>, garantindo sess\u00f5es de vaping prolongadas sem substitui\u00e7\u00f5es frequentes.<\/p>\n<p><img loading=\"lazy\" decoding=\"async\" class=\"size-full wp-image-2375\" src=\"https:\/\/rmvapesale.com\/wp-content\/uploads\/2024\/10\/image.png\" alt=\"Melhor Vape Descart\u00e1vel\" width=\"229\" height=\"300\" \/><\/p>\n<h3><a href=\"https:\/\/wa.me\/8617776015835\"><span style=\"color: #ff0000\"><strong>WhatsApp: +86 17776015835<\/strong><\/span><\/a><\/h3>\n<p>&nbsp;<\/p>","protected":false},"featured_media":2793,"comment_status":"open","ping_status":"closed","template":"","meta":{"_uag_custom_page_level_css":"","_lmt_disableupdate":"no","_lmt_disable":"","site-sidebar-layout":"default","site-content-layout":"content-boxed-container","ast-site-content-layout":"normal-width-container","site-content-style":"boxed","site-sidebar-style":"unboxed","ast-global-header-display":"","ast-banner-title-visibility":"","ast-main-header-display":"","ast-hfb-above-header-display":"","ast-hfb-below-header-display":"","ast-hfb-mobile-header-display":"","site-post-title":"","ast-breadcrumbs-content":"","ast-featured-img":"","footer-sml-layout":"","ast-disable-related-posts":"","theme-transparent-header-meta":"default","adv-header-id-meta":"","stick-header-meta":"","header-above-stick-meta":"","header-main-stick-meta":"","header-below-stick-meta":"","astra-migrate-meta-layouts":"set","ast-page-background-enabled":"default","ast-page-background-meta":{"desktop":{"background-color":"var(--ast-global-color-4)","background-image":"","background-repeat":"repeat","background-position":"center center","background-size":"auto","background-attachment":"scroll","background-type":"","background-media":"","overlay-type":"","overlay-color":"","overlay-opacity":"","overlay-gradient":""},"tablet":{"background-color":"","background-image":"","background-repeat":"repeat","background-position":"center center","background-size":"auto","background-attachment":"scroll","background-type":"","background-media":"","overlay-type":"","overlay-color":"","overlay-opacity":"","overlay-gradient":""},"mobile":{"background-color":"","background-image":"","background-repeat":"repeat","background-position":"center center","background-size":"auto","background-attachment":"scroll","background-type":"","background-media":"","overlay-type":"","overlay-color":"","overlay-opacity":"","overlay-gradient":""}},"ast-content-background-meta":{"desktop":{"background-color":"var(--ast-global-color-5)","background-image":"","background-repeat":"repeat","background-position":"center center","background-size":"auto","background-attachment":"scroll","background-type":"","background-media":"","overlay-type":"","overlay-color":"","overlay-opacity":"","overlay-gradient":""},"tablet":{"background-color":"var(--ast-global-color-5)","background-image":"","background-repeat":"repeat","background-position":"center center","background-size":"auto","background-attachment":"scroll","background-type":"","background-media":"","overlay-type":"","overlay-color":"","overlay-opacity":"","overlay-gradient":""},"mobile":{"background-color":"var(--ast-global-color-5)","background-image":"","background-repeat":"repeat","background-position":"center center","background-size":"auto","background-attachment":"scroll","background-type":"","background-media":"","overlay-type":"","overlay-color":"","overlay-opacity":"","overlay-gradient":""}},"_joinchat":[]},"product_brand":[],"product_cat":[15,27,25,123,30,26,28,137,136,135],"product_tag":[223,227,205,229,228],"class_list":{"0":"post-2776","1":"product","2":"type-product","3":"status-publish","4":"has-post-thumbnail","6":"product_cat-new-vape-this-week","7":"product_cat-fance-hot-sale-vape","8":"product_cat-germany-best-selling-vape","9":"product_cat-italy-wholesale-vape","10":"product_cat-minimum-order-quantity-50pcs","11":"product_cat-netherlands-hot-sale-vape","12":"product_cat-poland-hot-sale-vape","13":"product_cat-rechargeable-vapes","14":"product_cat-smart-screen-vapes","15":"product_cat-spain-best-hot-sale-vape","16":"product_tag-jnr","17":"product_tag-jnr-30000","18":"product_tag-jnr-vape","19":"product_tag-smart-disposable-vapes","20":"product_tag-touch-screen-vape","21":"desktop-align-left","22":"tablet-align-left","23":"mobile-align-left","25":"first","26":"instock","27":"sale","28":"shipping-taxable","29":"purchasable","30":"product-type-simple"},"uagb_featured_image_src":{"full":["https:\/\/rmvapesale.com\/wp-content\/uploads\/2024\/11\/JNR-VapeWatch-Removable-Screen-30K-Disposable-Vape.png",1126,1126,false],"thumbnail":["https:\/\/rmvapesale.com\/wp-content\/uploads\/2024\/11\/JNR-VapeWatch-Removable-Screen-30K-Disposable-Vape-150x150.png",150,150,true],"medium":["https:\/\/rmvapesale.com\/wp-content\/uploads\/2024\/11\/JNR-VapeWatch-Removable-Screen-30K-Disposable-Vape-300x300.png",300,300,true],"medium_large":["https:\/\/rmvapesale.com\/wp-content\/uploads\/2024\/11\/JNR-VapeWatch-Removable-Screen-30K-Disposable-Vape-768x768.png",768,768,true],"large":["https:\/\/rmvapesale.com\/wp-content\/uploads\/2024\/11\/JNR-VapeWatch-Removable-Screen-30K-Disposable-Vape-1024x1024.png",1024,1024,true],"1536x1536":["https:\/\/rmvapesale.com\/wp-content\/uploads\/2024\/11\/JNR-VapeWatch-Removable-Screen-30K-Disposable-Vape.png",1126,1126,false],"2048x2048":["https:\/\/rmvapesale.com\/wp-content\/uploads\/2024\/11\/JNR-VapeWatch-Removable-Screen-30K-Disposable-Vape.png",1126,1126,false],"trp-custom-language-flag":["https:\/\/rmvapesale.com\/wp-content\/uploads\/2024\/11\/JNR-VapeWatch-Removable-Screen-30K-Disposable-Vape.png",12,12,false],"woocommerce_thumbnail":["https:\/\/rmvapesale.com\/wp-content\/uploads\/2024\/11\/JNR-VapeWatch-Removable-Screen-30K-Disposable-Vape-300x300.png",300,300,true],"woocommerce_single":["https:\/\/rmvapesale.com\/wp-content\/uploads\/2024\/11\/JNR-VapeWatch-Removable-Screen-30K-Disposable-Vape-600x600.png",600,600,true],"woocommerce_gallery_thumbnail":["https:\/\/rmvapesale.com\/wp-content\/uploads\/2024\/11\/JNR-VapeWatch-Removable-Screen-30K-Disposable-Vape-100x100.png",100,100,true],"wcpr-photo-reviews":["https:\/\/rmvapesale.com\/wp-content\/uploads\/2024\/11\/JNR-VapeWatch-Removable-Screen-30K-Disposable-Vape.png",500,500,false]},"uagb_author_info":{"display_name":"AMY","author_link":"https:\/\/rmvapesale.com\/pt\/author\/"},"uagb_comment_info":0,"uagb_excerpt":"The JNR Alien 10000 Puffs Rechargeable Disposable Vape is engineered for those who prioritize both convenience and performance. With a pre-filled 20ml e-liquid capacity, this device offers up to 10,000 puffs, ensuring extended vaping sessions without frequent replacements. WhatsApp: +86 17776015835 &nbsp;","_links":{"self":[{"href":"https:\/\/rmvapesale.com\/pt\/wp-json\/wp\/v2\/product\/2776","targetHints":{"allow":["GET"]}}],"collection":[{"href":"https:\/\/rmvapesale.com\/pt\/wp-json\/wp\/v2\/product"}],"about":[{"href":"https:\/\/rmvapesale.com\/pt\/wp-json\/wp\/v2\/types\/product"}],"replies":[{"embeddable":true,"href":"https:\/\/rmvapesale.com\/pt\/wp-json\/wp\/v2\/comments?post=2776"}],"wp:featuredmedia":[{"embeddable":true,"href":"https:\/\/rmvapesale.com\/pt\/wp-json\/wp\/v2\/media\/2793"}],"wp:attachment":[{"href":"https:\/\/rmvapesale.com\/pt\/wp-json\/wp\/v2\/media?parent=2776"}],"wp:term":[{"taxonomy":"product_brand","embeddable":true,"href":"https:\/\/rmvapesale.com\/pt\/wp-json\/wp\/v2\/product_brand?post=2776"},{"taxonomy":"product_cat","embeddable":true,"href":"https:\/\/rmvapesale.com\/pt\/wp-json\/wp\/v2\/product_cat?post=2776"},{"taxonomy":"product_tag","embeddable":true,"href":"https:\/\/rmvapesale.com\/pt\/wp-json\/wp\/v2\/product_tag?post=2776"}],"curies":[{"name":"wp","href":"https:\/\/api.w.org\/{rel}","templated":true}]}}