{"id":2799,"date":"2024-11-28T03:16:57","date_gmt":"2024-11-28T03:16:57","guid":{"rendered":"https:\/\/rmvapesale.com\/?post_type=product&#038;p=2799"},"modified":"2024-11-28T03:38:01","modified_gmt":"2024-11-28T03:38:01","slug":"wga-30000-puffs-double-flavors-refillable-disposable-vape-bulk-price","status":"publish","type":"product","link":"https:\/\/rmvapesale.com\/pt\/product\/wga-30000-puffs-double-flavors-refillable-disposable-vape-bulk-price\/","title":{"rendered":"WGA 30000 Puffs Sabores Duplos Vaporizador Descart\u00e1vel Recarreg\u00e1vel Pre\u00e7o a Granel"},"content":{"rendered":"<div class=\"B2VR9 CJHX3e\">\n<div class=\"wyccme\">\n<h1 class=\"LC20lb MBeuO DKV0Md\">WGA 30000 Puffs Sabores Duplos Vape Descart\u00e1vel Recarreg\u00e1vel a Granel<\/h1>\n<div class=\"flex-shrink-0 flex flex-col relative items-end\">\n<div class=\"pt-0\">\n<div class=\"gizmo-bot-avatar flex h-8 w-8 items-center justify-center overflow-hidden rounded-full\">\n<div class=\"relative p-1 rounded-sm flex items-center justify-center bg-token-main-surface-primary text-token-text-primary h-8 w-8\">\n<p>O <strong>WGA 30000 Puffs Sabores Duplos Vape Descart\u00e1vel Recarreg\u00e1vel<\/strong>, um dispositivo revolucion\u00e1rio concebido para vaporizadores que procuram versatilidade e desempenho incompar\u00e1veis. Com uma capacidade de <strong>30.000 puffs<\/strong>, este vape oferece uma experi\u00eancia incrivelmente duradoura, perfeita para uso prolongado ou compras em grande quantidade. O <strong>sistema de sabor duplo<\/strong> permite aos utilizadores alternar facilmente entre dois sabores, proporcionando uma experi\u00eancia de vaping din\u00e2mica que nunca \u00e9 mon\u00f3tona. Cada dispositivo apresenta uma <strong>capacidade de e-l\u00edquido pr\u00e9-carregado de 2ml<\/strong> e um compartimento adicional de <strong>20ml recarreg\u00e1vel<\/strong>, garantindo flexibilidade e controlo aprimorado do sabor. Alimentado por uma <strong>bateria recarreg\u00e1vel Type-C de 650mAh<\/strong> e equipado com um <strong>bobina de malha<\/strong>, este dispositivo fornece vapor consistente e suave com sabor \u00f3timo.<\/p>\n<p>O <strong>Vape WGA 30k<\/strong> \u00e9 concebido para conveni\u00eancia e funcionalidade, ostentando um <strong>visor digital LED<\/strong> que informa sobre os n\u00edveis de bateria e e-l\u00edquido. Com um <strong>concentra\u00e7\u00e3o de nicotina de 2%<\/strong>, atende aqueles que procuram uma op\u00e7\u00e3o de vaping com nicotina baixa e satisfat\u00f3ria. Escolha entre <strong>15+ sabores premium<\/strong>, cada um projetado para proporcionar uma experi\u00eancia de sabor excecional. Perfeito para compradores por grosso ou utilizadores individuais, este wga 30k <strong>vape descart\u00e1vel inteligente<\/strong> combina estilo, inova\u00e7\u00e3o e desempenho para uma experi\u00eancia de vaping elevada.<\/p>\n<\/div>\n<\/div>\n<\/div>\n<\/div>\n<\/div>\n<\/div>\n<p><strong>Contacte a Amy para obter a resposta certa e cup\u00e3o de vape!<\/strong><\/p>\n<p><img loading=\"lazy\" decoding=\"async\" class=\"size-full wp-image-1978\" src=\"https:\/\/rmvapesale.com\/wp-content\/uploads\/2024\/09\/Disposable-Vape-Wholesale.jpg\" alt=\"Venda por grosso de vapes descart\u00e1veis\" width=\"229\" height=\"300\" \/><\/p>\n<h3><a href=\"https:\/\/wa.me\/8617776015835\" target=\"_blank\" rel=\"noopener\"><span style=\"color: #ff0000\"><strong>WhatsApp: +86 17776015835<\/strong><\/span><\/a><\/h3>\n<p>&nbsp;<\/p>\n<h2><\/h2>\n<h2><strong>WGA 30000 Puffs Caracter\u00edsticas principais<\/strong><\/h2>\n<ul>\n<li>At\u00e9 <strong>30.000 puffs<\/strong> para uso prolongado<\/li>\n<li><strong>Sistema de dupla sabor<\/strong> para uma experi\u00eancia din\u00e2mica e personaliz\u00e1vel<\/li>\n<li><strong>bateria recarreg\u00e1vel Type-C de 650mAh<\/strong> garante recarga r\u00e1pida<\/li>\n<li><strong>ecr\u00e3 LED<\/strong> indica n\u00edveis de bateria e de e-l\u00edquido<\/li>\n<li>Inclui <strong>Capacidade de e-l\u00edquido recarreg\u00e1vel de 2ml+20ml<\/strong> para maior flexibilidade<\/li>\n<\/ul>\n<h2><strong>Sabor principal para WGA 30K<\/strong><\/h2>\n<p>1.Glacier Mint + Menthol Triplo<br \/>\n2.Lim\u00e3o Lime + Limonada de Lim\u00e3o<br \/>\n3.Cereja Fizz + Framboesa de Cereja <span style=\"color: #ff0000\"><strong>&gt;&gt;&gt;&gt; Quente!<\/strong><\/span><br \/>\n4.Melancia Gelo + Ma\u00e7\u00e3 Dupla<br \/>\n5.Abacaxi Gelo + Manga Juicy<br \/>\n6.Gummy Bear + Skittles<br \/>\n7.Blue Razz Cherry + Skittles<br \/>\n8.Mr Blue + Framboesa Azul Azeda <span style=\"color: #ff0000\"><strong>&gt;&gt;&gt;&gt; Quente!<\/strong><\/span><br \/>\n9. Sakura Uva + Urso de Goma Uva<br \/>\n10. Mirtilo Framboesa Cereja + Mirtilo Morango Cranberry<br \/>\n11. P\u00eassego Juicy + Manga P\u00eassego Melancia<br \/>\n12. Morango Framboesa Gelo + Morango Skittles <span style=\"color: #ff0000\"><strong>&gt;&gt;&gt;&gt; O Melhor!<\/strong><\/span><br \/>\n13. Mirtilo Gelo + Morango Gelo<br \/>\n14. P\u00eassego Goiaba Morango + P\u00eassego Juicy<br \/>\n15. Slush Azul + Slush Rosa<\/p>\n<p>&nbsp;<\/p>\n<h3><strong>Por que escolher a Rmvapesale para WGA 30000 Puffs <\/strong><strong>V<\/strong><strong>Venda por grosso de vapes<\/strong><strong>?<\/strong><\/h3>\n<div class=\"flex-shrink-0 flex flex-col relative items-end\">\n<div class=\"pt-0\">\n<div class=\"gizmo-bot-avatar flex h-8 w-8 items-center justify-center overflow-hidden rounded-full\">\n<div class=\"relative p-1 rounded-sm flex items-center justify-center bg-token-main-surface-primary text-token-text-primary h-8 w-8\">\n<p>Bem-vindo \u00e0 Rmvapesale, a sua loja de vapes de confian\u00e7a para vapes descart\u00e1veis premium. Com mais de 5 anos de experi\u00eancia, trazemos-lhe marcas populares de vapes descart\u00e1veis, como Al Fakher, Vapme Vape, <a href=\"https:\/\/rmvapesale.com\/pt\/product-category\/bang-vapes\/\">Bang Vape<\/a>, Waspe, WGA Vape e<a href=\"https:\/\/rmvapesale.com\/pt\/product-category\/randm-fumot-vape\/\"> RandM Vape<\/a>.<\/p>\n<p>A nossa gama inclui vapes de venda quente como o <a href=\"https:\/\/rmvapesale.com\/pt\/product\/randm-tornado-15000-puffs-vape-wholesale\/\">RandM Tornado 15000<\/a> e op\u00e7\u00f5es ricas em sabor como o Vapme 70000. Cada produto \u00e9 escolhido com foco na qualidade, valor e variedade, garantindo que encontra a combina\u00e7\u00e3o perfeita para as suas necessidades. Descubra um servi\u00e7o excecional e uma vasta gama de produtos de topo na Rmvapesale.<\/p>\n<\/div>\n<h3><\/h3>\n<div class=\"relative p-1 rounded-sm flex items-center justify-center bg-token-main-surface-primary text-token-text-primary h-8 w-8\">\n<h3><b> Perguntas frequentes sobre <\/b><b>Vape descart\u00e1vel recarreg\u00e1vel WGA 30K<\/b><\/h3>\n<div class=\"group\/conversation-turn relative flex w-full min-w-0 flex-col agent-turn\">\n<div class=\"flex-col gap-1 md:gap-3\">\n<div class=\"flex max-w-full flex-col flex-grow\">\n<div class=\"min-h-8 text-message flex w-full flex-col items-end gap-2 whitespace-normal break-words [.text-message+&amp;]:mt-5\" dir=\"auto\" data-message-author-role=\"assistant\" data-message-id=\"00c9b302-bc9c-4550-94ba-5a295efa2be3\" data-message-model-slug=\"gpt-4o\">\n<div class=\"flex w-full flex-col gap-1 empty:hidden first:pt-[3px]\">\n<div class=\"markdown prose w-full break-words dark:prose-invert light\">\n<div class=\"flex-shrink-0 flex flex-col relative items-end\">\n<div>\n<div class=\"pt-0\">\n<div class=\"gizmo-bot-avatar flex h-8 w-8 items-center justify-center overflow-hidden rounded-full\">\n<div class=\"relative p-1 rounded-sm flex items-center justify-center bg-token-main-surface-primary text-token-text-primary h-8 w-8\">\n<div class=\"flex-shrink-0 flex flex-col relative items-end\">\n<div>\n<div class=\"pt-0\">\n<div class=\"gizmo-bot-avatar flex h-8 w-8 items-center justify-center overflow-hidden rounded-full\">\n<div class=\"relative p-1 rounded-sm flex items-center justify-center bg-token-main-surface-primary text-token-text-primary h-8 w-8\">\n<ul>\n<li><strong>Onde comprar vape WGA 30k a pre\u00e7o de atacado em Portugal<\/strong><br \/>\nPode comprar o <strong>Vape WGA 30k<\/strong> a pre\u00e7os de atacado atrav\u00e9s de retalhistas online de confian\u00e7a e distribuidores de vaporizadores que enviam para Portugal. Certifique-se de escolher fornecedores confi\u00e1veis especializados em <strong>venda por grosso de vapes<\/strong> para produtos aut\u00eanticos.<\/li>\n<li><strong>Quantos bafos fornece o vaporizador WGA 30k baforadas?<\/strong><br \/>\nO <strong>Vape WGA 30k<\/strong> proporciona um impressionante <strong>30.000 puffs<\/strong>, tornando-o ideal para uso prolongado e compradores em massa.<\/li>\n<li><strong>Quanto tempo dura a caneta de vaporizador descart\u00e1vel WGA 30000 popular?<\/strong><br \/>\nA vida \u00fatil do <strong>vaporizador WGA 30000<\/strong> depende dos h\u00e1bitos de uso individual. Em m\u00e9dia, os utilizadores regulares podem perceber que dura entre <strong>2 a 4 semanas<\/strong>.<\/li>\n<li><strong>Quais s\u00e3o os sabores populares para a caixa de vaporizadores descart\u00e1veis WGA 30k Puff?<\/strong><br \/>\nSabores populares para o <strong>Vape WGA 30k<\/strong> incluem <strong>Blue Razz Ice<\/strong>, <strong>Morango Banana<\/strong>, <strong>Menta Fresca<\/strong>, e outras op\u00e7\u00f5es dispon\u00edveis na <strong>15+ sabores premium<\/strong> dispon\u00edvel.<\/li>\n<li><strong>Quanto tempo leva a carregar um vaporizador recarreg\u00e1vel WGA LEGEND ULTRA 30K Puffs?<\/strong><br \/>\nO <strong>WGA LEGEND ULTRA 30k<\/strong> vaporizador apresenta uma <strong>bateria recarreg\u00e1vel Type-C de 650mAh<\/strong>, que normalmente leva cerca de <strong>45 minutos a 1 hora<\/strong> para carregar completamente.<\/li>\n<li><strong>Qual \u00e9 a quantidade de nicotina num vaporizador descart\u00e1vel WGA LEGEND ULTRA 30000?<\/strong><br \/>\nO <strong>vaporizador WGA LEGEND ULTRA 30000<\/strong> cont\u00e9m <strong>concentra\u00e7\u00e3o de nicotina de 2%<\/strong>, oferecendo uma experi\u00eancia satisfat\u00f3ria com baixo teor de nicotina.<\/li>\n<\/ul>\n<\/div>\n<\/div>\n<\/div>\n<\/div>\n<\/div>\n<\/div>\n<\/div>\n<\/div>\n<\/div>\n<\/div>\n<div class=\"group\/conversation-turn relative flex w-full min-w-0 flex-col agent-turn\">\n<div class=\"flex-col gap-1 md:gap-3\">\n<div class=\"flex max-w-full flex-col flex-grow\">\n<div class=\"min-h-8 text-message flex w-full flex-col items-end gap-2 whitespace-normal break-words [.text-message+&amp;]:mt-5\" dir=\"auto\" data-message-author-role=\"assistant\" data-message-id=\"a3dc01bd-23b0-4fd7-bb9a-7827522cefd8\" data-message-model-slug=\"gpt-4o\">\n<div class=\"flex w-full flex-col gap-1 empty:hidden first:pt-[3px]\"><\/div>\n<\/div>\n<\/div>\n<\/div>\n<\/div>\n<\/div>\n<\/div>\n<\/div>\n<\/div>\n<\/div>\n<\/div>\n<\/div>\n<\/div>\n<\/div>\n<\/div>\n<h3>Sobre o Envio<\/h3>\n<div class=\"flex-shrink-0 flex flex-col relative items-end\">\n<div>\n<div class=\"pt-0\">\n<div class=\"gizmo-bot-avatar flex h-8 w-8 items-center justify-center overflow-hidden rounded-full\">\n<div><\/div>\n<div class=\"relative p-1 rounded-sm flex items-center justify-center bg-token-main-surface-primary text-token-text-primary h-8 w-8\"><strong>1. Que m\u00e9todos de envio s\u00e3o usados?<\/strong><\/div>\n<\/div>\n<\/div>\n<\/div>\n<\/div>\n<div class=\"group\/conversation-turn relative flex w-full min-w-0 flex-col agent-turn\">\n<div class=\"flex-col gap-1 md:gap-3\">\n<div class=\"flex max-w-full flex-col flex-grow\">\n<div class=\"min-h-[20px] text-message flex w-full flex-col items-end gap-2 whitespace-normal break-words [.text-message+&amp;]:mt-5 overflow-x-auto\" dir=\"auto\" data-message-author-role=\"assistant\" data-message-id=\"22f8283b-3233-46ff-89a5-c7a41b33abda\">\n<div class=\"flex w-full flex-col gap-1 empty:hidden first:pt-[3px]\">\n<div class=\"markdown prose w-full break-words dark:prose-invert light\">\n<p>Fazemos parceria com a UPS, DHL, FedEx, DPD e outras transportadoras l\u00edderes. Selecionaremos o melhor m\u00e9todo de envio com base na sua localiza\u00e7\u00e3o de entrega para garantir que receba os seus produtos o mais r\u00e1pido poss\u00edvel.<\/p>\n<\/div>\n<p><strong>2. Quanto tempo demora a chegar?<\/strong><\/p>\n<p>As encomendas enviadas para Portugal geralmente chegam dentro de 10 dias \u00fateis. O envio para pa\u00edses europeus demora geralmente cerca de 12-15 dias \u00fateis. Forneceremos atualiza\u00e7\u00f5es em tempo real sobre o estado do seu envio.<\/p>\n<\/div>\n<\/div>\n<\/div>\n<\/div>\n<\/div>\n<p>&nbsp;<\/p>\n<p>Encontre mais produtos de vape que talvez goste:<strong><em><a href=\"https:\/\/rmvapesale.com\/pt\/shop-2\/\">comprar agora &gt;&gt;&gt;<\/a><\/em><\/strong><\/p>","protected":false},"excerpt":{"rendered":"<p>O <strong>WGA 30000 Puffs Sabores Duplos Vape Descart\u00e1vel Recarreg\u00e1vel<\/strong>, um dispositivo revolucion\u00e1rio concebido para vaporizadores que procuram versatilidade e desempenho incompar\u00e1veis. Com uma capacidade de <strong>30.000 puffs.<\/strong><\/p>\n<p><img loading=\"lazy\" decoding=\"async\" class=\"size-full wp-image-2375\" src=\"https:\/\/rmvapesale.com\/wp-content\/uploads\/2024\/10\/image.png\" alt=\"Melhor Vape Descart\u00e1vel\" width=\"229\" height=\"300\" \/><\/p>\n<h3><a href=\"https:\/\/wa.me\/8617776015835\"><span style=\"color: #ff0000\"><strong>WhatsApp: +86 17776015835<\/strong><\/span><\/a><\/h3>\n<p>&nbsp;<\/p>","protected":false},"featured_media":2796,"comment_status":"open","ping_status":"closed","template":"","meta":{"_uag_custom_page_level_css":"","_lmt_disableupdate":"no","_lmt_disable":"","site-sidebar-layout":"default","site-content-layout":"content-boxed-container","ast-site-content-layout":"normal-width-container","site-content-style":"boxed","site-sidebar-style":"unboxed","ast-global-header-display":"","ast-banner-title-visibility":"","ast-main-header-display":"","ast-hfb-above-header-display":"","ast-hfb-below-header-display":"","ast-hfb-mobile-header-display":"","site-post-title":"","ast-breadcrumbs-content":"","ast-featured-img":"","footer-sml-layout":"","theme-transparent-header-meta":"default","adv-header-id-meta":"","stick-header-meta":"","header-above-stick-meta":"","header-main-stick-meta":"","header-below-stick-meta":"","astra-migrate-meta-layouts":"set","ast-page-background-enabled":"default","ast-page-background-meta":{"desktop":{"background-color":"var(--ast-global-color-4)","background-image":"","background-repeat":"repeat","background-position":"center center","background-size":"auto","background-attachment":"scroll","background-type":"","background-media":"","overlay-type":"","overlay-color":"","overlay-opacity":"","overlay-gradient":""},"tablet":{"background-color":"","background-image":"","background-repeat":"repeat","background-position":"center center","background-size":"auto","background-attachment":"scroll","background-type":"","background-media":"","overlay-type":"","overlay-color":"","overlay-opacity":"","overlay-gradient":""},"mobile":{"background-color":"","background-image":"","background-repeat":"repeat","background-position":"center center","background-size":"auto","background-attachment":"scroll","background-type":"","background-media":"","overlay-type":"","overlay-color":"","overlay-opacity":"","overlay-gradient":""}},"ast-content-background-meta":{"desktop":{"background-color":"var(--ast-global-color-5)","background-image":"","background-repeat":"repeat","background-position":"center center","background-size":"auto","background-attachment":"scroll","background-type":"","background-media":"","overlay-type":"","overlay-color":"","overlay-opacity":"","overlay-gradient":""},"tablet":{"background-color":"var(--ast-global-color-5)","background-image":"","background-repeat":"repeat","background-position":"center center","background-size":"auto","background-attachment":"scroll","background-type":"","background-media":"","overlay-type":"","overlay-color":"","overlay-opacity":"","overlay-gradient":""},"mobile":{"background-color":"var(--ast-global-color-5)","background-image":"","background-repeat":"repeat","background-position":"center center","background-size":"auto","background-attachment":"scroll","background-type":"","background-media":"","overlay-type":"","overlay-color":"","overlay-opacity":"","overlay-gradient":""}},"_joinchat":[]},"product_brand":[],"product_cat":[15,25,123,26,28,135,27,137,136,30],"product_tag":[229,232,69],"class_list":{"0":"post-2799","1":"product","2":"type-product","3":"status-publish","4":"has-post-thumbnail","6":"product_cat-new-vape-this-week","7":"product_cat-germany-best-selling-vape","8":"product_cat-italy-wholesale-vape","9":"product_cat-netherlands-hot-sale-vape","10":"product_cat-poland-hot-sale-vape","11":"product_cat-spain-best-hot-sale-vape","12":"product_cat-fance-hot-sale-vape","13":"product_cat-rechargeable-vapes","14":"product_cat-smart-screen-vapes","15":"product_cat-minimum-order-quantity-50pcs","16":"product_tag-smart-disposable-vapes","17":"product_tag-wga-30k","18":"product_tag-wga-vape","19":"desktop-align-left","20":"tablet-align-left","21":"mobile-align-left","23":"first","24":"instock","25":"sale","26":"shipping-taxable","27":"purchasable","28":"product-type-simple"},"uagb_featured_image_src":{"full":["https:\/\/rmvapesale.com\/wp-content\/uploads\/2024\/11\/WGA-Legend-Ultra-30000-Disposable-Vape.jpg",1126,1126,false],"thumbnail":["https:\/\/rmvapesale.com\/wp-content\/uploads\/2024\/11\/WGA-Legend-Ultra-30000-Disposable-Vape-150x150.jpg",150,150,true],"medium":["https:\/\/rmvapesale.com\/wp-content\/uploads\/2024\/11\/WGA-Legend-Ultra-30000-Disposable-Vape-300x300.jpg",300,300,true],"medium_large":["https:\/\/rmvapesale.com\/wp-content\/uploads\/2024\/11\/WGA-Legend-Ultra-30000-Disposable-Vape-768x768.jpg",768,768,true],"large":["https:\/\/rmvapesale.com\/wp-content\/uploads\/2024\/11\/WGA-Legend-Ultra-30000-Disposable-Vape-1024x1024.jpg",1024,1024,true],"1536x1536":["https:\/\/rmvapesale.com\/wp-content\/uploads\/2024\/11\/WGA-Legend-Ultra-30000-Disposable-Vape.jpg",1126,1126,false],"2048x2048":["https:\/\/rmvapesale.com\/wp-content\/uploads\/2024\/11\/WGA-Legend-Ultra-30000-Disposable-Vape.jpg",1126,1126,false],"trp-custom-language-flag":["https:\/\/rmvapesale.com\/wp-content\/uploads\/2024\/11\/WGA-Legend-Ultra-30000-Disposable-Vape.jpg",12,12,false],"woocommerce_thumbnail":["https:\/\/rmvapesale.com\/wp-content\/uploads\/2024\/11\/WGA-Legend-Ultra-30000-Disposable-Vape-300x300.jpg",300,300,true],"woocommerce_single":["https:\/\/rmvapesale.com\/wp-content\/uploads\/2024\/11\/WGA-Legend-Ultra-30000-Disposable-Vape-600x600.jpg",600,600,true],"woocommerce_gallery_thumbnail":["https:\/\/rmvapesale.com\/wp-content\/uploads\/2024\/11\/WGA-Legend-Ultra-30000-Disposable-Vape-100x100.jpg",100,100,true],"wcpr-photo-reviews":["https:\/\/rmvapesale.com\/wp-content\/uploads\/2024\/11\/WGA-Legend-Ultra-30000-Disposable-Vape.jpg",500,500,false]},"uagb_author_info":{"display_name":"AMY","author_link":"https:\/\/rmvapesale.com\/pt\/author\/"},"uagb_comment_info":0,"uagb_excerpt":"The WGA 30000 Puffs Double Flavors Refillable Disposable Vape, a revolutionary device designed for vapers seeking unmatched versatility and performance. With a capacity of 30,000 puffs. WhatsApp: +86 17776015835 &nbsp;","_links":{"self":[{"href":"https:\/\/rmvapesale.com\/pt\/wp-json\/wp\/v2\/product\/2799","targetHints":{"allow":["GET"]}}],"collection":[{"href":"https:\/\/rmvapesale.com\/pt\/wp-json\/wp\/v2\/product"}],"about":[{"href":"https:\/\/rmvapesale.com\/pt\/wp-json\/wp\/v2\/types\/product"}],"replies":[{"embeddable":true,"href":"https:\/\/rmvapesale.com\/pt\/wp-json\/wp\/v2\/comments?post=2799"}],"wp:featuredmedia":[{"embeddable":true,"href":"https:\/\/rmvapesale.com\/pt\/wp-json\/wp\/v2\/media\/2796"}],"wp:attachment":[{"href":"https:\/\/rmvapesale.com\/pt\/wp-json\/wp\/v2\/media?parent=2799"}],"wp:term":[{"taxonomy":"product_brand","embeddable":true,"href":"https:\/\/rmvapesale.com\/pt\/wp-json\/wp\/v2\/product_brand?post=2799"},{"taxonomy":"product_cat","embeddable":true,"href":"https:\/\/rmvapesale.com\/pt\/wp-json\/wp\/v2\/product_cat?post=2799"},{"taxonomy":"product_tag","embeddable":true,"href":"https:\/\/rmvapesale.com\/pt\/wp-json\/wp\/v2\/product_tag?post=2799"}],"curies":[{"name":"wp","href":"https:\/\/api.w.org\/{rel}","templated":true}]}}