{"id":2831,"date":"2024-12-02T03:50:09","date_gmt":"2024-12-02T03:50:09","guid":{"rendered":"https:\/\/rmvapesale.com\/?post_type=product&#038;p=2831"},"modified":"2024-12-03T09:57:39","modified_gmt":"2024-12-03T09:57:39","slug":"randm-tornado-15000-puff-fumot-vape-bulk-buy-price","status":"publish","type":"product","link":"https:\/\/rmvapesale.com\/pt\/product\/randm-tornado-15000-puff-fumot-vape-bulk-buy-price\/","title":{"rendered":"RandM Tornado 15000 Puff Fumot Vape Pre\u00e7o de Compra a Granel"},"content":{"rendered":"<div class=\"B2VR9 CJHX3e\">\n<div class=\"wyccme\">\n<h1 class=\"LC20lb MBeuO DKV0Md\">RandM Tornado 15000 Puff Fumot Vape Pre\u00e7o de Compra a Granel<\/h1>\n<div class=\"flex-shrink-0 flex flex-col relative items-end\">\n<div class=\"pt-0\">\n<div class=\"gizmo-bot-avatar flex h-8 w-8 items-center justify-center overflow-hidden rounded-full\">\n<div class=\"relative p-1 rounded-sm flex items-center justify-center bg-token-main-surface-primary text-token-text-primary h-8 w-8\">\n<p>O <strong>RandM Tornado 15000 Puff Fumot Vape<\/strong> \u00e9 a combina\u00e7\u00e3o perfeita de desempenho e estilo, tornando-se uma escolha principal para vaporizadores que procuram um dispositivo descart\u00e1vel de alta qualidade. Oferecendo uma impressionante <strong>15.000 puffs<\/strong>, este <strong>vape descart\u00e1vel recarreg\u00e1vel<\/strong> \u00e9 alimentado por um <strong>850mAh<\/strong> com carregamento r\u00e1pido e conveniente <strong>carregamento USB Tipo-C<\/strong>.<\/p>\n<p>Uma das caracter\u00edsticas de destaque \u00e9 a sua vibrante <strong>ecr\u00e3 LED<\/strong>, que fornece atualiza\u00e7\u00f5es em tempo real sobre a dura\u00e7\u00e3o da bateria e os n\u00edveis de \u00f3leo. Isto garante que nunca fique sem energia ou e-l\u00edquido inesperadamente, adicionando uma camada de conveni\u00eancia \u00e0 sua experi\u00eancia de vaping. Combinado com tecnologia avan\u00e7ada <strong>tecnologia de bobina de malha<\/strong>, o vape oferece vapor consistentemente suave e sabor rico do in\u00edcio ao fim.<\/p>\n<p>Com <strong>41 sabores irresist\u00edveis<\/strong> para escolher, incluindo perfis frutados, mentolados e inspirados em sobremesas, h\u00e1 algo para todos os gostos. Op\u00e7\u00f5es populares como Manga Ice, Morango Melancia e Mirtilo Framboesa foram desenhadas para proporcionar uma experi\u00eancia satisfat\u00f3ria e refrescante. Quer seja um iniciante ou um vaporizador experiente, o <strong>RandM 15000<\/strong> oferece uma for\u00e7a de nicotina personaliz\u00e1vel de <strong>2% ou 5%<\/strong>, atendendo a prefer\u00eancias diversas.<\/p>\n<p>Compacto, port\u00e1til e elegante, o <strong>RandM Vape 15000<\/strong> \u00e9 ideal para uso pessoal ou compras em grande quantidade para <strong>venda por grosso de vapes<\/strong>. Eleve a sua experi\u00eancia de vaping com este dispositivo inovador de alto desempenho que combina funcionalidades de ponta com um design elegante e f\u00e1cil de usar.<\/p>\n<\/div>\n<\/div>\n<\/div>\n<\/div>\n<\/div>\n<\/div>\n<p><strong>Contacte a Amy para obter a resposta certa e cup\u00e3o de vape!<\/strong><\/p>\n<p><img loading=\"lazy\" decoding=\"async\" class=\"size-full wp-image-1978\" src=\"https:\/\/rmvapesale.com\/wp-content\/uploads\/2024\/09\/Disposable-Vape-Wholesale.jpg\" alt=\"Venda por grosso de vapes descart\u00e1veis\" width=\"229\" height=\"300\" \/><\/p>\n<h3><a href=\"https:\/\/wa.me\/8617776015835\" target=\"_blank\" rel=\"noopener\"><span style=\"color: #ff0000\"><strong>WhatsApp: +86 17776015835<\/strong><\/span><\/a><\/h3>\n<p>&nbsp;<\/p>\n<h2><\/h2>\n<h2><strong>Principais Caracter\u00edsticas do RandM Tornado 15000<\/strong><\/h2>\n<ul>\n<li>At\u00e9 32.000 baforadas com dois pods de 26ml.<\/li>\n<li>Dupla troca de sabor para variedade.<\/li>\n<li>N\u00edveis de nicotina personaliz\u00e1veis (0%-5%).<\/li>\n<li>Bateria recarreg\u00e1vel de 650mAh com porta Tipo-C.<\/li>\n<li>Sabor aprimorado atrav\u00e9s da bobina de malha de 1.0 ohm.<\/li>\n<\/ul>\n<h2><strong>Sabor Principal para RandM Tornado 15k<\/strong><\/h2>\n<p>&nbsp;<\/p>\n<p>1. Blue Razz Lemonade<br \/>\n2. Lim\u00e3o Ice de P\u00eassego<br \/>\n3. Ma\u00e7\u00e3 Azeda<br \/>\n4. Melancia Gelo<br \/>\n5. Mirtilo no Gelo<br \/>\n6.Mirtilo Framboesa<br \/>\n7. Abacaxi Ice<br \/>\n8. Cereja<br \/>\n9.Morango Gelo<br \/>\n10. Vimto<br \/>\n11. Uva Ice<br \/>\n12. Gelo de Cola<br \/>\n13. Morango Melancia<br \/>\n14. Limonada Rosa<br \/>\n15. Frutos Vermelhos Mistos<br \/>\n16. Manga de P\u00eassego<br \/>\n17. Fruta do Drag\u00e3o<br \/>\n18. Morango Uva<br \/>\n19. Senhor Azul<br \/>\n20. Gelo Exuberante<br \/>\n21. Gelado de \u00c1gua<br \/>\n22. Morango Kiwi<br \/>\n23. Kiwi Maracuj\u00e1 Goiaba<br \/>\n24. Frutos Vermelhos Triplo<br \/>\n25. Banana Gelada<br \/>\n26. Doce de P\u00eassego e Mirtilo<br \/>\n27. Ma\u00e7\u00e3 P\u00eassego Pera<br \/>\n28. Limonada de Frutos Silvestres<br \/>\n29. Cereja Blue Razz<br \/>\n30. Pastilha El\u00e1stica de Mirtilo<br \/>\n31. Mirtilo Cereja Arando<br \/>\n32. Mirtilo Rom\u00e3<br \/>\n33. Framboesa Azeda Azul<br \/>\n34. Cola de Cereja<br \/>\n35. Urso de Goma<br \/>\n36. Lim\u00e3o<br \/>\n37. Manga no Gelo<br \/>\n38. Gelo de Energia Vermelha<br \/>\n39. Morango Banana<br \/>\n40. Red Bull de Morango<br \/>\n41. Limonada de Morango e Melancia<br \/>\n42. Ch\u00e1 Gelado Lim\u00e3o Gelo<br \/>\n43. Ch\u00e1 Gelado P\u00eassego Gelo<br \/>\n44. Fizz Cherry<br \/>\n45. Skittles<\/p>\n<p>&nbsp;<\/p>\n<h3><strong>Por que escolher a Rmvapesale para Fumot Vape 15k\u00a0<\/strong><strong>V<\/strong><strong>Venda por grosso de vapes<\/strong><strong>?<\/strong><\/h3>\n<div class=\"flex-shrink-0 flex flex-col relative items-end\">\n<div class=\"pt-0\">\n<div class=\"gizmo-bot-avatar flex h-8 w-8 items-center justify-center overflow-hidden rounded-full\">\n<div class=\"relative p-1 rounded-sm flex items-center justify-center bg-token-main-surface-primary text-token-text-primary h-8 w-8\">\n<p>Bem-vindo \u00e0 Rmvapesale, a sua loja de vapes de confian\u00e7a para vapes descart\u00e1veis premium. Com mais de 5 anos de experi\u00eancia, trazemos-lhe marcas populares de vapes descart\u00e1veis, como Al Fakher, Vapme Vape, <a href=\"https:\/\/rmvapesale.com\/pt\/product-category\/bang-vapes\/\">Bang Vape<\/a>, Waspe, WGA Vape e<a href=\"https:\/\/rmvapesale.com\/pt\/product-category\/randm-fumot-vape\/\"> RandM Vape<\/a>.<\/p>\n<p>A nossa gama inclui vapes de venda quente como o <a href=\"https:\/\/rmvapesale.com\/pt\/product\/randm-tornado-15000-puffs-vape-wholesale\/\">RandM Tornado 15000<\/a> e op\u00e7\u00f5es ricas em sabor como o Vapme 70000. Cada produto \u00e9 escolhido com foco na qualidade, valor e variedade, garantindo que encontra a combina\u00e7\u00e3o perfeita para as suas necessidades. Descubra um servi\u00e7o excecional e uma vasta gama de produtos de topo na Rmvapesale.<\/p>\n<\/div>\n<h3><\/h3>\n<div class=\"relative p-1 rounded-sm flex items-center justify-center bg-token-main-surface-primary text-token-text-primary h-8 w-8\">\n<h3><b> Perguntas Frequentes para RandM Vape 15000 <\/b><b>Vape Descart\u00e1vel Recarreg\u00e1vel<\/b><\/h3>\n<div class=\"group\/conversation-turn relative flex w-full min-w-0 flex-col agent-turn\">\n<div class=\"flex-col gap-1 md:gap-3\">\n<div class=\"flex max-w-full flex-col flex-grow\">\n<div class=\"min-h-8 text-message flex w-full flex-col items-end gap-2 whitespace-normal break-words [.text-message+&amp;]:mt-5\" dir=\"auto\" data-message-author-role=\"assistant\" data-message-id=\"00c9b302-bc9c-4550-94ba-5a295efa2be3\" data-message-model-slug=\"gpt-4o\">\n<div class=\"flex w-full flex-col gap-1 empty:hidden first:pt-[3px]\">\n<div class=\"markdown prose w-full break-words dark:prose-invert light\">\n<div class=\"flex-shrink-0 flex flex-col relative items-end\">\n<div>\n<div class=\"pt-0\">\n<div class=\"gizmo-bot-avatar flex h-8 w-8 items-center justify-center overflow-hidden rounded-full\">\n<div class=\"relative p-1 rounded-sm flex items-center justify-center bg-token-main-surface-primary text-token-text-primary h-8 w-8\">\n<div class=\"flex-shrink-0 flex flex-col relative items-end\">\n<div>\n<div class=\"pt-0\">\n<div class=\"gizmo-bot-avatar flex h-8 w-8 items-center justify-center overflow-hidden rounded-full\">\n<div class=\"relative p-1 rounded-sm flex items-center justify-center bg-token-main-surface-primary text-token-text-primary h-8 w-8\">\n<p>&nbsp;<\/p>\n<p><strong>Onde comprar o vape RandM Tornado 15000 Puffs por pre\u00e7o de atacado em Portugal<\/strong><br \/>\nPara comprar o vape RandM Tornado 15000 Puffs a pre\u00e7os de atacado em Portugal, contacte distribuidores autorizados ou fornecedores de atacado de vapes online especializados em produtos RandM Vape. Certifique-se de que o fornecedor fornece produtos genu\u00ednos e cumpre as regulamenta\u00e7\u00f5es da UE.<\/p>\n<p><strong>Quantos puffs oferece o Fumot Vape 15000?<\/strong><br \/>\nO Fumot Vape 15000 oferece at\u00e9 15.000 puffs, proporcionando uma longevidade e valor excecionais para os utilizadores.<\/p>\n<p><strong>Quanto tempo dura a caneta de vape descart\u00e1vel RandM Tornado 15k?<\/strong><br \/>\nA caneta de vape descart\u00e1vel RandM Tornado 15k pode durar de duas a tr\u00eas semanas para utilizadores moderados, dependendo dos padr\u00f5es de uso e frequ\u00eancia.<\/p>\n<p><strong>Quais s\u00e3o os sabores populares para a caixa descart\u00e1vel Fumot 15000 Puffs?<\/strong><br \/>\nOs sabores populares para o Fumot 15000 Puffs incluem Manga Ice, Morango Melancia e Mirtilo Framboesa, juntamente com outras op\u00e7\u00f5es frutadas, mentoladas e inspiradas em sobremesas, numa vasta sele\u00e7\u00e3o de sabores.<\/p>\n<p><strong>Quanto tempo leva a carregar um Vape Recarreg\u00e1vel RandM 15k?<\/strong><br \/>\nO Vape Recarreg\u00e1vel RandM 15k leva aproximadamente 1-2 horas para carregar completamente, gra\u00e7as \u00e0 sua tecnologia de carregamento r\u00e1pido USB Tipo-C.<\/p>\n<p><strong>Qual \u00e9 a quantidade de nicotina num Vape Descart\u00e1vel RandM Tornado 15000?<\/strong><br \/>\nO Vape Descart\u00e1vel RandM Tornado 15000 oferece concentra\u00e7\u00f5es de nicotina de 2% (20mg) e 5% (50mg), proporcionando op\u00e7\u00f5es para diferentes prefer\u00eancias dos utilizadores.<\/p>\n<\/div>\n<\/div>\n<\/div>\n<\/div>\n<\/div>\n<\/div>\n<\/div>\n<\/div>\n<\/div>\n<\/div>\n<div class=\"group\/conversation-turn relative flex w-full min-w-0 flex-col agent-turn\">\n<div class=\"flex-col gap-1 md:gap-3\">\n<div class=\"flex max-w-full flex-col flex-grow\">\n<div class=\"min-h-8 text-message flex w-full flex-col items-end gap-2 whitespace-normal break-words [.text-message+&amp;]:mt-5\" dir=\"auto\" data-message-author-role=\"assistant\" data-message-id=\"a3dc01bd-23b0-4fd7-bb9a-7827522cefd8\" data-message-model-slug=\"gpt-4o\">\n<div class=\"flex w-full flex-col gap-1 empty:hidden first:pt-[3px]\"><\/div>\n<\/div>\n<\/div>\n<\/div>\n<\/div>\n<\/div>\n<\/div>\n<\/div>\n<\/div>\n<\/div>\n<\/div>\n<\/div>\n<\/div>\n<\/div>\n<\/div>\n<h3>Sobre o Envio<\/h3>\n<div class=\"flex-shrink-0 flex flex-col relative items-end\">\n<div>\n<div class=\"pt-0\">\n<div class=\"gizmo-bot-avatar flex h-8 w-8 items-center justify-center overflow-hidden rounded-full\">\n<div><\/div>\n<div class=\"relative p-1 rounded-sm flex items-center justify-center bg-token-main-surface-primary text-token-text-primary h-8 w-8\"><strong>1. Que m\u00e9todos de envio s\u00e3o usados?<\/strong><\/div>\n<\/div>\n<\/div>\n<\/div>\n<\/div>\n<div class=\"group\/conversation-turn relative flex w-full min-w-0 flex-col agent-turn\">\n<div class=\"flex-col gap-1 md:gap-3\">\n<div class=\"flex max-w-full flex-col flex-grow\">\n<div class=\"min-h-[20px] text-message flex w-full flex-col items-end gap-2 whitespace-normal break-words [.text-message+&amp;]:mt-5 overflow-x-auto\" dir=\"auto\" data-message-author-role=\"assistant\" data-message-id=\"22f8283b-3233-46ff-89a5-c7a41b33abda\">\n<div class=\"flex w-full flex-col gap-1 empty:hidden first:pt-[3px]\">\n<div class=\"markdown prose w-full break-words dark:prose-invert light\">\n<p>Fazemos parceria com a UPS, DHL, FedEx, DPD e outras transportadoras l\u00edderes. Selecionaremos o melhor m\u00e9todo de envio com base na sua localiza\u00e7\u00e3o de entrega para garantir que receba os seus produtos o mais r\u00e1pido poss\u00edvel.<\/p>\n<\/div>\n<p><strong>2. Quanto tempo demora a chegar?<\/strong><\/p>\n<p>As encomendas enviadas para Portugal geralmente chegam dentro de 10 dias \u00fateis. O envio para pa\u00edses europeus demora geralmente cerca de 12-15 dias \u00fateis. Forneceremos atualiza\u00e7\u00f5es em tempo real sobre o estado do seu envio.<\/p>\n<\/div>\n<\/div>\n<\/div>\n<\/div>\n<\/div>\n<p>&nbsp;<\/p>\n<p>Encontre mais produtos de vape que talvez goste:<strong><em><a href=\"https:\/\/rmvapesale.com\/pt\/shop-2\/\">comprar agora &gt;&gt;&gt;<\/a><\/em><\/strong><\/p>","protected":false},"excerpt":{"rendered":"<p>Randm Tornado 15000 Puffs Fumot Vape Descart\u00e1vel Digital<br \/>\nRandm 15000 Fumot Tornado Vape Atacado<br \/>\nFumot RandM Vape Descart\u00e1vel 15k Pre\u00e7o por Atacado<\/p>\n<p><img loading=\"lazy\" decoding=\"async\" class=\"size-full wp-image-2375\" src=\"https:\/\/rmvapesale.com\/wp-content\/uploads\/2024\/10\/image.png\" alt=\"Melhor Vape Descart\u00e1vel\" width=\"229\" height=\"300\" \/><\/p>\n<h3><a href=\"https:\/\/wa.me\/8617776015835\"><span style=\"color: #ff0000\"><strong>WhatsApp: +86 17776015835<\/strong><\/span><\/a><\/h3>\n<p>&nbsp;<\/p>","protected":false},"featured_media":2826,"comment_status":"open","ping_status":"closed","template":"","meta":{"_uag_custom_page_level_css":"","_lmt_disableupdate":"no","_lmt_disable":"","site-sidebar-layout":"default","site-content-layout":"content-boxed-container","ast-site-content-layout":"normal-width-container","site-content-style":"boxed","site-sidebar-style":"unboxed","ast-global-header-display":"","ast-banner-title-visibility":"","ast-main-header-display":"","ast-hfb-above-header-display":"","ast-hfb-below-header-display":"","ast-hfb-mobile-header-display":"","site-post-title":"","ast-breadcrumbs-content":"","ast-featured-img":"","footer-sml-layout":"","ast-disable-related-posts":"","theme-transparent-header-meta":"default","adv-header-id-meta":"","stick-header-meta":"","header-above-stick-meta":"","header-main-stick-meta":"","header-below-stick-meta":"","astra-migrate-meta-layouts":"set","ast-page-background-enabled":"default","ast-page-background-meta":{"desktop":{"background-color":"var(--ast-global-color-4)","background-image":"","background-repeat":"repeat","background-position":"center center","background-size":"auto","background-attachment":"scroll","background-type":"","background-media":"","overlay-type":"","overlay-color":"","overlay-opacity":"","overlay-gradient":""},"tablet":{"background-color":"","background-image":"","background-repeat":"repeat","background-position":"center center","background-size":"auto","background-attachment":"scroll","background-type":"","background-media":"","overlay-type":"","overlay-color":"","overlay-opacity":"","overlay-gradient":""},"mobile":{"background-color":"","background-image":"","background-repeat":"repeat","background-position":"center center","background-size":"auto","background-attachment":"scroll","background-type":"","background-media":"","overlay-type":"","overlay-color":"","overlay-opacity":"","overlay-gradient":""}},"ast-content-background-meta":{"desktop":{"background-color":"var(--ast-global-color-5)","background-image":"","background-repeat":"repeat","background-position":"center center","background-size":"auto","background-attachment":"scroll","background-type":"","background-media":"","overlay-type":"","overlay-color":"","overlay-opacity":"","overlay-gradient":""},"tablet":{"background-color":"var(--ast-global-color-5)","background-image":"","background-repeat":"repeat","background-position":"center center","background-size":"auto","background-attachment":"scroll","background-type":"","background-media":"","overlay-type":"","overlay-color":"","overlay-opacity":"","overlay-gradient":""},"mobile":{"background-color":"var(--ast-global-color-5)","background-image":"","background-repeat":"repeat","background-position":"center center","background-size":"auto","background-attachment":"scroll","background-type":"","background-media":"","overlay-type":"","overlay-color":"","overlay-opacity":"","overlay-gradient":""}},"_joinchat":[]},"product_brand":[],"product_cat":[15,27,51,25,123,30,26,28,31,137,136,135],"product_tag":[235,39,171,236,234,38],"class_list":{"0":"post-2831","1":"product","2":"type-product","3":"status-publish","4":"has-post-thumbnail","6":"product_cat-new-vape-this-week","7":"product_cat-fance-hot-sale-vape","8":"product_cat-fumot-vape","9":"product_cat-germany-best-selling-vape","10":"product_cat-italy-wholesale-vape","11":"product_cat-minimum-order-quantity-50pcs","12":"product_cat-netherlands-hot-sale-vape","13":"product_cat-poland-hot-sale-vape","14":"product_cat-randm-fumot-vape","15":"product_cat-rechargeable-vapes","16":"product_cat-smart-screen-vapes","17":"product_cat-spain-best-hot-sale-vape","18":"product_tag-fumot-15k","19":"product_tag-fumot-vape","20":"product_tag-randm-15000","21":"product_tag-randm-15k","22":"product_tag-randm-tornado-15000","23":"product_tag-randm-vape","24":"desktop-align-left","25":"tablet-align-left","26":"mobile-align-left","28":"first","29":"instock","30":"sale","31":"shipping-taxable","32":"purchasable","33":"product-type-simple"},"uagb_featured_image_src":{"full":["https:\/\/rmvapesale.com\/wp-content\/uploads\/2024\/12\/Fumot-RandM-15000-Puffs-Disposable-Vape.jpg",1130,1126,false],"thumbnail":["https:\/\/rmvapesale.com\/wp-content\/uploads\/2024\/12\/Fumot-RandM-15000-Puffs-Disposable-Vape-150x150.jpg",150,150,true],"medium":["https:\/\/rmvapesale.com\/wp-content\/uploads\/2024\/12\/Fumot-RandM-15000-Puffs-Disposable-Vape-300x300.jpg",300,300,true],"medium_large":["https:\/\/rmvapesale.com\/wp-content\/uploads\/2024\/12\/Fumot-RandM-15000-Puffs-Disposable-Vape-768x765.jpg",768,765,true],"large":["https:\/\/rmvapesale.com\/wp-content\/uploads\/2024\/12\/Fumot-RandM-15000-Puffs-Disposable-Vape-1024x1020.jpg",1024,1020,true],"1536x1536":["https:\/\/rmvapesale.com\/wp-content\/uploads\/2024\/12\/Fumot-RandM-15000-Puffs-Disposable-Vape.jpg",1130,1126,false],"2048x2048":["https:\/\/rmvapesale.com\/wp-content\/uploads\/2024\/12\/Fumot-RandM-15000-Puffs-Disposable-Vape.jpg",1130,1126,false],"trp-custom-language-flag":["https:\/\/rmvapesale.com\/wp-content\/uploads\/2024\/12\/Fumot-RandM-15000-Puffs-Disposable-Vape.jpg",12,12,false],"woocommerce_thumbnail":["https:\/\/rmvapesale.com\/wp-content\/uploads\/2024\/12\/Fumot-RandM-15000-Puffs-Disposable-Vape-300x300.jpg",300,300,true],"woocommerce_single":["https:\/\/rmvapesale.com\/wp-content\/uploads\/2024\/12\/Fumot-RandM-15000-Puffs-Disposable-Vape-600x598.jpg",600,598,true],"woocommerce_gallery_thumbnail":["https:\/\/rmvapesale.com\/wp-content\/uploads\/2024\/12\/Fumot-RandM-15000-Puffs-Disposable-Vape-100x100.jpg",100,100,true],"wcpr-photo-reviews":["https:\/\/rmvapesale.com\/wp-content\/uploads\/2024\/12\/Fumot-RandM-15000-Puffs-Disposable-Vape.jpg",500,498,false]},"uagb_author_info":{"display_name":"AMY","author_link":"https:\/\/rmvapesale.com\/pt\/author\/"},"uagb_comment_info":0,"uagb_excerpt":"Randm Tornado 15000 Puffs Fumot Digital Disposable Vape Randm 15000 Fumot Tornado Vape Wholesale Fumot RandM 15k Disposable Vape Bulk Price WhatsApp: +86 17776015835 &nbsp;","_links":{"self":[{"href":"https:\/\/rmvapesale.com\/pt\/wp-json\/wp\/v2\/product\/2831","targetHints":{"allow":["GET"]}}],"collection":[{"href":"https:\/\/rmvapesale.com\/pt\/wp-json\/wp\/v2\/product"}],"about":[{"href":"https:\/\/rmvapesale.com\/pt\/wp-json\/wp\/v2\/types\/product"}],"replies":[{"embeddable":true,"href":"https:\/\/rmvapesale.com\/pt\/wp-json\/wp\/v2\/comments?post=2831"}],"wp:featuredmedia":[{"embeddable":true,"href":"https:\/\/rmvapesale.com\/pt\/wp-json\/wp\/v2\/media\/2826"}],"wp:attachment":[{"href":"https:\/\/rmvapesale.com\/pt\/wp-json\/wp\/v2\/media?parent=2831"}],"wp:term":[{"taxonomy":"product_brand","embeddable":true,"href":"https:\/\/rmvapesale.com\/pt\/wp-json\/wp\/v2\/product_brand?post=2831"},{"taxonomy":"product_cat","embeddable":true,"href":"https:\/\/rmvapesale.com\/pt\/wp-json\/wp\/v2\/product_cat?post=2831"},{"taxonomy":"product_tag","embeddable":true,"href":"https:\/\/rmvapesale.com\/pt\/wp-json\/wp\/v2\/product_tag?post=2831"}],"curies":[{"name":"wp","href":"https:\/\/api.w.org\/{rel}","templated":true}]}}