{"id":2862,"date":"2024-12-13T09:20:35","date_gmt":"2024-12-13T09:20:35","guid":{"rendered":"https:\/\/rmvapesale.com\/?post_type=product&#038;p=2862"},"modified":"2024-12-13T09:26:19","modified_gmt":"2024-12-13T09:26:19","slug":"vapsolo-twins-20000-2-flavour-in-1-disposable-vape-bulk-buy-price","status":"publish","type":"product","link":"https:\/\/rmvapesale.com\/pt\/product\/vapsolo-twins-20000-2-flavour-in-1-disposable-vape-bulk-buy-price\/","title":{"rendered":"Vapsolo Twins 20000 Puffs 2 Sabores em 1 Vape Descart\u00e1vel Pre\u00e7o de Compra a Granel"},"content":{"rendered":"<div class=\"B2VR9 CJHX3e\">\n<div class=\"wyccme\">\n<div class=\"flex-shrink-0 flex flex-col relative items-end\">\n<div class=\"pt-0\">\n<div class=\"gizmo-bot-avatar flex h-8 w-8 items-center justify-center overflow-hidden rounded-full\">\n<div class=\"relative p-1 rounded-sm flex items-center justify-center bg-token-main-surface-primary text-token-text-primary h-8 w-8\">\n<div class=\"flex-shrink-0 flex flex-col relative items-end\">\n<div class=\"pt-0\">\n<div class=\"gizmo-bot-avatar flex h-8 w-8 items-center justify-center overflow-hidden rounded-full\">\n<h1 class=\"relative p-1 rounded-sm flex items-center justify-center bg-token-main-surface-primary text-token-text-primary h-8 w-8\">Vapsolo Twins 20000 Puffs 2 Sabores em 1 Vape Descart\u00e1vel Pre\u00e7o de Compra a Granel<\/h1>\n<\/div>\n<\/div>\n<\/div>\n<\/div>\n<\/div>\n<\/div>\n<\/div>\n<div class=\"group\/conversation-turn relative flex w-full min-w-0 flex-col agent-turn\">\n<div class=\"flex-col gap-1 md:gap-3\">\n<div class=\"flex max-w-full flex-col flex-grow\">\n<div class=\"min-h-8 text-message flex w-full flex-col items-end gap-2 whitespace-normal break-words text-start [.text-message+&amp;]:mt-5\" dir=\"auto\" data-message-author-role=\"assistant\" data-message-id=\"80ece0c4-ead1-4ed9-a9f0-ddc22582b4f4\" data-message-model-slug=\"gpt-4o\">\n<div class=\"flex w-full flex-col gap-1 empty:hidden first:pt-[3px]\">\n<div class=\"markdown prose w-full break-words dark:prose-invert light\">\n<h3><\/h3>\n<\/div>\n<\/div>\n<\/div>\n<\/div>\n<\/div>\n<\/div>\n<div class=\"flex-shrink-0 flex flex-col relative items-end\">\n<div class=\"pt-0\">\n<div class=\"gizmo-bot-avatar flex h-8 w-8 items-center justify-center overflow-hidden rounded-full\">\n<div class=\"relative p-1 rounded-sm flex items-center justify-center bg-token-main-surface-primary text-token-text-primary h-8 w-8\">\n<p>Eleve a sua experi\u00eancia de vaping com o <strong>Vapsolo Twins 20000 2 Sabores em 1 Vape Descart\u00e1vel<\/strong>, a solu\u00e7\u00e3o perfeita para variedade e conveni\u00eancia. Com uma revolucion\u00e1ria <strong>sistema de tanques duplos<\/strong>, este dispositivo oferece dois sabores distintos em um vape elegante. Com uma <strong>capacidade enorme de 20.000 puffs<\/strong> e um <strong>tanque de e-l\u00edquido de 25mL<\/strong>, garante divers\u00e3o prolongada sem interrup\u00e7\u00f5es. Equipado com um <strong>bateria recarreg\u00e1vel de 650mAh<\/strong> carregamento r\u00e1pido Type-C e <strong>vape descart\u00e1vel<\/strong> que combina durabilidade e respeito pelo ambiente. A avan\u00e7ada <strong>tecnologia de bobina de malha<\/strong> garante vapor suave e sabor intenso, enquanto o <strong>fluxo de ar ajust\u00e1vel<\/strong> oferece uma experi\u00eancia de vaping personalizada. Quer esteja a comprar para uso pessoal ou a procurar <strong>venda por grosso de vapes<\/strong> pre\u00e7os para o seu neg\u00f3cio, este <strong>op\u00e7\u00f5es de vape descart\u00e1vel com baixo teor de nicotina<\/strong> \u00e9 uma escolha de topo.<\/p>\n<\/div>\n<\/div>\n<\/div>\n<\/div>\n<\/div>\n<\/div>\n<p><strong>Contacte a Amy para obter a resposta certa e cup\u00e3o de vape!<\/strong><\/p>\n<p><img loading=\"lazy\" decoding=\"async\" class=\"size-full wp-image-1978\" src=\"https:\/\/rmvapesale.com\/wp-content\/uploads\/2024\/09\/Disposable-Vape-Wholesale.jpg\" alt=\"Venda por grosso de vapes descart\u00e1veis\" width=\"229\" height=\"300\" \/><\/p>\n<h3><a href=\"https:\/\/wa.me\/8617776015835\" target=\"_blank\" rel=\"noopener\"><span style=\"color: #ff0000\"><strong>WhatsApp: +86 17776015835<\/strong><\/span><\/a><\/h3>\n<h2><\/h2>\n<h2><strong>Principais Caracter\u00edsticas do Vapsolo Twins 20000<\/strong><\/h2>\n<h3><\/h3>\n<ol>\n<li><strong>Conveni\u00eancia de Duplo Sabor:<\/strong> Desfrute de dois sabores simultaneamente com o inovador design de tanques duplos.<\/li>\n<li><strong>Uso de longa dura\u00e7\u00e3o:<\/strong> Oferece uma impressionante <strong>20.000 puffs<\/strong>, perfeito para vaping prolongado.<\/li>\n<li><strong>Bateria Recarreg\u00e1vel:<\/strong> Alimentado por uma bateria fi\u00e1vel de 650mAh com carregamento r\u00e1pido Type-C.<\/li>\n<li><strong>Tanque de E-L\u00edquido Generoso:<\/strong> Pr\u00e9-carregado com <strong>25mL de e-l\u00edquido premium<\/strong> para menos recargas.<\/li>\n<li><strong>Versatilidade de Nicotina:<\/strong> Dispon\u00edvel em <strong>Op\u00e7\u00f5es de nicotina 2% e 5%<\/strong> para atender a todas as prefer\u00eancias.<\/li>\n<li><strong>Produ\u00e7\u00e3o de Vapor Superior:<\/strong> Apresenta tecnologia avan\u00e7ada <strong>tecnologia de bobina de malha<\/strong> para vapor rico e consistente.<\/li>\n<li><strong>Experi\u00eancia Personaliz\u00e1vel:<\/strong> Controlo de fluxo de ar ajust\u00e1vel para sess\u00f5es de vaping personalizadas.<\/li>\n<li><strong>Compacto e Elegante:<\/strong> Design port\u00e1til perfeito para uso di\u00e1rio.<\/li>\n<li><strong>Opera\u00e7\u00e3o Amig\u00e1vel ao Utilizador:<\/strong> Sistema ativado por inala\u00e7\u00e3o para vaping sem esfor\u00e7o.<\/li>\n<li><strong>Vantagem de Pre\u00e7os por Volume:<\/strong> Ideal para compradores por atacado que procuram valor e qualidade<\/li>\n<\/ol>\n<h2><\/h2>\n<h2><strong>Lista de Sabores Vapsolo 20000<\/strong><\/h2>\n<p>1.Lim\u00e3o Lima &amp; Gelo de Melancia<br \/>\n2.Uva Gelo &amp; Kiwi de Morango<br \/>\n3.Anan\u00e1s Coco &amp; Morango Banana<br \/>\n4.Laranja Manga &amp; \u00c1gua de Melancia &amp; Red Bull<br \/>\n5.Morangos Gelo &amp; Cereja Efervescente<br \/>\n6.Melancia Gelo &amp; Frutos Vermelhos Mistos<br \/>\n7.Morangos Banana &amp; Cereja Efervescente<br \/>\n8. Morango Framboesa Cereja Gelo &amp; Uva Gelo<br \/>\n9. Limonada Blue Razz &amp; Lim\u00e3o Lima<br \/>\n10. Melancia Gelo &amp; Morango Manga<br \/>\n11. Triplo Mel\u00e3o &amp; \u00c1gua de Melancia Framboesa<br \/>\n12. Gelo Preto Fruta do Drag\u00e3o Morango &amp; \u00c1gua de Melancia Framboesa<br \/>\n13. Abacaxi Coco &amp; Gelo de Melancia<br \/>\n14. Morango Gelo &amp; Manga P\u00eassego Melancia<br \/>\n15. Kiwi Morango &amp; Morango Framboesa Cereja Gelo<br \/>\n16. Triplo Mel\u00e3o &amp; Abacaxi Coco<\/p>\n<p>&nbsp;<\/p>\n<h3><strong>Por que escolher a Rmvapesale para Vapsolo Twins 20k Puffs <\/strong><strong>V<\/strong><strong>Venda por grosso de vapes<\/strong><strong>?<\/strong><\/h3>\n<div class=\"flex-shrink-0 flex flex-col relative items-end\">\n<div class=\"pt-0\">\n<div class=\"gizmo-bot-avatar flex h-8 w-8 items-center justify-center overflow-hidden rounded-full\">\n<div class=\"relative p-1 rounded-sm flex items-center justify-center bg-token-main-surface-primary text-token-text-primary h-8 w-8\">\n<p>Bem-vindo \u00e0 Rmvapesale, a sua loja de vapes de confian\u00e7a para vapes descart\u00e1veis premium. Com mais de 5 anos de experi\u00eancia, trazemos-lhe marcas populares de vapes descart\u00e1veis, como Al Fakher, Vapme Vape, <a href=\"https:\/\/rmvapesale.com\/pt\/product-category\/bang-vapes\/\">Bang Vape<\/a>, Waspe, WGA Vape e<a href=\"https:\/\/rmvapesale.com\/pt\/product-category\/randm-fumot-vape\/\"> RandM Vape<\/a>.<\/p>\n<p>A nossa gama inclui vapes de venda quente como o <a href=\"https:\/\/rmvapesale.com\/pt\/product\/randm-tornado-15000-puffs-vape-wholesale\/\">RandM Tornado 15000<\/a> e op\u00e7\u00f5es ricas em sabor como o Vapme 70000. Cada produto \u00e9 escolhido com foco na qualidade, valor e variedade, garantindo que encontra a combina\u00e7\u00e3o perfeita para as suas necessidades. Descubra um servi\u00e7o excecional e uma vasta gama de produtos de topo na Rmvapesale.<\/p>\n<\/div>\n<h3><\/h3>\n<div class=\"relative p-1 rounded-sm flex items-center justify-center bg-token-main-surface-primary text-token-text-primary h-8 w-8\">\n<h3><b> Perguntas Frequentes para Vapsolo Twins 20000 <\/b><b>Vape Descart\u00e1vel Recarreg\u00e1vel<\/b><\/h3>\n<div class=\"group\/conversation-turn relative flex w-full min-w-0 flex-col agent-turn\">\n<div class=\"flex-col gap-1 md:gap-3\">\n<div class=\"flex max-w-full flex-col flex-grow\">\n<div class=\"min-h-8 text-message flex w-full flex-col items-end gap-2 whitespace-normal break-words [.text-message+&amp;]:mt-5\" dir=\"auto\" data-message-author-role=\"assistant\" data-message-id=\"00c9b302-bc9c-4550-94ba-5a295efa2be3\" data-message-model-slug=\"gpt-4o\">\n<div class=\"flex w-full flex-col gap-1 empty:hidden first:pt-[3px]\">\n<div class=\"markdown prose w-full break-words dark:prose-invert light\">\n<div class=\"flex-shrink-0 flex flex-col relative items-end\">\n<div class=\"pt-0\">\n<div class=\"gizmo-bot-avatar flex h-8 w-8 items-center justify-center overflow-hidden rounded-full\">\n<div class=\"relative p-1 rounded-sm flex items-center justify-center bg-token-main-surface-primary text-token-text-primary h-8 w-8\">\n<div class=\"flex-shrink-0 flex flex-col relative items-end\">\n<div class=\"pt-0\">\n<div class=\"gizmo-bot-avatar flex h-8 w-8 items-center justify-center overflow-hidden rounded-full\">\n<div class=\"relative p-1 rounded-sm flex items-center justify-center bg-token-main-surface-primary text-token-text-primary h-8 w-8\">\n<ol>\n<li><strong>Que sabores posso desfrutar com o Vapsolo Twins 20000?<\/strong><br \/>\nO sistema de dois tanques permite experimentar dois sabores diferentes simultaneamente, adicionando variedade \u00e0 sua experi\u00eancia de vaping.<\/li>\n<li><strong>Quantos puffs este dispositivo oferece?<\/strong><br \/>\nO <strong>Vapsolo Twins 20000<\/strong> oferece at\u00e9 <strong>20.000 puffs<\/strong>, garantindo uso duradouro.<\/li>\n<li><strong>O Vapsolo Twins pode ser recarregado?<\/strong><br \/>\nSim, inclui uma funcionalidade de <strong>bateria recarreg\u00e1vel de 650mAh<\/strong> com carregamento Type-C para recarga r\u00e1pida e conveniente.<\/li>\n<li><strong>Quais n\u00edveis de nicotina est\u00e3o dispon\u00edveis para este dispositivo?<\/strong><br \/>\nEste <strong>vape descart\u00e1vel<\/strong> est\u00e1 dispon\u00edvel em <strong>2% e 5% de intensidade de nicotina<\/strong>, atendendo \u00e0s prefer\u00eancias de diferentes utilizadores.<\/li>\n<li><strong>Por que os Vapsolo Twins 20000 s\u00e3o ideais para compradores por atacado?<\/strong><br \/>\nA sua <strong>pre\u00e7o de compra em grande quantidade<\/strong>, desempenho duradouro e recurso \u00fanico de dupla sabor tornam-no uma escolha popular para revendedores.<\/li>\n<\/ol>\n<\/div>\n<\/div>\n<\/div>\n<\/div>\n<\/div>\n<\/div>\n<\/div>\n<\/div>\n<div class=\"group\/conversation-turn relative flex w-full min-w-0 flex-col agent-turn\">\n<div class=\"flex-col gap-1 md:gap-3\">\n<div class=\"flex max-w-full flex-col flex-grow\">\n<div class=\"min-h-8 text-message flex w-full flex-col items-end gap-2 whitespace-normal break-words [.text-message+&amp;]:mt-5\" dir=\"auto\" data-message-author-role=\"assistant\" data-message-id=\"a3dc01bd-23b0-4fd7-bb9a-7827522cefd8\" data-message-model-slug=\"gpt-4o\">\n<div class=\"flex w-full flex-col gap-1 empty:hidden first:pt-[3px]\"><\/div>\n<\/div>\n<\/div>\n<\/div>\n<\/div>\n<\/div>\n<\/div>\n<\/div>\n<\/div>\n<\/div>\n<\/div>\n<\/div>\n<\/div>\n<\/div>\n<\/div>\n<h3>Sobre o Envio<\/h3>\n<div class=\"flex-shrink-0 flex flex-col relative items-end\">\n<div>\n<div class=\"pt-0\">\n<div class=\"gizmo-bot-avatar flex h-8 w-8 items-center justify-center overflow-hidden rounded-full\">\n<div><\/div>\n<div class=\"relative p-1 rounded-sm flex items-center justify-center bg-token-main-surface-primary text-token-text-primary h-8 w-8\"><strong>1. Que m\u00e9todos de envio s\u00e3o usados?<\/strong><\/div>\n<\/div>\n<\/div>\n<\/div>\n<\/div>\n<div class=\"group\/conversation-turn relative flex w-full min-w-0 flex-col agent-turn\">\n<div class=\"flex-col gap-1 md:gap-3\">\n<div class=\"flex max-w-full flex-col flex-grow\">\n<div class=\"min-h-[20px] text-message flex w-full flex-col items-end gap-2 whitespace-normal break-words [.text-message+&amp;]:mt-5 overflow-x-auto\" dir=\"auto\" data-message-author-role=\"assistant\" data-message-id=\"22f8283b-3233-46ff-89a5-c7a41b33abda\">\n<div class=\"flex w-full flex-col gap-1 empty:hidden first:pt-[3px]\">\n<div class=\"markdown prose w-full break-words dark:prose-invert light\">\n<p>Fazemos parceria com a UPS, DHL, FedEx, DPD e outras transportadoras l\u00edderes. Selecionaremos o melhor m\u00e9todo de envio com base na sua localiza\u00e7\u00e3o de entrega para garantir que receba os seus produtos o mais r\u00e1pido poss\u00edvel.<\/p>\n<\/div>\n<p><strong>2. Quanto tempo demora a chegar?<\/strong><\/p>\n<p>As encomendas enviadas para Portugal geralmente chegam dentro de 10 dias \u00fateis. O envio para pa\u00edses europeus demora geralmente cerca de 12-15 dias \u00fateis. Forneceremos atualiza\u00e7\u00f5es em tempo real sobre o estado do seu envio.<\/p>\n<\/div>\n<\/div>\n<\/div>\n<\/div>\n<\/div>\n<p>&nbsp;<\/p>\n<p>Encontre mais produtos de vape que talvez goste:<strong><em><a href=\"https:\/\/rmvapesale.com\/pt\/shop-2\/\">comprar agora &gt;&gt;&gt;<\/a><\/em><\/strong><\/p>","protected":false},"excerpt":{"rendered":"<p>Vapsolo Twins 20000 Puffs 2 Sabores em 1 Vape Descart\u00e1vel Atacado<br \/>\nVapsolo Twins 20000 2 Sabores em 1 Vape Descart\u00e1vel Recarreg\u00e1vel Pre\u00e7o de Atacado<br \/>\nCaneta Vape Descart\u00e1vel de Venda Quente Vapsolo Twins 20000 Puffs Compra em Grande Quantidade Pre\u00e7o Barato<\/p>\n<p><strong>Contacte a Amy para obter a resposta certa e cup\u00e3o de vape!<\/strong><\/p>\n<p><img loading=\"lazy\" decoding=\"async\" class=\"size-full wp-image-2375\" src=\"https:\/\/rmvapesale.com\/wp-content\/uploads\/2024\/10\/image.png\" alt=\"Melhor Vape Descart\u00e1vel\" width=\"229\" height=\"300\" \/><\/p>\n<h3><a href=\"https:\/\/wa.me\/8617776015835\"><span style=\"color: #ff0000\"><strong>WhatsApp: +86 17776015835<\/strong><\/span><\/a><\/h3>\n<p>&nbsp;<\/p>","protected":false},"featured_media":2860,"comment_status":"open","ping_status":"closed","template":"","meta":{"_uag_custom_page_level_css":"","_lmt_disableupdate":"no","_lmt_disable":"","site-sidebar-layout":"default","site-content-layout":"content-boxed-container","ast-site-content-layout":"normal-width-container","site-content-style":"boxed","site-sidebar-style":"unboxed","ast-global-header-display":"","ast-banner-title-visibility":"","ast-main-header-display":"","ast-hfb-above-header-display":"","ast-hfb-below-header-display":"","ast-hfb-mobile-header-display":"","site-post-title":"","ast-breadcrumbs-content":"","ast-featured-img":"","footer-sml-layout":"","ast-disable-related-posts":"","theme-transparent-header-meta":"default","adv-header-id-meta":"","stick-header-meta":"","header-above-stick-meta":"","header-main-stick-meta":"","header-below-stick-meta":"","astra-migrate-meta-layouts":"set","ast-page-background-enabled":"default","ast-page-background-meta":{"desktop":{"background-color":"var(--ast-global-color-4)","background-image":"","background-repeat":"repeat","background-position":"center center","background-size":"auto","background-attachment":"scroll","background-type":"","background-media":"","overlay-type":"","overlay-color":"","overlay-opacity":"","overlay-gradient":""},"tablet":{"background-color":"","background-image":"","background-repeat":"repeat","background-position":"center center","background-size":"auto","background-attachment":"scroll","background-type":"","background-media":"","overlay-type":"","overlay-color":"","overlay-opacity":"","overlay-gradient":""},"mobile":{"background-color":"","background-image":"","background-repeat":"repeat","background-position":"center center","background-size":"auto","background-attachment":"scroll","background-type":"","background-media":"","overlay-type":"","overlay-color":"","overlay-opacity":"","overlay-gradient":""}},"ast-content-background-meta":{"desktop":{"background-color":"var(--ast-global-color-5)","background-image":"","background-repeat":"repeat","background-position":"center center","background-size":"auto","background-attachment":"scroll","background-type":"","background-media":"","overlay-type":"","overlay-color":"","overlay-opacity":"","overlay-gradient":""},"tablet":{"background-color":"var(--ast-global-color-5)","background-image":"","background-repeat":"repeat","background-position":"center center","background-size":"auto","background-attachment":"scroll","background-type":"","background-media":"","overlay-type":"","overlay-color":"","overlay-opacity":"","overlay-gradient":""},"mobile":{"background-color":"var(--ast-global-color-5)","background-image":"","background-repeat":"repeat","background-position":"center center","background-size":"auto","background-attachment":"scroll","background-type":"","background-media":"","overlay-type":"","overlay-color":"","overlay-opacity":"","overlay-gradient":""}},"_joinchat":[]},"product_brand":[],"product_cat":[15,27,25,123,30,26,28,137,136,135],"product_tag":[40,111,243,241,242],"class_list":{"0":"post-2862","1":"product","2":"type-product","3":"status-publish","4":"has-post-thumbnail","6":"product_cat-new-vape-this-week","7":"product_cat-fance-hot-sale-vape","8":"product_cat-germany-best-selling-vape","9":"product_cat-italy-wholesale-vape","10":"product_cat-minimum-order-quantity-50pcs","11":"product_cat-netherlands-hot-sale-vape","12":"product_cat-poland-hot-sale-vape","13":"product_cat-rechargeable-vapes","14":"product_cat-smart-screen-vapes","15":"product_cat-spain-best-hot-sale-vape","16":"product_tag-hot-sale-vape","17":"product_tag-low-nicotine-disposable-vape","18":"product_tag-vapsolo","19":"product_tag-vapsolo-twins-20000","20":"product_tag-vapsolo-twins-20k","21":"desktop-align-left","22":"tablet-align-left","23":"mobile-align-left","25":"first","26":"instock","27":"sale","28":"shipping-taxable","29":"purchasable","30":"product-type-simple"},"uagb_featured_image_src":{"full":["https:\/\/rmvapesale.com\/wp-content\/uploads\/2024\/12\/VapSolo-Twins-20000-Disposable-Vape.jpg",1126,1126,false],"thumbnail":["https:\/\/rmvapesale.com\/wp-content\/uploads\/2024\/12\/VapSolo-Twins-20000-Disposable-Vape-150x150.jpg",150,150,true],"medium":["https:\/\/rmvapesale.com\/wp-content\/uploads\/2024\/12\/VapSolo-Twins-20000-Disposable-Vape-300x300.jpg",300,300,true],"medium_large":["https:\/\/rmvapesale.com\/wp-content\/uploads\/2024\/12\/VapSolo-Twins-20000-Disposable-Vape-768x768.jpg",768,768,true],"large":["https:\/\/rmvapesale.com\/wp-content\/uploads\/2024\/12\/VapSolo-Twins-20000-Disposable-Vape-1024x1024.jpg",1024,1024,true],"1536x1536":["https:\/\/rmvapesale.com\/wp-content\/uploads\/2024\/12\/VapSolo-Twins-20000-Disposable-Vape.jpg",1126,1126,false],"2048x2048":["https:\/\/rmvapesale.com\/wp-content\/uploads\/2024\/12\/VapSolo-Twins-20000-Disposable-Vape.jpg",1126,1126,false],"trp-custom-language-flag":["https:\/\/rmvapesale.com\/wp-content\/uploads\/2024\/12\/VapSolo-Twins-20000-Disposable-Vape.jpg",12,12,false],"woocommerce_thumbnail":["https:\/\/rmvapesale.com\/wp-content\/uploads\/2024\/12\/VapSolo-Twins-20000-Disposable-Vape-300x300.jpg",300,300,true],"woocommerce_single":["https:\/\/rmvapesale.com\/wp-content\/uploads\/2024\/12\/VapSolo-Twins-20000-Disposable-Vape-600x600.jpg",600,600,true],"woocommerce_gallery_thumbnail":["https:\/\/rmvapesale.com\/wp-content\/uploads\/2024\/12\/VapSolo-Twins-20000-Disposable-Vape-100x100.jpg",100,100,true],"wcpr-photo-reviews":["https:\/\/rmvapesale.com\/wp-content\/uploads\/2024\/12\/VapSolo-Twins-20000-Disposable-Vape.jpg",500,500,false]},"uagb_author_info":{"display_name":"AMY","author_link":"https:\/\/rmvapesale.com\/pt\/author\/"},"uagb_comment_info":0,"uagb_excerpt":"Vapsolo Twins 20000 Puffs 2 Flavour in 1 Disposable Vape Wholesale Vapsolo Twins 20000 2 Flavour in 1 Rechargeable Disposable Vape Wholesale Price Hot Sell Disposable Vape Pen Vapsolo Twins 20000 Puffs Bulk Buy Cheap Price Contact Amy to get right reply and vape coupon! WhatsApp: +86 17776015835 &nbsp;","_links":{"self":[{"href":"https:\/\/rmvapesale.com\/pt\/wp-json\/wp\/v2\/product\/2862","targetHints":{"allow":["GET"]}}],"collection":[{"href":"https:\/\/rmvapesale.com\/pt\/wp-json\/wp\/v2\/product"}],"about":[{"href":"https:\/\/rmvapesale.com\/pt\/wp-json\/wp\/v2\/types\/product"}],"replies":[{"embeddable":true,"href":"https:\/\/rmvapesale.com\/pt\/wp-json\/wp\/v2\/comments?post=2862"}],"wp:featuredmedia":[{"embeddable":true,"href":"https:\/\/rmvapesale.com\/pt\/wp-json\/wp\/v2\/media\/2860"}],"wp:attachment":[{"href":"https:\/\/rmvapesale.com\/pt\/wp-json\/wp\/v2\/media?parent=2862"}],"wp:term":[{"taxonomy":"product_brand","embeddable":true,"href":"https:\/\/rmvapesale.com\/pt\/wp-json\/wp\/v2\/product_brand?post=2862"},{"taxonomy":"product_cat","embeddable":true,"href":"https:\/\/rmvapesale.com\/pt\/wp-json\/wp\/v2\/product_cat?post=2862"},{"taxonomy":"product_tag","embeddable":true,"href":"https:\/\/rmvapesale.com\/pt\/wp-json\/wp\/v2\/product_tag?post=2862"}],"curies":[{"name":"wp","href":"https:\/\/api.w.org\/{rel}","templated":true}]}}