{"id":2876,"date":"2024-12-23T09:17:23","date_gmt":"2024-12-23T09:17:23","guid":{"rendered":"https:\/\/rmvapesale.com\/?post_type=product&#038;p=2876"},"modified":"2024-12-23T09:39:15","modified_gmt":"2024-12-23T09:39:15","slug":"bood-pulse-pro-50000-puff-50k-low-nicotine-disposable-vape-wholesale-bulk-buy-price","status":"publish","type":"product","link":"https:\/\/rmvapesale.com\/pt\/product\/bood-pulse-pro-50000-puff-50k-low-nicotine-disposable-vape-wholesale-bulk-buy-price\/","title":{"rendered":"Bood Pulse PRO 50000 Puff 50k Vape Descart\u00e1vel Baixa Nicotina Pre\u00e7o de Compra a Granel Atacado"},"content":{"rendered":"<div class=\"B2VR9 CJHX3e\">\n<div class=\"wyccme\">\n<div class=\"flex-shrink-0 flex flex-col relative items-end\">\n<div class=\"pt-0\">\n<div class=\"gizmo-bot-avatar flex h-8 w-8 items-center justify-center overflow-hidden rounded-full\">\n<div class=\"relative p-1 rounded-sm flex items-center justify-center bg-token-main-surface-primary text-token-text-primary h-8 w-8\">\n<div class=\"flex-shrink-0 flex flex-col relative items-end\">\n<div class=\"pt-0\">\n<div class=\"gizmo-bot-avatar flex h-8 w-8 items-center justify-center overflow-hidden rounded-full\">\n<h1 class=\"relative p-1 rounded-sm flex items-center justify-center bg-token-main-surface-primary text-token-text-primary h-8 w-8\">Bood Pulse PRO 50000 Puff 50k Vape Descart\u00e1vel Baixa Nicotina Pre\u00e7o de Compra a Granel Atacado<\/h1>\n<\/div>\n<\/div>\n<\/div>\n<\/div>\n<\/div>\n<\/div>\n<\/div>\n<div class=\"group\/conversation-turn relative flex w-full min-w-0 flex-col agent-turn\">\n<div class=\"flex-col gap-1 md:gap-3\">\n<div class=\"flex max-w-full flex-col flex-grow\">\n<div class=\"min-h-8 text-message flex w-full flex-col items-end gap-2 whitespace-normal break-words text-start [.text-message+&amp;]:mt-5\" dir=\"auto\" data-message-author-role=\"assistant\" data-message-id=\"80ece0c4-ead1-4ed9-a9f0-ddc22582b4f4\" data-message-model-slug=\"gpt-4o\">\n<div class=\"flex w-full flex-col gap-1 empty:hidden first:pt-[3px]\">\n<div class=\"markdown prose w-full break-words dark:prose-invert light\">\n<h3><\/h3>\n<\/div>\n<\/div>\n<\/div>\n<\/div>\n<\/div>\n<\/div>\n<div class=\"flex-shrink-0 flex flex-col relative items-end\">\n<div class=\"pt-0\">\n<div class=\"gizmo-bot-avatar flex h-8 w-8 items-center justify-center overflow-hidden rounded-full\">\n<div class=\"relative p-1 rounded-sm flex items-center justify-center bg-token-main-surface-primary text-token-text-primary h-8 w-8\">\n<p>Eleve a sua experi\u00eancia de vaping com o <strong>Bood Pulse PRO 50000 Puff Vape Descart\u00e1vel de Baixa Nicotina<\/strong>, uma verdadeira inova\u00e7\u00e3o em <strong>marcas de vape descart\u00e1veis<\/strong>. Este <strong>vape de 50k puffs<\/strong> foi projetado para utilizadores que valorizam desempenho, durabilidade e estilo.<\/p>\n<p>Equipado com uma <strong>Bateria recarreg\u00e1vel de 400mAh<\/strong> e <strong>carregamento r\u00e1pido Tipo-C<\/strong>, garante que o seu dispositivo esteja sempre pronto. Com o seu <strong>capacidade de 28ml de e-l\u00edquido<\/strong>, este vape oferece at\u00e9 <strong>50.000 puffs no Modo Normal<\/strong> or <strong>25.000 puffs no Modo Pulsar<\/strong>, atendendo a uma vasta gama de prefer\u00eancias. O <strong>ecr\u00e3 inteligente de LED<\/strong> facilita o monitoramento da contagem de puffs, dura\u00e7\u00e3o da bateria e modo de vaping.<\/p>\n<p>Dispon\u00edvel em <strong>pre\u00e7os acess\u00edveis de vape descart\u00e1vel por grosso<\/strong>, o <strong>Bood Pulse PRO 50000<\/strong> combina recursos premium e acessibilidade, tornando-o ideal para uso pessoal ou <strong>compra a granel<\/strong> necessidades. Escolha entre uma variedade de sabores irresist\u00edveis e desfrute de uma experi\u00eancia de vaping suave, saborosa e personalizada.<\/p>\n<\/div>\n<\/div>\n<\/div>\n<\/div>\n<\/div>\n<\/div>\n<p><strong>Contacte a Amy para obter a resposta certa e cup\u00e3o de vape!<\/strong><\/p>\n<p><img loading=\"lazy\" decoding=\"async\" class=\"size-full wp-image-1978\" src=\"https:\/\/rmvapesale.com\/wp-content\/uploads\/2024\/09\/Disposable-Vape-Wholesale.jpg\" alt=\"Venda por grosso de vapes descart\u00e1veis\" width=\"229\" height=\"300\" \/><\/p>\n<h3><a href=\"https:\/\/wa.me\/8617776015835\" target=\"_blank\" rel=\"noopener\"><span style=\"color: #ff0000\"><strong>WhatsApp: +86 17776015835<\/strong><\/span><\/a><\/h3>\n<p>&nbsp;<\/p>\n<p><strong style=\"font-size: 1.7em\">Principais Caracter\u00edsticas do Bood Pulse PRO 50000<\/strong><\/p>\n<ol>\n<li><strong>Capacidade Massiva de 50.000 Puffs:<\/strong> Vaporiza\u00e7\u00e3o duradoura com <strong>Modos Normal e Pulsar<\/strong> para maior versatilidade.<\/li>\n<li><strong>Bateria Recarreg\u00e1vel:<\/strong> <strong>Bateria de 400mAh<\/strong> com carregamento r\u00e1pido Type-C garante conveni\u00eancia.<\/li>\n<li><strong>Display LED inteligente:<\/strong> Acompanhe facilmente a contagem de tragos, o estado da bateria e as configura\u00e7\u00f5es de modo.<\/li>\n<li><strong>Capacidade Generosa de E-L\u00edquido:<\/strong> Reservat\u00f3rio de 28ml oferece vaporiza\u00e7\u00e3o prolongada sem recargas frequentes.<\/li>\n<li><strong>Modos de Vaporiza\u00e7\u00e3o Personaliz\u00e1veis:<\/strong> Dois modos\u2014Normal para longevidade e Pulsar para intensidade.<\/li>\n<li><strong>Op\u00e7\u00f5es de Nicotina Baixa:<\/strong> Dispon\u00edvel em nicotina 0%, 2% ou 5% para uma experi\u00eancia personalizada.<\/li>\n<li><strong>Pre\u00e7os de Atacado Acess\u00edveis:<\/strong> Perfeito para <strong>vaporizadores baratos<\/strong> para consumidores e compradores em grande quantidade.<\/li>\n<\/ol>\n<p><strong style=\"font-size: 1.7em\">Sabor mais vendido do Bood Pulse PRO 50000\u00a0<\/strong><\/p>\n<p>1.MEL\u00c3O ANAN\u00c1S LARANJA<br \/>\n2.MORENO AZEITONA RASPBERRY<br \/>\n3.MEL\u00c3O KIWI<br \/>\n4.\u00c1GUA DE MIRRA E BLUEBERRY<br \/>\n5.ICE DE FRAMBOESA NEGRA<br \/>\n6.MEL\u00c3O TRIPLO<br \/>\n7.ICE DE MORANGO<br \/>\n8.ICE DE MORANGO E MEL\u00c3O COM \u00c1GUA<br \/>\n9.LIMONADA DUPLA<br \/>\n10.UVA CRANBERRY BLUEBERRY FRAMBOESA<\/p>\n<p>&nbsp;<\/p>\n<figure id=\"attachment_2875\" aria-describedby=\"caption-attachment-2875\" style=\"width: 800px\" class=\"wp-caption alignnone\"><img loading=\"lazy\" decoding=\"async\" class=\"wp-image-2875 size-full\" src=\"https:\/\/rmvapesale.com\/wp-content\/uploads\/2024\/12\/Puff-50k-Bood-Pulse-50000-Puff-Disposable-Vape-Wholesale.jpg\" alt=\"Puff 50k Bood Pulse 50000 Puff Vape Descart\u00e1vel Atacado\" width=\"800\" height=\"800\" srcset=\"https:\/\/rmvapesale.com\/wp-content\/uploads\/2024\/12\/Puff-50k-Bood-Pulse-50000-Puff-Disposable-Vape-Wholesale.jpg 800w, https:\/\/rmvapesale.com\/wp-content\/uploads\/2024\/12\/Puff-50k-Bood-Pulse-50000-Puff-Disposable-Vape-Wholesale-300x300.jpg 300w, https:\/\/rmvapesale.com\/wp-content\/uploads\/2024\/12\/Puff-50k-Bood-Pulse-50000-Puff-Disposable-Vape-Wholesale-150x150.jpg 150w, https:\/\/rmvapesale.com\/wp-content\/uploads\/2024\/12\/Puff-50k-Bood-Pulse-50000-Puff-Disposable-Vape-Wholesale-768x768.jpg 768w, https:\/\/rmvapesale.com\/wp-content\/uploads\/2024\/12\/Puff-50k-Bood-Pulse-50000-Puff-Disposable-Vape-Wholesale-600x600.jpg 600w, https:\/\/rmvapesale.com\/wp-content\/uploads\/2024\/12\/Puff-50k-Bood-Pulse-50000-Puff-Disposable-Vape-Wholesale-100x100.jpg 100w\" sizes=\"auto, (max-width: 800px) 100vw, 800px\" \/><figcaption id=\"caption-attachment-2875\" class=\"wp-caption-text\">Puff 50k Bood Pulse 50000 Puff Vape Descart\u00e1vel Atacado<\/figcaption><\/figure>\n<p>&nbsp;<\/p>\n<h3><strong>Por que escolher a Rmvapesale para Bood Pulse PRO 50000 Puffs <\/strong><strong>V<\/strong><strong>Venda por grosso de vapes<\/strong><strong>?<\/strong><\/h3>\n<div class=\"flex-shrink-0 flex flex-col relative items-end\">\n<div class=\"pt-0\">\n<div class=\"gizmo-bot-avatar flex h-8 w-8 items-center justify-center overflow-hidden rounded-full\">\n<div class=\"relative p-1 rounded-sm flex items-center justify-center bg-token-main-surface-primary text-token-text-primary h-8 w-8\">\n<p>Bem-vindo \u00e0 Rmvapesale, a sua loja de vapes de confian\u00e7a para vapes descart\u00e1veis premium. Com mais de 5 anos de experi\u00eancia, trazemos-lhe marcas populares de vapes descart\u00e1veis, como Al Fakher, Vapme Vape, <a href=\"https:\/\/rmvapesale.com\/pt\/product-category\/bang-vapes\/\">Bang Vape<\/a>, Waspe, WGA Vape e<a href=\"https:\/\/rmvapesale.com\/pt\/product-category\/randm-fumot-vape\/\"> RandM Vape<\/a>.<\/p>\n<p>A nossa gama inclui vapes de venda quente como o <a href=\"https:\/\/rmvapesale.com\/pt\/product\/randm-tornado-15000-puffs-vape-wholesale\/\">RandM Tornado 15000<\/a> e op\u00e7\u00f5es ricas em sabor como o Vapme 70000. Cada produto \u00e9 escolhido com foco na qualidade, valor e variedade, garantindo que encontra a combina\u00e7\u00e3o perfeita para as suas necessidades. Descubra um servi\u00e7o excecional e uma vasta gama de produtos de topo na Rmvapesale.<\/p>\n<\/div>\n<h3><\/h3>\n<div class=\"relative p-1 rounded-sm flex items-center justify-center bg-token-main-surface-primary text-token-text-primary h-8 w-8\">\n<h3><b> Perguntas Frequentes Sobre Bood Pulse 50000 <\/b><b>Vape Descart\u00e1vel Recarreg\u00e1vel<\/b><\/h3>\n<div class=\"group\/conversation-turn relative flex w-full min-w-0 flex-col agent-turn\">\n<div class=\"flex-col gap-1 md:gap-3\">\n<div class=\"flex max-w-full flex-col flex-grow\">\n<div class=\"min-h-8 text-message flex w-full flex-col items-end gap-2 whitespace-normal break-words [.text-message+&amp;]:mt-5\" dir=\"auto\" data-message-author-role=\"assistant\" data-message-id=\"00c9b302-bc9c-4550-94ba-5a295efa2be3\" data-message-model-slug=\"gpt-4o\">\n<div class=\"flex w-full flex-col gap-1 empty:hidden first:pt-[3px]\">\n<div class=\"markdown prose w-full break-words dark:prose-invert light\">\n<div class=\"flex-shrink-0 flex flex-col relative items-end\">\n<div class=\"pt-0\">\n<div class=\"gizmo-bot-avatar flex h-8 w-8 items-center justify-center overflow-hidden rounded-full\">\n<div class=\"relative p-1 rounded-sm flex items-center justify-center bg-token-main-surface-primary text-token-text-primary h-8 w-8\">\n<div class=\"flex-shrink-0 flex flex-col relative items-end\">\n<div class=\"pt-0\">\n<div class=\"gizmo-bot-avatar flex h-8 w-8 items-center justify-center overflow-hidden rounded-full\">\n<div class=\"relative p-1 rounded-sm flex items-center justify-center bg-token-main-surface-primary text-token-text-primary h-8 w-8\">\n<h3><\/h3>\n<ol>\n<li><strong>Quantos tragos o Bood Pulse PRO 50000 fornece?<\/strong><br \/>\nO dispositivo fornece <strong>50.000 puffs no Modo Normal<\/strong> e <strong>25.000 puffs no Modo Pulsar<\/strong>, garantindo durabilidade.<\/li>\n<li><strong>Qual \u00e9 a finalidade do ecr\u00e3 inteligente de LED?<\/strong><br \/>\nO <strong>cURL Too many subrequests.<\/strong> permite aos utilizadores monitorizar a contagem de tragos, a vida \u00fatil da bateria e o modo de vaporiza\u00e7\u00e3o selecionado com facilidade.<\/li>\n<li><strong>Posso recarregar o vape descart\u00e1vel Bood 50000 tragos?<\/strong><br \/>\nSim, possui uma <strong>Bateria recarreg\u00e1vel de 400mAh<\/strong> com carregamento r\u00e1pido Type-C para sua conveni\u00eancia.<\/li>\n<li><strong>Quais s\u00e3o os n\u00edveis de nicotina dispon\u00edveis?<\/strong><br \/>\nO <strong>Bood 50000<\/strong> oferece op\u00e7\u00f5es de nicotina 0%, 2% e 5% para atender \u00e0s suas prefer\u00eancias.<\/li>\n<li><strong>Onde posso comprar o Bood Pulse PRO 50k a pre\u00e7os de atacado?<\/strong><br \/>\nVisite <strong>Loja online Rmvapesale<\/strong> para adquirir o <strong>Vape descart\u00e1vel Bood Pulse PRO 50k com baixa nicotina<\/strong> a pre\u00e7os imbat\u00edveis <strong>pre\u00e7os de compra em atacado<\/strong>!<\/li>\n<\/ol>\n<\/div>\n<\/div>\n<\/div>\n<\/div>\n<\/div>\n<\/div>\n<\/div>\n<\/div>\n<div class=\"group\/conversation-turn relative flex w-full min-w-0 flex-col agent-turn\">\n<div class=\"flex-col gap-1 md:gap-3\">\n<div class=\"flex max-w-full flex-col flex-grow\">\n<div class=\"min-h-8 text-message flex w-full flex-col items-end gap-2 whitespace-normal break-words [.text-message+&amp;]:mt-5\" dir=\"auto\" data-message-author-role=\"assistant\" data-message-id=\"a3dc01bd-23b0-4fd7-bb9a-7827522cefd8\" data-message-model-slug=\"gpt-4o\">\n<div class=\"flex w-full flex-col gap-1 empty:hidden first:pt-[3px]\"><\/div>\n<\/div>\n<\/div>\n<\/div>\n<\/div>\n<\/div>\n<\/div>\n<\/div>\n<\/div>\n<\/div>\n<\/div>\n<\/div>\n<\/div>\n<\/div>\n<\/div>\n<h3>Sobre o Envio<\/h3>\n<div class=\"flex-shrink-0 flex flex-col relative items-end\">\n<div>\n<div class=\"pt-0\">\n<div class=\"gizmo-bot-avatar flex h-8 w-8 items-center justify-center overflow-hidden rounded-full\">\n<div><\/div>\n<div class=\"relative p-1 rounded-sm flex items-center justify-center bg-token-main-surface-primary text-token-text-primary h-8 w-8\"><strong>1. Que m\u00e9todos de envio s\u00e3o usados?<\/strong><\/div>\n<\/div>\n<\/div>\n<\/div>\n<\/div>\n<div class=\"group\/conversation-turn relative flex w-full min-w-0 flex-col agent-turn\">\n<div class=\"flex-col gap-1 md:gap-3\">\n<div class=\"flex max-w-full flex-col flex-grow\">\n<div class=\"min-h-[20px] text-message flex w-full flex-col items-end gap-2 whitespace-normal break-words [.text-message+&amp;]:mt-5 overflow-x-auto\" dir=\"auto\" data-message-author-role=\"assistant\" data-message-id=\"22f8283b-3233-46ff-89a5-c7a41b33abda\">\n<div class=\"flex w-full flex-col gap-1 empty:hidden first:pt-[3px]\">\n<div class=\"markdown prose w-full break-words dark:prose-invert light\">\n<p>Fazemos parceria com a UPS, DHL, FedEx, DPD e outras transportadoras l\u00edderes. Selecionaremos o melhor m\u00e9todo de envio com base na sua localiza\u00e7\u00e3o de entrega para garantir que receba os seus produtos o mais r\u00e1pido poss\u00edvel.<\/p>\n<\/div>\n<p><strong>2. Quanto tempo demora a chegar?<\/strong><\/p>\n<p>As encomendas enviadas para Portugal geralmente chegam dentro de 10 dias \u00fateis. O envio para pa\u00edses europeus demora geralmente cerca de 12-15 dias \u00fateis. Forneceremos atualiza\u00e7\u00f5es em tempo real sobre o estado do seu envio.<\/p>\n<\/div>\n<\/div>\n<\/div>\n<\/div>\n<\/div>\n<p>&nbsp;<\/p>\n<p>Encontre mais produtos de vape que talvez goste:<strong><em><a href=\"https:\/\/rmvapesale.com\/pt\/shop-2\/\">comprar agora &gt;&gt;&gt;<\/a><\/em><\/strong><\/p>","protected":false},"excerpt":{"rendered":"<p>Bood Pulse PRO 50000 Puffs Vape Descart\u00e1vel a Granel<br \/>\nBood Pulse PRO 50000 Vape Descart\u00e1vel Recarreg\u00e1vel a Pre\u00e7o de Venda por Grosso<br \/>\nVape Descart\u00e1vel de Venda Quente Bood Pulse PRO 50000 Compra em Massa Pre\u00e7o Barato<\/p>\n<p><strong>Contacte a Amy para obter a resposta certa e cup\u00e3o de vape!<\/strong><\/p>\n<p><img loading=\"lazy\" decoding=\"async\" class=\"size-full wp-image-2375\" src=\"https:\/\/rmvapesale.com\/wp-content\/uploads\/2024\/10\/image.png\" alt=\"Melhor Vape Descart\u00e1vel\" width=\"229\" height=\"300\" \/><\/p>\n<h3><a href=\"https:\/\/wa.me\/8617776015835\"><span style=\"color: #ff0000\"><strong>WhatsApp: +86 17776015835<\/strong><\/span><\/a><\/h3>\n<p>&nbsp;<\/p>","protected":false},"featured_media":2874,"comment_status":"open","ping_status":"closed","template":"","meta":{"_uag_custom_page_level_css":"","_lmt_disableupdate":"no","_lmt_disable":"","site-sidebar-layout":"default","site-content-layout":"content-boxed-container","ast-site-content-layout":"normal-width-container","site-content-style":"boxed","site-sidebar-style":"unboxed","ast-global-header-display":"","ast-banner-title-visibility":"","ast-main-header-display":"","ast-hfb-above-header-display":"","ast-hfb-below-header-display":"","ast-hfb-mobile-header-display":"","site-post-title":"","ast-breadcrumbs-content":"","ast-featured-img":"","footer-sml-layout":"","theme-transparent-header-meta":"default","adv-header-id-meta":"","stick-header-meta":"","header-above-stick-meta":"","header-main-stick-meta":"","header-below-stick-meta":"","astra-migrate-meta-layouts":"set","ast-page-background-enabled":"default","ast-page-background-meta":{"desktop":{"background-color":"var(--ast-global-color-4)","background-image":"","background-repeat":"repeat","background-position":"center center","background-size":"auto","background-attachment":"scroll","background-type":"","background-media":"","overlay-type":"","overlay-color":"","overlay-opacity":"","overlay-gradient":""},"tablet":{"background-color":"","background-image":"","background-repeat":"repeat","background-position":"center center","background-size":"auto","background-attachment":"scroll","background-type":"","background-media":"","overlay-type":"","overlay-color":"","overlay-opacity":"","overlay-gradient":""},"mobile":{"background-color":"","background-image":"","background-repeat":"repeat","background-position":"center center","background-size":"auto","background-attachment":"scroll","background-type":"","background-media":"","overlay-type":"","overlay-color":"","overlay-opacity":"","overlay-gradient":""}},"ast-content-background-meta":{"desktop":{"background-color":"var(--ast-global-color-5)","background-image":"","background-repeat":"repeat","background-position":"center center","background-size":"auto","background-attachment":"scroll","background-type":"","background-media":"","overlay-type":"","overlay-color":"","overlay-opacity":"","overlay-gradient":""},"tablet":{"background-color":"var(--ast-global-color-5)","background-image":"","background-repeat":"repeat","background-position":"center center","background-size":"auto","background-attachment":"scroll","background-type":"","background-media":"","overlay-type":"","overlay-color":"","overlay-opacity":"","overlay-gradient":""},"mobile":{"background-color":"var(--ast-global-color-5)","background-image":"","background-repeat":"repeat","background-position":"center center","background-size":"auto","background-attachment":"scroll","background-type":"","background-media":"","overlay-type":"","overlay-color":"","overlay-opacity":"","overlay-gradient":""}},"_joinchat":[]},"product_brand":[],"product_cat":[15,25,123,26,28,135,27,137,136,30],"product_tag":[146,131,247,248,40,111,243],"class_list":{"0":"post-2876","1":"product","2":"type-product","3":"status-publish","4":"has-post-thumbnail","6":"product_cat-new-vape-this-week","7":"product_cat-germany-best-selling-vape","8":"product_cat-italy-wholesale-vape","9":"product_cat-netherlands-hot-sale-vape","10":"product_cat-poland-hot-sale-vape","11":"product_cat-spain-best-hot-sale-vape","12":"product_cat-fance-hot-sale-vape","13":"product_cat-rechargeable-vapes","14":"product_cat-smart-screen-vapes","15":"product_cat-minimum-order-quantity-50pcs","16":"product_tag-best-hot-sale-vape","17":"product_tag-big-puff-vape","18":"product_tag-bood-pulse-pro-50000","19":"product_tag-bood-vape","20":"product_tag-hot-sale-vape","21":"product_tag-low-nicotine-disposable-vape","22":"product_tag-vapsolo","23":"desktop-align-left","24":"tablet-align-left","25":"mobile-align-left","27":"first","28":"instock","29":"sale","30":"shipping-taxable","31":"purchasable","32":"product-type-simple"},"uagb_featured_image_src":{"full":["https:\/\/rmvapesale.com\/wp-content\/uploads\/2024\/12\/Bood-Pulse-50000-Puff-Low-Nicotine-Disposable-Vape.jpg",800,800,false],"thumbnail":["https:\/\/rmvapesale.com\/wp-content\/uploads\/2024\/12\/Bood-Pulse-50000-Puff-Low-Nicotine-Disposable-Vape-150x150.jpg",150,150,true],"medium":["https:\/\/rmvapesale.com\/wp-content\/uploads\/2024\/12\/Bood-Pulse-50000-Puff-Low-Nicotine-Disposable-Vape-300x300.jpg",300,300,true],"medium_large":["https:\/\/rmvapesale.com\/wp-content\/uploads\/2024\/12\/Bood-Pulse-50000-Puff-Low-Nicotine-Disposable-Vape-768x768.jpg",768,768,true],"large":["https:\/\/rmvapesale.com\/wp-content\/uploads\/2024\/12\/Bood-Pulse-50000-Puff-Low-Nicotine-Disposable-Vape.jpg",800,800,false],"1536x1536":["https:\/\/rmvapesale.com\/wp-content\/uploads\/2024\/12\/Bood-Pulse-50000-Puff-Low-Nicotine-Disposable-Vape.jpg",800,800,false],"2048x2048":["https:\/\/rmvapesale.com\/wp-content\/uploads\/2024\/12\/Bood-Pulse-50000-Puff-Low-Nicotine-Disposable-Vape.jpg",800,800,false],"trp-custom-language-flag":["https:\/\/rmvapesale.com\/wp-content\/uploads\/2024\/12\/Bood-Pulse-50000-Puff-Low-Nicotine-Disposable-Vape.jpg",12,12,false],"woocommerce_thumbnail":["https:\/\/rmvapesale.com\/wp-content\/uploads\/2024\/12\/Bood-Pulse-50000-Puff-Low-Nicotine-Disposable-Vape-300x300.jpg",300,300,true],"woocommerce_single":["https:\/\/rmvapesale.com\/wp-content\/uploads\/2024\/12\/Bood-Pulse-50000-Puff-Low-Nicotine-Disposable-Vape-600x600.jpg",600,600,true],"woocommerce_gallery_thumbnail":["https:\/\/rmvapesale.com\/wp-content\/uploads\/2024\/12\/Bood-Pulse-50000-Puff-Low-Nicotine-Disposable-Vape-100x100.jpg",100,100,true],"wcpr-photo-reviews":["https:\/\/rmvapesale.com\/wp-content\/uploads\/2024\/12\/Bood-Pulse-50000-Puff-Low-Nicotine-Disposable-Vape.jpg",500,500,false]},"uagb_author_info":{"display_name":"AMY","author_link":"https:\/\/rmvapesale.com\/pt\/author\/"},"uagb_comment_info":0,"uagb_excerpt":"Bood Pulse PRO 50000 Puffs Disposable Vape Wholesale Bood Pulse PRO 50000 Rechargeable Disposable Vape Wholesale Price Hot Sell Disposable Vape Pen Bood Pulse PRO 50000 Bulk Buy Cheap Price Contact Amy to get right reply and vape coupon! WhatsApp: +86 17776015835 &nbsp;","_links":{"self":[{"href":"https:\/\/rmvapesale.com\/pt\/wp-json\/wp\/v2\/product\/2876","targetHints":{"allow":["GET"]}}],"collection":[{"href":"https:\/\/rmvapesale.com\/pt\/wp-json\/wp\/v2\/product"}],"about":[{"href":"https:\/\/rmvapesale.com\/pt\/wp-json\/wp\/v2\/types\/product"}],"replies":[{"embeddable":true,"href":"https:\/\/rmvapesale.com\/pt\/wp-json\/wp\/v2\/comments?post=2876"}],"wp:featuredmedia":[{"embeddable":true,"href":"https:\/\/rmvapesale.com\/pt\/wp-json\/wp\/v2\/media\/2874"}],"wp:attachment":[{"href":"https:\/\/rmvapesale.com\/pt\/wp-json\/wp\/v2\/media?parent=2876"}],"wp:term":[{"taxonomy":"product_brand","embeddable":true,"href":"https:\/\/rmvapesale.com\/pt\/wp-json\/wp\/v2\/product_brand?post=2876"},{"taxonomy":"product_cat","embeddable":true,"href":"https:\/\/rmvapesale.com\/pt\/wp-json\/wp\/v2\/product_cat?post=2876"},{"taxonomy":"product_tag","embeddable":true,"href":"https:\/\/rmvapesale.com\/pt\/wp-json\/wp\/v2\/product_tag?post=2876"}],"curies":[{"name":"wp","href":"https:\/\/api.w.org\/{rel}","templated":true}]}}