{"id":2884,"date":"2024-12-26T08:14:24","date_gmt":"2024-12-26T08:14:24","guid":{"rendered":"https:\/\/rmvapesale.com\/?post_type=product&#038;p=2884"},"modified":"2024-12-26T08:29:44","modified_gmt":"2024-12-26T08:29:44","slug":"vookbar-cyber-pro-30000-puffs-bluetooth-vape-2-low-nicotine-rechargeable-bulk-buy-wholesale-price","status":"publish","type":"product","link":"https:\/\/rmvapesale.com\/pt\/product\/vookbar-cyber-pro-30000-puffs-bluetooth-vape-2-low-nicotine-rechargeable-bulk-buy-wholesale-price\/","title":{"rendered":"Vookbar Cyber Pro 30000 Puffs Vaporizador Bluetooth 2% Baixo em Nicotina Recarreg\u00e1vel Compra em Massa Pre\u00e7o de Atacado"},"content":{"rendered":"<div class=\"B2VR9 CJHX3e\">\n<div class=\"wyccme\">\n<div class=\"flex-shrink-0 flex flex-col relative items-end\">\n<div class=\"pt-0\">\n<div class=\"gizmo-bot-avatar flex h-8 w-8 items-center justify-center overflow-hidden rounded-full\">\n<div class=\"relative p-1 rounded-sm flex items-center justify-center bg-token-main-surface-primary text-token-text-primary h-8 w-8\">\n<div class=\"flex-shrink-0 flex flex-col relative items-end\">\n<div class=\"pt-0\">\n<div class=\"gizmo-bot-avatar flex h-8 w-8 items-center justify-center overflow-hidden rounded-full\">\n<h1 class=\"relative p-1 rounded-sm flex items-center justify-center bg-token-main-surface-primary text-token-text-primary h-8 w-8\">Vookbar Cyber Pro 30000 Puffs Vaporizador Bluetooth 2% Baixo em Nicotina Recarreg\u00e1vel Compra em Massa Pre\u00e7o de Atacado<\/h1>\n<\/div>\n<\/div>\n<\/div>\n<\/div>\n<\/div>\n<\/div>\n<\/div>\n<div class=\"group\/conversation-turn relative flex w-full min-w-0 flex-col agent-turn\">\n<div class=\"flex-col gap-1 md:gap-3\">\n<div class=\"flex max-w-full flex-col flex-grow\">\n<div class=\"min-h-8 text-message flex w-full flex-col items-end gap-2 whitespace-normal break-words text-start [.text-message+&amp;]:mt-5\" dir=\"auto\" data-message-author-role=\"assistant\" data-message-id=\"80ece0c4-ead1-4ed9-a9f0-ddc22582b4f4\" data-message-model-slug=\"gpt-4o\">\n<div class=\"flex w-full flex-col gap-1 empty:hidden first:pt-[3px]\">\n<div class=\"markdown prose w-full break-words dark:prose-invert light\">\n<h3><\/h3>\n<\/div>\n<\/div>\n<\/div>\n<\/div>\n<\/div>\n<\/div>\n<div class=\"flex-shrink-0 flex flex-col relative items-end\">\n<div class=\"pt-0\">\n<div class=\"gizmo-bot-avatar flex h-8 w-8 items-center justify-center overflow-hidden rounded-full\">\n<div class=\"relative p-1 rounded-sm flex items-center justify-center bg-token-main-surface-primary text-token-text-primary h-8 w-8\">\n<p>O <strong>Vookbar Cyber Pro 30000 Puffs<\/strong> \u00e9 um vape descart\u00e1vel inovador que mistura tecnologia avan\u00e7ada com um design elegante, feito para aqueles que valorizam estilo e desempenho. Seja um vaper iniciante ou um entusiasta experiente, este dispositivo oferece uma experi\u00eancia extraordin\u00e1ria.<\/p>\n<h4><strong>Capacidade de Puffs Incompar\u00e1vel<\/strong><\/h4>\n<p>Oferecendo uma impressionante <strong>30.000 puffs<\/strong>, o Vookbar Cyber Pro oferece uso prolongado, eliminando o inc\u00f4modo de substitui\u00e7\u00f5es frequentes. Com uma <strong>capacidade de 22ml de e-l\u00edquido<\/strong>, garante um sabor duradouro sem recargas constantes.<\/p>\n<h4><strong>Bateria Potente e Carregamento Conveniente<\/strong><\/h4>\n<p>Equipado com uma dur\u00e1vel <strong>bateria recarreg\u00e1vel de 650mAh<\/strong>, este vape acompanha o seu estilo de vida. A funcionalidade de <strong>carregamento r\u00e1pido Tipo-C<\/strong> significa que pode recarregar rapidamente e voltar a usar o vape num instante.<\/p>\n<h4><strong>Sabor Rico e Vapor Suave<\/strong><\/h4>\n<p>O <strong>sistema de bobina de malha dupla<\/strong> melhora tanto o sabor quanto a produ\u00e7\u00e3o de vapor, proporcionando nuvens densas e satisfat\u00f3rias a cada utiliza\u00e7\u00e3o. O design de fluxo de ar ajust\u00e1vel permite adaptar o vapor \u00e0s suas prefer\u00eancias pessoais, garantindo uma experi\u00eancia de vaping personalizada.<\/p>\n<h4><strong>Tecnologia de Ecr\u00e3 T\u00e1til Intuitiva<\/strong><\/h4>\n<p>O <strong>ecr\u00e3 t\u00e1til de 2,1 polegadas<\/strong> coloca o controlo na ponta dos seus dedos. Monitorize facilmente as configura\u00e7\u00f5es do dispositivo e, com a <strong>compatibilidade Bluetooth<\/strong>, emparelhe-o com a aplica\u00e7\u00e3o Wearinos para uma personaliza\u00e7\u00e3o completa \u2014 ajuste configura\u00e7\u00f5es, defina wallpapers personalizados e at\u00e9 mesmo capture selfies remotas.<\/p>\n<h4><strong>Multi-Funcional e Seguro<\/strong><\/h4>\n<p>Para al\u00e9m de ser um vaporizador, o Vookbar Cyber Pro oferece funcionalidades adicionais como mini-jogos e notifica\u00e7\u00f5es de redes sociais, integrando-se perfeitamente na sua vida di\u00e1ria. Foi concebido com um <strong>bloqueio para crian\u00e7as<\/strong> para maior seguran\u00e7a, tornando-o uma escolha fi\u00e1vel para lares.<\/p>\n<h4><strong>Op\u00e7\u00f5es de Nicotina para Todas as Prefer\u00eancias<\/strong><\/h4>\n<p>Dispon\u00edvel em <strong>0%, 2%, 3% e 5% de n\u00edveis de nicotina<\/strong>, o Vookbar Cyber Pro serve uma vasta gama de utilizadores, desde aqueles que procuram op\u00e7\u00f5es sem nicotina at\u00e9 os que preferem uma dose mais forte.<\/p>\n<h3><strong>Eleve a Sua Experi\u00eancia de Vaping<\/strong><\/h3>\n<p>O <strong>Vookbar Cyber Pro 30000 Puffs<\/strong> n\u00e3o \u00e9 apenas um vaporizador descart\u00e1vel \u2014 \u00e9 um dispositivo inovador constru\u00eddo para os vapers modernos. Combinando conveni\u00eancia, tecnologia e desempenho superior, \u00e9 a escolha definitiva tanto para compradores por atacado como para utilizadores individuais.<\/p>\n<\/div>\n<\/div>\n<\/div>\n<\/div>\n<\/div>\n<\/div>\n<p><strong>Contacte a Amy para obter a resposta certa e cup\u00e3o de vape!<\/strong><\/p>\n<p><img loading=\"lazy\" decoding=\"async\" class=\"size-full wp-image-1978\" src=\"https:\/\/rmvapesale.com\/wp-content\/uploads\/2024\/09\/Disposable-Vape-Wholesale.jpg\" alt=\"Venda por grosso de vapes descart\u00e1veis\" width=\"229\" height=\"300\" \/><\/p>\n<h3><a href=\"https:\/\/wa.me\/8617776015835\" target=\"_blank\" rel=\"noopener\"><span style=\"color: #ff0000\"><strong>WhatsApp: +86 17776015835<\/strong><\/span><\/a><\/h3>\n<p>&nbsp;<\/p>\n<p><strong style=\"font-size: 1.7em\">Vookbar Cyber Pro 30000 Caracter\u00edsticas Principais<\/strong><\/p>\n<p>Puff: 30.000 puffs<br \/>\nVolume de L\u00edquido: 22ml<br \/>\nBateria: bateria recarreg\u00e1vel de 650mAh<br \/>\nBobina de Malha Dupla<br \/>\nControlo Inteligente por Ecr\u00e3 T\u00e1til<br \/>\nnotifica\u00e7\u00f5es e mais.<br \/>\nNicotina: 0%, 2%, 3% e 5%<\/p>\n<p><strong style=\"font-size: 1.7em\">Sabor mais vendido para Vookbar Cyber Pro 30000 <\/strong><\/p>\n<p>Este Vookbar Cyber Pro 30000 oferece uma mistura vibrante de sabores, desde cl\u00e1ssicos frutados como <strong>P\u00eassego e manga<\/strong> e <strong>Morango Melancia<\/strong> a misturas geladas refrescantes como <strong>Blue Razz Ice<\/strong> e <strong>Gelo de Melancia<\/strong>.<\/p>\n<p>1.Mirtilo azul gelado\u00a0 <span style=\"color: #ff0000\"><strong>&gt;&gt;&gt;&gt; Quente!<\/strong><\/span><br \/>\n2.P\u00eassego gelado<br \/>\n3.Uva gelada<br \/>\n4.Morango e melancia<br \/>\n5.Morango e banana <span style=\"color: #ff0000\"><strong>&gt;&gt;&gt;&gt; Quente!<\/strong><\/span><br \/>\n6.Melancia e cereja<br \/>\n7.Melancia gelada<br \/>\n8.P\u00eassego e manga<br \/>\n9.Morango e kiwi<br \/>\n10.Morango branco gelado<br \/>\n11.Goma branca gelada <span style=\"color: #ff0000\"><strong>&gt;&gt;&gt;&gt; Quente!<\/strong><\/span><br \/>\n12.Pinacolada gelada<br \/>\n13.Fant\u00e1stico <span style=\"color: #ff0000\"><strong>&gt;&gt;&gt;&gt; O Melhor!<\/strong><\/span><br \/>\n14.Mojito de frutas silvestres<\/p>\n<h3><strong>Porqu\u00ea escolher Rmvapesale para Vookbar Cyber Pro 30000 <\/strong><strong>V<\/strong><strong>Venda por grosso de vapes<\/strong><strong>?<\/strong><\/h3>\n<div class=\"flex-shrink-0 flex flex-col relative items-end\">\n<div class=\"pt-0\">\n<div class=\"gizmo-bot-avatar flex h-8 w-8 items-center justify-center overflow-hidden rounded-full\">\n<div class=\"relative p-1 rounded-sm flex items-center justify-center bg-token-main-surface-primary text-token-text-primary h-8 w-8\">\n<p>Bem-vindo \u00e0 Rmvapesale, a sua loja de vapes de confian\u00e7a para vapes descart\u00e1veis premium. Com mais de 5 anos de experi\u00eancia, trazemos-lhe marcas populares de vapes descart\u00e1veis, como Al Fakher, Vapme Vape, <a href=\"https:\/\/rmvapesale.com\/pt\/product-category\/bang-vapes\/\">Bang Vape<\/a>, Waspe, WGA Vape e<a href=\"https:\/\/rmvapesale.com\/pt\/product-category\/randm-fumot-vape\/\"> RandM Vape<\/a>.<\/p>\n<p>A nossa gama inclui vapes de venda quente como o <a href=\"https:\/\/rmvapesale.com\/pt\/product\/randm-tornado-15000-puffs-vape-wholesale\/\">RandM Tornado 15000<\/a> e op\u00e7\u00f5es ricas em sabor como o Vapme 70000. Cada produto \u00e9 escolhido com foco na qualidade, valor e variedade, garantindo que encontra a combina\u00e7\u00e3o perfeita para as suas necessidades. Descubra um servi\u00e7o excecional e uma vasta gama de produtos de topo na Rmvapesale.<\/p>\n<\/div>\n<figure id=\"attachment_2878\" aria-describedby=\"caption-attachment-2878\" style=\"width: 1000px\" class=\"wp-caption alignnone\"><img loading=\"lazy\" decoding=\"async\" class=\"wp-image-2878 size-full\" src=\"https:\/\/rmvapesale.com\/wp-content\/uploads\/2024\/12\/Bluetooth-Vape-Wholesale.jpg\" alt=\"Venda por grosso de vapes com Bluetooth\" width=\"1000\" height=\"1000\" srcset=\"https:\/\/rmvapesale.com\/wp-content\/uploads\/2024\/12\/Bluetooth-Vape-Wholesale.jpg 1000w, https:\/\/rmvapesale.com\/wp-content\/uploads\/2024\/12\/Bluetooth-Vape-Wholesale-300x300.jpg 300w, https:\/\/rmvapesale.com\/wp-content\/uploads\/2024\/12\/Bluetooth-Vape-Wholesale-150x150.jpg 150w, https:\/\/rmvapesale.com\/wp-content\/uploads\/2024\/12\/Bluetooth-Vape-Wholesale-768x768.jpg 768w, https:\/\/rmvapesale.com\/wp-content\/uploads\/2024\/12\/Bluetooth-Vape-Wholesale-600x600.jpg 600w, https:\/\/rmvapesale.com\/wp-content\/uploads\/2024\/12\/Bluetooth-Vape-Wholesale-100x100.jpg 100w\" sizes=\"auto, (max-width: 1000px) 100vw, 1000px\" \/><figcaption id=\"caption-attachment-2878\" class=\"wp-caption-text\">Venda por grosso de vapes com Bluetooth<\/figcaption><\/figure>\n<div class=\"relative p-1 rounded-sm flex items-center justify-center bg-token-main-surface-primary text-token-text-primary h-8 w-8\">\n<h3><b> Perguntas Frequentes Sobre o Vookbar Cyber Pro 30k <\/b><b>Vape Descart\u00e1vel Recarreg\u00e1vel<\/b><\/h3>\n<div class=\"group\/conversation-turn relative flex w-full min-w-0 flex-col agent-turn\">\n<div class=\"flex-col gap-1 md:gap-3\">\n<div class=\"flex max-w-full flex-col flex-grow\">\n<div class=\"min-h-8 text-message flex w-full flex-col items-end gap-2 whitespace-normal break-words [.text-message+&amp;]:mt-5\" dir=\"auto\" data-message-author-role=\"assistant\" data-message-id=\"00c9b302-bc9c-4550-94ba-5a295efa2be3\" data-message-model-slug=\"gpt-4o\">\n<div class=\"flex w-full flex-col gap-1 empty:hidden first:pt-[3px]\">\n<div class=\"markdown prose w-full break-words dark:prose-invert light\">\n<div class=\"group\/conversation-turn relative flex w-full min-w-0 flex-col agent-turn\">\n<div class=\"flex-col gap-1 md:gap-3\">\n<div class=\"flex max-w-full flex-col flex-grow\">\n<div class=\"min-h-8 text-message flex w-full flex-col items-end gap-2 whitespace-normal break-words [.text-message+&amp;]:mt-5\" dir=\"auto\" data-message-author-role=\"assistant\" data-message-id=\"a3dc01bd-23b0-4fd7-bb9a-7827522cefd8\" data-message-model-slug=\"gpt-4o\">\n<div class=\"flex w-full flex-col gap-1 empty:hidden first:pt-[3px]\">\n<div class=\"flex max-w-full flex-col flex-grow\">\n<div class=\"min-h-8 text-message flex w-full flex-col items-end gap-2 whitespace-normal break-words text-start [.text-message+&amp;]:mt-5\" dir=\"auto\" data-message-author-role=\"assistant\" data-message-id=\"c0465b59-d7ac-4705-be53-31711ce42a0f\" data-message-model-slug=\"gpt-4o\">\n<div class=\"flex w-full flex-col gap-1 empty:hidden first:pt-[3px]\">\n<div class=\"markdown prose w-full break-words dark:prose-invert light\">\n<ol>\n<li><strong>O que torna o Vookbar Cyber Pro 30000 Puffs \u00fanico?<\/strong><br \/>\nO Vookbar Cyber Pro apresenta uma impressionante <strong>capacidade de 30 000 inala\u00e7\u00f5es<\/strong>, um <strong>ecr\u00e3 t\u00e1til de 2,1 polegadas<\/strong>, e conectividade Bluetooth avan\u00e7ada, tornando-o um dispositivo de vaporiza\u00e7\u00e3o multifuncional.<\/li>\n<li><strong>Como \u00e9 que o ecr\u00e3 t\u00e1til melhora a experi\u00eancia de vaporiza\u00e7\u00e3o?<\/strong><br \/>\nO <strong>ecr\u00e3 t\u00e1til<\/strong> permite uma navega\u00e7\u00e3o intuitiva das funcionalidades, tais como o estado da bateria, os n\u00edveis de e-l\u00edquido e as defini\u00e7\u00f5es personaliz\u00e1veis atrav\u00e9s da aplica\u00e7\u00e3o Wearinos, incluindo a personaliza\u00e7\u00e3o do papel de parede e o modo de selfie remoto.<\/li>\n<li><strong>Quais s\u00e3o as concentra\u00e7\u00f5es de nicotina dispon\u00edveis para o Vookbar 30000?<\/strong><br \/>\nEste dispositivo atende a diversas prefer\u00eancias com op\u00e7\u00f5es de nicotina de <strong>0%, 2%, 3% e 5%<\/strong>, tornando-o adequado tanto para utilizadores casuais como para vapers experientes.<\/li>\n<li><strong>Como recarrego o Vookbar Cyber Pro 30000?<\/strong><br \/>\nO Vookbar Cyber Pro \u00e9 alimentado por uma <strong>bateria recarreg\u00e1vel de 650mAh<\/strong> e vem com um <strong>porta de carregamento Tipo-C<\/strong> para um carregamento r\u00e1pido e eficiente.<\/li>\n<li><strong>O Vookbar Cyber Pro 30k inclui alguma funcionalidade de seguran\u00e7a?<\/strong><br \/>\nSim, inclui uma funcionalidade de <strong>bloqueio para crian\u00e7as<\/strong> para garantir a seguran\u00e7a e a tranquilidade, especialmente em resid\u00eancias com crian\u00e7as.<\/li>\n<\/ol>\n<\/div>\n<\/div>\n<\/div>\n<\/div>\n<div class=\"mb-2 flex gap-3 empty:hidden -ml-2\"><\/div>\n<\/div>\n<\/div>\n<\/div>\n<\/div>\n<\/div>\n<\/div>\n<\/div>\n<\/div>\n<\/div>\n<\/div>\n<\/div>\n<\/div>\n<\/div>\n<\/div>\n<\/div>\n<h3>Sobre o Envio<\/h3>\n<div class=\"flex-shrink-0 flex flex-col relative items-end\">\n<div>\n<div class=\"pt-0\">\n<div class=\"gizmo-bot-avatar flex h-8 w-8 items-center justify-center overflow-hidden rounded-full\">\n<div><\/div>\n<div class=\"relative p-1 rounded-sm flex items-center justify-center bg-token-main-surface-primary text-token-text-primary h-8 w-8\"><strong>1. Que m\u00e9todos de envio s\u00e3o usados?<\/strong><\/div>\n<\/div>\n<\/div>\n<\/div>\n<\/div>\n<div class=\"group\/conversation-turn relative flex w-full min-w-0 flex-col agent-turn\">\n<div class=\"flex-col gap-1 md:gap-3\">\n<div class=\"flex max-w-full flex-col flex-grow\">\n<div class=\"min-h-[20px] text-message flex w-full flex-col items-end gap-2 whitespace-normal break-words [.text-message+&amp;]:mt-5 overflow-x-auto\" dir=\"auto\" data-message-author-role=\"assistant\" data-message-id=\"22f8283b-3233-46ff-89a5-c7a41b33abda\">\n<div class=\"flex w-full flex-col gap-1 empty:hidden first:pt-[3px]\">\n<div class=\"markdown prose w-full break-words dark:prose-invert light\">\n<p>Fazemos parceria com a UPS, DHL, FedEx, DPD e outras transportadoras l\u00edderes. Selecionaremos o melhor m\u00e9todo de envio com base na sua localiza\u00e7\u00e3o de entrega para garantir que receba os seus produtos o mais r\u00e1pido poss\u00edvel.<\/p>\n<\/div>\n<p><strong>2. Quanto tempo demora a chegar?<\/strong><\/p>\n<p>As encomendas enviadas para Portugal geralmente chegam dentro de 10 dias \u00fateis. O envio para pa\u00edses europeus demora geralmente cerca de 12-15 dias \u00fateis. Forneceremos atualiza\u00e7\u00f5es em tempo real sobre o estado do seu envio.<\/p>\n<\/div>\n<\/div>\n<\/div>\n<\/div>\n<\/div>\n<p>&nbsp;<\/p>\n<p>Encontre mais produtos de vape que talvez goste:<strong><em><a href=\"https:\/\/rmvapesale.com\/pt\/shop-2\/\">comprar agora &gt;&gt;&gt;<\/a><\/em><\/strong><\/p>","protected":false},"excerpt":{"rendered":"<p>Vookbar Cyber Pro 30000 Puffs Vape Descart\u00e1vel Venda por Grosso<br \/>\nVookbar Cyber Pro 30k Vape Descart\u00e1vel Recarreg\u00e1vel Pre\u00e7o de Venda por Grosso<br \/>\nVenda Quente Caneta Vape Descart\u00e1vel Vookbar Cyber Pro 30000 Compra a Granel Pre\u00e7o Barato<\/p>\n<p><strong>Contacte a Amy para obter a resposta certa e cup\u00e3o de vape!<\/strong><\/p>\n<p><img loading=\"lazy\" decoding=\"async\" class=\"size-full wp-image-2375\" src=\"https:\/\/rmvapesale.com\/wp-content\/uploads\/2024\/10\/image.png\" alt=\"Melhor Vape Descart\u00e1vel\" width=\"229\" height=\"300\" \/><\/p>\n<h3><a href=\"https:\/\/wa.me\/8617776015835\"><span style=\"color: #ff0000\"><strong>WhatsApp: +86 17776015835<\/strong><\/span><\/a><\/h3>\n<p>&nbsp;<\/p>","protected":false},"featured_media":2880,"comment_status":"open","ping_status":"closed","template":"","meta":{"_uag_custom_page_level_css":"","_lmt_disableupdate":"no","_lmt_disable":"","site-sidebar-layout":"default","site-content-layout":"content-boxed-container","ast-site-content-layout":"normal-width-container","site-content-style":"boxed","site-sidebar-style":"unboxed","ast-global-header-display":"","ast-banner-title-visibility":"","ast-main-header-display":"","ast-hfb-above-header-display":"","ast-hfb-below-header-display":"","ast-hfb-mobile-header-display":"","site-post-title":"","ast-breadcrumbs-content":"","ast-featured-img":"","footer-sml-layout":"","ast-disable-related-posts":"","theme-transparent-header-meta":"default","adv-header-id-meta":"","stick-header-meta":"","header-above-stick-meta":"","header-main-stick-meta":"","header-below-stick-meta":"","astra-migrate-meta-layouts":"set","ast-page-background-enabled":"default","ast-page-background-meta":{"desktop":{"background-color":"var(--ast-global-color-4)","background-image":"","background-repeat":"repeat","background-position":"center center","background-size":"auto","background-attachment":"scroll","background-type":"","background-media":"","overlay-type":"","overlay-color":"","overlay-opacity":"","overlay-gradient":""},"tablet":{"background-color":"","background-image":"","background-repeat":"repeat","background-position":"center center","background-size":"auto","background-attachment":"scroll","background-type":"","background-media":"","overlay-type":"","overlay-color":"","overlay-opacity":"","overlay-gradient":""},"mobile":{"background-color":"","background-image":"","background-repeat":"repeat","background-position":"center center","background-size":"auto","background-attachment":"scroll","background-type":"","background-media":"","overlay-type":"","overlay-color":"","overlay-opacity":"","overlay-gradient":""}},"ast-content-background-meta":{"desktop":{"background-color":"var(--ast-global-color-5)","background-image":"","background-repeat":"repeat","background-position":"center center","background-size":"auto","background-attachment":"scroll","background-type":"","background-media":"","overlay-type":"","overlay-color":"","overlay-opacity":"","overlay-gradient":""},"tablet":{"background-color":"var(--ast-global-color-5)","background-image":"","background-repeat":"repeat","background-position":"center center","background-size":"auto","background-attachment":"scroll","background-type":"","background-media":"","overlay-type":"","overlay-color":"","overlay-opacity":"","overlay-gradient":""},"mobile":{"background-color":"var(--ast-global-color-5)","background-image":"","background-repeat":"repeat","background-position":"center center","background-size":"auto","background-attachment":"scroll","background-type":"","background-media":"","overlay-type":"","overlay-color":"","overlay-opacity":"","overlay-gradient":""}},"_joinchat":[]},"product_brand":[],"product_cat":[15,27,25,123,30,26,28,137,136,135],"product_tag":[146,131,40,111,250,249],"class_list":{"0":"post-2884","1":"product","2":"type-product","3":"status-publish","4":"has-post-thumbnail","6":"product_cat-new-vape-this-week","7":"product_cat-fance-hot-sale-vape","8":"product_cat-germany-best-selling-vape","9":"product_cat-italy-wholesale-vape","10":"product_cat-minimum-order-quantity-50pcs","11":"product_cat-netherlands-hot-sale-vape","12":"product_cat-poland-hot-sale-vape","13":"product_cat-rechargeable-vapes","14":"product_cat-smart-screen-vapes","15":"product_cat-spain-best-hot-sale-vape","16":"product_tag-best-hot-sale-vape","17":"product_tag-big-puff-vape","18":"product_tag-hot-sale-vape","19":"product_tag-low-nicotine-disposable-vape","20":"product_tag-vookbar-30000","21":"product_tag-vookbar-cyber-pro-30000","22":"desktop-align-left","23":"tablet-align-left","24":"mobile-align-left","26":"first","27":"instock","28":"sale","29":"shipping-taxable","30":"purchasable","31":"product-type-simple"},"uagb_featured_image_src":{"full":["https:\/\/rmvapesale.com\/wp-content\/uploads\/2024\/12\/Vookbar-Cyber-\u200b\u200bPro-30000-Bluetooth-Vape-Bulk-Buy.jpg",1000,1000,false],"thumbnail":["https:\/\/rmvapesale.com\/wp-content\/uploads\/2024\/12\/Vookbar-Cyber-\u200b\u200bPro-30000-Bluetooth-Vape-Bulk-Buy-150x150.jpg",150,150,true],"medium":["https:\/\/rmvapesale.com\/wp-content\/uploads\/2024\/12\/Vookbar-Cyber-\u200b\u200bPro-30000-Bluetooth-Vape-Bulk-Buy-300x300.jpg",300,300,true],"medium_large":["https:\/\/rmvapesale.com\/wp-content\/uploads\/2024\/12\/Vookbar-Cyber-\u200b\u200bPro-30000-Bluetooth-Vape-Bulk-Buy-768x768.jpg",768,768,true],"large":["https:\/\/rmvapesale.com\/wp-content\/uploads\/2024\/12\/Vookbar-Cyber-\u200b\u200bPro-30000-Bluetooth-Vape-Bulk-Buy.jpg",1000,1000,false],"1536x1536":["https:\/\/rmvapesale.com\/wp-content\/uploads\/2024\/12\/Vookbar-Cyber-\u200b\u200bPro-30000-Bluetooth-Vape-Bulk-Buy.jpg",1000,1000,false],"2048x2048":["https:\/\/rmvapesale.com\/wp-content\/uploads\/2024\/12\/Vookbar-Cyber-\u200b\u200bPro-30000-Bluetooth-Vape-Bulk-Buy.jpg",1000,1000,false],"trp-custom-language-flag":["https:\/\/rmvapesale.com\/wp-content\/uploads\/2024\/12\/Vookbar-Cyber-\u200b\u200bPro-30000-Bluetooth-Vape-Bulk-Buy.jpg",12,12,false],"woocommerce_thumbnail":["https:\/\/rmvapesale.com\/wp-content\/uploads\/2024\/12\/Vookbar-Cyber-\u200b\u200bPro-30000-Bluetooth-Vape-Bulk-Buy-300x300.jpg",300,300,true],"woocommerce_single":["https:\/\/rmvapesale.com\/wp-content\/uploads\/2024\/12\/Vookbar-Cyber-\u200b\u200bPro-30000-Bluetooth-Vape-Bulk-Buy-600x600.jpg",600,600,true],"woocommerce_gallery_thumbnail":["https:\/\/rmvapesale.com\/wp-content\/uploads\/2024\/12\/Vookbar-Cyber-\u200b\u200bPro-30000-Bluetooth-Vape-Bulk-Buy-100x100.jpg",100,100,true],"wcpr-photo-reviews":["https:\/\/rmvapesale.com\/wp-content\/uploads\/2024\/12\/Vookbar-Cyber-\u200b\u200bPro-30000-Bluetooth-Vape-Bulk-Buy.jpg",500,500,false]},"uagb_author_info":{"display_name":"AMY","author_link":"https:\/\/rmvapesale.com\/pt\/author\/"},"uagb_comment_info":0,"uagb_excerpt":"Vookbar Cyber Pro 30000 Puffs Disposable Vape Wholesale Vookbar Cyber Pro 30k Rechargeable Disposable Vape Wholesale Price Hot Sell Disposable Vape Pen Vookbar Cyber Pro 30000 Bulk Buy Cheap Price Contact Amy to get right reply and vape coupon! WhatsApp: +86 17776015835 &nbsp;","_links":{"self":[{"href":"https:\/\/rmvapesale.com\/pt\/wp-json\/wp\/v2\/product\/2884","targetHints":{"allow":["GET"]}}],"collection":[{"href":"https:\/\/rmvapesale.com\/pt\/wp-json\/wp\/v2\/product"}],"about":[{"href":"https:\/\/rmvapesale.com\/pt\/wp-json\/wp\/v2\/types\/product"}],"replies":[{"embeddable":true,"href":"https:\/\/rmvapesale.com\/pt\/wp-json\/wp\/v2\/comments?post=2884"}],"wp:featuredmedia":[{"embeddable":true,"href":"https:\/\/rmvapesale.com\/pt\/wp-json\/wp\/v2\/media\/2880"}],"wp:attachment":[{"href":"https:\/\/rmvapesale.com\/pt\/wp-json\/wp\/v2\/media?parent=2884"}],"wp:term":[{"taxonomy":"product_brand","embeddable":true,"href":"https:\/\/rmvapesale.com\/pt\/wp-json\/wp\/v2\/product_brand?post=2884"},{"taxonomy":"product_cat","embeddable":true,"href":"https:\/\/rmvapesale.com\/pt\/wp-json\/wp\/v2\/product_cat?post=2884"},{"taxonomy":"product_tag","embeddable":true,"href":"https:\/\/rmvapesale.com\/pt\/wp-json\/wp\/v2\/product_tag?post=2884"}],"curies":[{"name":"wp","href":"https:\/\/api.w.org\/{rel}","templated":true}]}}