{"id":2892,"date":"2024-12-28T07:33:48","date_gmt":"2024-12-28T07:33:48","guid":{"rendered":"https:\/\/rmvapesale.com\/?post_type=product&#038;p=2892"},"modified":"2024-12-28T08:06:28","modified_gmt":"2024-12-28T08:06:28","slug":"puff-40k-bang-refillable-disposable-vape-with-digital-display-bulk-buy-price","status":"publish","type":"product","link":"https:\/\/rmvapesale.com\/pt\/product\/puff-40k-bang-refillable-disposable-vape-with-digital-display-bulk-buy-price\/","title":{"rendered":"PUFF 40K Bang Refillable Disposable Vape com Ecr\u00e3 Digital Pre\u00e7o de Compra a Granel"},"content":{"rendered":"<div class=\"B2VR9 CJHX3e\">\n<div class=\"wyccme\">\n<div class=\"flex-shrink-0 flex flex-col relative items-end\">\n<div class=\"pt-0\">\n<div class=\"gizmo-bot-avatar flex h-8 w-8 items-center justify-center overflow-hidden rounded-full\">\n<div class=\"relative p-1 rounded-sm flex items-center justify-center bg-token-main-surface-primary text-token-text-primary h-8 w-8\">\n<div class=\"flex-shrink-0 flex flex-col relative items-end\">\n<div class=\"pt-0\">\n<div class=\"gizmo-bot-avatar flex h-8 w-8 items-center justify-center overflow-hidden rounded-full\">\n<h1 class=\"relative p-1 rounded-sm flex items-center justify-center bg-token-main-surface-primary text-token-text-primary h-8 w-8\">PUFF 40K Bang Refillable Disposable Vape com Ecr\u00e3 Digital Pre\u00e7o de Compra a Granel<\/h1>\n<\/div>\n<\/div>\n<\/div>\n<\/div>\n<\/div>\n<\/div>\n<\/div>\n<div class=\"group\/conversation-turn relative flex w-full min-w-0 flex-col agent-turn\">\n<div class=\"flex-col gap-1 md:gap-3\">\n<div class=\"flex max-w-full flex-col flex-grow\">\n<div class=\"min-h-8 text-message flex w-full flex-col items-end gap-2 whitespace-normal break-words text-start [.text-message+&amp;]:mt-5\" dir=\"auto\" data-message-author-role=\"assistant\" data-message-id=\"80ece0c4-ead1-4ed9-a9f0-ddc22582b4f4\" data-message-model-slug=\"gpt-4o\">\n<div class=\"flex w-full flex-col gap-1 empty:hidden first:pt-[3px]\">\n<div class=\"markdown prose w-full break-words dark:prose-invert light\">\n<h3><\/h3>\n<\/div>\n<\/div>\n<\/div>\n<\/div>\n<\/div>\n<\/div>\n<div class=\"flex-shrink-0 flex flex-col relative items-end\">\n<div class=\"pt-0\">\n<div class=\"gizmo-bot-avatar flex h-8 w-8 items-center justify-center overflow-hidden rounded-full\">\n<div class=\"relative p-1 rounded-sm flex items-center justify-center bg-token-main-surface-primary text-token-text-primary h-8 w-8\">\n<p>O <strong>Bang 40K Puff Vape Descart\u00e1vel Recarreg\u00e1vel<\/strong> leva a conveni\u00eancia, personaliza\u00e7\u00e3o e economia a um novo n\u00edvel! Projetado para utilizadores que exigem alta capacidade e flexibilidade, este <strong>vape recarreg\u00e1vel aberto<\/strong> \u00e9 perfeito tanto para entusiastas de sabores quanto para vapers com consci\u00eancia ecol\u00f3gica.<\/p>\n<h3>Por que Escolher o Bang 40K?<\/h3>\n<h4><strong>Contagem de Puffs Massiva<\/strong><\/h4>\n<p>Experimente at\u00e9 <strong>40.000 puffs<\/strong>, oferecendo longevidade imbat\u00edvel para vapers que querem que o seu dispositivo dure sem substitui\u00e7\u00f5es constantes.<\/p>\n<h4><strong>Design Recarreg\u00e1vel Aberto<\/strong><\/h4>\n<p>Diga adeus \u00e0s limita\u00e7\u00f5es de pr\u00e9-enchimento! O <strong>Bang 40K<\/strong> permite que use os seus e-l\u00edquidos favoritos, oferecendo infinitas possibilidades de sabor.<\/p>\n<h4><strong>Tecnologia de Bobina de Malha Dupla<\/strong><\/h4>\n<p>Desfrute de um sabor mais suave, rico e consistente com o <strong>Bobina de malha de 1,0 ohm<\/strong>, projetada para produ\u00e7\u00e3o aprimorada de vapor.<\/p>\n<h4><strong>Visor Digital<\/strong><\/h4>\n<p>Monitore o estado do seu vape com o <strong>ecr\u00e3 digital inteligente<\/strong>, que mostra detalhes essenciais como a vida \u00fatil da bateria, o n\u00edvel de e-l\u00edquido e a contagem de baforadas.<\/p>\n<h4><strong>Fluxo de Ar Ajust\u00e1vel<\/strong><\/h4>\n<p>Personalize sua experi\u00eancia de vaping com o fluxo de ar ajust\u00e1vel e <strong>dois modos de energia<\/strong> (12W para uso regular ou 24W para um impulso turbo).<\/p>\n<h4><strong>Ecol\u00f3gico<\/strong><\/h4>\n<p>Economize dinheiro e reduza o desperd\u00edcio com o <strong>design recarreg\u00e1vel<\/strong>\u2014uma escolha inteligente para o meio ambiente e a sua carteira.<\/p>\n<\/div>\n<\/div>\n<\/div>\n<\/div>\n<\/div>\n<\/div>\n<p><strong>Contacte a Amy para obter a resposta certa e cup\u00e3o de vape!<\/strong><\/p>\n<p><img loading=\"lazy\" decoding=\"async\" class=\"size-full wp-image-1978\" src=\"https:\/\/rmvapesale.com\/wp-content\/uploads\/2024\/09\/Disposable-Vape-Wholesale.jpg\" alt=\"Venda por grosso de vapes descart\u00e1veis\" width=\"229\" height=\"300\" \/><\/p>\n<h3><a href=\"https:\/\/wa.me\/8617776015835\" target=\"_blank\" rel=\"noopener\"><span style=\"color: #ff0000\"><strong>WhatsApp: +86 17776015835<\/strong><\/span><\/a><\/h3>\n<p>&nbsp;<\/p>\n<p><strong style=\"font-size: 1.7em\">Bang Vape 40000 Caracter\u00edsticas Principais<\/strong><\/p>\n<ul>\n<li><strong>40.000 Baforadas<\/strong>: Longa dura\u00e7\u00e3o para uso prolongado.<\/li>\n<li><strong>Design Recarreg\u00e1vel<\/strong>: Use seu e-l\u00edquido favorito para personaliza\u00e7\u00e3o infinita.<\/li>\n<li><strong>Bobina de Malha Dupla<\/strong>: Sabor superior e produ\u00e7\u00e3o suave de vapor.<\/li>\n<li><strong>Visor Digital<\/strong>: Acompanhe os n\u00edveis de bateria, baforadas e e-l\u00edquido.<\/li>\n<li><strong>Modos de Pot\u00eancia Ajust\u00e1veis<\/strong>: Alterna entre normal (12W) e turbo (24W).<\/li>\n<li><strong>Carregamento Tipo-C<\/strong>: Recarregamento r\u00e1pido para vaporiza\u00e7\u00e3o ininterrupta.<\/li>\n<li><strong>Recurso de Bloqueio para Crian\u00e7as<\/strong>: Seguran\u00e7a adicional para sua tranquilidade.<\/li>\n<\/ul>\n<figure id=\"attachment_2887\" aria-describedby=\"caption-attachment-2887\" style=\"width: 1000px\" class=\"wp-caption alignnone\"><img loading=\"lazy\" decoding=\"async\" class=\"wp-image-2887 size-full\" src=\"https:\/\/rmvapesale.com\/wp-content\/uploads\/2024\/12\/Bang-40000-LED-Display-Disposable-Vape-Bulk-Buy.jpg\" alt=\"Bang 40000 Ecr\u00e3 LED Descart\u00e1vel Vape Compra a Granel\" width=\"1000\" height=\"1000\" srcset=\"https:\/\/rmvapesale.com\/wp-content\/uploads\/2024\/12\/Bang-40000-LED-Display-Disposable-Vape-Bulk-Buy.jpg 1000w, https:\/\/rmvapesale.com\/wp-content\/uploads\/2024\/12\/Bang-40000-LED-Display-Disposable-Vape-Bulk-Buy-300x300.jpg 300w, https:\/\/rmvapesale.com\/wp-content\/uploads\/2024\/12\/Bang-40000-LED-Display-Disposable-Vape-Bulk-Buy-150x150.jpg 150w, https:\/\/rmvapesale.com\/wp-content\/uploads\/2024\/12\/Bang-40000-LED-Display-Disposable-Vape-Bulk-Buy-768x768.jpg 768w, https:\/\/rmvapesale.com\/wp-content\/uploads\/2024\/12\/Bang-40000-LED-Display-Disposable-Vape-Bulk-Buy-600x600.jpg 600w, https:\/\/rmvapesale.com\/wp-content\/uploads\/2024\/12\/Bang-40000-LED-Display-Disposable-Vape-Bulk-Buy-100x100.jpg 100w\" sizes=\"auto, (max-width: 1000px) 100vw, 1000px\" \/><figcaption id=\"caption-attachment-2887\" class=\"wp-caption-text\">Bang 40000 Ecr\u00e3 LED Descart\u00e1vel Vape Compra a Granel<\/figcaption><\/figure>\n<p><strong style=\"font-size: 1.7em\">Sabor Mais Vendido para Vape Descart\u00e1vel Recarreg\u00e1vel PUFF 40K Bang<\/strong><\/p>\n<p>Este Vape Descart\u00e1vel Recarreg\u00e1vel PUFF 40K Bang oferece uma mistura vibrante de sabores, que v\u00e3o desde cl\u00e1ssicos frutados como Morango Manga e Uva Gelada a misturas refrescantes geladas como <strong>Blue Razz Ice<\/strong> e Mirtilo Gelado. Por favor, encontre o sabor mais vendido para este vape descart\u00e1vel recarreg\u00e1vel de acordo com os nossos dados de vendas e feedback do cliente.<\/p>\n<p>1.Melancia Gelada <span style=\"color: #ff0000\"><strong>&gt;&gt;&gt;&gt; Quente!<\/strong><\/span><\/p>\n<p>2.Morango Manga<\/p>\n<p>3.Morango Melancia<\/p>\n<p>4.Gelo de Uva<\/p>\n<p>5.P\u00eassego Manga Melancia<\/p>\n<p>6.Mirtilo Framboesa <span style=\"color: #ff0000\"><strong>&gt;&gt;&gt;&gt; Quente!<\/strong><\/span><\/p>\n<p>7.Mirtilo Gelado <span style=\"color: #ff0000\"><strong>&gt;&gt;&gt;&gt; O Melhor!<\/strong><\/span><\/p>\n<p>8.Morango Banana<\/p>\n<p>9.Mirtilo Melancia<\/p>\n<p>10.Bebida Energ\u00e9tica<\/p>\n<p>11.Morango e Kiwi<\/p>\n<p>&nbsp;<\/p>\n<h3><strong>Porqu\u00ea escolher a Rmvapesale para o Bang 40k Puffs\u00a0 <\/strong><strong>V<\/strong><strong>Venda por grosso de vapes<\/strong><strong>?<\/strong><\/h3>\n<div class=\"flex-shrink-0 flex flex-col relative items-end\">\n<div class=\"pt-0\">\n<div class=\"gizmo-bot-avatar flex h-8 w-8 items-center justify-center overflow-hidden rounded-full\">\n<div class=\"relative p-1 rounded-sm flex items-center justify-center bg-token-main-surface-primary text-token-text-primary h-8 w-8\">\n<p>Bem-vindo \u00e0 Rmvapesale, a sua loja de vapes de confian\u00e7a para vapes descart\u00e1veis premium. Com mais de 5 anos de experi\u00eancia, trazemos-lhe marcas populares de vapes descart\u00e1veis, como Al Fakher, Vapme Vape, <a href=\"https:\/\/rmvapesale.com\/pt\/product-category\/bang-vapes\/\">Bang Vape<\/a>, Waspe, WGA Vape e<a href=\"https:\/\/rmvapesale.com\/pt\/product-category\/randm-fumot-vape\/\"> RandM Vape<\/a>.<\/p>\n<p>A nossa gama inclui vapes de venda quente como o <a href=\"https:\/\/rmvapesale.com\/pt\/product\/randm-tornado-15000-puffs-vape-wholesale\/\">RandM Tornado 15000<\/a> e op\u00e7\u00f5es ricas em sabor como o Vapme 70000. Cada produto \u00e9 escolhido com foco na qualidade, valor e variedade, garantindo que encontra a combina\u00e7\u00e3o perfeita para as suas necessidades. Descubra um servi\u00e7o excecional e uma vasta gama de produtos de topo na Rmvapesale.<\/p>\n<p>&nbsp;<\/p>\n<p><b style=\"font-size: 1.5em;font-style: inherit\">Perguntas frequentes sobre o PUFF 40K Bang <\/b><b style=\"font-size: 1.5em;font-style: inherit\">Vape Descart\u00e1vel Recarreg\u00e1vel<\/b><\/p>\n<\/div>\n<h3><\/h3>\n<ol>\n<li><strong>Como recarrego o vape Bang 40K?<\/strong><br \/>\nBasta abrir a porta de recarga, encher com o seu e-l\u00edquido favorito e fechar bem, sem sujar!<\/li>\n<li><strong>O que torna o Bang 40K ecol\u00f3gico?<\/strong><br \/>\nA sua <strong>design recarreg\u00e1vel<\/strong> reduz o desperd\u00edcio, tornando-o uma escolha mais sustent\u00e1vel em compara\u00e7\u00e3o com os vapes descart\u00e1veis tradicionais.<\/li>\n<li><strong>Posso ajustar a pot\u00eancia de sa\u00edda?<\/strong><br \/>\nSim! O dispositivo possui <strong>dois modos de energia<\/strong>- 12W para uso di\u00e1rio e 24W para uma experi\u00eancia de vaporiza\u00e7\u00e3o turbo.<\/li>\n<li><strong>O Bang 40K suporta vaporiza\u00e7\u00e3o sem nicotina?<\/strong><br \/>\nCom certeza! Escolha o seu e-l\u00edquido com <strong>nicotina 0%, 2%, 3% ou 5%<\/strong> para uma experi\u00eancia de vaporiza\u00e7\u00e3o personalizada.<\/li>\n<li><strong>Onde posso comprar o Bang 40K a um pre\u00e7o de atacado?<\/strong><br \/>\nVisite a Rmvaoesale<strong>\u00a0loja de vapes online<\/strong> para as melhores <strong>ofertas de atacado<\/strong> no <strong>Vape Descart\u00e1vel Recarreg\u00e1vel Bang 40K<\/strong>.<\/li>\n<\/ol>\n<\/div>\n<\/div>\n<\/div>\n<h3>Sobre o Envio<\/h3>\n<div class=\"flex-shrink-0 flex flex-col relative items-end\">\n<div>\n<div class=\"pt-0\">\n<div class=\"gizmo-bot-avatar flex h-8 w-8 items-center justify-center overflow-hidden rounded-full\">\n<div><\/div>\n<div class=\"relative p-1 rounded-sm flex items-center justify-center bg-token-main-surface-primary text-token-text-primary h-8 w-8\"><strong>1. Que m\u00e9todos de envio s\u00e3o usados?<\/strong><\/div>\n<\/div>\n<\/div>\n<\/div>\n<\/div>\n<div class=\"group\/conversation-turn relative flex w-full min-w-0 flex-col agent-turn\">\n<div class=\"flex-col gap-1 md:gap-3\">\n<div class=\"flex max-w-full flex-col flex-grow\">\n<div class=\"min-h-[20px] text-message flex w-full flex-col items-end gap-2 whitespace-normal break-words [.text-message+&amp;]:mt-5 overflow-x-auto\" dir=\"auto\" data-message-author-role=\"assistant\" data-message-id=\"22f8283b-3233-46ff-89a5-c7a41b33abda\">\n<div class=\"flex w-full flex-col gap-1 empty:hidden first:pt-[3px]\">\n<div class=\"markdown prose w-full break-words dark:prose-invert light\">\n<p>Fazemos parceria com a UPS, DHL, FedEx, DPD e outras transportadoras l\u00edderes. Selecionaremos o melhor m\u00e9todo de envio com base na sua localiza\u00e7\u00e3o de entrega para garantir que receba os seus produtos o mais r\u00e1pido poss\u00edvel.<\/p>\n<\/div>\n<p><strong>2. Quanto tempo demora a chegar?<\/strong><\/p>\n<p>As encomendas enviadas para Portugal geralmente chegam dentro de 10 dias \u00fateis. O envio para pa\u00edses europeus demora geralmente cerca de 12-15 dias \u00fateis. Forneceremos atualiza\u00e7\u00f5es em tempo real sobre o estado do seu envio.<\/p>\n<\/div>\n<\/div>\n<\/div>\n<\/div>\n<\/div>\n<p>&nbsp;<\/p>\n<p>Encontre mais produtos de vape que talvez goste:<strong><em><a href=\"https:\/\/rmvapesale.com\/pt\/shop-2\/\">comprar agora &gt;&gt;&gt;<\/a><\/em><\/strong><\/p>","protected":false},"excerpt":{"rendered":"<p>PUFF 40K Bang Vape Descart\u00e1vel Recarreg\u00e1vel por Atacado<br \/>\nVape Descart\u00e1vel Recarreg\u00e1vel Bang 40000 Puffs Pre\u00e7o por Atacado<br \/>\nCaneta Vape Descart\u00e1vel de Venda Quente PUFF 40K Bang Vape Descart\u00e1vel Pre\u00e7o Barato de Compra a Granel<\/p>\n<p><strong>Contacte a Amy para obter a resposta certa e cup\u00e3o de vape!<\/strong><\/p>\n<p><img loading=\"lazy\" decoding=\"async\" class=\"size-full wp-image-2375\" src=\"https:\/\/rmvapesale.com\/wp-content\/uploads\/2024\/10\/image.png\" alt=\"Melhor Vape Descart\u00e1vel\" width=\"229\" height=\"300\" \/><\/p>\n<h3><a href=\"https:\/\/wa.me\/8617776015835\"><span style=\"color: #ff0000\"><strong>WhatsApp: +86 17776015835<\/strong><\/span><\/a><\/h3>\n<p>&nbsp;<\/p>","protected":false},"featured_media":2886,"comment_status":"open","ping_status":"closed","template":"","meta":{"_uag_custom_page_level_css":"","_lmt_disableupdate":"no","_lmt_disable":"","site-sidebar-layout":"default","site-content-layout":"content-boxed-container","ast-site-content-layout":"normal-width-container","site-content-style":"boxed","site-sidebar-style":"unboxed","ast-global-header-display":"","ast-banner-title-visibility":"","ast-main-header-display":"","ast-hfb-above-header-display":"","ast-hfb-below-header-display":"","ast-hfb-mobile-header-display":"","site-post-title":"","ast-breadcrumbs-content":"","ast-featured-img":"","footer-sml-layout":"","theme-transparent-header-meta":"default","adv-header-id-meta":"","stick-header-meta":"","header-above-stick-meta":"","header-main-stick-meta":"","header-below-stick-meta":"","astra-migrate-meta-layouts":"set","ast-page-background-enabled":"default","ast-page-background-meta":{"desktop":{"background-color":"var(--ast-global-color-4)","background-image":"","background-repeat":"repeat","background-position":"center center","background-size":"auto","background-attachment":"scroll","background-type":"","background-media":"","overlay-type":"","overlay-color":"","overlay-opacity":"","overlay-gradient":""},"tablet":{"background-color":"","background-image":"","background-repeat":"repeat","background-position":"center center","background-size":"auto","background-attachment":"scroll","background-type":"","background-media":"","overlay-type":"","overlay-color":"","overlay-opacity":"","overlay-gradient":""},"mobile":{"background-color":"","background-image":"","background-repeat":"repeat","background-position":"center center","background-size":"auto","background-attachment":"scroll","background-type":"","background-media":"","overlay-type":"","overlay-color":"","overlay-opacity":"","overlay-gradient":""}},"ast-content-background-meta":{"desktop":{"background-color":"var(--ast-global-color-5)","background-image":"","background-repeat":"repeat","background-position":"center center","background-size":"auto","background-attachment":"scroll","background-type":"","background-media":"","overlay-type":"","overlay-color":"","overlay-opacity":"","overlay-gradient":""},"tablet":{"background-color":"var(--ast-global-color-5)","background-image":"","background-repeat":"repeat","background-position":"center center","background-size":"auto","background-attachment":"scroll","background-type":"","background-media":"","overlay-type":"","overlay-color":"","overlay-opacity":"","overlay-gradient":""},"mobile":{"background-color":"var(--ast-global-color-5)","background-image":"","background-repeat":"repeat","background-position":"center center","background-size":"auto","background-attachment":"scroll","background-type":"","background-media":"","overlay-type":"","overlay-color":"","overlay-opacity":"","overlay-gradient":""}},"_joinchat":[]},"product_brand":[],"product_cat":[15,25,123,26,28,135,27,60,137,136,30],"product_tag":[199,146,131,40,111,251,252],"class_list":{"0":"post-2892","1":"product","2":"type-product","3":"status-publish","4":"has-post-thumbnail","6":"product_cat-new-vape-this-week","7":"product_cat-germany-best-selling-vape","8":"product_cat-italy-wholesale-vape","9":"product_cat-netherlands-hot-sale-vape","10":"product_cat-poland-hot-sale-vape","11":"product_cat-spain-best-hot-sale-vape","12":"product_cat-fance-hot-sale-vape","13":"product_cat-bang-vapes","14":"product_cat-rechargeable-vapes","15":"product_cat-smart-screen-vapes","16":"product_cat-minimum-order-quantity-50pcs","17":"product_tag-bang-vape","18":"product_tag-best-hot-sale-vape","19":"product_tag-big-puff-vape","20":"product_tag-hot-sale-vape","21":"product_tag-low-nicotine-disposable-vape","22":"product_tag-puff-40k","23":"product_tag-refillable-disposable-vape","24":"desktop-align-left","25":"tablet-align-left","26":"mobile-align-left","28":"first","29":"instock","30":"sale","31":"shipping-taxable","32":"purchasable","33":"product-type-simple"},"uagb_featured_image_src":{"full":["https:\/\/rmvapesale.com\/wp-content\/uploads\/2024\/12\/Bang-40k-Puffs-LED-Display-Disposable-Vape-Wholesale.jpg",1000,1000,false],"thumbnail":["https:\/\/rmvapesale.com\/wp-content\/uploads\/2024\/12\/Bang-40k-Puffs-LED-Display-Disposable-Vape-Wholesale-150x150.jpg",150,150,true],"medium":["https:\/\/rmvapesale.com\/wp-content\/uploads\/2024\/12\/Bang-40k-Puffs-LED-Display-Disposable-Vape-Wholesale-300x300.jpg",300,300,true],"medium_large":["https:\/\/rmvapesale.com\/wp-content\/uploads\/2024\/12\/Bang-40k-Puffs-LED-Display-Disposable-Vape-Wholesale-768x768.jpg",768,768,true],"large":["https:\/\/rmvapesale.com\/wp-content\/uploads\/2024\/12\/Bang-40k-Puffs-LED-Display-Disposable-Vape-Wholesale.jpg",1000,1000,false],"1536x1536":["https:\/\/rmvapesale.com\/wp-content\/uploads\/2024\/12\/Bang-40k-Puffs-LED-Display-Disposable-Vape-Wholesale.jpg",1000,1000,false],"2048x2048":["https:\/\/rmvapesale.com\/wp-content\/uploads\/2024\/12\/Bang-40k-Puffs-LED-Display-Disposable-Vape-Wholesale.jpg",1000,1000,false],"trp-custom-language-flag":["https:\/\/rmvapesale.com\/wp-content\/uploads\/2024\/12\/Bang-40k-Puffs-LED-Display-Disposable-Vape-Wholesale.jpg",12,12,false],"woocommerce_thumbnail":["https:\/\/rmvapesale.com\/wp-content\/uploads\/2024\/12\/Bang-40k-Puffs-LED-Display-Disposable-Vape-Wholesale-300x300.jpg",300,300,true],"woocommerce_single":["https:\/\/rmvapesale.com\/wp-content\/uploads\/2024\/12\/Bang-40k-Puffs-LED-Display-Disposable-Vape-Wholesale-600x600.jpg",600,600,true],"woocommerce_gallery_thumbnail":["https:\/\/rmvapesale.com\/wp-content\/uploads\/2024\/12\/Bang-40k-Puffs-LED-Display-Disposable-Vape-Wholesale-100x100.jpg",100,100,true],"wcpr-photo-reviews":["https:\/\/rmvapesale.com\/wp-content\/uploads\/2024\/12\/Bang-40k-Puffs-LED-Display-Disposable-Vape-Wholesale.jpg",500,500,false]},"uagb_author_info":{"display_name":"AMY","author_link":"https:\/\/rmvapesale.com\/pt\/author\/"},"uagb_comment_info":0,"uagb_excerpt":"PUFF 40K Bang Refillable Disposable Vape Wholesale Refillable Disposable Vape Bang 40000 Puffs \u00a0Wholesale Price Hot Sell Disposable Vape Pen PUFF 40K Bang Disposable Vape Bulk Buy Cheap Price Contact Amy to get right reply and vape coupon! WhatsApp: +86 17776015835 &nbsp;","_links":{"self":[{"href":"https:\/\/rmvapesale.com\/pt\/wp-json\/wp\/v2\/product\/2892","targetHints":{"allow":["GET"]}}],"collection":[{"href":"https:\/\/rmvapesale.com\/pt\/wp-json\/wp\/v2\/product"}],"about":[{"href":"https:\/\/rmvapesale.com\/pt\/wp-json\/wp\/v2\/types\/product"}],"replies":[{"embeddable":true,"href":"https:\/\/rmvapesale.com\/pt\/wp-json\/wp\/v2\/comments?post=2892"}],"wp:featuredmedia":[{"embeddable":true,"href":"https:\/\/rmvapesale.com\/pt\/wp-json\/wp\/v2\/media\/2886"}],"wp:attachment":[{"href":"https:\/\/rmvapesale.com\/pt\/wp-json\/wp\/v2\/media?parent=2892"}],"wp:term":[{"taxonomy":"product_brand","embeddable":true,"href":"https:\/\/rmvapesale.com\/pt\/wp-json\/wp\/v2\/product_brand?post=2892"},{"taxonomy":"product_cat","embeddable":true,"href":"https:\/\/rmvapesale.com\/pt\/wp-json\/wp\/v2\/product_cat?post=2892"},{"taxonomy":"product_tag","embeddable":true,"href":"https:\/\/rmvapesale.com\/pt\/wp-json\/wp\/v2\/product_tag?post=2892"}],"curies":[{"name":"wp","href":"https:\/\/api.w.org\/{rel}","templated":true}]}}