{"id":2911,"date":"2025-01-08T08:18:28","date_gmt":"2025-01-08T08:18:28","guid":{"rendered":"https:\/\/rmvapesale.com\/?post_type=product&#038;p=2911"},"modified":"2025-01-08T08:52:15","modified_gmt":"2025-01-08T08:52:15","slug":"jnr-mega-shisha-hookah-100000-100k-puffs-disposable-vape-a-premium-vaping-experience","status":"publish","type":"product","link":"https:\/\/rmvapesale.com\/pt\/product\/jnr-mega-shisha-hookah-100000-100k-puffs-disposable-vape-a-premium-vaping-experience\/","title":{"rendered":"JNR Mega Shisha Hookah 100000 100k Puffs Vaporizador Descart\u00e1vel: Uma Experi\u00eancia de Vaporiza\u00e7\u00e3o Premium"},"content":{"rendered":"<div class=\"B2VR9 CJHX3e\">\n<div class=\"wyccme\">\n<div class=\"flex-shrink-0 flex flex-col relative items-end\">\n<div class=\"pt-0\">\n<div class=\"gizmo-bot-avatar flex h-8 w-8 items-center justify-center overflow-hidden rounded-full\">\n<div class=\"relative p-1 rounded-sm flex items-center justify-center bg-token-main-surface-primary text-token-text-primary h-8 w-8\">\n<div class=\"flex-shrink-0 flex flex-col relative items-end\">\n<div class=\"pt-0\">\n<div class=\"gizmo-bot-avatar flex h-8 w-8 items-center justify-center overflow-hidden rounded-full\">\n<h1 class=\"relative p-1 rounded-sm flex items-center justify-center bg-token-main-surface-primary text-token-text-primary h-8 w-8\">JNR Mega Shisha Hookah 100000 100k Puffs Vaporizador Descart\u00e1vel: Uma Experi\u00eancia de Vaporiza\u00e7\u00e3o Premium<\/h1>\n<\/div>\n<\/div>\n<\/div>\n<\/div>\n<\/div>\n<\/div>\n<\/div>\n<div class=\"group\/conversation-turn relative flex w-full min-w-0 flex-col agent-turn\">\n<div class=\"flex-col gap-1 md:gap-3\">\n<div class=\"flex max-w-full flex-col flex-grow\">\n<div class=\"min-h-8 text-message flex w-full flex-col items-end gap-2 whitespace-normal break-words text-start [.text-message+&amp;]:mt-5\" dir=\"auto\" data-message-author-role=\"assistant\" data-message-id=\"80ece0c4-ead1-4ed9-a9f0-ddc22582b4f4\" data-message-model-slug=\"gpt-4o\">\n<div class=\"flex w-full flex-col gap-1 empty:hidden first:pt-[3px]\">\n<div class=\"markdown prose w-full break-words dark:prose-invert light\"><\/div>\n<\/div>\n<\/div>\n<\/div>\n<\/div>\n<\/div>\n<div class=\"flex-shrink-0 flex flex-col relative items-end\">\n<div class=\"pt-0\">\n<div class=\"gizmo-bot-avatar flex h-8 w-8 items-center justify-center overflow-hidden rounded-full\">\n<div class=\"relative p-1 rounded-sm flex items-center justify-center bg-token-main-surface-primary text-token-text-primary h-8 w-8\">\n<p>O <strong>JNR Mega Shisha Hookah 100000 Puffs Vape Descart\u00e1vel<\/strong> \u00e9 um dispositivo inovador concebido para aqueles que exigem uma experi\u00eancia de vaping prolongada e premium. Com a sua impressionante <strong>100.000 inala\u00e7\u00f5es<\/strong> vida \u00fatil, este dispositivo garante um prazer duradouro, oferecendo vapor consistente e suave em cada tragada.<\/p>\n<h2><strong>Caracter\u00edsticas Principais:<\/strong><\/h2>\n<ol>\n<li><strong>Enorme Capacidade de L\u00edquido<\/strong><br \/>\nEquipado com uma <strong>60mL de tanque de l\u00edquido<\/strong>, o JNR Mega Shisha proporciona um fornecimento abundante de l\u00edquido, garantindo que pode desfrutar de sess\u00f5es prolongadas sem a necessidade de recargas frequentes. Combinado com <strong>concentra\u00e7\u00e3o de nicotina de 2%<\/strong>, este vape oferece uma experi\u00eancia satisfat\u00f3ria que encontra um equil\u00edbrio perfeito entre sabor e suavidade.<\/li>\n<li><strong>Bateria Recarreg\u00e1vel Potente<\/strong><br \/>\nO <strong>bateria recarreg\u00e1vel de 2200mAh<\/strong> garante energia suficiente para durar em sess\u00f5es longas. Com <strong>carregamento r\u00e1pido Tipo-C<\/strong>, passar\u00e1 menos tempo \u00e0 espera que o seu dispositivo recarregue e mais tempo a desfrutar do seu vape. Esta caracter\u00edstica faz do JNR Mega Shisha uma op\u00e7\u00e3o fi\u00e1vel e conveniente para quem est\u00e1 em movimento.<\/li>\n<li><strong>Monitoriza\u00e7\u00e3o por Ecr\u00e3 Inteligente<\/strong><br \/>\nA <strong>ecr\u00e3 inteligente<\/strong> integrado no dispositivo, oferece informa\u00e7\u00f5es em tempo real sobre os n\u00edveis de bateria e de e-l\u00edquido. Esta funcionalidade d\u00e1-lhe controlo total sobre a sua experi\u00eancia de vaping, para que possa facilmente monitorizar quando \u00e9 altura de recarregar ou reabastecer, evitando interrup\u00e7\u00f5es na sua sess\u00e3o.<\/li>\n<li><strong>Design com Boquilha Dupla<\/strong><br \/>\nO <strong>design de boquilha dupla<\/strong> \u00e9 uma caracter\u00edstica de destaque, permitindo uma experi\u00eancia de vaping mais personaliz\u00e1vel. Quer esteja a desfrutar do dispositivo sozinho ou a partilh\u00e1-lo com amigos, este design oferece uma versatilidade adicional. Melhora a sua experi\u00eancia, tornando-o ideal para sess\u00f5es sociais ou para relaxamento pessoal.<\/li>\n<li><strong>Desempenho Otimizado<\/strong><br \/>\nO <strong>tempo m\u00e1ximo de inala\u00e7\u00e3o de 8 segundos<\/strong> assegura que cada baforada proporciona uma produ\u00e7\u00e3o de vapor ideal, enquanto o <strong>sistema de prote\u00e7\u00e3o autom\u00e1tica<\/strong> evita o sobreaquecimento. Esta funcionalidade de seguran\u00e7a adicional garante uma experi\u00eancia de vaping suave e sem preocupa\u00e7\u00f5es, dando-lhe paz de esp\u00edrito em cada utiliza\u00e7\u00e3o.<\/li>\n<li><strong>Vaping DTL para um Vapor Rico<\/strong><br \/>\nProjetado para <strong>vaping Direct-to-Lung (DTL)<\/strong>, o JNR Mega Shisha produz vapor suave e denso a cada inala\u00e7\u00e3o. O design do dispositivo e o sistema de fornecimento de vapor s\u00e3o otimizados para aqueles que apreciam nuvens profundas e satisfat\u00f3rias que melhoram a experi\u00eancia geral.<\/li>\n<li><strong>Est\u00e9tica e Funcionalidade Melhoradas<\/strong><br \/>\nCom uma elegante <strong>luz de respira\u00e7\u00e3o<\/strong> e <strong>compatibilidade com cachimbo de \u00e1gua de mesa<\/strong>, o JNR Mega Shisha n\u00e3o s\u00f3 funciona bem como tamb\u00e9m adiciona um toque est\u00e9tico \u00e0 sua configura\u00e7\u00e3o de vaping. A luz brilhante e a compatibilidade com configura\u00e7\u00f5es de cachimbo de \u00e1gua tradicionais tornam este dispositivo uma pe\u00e7a de destaque, perfeita para qualquer pessoa que aprecie a eleg\u00e2ncia e o ritual da cultura do cachimbo de \u00e1gua.<\/li>\n<\/ol>\n<h3><strong>Porqu\u00ea Escolher o JNR Mega Shisha 100000 Puffs Descart\u00e1vel?<\/strong><\/h3>\n<p>Se procura um <strong>vape descart\u00e1vel de alto desempenho<\/strong> que combina longevidade, pot\u00eancia e inova\u00e7\u00e3o, o <strong>JNR Mega Shisha 100k<\/strong>\u00a0\u00e9 a escolha definitiva. A sua grande capacidade de l\u00edquido, bateria recarreg\u00e1vel, recursos inteligentes e design para inala\u00e7\u00e3o direta ao pulm\u00e3o (DTL) fazem com que se destaque no mercado. Seja um vaper experiente ou um iniciante, este dispositivo oferece tudo o que precisa para uma experi\u00eancia premium, desde vapor suave a sess\u00f5es de longa dura\u00e7\u00e3o.<\/p>\n<p>Com <strong>12 sabores diversos<\/strong>, op\u00e7\u00f5es personaliz\u00e1veis e as vantagens adicionais da <strong>luz de respira\u00e7\u00e3o<\/strong> e <strong>compatibilidade com narguil\u00e9<\/strong>, o JNR Mega Shisha oferece mais do que apenas vapor - \u00e9 uma experi\u00eancia de vaping completa e luxuosa. Perfeito para aqueles que querem funcionalidade e estilo, este dispositivo \u00e9 uma adi\u00e7\u00e3o essencial a qualquer cole\u00e7\u00e3o de vaper.<\/p>\n<\/div>\n<p>&nbsp;<\/p>\n<\/div>\n<\/div>\n<\/div>\n<\/div>\n<\/div>\n<p><strong>Contacte a Amy para obter a resposta certa e cup\u00e3o de vape!<\/strong><\/p>\n<p><img loading=\"lazy\" decoding=\"async\" class=\"size-full wp-image-1978\" src=\"https:\/\/rmvapesale.com\/wp-content\/uploads\/2024\/09\/Disposable-Vape-Wholesale.jpg\" alt=\"Venda por grosso de vapes descart\u00e1veis\" width=\"229\" height=\"300\" \/><\/p>\n<h3><a href=\"https:\/\/wa.me\/8617776015835\" target=\"_blank\" rel=\"noopener\"><span style=\"color: #ff0000\"><strong>WhatsApp: +86 17776015835<\/strong><\/span><\/a><\/h3>\n<p>&nbsp;<\/p>\n<h2><strong style=\"font-size: 1.7em\">JNR Mega Shisha Narguil\u00e9 100000 Principais Caracter\u00edsticas<\/strong><\/h2>\n<ul>\n<li><strong>Teor de Nicotina:<\/strong>\u00a02%<\/li>\n<li><strong>Inala\u00e7\u00f5es:<\/strong>\u00a0At\u00e9 100000 inala\u00e7\u00f5es<\/li>\n<li><strong>Capacidade do E-l\u00edquido:<\/strong>\u00a060mL<\/li>\n<li><strong>Capacidade da Bateria:<\/strong>\u00a02200mAh recarreg\u00e1vel<\/li>\n<li><strong>M\u00e9todo de Carregamento:<\/strong>\u00a0carregamento r\u00e1pido Tipo-C<\/li>\n<li><strong>Estilo de Vaping:<\/strong>\u00a0Vaping DTL (Directo para o Pulm\u00e3o)<\/li>\n<li><strong>Luz de Respira\u00e7\u00e3o:<\/strong>\u00a0Atrativo visual a cada inala\u00e7\u00e3o<\/li>\n<li><strong>Ecr\u00e3 Inteligente:<\/strong>\u00a0Atualiza\u00e7\u00f5es em tempo real sobre os n\u00edveis de bateria e e-l\u00edquido<\/li>\n<li><strong>Boquilhas:<\/strong>\u00a0Boquilha dupla para vaping partilhado ou individual<\/li>\n<li><strong>Tempo M\u00e1ximo de Vaping:<\/strong>\u00a08 segundos por inala\u00e7\u00e3o<\/li>\n<li><strong>Prote\u00e7\u00e3o:<\/strong>\u00a0Prote\u00e7\u00e3o autom\u00e1tica contra tempo excessivo<\/li>\n<li><strong>Compatibilidade com Narguil\u00e9 de Mesa:<\/strong>\u00a0Ideal para vaporiza\u00e7\u00e3o estilo narguil\u00e9<\/li>\n<li><strong>Sabores:<\/strong>\u00a012 op\u00e7\u00f5es saborosas para escolher<\/li>\n<\/ul>\n<h2><strong style=\"font-size: 1.7em\">Sabor mais vendido para JNR Mega Shisha Hookah 100k<\/strong><\/h2>\n<p>Este JNR Mega Shisha Hookah 100000 Vape Descart\u00e1vel dispon\u00edvel em Portugal <strong>12 sabores emocionantes<\/strong>, oferece uma variedade de op\u00e7\u00f5es para satisfazer diferentes gostos. De misturas frutadas a mentoladas e ex\u00f3ticas, h\u00e1 algo para todos. Esta vasta sele\u00e7\u00e3o garante que pode sempre encontrar um sabor que combine com o seu estado de esp\u00edrito, tornando-o uma escolha vers\u00e1til para todos os vapers. Por favor, encontre o sabor mais vendido para este vape descart\u00e1vel recarreg\u00e1vel de acordo com a nossa data de vendas e feedback do cliente.<\/p>\n<p>1. Dupla Ma\u00e7\u00e3<strong> <span style=\"color: #ff0000\">&gt;&gt;&gt;&gt; O Melhor!<\/span><\/strong><br \/>\n2. Gelo de Mirtilo <span style=\"color: #ff0000\"><strong>&gt;&gt;&gt;&gt; Quente!<\/strong><\/span><br \/>\n3. Uva Menta<br \/>\n4. Havai<br \/>\n5. Kiwi Maracuj\u00e1 Goiaba<br \/>\n6. Lady Killa <span style=\"color: #ff0000\"><strong>&gt;&gt;&gt;&gt; Quente!<\/strong><\/span><br \/>\n7. Love 66<br \/>\n8. Gelo Luxuriante<br \/>\n9. Amor M\u00e1gico<br \/>\n10. Mi Amor <span style=\"color: #ff0000\"><strong>&gt;&gt;&gt;&gt; Quente!<\/strong><\/span><br \/>\n11. P\u00eassego Gelado<br \/>\n12. Morango Punch<\/p>\n<figure id=\"attachment_2908\" aria-describedby=\"caption-attachment-2908\" style=\"width: 1000px\" class=\"wp-caption alignnone\"><img loading=\"lazy\" decoding=\"async\" class=\"wp-image-2908 size-full\" src=\"https:\/\/rmvapesale.com\/wp-content\/uploads\/2025\/01\/JNR-Mega-Shisha-Hookah-100000-100K-Puffs.webp\" alt=\"JNR Mega Shisha Hookah 100000 100K Puffs\" width=\"1000\" height=\"1000\" srcset=\"https:\/\/rmvapesale.com\/wp-content\/uploads\/2025\/01\/JNR-Mega-Shisha-Hookah-100000-100K-Puffs.webp 1000w, https:\/\/rmvapesale.com\/wp-content\/uploads\/2025\/01\/JNR-Mega-Shisha-Hookah-100000-100K-Puffs-300x300.webp 300w, https:\/\/rmvapesale.com\/wp-content\/uploads\/2025\/01\/JNR-Mega-Shisha-Hookah-100000-100K-Puffs-150x150.webp 150w, https:\/\/rmvapesale.com\/wp-content\/uploads\/2025\/01\/JNR-Mega-Shisha-Hookah-100000-100K-Puffs-768x768.webp 768w, https:\/\/rmvapesale.com\/wp-content\/uploads\/2025\/01\/JNR-Mega-Shisha-Hookah-100000-100K-Puffs-600x600.webp 600w, https:\/\/rmvapesale.com\/wp-content\/uploads\/2025\/01\/JNR-Mega-Shisha-Hookah-100000-100K-Puffs-100x100.webp 100w\" sizes=\"auto, (max-width: 1000px) 100vw, 1000px\" \/><figcaption id=\"caption-attachment-2908\" class=\"wp-caption-text\">JNR Mega Shisha Hookah 100000 100K Puffs<\/figcaption><\/figure>\n<h3>An\u00e1lise Detalhada do JNR Mega Shisha Hookah 100k<\/h3>\n<h3><\/h3>\n<ol>\n<li><strong>Duas Ma\u00e7\u00e3s<\/strong>: Uma mistura crocante e refrescante de ma\u00e7\u00e3s doces e \u00e1cidas.<\/li>\n<li><strong>Amor 66<\/strong>: Uma mistura de bagas suave e doce com um toque tropical.<\/li>\n<li><strong>Lady Killa<\/strong>: Uma fus\u00e3o arrojada de notas frutadas e florais, que oferece um toque \u00fanico.<\/li>\n<li><strong>Ponche de Morango<\/strong>: Um sabor de morango doce e \u00e1cido com um toque c\u00edtrico.<\/li>\n<li><strong>Gelo Luxuriante<\/strong>: Uma combina\u00e7\u00e3o fresca e refrescante de melancia doce e mentol gelado.<\/li>\n<li><strong>Menta de Uva<\/strong>: Uma mistura suave de uvas doces e sumarentas com um toque de menta fresca.<\/li>\n<li><strong>Amor M\u00e1gico<\/strong>: Uma mistura m\u00e1gica de frutas ex\u00f3ticas com um final suave e doce.<\/li>\n<li><strong>Gelo de P\u00eassego<\/strong>: Um suculento sabor a p\u00eassego combinado com um refrescante toque de mentol.<\/li>\n<li><strong>Mirtilo Gelado<\/strong>: Mirtilos doces com um sabor residual fresco e gelado de mentol.<\/li>\n<li><strong>Havai<\/strong>: Uma mistura tropical de frutas que capta a ess\u00eancia de um para\u00edso havaiano.<\/li>\n<li><strong>Kiwi Maracuj\u00e1 Goiaba<\/strong>: Uma mistura picante e tropical de kiwi, maracuj\u00e1 e goiaba.<\/li>\n<li><strong>Mi Amor<\/strong>: Uma mistura rom\u00e2ntica de do\u00e7ura frutada com um toque de sabores ex\u00f3ticos.<\/li>\n<\/ol>\n<h3><\/h3>\n<h4><strong>Porqu\u00ea escolher a Rmvapesale para o JNR Mega Shisha Hookah 100k Puff\u00a0 <\/strong><strong>V<\/strong><strong>Venda por grosso de vapes<\/strong><strong>?<\/strong><\/h4>\n<div class=\"flex-shrink-0 flex flex-col relative items-end\">\n<div class=\"pt-0\">\n<div class=\"gizmo-bot-avatar flex h-8 w-8 items-center justify-center overflow-hidden rounded-full\">\n<div class=\"relative p-1 rounded-sm flex items-center justify-center bg-token-main-surface-primary text-token-text-primary h-8 w-8\">\n<p>Bem-vindo \u00e0 Rmvapesale, a sua loja de vapes de confian\u00e7a para vapes descart\u00e1veis premium. Com mais de 5 anos de experi\u00eancia, trazemos-lhe marcas populares de vapes descart\u00e1veis, como Al Fakher, Vapme Vape, <a href=\"https:\/\/rmvapesale.com\/pt\/product-category\/bang-vapes\/\">Bang Vape<\/a>, Waspe, WGA Vape e<a href=\"https:\/\/rmvapesale.com\/pt\/product-category\/randm-fumot-vape\/\"> RandM Vape<\/a>.<\/p>\n<p>A nossa gama inclui vapes de venda quente como o <a href=\"https:\/\/rmvapesale.com\/pt\/product\/randm-tornado-15000-puffs-vape-wholesale\/\">RandM Tornado 15000<\/a> e op\u00e7\u00f5es ricas em sabor como o Vapme 70000. Cada produto \u00e9 escolhido com foco na qualidade, valor e variedade, garantindo que encontra a combina\u00e7\u00e3o perfeita para as suas necessidades. Descubra um servi\u00e7o excecional e uma vasta gama de produtos de topo na Rmvapesale.<\/p>\n<p>&nbsp;<\/p>\n<h3><b style=\"font-size: 1.5em;font-style: inherit\">FAQS para o JNR Shisha Hookah 100000 <\/b><b style=\"font-size: 1.5em;font-style: inherit\">Vape Descart\u00e1vel Recarreg\u00e1vel<\/b><\/h3>\n<\/div>\n<h3><\/h3>\n<ol>\n<li><strong>O que torna o JNR Mega Shisha 100.000 Puffs t\u00e3o duradouro?<\/strong><br \/>\nO <strong>incrivelmente dur\u00e1vel<\/strong> O JNR Mega Shisha oferece at\u00e9 <strong>100.000 inala\u00e7\u00f5es<\/strong>, com uma grande capacidade de <strong>60mL de e-l\u00edquido<\/strong> e um <strong>bateria recarreg\u00e1vel de 2200mAh<\/strong> que garante uma experi\u00eancia de vaporiza\u00e7\u00e3o prolongada.<\/li>\n<li><strong>Como funciona o ecr\u00e3 inteligente no JNR Shisha 100.000 Puffs?<\/strong><br \/>\nO <strong>inovador<\/strong> o ecr\u00e3 inteligente fornece atualiza\u00e7\u00f5es em tempo real sobre os n\u00edveis de bateria e e-l\u00edquido, dando-lhe um controlo preciso sobre as suas sess\u00f5es de vaping.<\/li>\n<li><strong>Posso partilhar o JNR Mega Shisha 100.000 Puffs com outras pessoas?<\/strong><br \/>\nSim, o <strong>vers\u00e1til<\/strong> o design de bocal duplo torna-o perfeito tanto para uso individual como para partilhar com amigos, oferecendo uma experi\u00eancia de vaping personaliz\u00e1vel.<\/li>\n<li><strong>O JNR Mega Shisha 100.000 Puffs \u00e9 adequado para vaping 'direct-to-lung'?<\/strong><br \/>\nCom certeza! O <strong>premium<\/strong> o design do JNR Mega Shisha \u00e9 otimizado para <strong>Vaping Direto ao Pulm\u00e3o (DTL)<\/strong> oferecendo vapor rico e suave a cada inala\u00e7\u00e3o.<\/li>\n<li><strong>Como \u00e9 que o JNR Mega Shisha 100.000 Puffs garante um vaping seguro?<\/strong><br \/>\nO <strong>seguro e fi\u00e1vel<\/strong> o sistema de prote\u00e7\u00e3o autom\u00e1tica previne o sobreaquecimento, enquanto o <strong>tempo m\u00e1ximo de inala\u00e7\u00e3o de 8 segundos<\/strong> garante uma produ\u00e7\u00e3o de vapor ideal sem comprometer a seguran\u00e7a.<\/li>\n<\/ol>\n<p>&nbsp;<\/p>\n<\/div>\n<\/div>\n<\/div>\n<h3>Sobre o Envio<\/h3>\n<div class=\"flex-shrink-0 flex flex-col relative items-end\">\n<div>\n<div class=\"pt-0\">\n<div class=\"gizmo-bot-avatar flex h-8 w-8 items-center justify-center overflow-hidden rounded-full\">\n<div><\/div>\n<div class=\"relative p-1 rounded-sm flex items-center justify-center bg-token-main-surface-primary text-token-text-primary h-8 w-8\"><strong>1. Que m\u00e9todos de envio s\u00e3o usados?<\/strong><\/div>\n<\/div>\n<\/div>\n<\/div>\n<\/div>\n<div class=\"group\/conversation-turn relative flex w-full min-w-0 flex-col agent-turn\">\n<div class=\"flex-col gap-1 md:gap-3\">\n<div class=\"flex max-w-full flex-col flex-grow\">\n<div class=\"min-h-[20px] text-message flex w-full flex-col items-end gap-2 whitespace-normal break-words [.text-message+&amp;]:mt-5 overflow-x-auto\" dir=\"auto\" data-message-author-role=\"assistant\" data-message-id=\"22f8283b-3233-46ff-89a5-c7a41b33abda\">\n<div class=\"flex w-full flex-col gap-1 empty:hidden first:pt-[3px]\">\n<div class=\"markdown prose w-full break-words dark:prose-invert light\">\n<p>Fazemos parceria com a UPS, DHL, FedEx, DPD e outras transportadoras l\u00edderes. Selecionaremos o melhor m\u00e9todo de envio com base na sua localiza\u00e7\u00e3o de entrega para garantir que receba os seus produtos o mais r\u00e1pido poss\u00edvel.<\/p>\n<\/div>\n<p><strong>2. Quanto tempo demora a chegar?<\/strong><\/p>\n<p>As encomendas enviadas para Portugal geralmente chegam dentro de 10 dias \u00fateis. O envio para pa\u00edses europeus demora geralmente cerca de 12-15 dias \u00fateis. Forneceremos atualiza\u00e7\u00f5es em tempo real sobre o estado do seu envio.<\/p>\n<\/div>\n<\/div>\n<\/div>\n<\/div>\n<\/div>\n<p><strong><span style=\"color: #ff0000\">Outras Shisha Hookah Vape Descart\u00e1veis de Venda Quente: <a href=\"https:\/\/rmvapesale.com\/pt\/product\/fihp-shisha-hookah-15000-pro-disposable-vape-wholesale\/\">FIHP Shisha Hookah 15000 Puffs<\/a>, <a href=\"https:\/\/rmvapesale.com\/pt\/product\/vape-wholesale-lavande-bm-18000-puffs-shisha-hookah-bar\/\">VOPK Shisha Hookah BAR 20000, Lavande BM18000 Puffs Shisha Vape<\/a><\/span><\/strong><\/p>\n<p>&nbsp;<\/p>\n<p>Encontre mais produtos de vape que talvez goste:<strong><em><a href=\"https:\/\/rmvapesale.com\/pt\/shop-2\/\">comprar agora &gt;&gt;&gt;<\/a><\/em><\/strong><\/p>","protected":false},"excerpt":{"rendered":"<p>JNR Mega Shisha Hookah 100K Puffs Vape Descart\u00e1vel Pre\u00e7o de Atacado<br \/>\nJNR Mega Shisha Hookah 100000 100K Puffs Grande Capacidade<br \/>\nJNR Shisha Hookah 100K Vape Descart\u00e1vel 2% Baixa Nicotina<\/p>\n<p><strong>Contacte a Amy para obter a resposta certa e cup\u00e3o de vape!<\/strong><\/p>\n<p><img loading=\"lazy\" decoding=\"async\" class=\"size-full wp-image-2375\" src=\"https:\/\/rmvapesale.com\/wp-content\/uploads\/2024\/10\/image.png\" alt=\"Melhor Vape Descart\u00e1vel\" width=\"229\" height=\"300\" \/><\/p>\n<h3><a href=\"https:\/\/wa.me\/8617776015835\"><span style=\"color: #ff0000\"><strong>WhatsApp: +86 17776015835<\/strong><\/span><\/a><\/h3>\n<p>&nbsp;<\/p>","protected":false},"featured_media":2910,"comment_status":"open","ping_status":"closed","template":"","meta":{"_uag_custom_page_level_css":"","_lmt_disableupdate":"no","_lmt_disable":"","site-sidebar-layout":"default","site-content-layout":"content-boxed-container","ast-site-content-layout":"normal-width-container","site-content-style":"boxed","site-sidebar-style":"unboxed","ast-global-header-display":"","ast-banner-title-visibility":"","ast-main-header-display":"","ast-hfb-above-header-display":"","ast-hfb-below-header-display":"","ast-hfb-mobile-header-display":"","site-post-title":"","ast-breadcrumbs-content":"","ast-featured-img":"","footer-sml-layout":"","theme-transparent-header-meta":"default","adv-header-id-meta":"","stick-header-meta":"","header-above-stick-meta":"","header-main-stick-meta":"","header-below-stick-meta":"","astra-migrate-meta-layouts":"set","ast-page-background-enabled":"default","ast-page-background-meta":{"desktop":{"background-color":"var(--ast-global-color-4)","background-image":"","background-repeat":"repeat","background-position":"center center","background-size":"auto","background-attachment":"scroll","background-type":"","background-media":"","overlay-type":"","overlay-color":"","overlay-opacity":"","overlay-gradient":""},"tablet":{"background-color":"","background-image":"","background-repeat":"repeat","background-position":"center center","background-size":"auto","background-attachment":"scroll","background-type":"","background-media":"","overlay-type":"","overlay-color":"","overlay-opacity":"","overlay-gradient":""},"mobile":{"background-color":"","background-image":"","background-repeat":"repeat","background-position":"center center","background-size":"auto","background-attachment":"scroll","background-type":"","background-media":"","overlay-type":"","overlay-color":"","overlay-opacity":"","overlay-gradient":""}},"ast-content-background-meta":{"desktop":{"background-color":"var(--ast-global-color-5)","background-image":"","background-repeat":"repeat","background-position":"center center","background-size":"auto","background-attachment":"scroll","background-type":"","background-media":"","overlay-type":"","overlay-color":"","overlay-opacity":"","overlay-gradient":""},"tablet":{"background-color":"var(--ast-global-color-5)","background-image":"","background-repeat":"repeat","background-position":"center center","background-size":"auto","background-attachment":"scroll","background-type":"","background-media":"","overlay-type":"","overlay-color":"","overlay-opacity":"","overlay-gradient":""},"mobile":{"background-color":"var(--ast-global-color-5)","background-image":"","background-repeat":"repeat","background-position":"center center","background-size":"auto","background-attachment":"scroll","background-type":"","background-media":"","overlay-type":"","overlay-color":"","overlay-opacity":"","overlay-gradient":""}},"_joinchat":[]},"product_brand":[],"product_cat":[15,260,25,123,26,28,135,27,137,136,30],"product_tag":[146,131,40,263,111,103],"class_list":{"0":"post-2911","1":"product","2":"type-product","3":"status-publish","4":"has-post-thumbnail","6":"product_cat-new-vape-this-week","7":"product_cat-100k-puff-disposable-vape","8":"product_cat-germany-best-selling-vape","9":"product_cat-italy-wholesale-vape","10":"product_cat-netherlands-hot-sale-vape","11":"product_cat-poland-hot-sale-vape","12":"product_cat-spain-best-hot-sale-vape","13":"product_cat-fance-hot-sale-vape","14":"product_cat-rechargeable-vapes","15":"product_cat-smart-screen-vapes","16":"product_cat-minimum-order-quantity-50pcs","17":"product_tag-best-hot-sale-vape","18":"product_tag-big-puff-vape","19":"product_tag-hot-sale-vape","20":"product_tag-jnr-mega-shisha-hookah-100000","21":"product_tag-low-nicotine-disposable-vape","22":"product_tag-shisha-hookah","23":"desktop-align-left","24":"tablet-align-left","25":"mobile-align-left","27":"first","28":"instock","29":"sale","30":"shipping-taxable","31":"purchasable","32":"product-type-simple"},"uagb_featured_image_src":{"full":["https:\/\/rmvapesale.com\/wp-content\/uploads\/2025\/01\/JNR-Shisha-Hookah-100K-Rechargeable-Disposable-Vape.webp",1000,1000,false],"thumbnail":["https:\/\/rmvapesale.com\/wp-content\/uploads\/2025\/01\/JNR-Shisha-Hookah-100K-Rechargeable-Disposable-Vape-150x150.webp",150,150,true],"medium":["https:\/\/rmvapesale.com\/wp-content\/uploads\/2025\/01\/JNR-Shisha-Hookah-100K-Rechargeable-Disposable-Vape-300x300.webp",300,300,true],"medium_large":["https:\/\/rmvapesale.com\/wp-content\/uploads\/2025\/01\/JNR-Shisha-Hookah-100K-Rechargeable-Disposable-Vape-768x768.webp",768,768,true],"large":["https:\/\/rmvapesale.com\/wp-content\/uploads\/2025\/01\/JNR-Shisha-Hookah-100K-Rechargeable-Disposable-Vape.webp",1000,1000,false],"1536x1536":["https:\/\/rmvapesale.com\/wp-content\/uploads\/2025\/01\/JNR-Shisha-Hookah-100K-Rechargeable-Disposable-Vape.webp",1000,1000,false],"2048x2048":["https:\/\/rmvapesale.com\/wp-content\/uploads\/2025\/01\/JNR-Shisha-Hookah-100K-Rechargeable-Disposable-Vape.webp",1000,1000,false],"trp-custom-language-flag":["https:\/\/rmvapesale.com\/wp-content\/uploads\/2025\/01\/JNR-Shisha-Hookah-100K-Rechargeable-Disposable-Vape.webp",12,12,false],"woocommerce_thumbnail":["https:\/\/rmvapesale.com\/wp-content\/uploads\/2025\/01\/JNR-Shisha-Hookah-100K-Rechargeable-Disposable-Vape-300x300.webp",300,300,true],"woocommerce_single":["https:\/\/rmvapesale.com\/wp-content\/uploads\/2025\/01\/JNR-Shisha-Hookah-100K-Rechargeable-Disposable-Vape-600x600.webp",600,600,true],"woocommerce_gallery_thumbnail":["https:\/\/rmvapesale.com\/wp-content\/uploads\/2025\/01\/JNR-Shisha-Hookah-100K-Rechargeable-Disposable-Vape-100x100.webp",100,100,true],"wcpr-photo-reviews":["https:\/\/rmvapesale.com\/wp-content\/uploads\/2025\/01\/JNR-Shisha-Hookah-100K-Rechargeable-Disposable-Vape.webp",500,500,false]},"uagb_author_info":{"display_name":"AMY","author_link":"https:\/\/rmvapesale.com\/pt\/author\/"},"uagb_comment_info":0,"uagb_excerpt":"JNR Mega Shisha Hookah 100K Puffs Disposable Vape Wholesale Price JNR Mega Shisha Hookah 100000 100K Puffs Large Capacity JNR Shisha Hookah 100K Disposable Vape 2% Low Nicotine Contact Amy to get right reply and vape coupon! WhatsApp: +86 17776015835 &nbsp;","_links":{"self":[{"href":"https:\/\/rmvapesale.com\/pt\/wp-json\/wp\/v2\/product\/2911","targetHints":{"allow":["GET"]}}],"collection":[{"href":"https:\/\/rmvapesale.com\/pt\/wp-json\/wp\/v2\/product"}],"about":[{"href":"https:\/\/rmvapesale.com\/pt\/wp-json\/wp\/v2\/types\/product"}],"replies":[{"embeddable":true,"href":"https:\/\/rmvapesale.com\/pt\/wp-json\/wp\/v2\/comments?post=2911"}],"wp:featuredmedia":[{"embeddable":true,"href":"https:\/\/rmvapesale.com\/pt\/wp-json\/wp\/v2\/media\/2910"}],"wp:attachment":[{"href":"https:\/\/rmvapesale.com\/pt\/wp-json\/wp\/v2\/media?parent=2911"}],"wp:term":[{"taxonomy":"product_brand","embeddable":true,"href":"https:\/\/rmvapesale.com\/pt\/wp-json\/wp\/v2\/product_brand?post=2911"},{"taxonomy":"product_cat","embeddable":true,"href":"https:\/\/rmvapesale.com\/pt\/wp-json\/wp\/v2\/product_cat?post=2911"},{"taxonomy":"product_tag","embeddable":true,"href":"https:\/\/rmvapesale.com\/pt\/wp-json\/wp\/v2\/product_tag?post=2911"}],"curies":[{"name":"wp","href":"https:\/\/api.w.org\/{rel}","templated":true}]}}