{"id":2948,"date":"2025-01-10T08:39:18","date_gmt":"2025-01-10T08:39:18","guid":{"rendered":"https:\/\/rmvapesale.com\/?post_type=product&#038;p=2948"},"modified":"2025-01-10T09:15:27","modified_gmt":"2025-01-10T09:15:27","slug":"crystal-vape-uwin-shisha-hookah-20k-20000-puffs-wholesale-best-price","status":"publish","type":"product","link":"https:\/\/rmvapesale.com\/pt\/product\/crystal-vape-uwin-shisha-hookah-20k-20000-puffs-wholesale-best-price\/","title":{"rendered":"Crystal Vape Uwin Shisha Hookah 20K 20000 Puffs Atacado Melhor Pre\u00e7o"},"content":{"rendered":"<div class=\"B2VR9 CJHX3e\">\n<div class=\"wyccme\">\n<div class=\"flex-shrink-0 flex flex-col relative items-end\">\n<div class=\"pt-0\">\n<div class=\"gizmo-bot-avatar flex h-8 w-8 items-center justify-center overflow-hidden rounded-full\">\n<div class=\"relative p-1 rounded-sm flex items-center justify-center bg-token-main-surface-primary text-token-text-primary h-8 w-8\">\n<div class=\"flex-shrink-0 flex flex-col relative items-end\">\n<div class=\"pt-0\">\n<div class=\"gizmo-bot-avatar flex h-8 w-8 items-center justify-center overflow-hidden rounded-full\">\n<h1 class=\"relative p-1 rounded-sm flex items-center justify-center bg-token-main-surface-primary text-token-text-primary h-8 w-8\">Crystal Vape Uwin Shisha Hookah 20K 20000 Puffs Atacado Melhor Pre\u00e7o<\/h1>\n<\/div>\n<\/div>\n<\/div>\n<\/div>\n<\/div>\n<\/div>\n<\/div>\n<div class=\"group\/conversation-turn relative flex w-full min-w-0 flex-col agent-turn\">\n<div class=\"flex-col gap-1 md:gap-3\">\n<div class=\"flex max-w-full flex-col flex-grow\">\n<div class=\"min-h-8 text-message flex w-full flex-col items-end gap-2 whitespace-normal break-words text-start [.text-message+&amp;]:mt-5\" dir=\"auto\" data-message-author-role=\"assistant\" data-message-id=\"80ece0c4-ead1-4ed9-a9f0-ddc22582b4f4\" data-message-model-slug=\"gpt-4o\">\n<div class=\"flex w-full flex-col gap-1 empty:hidden first:pt-[3px]\">\n<div class=\"markdown prose w-full break-words dark:prose-invert light\">\n<p>&nbsp;<\/p>\n<p>O <strong>Crystal Vape Uwin Shisha Hookah 20K 20000 puffs<\/strong>, \u00e9 um dispositivo de vaping definitivo que combina tecnologia de ponta, estilo e desempenho. Com o seu impressionante <strong>ecr\u00e3 digital<\/strong>, funcionalidades personaliz\u00e1veis e alta contagem de puffs, foi concebido para satisfazer as necessidades de vapers casuais e experientes.<\/p>\n<\/div>\n<p>Com o vape Uwin Crystal 20000, desfrutar\u00e1 de uma experi\u00eancia de vaping prolongada com at\u00e9 <strong>20.000 puffs<\/strong> por dispositivo. Diga adeus \u00e0s substitui\u00e7\u00f5es frequentes e ol\u00e1 ao prazer ininterrupto! O <strong>ecr\u00e3 digital inovador<\/strong> mant\u00e9m-no informado sobre a dura\u00e7\u00e3o da bateria e a utiliza\u00e7\u00e3o, garantindo uma experi\u00eancia sem problemas. Conhe\u00e7a o estado do seu dispositivo num relance. Com defini\u00e7\u00f5es de fluxo de ar personaliz\u00e1veis, o Crystal Vape Uwin 20K adapta-se \u00e0s suas prefer\u00eancias. Quer goste de passagens mais apertadas ou de um golpe mais aberto, este dispositivo oferece.<\/p>\n<p>Equipado com uma <strong>bobina de malha de 0,8\u03a9<\/strong>, este vape descart\u00e1vel recarreg\u00e1vel garante uma produ\u00e7\u00e3o de vapor melhorada e um sabor inigual\u00e1vel. Cada puff \u00e9 suave, rico e satisfat\u00f3rio. Alimentado por uma <strong>bateria recarreg\u00e1vel de cobalto de 650mAh<\/strong> e um <strong>porta de carregamento Tipo-C<\/strong>, o Uwin Shisha Hookah est\u00e1 sempre pronto a usar. O recarregamento r\u00e1pido e eficiente significa menos tempo de inatividade. Ergon\u00f3mico e compacto, o Crystal Vape Uwin apresenta um design elegante que \u00e9 simultaneamente estiloso e confort\u00e1vel de usar. \u00c9 tanto uma pe\u00e7a de destaque como um dispositivo de vaping. Dispon\u00edvel em <strong>0%, 2%, 3% e 5% de n\u00edveis de nicotina<\/strong>, este vape adapta-se a todas as prefer\u00eancias. Quer pretenda um impacto forte ou uma experi\u00eancia mais suave, est\u00e1 coberto.<\/p>\n<\/div>\n<p>Melhore o seu jogo de vaping com o <strong>Crystal Vape Uwin Shisha Hookah 20000<\/strong>. Com a sua combina\u00e7\u00e3o de estilo, desempenho e conveni\u00eancia, esta \u00e9 a escolha perfeita para vapers em todo o lado. N\u00e3o espere\u2014encomende o seu hoje mesmo!<\/p>\n<\/div>\n<\/div>\n<\/div>\n<\/div>\n<div class=\"flex-shrink-0 flex flex-col relative items-end\">\n<div class=\"pt-0\">\n<div class=\"gizmo-bot-avatar flex h-8 w-8 items-center justify-center overflow-hidden rounded-full\">\n<p>&nbsp;<\/p>\n<\/div>\n<\/div>\n<\/div>\n<\/div>\n<\/div>\n<p><strong>Contacte a Amy para obter a resposta certa e cup\u00e3o de vape!<\/strong><\/p>\n<p><img loading=\"lazy\" decoding=\"async\" class=\"size-full wp-image-1978\" src=\"https:\/\/rmvapesale.com\/wp-content\/uploads\/2024\/09\/Disposable-Vape-Wholesale.jpg\" alt=\"Venda por grosso de vapes descart\u00e1veis\" width=\"229\" height=\"300\" \/><\/p>\n<h3><a href=\"https:\/\/wa.me\/8617776015835\" target=\"_blank\" rel=\"noopener\"><span style=\"color: #ff0000\"><strong>WhatsApp: +86 17776015835<\/strong><\/span><\/a><\/h3>\n<p>&nbsp;<\/p>\n<h2><strong style=\"font-size: 1.7em\">Principais Caracter\u00edsticas do Crystal Vape Uwin 20000<\/strong><\/h2>\n<h3><\/h3>\n<ul>\n<li><strong>Contagem de Puffs<\/strong>: At\u00e9 20.000 para uso prolongado<\/li>\n<li><strong>Visor Digital<\/strong>: Monitoriza\u00e7\u00e3o em tempo real da dura\u00e7\u00e3o da bateria e utiliza\u00e7\u00e3o<\/li>\n<li><strong>Capacidade de E-L\u00edquido<\/strong>: Dep\u00f3sito pr\u00e9-cheio de 22 ml para menos recargas<\/li>\n<li><strong>Bobina de Malha<\/strong>: Bobina de 0,8\u03a9 para sabor rico e vapor denso<\/li>\n<li><strong>Bateria Recarreg\u00e1vel<\/strong>: Bateria de cobalto de 650mAh com carregamento Tipo-C<\/li>\n<li><strong>N\u00edveis de Nicotina<\/strong>: Dispon\u00edvel em 0%, 2%, 3% e 5%<\/li>\n<li><strong>Sabores<\/strong>: 12 op\u00e7\u00f5es deliciosas para escolher<\/li>\n<li><strong>Fluxo de ar ajust\u00e1vel<\/strong>: Defini\u00e7\u00f5es personaliz\u00e1veis para uma experi\u00eancia \u00e0 medida<\/li>\n<li><strong>Design Compacto<\/strong>: Elegante e ergon\u00f3mico para portabilidade e estilo<\/li>\n<\/ul>\n<h2><strong style=\"font-size: 1.7em\">Sabor mais vendido para Uwin 20000 <\/strong><strong style=\"font-size: 1.7em\">Crystal Vape<\/strong><\/h2>\n<p>Este vape descart\u00e1vel dispon\u00edvel em <strong>12 sabores saborosos<\/strong>, oferece uma variedade de op\u00e7\u00f5es para atender a diferentes utilizadores. Qual \u00e9 o melhor sabor para Uwin Crystal 20000? Encontre o sabor mais vendido em anexo, de acordo com os nossos dados de vendas e avalia\u00e7\u00f5es de clientes.<\/p>\n<ol>\n<li>Melancia <span style=\"color: #ff0000\"><strong>&gt;&gt;&gt;&gt; Quente!<\/strong><\/span><\/li>\n<li>Gelo de Manga<\/li>\n<li>Framboesa Mirtilo <span style=\"color: #ff0000\"><strong>&gt;&gt;&gt;&gt; Quente!<\/strong><\/span><\/li>\n<li>Menta de Uva<\/li>\n<li>Maracuj\u00e1<\/li>\n<li>Morango Kiwi<\/li>\n<li>Dupla Ma\u00e7\u00e3<\/li>\n<li>Gelo de P\u00eassego<\/li>\n<li>Coco Abacaxi<\/li>\n<li>Frutos Silvestres Mistos <strong><span style=\"color: #ff0000\">&gt;&gt;&gt;&gt; O Melhor!<\/span><\/strong><\/li>\n<li>Menta de Lim\u00e3o <span style=\"color: #ff0000\"><strong>&gt;&gt;&gt;&gt; Quente!<\/strong><\/span><\/li>\n<li>Explos\u00e3o de Laranja<\/li>\n<\/ol>\n<figure id=\"attachment_2944\" aria-describedby=\"caption-attachment-2944\" style=\"width: 800px\" class=\"wp-caption alignnone\"><img loading=\"lazy\" decoding=\"async\" class=\"wp-image-2944 size-full\" src=\"https:\/\/rmvapesale.com\/wp-content\/uploads\/2025\/01\/Hookah-Shisha-Uwin-Crystal-20000-Puffs-Disposable-Vape.webp\" alt=\"Hookah Shisha Uwin Crystal 20000 Puffs Vape Descart\u00e1vel\" width=\"800\" height=\"800\" srcset=\"https:\/\/rmvapesale.com\/wp-content\/uploads\/2025\/01\/Hookah-Shisha-Uwin-Crystal-20000-Puffs-Disposable-Vape.webp 800w, https:\/\/rmvapesale.com\/wp-content\/uploads\/2025\/01\/Hookah-Shisha-Uwin-Crystal-20000-Puffs-Disposable-Vape-300x300.webp 300w, https:\/\/rmvapesale.com\/wp-content\/uploads\/2025\/01\/Hookah-Shisha-Uwin-Crystal-20000-Puffs-Disposable-Vape-150x150.webp 150w, https:\/\/rmvapesale.com\/wp-content\/uploads\/2025\/01\/Hookah-Shisha-Uwin-Crystal-20000-Puffs-Disposable-Vape-768x768.webp 768w, https:\/\/rmvapesale.com\/wp-content\/uploads\/2025\/01\/Hookah-Shisha-Uwin-Crystal-20000-Puffs-Disposable-Vape-600x600.webp 600w, https:\/\/rmvapesale.com\/wp-content\/uploads\/2025\/01\/Hookah-Shisha-Uwin-Crystal-20000-Puffs-Disposable-Vape-100x100.webp 100w\" sizes=\"auto, (max-width: 800px) 100vw, 800px\" \/><figcaption id=\"caption-attachment-2944\" class=\"wp-caption-text\">Hookah Shisha Uwin Crystal 20000 Puffs Vape Descart\u00e1vel<\/figcaption><\/figure>\n<h3><strong>Por que escolher Rmvapesale para Crystal Vape Uwin 20000 Puff\u00a0 <\/strong><strong>V<\/strong><strong>Venda por grosso de vapes<\/strong><strong>?<\/strong><\/h3>\n<div class=\"flex-shrink-0 flex flex-col relative items-end\">\n<div class=\"pt-0\">\n<div class=\"gizmo-bot-avatar flex h-8 w-8 items-center justify-center overflow-hidden rounded-full\">\n<p class=\"relative p-1 rounded-sm flex items-center justify-center bg-token-main-surface-primary text-token-text-primary h-8 w-8\">Bem-vindo \u00e0 Rmvapesale, a sua loja de vapes de confian\u00e7a para vapes descart\u00e1veis premium. Com mais de 5 anos de experi\u00eancia, trazemos-lhe marcas populares de vapes descart\u00e1veis, como Al Fakher, Vapme Vape, <a href=\"https:\/\/rmvapesale.com\/pt\/product-category\/bang-vapes\/\">Bang Vape<\/a>, Waspe, WGA Vape e<a href=\"https:\/\/rmvapesale.com\/pt\/product-category\/randm-fumot-vape\/\"> RandM Vape<\/a>.A nossa gama inclui vape descart\u00e1vel de venda quente como o <a href=\"https:\/\/rmvapesale.com\/pt\/product\/bang-box-35000-puffs-touch-screen-bulk-buy-price-rechargeable-disposable-vapes\/\">Bang Box 35000 Puffs<\/a> e op\u00e7\u00f5es ricas em sabor como o<a href=\"https:\/\/rmvapesale.com\/pt\/product\/bood-pulse-pro-50000-puff-50k-low-nicotine-disposable-vape-wholesale-bulk-buy-price\/\">\u00a0Bood Pulse PRO 50000<\/a>. Cada produto \u00e9 escolhido com foco na qualidade, valor e variedade, garantindo que encontre a combina\u00e7\u00e3o perfeita para as suas necessidades. Descubra um servi\u00e7o excecional e uma vasta gama de produtos de topo na Rmvapesale.<\/p>\n<p>&nbsp;<\/p>\n<p class=\"relative p-1 rounded-sm flex items-center justify-center bg-token-main-surface-primary text-token-text-primary h-8 w-8\"><b style=\"font-size: 1.5em;font-style: inherit\">PERGUNTAS FREQUENTES Sobre Crystal Vape Uwin 20000 <\/b><b style=\"font-size: 1.5em;font-style: inherit\">Vape Descart\u00e1vel Recarreg\u00e1vel<\/b><\/p>\n<h3><\/h3>\n<h4><strong>1. Quantas vaporiza\u00e7\u00f5es oferece o Crystal Vape Uwin Shisha Hookah 20K?<\/strong><\/h4>\n<p>O dispositivo oferece at\u00e9 <strong>20.000 puffs<\/strong>, tornando-o uma op\u00e7\u00e3o duradoura para uso prolongado.<\/p>\n<h4><strong>2. Este vape tem um ecr\u00e3 digital?<\/strong><\/h4>\n<p>Sim, possui um <strong>ecr\u00e3 digital de f\u00e1cil leitura <\/strong>para monitorizar a dura\u00e7\u00e3o da bateria e a utiliza\u00e7\u00e3o sem esfor\u00e7o.<\/p>\n<h4><strong>3. Posso recarregar a bateria?<\/strong><\/h4>\n<p>Absolutamente! Vem com uma <strong>bateria recarreg\u00e1vel de 650mAh<\/strong> e um <strong>porta Tipo-C<\/strong> para carregamento r\u00e1pido e conveniente.<\/p>\n<h4><strong>4. O fluxo de ar \u00e9 ajust\u00e1vel?<\/strong><\/h4>\n<p>Sim, o Uwin Shisha Hookah 20K oferece <strong>configura\u00e7\u00f5es de fluxo de ar personaliz\u00e1veis<\/strong> para se adequar \u00e0s suas prefer\u00eancias de vaping.<\/p>\n<h4><strong>5. Onde posso comprar o Crystal Vape Uwin Shisha Hookah 20K a pre\u00e7os de grosso?<\/strong><\/h4>\n<p>Pode encontrar este produto com os melhores <strong>pre\u00e7os de grosso<\/strong> on <a href=\"https:\/\/rmvapesale.com\/pt\/\" target=\"_new\" rel=\"noopener\">Rmvapesale loja online de vape<\/a>. Compre agora para ofertas imbat\u00edveis!<\/p>\n<p>&nbsp;<\/p>\n<\/div>\n<\/div>\n<\/div>\n<h3>Sobre o Envio<\/h3>\n<div class=\"flex-shrink-0 flex flex-col relative items-end\">\n<div>\n<div class=\"pt-0\">\n<div class=\"gizmo-bot-avatar flex h-8 w-8 items-center justify-center overflow-hidden rounded-full\">\n<div><\/div>\n<div class=\"relative p-1 rounded-sm flex items-center justify-center bg-token-main-surface-primary text-token-text-primary h-8 w-8\"><strong>1. Que m\u00e9todos de envio s\u00e3o usados?<\/strong><\/div>\n<\/div>\n<\/div>\n<\/div>\n<\/div>\n<div class=\"group\/conversation-turn relative flex w-full min-w-0 flex-col agent-turn\">\n<div class=\"flex-col gap-1 md:gap-3\">\n<div class=\"flex max-w-full flex-col flex-grow\">\n<div class=\"min-h-[20px] text-message flex w-full flex-col items-end gap-2 whitespace-normal break-words [.text-message+&amp;]:mt-5 overflow-x-auto\" dir=\"auto\" data-message-author-role=\"assistant\" data-message-id=\"22f8283b-3233-46ff-89a5-c7a41b33abda\">\n<div class=\"flex w-full flex-col gap-1 empty:hidden first:pt-[3px]\">\n<div class=\"markdown prose w-full break-words dark:prose-invert light\">\n<p>Fazemos parceria com a UPS, DHL, FedEx, DPD e outras transportadoras l\u00edderes. Selecionaremos o melhor m\u00e9todo de envio com base na sua localiza\u00e7\u00e3o de entrega para garantir que receba os seus produtos o mais r\u00e1pido poss\u00edvel.<\/p>\n<\/div>\n<p><strong>2. Quanto tempo demora a chegar?<\/strong><\/p>\n<p>As encomendas enviadas para Portugal geralmente chegam dentro de 10 dias \u00fateis. O envio para pa\u00edses europeus demora geralmente cerca de 12-15 dias \u00fateis. Forneceremos atualiza\u00e7\u00f5es em tempo real sobre o estado do seu envio.<\/p>\n<\/div>\n<\/div>\n<\/div>\n<\/div>\n<\/div>\n<p>&nbsp;<\/p>\n<p>Encontre mais produtos de vape que talvez goste:<strong><em><a href=\"https:\/\/rmvapesale.com\/pt\/shop-2\/\">comprar agora &gt;&gt;&gt;<\/a><\/em><\/strong><\/p>","protected":false},"excerpt":{"rendered":"<p>Uwin Shisha Hookah Crystal 20000 Puffs a Granel<br \/>\nUwin Crystal 20000 Puffs Vape Descart\u00e1vel E Shisha Hookah<br \/>\nMelhor Pre\u00e7o de Atacado Uwin Shisha Hookah Crystal 20K 20000 Puffs<\/p>\n<p><strong>Contacte a Amy para obter a resposta certa e cup\u00e3o de vape!<\/strong><\/p>\n<p><img loading=\"lazy\" decoding=\"async\" class=\"size-full wp-image-2375\" src=\"https:\/\/rmvapesale.com\/wp-content\/uploads\/2024\/10\/image.png\" alt=\"Melhor Vape Descart\u00e1vel\" width=\"229\" height=\"300\" \/><\/p>\n<h3><a href=\"https:\/\/wa.me\/8617776015835\"><span style=\"color: #ff0000\"><strong>WhatsApp: +86 17776015835<\/strong><\/span><\/a><\/h3>\n<p>&nbsp;<\/p>","protected":false},"featured_media":2943,"comment_status":"open","ping_status":"closed","template":"","meta":{"_uag_custom_page_level_css":"","_lmt_disableupdate":"no","_lmt_disable":"","site-sidebar-layout":"default","site-content-layout":"content-boxed-container","ast-site-content-layout":"normal-width-container","site-content-style":"boxed","site-sidebar-style":"unboxed","ast-global-header-display":"","ast-banner-title-visibility":"","ast-main-header-display":"","ast-hfb-above-header-display":"","ast-hfb-below-header-display":"","ast-hfb-mobile-header-display":"","site-post-title":"","ast-breadcrumbs-content":"","ast-featured-img":"","footer-sml-layout":"","theme-transparent-header-meta":"default","adv-header-id-meta":"","stick-header-meta":"","header-above-stick-meta":"","header-main-stick-meta":"","header-below-stick-meta":"","astra-migrate-meta-layouts":"set","ast-page-background-enabled":"default","ast-page-background-meta":{"desktop":{"background-color":"var(--ast-global-color-4)","background-image":"","background-repeat":"repeat","background-position":"center center","background-size":"auto","background-attachment":"scroll","background-type":"","background-media":"","overlay-type":"","overlay-color":"","overlay-opacity":"","overlay-gradient":""},"tablet":{"background-color":"","background-image":"","background-repeat":"repeat","background-position":"center center","background-size":"auto","background-attachment":"scroll","background-type":"","background-media":"","overlay-type":"","overlay-color":"","overlay-opacity":"","overlay-gradient":""},"mobile":{"background-color":"","background-image":"","background-repeat":"repeat","background-position":"center center","background-size":"auto","background-attachment":"scroll","background-type":"","background-media":"","overlay-type":"","overlay-color":"","overlay-opacity":"","overlay-gradient":""}},"ast-content-background-meta":{"desktop":{"background-color":"var(--ast-global-color-5)","background-image":"","background-repeat":"repeat","background-position":"center center","background-size":"auto","background-attachment":"scroll","background-type":"","background-media":"","overlay-type":"","overlay-color":"","overlay-opacity":"","overlay-gradient":""},"tablet":{"background-color":"var(--ast-global-color-5)","background-image":"","background-repeat":"repeat","background-position":"center center","background-size":"auto","background-attachment":"scroll","background-type":"","background-media":"","overlay-type":"","overlay-color":"","overlay-opacity":"","overlay-gradient":""},"mobile":{"background-color":"var(--ast-global-color-5)","background-image":"","background-repeat":"repeat","background-position":"center center","background-size":"auto","background-attachment":"scroll","background-type":"","background-media":"","overlay-type":"","overlay-color":"","overlay-opacity":"","overlay-gradient":""}},"_joinchat":[]},"product_brand":[],"product_cat":[15,255,25,123,26,28,135,27,60,137,136,30],"product_tag":[146,40,111,103,269,268],"class_list":{"0":"post-2948","1":"product","2":"type-product","3":"status-publish","4":"has-post-thumbnail","6":"product_cat-new-vape-this-week","7":"product_cat-20000-puff-disposable-vape","8":"product_cat-germany-best-selling-vape","9":"product_cat-italy-wholesale-vape","10":"product_cat-netherlands-hot-sale-vape","11":"product_cat-poland-hot-sale-vape","12":"product_cat-spain-best-hot-sale-vape","13":"product_cat-fance-hot-sale-vape","14":"product_cat-bang-vapes","15":"product_cat-rechargeable-vapes","16":"product_cat-smart-screen-vapes","17":"product_cat-minimum-order-quantity-50pcs","18":"product_tag-best-hot-sale-vape","19":"product_tag-hot-sale-vape","20":"product_tag-low-nicotine-disposable-vape","21":"product_tag-shisha-hookah","22":"product_tag-uwin-crystal-20000","23":"product_tag-uwin-shisha-hookah-20k","24":"desktop-align-left","25":"tablet-align-left","26":"mobile-align-left","28":"first","29":"instock","30":"sale","31":"shipping-taxable","32":"purchasable","33":"product-type-simple"},"uagb_featured_image_src":{"full":["https:\/\/rmvapesale.com\/wp-content\/uploads\/2025\/01\/Hookah-Shisha-Uwin-Crystal-20000-Puffs-Disposable-Vape-Bulk-Buy.webp",800,800,false],"thumbnail":["https:\/\/rmvapesale.com\/wp-content\/uploads\/2025\/01\/Hookah-Shisha-Uwin-Crystal-20000-Puffs-Disposable-Vape-Bulk-Buy-150x150.webp",150,150,true],"medium":["https:\/\/rmvapesale.com\/wp-content\/uploads\/2025\/01\/Hookah-Shisha-Uwin-Crystal-20000-Puffs-Disposable-Vape-Bulk-Buy-300x300.webp",300,300,true],"medium_large":["https:\/\/rmvapesale.com\/wp-content\/uploads\/2025\/01\/Hookah-Shisha-Uwin-Crystal-20000-Puffs-Disposable-Vape-Bulk-Buy-768x768.webp",768,768,true],"large":["https:\/\/rmvapesale.com\/wp-content\/uploads\/2025\/01\/Hookah-Shisha-Uwin-Crystal-20000-Puffs-Disposable-Vape-Bulk-Buy.webp",800,800,false],"1536x1536":["https:\/\/rmvapesale.com\/wp-content\/uploads\/2025\/01\/Hookah-Shisha-Uwin-Crystal-20000-Puffs-Disposable-Vape-Bulk-Buy.webp",800,800,false],"2048x2048":["https:\/\/rmvapesale.com\/wp-content\/uploads\/2025\/01\/Hookah-Shisha-Uwin-Crystal-20000-Puffs-Disposable-Vape-Bulk-Buy.webp",800,800,false],"trp-custom-language-flag":["https:\/\/rmvapesale.com\/wp-content\/uploads\/2025\/01\/Hookah-Shisha-Uwin-Crystal-20000-Puffs-Disposable-Vape-Bulk-Buy.webp",12,12,false],"woocommerce_thumbnail":["https:\/\/rmvapesale.com\/wp-content\/uploads\/2025\/01\/Hookah-Shisha-Uwin-Crystal-20000-Puffs-Disposable-Vape-Bulk-Buy-300x300.webp",300,300,true],"woocommerce_single":["https:\/\/rmvapesale.com\/wp-content\/uploads\/2025\/01\/Hookah-Shisha-Uwin-Crystal-20000-Puffs-Disposable-Vape-Bulk-Buy-600x600.webp",600,600,true],"woocommerce_gallery_thumbnail":["https:\/\/rmvapesale.com\/wp-content\/uploads\/2025\/01\/Hookah-Shisha-Uwin-Crystal-20000-Puffs-Disposable-Vape-Bulk-Buy-100x100.webp",100,100,true],"wcpr-photo-reviews":["https:\/\/rmvapesale.com\/wp-content\/uploads\/2025\/01\/Hookah-Shisha-Uwin-Crystal-20000-Puffs-Disposable-Vape-Bulk-Buy.webp",500,500,false]},"uagb_author_info":{"display_name":"AMY","author_link":"https:\/\/rmvapesale.com\/pt\/author\/"},"uagb_comment_info":0,"uagb_excerpt":"Uwin Shisha Hookah Crystal 20000 Puff Bulk Uwin Crystal 20000 Puffs Disposable Vape E Shisha Hookah Best Wholesale Price Uwin Shisha Hookah Crystal 20K 20000 Puffs Contact Amy to get right reply and vape coupon! WhatsApp: +86 17776015835 &nbsp;","_links":{"self":[{"href":"https:\/\/rmvapesale.com\/pt\/wp-json\/wp\/v2\/product\/2948","targetHints":{"allow":["GET"]}}],"collection":[{"href":"https:\/\/rmvapesale.com\/pt\/wp-json\/wp\/v2\/product"}],"about":[{"href":"https:\/\/rmvapesale.com\/pt\/wp-json\/wp\/v2\/types\/product"}],"replies":[{"embeddable":true,"href":"https:\/\/rmvapesale.com\/pt\/wp-json\/wp\/v2\/comments?post=2948"}],"wp:featuredmedia":[{"embeddable":true,"href":"https:\/\/rmvapesale.com\/pt\/wp-json\/wp\/v2\/media\/2943"}],"wp:attachment":[{"href":"https:\/\/rmvapesale.com\/pt\/wp-json\/wp\/v2\/media?parent=2948"}],"wp:term":[{"taxonomy":"product_brand","embeddable":true,"href":"https:\/\/rmvapesale.com\/pt\/wp-json\/wp\/v2\/product_brand?post=2948"},{"taxonomy":"product_cat","embeddable":true,"href":"https:\/\/rmvapesale.com\/pt\/wp-json\/wp\/v2\/product_cat?post=2948"},{"taxonomy":"product_tag","embeddable":true,"href":"https:\/\/rmvapesale.com\/pt\/wp-json\/wp\/v2\/product_tag?post=2948"}],"curies":[{"name":"wp","href":"https:\/\/api.w.org\/{rel}","templated":true}]}}