{"id":2955,"date":"2025-01-13T06:29:57","date_gmt":"2025-01-13T06:29:57","guid":{"rendered":"https:\/\/rmvapesale.com\/?post_type=product&#038;p=2955"},"modified":"2025-01-13T07:21:49","modified_gmt":"2025-01-13T07:21:49","slug":"bangking-35000-puffs-double-flavour-disposable-vape-wholesale-cheap-price","status":"publish","type":"product","link":"https:\/\/rmvapesale.com\/pt\/product\/bangking-35000-puffs-double-flavour-disposable-vape-wholesale-cheap-price\/","title":{"rendered":"Bangking 35000 Puffs Vape Descart\u00e1vel Sabor Duplo Pre\u00e7o Barato Atacado"},"content":{"rendered":"<div class=\"B2VR9 CJHX3e\">\n<div class=\"wyccme\">\n<div class=\"flex-shrink-0 flex flex-col relative items-end\">\n<div class=\"pt-0\">\n<div class=\"gizmo-bot-avatar flex h-8 w-8 items-center justify-center overflow-hidden rounded-full\">\n<div class=\"relative p-1 rounded-sm flex items-center justify-center bg-token-main-surface-primary text-token-text-primary h-8 w-8\">\n<div class=\"flex-shrink-0 flex flex-col relative items-end\">\n<div class=\"pt-0\">\n<div class=\"gizmo-bot-avatar flex h-8 w-8 items-center justify-center overflow-hidden rounded-full\">\n<h1 class=\"relative p-1 rounded-sm flex items-center justify-center bg-token-main-surface-primary text-token-text-primary h-8 w-8\">Bangking 35000 Puffs Vape Descart\u00e1vel Sabor Duplo Pre\u00e7o Barato Atacado<\/h1>\n<\/div>\n<\/div>\n<\/div>\n<\/div>\n<\/div>\n<\/div>\n<\/div>\n<div class=\"group\/conversation-turn relative flex w-full min-w-0 flex-col agent-turn\">\n<div class=\"flex-col gap-1 md:gap-3\">\n<div class=\"flex max-w-full flex-col flex-grow\">\n<div class=\"min-h-8 text-message flex w-full flex-col items-end gap-2 whitespace-normal break-words text-start [.text-message+&amp;]:mt-5\" dir=\"auto\" data-message-author-role=\"assistant\" data-message-id=\"80ece0c4-ead1-4ed9-a9f0-ddc22582b4f4\" data-message-model-slug=\"gpt-4o\">\n<p>Procurando um vape que acompanhe o seu estilo de vida? Diga ol\u00e1 ao <strong>Bangking 35000 Puffs Duplo Sabor Vape Dispositivo Descart\u00e1vel<\/strong>\u2014uma inova\u00e7\u00e3o no mundo dos vapes descart\u00e1veis! Este dispositivo est\u00e1 aqui para lhe oferecer <strong>puffs enormes<\/strong>, <strong>dois sabores incr\u00edveis em um s\u00f3<\/strong>e <strong>n\u00edveis de nicotina personaliz\u00e1veis<\/strong>. Tudo a um pre\u00e7o que n\u00e3o vai pesar no seu or\u00e7amento!<\/p>\n<h2><strong>Por que escolher o Bangking 35000 Puffs?<\/strong><\/h2>\n<ul>\n<li><strong>Duplo Sabor, Duplo Divers\u00e3o<\/strong><br \/>\nCansado de ficar preso a apenas um sabor? Com <strong>tecnologia de sabor 2-em-1<\/strong>, pode alternar entre duas op\u00e7\u00f5es irresist\u00edveis num \u00fanico dispositivo. \u00c9 como ter dois vapes no seu bolso!<\/li>\n<li><strong>Contagem de Puffs Inigual\u00e1vel<\/strong><br \/>\nCom <strong>35.000 baforadas<\/strong>, este vape foi feito para durar. N\u00e3o \u00e9 apenas uma grande quantidade de puffs\u2014\u00e9 um verdadeiro valor!<\/li>\n<li><strong>Conveni\u00eancia Recarreg\u00e1vel<\/strong><br \/>\nUm <strong>bateria de 650mAh<\/strong> e <strong>porta de carregamento Tipo-C<\/strong> embutido<\/li>\n<li><strong>significa que nunca ficar\u00e1 sem energia. Carregue-o rapidamente e continue a vaporizar!<\/strong><br \/>\nNicotine ao seu jeito <strong>Quer goste de forte ou prefira um toque mais suave, o Bangking oferece<\/strong>. Tudo depende da sua escolha.<\/li>\n<li><strong>Sabores que Explodem<\/strong><br \/>\nDe fus\u00f5es frutadas a rajadas refrescantes de hortel\u00e3, h\u00e1 <strong>12 sabores incr\u00edveis<\/strong> para explorar. Nada de op\u00e7\u00f5es aborrecidas aqui!<\/li>\n<\/ul>\n<\/div>\n<\/div>\n<\/div>\n<\/div>\n<div class=\"flex-shrink-0 flex flex-col relative items-end\">\n<div class=\"pt-0\">\n<div class=\"gizmo-bot-avatar flex h-8 w-8 items-center justify-center overflow-hidden rounded-full\">\n<p>&nbsp;<\/p>\n<\/div>\n<\/div>\n<\/div>\n<\/div>\n<\/div>\n<p><strong>Contacte a Amy para obter a resposta certa e cup\u00e3o de vape!<\/strong><\/p>\n<p><img loading=\"lazy\" decoding=\"async\" class=\"size-full wp-image-1978\" src=\"https:\/\/rmvapesale.com\/wp-content\/uploads\/2024\/09\/Disposable-Vape-Wholesale.jpg\" alt=\"Venda por grosso de vapes descart\u00e1veis\" width=\"229\" height=\"300\" \/><\/p>\n<h3><a href=\"https:\/\/wa.me\/8617776015835\" target=\"_blank\" rel=\"noopener\"><span style=\"color: #ff0000\"><strong>WhatsApp: +86 17776015835<\/strong><\/span><\/a><\/h3>\n<p>&nbsp;<\/p>\n<h3><strong style=\"font-size: 1.7em\">Bangking 35000 Puffs Caracter\u00edsticas Principais do Produto<\/strong><\/h3>\n<ul>\n<li><strong>Design de Sabor 2-em-1:<\/strong> Desfrute de sabores duplos num s\u00f3 dispositivo.<\/li>\n<li><strong>35.000 Vapores:<\/strong> Vapes que duram e duram!<\/li>\n<li><strong>N\u00edveis de Nicotina Personalizados:<\/strong> Escolha entre 0%, 2% ou 5%.<\/li>\n<li><strong>Bateria Recarreg\u00e1vel:<\/strong> Carregamento Type-C para m\u00e1xima conveni\u00eancia.<\/li>\n<li><strong>Pre\u00e7o de Atacado Acess\u00edvel:<\/strong> \u00d3ptimo para uso pessoal ou compras em grande quantidade.<\/li>\n<\/ul>\n<h3><strong style=\"font-size: 1.7em\">Sabor mais vendido para Bangking 35000 Puffs<\/strong><strong style=\"font-size: 1.7em\">\u00a0Vaporizador<\/strong><\/h3>\n<p>O <strong>Vape Descart\u00e1vel de Sabor Duplo Bangking 35000 Puffs<\/strong> oferece uma gama ousada e emocionante de combina\u00e7\u00f5es de sabores, permitindo desfrutar de dois sabores incr\u00edveis num s\u00f3 dispositivo. Desde favoritos frutados at\u00e9 misturas geladas, h\u00e1 algo para todos! <strong>O que Torna Estes Sabores Especiais? <\/strong><strong>Dobra a Divers\u00e3o<\/strong>: Desfrute de dois sabores distintos num \u00fanico dispositivo. <strong>Sabor Quente e Mais Vendido<\/strong>: Combos como <strong>Cherry Bomb + Grape Ice<\/strong> e <strong>Red Bull + P\u00eassego Frutos Vermelhos<\/strong> s\u00e3o favoritos dos f\u00e3s por uma raz\u00e3o!<\/p>\n<p>1.Blue Razz Ice + P\u00eassego Juicy Ice<br \/>\n2.Morango Melancia + Melancia Ice <span style=\"color: #ff0000\"><strong>&gt;&gt;&gt;&gt; Quente!<\/strong><\/span><br \/>\n3.Morango Banana + Duplo Ma\u00e7\u00e3<br \/>\n4.Tr\u00eas Frutas Silvestres Ice + Fruta Tropical<br \/>\n5.Cherry Bomb + Grape Ice<span style=\"color: #ff0000\"><strong>&gt;&gt;&gt;&gt; Quente!<\/strong><\/span><br \/>\n6.P\u00eassego Manga + Morango Manga<br \/>\n7.Manga Lima + Hortel\u00e3 Refrescante<br \/>\n8.Cereja Pop + Sr. Azul<br \/>\n9.Drag\u00e3o Negro Gelo + Morango Kiwi<br \/>\n10.Red Bull + P\u00eassego Framboesa <span style=\"color: #ff0000\"><strong>&gt;&gt;&gt;&gt; O Melhor!<\/strong><\/span><br \/>\n11.Lim\u00e3o Rosa + Sr. Azul<br \/>\n12.Kiwi Fruta da Paix\u00e3o Guava + Cereja Azul Lim\u00e3o<\/p>\n<p>&nbsp;<\/p>\n<h3><strong>Por que escolher a Rmvapesale para Bangking 35000 Puffs Puff\u00a0 <\/strong><strong>V<\/strong><strong>Venda por grosso de vapes<\/strong><strong>?<\/strong><\/h3>\n<div class=\"flex-shrink-0 flex flex-col relative items-end\">\n<div class=\"pt-0\">\n<div class=\"gizmo-bot-avatar flex h-8 w-8 items-center justify-center overflow-hidden rounded-full\">\n<p>\u00c0 medida que a competi\u00e7\u00e3o no mercado de cigarros eletr\u00f4nicos descart\u00e1veis se intensifica, a Rmvapesale, l\u00edder global em solu\u00e7\u00f5es de vape descart\u00e1vel por atacado, lan\u00e7ou o Bang Box 30000 30k Puffs de Duplo Sabor Recarreg\u00e1vel. Este produto inovador chama aten\u00e7\u00e3o com seu design est\u00e9tico e de moda \u00fanicos. Com uma vasta gama de op\u00e7\u00f5es de sabores frutados, atende a um amplo espectro de gostos dos consumidores, destacando-se pela inova\u00e7\u00e3o e versatilidade.<\/p>\n<p class=\"relative p-1 rounded-sm flex items-center justify-center bg-token-main-surface-primary text-token-text-primary h-8 w-8\">A Rmvapesale \u00e9 a sua loja de vape de confian\u00e7a para vapes descart\u00e1veis premium. Com mais de 5 anos de experi\u00eancia, trazemos-lhe marcas populares de vape descart\u00e1veis, como Al Fakher, JNR Vape, Vapsolo Vape, Vapme Vape, <a href=\"https:\/\/rmvapesale.com\/pt\/product-category\/bang-vapes\/\">Bang Vape<\/a>, Waspe Vape, WGA Vape e<a href=\"https:\/\/rmvapesale.com\/pt\/product-category\/randm-fumot-vape\/\"> RandM Vape<\/a>.A nossa gama inclui vape descart\u00e1vel de venda quente como o <a href=\"https:\/\/rmvapesale.com\/pt\/product\/aivono-aim-flash-35000-puffs-curved-smart-screen-disposable-vape-wholesale\/\">AIVONO Flash 35000 Puffs<\/a> e op\u00e7\u00f5es ricas em sabor como o<a href=\"https:\/\/rmvapesale.com\/pt\/product\/crystal-vape-uwin-shisha-hookah-20k-20000-puffs-wholesale-best-price\/\"> UWIN Shisha Hoohak 20000<\/a>. Cada produto \u00e9 escolhido com foco na qualidade, valor e variedade, garantindo que encontre a combina\u00e7\u00e3o perfeita para as suas necessidades. Descubra um servi\u00e7o excecional e uma vasta gama de produtos de topo na Rmvapesale.<\/p>\n<p>&nbsp;<\/p>\n<p class=\"relative p-1 rounded-sm flex items-center justify-center bg-token-main-surface-primary text-token-text-primary h-8 w-8\"><b style=\"font-size: 1.5em;font-style: inherit\">Perguntas Frequentes Sobre Bangking 35000 Puffs <\/b><b style=\"font-size: 1.5em;font-style: inherit\">Vape Descart\u00e1vel Recarreg\u00e1vel<\/b><\/p>\n<ol>\n<li><strong>Pode levar vapes descart\u00e1veis num avi\u00e3o?<\/strong><br \/>\nSim! Embale o seu vape na sua bagagem de m\u00e3o. S\u00f3 precisa de verificar as regras da companhia a\u00e9rea.<\/li>\n<li><strong>Como trocar entre sabores?<\/strong><br \/>\nH\u00e1 um interruptor simples no dispositivo\u2014basta flipar, e pronto, novo sabor!<\/li>\n<li><strong>Como saber quando o vape Bang King 35000 est\u00e1 vazio?<\/strong><br \/>\nPerceber\u00e1 menos vapor ou sabor. Se um cartucho acabar, troque para o segundo sabor!<\/li>\n<li><strong>Como carregar o Bang King 35K?<\/strong><br \/>\nUse o cabo inclu\u00eddo <strong>Type-C<\/strong> para recarregar a bateria de 650mAh. \u00c9 r\u00e1pido e f\u00e1cil!<\/li>\n<li><strong>Onde comprar vapes descart\u00e1veis a pre\u00e7os grossistas baratos?<\/strong><br \/>\nAdquira o seu na loja local ou visite Rmvapesale<strong>\u00a0loja de vapes online<\/strong> pelos melhores pre\u00e7os por atacado.<\/li>\n<li><strong>Quais n\u00edveis de nicotina est\u00e3o dispon\u00edveis para Bang King 35000 Puff?<\/strong><br \/>\nEscolha a sua intensidade preferida\u2014<strong>0%, 2% ou 5%<\/strong>\u2014 quando comprar o seu dispositivo.<\/li>\n<\/ol>\n<\/div>\n<\/div>\n<\/div>\n<h3>Sobre o Envio<\/h3>\n<div class=\"flex-shrink-0 flex flex-col relative items-end\">\n<div>\n<div class=\"pt-0\">\n<div class=\"gizmo-bot-avatar flex h-8 w-8 items-center justify-center overflow-hidden rounded-full\">\n<div><\/div>\n<div class=\"relative p-1 rounded-sm flex items-center justify-center bg-token-main-surface-primary text-token-text-primary h-8 w-8\"><strong>1. Que m\u00e9todos de envio s\u00e3o usados?<\/strong><\/div>\n<\/div>\n<\/div>\n<\/div>\n<\/div>\n<div class=\"group\/conversation-turn relative flex w-full min-w-0 flex-col agent-turn\">\n<div class=\"flex-col gap-1 md:gap-3\">\n<div class=\"flex max-w-full flex-col flex-grow\">\n<div class=\"min-h-[20px] text-message flex w-full flex-col items-end gap-2 whitespace-normal break-words [.text-message+&amp;]:mt-5 overflow-x-auto\" dir=\"auto\" data-message-author-role=\"assistant\" data-message-id=\"22f8283b-3233-46ff-89a5-c7a41b33abda\">\n<div class=\"flex w-full flex-col gap-1 empty:hidden first:pt-[3px]\">\n<div class=\"markdown prose w-full break-words dark:prose-invert light\">\n<p>Fazemos parceria com a UPS, DHL, FedEx, DPD e outras transportadoras l\u00edderes. Selecionaremos o melhor m\u00e9todo de envio com base na sua localiza\u00e7\u00e3o de entrega para garantir que receba os seus produtos o mais r\u00e1pido poss\u00edvel.<\/p>\n<\/div>\n<p><strong>2. Quanto tempo demora a chegar?<\/strong><\/p>\n<p>As encomendas enviadas para Portugal geralmente chegam dentro de 10 dias \u00fateis. O envio para pa\u00edses europeus demora geralmente cerca de 12-15 dias \u00fateis. Forneceremos atualiza\u00e7\u00f5es em tempo real sobre o estado do seu envio.<\/p>\n<\/div>\n<\/div>\n<\/div>\n<\/div>\n<\/div>\n<p>&nbsp;<\/p>\n<p>Encontre mais produtos de vape que talvez goste:<strong><em><a href=\"https:\/\/rmvapesale.com\/pt\/shop-2\/\">comprar agora &gt;&gt;&gt;<\/a><\/em><\/strong><\/p>","protected":false},"excerpt":{"rendered":"<p>\u00daltimo Bang King 35K Puffs Vape Recarreg\u00e1vel Descart\u00e1vel<br \/>\nBang King 35000 Sabores Duplos Vape Descart\u00e1vel Compra em Grande Quantidade<br \/>\nBang King 35000 Puffs Tela Inteligente Vape Descart\u00e1vel Atacado<\/p>\n<p><strong>Contacte a Amy para obter a resposta certa e cup\u00e3o de vape!<\/strong><\/p>\n<p><img loading=\"lazy\" decoding=\"async\" class=\"size-full wp-image-2375\" src=\"https:\/\/rmvapesale.com\/wp-content\/uploads\/2024\/10\/image.png\" alt=\"Melhor Vape Descart\u00e1vel\" width=\"229\" height=\"300\" \/><\/p>\n<h3><a href=\"https:\/\/wa.me\/8617776015835\"><span style=\"color: #ff0000\"><strong>WhatsApp: +86 17776015835<\/strong><\/span><\/a><\/h3>\n<p>&nbsp;<\/p>","protected":false},"featured_media":2952,"comment_status":"open","ping_status":"closed","template":"","meta":{"_uag_custom_page_level_css":"","_lmt_disableupdate":"no","_lmt_disable":"","site-sidebar-layout":"default","site-content-layout":"content-boxed-container","ast-site-content-layout":"normal-width-container","site-content-style":"boxed","site-sidebar-style":"unboxed","ast-global-header-display":"","ast-banner-title-visibility":"","ast-main-header-display":"","ast-hfb-above-header-display":"","ast-hfb-below-header-display":"","ast-hfb-mobile-header-display":"","site-post-title":"","ast-breadcrumbs-content":"","ast-featured-img":"","footer-sml-layout":"","theme-transparent-header-meta":"default","adv-header-id-meta":"","stick-header-meta":"","header-above-stick-meta":"","header-main-stick-meta":"","header-below-stick-meta":"","astra-migrate-meta-layouts":"set","ast-page-background-enabled":"default","ast-page-background-meta":{"desktop":{"background-color":"var(--ast-global-color-4)","background-image":"","background-repeat":"repeat","background-position":"center center","background-size":"auto","background-attachment":"scroll","background-type":"","background-media":"","overlay-type":"","overlay-color":"","overlay-opacity":"","overlay-gradient":""},"tablet":{"background-color":"","background-image":"","background-repeat":"repeat","background-position":"center center","background-size":"auto","background-attachment":"scroll","background-type":"","background-media":"","overlay-type":"","overlay-color":"","overlay-opacity":"","overlay-gradient":""},"mobile":{"background-color":"","background-image":"","background-repeat":"repeat","background-position":"center center","background-size":"auto","background-attachment":"scroll","background-type":"","background-media":"","overlay-type":"","overlay-color":"","overlay-opacity":"","overlay-gradient":""}},"ast-content-background-meta":{"desktop":{"background-color":"var(--ast-global-color-5)","background-image":"","background-repeat":"repeat","background-position":"center center","background-size":"auto","background-attachment":"scroll","background-type":"","background-media":"","overlay-type":"","overlay-color":"","overlay-opacity":"","overlay-gradient":""},"tablet":{"background-color":"var(--ast-global-color-5)","background-image":"","background-repeat":"repeat","background-position":"center center","background-size":"auto","background-attachment":"scroll","background-type":"","background-media":"","overlay-type":"","overlay-color":"","overlay-opacity":"","overlay-gradient":""},"mobile":{"background-color":"var(--ast-global-color-5)","background-image":"","background-repeat":"repeat","background-position":"center center","background-size":"auto","background-attachment":"scroll","background-type":"","background-media":"","overlay-type":"","overlay-color":"","overlay-opacity":"","overlay-gradient":""}},"_joinchat":[]},"product_brand":[],"product_cat":[15,246,25,123,26,28,135,27,60,137,136,30],"product_tag":[199,270,146,222,64,40,111],"class_list":{"0":"post-2955","1":"product","2":"type-product","3":"status-publish","4":"has-post-thumbnail","6":"product_cat-new-vape-this-week","7":"product_cat-35000-puffs-disposable-vape","8":"product_cat-germany-best-selling-vape","9":"product_cat-italy-wholesale-vape","10":"product_cat-netherlands-hot-sale-vape","11":"product_cat-poland-hot-sale-vape","12":"product_cat-spain-best-hot-sale-vape","13":"product_cat-fance-hot-sale-vape","14":"product_cat-bang-vapes","15":"product_cat-rechargeable-vapes","16":"product_cat-smart-screen-vapes","17":"product_cat-minimum-order-quantity-50pcs","18":"product_tag-bang-vape","19":"product_tag-bangking-35000-puffs","20":"product_tag-best-hot-sale-vape","21":"product_tag-double-flavor-vape","22":"product_tag-dual-flavour-vape","23":"product_tag-hot-sale-vape","24":"product_tag-low-nicotine-disposable-vape","25":"desktop-align-left","26":"tablet-align-left","27":"mobile-align-left","29":"first","30":"instock","31":"sale","32":"shipping-taxable","33":"purchasable","34":"product-type-simple"},"uagb_featured_image_src":{"full":["https:\/\/rmvapesale.com\/wp-content\/uploads\/2025\/01\/Bang-Swich-Duo-Disposable-Vape-36000.webp",800,800,false],"thumbnail":["https:\/\/rmvapesale.com\/wp-content\/uploads\/2025\/01\/Bang-Swich-Duo-Disposable-Vape-36000-150x150.webp",150,150,true],"medium":["https:\/\/rmvapesale.com\/wp-content\/uploads\/2025\/01\/Bang-Swich-Duo-Disposable-Vape-36000-300x300.webp",300,300,true],"medium_large":["https:\/\/rmvapesale.com\/wp-content\/uploads\/2025\/01\/Bang-Swich-Duo-Disposable-Vape-36000-768x768.webp",768,768,true],"large":["https:\/\/rmvapesale.com\/wp-content\/uploads\/2025\/01\/Bang-Swich-Duo-Disposable-Vape-36000.webp",800,800,false],"1536x1536":["https:\/\/rmvapesale.com\/wp-content\/uploads\/2025\/01\/Bang-Swich-Duo-Disposable-Vape-36000.webp",800,800,false],"2048x2048":["https:\/\/rmvapesale.com\/wp-content\/uploads\/2025\/01\/Bang-Swich-Duo-Disposable-Vape-36000.webp",800,800,false],"trp-custom-language-flag":["https:\/\/rmvapesale.com\/wp-content\/uploads\/2025\/01\/Bang-Swich-Duo-Disposable-Vape-36000.webp",12,12,false],"woocommerce_thumbnail":["https:\/\/rmvapesale.com\/wp-content\/uploads\/2025\/01\/Bang-Swich-Duo-Disposable-Vape-36000-300x300.webp",300,300,true],"woocommerce_single":["https:\/\/rmvapesale.com\/wp-content\/uploads\/2025\/01\/Bang-Swich-Duo-Disposable-Vape-36000-600x600.webp",600,600,true],"woocommerce_gallery_thumbnail":["https:\/\/rmvapesale.com\/wp-content\/uploads\/2025\/01\/Bang-Swich-Duo-Disposable-Vape-36000-100x100.webp",100,100,true],"wcpr-photo-reviews":["https:\/\/rmvapesale.com\/wp-content\/uploads\/2025\/01\/Bang-Swich-Duo-Disposable-Vape-36000.webp",500,500,false]},"uagb_author_info":{"display_name":"AMY","author_link":"https:\/\/rmvapesale.com\/pt\/author\/"},"uagb_comment_info":0,"uagb_excerpt":"Latest Bang King 35K Puff Rechargeable Disposable Vape Bang King 35000 Dual Flavors Disposable Vape Bulk Buy Bang King 35000 Puffs Smart Screen Wholesale Disposable Contact Amy to get right reply and vape coupon! WhatsApp: +86 17776015835 &nbsp;","_links":{"self":[{"href":"https:\/\/rmvapesale.com\/pt\/wp-json\/wp\/v2\/product\/2955","targetHints":{"allow":["GET"]}}],"collection":[{"href":"https:\/\/rmvapesale.com\/pt\/wp-json\/wp\/v2\/product"}],"about":[{"href":"https:\/\/rmvapesale.com\/pt\/wp-json\/wp\/v2\/types\/product"}],"replies":[{"embeddable":true,"href":"https:\/\/rmvapesale.com\/pt\/wp-json\/wp\/v2\/comments?post=2955"}],"wp:featuredmedia":[{"embeddable":true,"href":"https:\/\/rmvapesale.com\/pt\/wp-json\/wp\/v2\/media\/2952"}],"wp:attachment":[{"href":"https:\/\/rmvapesale.com\/pt\/wp-json\/wp\/v2\/media?parent=2955"}],"wp:term":[{"taxonomy":"product_brand","embeddable":true,"href":"https:\/\/rmvapesale.com\/pt\/wp-json\/wp\/v2\/product_brand?post=2955"},{"taxonomy":"product_cat","embeddable":true,"href":"https:\/\/rmvapesale.com\/pt\/wp-json\/wp\/v2\/product_cat?post=2955"},{"taxonomy":"product_tag","embeddable":true,"href":"https:\/\/rmvapesale.com\/pt\/wp-json\/wp\/v2\/product_tag?post=2955"}],"curies":[{"name":"wp","href":"https:\/\/api.w.org\/{rel}","templated":true}]}}