{"id":3011,"date":"2025-01-26T03:15:11","date_gmt":"2025-01-26T03:15:11","guid":{"rendered":"https:\/\/rmvapesale.com\/?post_type=product&#038;p=3011"},"modified":"2025-01-23T03:29:52","modified_gmt":"2025-01-23T03:29:52","slug":"vapsolo-dg-18000-puffs-smart-screen-puff-18k-disposable-vape-wholesale-electronic-cigarette-discount-price","status":"publish","type":"product","link":"https:\/\/rmvapesale.com\/pt\/product\/vapsolo-dg-18000-puffs-smart-screen-puff-18k-disposable-vape-wholesale-electronic-cigarette-discount-price\/","title":{"rendered":"Vapsolo DG 18000 Puffs Ecr\u00e3 Inteligente Puff 18k Vape Descart\u00e1vel Pre\u00e7o de Desconto de Cigarro Eletr\u00f3nico Atacado"},"content":{"rendered":"<div class=\"B2VR9 CJHX3e\">\n<div class=\"wyccme\">\n<div class=\"flex-shrink-0 flex flex-col relative items-end\">\n<div class=\"pt-0\">\n<div class=\"gizmo-bot-avatar flex h-8 w-8 items-center justify-center overflow-hidden rounded-full\">\n<div class=\"relative p-1 rounded-sm flex items-center justify-center bg-token-main-surface-primary text-token-text-primary h-8 w-8\">\n<div class=\"flex-shrink-0 flex flex-col relative items-end\">\n<div class=\"pt-0\">\n<div class=\"gizmo-bot-avatar flex h-8 w-8 items-center justify-center overflow-hidden rounded-full\">\n<h1 class=\"relative p-1 rounded-sm flex items-center justify-center bg-token-main-surface-primary text-token-text-primary h-8 w-8\">Vapsolo DG 18000 Puffs Ecr\u00e3 Inteligente Puff 18k Vape Descart\u00e1vel Pre\u00e7o de Desconto de Cigarro Eletr\u00f3nico Atacado<\/h1>\n<\/div>\n<\/div>\n<\/div>\n<\/div>\n<\/div>\n<\/div>\n<\/div>\n<div class=\"group\/conversation-turn relative flex w-full min-w-0 flex-col agent-turn\">\n<div class=\"flex-col gap-1 md:gap-3\">\n<div class=\"flex max-w-full flex-col flex-grow\">\n<div class=\"min-h-8 text-message flex w-full flex-col items-end gap-2 whitespace-normal break-words text-start [.text-message+&amp;]:mt-5\" dir=\"auto\" data-message-author-role=\"assistant\" data-message-id=\"80ece0c4-ead1-4ed9-a9f0-ddc22582b4f4\" data-message-model-slug=\"gpt-4o\">\n<p>\u00c0 procura de um <strong>vape descart\u00e1vel<\/strong> de alto desempenho com uma contagem de puffs impressionante e as funcionalidades mais recentes? O <strong>Vapsolo DG 18000 Puffs Vape Descart\u00e1vel com Ecr\u00e3 Inteligente<\/strong> \u00e9 a sua combina\u00e7\u00e3o perfeita! Projetado para vapers que desejam uma satisfa\u00e7\u00e3o duradoura, este dispositivo oferece uns <strong>impressionantes 18.000 puffs<\/strong>, <strong>fluxo de ar ajust\u00e1vel<\/strong>e um <strong>ecr\u00e3 inteligente<\/strong>de ponta, tudo a um pre\u00e7o <strong>pre\u00e7o grossista<\/strong>.<\/p>\n<p>Este vape possui um <strong>Modo Inteligente<\/strong> que ajusta automaticamente a pot\u00eancia e as configura\u00e7\u00f5es com base nos seus h\u00e1bitos de vaping, garantindo uma experi\u00eancia ideal sempre. Precisa de um impacto mais forte? Ative o <strong>Modo Boost<\/strong> para um impulso extra de intensidade e satisfa\u00e7\u00e3o.<\/p>\n<p>O <strong>controlo de fluxo de ar ajust\u00e1vel<\/strong> permite-lhe ajustar a sua experi\u00eancia de vaping, quer prefira um golpe intenso e apertado, quer uma passagem suave e arejada. Al\u00e9m disso, o <strong>ecr\u00e3 inteligente<\/strong> fornece informa\u00e7\u00f5es em tempo real sobre a dura\u00e7\u00e3o da bateria e a contagem de puffs, para que saiba sempre quando \u00e9 altura de recarregar.<\/p>\n<p>Equipado com uma <strong>bateria recarreg\u00e1vel de 650mAh<\/strong> e carregamento r\u00e1pido Type-C, pode desfrutar de vaping ininterrupto com carregamentos r\u00e1pidos e eficientes. Escolha entre <strong>teores de nicotina 2% ou 5%<\/strong>, atendendo tanto a vapers casuais como \u00e0queles que procuram um golpe de nicotina mais forte.<\/p>\n<p>Para compradores em grandes quantidades, o Vapsolo DG 18000 oferece um valor imbat\u00edvel com <strong>pre\u00e7os de atacado<\/strong>, tornando-o uma escolha ideal para retalhistas e distribuidores.<\/p>\n<\/div>\n<\/div>\n<\/div>\n<\/div>\n<div class=\"flex-shrink-0 flex flex-col relative items-end\">\n<div class=\"pt-0\">\n<div class=\"gizmo-bot-avatar flex h-8 w-8 items-center justify-center overflow-hidden rounded-full\">\n<p>&nbsp;<\/p>\n<\/div>\n<\/div>\n<\/div>\n<\/div>\n<\/div>\n<p><strong>Contacte a Amy para obter a resposta certa e cup\u00e3o de vape!<\/strong><\/p>\n<p><img loading=\"lazy\" decoding=\"async\" class=\"size-full wp-image-1978\" src=\"https:\/\/rmvapesale.com\/wp-content\/uploads\/2024\/09\/Disposable-Vape-Wholesale.jpg\" alt=\"Venda por grosso de vapes descart\u00e1veis\" width=\"229\" height=\"300\" \/><\/p>\n<h3><a href=\"https:\/\/wa.me\/8617776015835\" target=\"_blank\" rel=\"noopener\"><span style=\"color: #ff0000\"><strong>WhatsApp: +86 17776015835<\/strong><\/span><\/a><\/h3>\n<p>&nbsp;<\/p>\n<h3><strong style=\"font-size: 1.7em\">Principais Caracter\u00edsticas do Produto Vapsolo DG 18000 Puffs<\/strong><\/h3>\n<p>\u2611 Nicotina: 2% 5%<br \/>\n\u2611 Modo Inteligente: 18000 Puffs<br \/>\nModo Boost: 9000 Puffs<br \/>\n\u2611 Capacidade: 28ml<br \/>\n\u2611 650mah Recarreg\u00e1vel<br \/>\n\u2611 Bobina de Malha de 0.90\u03a9<br \/>\n\u2611 Fluxo de Ar Ajust\u00e1vel<br \/>\n\u2611 Ecr\u00e3 Inteligente: capacidade da bateria\/ capacidade de e-l\u00edquido<br \/>\n\u2611 10 sabores dispon\u00edveis<\/p>\n<p>&nbsp;<\/p>\n<figure id=\"attachment_3007\" aria-describedby=\"caption-attachment-3007\" style=\"width: 300px\" class=\"wp-caption alignnone\"><img loading=\"lazy\" decoding=\"async\" class=\"size-medium wp-image-3007\" src=\"https:\/\/rmvapesale.com\/wp-content\/uploads\/2025\/01\/Vapsolo-DG-18000-Puffs-Disposable-Vape-Bulk-Buy-300x300.webp\" alt=\"Vapsolo DG 18000 Puffs Vape Descart\u00e1vel Compra a Granel\" width=\"300\" height=\"300\" srcset=\"https:\/\/rmvapesale.com\/wp-content\/uploads\/2025\/01\/Vapsolo-DG-18000-Puffs-Disposable-Vape-Bulk-Buy-300x300.webp 300w, https:\/\/rmvapesale.com\/wp-content\/uploads\/2025\/01\/Vapsolo-DG-18000-Puffs-Disposable-Vape-Bulk-Buy-150x150.webp 150w, https:\/\/rmvapesale.com\/wp-content\/uploads\/2025\/01\/Vapsolo-DG-18000-Puffs-Disposable-Vape-Bulk-Buy-768x768.webp 768w, https:\/\/rmvapesale.com\/wp-content\/uploads\/2025\/01\/Vapsolo-DG-18000-Puffs-Disposable-Vape-Bulk-Buy-600x600.webp 600w, https:\/\/rmvapesale.com\/wp-content\/uploads\/2025\/01\/Vapsolo-DG-18000-Puffs-Disposable-Vape-Bulk-Buy-100x100.webp 100w, https:\/\/rmvapesale.com\/wp-content\/uploads\/2025\/01\/Vapsolo-DG-18000-Puffs-Disposable-Vape-Bulk-Buy.webp 1000w\" sizes=\"auto, (max-width: 300px) 100vw, 300px\" \/><figcaption id=\"caption-attachment-3007\" class=\"wp-caption-text\">Vapsolo DG 18000 Puffs Vape Descart\u00e1vel Compra a Granel<\/figcaption><\/figure>\n<h3><strong style=\"font-size: 1.7em\">Sabor mais vendido para Vapsolo DG 18000 Puffs<\/strong><strong style=\"font-size: 1.7em\">\u00a0Vaporizador<\/strong><\/h3>\n<p>1. P\u00eassego Manga Anan\u00e1s <span style=\"color: #ff0000\"><strong>&gt;&gt;&gt; Quente!<\/strong><\/span><br \/>\n2. Maracuj\u00e1 Kiwi Gelo<br \/>\n3. Mirtilo Cereja Arando <span style=\"color: #ff0000\"><strong>&gt;&gt;&gt; Quente!<\/strong><\/span><br \/>\n4. Melancia Gelo<br \/>\n5. Morango Kiwi<br \/>\n6. Lima Lim\u00e3o<br \/>\n7. Morango Banana<br \/>\n8. Red Bull<br \/>\n9. Frutos Silvestres <span style=\"color: #ff0000\"><strong>&gt;&gt;&gt; O melhor!<\/strong><\/span><br \/>\n10. Prime Morango Melancia<\/p>\n<p>&nbsp;<\/p>\n<h3><strong>Por que escolher a Rmvapesale para Vapsolo DG 18000 Puffs <\/strong><strong>V<\/strong><strong>Venda por grosso de vapes<\/strong><strong>?<\/strong><\/h3>\n<div class=\"flex-shrink-0 flex flex-col relative items-end\">\n<div class=\"pt-0\">\n<div class=\"gizmo-bot-avatar flex h-8 w-8 items-center justify-center overflow-hidden rounded-full\">\n<p>\u00c0 medida que a concorr\u00eancia no mercado de cigarros eletr\u00f3nicos descart\u00e1veis se intensifica, a Rmvapesale, l\u00edder global em solu\u00e7\u00f5es de vape descart\u00e1veis por grosso, lan\u00e7ou o Vapsolo DG 18000 Puffs Disposable Vape. Este produto pioneiro chama a aten\u00e7\u00e3o com a sua est\u00e9tica \u00fanica e design moderno. Apresentando uma extensa variedade de op\u00e7\u00f5es de sabores frutados, atende a um amplo espectro de gostos de consumidores, enfatizando a inova\u00e7\u00e3o e a versatilidade.<\/p>\n<p class=\"relative p-1 rounded-sm flex items-center justify-center bg-token-main-surface-primary text-token-text-primary h-8 w-8\">A Rmvapesale \u00e9 a sua loja de vape de confian\u00e7a para vapes descart\u00e1veis premium. Com mais de 5 anos de experi\u00eancia, trazemos-lhe marcas populares de vape descart\u00e1veis, como Al Fakher, JNR Vape, Vapsolo Vape, Vapme Vape, <a href=\"https:\/\/rmvapesale.com\/pt\/product-category\/bang-vapes\/\">Bang Vape<\/a>, Waspe Vape, WGA Vape e<a href=\"https:\/\/rmvapesale.com\/pt\/product-category\/randm-fumot-vape\/\"> RandM Vape<\/a>.A nossa gama inclui vape descart\u00e1vel de venda quente como o <a href=\"https:\/\/rmvapesale.com\/pt\/product\/waspe-crystal-40000-puffs-double-flavor-led-display-disposable-vape-bulk-buy\/\">WASPE Crystal 40000 Puffs<\/a> e op\u00e7\u00f5es ricas em sabor como o<a href=\"https:\/\/rmvapesale.com\/pt\/product\/aivono-fatman-15000-puffs-vape-disposable-e-cigarettes-mtl\/\"> AIVONO Shisha Hoohak 15000<\/a>. Cada produto \u00e9 escolhido com foco na qualidade, valor e variedade, garantindo que encontre a combina\u00e7\u00e3o perfeita para as suas necessidades. Descubra um servi\u00e7o excecional e uma vasta gama de produtos de topo na Rmvapesale.<\/p>\n<p>&nbsp;<\/p>\n<p class=\"relative p-1 rounded-sm flex items-center justify-center bg-token-main-surface-primary text-token-text-primary h-8 w-8\"><b style=\"font-size: 1.5em;font-style: inherit\">FAQs para Vapsolo DG 18k Puffs <\/b><b style=\"font-size: 1.5em;font-style: inherit\">Vape Descart\u00e1vel Recarreg\u00e1vel<\/b><\/p>\n<ol>\n<li><strong>Onde posso comprar o Vapsolo DG 18000 Puffs Disposable Vape a pre\u00e7os de grosso?<\/strong>\n<ul>\n<li>Pode compr\u00e1-lo a pre\u00e7os de grosso em <a href=\"https:\/\/rmvapesale.com\/pt\/\" target=\"_new\" rel=\"noopener\">Rmvapesale<\/a>, oferecendo descontos por grosso e envio para todo o mundo.<\/li>\n<\/ul>\n<\/li>\n<li><strong>Como \u00e9 que o ecr\u00e3 inteligente ajuda?<\/strong>\n<ul>\n<li>O ecr\u00e3 mostra a percentagem da bateria em tempo real e a contagem de puffs, mantendo-o informado em todos os momentos.<\/li>\n<\/ul>\n<\/li>\n<li><strong>Posso ajustar o fluxo de ar no Vapsolo 18000 Puffs?<\/strong>\n<ul>\n<li>Sim, o fluxo de ar ajust\u00e1vel permite-lhe personalizar a sua experi\u00eancia de vaping de puxadas apertadas a suaves.<\/li>\n<\/ul>\n<\/li>\n<li><strong>Quais s\u00e3o os n\u00edveis de nicotina dispon\u00edveis?<\/strong>\n<ul>\n<li>Este dispositivo est\u00e1 dispon\u00edvel nas concentra\u00e7\u00f5es de nicotina 2% e 5% para satisfazer diferentes prefer\u00eancias.<\/li>\n<\/ul>\n<\/li>\n<li><strong>Quanto tempo dura a bateria de 650mAh?<\/strong>\n<ul>\n<li>A bateria recarreg\u00e1vel oferece longos tempos de utiliza\u00e7\u00e3o e pode ser rapidamente recarregada atrav\u00e9s de Type-C para sess\u00f5es de vaping prolongadas.<\/li>\n<\/ul>\n<\/li>\n<\/ol>\n<\/div>\n<\/div>\n<\/div>\n<h2>Como Encomendar?<\/h2>\n<div class=\"flex-shrink-0 flex flex-col relative items-end\">\n<div class=\"pt-0\">\n<div class=\"gizmo-bot-avatar flex h-8 w-8 items-center justify-center overflow-hidden rounded-full\">\n<div>\n<p><strong>1. Que m\u00e9todos de pagamento aceitam?<\/strong><br \/>\n<span class=\"selectable-text copyable-text false\">Para o pagamento, oferecemos transfer\u00eancia banc\u00e1ria e Western Union. A maioria dos nossos clientes da Europa escolhe transfer\u00eancia banc\u00e1ria, temos uma conta banc\u00e1ria local que pode pagar para a nossa conta IBAN sem taxa de manuseamento. <\/span>.<\/p>\n<p><strong>2. Como posso rastrear a minha encomenda?<\/strong><br \/>\nAp\u00f3s o envio da encomenda, <span class=\"selectable-text copyable-text false\">ofereceremos o n\u00famero de rastreamento para refer\u00eancia, tamb\u00e9m manteremos o status atualizado at\u00e9 que receba as cargas<\/span>.<\/p>\n<p><strong>3. Quanto tempo demora a chegar?<\/strong><\/p>\n<ul>\n<li>Envio de <strong>armaz\u00e9ns da China<\/strong> demora aproximadamente <strong>7-14 dias \u00fateis<\/strong>.<\/li>\n<li>Envio de <strong>armaz\u00e9ns europeus<\/strong> geralmente demora <strong>3-6 dias \u00fateis<\/strong>.<\/li>\n<\/ul>\n<p><strong>4. Como posso obter uma entrega mais r\u00e1pida?<\/strong><br \/>\nPara uma entrega mais r\u00e1pida, recomendamos encomendar no nosso <strong>armaz\u00e9m europeu<\/strong>, o que oferece prazos de envio mais r\u00e1pidos.<\/p>\n<p><strong>5. E se eu receber um produto danificado ou defeituoso?<\/strong><br \/>\nSe o seu artigo estiver danificado ou defeituoso, contacte o servi\u00e7o de apoio ao cliente para obter uma <strong>substitui\u00e7\u00e3o ou reembolso<\/strong>.<\/p>\n<p><strong>6. Como posso contactar o servi\u00e7o de apoio ao cliente?<\/strong><br \/>\nPode contactar-nos atrav\u00e9s do<strong>\u00a0WhatsApp ou chat ao vivo<\/strong> no nosso website para obter assist\u00eancia.<\/p>\n<\/div>\n<div class=\"relative p-1 rounded-sm flex items-center justify-center bg-token-main-surface-primary text-token-text-primary h-8 w-8\"><strong>7. Que m\u00e9todos de envio s\u00e3o utilizados?<\/strong><\/div>\n<\/div>\n<\/div>\n<\/div>\n<div class=\"group\/conversation-turn relative flex w-full min-w-0 flex-col agent-turn\">\n<div class=\"flex-col gap-1 md:gap-3\">\n<div class=\"flex max-w-full flex-col flex-grow\">\n<div class=\"min-h-[20px] text-message flex w-full flex-col items-end gap-2 whitespace-normal break-words [.text-message+&amp;]:mt-5 overflow-x-auto\" dir=\"auto\" data-message-author-role=\"assistant\" data-message-id=\"22f8283b-3233-46ff-89a5-c7a41b33abda\">\n<div class=\"flex w-full flex-col gap-1 empty:hidden first:pt-[3px]\">\n<div class=\"markdown prose w-full break-words dark:prose-invert light\">\n<p>Fazemos parceria com a UPS, DHL, FedEx, DPD e outras transportadoras l\u00edderes. Selecionaremos o melhor m\u00e9todo de envio com base na sua localiza\u00e7\u00e3o de entrega para garantir que receba os seus produtos o mais r\u00e1pido poss\u00edvel.<\/p>\n<\/div>\n<\/div>\n<\/div>\n<\/div>\n<\/div>\n<\/div>\n<p>Encontre mais produtos de vape que talvez goste:<strong><em><a href=\"https:\/\/rmvapesale.com\/pt\/shop-2\/\">comprar agora &gt;&gt;&gt;<\/a><\/em><\/strong><\/p>","protected":false},"excerpt":{"rendered":"<p>Vapsolo DG 18000 Puffs Vape Descart\u00e1vel Recarreg\u00e1vel com Sabor Duplo<br \/>\nVapsolo DG 18k Puff Vape Descart\u00e1vel Mais Vendido Compra a Granel<br \/>\nVapsolo DG 18000 Puffs Ecr\u00e3 Inteligente com Display LED Descart\u00e1vel por Grosso<\/p>\n<p><strong>Contacte a Amy para obter a resposta certa e cup\u00e3o de vape!<\/strong><\/p>\n<p><img loading=\"lazy\" decoding=\"async\" class=\"size-full wp-image-2375\" src=\"https:\/\/rmvapesale.com\/wp-content\/uploads\/2024\/10\/image.png\" alt=\"Melhor Vape Descart\u00e1vel\" width=\"229\" height=\"300\" \/><\/p>\n<h3><a href=\"https:\/\/wa.me\/8617776015835\"><span style=\"color: #ff0000\"><strong>WhatsApp: +86 17776015835<\/strong><\/span><\/a><\/h3>\n<p>&nbsp;<\/p>","protected":false},"featured_media":3006,"comment_status":"open","ping_status":"closed","template":"","meta":{"_uag_custom_page_level_css":"","_lmt_disableupdate":"no","_lmt_disable":"","site-sidebar-layout":"default","site-content-layout":"content-boxed-container","ast-site-content-layout":"normal-width-container","site-content-style":"boxed","site-sidebar-style":"unboxed","ast-global-header-display":"","ast-banner-title-visibility":"","ast-main-header-display":"","ast-hfb-above-header-display":"","ast-hfb-below-header-display":"","ast-hfb-mobile-header-display":"","site-post-title":"","ast-breadcrumbs-content":"","ast-featured-img":"","footer-sml-layout":"","theme-transparent-header-meta":"default","adv-header-id-meta":"","stick-header-meta":"","header-above-stick-meta":"","header-main-stick-meta":"","header-below-stick-meta":"","astra-migrate-meta-layouts":"set","ast-page-background-enabled":"default","ast-page-background-meta":{"desktop":{"background-color":"var(--ast-global-color-4)","background-image":"","background-repeat":"repeat","background-position":"center center","background-size":"auto","background-attachment":"scroll","background-type":"","background-media":"","overlay-type":"","overlay-color":"","overlay-opacity":"","overlay-gradient":""},"tablet":{"background-color":"","background-image":"","background-repeat":"repeat","background-position":"center center","background-size":"auto","background-attachment":"scroll","background-type":"","background-media":"","overlay-type":"","overlay-color":"","overlay-opacity":"","overlay-gradient":""},"mobile":{"background-color":"","background-image":"","background-repeat":"repeat","background-position":"center center","background-size":"auto","background-attachment":"scroll","background-type":"","background-media":"","overlay-type":"","overlay-color":"","overlay-opacity":"","overlay-gradient":""}},"ast-content-background-meta":{"desktop":{"background-color":"var(--ast-global-color-5)","background-image":"","background-repeat":"repeat","background-position":"center center","background-size":"auto","background-attachment":"scroll","background-type":"","background-media":"","overlay-type":"","overlay-color":"","overlay-opacity":"","overlay-gradient":""},"tablet":{"background-color":"var(--ast-global-color-5)","background-image":"","background-repeat":"repeat","background-position":"center center","background-size":"auto","background-attachment":"scroll","background-type":"","background-media":"","overlay-type":"","overlay-color":"","overlay-opacity":"","overlay-gradient":""},"mobile":{"background-color":"var(--ast-global-color-5)","background-image":"","background-repeat":"repeat","background-position":"center center","background-size":"auto","background-attachment":"scroll","background-type":"","background-media":"","overlay-type":"","overlay-color":"","overlay-opacity":"","overlay-gradient":""}},"_joinchat":[]},"product_brand":[],"product_cat":[15,289,290,291,292,298,293,295,299,275,25,123,26,28,135,27,137,136,30],"product_tag":[146,222,64,40,111,302,301],"class_list":{"0":"post-3011","1":"product","2":"type-product","3":"status-publish","4":"has-post-thumbnail","6":"product_cat-new-vape-this-week","7":"product_cat-big-puffs-disposable-vapes","8":"product_cat-crystal-disposable-vapes","9":"product_cat-dual-mesh-disposable-vapes","10":"product_cat-digital-disposable-vapes","11":"product_cat-double-flavor-disposable-vapes","12":"product_cat-low-nicotine-disposable-vapes","13":"product_cat-rechargeable-disposable-vapes","14":"product_cat-smart-screen-disposable-vapes","15":"product_cat-vapsolo-vape","16":"product_cat-germany-best-selling-vape","17":"product_cat-italy-wholesale-vape","18":"product_cat-netherlands-hot-sale-vape","19":"product_cat-poland-hot-sale-vape","20":"product_cat-spain-best-hot-sale-vape","21":"product_cat-fance-hot-sale-vape","22":"product_cat-rechargeable-vapes","23":"product_cat-smart-screen-vapes","24":"product_cat-minimum-order-quantity-50pcs","25":"product_tag-best-hot-sale-vape","26":"product_tag-double-flavor-vape","27":"product_tag-dual-flavour-vape","28":"product_tag-hot-sale-vape","29":"product_tag-low-nicotine-disposable-vape","30":"product_tag-vapsolo-dg-18000","31":"product_tag-vapsolo-vape","32":"desktop-align-left","33":"tablet-align-left","34":"mobile-align-left","36":"first","37":"instock","38":"sale","39":"shipping-taxable","40":"purchasable","41":"product-type-simple"},"uagb_featured_image_src":{"full":["https:\/\/rmvapesale.com\/wp-content\/uploads\/2025\/01\/Vapsolo-DG-18000-Puff-Disposable-Vape-Cheap-Price.webp",1000,1000,false],"thumbnail":["https:\/\/rmvapesale.com\/wp-content\/uploads\/2025\/01\/Vapsolo-DG-18000-Puff-Disposable-Vape-Cheap-Price-150x150.webp",150,150,true],"medium":["https:\/\/rmvapesale.com\/wp-content\/uploads\/2025\/01\/Vapsolo-DG-18000-Puff-Disposable-Vape-Cheap-Price-300x300.webp",300,300,true],"medium_large":["https:\/\/rmvapesale.com\/wp-content\/uploads\/2025\/01\/Vapsolo-DG-18000-Puff-Disposable-Vape-Cheap-Price-768x768.webp",768,768,true],"large":["https:\/\/rmvapesale.com\/wp-content\/uploads\/2025\/01\/Vapsolo-DG-18000-Puff-Disposable-Vape-Cheap-Price.webp",1000,1000,false],"1536x1536":["https:\/\/rmvapesale.com\/wp-content\/uploads\/2025\/01\/Vapsolo-DG-18000-Puff-Disposable-Vape-Cheap-Price.webp",1000,1000,false],"2048x2048":["https:\/\/rmvapesale.com\/wp-content\/uploads\/2025\/01\/Vapsolo-DG-18000-Puff-Disposable-Vape-Cheap-Price.webp",1000,1000,false],"trp-custom-language-flag":["https:\/\/rmvapesale.com\/wp-content\/uploads\/2025\/01\/Vapsolo-DG-18000-Puff-Disposable-Vape-Cheap-Price.webp",12,12,false],"woocommerce_thumbnail":["https:\/\/rmvapesale.com\/wp-content\/uploads\/2025\/01\/Vapsolo-DG-18000-Puff-Disposable-Vape-Cheap-Price-300x300.webp",300,300,true],"woocommerce_single":["https:\/\/rmvapesale.com\/wp-content\/uploads\/2025\/01\/Vapsolo-DG-18000-Puff-Disposable-Vape-Cheap-Price-600x600.webp",600,600,true],"woocommerce_gallery_thumbnail":["https:\/\/rmvapesale.com\/wp-content\/uploads\/2025\/01\/Vapsolo-DG-18000-Puff-Disposable-Vape-Cheap-Price-100x100.webp",100,100,true],"wcpr-photo-reviews":["https:\/\/rmvapesale.com\/wp-content\/uploads\/2025\/01\/Vapsolo-DG-18000-Puff-Disposable-Vape-Cheap-Price.webp",500,500,false]},"uagb_author_info":{"display_name":"AMY","author_link":"https:\/\/rmvapesale.com\/pt\/author\/"},"uagb_comment_info":0,"uagb_excerpt":"Vapsolo DG 18000 Puffs Twins Flavor Rechargeable Disposable Vape Vapsolo DG 18k Puff Hot Sale\u00a0Disposable Vape Bulk Buy Vapsolo DG 18000 Puffs LED Display\u00a0Smart Screen Wholesale Disposable Contact Amy to get right reply and vape coupon! WhatsApp: +86 17776015835 &nbsp;","_links":{"self":[{"href":"https:\/\/rmvapesale.com\/pt\/wp-json\/wp\/v2\/product\/3011","targetHints":{"allow":["GET"]}}],"collection":[{"href":"https:\/\/rmvapesale.com\/pt\/wp-json\/wp\/v2\/product"}],"about":[{"href":"https:\/\/rmvapesale.com\/pt\/wp-json\/wp\/v2\/types\/product"}],"replies":[{"embeddable":true,"href":"https:\/\/rmvapesale.com\/pt\/wp-json\/wp\/v2\/comments?post=3011"}],"wp:featuredmedia":[{"embeddable":true,"href":"https:\/\/rmvapesale.com\/pt\/wp-json\/wp\/v2\/media\/3006"}],"wp:attachment":[{"href":"https:\/\/rmvapesale.com\/pt\/wp-json\/wp\/v2\/media?parent=3011"}],"wp:term":[{"taxonomy":"product_brand","embeddable":true,"href":"https:\/\/rmvapesale.com\/pt\/wp-json\/wp\/v2\/product_brand?post=3011"},{"taxonomy":"product_cat","embeddable":true,"href":"https:\/\/rmvapesale.com\/pt\/wp-json\/wp\/v2\/product_cat?post=3011"},{"taxonomy":"product_tag","embeddable":true,"href":"https:\/\/rmvapesale.com\/pt\/wp-json\/wp\/v2\/product_tag?post=3011"}],"curies":[{"name":"wp","href":"https:\/\/api.w.org\/{rel}","templated":true}]}}