{"id":3013,"date":"2025-01-29T07:27:53","date_gmt":"2025-01-29T07:27:53","guid":{"rendered":"https:\/\/rmvapesale.com\/?post_type=product&#038;p=3013"},"modified":"2025-01-23T07:39:23","modified_gmt":"2025-01-23T07:39:23","slug":"bood-vape-30000-puff-bar-disposable-vape-wholesale-vape-pen-at-a-cheap-price","status":"publish","type":"product","link":"https:\/\/rmvapesale.com\/pt\/product\/bood-vape-30000-puff-bar-disposable-vape-wholesale-vape-pen-at-a-cheap-price\/","title":{"rendered":"Bood Vape 30000 Puff Bar Vape Descart\u00e1vel Caneta Vape Atacado a um Pre\u00e7o Barato"},"content":{"rendered":"<div class=\"B2VR9 CJHX3e\">\n<div class=\"wyccme\">\n<div class=\"flex-shrink-0 flex flex-col relative items-end\">\n<div class=\"pt-0\">\n<div class=\"gizmo-bot-avatar flex h-8 w-8 items-center justify-center overflow-hidden rounded-full\">\n<div class=\"relative p-1 rounded-sm flex items-center justify-center bg-token-main-surface-primary text-token-text-primary h-8 w-8\">\n<div class=\"flex-shrink-0 flex flex-col relative items-end\">\n<div class=\"pt-0\">\n<div class=\"gizmo-bot-avatar flex h-8 w-8 items-center justify-center overflow-hidden rounded-full\">\n<div class=\"flex-shrink-0 flex flex-col relative items-end\">\n<div class=\"pt-0\">\n<div class=\"gizmo-bot-avatar flex h-8 w-8 items-center justify-center overflow-hidden rounded-full\">\n<h1 class=\"relative p-1 rounded-sm flex items-center justify-center bg-token-main-surface-primary text-token-text-primary h-8 w-8\">Bood Vape 30000 Puff Bar Vape Descart\u00e1vel Caneta Vape Atacado a um Pre\u00e7o Barato<\/h1>\n<\/div>\n<\/div>\n<\/div>\n<\/div>\n<\/div>\n<\/div>\n<\/div>\n<\/div>\n<\/div>\n<\/div>\n<div class=\"group\/conversation-turn relative flex w-full min-w-0 flex-col agent-turn\">\n<div class=\"flex-col gap-1 md:gap-3\">\n<div class=\"flex max-w-full flex-col flex-grow\">\n<div class=\"min-h-8 text-message flex w-full flex-col items-end gap-2 whitespace-normal break-words text-start [.text-message+&amp;]:mt-5\" dir=\"auto\" data-message-author-role=\"assistant\" data-message-id=\"80ece0c4-ead1-4ed9-a9f0-ddc22582b4f4\" data-message-model-slug=\"gpt-4o\">\n<p>O <strong>Bood Vape 30000 Puff Bar Vape Descart\u00e1vel<\/strong> \u00e9 projetado para vaporizadores que exigem <strong>desempenho duradouro, fluxo de ar ajust\u00e1vel e tecnologia de exibi\u00e7\u00e3o inteligente<\/strong>, tudo a um <strong>pre\u00e7o de atacado acess\u00edvel<\/strong>. Com uma impressionante <strong>capacidade de 30.000 baforadas<\/strong>, este vape pen recarreg\u00e1vel \u00e9 perfeito para quem procura conveni\u00eancia sem sacrificar a qualidade.<\/p>\n<p>Recheado com <strong>20ml de l\u00edquido eletr\u00f3nico pr\u00e9-preenchido<\/strong>, o Bood Vape garante sess\u00f5es de vaping prolongadas sem necessidade de recargas constantes. Seu <strong>tecnologia de bobina de malha dupla<\/strong> entrega vapor suave e saboroso a cada baforada, enquanto a <strong>resist\u00eancia de bobina de 1.0\u03a9<\/strong> otimiza tanto a produ\u00e7\u00e3o de vapor quanto o sabor.<\/p>\n<p>O <strong>controlo de fluxo de ar ajust\u00e1vel<\/strong> permite personalizar sua experi\u00eancia\u2014seja voc\u00ea preferindo uma puxada apertada e intensa ou uma mais relaxada e arejada. Al\u00e9m disso, o <strong>ecr\u00e3 inteligente<\/strong> a tela fornece atualiza\u00e7\u00f5es em tempo real sobre a contagem de tragos e a dura\u00e7\u00e3o da bateria, mantendo-o informado ao longo da sua jornada de vaping.<\/p>\n<p>Alimentado por uma <strong>bateria recarreg\u00e1vel de 650mAh<\/strong>, o dispositivo apresenta uma <strong>Porta de carregamento r\u00e1pido Tipo-C<\/strong>, garantindo uma ativa\u00e7\u00e3o r\u00e1pida e eficiente quando necess\u00e1rio. Com <strong>tr\u00eas op\u00e7\u00f5es de intensidade de nicotina (0%, 2% e 5%)<\/strong>, este <strong>op\u00e7\u00f5es de vape descart\u00e1vel com baixo teor de nicotina<\/strong> atende a todas as prefer\u00eancias, desde sem nicotina at\u00e9 uma dose forte e satisfat\u00f3ria.<\/p>\n<p>Ideal para retalhistas e distribuidores, a <strong>Bood Vape 30000 Puff Bar<\/strong> est\u00e1 dispon\u00edvel a um pre\u00e7o imbat\u00edvel de <strong>vape descart\u00e1vel por atacado<\/strong>, tornando-se uma excelente op\u00e7\u00e3o de compra em grande quantidade. Escolha entre <strong>10 sabores emocionantes<\/strong>, oferecendo algo para todos.<\/p>\n<\/div>\n<\/div>\n<\/div>\n<\/div>\n<div class=\"flex-shrink-0 flex flex-col relative items-end\">\n<div class=\"pt-0\">\n<div class=\"gizmo-bot-avatar flex h-8 w-8 items-center justify-center overflow-hidden rounded-full\">\n<p>&nbsp;<\/p>\n<\/div>\n<\/div>\n<\/div>\n<\/div>\n<\/div>\n<p><strong>Contacte a Amy para obter a resposta certa e cup\u00e3o de vape!<\/strong><\/p>\n<p><img loading=\"lazy\" decoding=\"async\" class=\"size-full wp-image-1978\" src=\"https:\/\/rmvapesale.com\/wp-content\/uploads\/2024\/09\/Disposable-Vape-Wholesale.jpg\" alt=\"Venda por grosso de vapes descart\u00e1veis\" width=\"229\" height=\"300\" \/><\/p>\n<h3><a href=\"https:\/\/wa.me\/8617776015835\" target=\"_blank\" rel=\"noopener\"><span style=\"color: #ff0000\"><strong>WhatsApp: +86 17776015835<\/strong><\/span><\/a><\/h3>\n<h3><\/h3>\n<h3><strong style=\"font-size: 1.7em\">Principais Caracter\u00edsticas do Produto Bood Vape 30000 Puffs<\/strong><\/h3>\n<ul>\n<li><strong>Contagem de Puffs Impressionante:<\/strong> Desfrute de at\u00e9 30.000 tragos para uma satisfa\u00e7\u00e3o duradoura.<\/li>\n<li><strong>E-L\u00edquido Pr\u00e9-preenchido de 20ml:<\/strong> Garante uma experi\u00eancia de vaping prolongada sem necessidade de reabastecimento.<\/li>\n<li><strong>Bateria Recarreg\u00e1vel de 650mAh:<\/strong> Desempenho consistente com carregamento r\u00e1pido Type-C.<\/li>\n<li><strong>Fluxo de Ar Ajust\u00e1vel:<\/strong> Personalize o seu estilo de vaping com controlo de fluxo de ar preciso.<\/li>\n<li><strong>Ecr\u00e3 de Exibi\u00e7\u00e3o Inteligente:<\/strong> Monitorize a contagem de tragos e a dura\u00e7\u00e3o da bateria em tempo real.<\/li>\n<\/ul>\n<figure id=\"attachment_2978\" aria-describedby=\"caption-attachment-2978\" style=\"width: 1000px\" class=\"wp-caption alignnone\"><img loading=\"lazy\" decoding=\"async\" class=\"wp-image-2978 size-full\" src=\"https:\/\/rmvapesale.com\/wp-content\/uploads\/2025\/01\/BOOD-Infinity-30k-Vape-Price.webp\" alt=\"Pre\u00e7o do Vape Bood Infinity 30k\" width=\"1000\" height=\"1000\" srcset=\"https:\/\/rmvapesale.com\/wp-content\/uploads\/2025\/01\/BOOD-Infinity-30k-Vape-Price.webp 1000w, https:\/\/rmvapesale.com\/wp-content\/uploads\/2025\/01\/BOOD-Infinity-30k-Vape-Price-300x300.webp 300w, https:\/\/rmvapesale.com\/wp-content\/uploads\/2025\/01\/BOOD-Infinity-30k-Vape-Price-150x150.webp 150w, https:\/\/rmvapesale.com\/wp-content\/uploads\/2025\/01\/BOOD-Infinity-30k-Vape-Price-768x768.webp 768w, https:\/\/rmvapesale.com\/wp-content\/uploads\/2025\/01\/BOOD-Infinity-30k-Vape-Price-600x600.webp 600w, https:\/\/rmvapesale.com\/wp-content\/uploads\/2025\/01\/BOOD-Infinity-30k-Vape-Price-100x100.webp 100w\" sizes=\"auto, (max-width: 1000px) 100vw, 1000px\" \/><figcaption id=\"caption-attachment-2978\" class=\"wp-caption-text\">Pre\u00e7o do Vape Bood Infinity 30k<\/figcaption><\/figure>\n<h3><strong style=\"font-size: 1.7em\">Sabor mais vendido para Bood Vape 30000 Tragados<\/strong><strong style=\"font-size: 1.7em\"> Vaporizador<\/strong><\/h3>\n<p>O <strong>Bood Vape 30000 Puff Bar Vape Descart\u00e1vel<\/strong> combina desempenho impressionante, funcionalidades inteligentes e acessibilidade, tornando-o um dos <strong>vapes descart\u00e1veis mais populares<\/strong> dispon\u00edveis. Encomende hoje e experimente o vaping na sua melhor vers\u00e3o!<\/p>\n<p>1 MORANGO MELANCIA <span style=\"color: #ff0000\"><strong>&gt;&gt;&gt;&gt; Quente!<\/strong><\/span><br \/>\n2 P\u00caSSEGO MANGA ANAN\u00c1S<br \/>\n3 GELO LUSHO<br \/>\n4 EXPLOS\u00c3O DE FRUTAS <span style=\"color: #ff0000\"><strong>&gt;&gt;&gt;&gt; Quente!<\/strong><\/span><br \/>\n5 MORANGO KIWI<br \/>\n6 HAVA\u00cd<br \/>\n7 ICE BLUE RAZZ <span style=\"color: #ff0000\"><strong>&gt;&gt;&gt;&gt; O Melhor!<\/strong><\/span><br \/>\n8 LIMONADA DE MIRtilo<br \/>\n9 BLACK ICE<br \/>\n10 TIFFANY<\/p>\n<h3><strong>Por que escolher a Rmvapesale para Bood Vape 30000 Puff\u00a0 <\/strong><strong>V<\/strong><strong>Venda por grosso de vapes<\/strong><strong>?<\/strong><\/h3>\n<div class=\"flex-shrink-0 flex flex-col relative items-end\">\n<div class=\"pt-0\">\n<div class=\"gizmo-bot-avatar flex h-8 w-8 items-center justify-center overflow-hidden rounded-full\">\n<p>\u00c0 medida que a competi\u00e7\u00e3o no mercado de cigarros eletr\u00f3nicos descart\u00e1veis se intensifica, a Rmvapesale, l\u00edder global em solu\u00e7\u00f5es de vape descart\u00e1vel por atacado, lan\u00e7ou o Bood Vape 30000 Puff Bar. Este produto inovador chama a aten\u00e7\u00e3o com a sua est\u00e9tica \u00fanica e design de moda. Com uma vasta gama de sabores frutados, atende a um amplo espectro de gostos dos consumidores, destacando-se pela inova\u00e7\u00e3o e versatilidade.<\/p>\n<p class=\"relative p-1 rounded-sm flex items-center justify-center bg-token-main-surface-primary text-token-text-primary h-8 w-8\">A Rmvapesale \u00e9 a sua loja de vape de confian\u00e7a para vapes descart\u00e1veis premium. Com mais de 5 anos de experi\u00eancia, trazemos-lhe marcas populares de vape descart\u00e1veis, como Al Fakher, JNR Vape, Vapsolo Vape, Vapme Vape, <a href=\"https:\/\/rmvapesale.com\/pt\/product-category\/bang-vapes\/\">Bang Vape<\/a>, Waspe Vape, WGA Vape e<a href=\"https:\/\/rmvapesale.com\/pt\/product-category\/randm-fumot-vape\/\"> RandM Vape<\/a>.A nossa gama inclui vape descart\u00e1vel de venda quente como o <a href=\"https:\/\/rmvapesale.com\/pt\/product\/waspe-crystal-40000-puffs-double-flavor-led-display-disposable-vape-bulk-buy\/\">WASPE Crystal 40000 Puffs<\/a> e op\u00e7\u00f5es ricas em sabor como o<a href=\"https:\/\/rmvapesale.com\/pt\/product\/aivono-fatman-15000-puffs-vape-disposable-e-cigarettes-mtl\/\"> AIVONO Shisha Hoohak 15000<\/a>. Cada produto \u00e9 escolhido com foco na qualidade, valor e variedade, garantindo que encontre a combina\u00e7\u00e3o perfeita para as suas necessidades. Descubra um servi\u00e7o excecional e uma vasta gama de produtos de topo na Rmvapesale.<\/p>\n<p class=\"relative p-1 rounded-sm flex items-center justify-center bg-token-main-surface-primary text-token-text-primary h-8 w-8\"><b style=\"font-size: 1.5em;font-style: inherit\">PERGUNTAS FREQUENTES SOBRE Bood Vape 30000 <\/b><b style=\"font-size: 1.5em;font-style: inherit\">Vape Descart\u00e1vel Recarreg\u00e1vel<\/b><\/p>\n<ol>\n<li><strong>Onde posso comprar o Bood Vape 30000 Puff Bar a pre\u00e7os de atacado?<\/strong>\n<ul>\n<li>Pode adquiri-lo ao melhor pre\u00e7o de atacado em <a href=\"https:\/\/rmvapesale.com\/pt\/\" target=\"_new\" rel=\"noopener\">Rmvapesale<\/a>, oferecendo \u00f3ticos descontos por volume.<\/li>\n<\/ul>\n<\/li>\n<li><strong>Quais n\u00edveis de nicotina est\u00e3o dispon\u00edveis no Bood Vape 30000?<\/strong>\n<ul>\n<li>Dispon\u00edvel em 0%, 2% e 5% de nicotina, atendendo a v\u00e1rias necessidades de vaping.<\/li>\n<\/ul>\n<\/li>\n<li><strong>Como funciona o fluxo de ar ajust\u00e1vel?<\/strong>\n<ul>\n<li>O controlo de fluxo de ar permite personalizar a sua inspira\u00e7\u00e3o, de fechada a arejada, para uma experi\u00eancia personalizada.<\/li>\n<\/ul>\n<\/li>\n<li><strong>Quanto tempo dura a bateria recarreg\u00e1vel?<\/strong>\n<ul>\n<li>A bateria de 650mAh oferece desempenho duradouro e pode ser recarregada rapidamente atrav\u00e9s da porta Type-C.<\/li>\n<\/ul>\n<\/li>\n<li><strong>Quais sabores est\u00e3o dispon\u00edveis no Bood Vape 30000 Puff Bar?<\/strong>\n<ul>\n<li>Existem 10 sabores deliciosos para escolher, oferecendo uma variedade de op\u00e7\u00f5es para diferentes gostos.<\/li>\n<\/ul>\n<\/li>\n<\/ol>\n<\/div>\n<\/div>\n<\/div>\n<h2>Como Encomendar?<\/h2>\n<div class=\"flex-shrink-0 flex flex-col relative items-end\">\n<div class=\"pt-0\">\n<div class=\"gizmo-bot-avatar flex h-8 w-8 items-center justify-center overflow-hidden rounded-full\">\n<div>\n<p><strong>1. Que m\u00e9todos de pagamento aceitam?<\/strong><br \/>\n<span class=\"selectable-text copyable-text false\">Para o pagamento, oferecemos transfer\u00eancia banc\u00e1ria e Western Union. A maioria dos nossos clientes da Europa escolhe transfer\u00eancia banc\u00e1ria, temos uma conta banc\u00e1ria local que pode pagar para a nossa conta IBAN sem taxa de manuseamento. <\/span>.<\/p>\n<p><strong>2. Como posso rastrear a minha encomenda?<\/strong><br \/>\nAp\u00f3s o envio da encomenda, <span class=\"selectable-text copyable-text false\">ofereceremos o n\u00famero de rastreamento para refer\u00eancia, tamb\u00e9m manteremos o status atualizado at\u00e9 que receba as cargas<\/span>.<\/p>\n<p><strong>3. Quanto tempo demora a chegar?<\/strong><\/p>\n<ul>\n<li>Envio de <strong>armaz\u00e9ns da China<\/strong> demora aproximadamente <strong>7-14 dias \u00fateis<\/strong>.<\/li>\n<li>Envio de <strong>armaz\u00e9ns europeus<\/strong> geralmente demora <strong>3-6 dias \u00fateis<\/strong>.<\/li>\n<\/ul>\n<p><strong>4. Como posso obter uma entrega mais r\u00e1pida?<\/strong><br \/>\nPara uma entrega mais r\u00e1pida, recomendamos encomendar no nosso <strong>armaz\u00e9m europeu<\/strong>, o que oferece prazos de envio mais r\u00e1pidos.<\/p>\n<p><strong>5. E se eu receber um produto danificado ou defeituoso?<\/strong><br \/>\nSe o seu artigo estiver danificado ou defeituoso, contacte o servi\u00e7o de apoio ao cliente para obter uma <strong>substitui\u00e7\u00e3o ou reembolso<\/strong>.<\/p>\n<p><strong>6. Como posso contactar o servi\u00e7o de apoio ao cliente?<\/strong><br \/>\nPode contactar-nos atrav\u00e9s do<strong>\u00a0WhatsApp ou chat ao vivo<\/strong> no nosso website para obter assist\u00eancia.<\/p>\n<\/div>\n<div class=\"relative p-1 rounded-sm flex items-center justify-center bg-token-main-surface-primary text-token-text-primary h-8 w-8\"><strong>7. Que m\u00e9todos de envio s\u00e3o utilizados?<\/strong><\/div>\n<\/div>\n<\/div>\n<\/div>\n<div class=\"group\/conversation-turn relative flex w-full min-w-0 flex-col agent-turn\">\n<div class=\"flex-col gap-1 md:gap-3\">\n<div class=\"flex max-w-full flex-col flex-grow\">\n<div class=\"min-h-[20px] text-message flex w-full flex-col items-end gap-2 whitespace-normal break-words [.text-message+&amp;]:mt-5 overflow-x-auto\" dir=\"auto\" data-message-author-role=\"assistant\" data-message-id=\"22f8283b-3233-46ff-89a5-c7a41b33abda\">\n<div class=\"flex w-full flex-col gap-1 empty:hidden first:pt-[3px]\">\n<div class=\"markdown prose w-full break-words dark:prose-invert light\">\n<p>Fazemos parceria com a UPS, DHL, FedEx, DPD e outras transportadoras l\u00edderes. Selecionaremos o melhor m\u00e9todo de envio com base na sua localiza\u00e7\u00e3o de entrega para garantir que receba os seus produtos o mais r\u00e1pido poss\u00edvel.<\/p>\n<\/div>\n<\/div>\n<\/div>\n<\/div>\n<\/div>\n<\/div>\n<p>Encontre mais produtos de vape que talvez goste:<strong><em><a href=\"https:\/\/rmvapesale.com\/pt\/shop-2\/\">comprar agora &gt;&gt;&gt;<\/a><\/em><\/strong><\/p>","protected":false},"excerpt":{"rendered":"<p>Bood Vape 30000 30k Puff Bar Vape Descart\u00e1vel Recarreg\u00e1vel a Pre\u00e7o Acess\u00edvel<br \/>\nBood Vape 30000 Vape Descart\u00e1vel em Alta Venda Compra em Massa<br \/>\nBood Vape 30000 Display LED Tela Inteligente Vape Descart\u00e1vel Atacado<\/p>\n<p><strong>Contacte a Amy para obter a resposta certa e cup\u00e3o de vape!<\/strong><\/p>\n<p><img loading=\"lazy\" decoding=\"async\" class=\"size-full wp-image-2375\" src=\"https:\/\/rmvapesale.com\/wp-content\/uploads\/2024\/10\/image.png\" alt=\"Melhor Vape Descart\u00e1vel\" width=\"229\" height=\"300\" \/><\/p>\n<h3><a href=\"https:\/\/wa.me\/8617776015835\"><span style=\"color: #ff0000\"><strong>WhatsApp: +86 17776015835<\/strong><\/span><\/a><\/h3>\n<p>&nbsp;<\/p>","protected":false},"featured_media":2977,"comment_status":"open","ping_status":"closed","template":"","meta":{"_uag_custom_page_level_css":"","_lmt_disableupdate":"no","_lmt_disable":"","site-sidebar-layout":"default","site-content-layout":"content-boxed-container","ast-site-content-layout":"normal-width-container","site-content-style":"boxed","site-sidebar-style":"unboxed","ast-global-header-display":"","ast-banner-title-visibility":"","ast-main-header-display":"","ast-hfb-above-header-display":"","ast-hfb-below-header-display":"","ast-hfb-mobile-header-display":"","site-post-title":"","ast-breadcrumbs-content":"","ast-featured-img":"","footer-sml-layout":"","theme-transparent-header-meta":"default","adv-header-id-meta":"","stick-header-meta":"","header-above-stick-meta":"","header-main-stick-meta":"","header-below-stick-meta":"","astra-migrate-meta-layouts":"set","ast-page-background-enabled":"default","ast-page-background-meta":{"desktop":{"background-color":"var(--ast-global-color-4)","background-image":"","background-repeat":"repeat","background-position":"center center","background-size":"auto","background-attachment":"scroll","background-type":"","background-media":"","overlay-type":"","overlay-color":"","overlay-opacity":"","overlay-gradient":""},"tablet":{"background-color":"","background-image":"","background-repeat":"repeat","background-position":"center center","background-size":"auto","background-attachment":"scroll","background-type":"","background-media":"","overlay-type":"","overlay-color":"","overlay-opacity":"","overlay-gradient":""},"mobile":{"background-color":"","background-image":"","background-repeat":"repeat","background-position":"center center","background-size":"auto","background-attachment":"scroll","background-type":"","background-media":"","overlay-type":"","overlay-color":"","overlay-opacity":"","overlay-gradient":""}},"ast-content-background-meta":{"desktop":{"background-color":"var(--ast-global-color-5)","background-image":"","background-repeat":"repeat","background-position":"center center","background-size":"auto","background-attachment":"scroll","background-type":"","background-media":"","overlay-type":"","overlay-color":"","overlay-opacity":"","overlay-gradient":""},"tablet":{"background-color":"var(--ast-global-color-5)","background-image":"","background-repeat":"repeat","background-position":"center center","background-size":"auto","background-attachment":"scroll","background-type":"","background-media":"","overlay-type":"","overlay-color":"","overlay-opacity":"","overlay-gradient":""},"mobile":{"background-color":"var(--ast-global-color-5)","background-image":"","background-repeat":"repeat","background-position":"center center","background-size":"auto","background-attachment":"scroll","background-type":"","background-media":"","overlay-type":"","overlay-color":"","overlay-opacity":"","overlay-gradient":""}},"_joinchat":[]},"product_brand":[],"product_cat":[15,289,290,291,292,293,295,299,265,253,25,123,26,28,135,27,137,136,30],"product_tag":[146,305,222,64,40,111,306],"class_list":{"0":"post-3013","1":"product","2":"type-product","3":"status-publish","4":"has-post-thumbnail","6":"product_cat-new-vape-this-week","7":"product_cat-big-puffs-disposable-vapes","8":"product_cat-crystal-disposable-vapes","9":"product_cat-dual-mesh-disposable-vapes","10":"product_cat-digital-disposable-vapes","11":"product_cat-low-nicotine-disposable-vapes","12":"product_cat-rechargeable-disposable-vapes","13":"product_cat-smart-screen-disposable-vapes","14":"product_cat-bood-disposable-vape","15":"product_cat-15000-puff-disposable-vape","16":"product_cat-germany-best-selling-vape","17":"product_cat-italy-wholesale-vape","18":"product_cat-netherlands-hot-sale-vape","19":"product_cat-poland-hot-sale-vape","20":"product_cat-spain-best-hot-sale-vape","21":"product_cat-fance-hot-sale-vape","22":"product_cat-rechargeable-vapes","23":"product_cat-smart-screen-vapes","24":"product_cat-minimum-order-quantity-50pcs","25":"product_tag-best-hot-sale-vape","26":"product_tag-bood-vape-30000","27":"product_tag-double-flavor-vape","28":"product_tag-dual-flavour-vape","29":"product_tag-hot-sale-vape","30":"product_tag-low-nicotine-disposable-vape","31":"product_tag-puff-bar","32":"desktop-align-left","33":"tablet-align-left","34":"mobile-align-left","36":"first","37":"instock","38":"sale","39":"shipping-taxable","40":"purchasable","41":"product-type-simple"},"uagb_featured_image_src":{"full":["https:\/\/rmvapesale.com\/wp-content\/uploads\/2025\/01\/Best-Bood-Infinity-30000-Puff-Rechargeable-Disposable-Vape.webp",1000,1000,false],"thumbnail":["https:\/\/rmvapesale.com\/wp-content\/uploads\/2025\/01\/Best-Bood-Infinity-30000-Puff-Rechargeable-Disposable-Vape-150x150.webp",150,150,true],"medium":["https:\/\/rmvapesale.com\/wp-content\/uploads\/2025\/01\/Best-Bood-Infinity-30000-Puff-Rechargeable-Disposable-Vape-300x300.webp",300,300,true],"medium_large":["https:\/\/rmvapesale.com\/wp-content\/uploads\/2025\/01\/Best-Bood-Infinity-30000-Puff-Rechargeable-Disposable-Vape-768x768.webp",768,768,true],"large":["https:\/\/rmvapesale.com\/wp-content\/uploads\/2025\/01\/Best-Bood-Infinity-30000-Puff-Rechargeable-Disposable-Vape.webp",1000,1000,false],"1536x1536":["https:\/\/rmvapesale.com\/wp-content\/uploads\/2025\/01\/Best-Bood-Infinity-30000-Puff-Rechargeable-Disposable-Vape.webp",1000,1000,false],"2048x2048":["https:\/\/rmvapesale.com\/wp-content\/uploads\/2025\/01\/Best-Bood-Infinity-30000-Puff-Rechargeable-Disposable-Vape.webp",1000,1000,false],"trp-custom-language-flag":["https:\/\/rmvapesale.com\/wp-content\/uploads\/2025\/01\/Best-Bood-Infinity-30000-Puff-Rechargeable-Disposable-Vape.webp",12,12,false],"woocommerce_thumbnail":["https:\/\/rmvapesale.com\/wp-content\/uploads\/2025\/01\/Best-Bood-Infinity-30000-Puff-Rechargeable-Disposable-Vape-300x300.webp",300,300,true],"woocommerce_single":["https:\/\/rmvapesale.com\/wp-content\/uploads\/2025\/01\/Best-Bood-Infinity-30000-Puff-Rechargeable-Disposable-Vape-600x600.webp",600,600,true],"woocommerce_gallery_thumbnail":["https:\/\/rmvapesale.com\/wp-content\/uploads\/2025\/01\/Best-Bood-Infinity-30000-Puff-Rechargeable-Disposable-Vape-100x100.webp",100,100,true],"wcpr-photo-reviews":["https:\/\/rmvapesale.com\/wp-content\/uploads\/2025\/01\/Best-Bood-Infinity-30000-Puff-Rechargeable-Disposable-Vape.webp",500,500,false]},"uagb_author_info":{"display_name":"AMY","author_link":"https:\/\/rmvapesale.com\/pt\/author\/"},"uagb_comment_info":0,"uagb_excerpt":"Bood Vape 30000 30k Puff Bar Rechargeable Disposable Vape Cheap Price Bood Vape 30000 Hot Sale Disposable Vape Pen Bulk Buy Bood Vape 30000 LED Display Smart Screen Disposable Vape Wholesale Contact Amy to get right reply and vape coupon! WhatsApp: +86 17776015835 &nbsp;","_links":{"self":[{"href":"https:\/\/rmvapesale.com\/pt\/wp-json\/wp\/v2\/product\/3013","targetHints":{"allow":["GET"]}}],"collection":[{"href":"https:\/\/rmvapesale.com\/pt\/wp-json\/wp\/v2\/product"}],"about":[{"href":"https:\/\/rmvapesale.com\/pt\/wp-json\/wp\/v2\/types\/product"}],"replies":[{"embeddable":true,"href":"https:\/\/rmvapesale.com\/pt\/wp-json\/wp\/v2\/comments?post=3013"}],"wp:featuredmedia":[{"embeddable":true,"href":"https:\/\/rmvapesale.com\/pt\/wp-json\/wp\/v2\/media\/2977"}],"wp:attachment":[{"href":"https:\/\/rmvapesale.com\/pt\/wp-json\/wp\/v2\/media?parent=3013"}],"wp:term":[{"taxonomy":"product_brand","embeddable":true,"href":"https:\/\/rmvapesale.com\/pt\/wp-json\/wp\/v2\/product_brand?post=3013"},{"taxonomy":"product_cat","embeddable":true,"href":"https:\/\/rmvapesale.com\/pt\/wp-json\/wp\/v2\/product_cat?post=3013"},{"taxonomy":"product_tag","embeddable":true,"href":"https:\/\/rmvapesale.com\/pt\/wp-json\/wp\/v2\/product_tag?post=3013"}],"curies":[{"name":"wp","href":"https:\/\/api.w.org\/{rel}","templated":true}]}}