{"id":3014,"date":"2025-01-30T07:39:46","date_gmt":"2025-01-30T07:39:46","guid":{"rendered":"https:\/\/rmvapesale.com\/?post_type=product&#038;p=3014"},"modified":"2025-01-23T08:01:17","modified_gmt":"2025-01-23T08:01:17","slug":"bang-box-30000-30k-puffs-double-taste-rechargeable-disposable-vape-0-2-5-nicotine-led-display-factory-price","status":"publish","type":"product","link":"https:\/\/rmvapesale.com\/pt\/product\/bang-box-30000-30k-puffs-double-taste-rechargeable-disposable-vape-0-2-5-nicotine-led-display-factory-price\/","title":{"rendered":"Bang Box 30000 30k Puffs Sabor Duplo Vape Descart\u00e1vel Recarreg\u00e1vel 0% 2% 5% Nicotina Ecr\u00e3 LED Pre\u00e7o de F\u00e1brica"},"content":{"rendered":"<div class=\"B2VR9 CJHX3e\">\n<div class=\"wyccme\">\n<div class=\"flex-shrink-0 flex flex-col relative items-end\">\n<div class=\"pt-0\">\n<div class=\"gizmo-bot-avatar flex h-8 w-8 items-center justify-center overflow-hidden rounded-full\">\n<div class=\"relative p-1 rounded-sm flex items-center justify-center bg-token-main-surface-primary text-token-text-primary h-8 w-8\">\n<div class=\"flex-shrink-0 flex flex-col relative items-end\">\n<div class=\"pt-0\">\n<div class=\"gizmo-bot-avatar flex h-8 w-8 items-center justify-center overflow-hidden rounded-full\">\n<div class=\"flex-shrink-0 flex flex-col relative items-end\">\n<div class=\"pt-0\">\n<div class=\"gizmo-bot-avatar flex h-8 w-8 items-center justify-center overflow-hidden rounded-full\">\n<h1 class=\"relative p-1 rounded-sm flex items-center justify-center bg-token-main-surface-primary text-token-text-primary h-8 w-8\">Bang Box 30000 30k Puffs Sabor Duplo Vape Descart\u00e1vel Recarreg\u00e1vel 0% 2% 5% Nicotina Ecr\u00e3 LED Pre\u00e7o de F\u00e1brica<\/h1>\n<\/div>\n<\/div>\n<\/div>\n<\/div>\n<\/div>\n<\/div>\n<\/div>\n<\/div>\n<\/div>\n<\/div>\n<div class=\"group\/conversation-turn relative flex w-full min-w-0 flex-col agent-turn\">\n<div class=\"flex-col gap-1 md:gap-3\">\n<div class=\"flex max-w-full flex-col flex-grow\">\n<div class=\"min-h-8 text-message flex w-full flex-col items-end gap-2 whitespace-normal break-words text-start [.text-message+&amp;]:mt-5\" dir=\"auto\" data-message-author-role=\"assistant\" data-message-id=\"80ece0c4-ead1-4ed9-a9f0-ddc22582b4f4\" data-message-model-slug=\"gpt-4o\">\n<p>O <strong>Bang Box 30000 Puffs Vape descart\u00e1vel recarreg\u00e1vel de duplo sabor<\/strong> \u00e9 a escolha definitiva para vaporizadores que procuram <strong>desempenho duradouro, recursos personaliz\u00e1veis e um pre\u00e7o de atacado imbat\u00edvel<\/strong>. Projetado para fornecer at\u00e9 <strong>30.000 puffs<\/strong>, este <strong>vape recarreg\u00e1vel<\/strong> oferece uma experi\u00eancia de vaporiza\u00e7\u00e3o prolongada com uma inova\u00e7\u00e3o <strong>Sabor Duplo<\/strong> recurso, permitindo que desfrute de <strong>dois sabores num \u00fanico dispositivo<\/strong>.<\/p>\n<p>Pr\u00e9-preenchido com um enorme <strong>36ml de l\u00edquido de vaporizador<\/strong>, o Bang 30K garante divers\u00e3o cont\u00ednua sem a preocupa\u00e7\u00e3o de recargas frequentes. Quer seja f\u00e3 de <strong>vapores com nicotina baixa<\/strong> ou prefira uma dose mais forte, este dispositivo oferece op\u00e7\u00f5es vers\u00e1teis de <strong>for\u00e7a de nicotina<\/strong>, dispon\u00edveis em <strong>0%, 2%, 3% e 5%<\/strong>, atendendo a todas as prefer\u00eancias.<\/p>\n<p>Equipado com uma <strong>Bobina de malha de 1,0\u03a9<\/strong>, o vape proporciona vapor suave e saboroso a cada tragada. O <strong>fluxo de ar ajust\u00e1vel<\/strong> o sistema permite personalizar a sua inala\u00e7\u00e3o, oferecendo uma inspira\u00e7\u00e3o apertada e intensa ou uma experi\u00eancia mais solta e cheia de nuvens.<\/p>\n<p>O inteligente <strong>ecr\u00e3 de display LED<\/strong> mant\u00e9m-no informado sobre os n\u00edveis de bateria e de e-l\u00edquido, garantindo que esteja sempre no controlo. Com uma <strong>bateria recarreg\u00e1vel de 550mAh<\/strong> e um <strong>porta de carregamento Tipo-C<\/strong>, desfrutar\u00e1 de uma recarga r\u00e1pida e eficiente para manter o seu vape pronto sempre que desejar.<\/p>\n<p>Perfeito para <strong>compradores de vapes descart\u00e1veis por atacado<\/strong>, este dispositivo est\u00e1 dispon\u00edvel a um <strong>pre\u00e7o de f\u00e1brica<\/strong>, tornando-se uma excelente escolha tanto para retalhistas quanto para vaporizadores individuais que procuram <strong>comprar a granel<\/strong>.<\/p>\n<\/div>\n<\/div>\n<\/div>\n<\/div>\n<div class=\"flex-shrink-0 flex flex-col relative items-end\">\n<div class=\"pt-0\">\n<div class=\"gizmo-bot-avatar flex h-8 w-8 items-center justify-center overflow-hidden rounded-full\">\n<p>&nbsp;<\/p>\n<\/div>\n<\/div>\n<\/div>\n<\/div>\n<\/div>\n<p><strong>Contacte a Amy para obter a resposta certa e cup\u00e3o de vape!<\/strong><\/p>\n<p><img loading=\"lazy\" decoding=\"async\" class=\"size-full wp-image-1978\" src=\"https:\/\/rmvapesale.com\/wp-content\/uploads\/2024\/09\/Disposable-Vape-Wholesale.jpg\" alt=\"Venda por grosso de vapes descart\u00e1veis\" width=\"229\" height=\"300\" \/><\/p>\n<h3><a href=\"https:\/\/wa.me\/8617776015835\" target=\"_blank\" rel=\"noopener\"><span style=\"color: #ff0000\"><strong>WhatsApp: +86 17776015835<\/strong><\/span><\/a><\/h3>\n<h3><\/h3>\n<h3><strong style=\"font-size: 1.7em\">Bang Box 30000 30k Puffs Caracter\u00edsticas principais do produto<\/strong><\/h3>\n<ul>\n<li><strong>Capacidade de 30.000 baforadas:<\/strong> Desfrute de uma vaporiza\u00e7\u00e3o duradoura sem substitui\u00e7\u00f5es constantes.<\/li>\n<li><strong>E-l\u00edquido pr\u00e9-carregado de 36ml:<\/strong> Capacidade generosa para uma experi\u00eancia de vaporiza\u00e7\u00e3o cont\u00ednua.<\/li>\n<li><strong>Recurso de Duplo Sabor:<\/strong> Alterna entre dois sabores distintos para variedade em cada inala\u00e7\u00e3o.<\/li>\n<li><strong>Op\u00e7\u00f5es de Nicotina:<\/strong> Dispon\u00edvel em pot\u00eancias 0%, 2%, 3% e 5% para atender a diferentes prefer\u00eancias.<\/li>\n<li><strong>Bateria Recarreg\u00e1vel:<\/strong> Bateria de 550mAh com carregamento r\u00e1pido Type-C para conveni\u00eancia.<\/li>\n<li><strong>Display LED inteligente:<\/strong> Monitore facilmente a dura\u00e7\u00e3o da bateria e os n\u00edveis de e-l\u00edquido.<\/li>\n<li><strong>Fluxo de Ar Ajust\u00e1vel:<\/strong> Personalize a sua inspira\u00e7\u00e3o com diferentes configura\u00e7\u00f5es de fluxo de ar<\/li>\n<\/ul>\n<p><img loading=\"lazy\" decoding=\"async\" class=\"wp-image-2984 size-full\" src=\"https:\/\/rmvapesale.com\/wp-content\/uploads\/2025\/01\/Bang-Box-30000-Puffs-Disposable-Vape-Bulk-Buy.webp\" alt=\"Bang Box 30000 Puffs Vape Descart\u00e1vel Compra em Grande Quantidade\" width=\"1000\" height=\"1000\" srcset=\"https:\/\/rmvapesale.com\/wp-content\/uploads\/2025\/01\/Bang-Box-30000-Puffs-Disposable-Vape-Bulk-Buy.webp 1000w, https:\/\/rmvapesale.com\/wp-content\/uploads\/2025\/01\/Bang-Box-30000-Puffs-Disposable-Vape-Bulk-Buy-300x300.webp 300w, https:\/\/rmvapesale.com\/wp-content\/uploads\/2025\/01\/Bang-Box-30000-Puffs-Disposable-Vape-Bulk-Buy-150x150.webp 150w, https:\/\/rmvapesale.com\/wp-content\/uploads\/2025\/01\/Bang-Box-30000-Puffs-Disposable-Vape-Bulk-Buy-768x768.webp 768w, https:\/\/rmvapesale.com\/wp-content\/uploads\/2025\/01\/Bang-Box-30000-Puffs-Disposable-Vape-Bulk-Buy-600x600.webp 600w, https:\/\/rmvapesale.com\/wp-content\/uploads\/2025\/01\/Bang-Box-30000-Puffs-Disposable-Vape-Bulk-Buy-100x100.webp 100w\" sizes=\"auto, (max-width: 1000px) 100vw, 1000px\" \/><\/p>\n<h3><strong style=\"font-size: 1.7em\">Sabor mais vendido para Bang Box 30000 30k Puff<\/strong><strong style=\"font-size: 1.7em\">\u00a0Vaporizador<\/strong><\/h3>\n<p>1. Morango kiwi \/ \u00c1gua de Melancia<br \/>\n2. Morango kiwi \/ Morango com Melancia <span style=\"color: #ff0000\"><strong>&gt;&gt;&gt;&gt; Quente!<\/strong><\/span><br \/>\n3. Suco de P\u00eassego \/ Gelo de Mirtilo<br \/>\n4. Gelo de Mirtilo \/ Fruta da Paix\u00e3o Kiwi Guava<br \/>\n5. Framboesa azeda com Gelo de Mirtilo \/ Fruta Mista <span style=\"color: #ff0000\"><strong>&gt;&gt;&gt;&gt; Quente!<\/strong><\/span><br \/>\n6. Gelo de Tr\u00eas Frutos Vermelhos \/ Morango com Manga<br \/>\n7. Chiclete de Melancia \/ Morango com Melancia<br \/>\n8. Gelo de Mirtilo \/ Gelo de Melancia<br \/>\n9. Morango com Melancia \/ Fruta da Paix\u00e3o Kiwi Guava<br \/>\n10. Dragon de Gelo Manga P\u00eassego Melancia<br \/>\n11. Blue Razz de Gelo \/ Uva Dupla<br \/>\n12. Blue Razz de Gelo \/ Morango Manga <span style=\"color: #ff0000\"><strong>&gt;&gt;&gt;&gt; O Melhor!<\/strong><\/span><\/p>\n<h3><strong>Por que escolher a Rmvapesale para Bang Box 30k Puffs <\/strong><strong>V<\/strong><strong>Venda por grosso de vapes<\/strong><strong>?<\/strong><\/h3>\n<div class=\"flex-shrink-0 flex flex-col relative items-end\">\n<div class=\"pt-0\">\n<div class=\"gizmo-bot-avatar flex h-8 w-8 items-center justify-center overflow-hidden rounded-full\">\n<p>\u00c0 medida que a competi\u00e7\u00e3o no mercado de cigarros eletr\u00f4nicos descart\u00e1veis se intensifica, a Rmvapesale, l\u00edder global em solu\u00e7\u00f5es de vape descart\u00e1vel por atacado, lan\u00e7ou o Bang Box 30000 30k Puffs de Duplo Sabor Recarreg\u00e1vel. Este produto inovador chama aten\u00e7\u00e3o com seu design est\u00e9tico e de moda \u00fanicos. Com uma vasta gama de op\u00e7\u00f5es de sabores frutados, atende a um amplo espectro de gostos dos consumidores, destacando-se pela inova\u00e7\u00e3o e versatilidade.<\/p>\n<p class=\"relative p-1 rounded-sm flex items-center justify-center bg-token-main-surface-primary text-token-text-primary h-8 w-8\">A Rmvapesale \u00e9 a sua loja de vape de confian\u00e7a para vapes descart\u00e1veis premium. Com mais de 5 anos de experi\u00eancia, trazemos-lhe marcas populares de vape descart\u00e1veis, como Al Fakher, JNR Vape, Vapsolo Vape, Vapme Vape, <a href=\"https:\/\/rmvapesale.com\/pt\/product-category\/bang-vapes\/\">Bang Vape<\/a>, Waspe Vape, WGA Vape e<a href=\"https:\/\/rmvapesale.com\/pt\/product-category\/randm-fumot-vape\/\"> RandM Vape<\/a>.A nossa gama inclui vape descart\u00e1vel de venda quente como o <a href=\"https:\/\/rmvapesale.com\/pt\/product\/vopk-tornado-15000-puffs-disposable-vape-led-display\/\">VOPK Tornado 15000 Baforadas<\/a> e op\u00e7\u00f5es ricas em sabor como o<a href=\"https:\/\/rmvapesale.com\/pt\/product\/waspe-15000-puffs-digital-box-original-wholesale\/\"> WASPE 15000 PUFFS<\/a>. Cada produto \u00e9 escolhido com foco na qualidade, valor e variedade, garantindo que encontre a combina\u00e7\u00e3o perfeita para as suas necessidades. Descubra um servi\u00e7o excecional e uma vasta gama de produtos de topo na Rmvapesale.<\/p>\n<p class=\"relative p-1 rounded-sm flex items-center justify-center bg-token-main-surface-primary text-token-text-primary h-8 w-8\"><b style=\"font-size: 1.5em;font-style: inherit\">PERGUNTAS FREQUENTES Sobre BangBox 30000 30k Puffs <\/b><b style=\"font-size: 1.5em;font-style: inherit\">Vape Descart\u00e1vel Recarreg\u00e1vel<\/b><\/p>\n<ol>\n<li><strong>Onde posso comprar o Vape descart\u00e1vel Bang 30000 Puffs a pre\u00e7os de atacado?<\/strong>\n<ul>\n<li>Pode compr\u00e1-lo a pre\u00e7os de f\u00e1brica na <a href=\"https:\/\/rmvapesale.com\/pt\/\" target=\"_new\" rel=\"noopener\">Rmvapesale<\/a>, oferecendo as melhores ofertas em atacado para retalhistas e distribuidores.<\/li>\n<\/ul>\n<\/li>\n<li><strong>Como funciona a fun\u00e7\u00e3o de Duplo Sabor?<\/strong>\n<ul>\n<li>O dispositivo permite alternar entre dois sabores, proporcionando uma experi\u00eancia de vaping \u00fanica e din\u00e2mica.<\/li>\n<\/ul>\n<\/li>\n<li><strong>Quais n\u00edveis de nicotina est\u00e3o dispon\u00edveis neste vape descart\u00e1vel?<\/strong>\n<ul>\n<li>O Bang 30K est\u00e1 dispon\u00edvel em for\u00e7as de nicotina 0%, 2%, 3% e 5%, atendendo a diferentes prefer\u00eancias de vaping.<\/li>\n<\/ul>\n<\/li>\n<li><strong>O vape Bang 30000 Puffs \u00e9 recarreg\u00e1vel?<\/strong>\n<ul>\n<li>Sim, possui uma bateria recarreg\u00e1vel de 550mAh com uma porta de carregamento Tipo-C para recargas r\u00e1pidas e eficientes.<\/li>\n<\/ul>\n<\/li>\n<li><strong>O dispositivo possui uma fun\u00e7\u00e3o de ajuste de fluxo de ar?<\/strong>\n<ul>\n<li>Sim, o controle de fluxo de ar ajust\u00e1vel permite personalizar seu estilo de vaping, de puxadas mais fechadas a nuvens arejadas.<\/li>\n<\/ul>\n<\/li>\n<\/ol>\n<\/div>\n<\/div>\n<\/div>\n<h2>Como Encomendar?<\/h2>\n<div class=\"flex-shrink-0 flex flex-col relative items-end\">\n<div class=\"pt-0\">\n<div class=\"gizmo-bot-avatar flex h-8 w-8 items-center justify-center overflow-hidden rounded-full\">\n<div>\n<p><strong>1. Que m\u00e9todos de pagamento aceitam?<\/strong><br \/>\n<span class=\"selectable-text copyable-text false\">Para o pagamento, oferecemos transfer\u00eancia banc\u00e1ria e Western Union. A maioria dos nossos clientes da Europa escolhe transfer\u00eancia banc\u00e1ria, temos uma conta banc\u00e1ria local que pode pagar para a nossa conta IBAN sem taxa de manuseamento. <\/span>.<\/p>\n<p><strong>2. Como posso rastrear a minha encomenda?<\/strong><br \/>\nAp\u00f3s o envio da encomenda, <span class=\"selectable-text copyable-text false\">ofereceremos o n\u00famero de rastreamento para refer\u00eancia, tamb\u00e9m manteremos o status atualizado at\u00e9 que receba as cargas<\/span>.<\/p>\n<p><strong>3. Quanto tempo demora a chegar?<\/strong><\/p>\n<ul>\n<li>Envio de <strong>armaz\u00e9ns da China<\/strong> demora aproximadamente <strong>7-14 dias \u00fateis<\/strong>.<\/li>\n<li>Envio de <strong>armaz\u00e9ns europeus<\/strong> geralmente demora <strong>3-6 dias \u00fateis<\/strong>.<\/li>\n<\/ul>\n<p><strong>4. Como posso obter uma entrega mais r\u00e1pida?<\/strong><br \/>\nPara uma entrega mais r\u00e1pida, recomendamos encomendar no nosso <strong>armaz\u00e9m europeu<\/strong>, o que oferece prazos de envio mais r\u00e1pidos.<\/p>\n<p><strong>5. E se eu receber um produto danificado ou defeituoso?<\/strong><br \/>\nSe o seu artigo estiver danificado ou defeituoso, contacte o servi\u00e7o de apoio ao cliente para obter uma <strong>substitui\u00e7\u00e3o ou reembolso<\/strong>.<\/p>\n<p><strong>6. Como posso contactar o servi\u00e7o de apoio ao cliente?<\/strong><br \/>\nPode contactar-nos atrav\u00e9s do<strong>\u00a0WhatsApp ou chat ao vivo<\/strong> no nosso website para obter assist\u00eancia.<\/p>\n<\/div>\n<div class=\"relative p-1 rounded-sm flex items-center justify-center bg-token-main-surface-primary text-token-text-primary h-8 w-8\"><strong>7. Que m\u00e9todos de envio s\u00e3o utilizados?<\/strong><\/div>\n<\/div>\n<\/div>\n<\/div>\n<div class=\"group\/conversation-turn relative flex w-full min-w-0 flex-col agent-turn\">\n<div class=\"flex-col gap-1 md:gap-3\">\n<div class=\"flex max-w-full flex-col flex-grow\">\n<div class=\"min-h-[20px] text-message flex w-full flex-col items-end gap-2 whitespace-normal break-words [.text-message+&amp;]:mt-5 overflow-x-auto\" dir=\"auto\" data-message-author-role=\"assistant\" data-message-id=\"22f8283b-3233-46ff-89a5-c7a41b33abda\">\n<div class=\"flex w-full flex-col gap-1 empty:hidden first:pt-[3px]\">\n<div class=\"markdown prose w-full break-words dark:prose-invert light\">\n<p>Fazemos parceria com a UPS, DHL, FedEx, DPD e outras transportadoras l\u00edderes. Selecionaremos o melhor m\u00e9todo de envio com base na sua localiza\u00e7\u00e3o de entrega para garantir que receba os seus produtos o mais r\u00e1pido poss\u00edvel.<\/p>\n<\/div>\n<\/div>\n<\/div>\n<\/div>\n<\/div>\n<\/div>\n<p>Encontre mais produtos de vape que talvez goste:<strong><em><a href=\"https:\/\/rmvapesale.com\/pt\/shop-2\/\">comprar agora &gt;&gt;&gt;<\/a><\/em><\/strong><\/p>","protected":false},"excerpt":{"rendered":"<p>Bang Box 30000 30 mil Puff\u00a0 Vape descart\u00e1vel recarreg\u00e1vel de pre\u00e7o barato<br \/>\nBang Box 30000 30 mil Puffs Vape descart\u00e1vel de venda quente Compra em massa<br \/>\nBangBox 30000 Puffs\u00a0 Display LED Tela inteligente Vape descart\u00e1vel por atacado<\/p>\n<p><strong>Contacte a Amy para obter a resposta certa e cup\u00e3o de vape!<\/strong><\/p>\n<p><img loading=\"lazy\" decoding=\"async\" class=\"size-full wp-image-2375\" src=\"https:\/\/rmvapesale.com\/wp-content\/uploads\/2024\/10\/image.png\" alt=\"Melhor Vape Descart\u00e1vel\" width=\"229\" height=\"300\" \/><\/p>\n<h3><a href=\"https:\/\/wa.me\/8617776015835\"><span style=\"color: #ff0000\"><strong>WhatsApp: +86 17776015835<\/strong><\/span><\/a><\/h3>\n<p>&nbsp;<\/p>","protected":false},"featured_media":2983,"comment_status":"open","ping_status":"closed","template":"","meta":{"_uag_custom_page_level_css":"","_lmt_disableupdate":"no","_lmt_disable":"","site-sidebar-layout":"default","site-content-layout":"content-boxed-container","ast-site-content-layout":"normal-width-container","site-content-style":"boxed","site-sidebar-style":"unboxed","ast-global-header-display":"","ast-banner-title-visibility":"","ast-main-header-display":"","ast-hfb-above-header-display":"","ast-hfb-below-header-display":"","ast-hfb-mobile-header-display":"","site-post-title":"","ast-breadcrumbs-content":"","ast-featured-img":"","footer-sml-layout":"","theme-transparent-header-meta":"default","adv-header-id-meta":"","stick-header-meta":"","header-above-stick-meta":"","header-main-stick-meta":"","header-below-stick-meta":"","astra-migrate-meta-layouts":"set","ast-page-background-enabled":"default","ast-page-background-meta":{"desktop":{"background-color":"var(--ast-global-color-4)","background-image":"","background-repeat":"repeat","background-position":"center center","background-size":"auto","background-attachment":"scroll","background-type":"","background-media":"","overlay-type":"","overlay-color":"","overlay-opacity":"","overlay-gradient":""},"tablet":{"background-color":"","background-image":"","background-repeat":"repeat","background-position":"center center","background-size":"auto","background-attachment":"scroll","background-type":"","background-media":"","overlay-type":"","overlay-color":"","overlay-opacity":"","overlay-gradient":""},"mobile":{"background-color":"","background-image":"","background-repeat":"repeat","background-position":"center center","background-size":"auto","background-attachment":"scroll","background-type":"","background-media":"","overlay-type":"","overlay-color":"","overlay-opacity":"","overlay-gradient":""}},"ast-content-background-meta":{"desktop":{"background-color":"var(--ast-global-color-5)","background-image":"","background-repeat":"repeat","background-position":"center center","background-size":"auto","background-attachment":"scroll","background-type":"","background-media":"","overlay-type":"","overlay-color":"","overlay-opacity":"","overlay-gradient":""},"tablet":{"background-color":"var(--ast-global-color-5)","background-image":"","background-repeat":"repeat","background-position":"center center","background-size":"auto","background-attachment":"scroll","background-type":"","background-media":"","overlay-type":"","overlay-color":"","overlay-opacity":"","overlay-gradient":""},"mobile":{"background-color":"var(--ast-global-color-5)","background-image":"","background-repeat":"repeat","background-position":"center center","background-size":"auto","background-attachment":"scroll","background-type":"","background-media":"","overlay-type":"","overlay-color":"","overlay-opacity":"","overlay-gradient":""}},"_joinchat":[]},"product_brand":[],"product_cat":[15,289,290,291,292,293,295,299,273,253,25,123,26,28,135,27,60,137,136,30],"product_tag":[307,146,222,64,40,111,306],"class_list":{"0":"post-3014","1":"product","2":"type-product","3":"status-publish","4":"has-post-thumbnail","6":"product_cat-new-vape-this-week","7":"product_cat-big-puffs-disposable-vapes","8":"product_cat-crystal-disposable-vapes","9":"product_cat-dual-mesh-disposable-vapes","10":"product_cat-digital-disposable-vapes","11":"product_cat-low-nicotine-disposable-vapes","12":"product_cat-rechargeable-disposable-vapes","13":"product_cat-smart-screen-disposable-vapes","14":"product_cat-bang-box-vape","15":"product_cat-15000-puff-disposable-vape","16":"product_cat-germany-best-selling-vape","17":"product_cat-italy-wholesale-vape","18":"product_cat-netherlands-hot-sale-vape","19":"product_cat-poland-hot-sale-vape","20":"product_cat-spain-best-hot-sale-vape","21":"product_cat-fance-hot-sale-vape","22":"product_cat-bang-vapes","23":"product_cat-rechargeable-vapes","24":"product_cat-smart-screen-vapes","25":"product_cat-minimum-order-quantity-50pcs","26":"product_tag-bang-box-30000","27":"product_tag-best-hot-sale-vape","28":"product_tag-double-flavor-vape","29":"product_tag-dual-flavour-vape","30":"product_tag-hot-sale-vape","31":"product_tag-low-nicotine-disposable-vape","32":"product_tag-puff-bar","33":"desktop-align-left","34":"tablet-align-left","35":"mobile-align-left","37":"first","38":"instock","39":"sale","40":"shipping-taxable","41":"purchasable","42":"product-type-simple"},"uagb_featured_image_src":{"full":["https:\/\/rmvapesale.com\/wp-content\/uploads\/2025\/01\/Bang-Box-30000-30k-Puffs-Double-Rechargeable-Disposable-Vape-Wholesale.webp",1000,1000,false],"thumbnail":["https:\/\/rmvapesale.com\/wp-content\/uploads\/2025\/01\/Bang-Box-30000-30k-Puffs-Double-Rechargeable-Disposable-Vape-Wholesale-150x150.webp",150,150,true],"medium":["https:\/\/rmvapesale.com\/wp-content\/uploads\/2025\/01\/Bang-Box-30000-30k-Puffs-Double-Rechargeable-Disposable-Vape-Wholesale-300x300.webp",300,300,true],"medium_large":["https:\/\/rmvapesale.com\/wp-content\/uploads\/2025\/01\/Bang-Box-30000-30k-Puffs-Double-Rechargeable-Disposable-Vape-Wholesale-768x768.webp",768,768,true],"large":["https:\/\/rmvapesale.com\/wp-content\/uploads\/2025\/01\/Bang-Box-30000-30k-Puffs-Double-Rechargeable-Disposable-Vape-Wholesale.webp",1000,1000,false],"1536x1536":["https:\/\/rmvapesale.com\/wp-content\/uploads\/2025\/01\/Bang-Box-30000-30k-Puffs-Double-Rechargeable-Disposable-Vape-Wholesale.webp",1000,1000,false],"2048x2048":["https:\/\/rmvapesale.com\/wp-content\/uploads\/2025\/01\/Bang-Box-30000-30k-Puffs-Double-Rechargeable-Disposable-Vape-Wholesale.webp",1000,1000,false],"trp-custom-language-flag":["https:\/\/rmvapesale.com\/wp-content\/uploads\/2025\/01\/Bang-Box-30000-30k-Puffs-Double-Rechargeable-Disposable-Vape-Wholesale.webp",12,12,false],"woocommerce_thumbnail":["https:\/\/rmvapesale.com\/wp-content\/uploads\/2025\/01\/Bang-Box-30000-30k-Puffs-Double-Rechargeable-Disposable-Vape-Wholesale-300x300.webp",300,300,true],"woocommerce_single":["https:\/\/rmvapesale.com\/wp-content\/uploads\/2025\/01\/Bang-Box-30000-30k-Puffs-Double-Rechargeable-Disposable-Vape-Wholesale-600x600.webp",600,600,true],"woocommerce_gallery_thumbnail":["https:\/\/rmvapesale.com\/wp-content\/uploads\/2025\/01\/Bang-Box-30000-30k-Puffs-Double-Rechargeable-Disposable-Vape-Wholesale-100x100.webp",100,100,true],"wcpr-photo-reviews":["https:\/\/rmvapesale.com\/wp-content\/uploads\/2025\/01\/Bang-Box-30000-30k-Puffs-Double-Rechargeable-Disposable-Vape-Wholesale.webp",500,500,false]},"uagb_author_info":{"display_name":"AMY","author_link":"https:\/\/rmvapesale.com\/pt\/author\/"},"uagb_comment_info":0,"uagb_excerpt":"Bang Box 30000 30k Puff\u00a0 Bar Rechargeable Disposable Vape Cheap Price Bang Box 30000 30k Puffs Hot Sale Disposable Vape Pen Bulk Buy BangBox 30000 Puffs\u00a0 LED Display Smart Screen Disposable Vape Wholesale Contact Amy to get right reply and vape coupon! WhatsApp: +86 17776015835 &nbsp;","_links":{"self":[{"href":"https:\/\/rmvapesale.com\/pt\/wp-json\/wp\/v2\/product\/3014","targetHints":{"allow":["GET"]}}],"collection":[{"href":"https:\/\/rmvapesale.com\/pt\/wp-json\/wp\/v2\/product"}],"about":[{"href":"https:\/\/rmvapesale.com\/pt\/wp-json\/wp\/v2\/types\/product"}],"replies":[{"embeddable":true,"href":"https:\/\/rmvapesale.com\/pt\/wp-json\/wp\/v2\/comments?post=3014"}],"wp:featuredmedia":[{"embeddable":true,"href":"https:\/\/rmvapesale.com\/pt\/wp-json\/wp\/v2\/media\/2983"}],"wp:attachment":[{"href":"https:\/\/rmvapesale.com\/pt\/wp-json\/wp\/v2\/media?parent=3014"}],"wp:term":[{"taxonomy":"product_brand","embeddable":true,"href":"https:\/\/rmvapesale.com\/pt\/wp-json\/wp\/v2\/product_brand?post=3014"},{"taxonomy":"product_cat","embeddable":true,"href":"https:\/\/rmvapesale.com\/pt\/wp-json\/wp\/v2\/product_cat?post=3014"},{"taxonomy":"product_tag","embeddable":true,"href":"https:\/\/rmvapesale.com\/pt\/wp-json\/wp\/v2\/product_tag?post=3014"}],"curies":[{"name":"wp","href":"https:\/\/api.w.org\/{rel}","templated":true}]}}