{"id":3015,"date":"2025-02-02T08:01:52","date_gmt":"2025-02-02T08:01:52","guid":{"rendered":"https:\/\/rmvapesale.com\/?post_type=product&#038;p=3015"},"modified":"2025-01-23T08:19:44","modified_gmt":"2025-01-23T08:19:44","slug":"smart-screen-disposable-vape-bang-king-35000-puff-35k-rechargeable-disposable-vape-0-2-5-nicotine-factory-price","status":"publish","type":"product","link":"https:\/\/rmvapesale.com\/pt\/product\/smart-screen-disposable-vape-bang-king-35000-puff-35k-rechargeable-disposable-vape-0-2-5-nicotine-factory-price\/","title":{"rendered":"Vape Descart\u00e1vel com Ecr\u00e3 Inteligente Bang King 35000 Puff 35k Vape Descart\u00e1vel Recarreg\u00e1vel 0% 2% 5% Pre\u00e7o de F\u00e1brica de Nicotina"},"content":{"rendered":"<div class=\"B2VR9 CJHX3e\">\n<div class=\"wyccme\">\n<div class=\"flex-shrink-0 flex flex-col relative items-end\">\n<div class=\"pt-0\">\n<div class=\"gizmo-bot-avatar flex h-8 w-8 items-center justify-center overflow-hidden rounded-full\">\n<div class=\"relative p-1 rounded-sm flex items-center justify-center bg-token-main-surface-primary text-token-text-primary h-8 w-8\">\n<div class=\"flex-shrink-0 flex flex-col relative items-end\">\n<div class=\"pt-0\">\n<div class=\"gizmo-bot-avatar flex h-8 w-8 items-center justify-center overflow-hidden rounded-full\">\n<div class=\"flex-shrink-0 flex flex-col relative items-end\">\n<div class=\"pt-0\">\n<div class=\"gizmo-bot-avatar flex h-8 w-8 items-center justify-center overflow-hidden rounded-full\">\n<h1 class=\"relative p-1 rounded-sm flex items-center justify-center bg-token-main-surface-primary text-token-text-primary h-8 w-8\">Vape Descart\u00e1vel com Ecr\u00e3 Inteligente Bang King 35000 Puff 35k Vape Descart\u00e1vel Recarreg\u00e1vel 0% 2% 5% Pre\u00e7o de F\u00e1brica de Nicotina<\/h1>\n<\/div>\n<\/div>\n<\/div>\n<\/div>\n<\/div>\n<\/div>\n<\/div>\n<\/div>\n<\/div>\n<\/div>\n<div class=\"group\/conversation-turn relative flex w-full min-w-0 flex-col agent-turn\">\n<div class=\"flex-col gap-1 md:gap-3\">\n<div class=\"flex max-w-full flex-col flex-grow\">\n<div class=\"min-h-8 text-message flex w-full flex-col items-end gap-2 whitespace-normal break-words text-start [.text-message+&amp;]:mt-5\" dir=\"auto\" data-message-author-role=\"assistant\" data-message-id=\"80ece0c4-ead1-4ed9-a9f0-ddc22582b4f4\" data-message-model-slug=\"gpt-4o\">\n<p>Procura um <strong>vaporizador descart\u00e1vel recarreg\u00e1vel de alta capacidade de puffs<\/strong> com funcionalidades inteligentes? O <strong>Vape Descart\u00e1vel com Ecr\u00e3 Inteligente Bang King 35000 Puffs<\/strong> \u00e9 a escolha perfeita para vapers que procuram <strong>grande capacidade de puffs, fluxo de ar ajust\u00e1vel e v\u00e1rios n\u00edveis de nicotina<\/strong>, tudo a um <strong>pre\u00e7o de venda por grosso baixo<\/strong>. Com uns incr\u00edveis <strong>capacidade de 35.000 puffs<\/strong>, este vape proporciona prazer duradouro, tornando-o um dos <strong>vapes descart\u00e1veis mais populares<\/strong> no mercado.<\/p>\n<p>Pr\u00e9-carregado com <strong>23ml de e-l\u00edquido<\/strong>, o Bang King garante uma experi\u00eancia de vaporiza\u00e7\u00e3o saborosa e sem complica\u00e7\u00f5es, sem a necessidade de recargas frequentes. A avan\u00e7ada <strong>bobina de resist\u00eancia de 0.6\u03a9<\/strong> proporciona uma produ\u00e7\u00e3o de vapor suave e satisfat\u00f3ria, enquanto a inovadora <strong>ecr\u00e3 inteligente<\/strong> mant\u00e9m-no informado com atualiza\u00e7\u00f5es em tempo real sobre os n\u00edveis de e-l\u00edquido e bateria.<\/p>\n<p>Concebido para conveni\u00eancia, o <strong>Bateria recarreg\u00e1vel de 850mAh<\/strong> suporta <strong>carregamento r\u00e1pido Tipo-C<\/strong>, permitindo-lhe voltar a vaporizar rapidamente. Quer prefira um <strong>vape com baixo teor de nicotina<\/strong> ou um golpe mais forte, o Bang King oferece m\u00faltiplas concentra\u00e7\u00f5es de nicotina, incluindo <strong>0%, 2%, 3% e 5%<\/strong>, atendendo a todas as prefer\u00eancias.<\/p>\n<p>Com <strong>fluxo de ar ajust\u00e1vel<\/strong>, pode afinar a sua experi\u00eancia de vaporiza\u00e7\u00e3o para uma tragada mais apertada ou um golpe mais suave e arejado. Al\u00e9m disso, com <strong>12 sabores deliciosos<\/strong> para escolher, h\u00e1 algo para satisfazer todos os gostos.<\/p>\n<p>Ideal para <strong>compradores a granel e distribuidores de vapes<\/strong>, este dispositivo vem a um <strong>pre\u00e7o direto de f\u00e1brica<\/strong>, tornando-o uma excelente op\u00e7\u00e3o para aqueles que procuram <strong>comprar vapes descart\u00e1veis a granel<\/strong>.<\/p>\n<\/div>\n<\/div>\n<\/div>\n<\/div>\n<div class=\"flex-shrink-0 flex flex-col relative items-end\">\n<div class=\"pt-0\">\n<div class=\"gizmo-bot-avatar flex h-8 w-8 items-center justify-center overflow-hidden rounded-full\">\n<p>&nbsp;<\/p>\n<\/div>\n<\/div>\n<\/div>\n<\/div>\n<\/div>\n<p><strong>Contacte a Amy para obter a resposta certa e cup\u00e3o de vape!<\/strong><\/p>\n<p><img loading=\"lazy\" decoding=\"async\" class=\"size-full wp-image-1978\" src=\"https:\/\/rmvapesale.com\/wp-content\/uploads\/2024\/09\/Disposable-Vape-Wholesale.jpg\" alt=\"Venda por grosso de vapes descart\u00e1veis\" width=\"229\" height=\"300\" \/><\/p>\n<h3><a href=\"https:\/\/wa.me\/8617776015835\" target=\"_blank\" rel=\"noopener\"><span style=\"color: #ff0000\"><strong>WhatsApp: +86 17776015835<\/strong><\/span><\/a><\/h3>\n<h3><\/h3>\n<h3><strong style=\"font-size: 1.7em\">Bang King 35000 Puff Principais Caracter\u00edsticas do Produto<\/strong><\/h3>\n<ul>\n<li><strong>Enormes 35.000 Puffs:<\/strong> Desfrute de vaporiza\u00e7\u00e3o prolongada sem substitui\u00e7\u00f5es frequentes.<\/li>\n<li><strong>Capacidade de E-L\u00edquido de 23ml:<\/strong> Proporciona uma divers\u00e3o duradoura, sem necessidade de recargas.<\/li>\n<li><strong>Ecr\u00e3 inteligente:<\/strong> Monitoriza a contagem de baforadas e o n\u00edvel da bateria em tempo real.<\/li>\n<li><strong>Op\u00e7\u00f5es de Nicotina:<\/strong> Dispon\u00edvel em 0%, 2%, 3% e 5% para se adequar a todos os utilizadores.<\/li>\n<li><strong>Bateria recarreg\u00e1vel de 850mAh:<\/strong> Desempenho de longa dura\u00e7\u00e3o com carregamento r\u00e1pido Type-C.<\/li>\n<li><strong>Controlo de fluxo de ar ajust\u00e1vel:<\/strong> Personalize o seu trago para a baforada perfeita.<\/li>\n<li><strong>Prote\u00e7\u00e3o Anti-Queimadura a Seco:<\/strong> Garante uma experi\u00eancia de vaporiza\u00e7\u00e3o suave e consistente.<\/li>\n<li><strong>12 Op\u00e7\u00f5es de Sabor:<\/strong> Vasta gama de sabores para satisfazer todos os gostos.<\/li>\n<\/ul>\n<figure id=\"attachment_2996\" aria-describedby=\"caption-attachment-2996\" style=\"width: 800px\" class=\"wp-caption alignnone\"><img loading=\"lazy\" decoding=\"async\" class=\"wp-image-2996 size-full\" src=\"https:\/\/rmvapesale.com\/wp-content\/uploads\/2025\/01\/Bang-King-Vape-35000-Puffs-Disposable-Vapes-Bulk-Buy.webp\" alt=\"Bang King Vape 35000 Puffs Vapes Descart\u00e1veis Compra a Granel\" width=\"800\" height=\"800\" srcset=\"https:\/\/rmvapesale.com\/wp-content\/uploads\/2025\/01\/Bang-King-Vape-35000-Puffs-Disposable-Vapes-Bulk-Buy.webp 800w, https:\/\/rmvapesale.com\/wp-content\/uploads\/2025\/01\/Bang-King-Vape-35000-Puffs-Disposable-Vapes-Bulk-Buy-300x300.webp 300w, https:\/\/rmvapesale.com\/wp-content\/uploads\/2025\/01\/Bang-King-Vape-35000-Puffs-Disposable-Vapes-Bulk-Buy-150x150.webp 150w, https:\/\/rmvapesale.com\/wp-content\/uploads\/2025\/01\/Bang-King-Vape-35000-Puffs-Disposable-Vapes-Bulk-Buy-768x768.webp 768w, https:\/\/rmvapesale.com\/wp-content\/uploads\/2025\/01\/Bang-King-Vape-35000-Puffs-Disposable-Vapes-Bulk-Buy-600x600.webp 600w, https:\/\/rmvapesale.com\/wp-content\/uploads\/2025\/01\/Bang-King-Vape-35000-Puffs-Disposable-Vapes-Bulk-Buy-100x100.webp 100w\" sizes=\"auto, (max-width: 800px) 100vw, 800px\" \/><figcaption id=\"caption-attachment-2996\" class=\"wp-caption-text\">Bang King Vape 35000 Puffs Vapes Descart\u00e1veis Compra a Granel<\/figcaption><\/figure>\n<h3><strong style=\"font-size: 1.7em\">Sabor Mais Vendido para Bang King 35000 Puffs<\/strong><strong style=\"font-size: 1.7em\">\u00a0Vaporizador<\/strong><\/h3>\n<p>O <strong>Bang King 35000 Puffs Vape Descart\u00e1vel Recarreg\u00e1vel<\/strong> oferece uma <strong>experi\u00eancia de vaping premium<\/strong> com <strong>tecnologia inteligente<\/strong>, tornando-o uma excelente escolha tanto para uso pessoal como para distribui\u00e7\u00e3o no mercado de Portugal. Encomende j\u00e1 e desfrute do que h\u00e1 de mais inovador em vaping descart\u00e1vel!<\/p>\n<ol>\n<li>Morango Manga<\/li>\n<li>Love66<\/li>\n<li>Blue Razz Ice<\/li>\n<li>Morango Melancia<\/li>\n<li>Menta de Lim\u00e3o<\/li>\n<li>Dupla Ma\u00e7\u00e3<\/li>\n<li>Bebida Energ\u00e9tica<\/li>\n<li>Gelo de P\u00eassego<\/li>\n<li>Morango Kiwi<\/li>\n<li>Grape Ice<\/li>\n<li>Mirtilo Gelado<\/li>\n<li>Melancia<\/li>\n<\/ol>\n<h3><strong>Porqu\u00ea Escolher a Rmvapesale para Bang King 35000 Puffs\u00a0 <\/strong><strong>V<\/strong><strong>Venda por grosso de vapes<\/strong><strong>?<\/strong><\/h3>\n<div class=\"flex-shrink-0 flex flex-col relative items-end\">\n<div class=\"pt-0\">\n<div class=\"gizmo-bot-avatar flex h-8 w-8 items-center justify-center overflow-hidden rounded-full\">\n<p>\u00c0 medida que a concorr\u00eancia no mercado de cigarros eletr\u00f3nicos descart\u00e1veis se intensifica, a Rmvapesale, l\u00edder global em solu\u00e7\u00f5es de vape descart\u00e1veis por grosso, lan\u00e7ou o Vapsolo DG 18000 Puffs Disposable Vape. Este produto pioneiro chama a aten\u00e7\u00e3o com a sua est\u00e9tica \u00fanica e design moderno. Apresentando uma extensa variedade de op\u00e7\u00f5es de sabores frutados, atende a um amplo espectro de gostos de consumidores, enfatizando a inova\u00e7\u00e3o e a versatilidade.<\/p>\n<p class=\"relative p-1 rounded-sm flex items-center justify-center bg-token-main-surface-primary text-token-text-primary h-8 w-8\">A Rmvapesale \u00e9 a sua loja de vape de confian\u00e7a para vapes descart\u00e1veis premium. Com mais de 5 anos de experi\u00eancia, trazemos-lhe marcas populares de vape descart\u00e1veis, como Al Fakher, JNR Vape, Vapsolo Vape, Vapme Vape, <a href=\"https:\/\/rmvapesale.com\/pt\/product-category\/bang-vapes\/\">Bang Vape<\/a>, Waspe Vape, WGA Vape e<a href=\"https:\/\/rmvapesale.com\/pt\/product-category\/randm-fumot-vape\/\"> RandM Vape<\/a>.A nossa gama inclui vape descart\u00e1vel de venda quente como o <a href=\"https:\/\/rmvapesale.com\/pt\/product\/vopk-tornado-15000-puffs-disposable-vape-led-display\/\">VOPK Tornado 15000 Baforadas<\/a> e op\u00e7\u00f5es ricas em sabor como o<a href=\"https:\/\/rmvapesale.com\/pt\/product\/elf-box-ls15000-puffs-shisha-hookah-disposable-vape\/\"> ELF BOX shisha Narguil\u00e9 15000 PUFFS<\/a>. Cada produto \u00e9 escolhido com foco na qualidade, valor e variedade, garantindo que encontre a combina\u00e7\u00e3o perfeita para as suas necessidades. Descubra um servi\u00e7o excecional e uma vasta gama de produtos de topo na Rmvapesale.<\/p>\n<p class=\"relative p-1 rounded-sm flex items-center justify-center bg-token-main-surface-primary text-token-text-primary h-8 w-8\"><b style=\"font-size: 1.5em;font-style: inherit\">Perguntas Frequentes Sobre o Bang King 35000 Puffs <\/b><b style=\"font-size: 1.5em;font-style: inherit\">Vape Descart\u00e1vel Recarreg\u00e1vel<\/b><\/p>\n<ol>\n<li><strong>Onde posso comprar o Vape Descart\u00e1vel Bang King 35000 Puffs a pre\u00e7os de atacado?<\/strong>\n<ul>\n<li>Pode obter os melhores pre\u00e7os diretos de f\u00e1brica em <a href=\"https:\/\/rmvapesale.com\/pt\/\" target=\"_new\" rel=\"noopener\">Rmvapesale<\/a>, a sua fonte de confian\u00e7a para cigarros eletr\u00f3nicos descart\u00e1veis de atacado.<\/li>\n<\/ul>\n<\/li>\n<li><strong>O vape Bang King 35000 \u00e9 recarreg\u00e1vel?<\/strong>\n<ul>\n<li>Sim, ele vem com uma bateria recarreg\u00e1vel de 850mAh e suporta carregamento r\u00e1pido Tipo-C.<\/li>\n<\/ul>\n<\/li>\n<li><strong>Quais as concentra\u00e7\u00f5es de nicotina dispon\u00edveis?<\/strong>\n<ul>\n<li>Este vape est\u00e1 dispon\u00edvel em n\u00edveis de nicotina de 0%, 2%, 3% e 5% para atender a diversas prefer\u00eancias.<\/li>\n<\/ul>\n<\/li>\n<li><strong>Como funciona o ecr\u00e3 inteligente?<\/strong>\n<ul>\n<li>O ecr\u00e3 fornece informa\u00e7\u00f5es em tempo real sobre a vida \u00fatil da bateria e os n\u00edveis de e-l\u00edquido, garantindo que esteja sempre informado.<\/li>\n<\/ul>\n<\/li>\n<li><strong>O Bang King 35K oferece fluxo de ar ajust\u00e1vel?<\/strong>\n<ul>\n<li>Sim, o recurso de fluxo de ar ajust\u00e1vel permite-lhe personalizar o seu estilo de vaporiza\u00e7\u00e3o para uma tragada mais apertada ou mais solta.<\/li>\n<\/ul>\n<\/li>\n<\/ol>\n<\/div>\n<\/div>\n<\/div>\n<h2>Como Encomendar?<\/h2>\n<div class=\"flex-shrink-0 flex flex-col relative items-end\">\n<div class=\"pt-0\">\n<div class=\"gizmo-bot-avatar flex h-8 w-8 items-center justify-center overflow-hidden rounded-full\">\n<div>\n<p><strong>1. Que m\u00e9todos de pagamento aceitam?<\/strong><br \/>\n<span class=\"selectable-text copyable-text false\">Para o pagamento, oferecemos transfer\u00eancia banc\u00e1ria e Western Union. A maioria dos nossos clientes da Europa escolhe transfer\u00eancia banc\u00e1ria, temos uma conta banc\u00e1ria local que pode pagar para a nossa conta IBAN sem taxa de manuseamento. <\/span>.<\/p>\n<p><strong>2. Como posso rastrear a minha encomenda?<\/strong><br \/>\nAp\u00f3s o envio da encomenda, <span class=\"selectable-text copyable-text false\">ofereceremos o n\u00famero de rastreamento para refer\u00eancia, tamb\u00e9m manteremos o status atualizado at\u00e9 que receba as cargas<\/span>.<\/p>\n<p><strong>3. Quanto tempo demora a chegar?<\/strong><\/p>\n<ul>\n<li>Envio de <strong>armaz\u00e9ns da China<\/strong> demora aproximadamente <strong>7-14 dias \u00fateis<\/strong>.<\/li>\n<li>Envio de <strong>armaz\u00e9ns europeus<\/strong> geralmente demora <strong>3-6 dias \u00fateis<\/strong>.<\/li>\n<\/ul>\n<p><strong>4. Como posso obter uma entrega mais r\u00e1pida?<\/strong><br \/>\nPara uma entrega mais r\u00e1pida, recomendamos encomendar no nosso <strong>armaz\u00e9m europeu<\/strong>, o que oferece prazos de envio mais r\u00e1pidos.<\/p>\n<p><strong>5. E se eu receber um produto danificado ou defeituoso?<\/strong><br \/>\nSe o seu artigo estiver danificado ou defeituoso, contacte o servi\u00e7o de apoio ao cliente para obter uma <strong>substitui\u00e7\u00e3o ou reembolso<\/strong>.<\/p>\n<p><strong>6. Como posso contactar o servi\u00e7o de apoio ao cliente?<\/strong><br \/>\nPode contactar-nos atrav\u00e9s do<strong>\u00a0WhatsApp ou chat ao vivo<\/strong> no nosso website para obter assist\u00eancia.<\/p>\n<\/div>\n<div class=\"relative p-1 rounded-sm flex items-center justify-center bg-token-main-surface-primary text-token-text-primary h-8 w-8\"><strong>7. Que m\u00e9todos de envio s\u00e3o utilizados?<\/strong><\/div>\n<\/div>\n<\/div>\n<\/div>\n<div class=\"group\/conversation-turn relative flex w-full min-w-0 flex-col agent-turn\">\n<div class=\"flex-col gap-1 md:gap-3\">\n<div class=\"flex max-w-full flex-col flex-grow\">\n<div class=\"min-h-[20px] text-message flex w-full flex-col items-end gap-2 whitespace-normal break-words [.text-message+&amp;]:mt-5 overflow-x-auto\" dir=\"auto\" data-message-author-role=\"assistant\" data-message-id=\"22f8283b-3233-46ff-89a5-c7a41b33abda\">\n<div class=\"flex w-full flex-col gap-1 empty:hidden first:pt-[3px]\">\n<div class=\"markdown prose w-full break-words dark:prose-invert light\">\n<p>Fazemos parceria com a UPS, DHL, FedEx, DPD e outras transportadoras l\u00edderes. Selecionaremos o melhor m\u00e9todo de envio com base na sua localiza\u00e7\u00e3o de entrega para garantir que receba os seus produtos o mais r\u00e1pido poss\u00edvel.<\/p>\n<\/div>\n<\/div>\n<\/div>\n<\/div>\n<\/div>\n<\/div>\n<p>Encontre mais produtos de vape que talvez goste:<strong><em><a href=\"https:\/\/rmvapesale.com\/pt\/shop-2\/\">comprar agora &gt;&gt;&gt;<\/a><\/em><\/strong><\/p>","protected":false},"excerpt":{"rendered":"<p>Vaporizador Descart\u00e1vel Recarreg\u00e1vel Barato Bang King 35000 Puffs<br \/>\nVape Descart\u00e1vel Popular Bang King 35k Puffs para Compra a Granel<br \/>\nVaporizador Descart\u00e1vel com Ecr\u00e3 LED Inteligente BangKing 35000 Puffs Venda por Grosso<\/p>\n<p><strong>Contacte a Amy para obter a resposta certa e cup\u00e3o de vape!<\/strong><\/p>\n<p><img loading=\"lazy\" decoding=\"async\" class=\"size-full wp-image-2375\" src=\"https:\/\/rmvapesale.com\/wp-content\/uploads\/2024\/10\/image.png\" alt=\"Melhor Vape Descart\u00e1vel\" width=\"229\" height=\"300\" \/><\/p>\n<h3><a href=\"https:\/\/wa.me\/8617776015835\"><span style=\"color: #ff0000\"><strong>WhatsApp: +86 17776015835<\/strong><\/span><\/a><\/h3>\n<p>&nbsp;<\/p>","protected":false},"featured_media":2995,"comment_status":"open","ping_status":"closed","template":"","meta":{"_uag_custom_page_level_css":"","_lmt_disableupdate":"no","_lmt_disable":"","site-sidebar-layout":"default","site-content-layout":"content-boxed-container","ast-site-content-layout":"normal-width-container","site-content-style":"boxed","site-sidebar-style":"unboxed","ast-global-header-display":"","ast-banner-title-visibility":"","ast-main-header-display":"","ast-hfb-above-header-display":"","ast-hfb-below-header-display":"","ast-hfb-mobile-header-display":"","site-post-title":"","ast-breadcrumbs-content":"","ast-featured-img":"","footer-sml-layout":"","theme-transparent-header-meta":"default","adv-header-id-meta":"","stick-header-meta":"","header-above-stick-meta":"","header-main-stick-meta":"","header-below-stick-meta":"","astra-migrate-meta-layouts":"set","ast-page-background-enabled":"default","ast-page-background-meta":{"desktop":{"background-color":"var(--ast-global-color-4)","background-image":"","background-repeat":"repeat","background-position":"center center","background-size":"auto","background-attachment":"scroll","background-type":"","background-media":"","overlay-type":"","overlay-color":"","overlay-opacity":"","overlay-gradient":""},"tablet":{"background-color":"","background-image":"","background-repeat":"repeat","background-position":"center center","background-size":"auto","background-attachment":"scroll","background-type":"","background-media":"","overlay-type":"","overlay-color":"","overlay-opacity":"","overlay-gradient":""},"mobile":{"background-color":"","background-image":"","background-repeat":"repeat","background-position":"center center","background-size":"auto","background-attachment":"scroll","background-type":"","background-media":"","overlay-type":"","overlay-color":"","overlay-opacity":"","overlay-gradient":""}},"ast-content-background-meta":{"desktop":{"background-color":"var(--ast-global-color-5)","background-image":"","background-repeat":"repeat","background-position":"center center","background-size":"auto","background-attachment":"scroll","background-type":"","background-media":"","overlay-type":"","overlay-color":"","overlay-opacity":"","overlay-gradient":""},"tablet":{"background-color":"var(--ast-global-color-5)","background-image":"","background-repeat":"repeat","background-position":"center center","background-size":"auto","background-attachment":"scroll","background-type":"","background-media":"","overlay-type":"","overlay-color":"","overlay-opacity":"","overlay-gradient":""},"mobile":{"background-color":"var(--ast-global-color-5)","background-image":"","background-repeat":"repeat","background-position":"center center","background-size":"auto","background-attachment":"scroll","background-type":"","background-media":"","overlay-type":"","overlay-color":"","overlay-opacity":"","overlay-gradient":""}},"_joinchat":[]},"product_brand":[],"product_cat":[15,289,291,292,293,295,299,279,246,25,123,26,28,135,27,60,137,136,30],"product_tag":[308,76,199,146,64,40,111,306],"class_list":{"0":"post-3015","1":"product","2":"type-product","3":"status-publish","4":"has-post-thumbnail","6":"product_cat-new-vape-this-week","7":"product_cat-big-puffs-disposable-vapes","8":"product_cat-dual-mesh-disposable-vapes","9":"product_cat-digital-disposable-vapes","10":"product_cat-low-nicotine-disposable-vapes","11":"product_cat-rechargeable-disposable-vapes","12":"product_cat-smart-screen-disposable-vapes","13":"product_cat-bang-king-vape","14":"product_cat-35000-puffs-disposable-vape","15":"product_cat-germany-best-selling-vape","16":"product_cat-italy-wholesale-vape","17":"product_cat-netherlands-hot-sale-vape","18":"product_cat-poland-hot-sale-vape","19":"product_cat-spain-best-hot-sale-vape","20":"product_cat-fance-hot-sale-vape","21":"product_cat-bang-vapes","22":"product_cat-rechargeable-vapes","23":"product_cat-smart-screen-vapes","24":"product_cat-minimum-order-quantity-50pcs","25":"product_tag-bang-king-35000","26":"product_tag-bang-king-vape","27":"product_tag-bang-vape","28":"product_tag-best-hot-sale-vape","29":"product_tag-dual-flavour-vape","30":"product_tag-hot-sale-vape","31":"product_tag-low-nicotine-disposable-vape","32":"product_tag-puff-bar","33":"desktop-align-left","34":"tablet-align-left","35":"mobile-align-left","37":"first","38":"instock","39":"sale","40":"shipping-taxable","41":"purchasable","42":"product-type-simple"},"uagb_featured_image_src":{"full":["https:\/\/rmvapesale.com\/wp-content\/uploads\/2025\/01\/Bang-King-35k-Puffs-Disposable-Vapes-Wholesale.webp",800,800,false],"thumbnail":["https:\/\/rmvapesale.com\/wp-content\/uploads\/2025\/01\/Bang-King-35k-Puffs-Disposable-Vapes-Wholesale-150x150.webp",150,150,true],"medium":["https:\/\/rmvapesale.com\/wp-content\/uploads\/2025\/01\/Bang-King-35k-Puffs-Disposable-Vapes-Wholesale-300x300.webp",300,300,true],"medium_large":["https:\/\/rmvapesale.com\/wp-content\/uploads\/2025\/01\/Bang-King-35k-Puffs-Disposable-Vapes-Wholesale-768x768.webp",768,768,true],"large":["https:\/\/rmvapesale.com\/wp-content\/uploads\/2025\/01\/Bang-King-35k-Puffs-Disposable-Vapes-Wholesale.webp",800,800,false],"1536x1536":["https:\/\/rmvapesale.com\/wp-content\/uploads\/2025\/01\/Bang-King-35k-Puffs-Disposable-Vapes-Wholesale.webp",800,800,false],"2048x2048":["https:\/\/rmvapesale.com\/wp-content\/uploads\/2025\/01\/Bang-King-35k-Puffs-Disposable-Vapes-Wholesale.webp",800,800,false],"trp-custom-language-flag":["https:\/\/rmvapesale.com\/wp-content\/uploads\/2025\/01\/Bang-King-35k-Puffs-Disposable-Vapes-Wholesale.webp",12,12,false],"woocommerce_thumbnail":["https:\/\/rmvapesale.com\/wp-content\/uploads\/2025\/01\/Bang-King-35k-Puffs-Disposable-Vapes-Wholesale-300x300.webp",300,300,true],"woocommerce_single":["https:\/\/rmvapesale.com\/wp-content\/uploads\/2025\/01\/Bang-King-35k-Puffs-Disposable-Vapes-Wholesale-600x600.webp",600,600,true],"woocommerce_gallery_thumbnail":["https:\/\/rmvapesale.com\/wp-content\/uploads\/2025\/01\/Bang-King-35k-Puffs-Disposable-Vapes-Wholesale-100x100.webp",100,100,true],"wcpr-photo-reviews":["https:\/\/rmvapesale.com\/wp-content\/uploads\/2025\/01\/Bang-King-35k-Puffs-Disposable-Vapes-Wholesale.webp",500,500,false]},"uagb_author_info":{"display_name":"AMY","author_link":"https:\/\/rmvapesale.com\/pt\/author\/"},"uagb_comment_info":0,"uagb_excerpt":"Bang King 35000 Puff\u00a0 Bar Rechargeable Disposable Vape Cheap Price Bang King 35k Puff Popular Disposable Vape Pen Bulk Buy BangKing 35000 Puff LED Display Smart Screen Disposable Vape Wholesale Contact Amy to get right reply and vape coupon! WhatsApp: +86 17776015835 &nbsp;","_links":{"self":[{"href":"https:\/\/rmvapesale.com\/pt\/wp-json\/wp\/v2\/product\/3015","targetHints":{"allow":["GET"]}}],"collection":[{"href":"https:\/\/rmvapesale.com\/pt\/wp-json\/wp\/v2\/product"}],"about":[{"href":"https:\/\/rmvapesale.com\/pt\/wp-json\/wp\/v2\/types\/product"}],"replies":[{"embeddable":true,"href":"https:\/\/rmvapesale.com\/pt\/wp-json\/wp\/v2\/comments?post=3015"}],"wp:featuredmedia":[{"embeddable":true,"href":"https:\/\/rmvapesale.com\/pt\/wp-json\/wp\/v2\/media\/2995"}],"wp:attachment":[{"href":"https:\/\/rmvapesale.com\/pt\/wp-json\/wp\/v2\/media?parent=3015"}],"wp:term":[{"taxonomy":"product_brand","embeddable":true,"href":"https:\/\/rmvapesale.com\/pt\/wp-json\/wp\/v2\/product_brand?post=3015"},{"taxonomy":"product_cat","embeddable":true,"href":"https:\/\/rmvapesale.com\/pt\/wp-json\/wp\/v2\/product_cat?post=3015"},{"taxonomy":"product_tag","embeddable":true,"href":"https:\/\/rmvapesale.com\/pt\/wp-json\/wp\/v2\/product_tag?post=3015"}],"curies":[{"name":"wp","href":"https:\/\/api.w.org\/{rel}","templated":true}]}}