{"id":1869,"date":"2024-04-29T08:45:44","date_gmt":"2024-04-29T08:45:44","guid":{"rendered":"https:\/\/rmvapesale.com\/?post_type=product&#038;p=1869"},"modified":"2025-01-20T03:11:06","modified_gmt":"2025-01-20T03:11:06","slug":"jnr-shisha-vape-15000-puffs-wholesale-price-with-screen-vape","status":"publish","type":"product","link":"https:\/\/rmvapesale.com\/ro\/product\/jnr-shisha-vape-15000-puffs-wholesale-price-with-screen-vape\/","title":{"rendered":"VOPK SHISHA VAPE 15000 PUFFS PRE\u021a DE GROS JNR CU ECRAN VAPE"},"content":{"rendered":"<h1>VOPK SHISHA VAPE 15000 PUFFS PRE\u021a DE GROS JNR CU ECRAN VAPE<\/h1>\n<p>VOPK SHISHA VAPE 15000 PUFFS JNR este un stilou de vape de unic\u0103 folosin\u021b\u0103 premium, conceput special pentru pasiona\u021bii de Direct-to-Lung (DTL). Cu o capacitate impresionant\u0103 de 15.000 de pufuri, acest dispozitiv asigur\u0103 o experien\u021b\u0103 de vapare prelungit\u0103 \u0219i satisf\u0103c\u0103toare. Structura intern\u0103 include o bobin\u0103 mesh de 0.6ohm care ofer\u0103 o produc\u021bie superioar\u0103 de vapori \u0219i arome bogate, fiind ideal\u0103 pentru cei care apreciaz\u0103 inhal\u0103rile profunde. Dispozitivul este echipat cu 20 ml de e-lichid, permi\u021b\u00e2nd sesiuni de vapare extinse.<\/p>\n<p>Utilizatorii pot alege din diverse concentra\u021bii de nicotin\u0103, inclusiv 0%, 2%, 3% sau 5%, adaptate diferitelor preferin\u021be. Vapa re\u00eenc\u0103rcabil\u0103 VOPK Shisha Hookah este alimentat\u0103 de o baterie fiabil\u0103 de 600mAh, asigur\u00e2nd o performan\u021b\u0103 constant\u0103 pe toat\u0103 durata sa de via\u021b\u0103, \u0219i dispune de un port de \u00eenc\u0103rcare de Tip-C pentru o re\u00eenc\u0103rcare rapid\u0103.<\/p>\n<p>VOPK Shisha bar 15000 Disponibil \u00een zece arome delicioase, cum ar fi M\u0103r Dublu \u0219i Pepene Ro\u0219u cu Ghea\u021b\u0103, acest stilou de vape combin\u0103 stilul, func\u021bionalitatea \u0219i versatilitatea, fiind o alegere de top pentru vaperii care caut\u0103 o experien\u021b\u0103 de \u00eenalt\u0103 calitate.<\/p>\n<p><strong>Ad\u0103uga\u021bi managerul de v\u00e2nz\u0103ri AMY pentru a primi un cupon de vape!<\/strong><\/p>\n<p><img loading=\"lazy\" decoding=\"async\" class=\"size-medium wp-image-1814\" src=\"https:\/\/rmvapesale.com\/wp-content\/uploads\/2024\/04\/whatsapp-amy-229x300.jpg\" alt=\"whatsapp amy\" width=\"229\" height=\"300\" srcset=\"https:\/\/rmvapesale.com\/wp-content\/uploads\/2024\/04\/whatsapp-amy-229x300.jpg 229w, https:\/\/rmvapesale.com\/wp-content\/uploads\/2024\/04\/whatsapp-amy-783x1024.jpg 783w, https:\/\/rmvapesale.com\/wp-content\/uploads\/2024\/04\/whatsapp-amy-768x1005.jpg 768w, https:\/\/rmvapesale.com\/wp-content\/uploads\/2024\/04\/whatsapp-amy-600x785.jpg 600w, https:\/\/rmvapesale.com\/wp-content\/uploads\/2024\/04\/whatsapp-amy.jpg 990w\" sizes=\"auto, (max-width: 229px) 100vw, 229px\" \/><\/p>\n<p><span style=\"color: #ff0000\"><strong>whatsapp <a style=\"color: #ff0000\" href=\"https:\/\/wa.me\/8617776015835\" target=\"_blank\" rel=\"noopener\">+86-17776015835<\/a><\/strong><\/span><\/p>\n<h2>VOPK Shisha Hookah 15000 15K Puffs Lista de arome:<\/h2>\n<p>1. M\u0103r Dublu<br \/>\n2. Pepene Dublu Ment\u0103<br \/>\n3. Struguri Ment\u0103<br \/>\n4. Piersic\u0103 Zemoas\u0103<br \/>\n5. Lady Killa<br \/>\n6. Mix Fructe de P\u0103dure cu Ghea\u021b\u0103<br \/>\n7. Ananas Nuc\u0103 de Cocos<br \/>\n8. Fructe de P\u0103dure Ro\u0219ii Slush<br \/>\n9. Pepene Ro\u0219u cu Ghea\u021b\u0103<br \/>\n10. White Mamba<\/p>\n<h2>VOPK JNR SHISHA VAPE 15000 PUFF: Pre\u021b cu ridicata cu Ecran Vape \u2013 \u00centreb\u0103ri Frecvente despre Produs<\/h2>\n<p>1. Care este specialitatea VOPK JNR SHISHA VAPE 15000 Puffs?<\/p>\n<p>VOPK JNR SHISHA VAPE 15K PUFF<span style=\"font-size: 16px\">\u00a0se remarc\u0103 prin capacitatea sa mare de pufuri, oferind p\u00e2n\u0103 la 15000 de pufuri per dispozitiv, asigur\u00e2nd o pl\u0103cere extins\u0103.<\/span><\/p>\n<p>2. Ce fel de m\u0103iestrie are dispozitivul VOPK JNR SHISHA VAPE 15K PUFFS?<\/p>\n<p>Dispozitivul VOPK VAPE SHISHA 15000 PUFF se m\u00e2ndre\u0219te cu un design \u00een dou\u0103 culori completat de imprimare UV, oferind un aspect vizual izbitor \u0219i o m\u0103iestrie meticuloas\u0103.<br \/>\n3. Ce tip de bobin\u0103 folose\u0219te VOPK VAPE SHISHA 15000 Puffs \u0219i care este rezisten\u021ba VOPK VAPE SHISHA 15K PUFF?<\/p>\n<p>VOPK VAPE SHISHA 15K PUFFS utilizeaz\u0103 tehnologia bobinei mesh cu o rezisten\u021b\u0103 de 0,6ohm\/m, asigur\u00e2nd performan\u021be stabile \u0219i o experien\u021b\u0103 de vaping fluid\u0103.<br \/>\n4. C\u00e2t lichid VOPK JNR SHISHA 15000 PUFF poate \u021bine atomizorul?<\/p>\n<p>Atomizorul VOPK JNR SHISHA 15000 Puffs are o capacitate de 20ML, permi\u021b\u00e2nd sesiuni de vaping de lung\u0103 durat\u0103 f\u0103r\u0103 reumpleri frecvente.<br \/>\n5. Din ce material este fabricat\u0103 bobina VOPK JNR SHISHA 15K PUFF?<\/p>\n<p>Bobina VOPK JNR SHISHA 15K PUFFS este fabricat\u0103 din material de bobin\u0103 mesh de \u00eenalt\u0103 calitate, asigur\u00e2nd o vaporizare excelent\u0103 \u0219i o livrare pur\u0103 a aromei.<br \/>\n6. Care este capacitatea bateriei dispozitivului VOPK JNR VAPE 15000 PUFF?<\/p>\n<p>VOPK JNR VAPE 15000 Puffs dispune de o baterie puternic\u0103 de 600mAh, oferind suport de putere de lung\u0103 durat\u0103 \u0219i fiabil pentru sesiuni de vaping ne\u00eentrerupte.<br \/>\n7. Ce tip de baterie folose\u0219te VOPK JNR VAPE 15K PUFF?<\/p>\n<p>Dispozitivul VOPK JNR VAPE 15K PUFFS utilizeaz\u0103 modelul de baterie 18250, cunoscut pentru durabilitatea \u0219i longevitatea sa.<br \/>\n8. C\u00e2t timp ar trebui s\u0103 \u00eencarc VAPE-ul meu VOPK JNR SHISHA 15000 PUFF?<\/p>\n<p>VAPE-ul VOPK VAPE SHISHA 15000 PUFF este echipat cu un port de \u00eenc\u0103rcare convenabil de tip C, permi\u021b\u00e2nd o \u00eenc\u0103rcare rapid\u0103 \u0219i eficient\u0103, asigur\u00e2nd un timp de nefunc\u021bionare minim.<br \/>\n9. Ce stil de vaping ofer\u0103 15000 PUFF JNR SHISHA VOPK?<\/p>\n<p>VOPK SHISHA VAPE 15000 PUFFS este potrivit pentru vapat Direct-\u00een-Pl\u0103m\u00e2ni (DTL), oferind o experien\u021b\u0103 de vapat bogat\u0103 \u0219i satisf\u0103c\u0103toare.<br \/>\n10. Cum asigur\u0103 15000 PUFF JNR VAPE VOPK confortul utilizatorului?<\/p>\n<p>Cu capacitatea sa mare de puf-uri, designul s\u0103u atractiv \u0219i tehnologia avansat\u0103 a rezisten\u021bei, VOPK SHISHA VAPE 15000 PUFFS prioritizeaz\u0103 satisfac\u021bia \u0219i confortul utilizatorului, fiind o alegere ideal\u0103 at\u00e2t pentru vaperii \u00eencep\u0103tori, c\u00e2t \u0219i pentru cei experimenta\u021bi.<\/p>\n<p>&nbsp;<\/p>\n<p>G\u0103si\u021bi mai multe produse de vapat care v-ar putea pl\u0103cea:<em><a href=\"https:\/\/rmvapesale.com\/ro\/shop-2\/\">cump\u0103r\u0103 acum\u00a0<\/a><\/em><\/p>\n<p>alte produse de vapat populare care v-ar putea pl\u0103cea:<\/p>","protected":false},"excerpt":{"rendered":"<p class=\"LC20lb MBeuO DKV0Md\">15K PUFFS JNR VAPE VOPK Pre\u021b Engros<br \/>\n15K PUFFS JNR SHISHA VOPK Pre\u021b de Fabric\u0103<br \/>\n15K PUFFS VAPE SHISHA VOPK Pre\u021b Redus<br \/>\n<strong>Contacta\u021bi-o pe Amy pentru mai multe reduceri \u0219i un MOQ mai mic pentru Vape<\/strong><\/p>\n<p><img loading=\"lazy\" decoding=\"async\" class=\"size-medium wp-image-1814\" src=\"https:\/\/rmvapesale.com\/wp-content\/uploads\/2024\/04\/whatsapp-amy-229x300.jpg\" alt=\"whatsapp amy\" width=\"229\" height=\"300\" srcset=\"https:\/\/rmvapesale.com\/wp-content\/uploads\/2024\/04\/whatsapp-amy-229x300.jpg 229w, https:\/\/rmvapesale.com\/wp-content\/uploads\/2024\/04\/whatsapp-amy-783x1024.jpg 783w, https:\/\/rmvapesale.com\/wp-content\/uploads\/2024\/04\/whatsapp-amy-768x1005.jpg 768w, https:\/\/rmvapesale.com\/wp-content\/uploads\/2024\/04\/whatsapp-amy-600x785.jpg 600w, https:\/\/rmvapesale.com\/wp-content\/uploads\/2024\/04\/whatsapp-amy.jpg 990w\" sizes=\"auto, (max-width: 229px) 100vw, 229px\" \/><\/p>\n<h3><span style=\"color: #ff0000\"><strong>WhatsApp: +86 17776015835<\/strong><\/span><\/h3>","protected":false},"featured_media":1864,"comment_status":"open","ping_status":"closed","template":"","meta":{"_uag_custom_page_level_css":"","_lmt_disableupdate":"no","_lmt_disable":"","site-sidebar-layout":"default","site-content-layout":"content-boxed-container","ast-site-content-layout":"normal-width-container","site-content-style":"boxed","site-sidebar-style":"unboxed","ast-global-header-display":"","ast-banner-title-visibility":"","ast-main-header-display":"","ast-hfb-above-header-display":"","ast-hfb-below-header-display":"","ast-hfb-mobile-header-display":"","site-post-title":"","ast-breadcrumbs-content":"","ast-featured-img":"","footer-sml-layout":"","theme-transparent-header-meta":"default","adv-header-id-meta":"","stick-header-meta":"","header-above-stick-meta":"","header-main-stick-meta":"","header-below-stick-meta":"","astra-migrate-meta-layouts":"set","ast-page-background-enabled":"default","ast-page-background-meta":{"desktop":{"background-color":"var(--ast-global-color-4)","background-image":"","background-repeat":"repeat","background-position":"center center","background-size":"auto","background-attachment":"scroll","background-type":"","background-media":"","overlay-type":"","overlay-color":"","overlay-opacity":"","overlay-gradient":""},"tablet":{"background-color":"","background-image":"","background-repeat":"repeat","background-position":"center center","background-size":"auto","background-attachment":"scroll","background-type":"","background-media":"","overlay-type":"","overlay-color":"","overlay-opacity":"","overlay-gradient":""},"mobile":{"background-color":"","background-image":"","background-repeat":"repeat","background-position":"center center","background-size":"auto","background-attachment":"scroll","background-type":"","background-media":"","overlay-type":"","overlay-color":"","overlay-opacity":"","overlay-gradient":""}},"ast-content-background-meta":{"desktop":{"background-color":"var(--ast-global-color-5)","background-image":"","background-repeat":"repeat","background-position":"center center","background-size":"auto","background-attachment":"scroll","background-type":"","background-media":"","overlay-type":"","overlay-color":"","overlay-opacity":"","overlay-gradient":""},"tablet":{"background-color":"var(--ast-global-color-5)","background-image":"","background-repeat":"repeat","background-position":"center center","background-size":"auto","background-attachment":"scroll","background-type":"","background-media":"","overlay-type":"","overlay-color":"","overlay-opacity":"","overlay-gradient":""},"mobile":{"background-color":"var(--ast-global-color-5)","background-image":"","background-repeat":"repeat","background-position":"center center","background-size":"auto","background-attachment":"scroll","background-type":"","background-media":"","overlay-type":"","overlay-color":"","overlay-opacity":"","overlay-gradient":""}},"_joinchat":[]},"product_brand":[],"product_cat":[25,289,293,295,296,280,26,28,27,31,61,137,136,15,30],"product_tag":[44,40,41,43,42,37],"class_list":{"0":"post-1869","1":"product","2":"type-product","3":"status-publish","4":"has-post-thumbnail","6":"product_cat-germany-best-selling-vape","7":"product_cat-big-puffs-disposable-vapes","8":"product_cat-low-nicotine-disposable-vapes","9":"product_cat-rechargeable-disposable-vapes","10":"product_cat-shisha-hookah-disposable-vapes","11":"product_cat-vopk-vape","12":"product_cat-netherlands-hot-sale-vape","13":"product_cat-poland-hot-sale-vape","14":"product_cat-fance-hot-sale-vape","15":"product_cat-randm-fumot-vape","16":"product_cat-15000-puffs-disposable-vapes","17":"product_cat-rechargeable-vapes","18":"product_cat-smart-screen-vapes","19":"product_cat-new-vape-this-week","20":"product_cat-minimum-order-quantity-50pcs","21":"product_tag-15k-puffs-15000-vape-wholesale","22":"product_tag-hot-sale-vape","23":"product_tag-original-factory-vape","24":"product_tag-shisha-vape","25":"product_tag-vopk-vape","26":"product_tag-wholesale-vape-price","27":"desktop-align-left","28":"tablet-align-left","29":"mobile-align-left","31":"first","32":"instock","33":"sale","34":"shipping-taxable","35":"purchasable","36":"product-type-simple"},"uagb_featured_image_src":{"full":["https:\/\/rmvapesale.com\/wp-content\/uploads\/2024\/04\/VOPK-SHISHA-VAPE-15K-PUFFS-PRICE.jpg",500,500,false],"thumbnail":["https:\/\/rmvapesale.com\/wp-content\/uploads\/2024\/04\/VOPK-SHISHA-VAPE-15K-PUFFS-PRICE-150x150.jpg",150,150,true],"medium":["https:\/\/rmvapesale.com\/wp-content\/uploads\/2024\/04\/VOPK-SHISHA-VAPE-15K-PUFFS-PRICE-300x300.jpg",300,300,true],"medium_large":["https:\/\/rmvapesale.com\/wp-content\/uploads\/2024\/04\/VOPK-SHISHA-VAPE-15K-PUFFS-PRICE.jpg",500,500,false],"large":["https:\/\/rmvapesale.com\/wp-content\/uploads\/2024\/04\/VOPK-SHISHA-VAPE-15K-PUFFS-PRICE.jpg",500,500,false],"1536x1536":["https:\/\/rmvapesale.com\/wp-content\/uploads\/2024\/04\/VOPK-SHISHA-VAPE-15K-PUFFS-PRICE.jpg",500,500,false],"2048x2048":["https:\/\/rmvapesale.com\/wp-content\/uploads\/2024\/04\/VOPK-SHISHA-VAPE-15K-PUFFS-PRICE.jpg",500,500,false],"trp-custom-language-flag":["https:\/\/rmvapesale.com\/wp-content\/uploads\/2024\/04\/VOPK-SHISHA-VAPE-15K-PUFFS-PRICE.jpg",12,12,false],"woocommerce_thumbnail":["https:\/\/rmvapesale.com\/wp-content\/uploads\/2024\/04\/VOPK-SHISHA-VAPE-15K-PUFFS-PRICE-300x300.jpg",300,300,true],"woocommerce_single":["https:\/\/rmvapesale.com\/wp-content\/uploads\/2024\/04\/VOPK-SHISHA-VAPE-15K-PUFFS-PRICE.jpg",500,500,false],"woocommerce_gallery_thumbnail":["https:\/\/rmvapesale.com\/wp-content\/uploads\/2024\/04\/VOPK-SHISHA-VAPE-15K-PUFFS-PRICE-100x100.jpg",100,100,true],"wcpr-photo-reviews":["https:\/\/rmvapesale.com\/wp-content\/uploads\/2024\/04\/VOPK-SHISHA-VAPE-15K-PUFFS-PRICE.jpg",500,500,false]},"uagb_author_info":{"display_name":"yannazhan","author_link":"https:\/\/rmvapesale.com\/ro\/author\/"},"uagb_comment_info":0,"uagb_excerpt":"15K PUFFS JNR VAPE VOPK Wholesale Price 15K PUFFS JNR SHISHA VOPK Factory Price 15K PUFFS VAPE SHISHA VOPK Discount Price Contact Amy For More Discount And Lower MOQ Vape WhatsApp: +86 17776015835","_links":{"self":[{"href":"https:\/\/rmvapesale.com\/ro\/wp-json\/wp\/v2\/product\/1869","targetHints":{"allow":["GET"]}}],"collection":[{"href":"https:\/\/rmvapesale.com\/ro\/wp-json\/wp\/v2\/product"}],"about":[{"href":"https:\/\/rmvapesale.com\/ro\/wp-json\/wp\/v2\/types\/product"}],"replies":[{"embeddable":true,"href":"https:\/\/rmvapesale.com\/ro\/wp-json\/wp\/v2\/comments?post=1869"}],"wp:featuredmedia":[{"embeddable":true,"href":"https:\/\/rmvapesale.com\/ro\/wp-json\/wp\/v2\/media\/1864"}],"wp:attachment":[{"href":"https:\/\/rmvapesale.com\/ro\/wp-json\/wp\/v2\/media?parent=1869"}],"wp:term":[{"taxonomy":"product_brand","embeddable":true,"href":"https:\/\/rmvapesale.com\/ro\/wp-json\/wp\/v2\/product_brand?post=1869"},{"taxonomy":"product_cat","embeddable":true,"href":"https:\/\/rmvapesale.com\/ro\/wp-json\/wp\/v2\/product_cat?post=1869"},{"taxonomy":"product_tag","embeddable":true,"href":"https:\/\/rmvapesale.com\/ro\/wp-json\/wp\/v2\/product_tag?post=1869"}],"curies":[{"name":"wp","href":"https:\/\/api.w.org\/{rel}","templated":true}]}}