{"id":1874,"date":"2024-05-09T07:00:52","date_gmt":"2024-05-09T07:00:52","guid":{"rendered":"https:\/\/rmvapesale.com\/?post_type=product&#038;p=1874"},"modified":"2024-10-21T08:04:35","modified_gmt":"2024-10-21T08:04:35","slug":"randm-tornado-15000-puffs-15k-vape-recharge-fumot-original-vape-factory-price","status":"publish","type":"product","link":"https:\/\/rmvapesale.com\/ro\/product\/randm-tornado-15000-puffs-15k-vape-recharge-fumot-original-vape-factory-price\/","title":{"rendered":"RANDM TORNADO 15000 PUFURI 15K VAPE RE\u00ceNC\u0102RCABIL FUMOT ORIGINAL VAPE PRE\u021a DE FABRIC\u0102"},"content":{"rendered":"<h1>RANDM TORNADO 15000 PUFURI 15K VAPE RE\u00ceNC\u0102RCABIL FUMOT ORIGINAL VAPE PRE\u021a DE FABRIC\u0102<\/h1>\n<p>Tigara electronica RANDM TORNADO VAPE 15000 PUFFS, re\u00eenc\u0103rcabil\u0103, este acum popular\u0103 \u00een majoritatea \u021b\u0103rilor europene. Cum se cump\u0103r\u0103 \u021big\u0103ri electronice Randm Tornado 15k? Ce este tigara electronica Fumot tornado 15k? Spune 'bun\u0103 ziua' \u021big\u0103rii electronice RANDM Tornado 15K \u2013 o crea\u021bie de top de la Fumot. Aceasta dispune de o capacitate de 15.000 de pufuri, ridic\u00e2nd standardele \u00een lumea \u021big\u0103rilor electronice. Creat\u0103 de speciali\u0219tii de la Shenzhen Fumot Technology, aceast\u0103 \u021bigar\u0103 electronic\u0103 nu doar arat\u0103 bine, ci \u0219i ofer\u0103 performan\u021be excelente.<\/p>\n<p>Cu op\u021biuni pentru con\u021binutul de nicotin\u0103 variind de la 0% la 5% \u0219i pre\u00eenc\u0103rcat\u0103 cu 25 ml de e-lichid, are arome pentru zile. Alimentat\u0103 de o baterie re\u00eenc\u0103rcabil\u0103 de 850 mAh \u0219i cu o rezisten\u021b\u0103 Mesh de 0.9\u03a9, garanteaz\u0103 o experien\u021b\u0103 de vapare lin\u0103 de fiecare dat\u0103. Po\u021bi monitoriza nivelurile de e-lichid \u0219i baterie cu ajutorul indicatorului LED \u2013 este foarte u\u0219or. Preg\u0103te\u0219te-te pentru experien\u021ba suprem\u0103 de vapare cu \u021bigara electronic\u0103 RANDM Tornado 15K<\/p>\n<p>&nbsp;<\/p>\n<p><strong>Adaug\u0103 managerul de v\u00e2nz\u0103ri AMY pe whatsapp <a href=\"https:\/\/wa.me\/8617776015835\" target=\"_blank\" rel=\"noopener\">+86-17776015835<\/a> ob\u021bine mai multe reduceri!<\/strong><\/p>\n<p><img loading=\"lazy\" decoding=\"async\" class=\"size-medium wp-image-1814\" src=\"https:\/\/rmvapesale.com\/wp-content\/uploads\/2024\/04\/whatsapp-amy-229x300.jpg\" alt=\"whatsapp amy\" width=\"229\" height=\"300\" srcset=\"https:\/\/rmvapesale.com\/wp-content\/uploads\/2024\/04\/whatsapp-amy-229x300.jpg 229w, https:\/\/rmvapesale.com\/wp-content\/uploads\/2024\/04\/whatsapp-amy-783x1024.jpg 783w, https:\/\/rmvapesale.com\/wp-content\/uploads\/2024\/04\/whatsapp-amy-768x1005.jpg 768w, https:\/\/rmvapesale.com\/wp-content\/uploads\/2024\/04\/whatsapp-amy-600x785.jpg 600w, https:\/\/rmvapesale.com\/wp-content\/uploads\/2024\/04\/whatsapp-amy.jpg 990w\" sizes=\"auto, (max-width: 229px) 100vw, 229px\" \/><\/p>\n<h2>Specifica\u021bii \u021big\u0103rii electronice de unic\u0103 folosin\u021b\u0103 FUMOT TORNADO 15000:<\/h2>\n<p>Op\u021biuni de con\u021binut de nicotin\u0103: 0%, 2%, 3% \u0219i 5%<br \/>\nP\u00e2n\u0103 la 15000 de pufuri<br \/>\nPre-umplut cu 25ml de e-lichid<br \/>\nBaterie re\u00eenc\u0103rcabil\u0103 de 850mAh<br \/>\nRezisten\u021b\u0103 tip mesh de 0.9\u03a9<br \/>\n41 de arome disponibile<\/p>\n<h2>Cea mai bun\u0103 arom\u0103 Randm 15000 Puff<\/h2>\n<p>1 Blue Razz Lemonade<br \/>\n2 Peach Ice<br \/>\n3 M\u0103r Acru<br \/>\n4 Pepene Verde cu Ghea\u021b\u0103<br \/>\n5 Afine cu Ghea\u021b\u0103<br \/>\n6 Afine Zmeur\u0103<br \/>\n7 Ananas cu Ghea\u021b\u0103<br \/>\n8 Cire\u0219e<br \/>\n9 C\u0103p\u0219uni cu Ghea\u021b\u0103<br \/>\n10 Vimto\u00a0 <span style=\"color: #ff0000\"><strong>&gt;&gt;&gt;&gt; Fierbinte!<\/strong><\/span><br \/>\n11 Struguri cu Ghea\u021b\u0103<br \/>\n12 Cola cu Ghea\u021b\u0103<br \/>\n13 C\u0103p\u0219uni Pepene Verde<br \/>\n14 Limonad\u0103 Roz <span style=\"color: #ff0000\"><strong>&gt;&gt;&gt;&gt; Cel mai bun!<\/strong><\/span><br \/>\n15 Fructe de P\u0103dure Mixte <span style=\"color: #ff0000\"><strong>&gt;&gt;&gt;&gt; Fierbinte!<\/strong><\/span><br \/>\n16 Piersici Mango<br \/>\n17.Fructul dragonului<br \/>\n18.C\u0103p\u0219uni Struguri<br \/>\n19.Domnul Albastru <span style=\"color: #ff0000\"><strong>&gt;&gt;&gt;&gt; Fierbinte!<\/strong><\/span><br \/>\n20.Ghea\u021b\u0103 Bogat\u0103<br \/>\n21.Acadea cu Ghea\u021b\u0103<br \/>\n22.C\u0103p\u0219uni Kiwi<br \/>\n23.Kiwi, fructul pasiunii, guava<br \/>\n24.Fructe de p\u0103dure triple <span style=\"color: #ff0000\"><strong>&gt;&gt;&gt;&gt; Fierbinte!<\/strong><\/span><br \/>\n25.Banane cu ghea\u021b\u0103<br \/>\n26.Bomboane de piersici \u0219i afine<br \/>\n27.M\u0103r, piersic\u0103, par\u0103<br \/>\n28.Limonad\u0103 de fructe de p\u0103dure<br \/>\n29.Zmeur\u0103 albastr\u0103, cire\u0219e<br \/>\n30.Gum\u0103 de mestecat cu afine<br \/>\n31.Afine, cire\u0219e, meri\u0219oare<br \/>\n32.Afine, rodie<br \/>\n33.Zmeur\u0103 Acri\u0219oar\u0103<br \/>\n34.Cire\u0219e Cola<br \/>\n35.Ursule\u021b Gumat<br \/>\n36.L\u0103m\u00e2ie<br \/>\n37.Mango Cu Ghea\u021b\u0103<br \/>\n38.Red Energy Ice<br \/>\n39.Banan\u0103 cu C\u0103p\u0219uni<br \/>\n40.C\u0103p\u0219uni Red Bull<br \/>\n41.Limonad\u0103 de C\u0103p\u0219uni \u0219i Pepene<\/p>\n<p>&nbsp;<\/p>\n<h2>Randm Tornado 15000 \u00centreb\u0103ri Frecvente<\/h2>\n<p>1.Ce este RANDM VAPE 15K TORNADO Original?<br \/>\nRANDM VAPE 15K TORNADO Original este o \u021bigar\u0103 electronic\u0103 de unic\u0103 folosin\u021b\u0103 foarte popular\u0103, fabricat\u0103 de Fumot Vape Tech. Este numit\u0103 astfel pentru capacitatea sa impresionant\u0103 de 15.000 de pufuri.<\/p>\n<p>2.Cine produce RANDM VAPE 15K TORNADO Autentic?<br \/>\nR: VAPE RANDM 15K TORNADO Autentic este fabricat de Shenzhen Fumot Technology, o companie lider \u00een industria de vaping, recunoscut\u0103 pentru produsele sale inovatoare.<\/p>\n<p>3.Ce face ca RANDM VAPE 15K TORNADO Autentic s\u0103 fie unic?<\/p>\n<p>Cu o capacitate de 15.000 de pufuri, RANDM VAPE 15K TORNADO Autentic se remarc\u0103 ca una dintre \u021big\u0103rile electronice de unic\u0103 folosin\u021b\u0103 cu cea mai mare capacitate de pe pia\u021b\u0103. Este o alegere bun\u0103 pentru cei care doresc dispozitive cu o durat\u0103 de utilizare mai lung\u0103.<\/p>\n<p>4.Ce arome sunt disponibile pentru RANDM VAPE 15K TORNADO Autentic?<br \/>\nRANDM VAPE 15K TORNADO Autentic vine \u00eentr-o varietate de arome, inclusiv Apple Peach Pear, Banana Ice, Berry Lemonade, Blue Razz Cherry \u0219i multe altele. Cu 41 de arome din care s\u0103 alegi, exist\u0103 ceva pentru fiecare gust.<\/p>\n<p>5.C\u00e2t dureaz\u0103 bateria la RANDM VAPE 15K TORNADO Autentic?<br \/>\nR: VAPE RANDM 15K TORNADO Autentic dispune de o baterie \u00eencorporat\u0103 cu o capacitate de 850mAh, oferind o utilizare extins\u0103 la o singur\u0103 \u00eenc\u0103rcare. \u00cens\u0103, durata exact\u0103 a bateriei depinde de tiparele individuale de utilizare.<\/p>\n<p>6.Este RANDM VAPE 15000 TORNADO Original re\u00eenc\u0103rcabil\u0103?<br \/>\nNu, RANDM VAPE 15000 TORNADO Original este un dispozitiv de vapare de unic\u0103 folosin\u021b\u0103 \u0219i nu este re\u00eenc\u0103rcabil. Odat\u0103 ce bateria se epuizeaz\u0103 sau e-lichidul se termin\u0103, dispozitivul trebuie aruncat \u00een mod responsabil.<\/p>\n<p>7.Cum pot cump\u0103ra RANDM VAPE 15000 Autentic?<br \/>\nRANDM VAPE 15000 Autentic este disponibil pentru cump\u0103rare prin distribuitori autoriza\u021bi. Pentru cereri de en-gros, distribuitorii pot <a href=\"https:\/\/wa.me\/8617776015835\" target=\"_blank\" rel=\"noopener\">contacteaz\u0103-ne<\/a> direct. Clien\u021bii de retail pot g\u0103si produsul la anumi\u021bi retaileri sau magazine online.<\/p>\n<p>&nbsp;<\/p>\n<p>G\u0103si\u021bi mai multe produse de vapat care v-ar putea pl\u0103cea:<em><a href=\"https:\/\/rmvapesale.com\/ro\/shop-2\/\">cump\u0103r\u0103 acum\u00a0<\/a><\/em><\/p>\n<p>alte produse de vapat populare care v-ar putea pl\u0103cea:<\/p>\n<p><a href=\"https:\/\/rmvapesale.com\/ro\/product\/jnr-shisha-vape-15000-puffs-wholesale-price-with-screen-vape\/\">VOPK SHISHA 15K<\/a><\/p>\n<p><a href=\"https:\/\/rmvapesale.com\/ro\/product\/randm-vape-al-fakher-10000-puffs-vape-wholesale\/\">\u021bigar\u0103 electronic\u0103 randm vape AI FAKHER 15k<\/a><\/p>","protected":false},"excerpt":{"rendered":"<p class=\"LC20lb MBeuO DKV0Md\">15K PUFFS FUMOT VAPE RANDM Pre\u021b en-gros<br \/>\n15K PUFFS FUMOT ORIGINAL RANDM Pre\u021b de fabric\u0103<br \/>\n15K PUFFS Autentic FUMOT VAPE TORNADO RANDM Pre\u021b cu discount<br \/>\n<strong>Contacta\u021bi-o pe Amy pentru mai multe reduceri \u0219i un MOQ mai mic pentru Vape<\/strong><\/p>\n<p><img loading=\"lazy\" decoding=\"async\" class=\"size-medium wp-image-1814\" src=\"https:\/\/rmvapesale.com\/wp-content\/uploads\/2024\/04\/whatsapp-amy-229x300.jpg\" alt=\"whatsapp amy\" width=\"229\" height=\"300\" srcset=\"https:\/\/rmvapesale.com\/wp-content\/uploads\/2024\/04\/whatsapp-amy-229x300.jpg 229w, https:\/\/rmvapesale.com\/wp-content\/uploads\/2024\/04\/whatsapp-amy-783x1024.jpg 783w, https:\/\/rmvapesale.com\/wp-content\/uploads\/2024\/04\/whatsapp-amy-768x1005.jpg 768w, https:\/\/rmvapesale.com\/wp-content\/uploads\/2024\/04\/whatsapp-amy-600x785.jpg 600w, https:\/\/rmvapesale.com\/wp-content\/uploads\/2024\/04\/whatsapp-amy.jpg 990w\" sizes=\"auto, (max-width: 229px) 100vw, 229px\" \/><\/p>\n<h3><span style=\"color: #ff0000\"><strong>WhatsApp: +86 17776015835<\/strong><\/span><\/h3>","protected":false},"featured_media":1877,"comment_status":"open","ping_status":"closed","template":"","meta":{"_uag_custom_page_level_css":"","_lmt_disableupdate":"no","_lmt_disable":"","site-sidebar-layout":"default","site-content-layout":"content-boxed-container","ast-site-content-layout":"normal-width-container","site-content-style":"boxed","site-sidebar-style":"unboxed","ast-global-header-display":"","ast-banner-title-visibility":"","ast-main-header-display":"","ast-hfb-above-header-display":"","ast-hfb-below-header-display":"","ast-hfb-mobile-header-display":"","site-post-title":"","ast-breadcrumbs-content":"","ast-featured-img":"","footer-sml-layout":"","theme-transparent-header-meta":"default","adv-header-id-meta":"","stick-header-meta":"","header-above-stick-meta":"","header-main-stick-meta":"","header-below-stick-meta":"","astra-migrate-meta-layouts":"set","ast-page-background-enabled":"default","ast-page-background-meta":{"desktop":{"background-color":"var(--ast-global-color-4)","background-image":"","background-repeat":"repeat","background-position":"center center","background-size":"auto","background-attachment":"scroll","background-type":"","background-media":"","overlay-type":"","overlay-color":"","overlay-opacity":"","overlay-gradient":""},"tablet":{"background-color":"","background-image":"","background-repeat":"repeat","background-position":"center center","background-size":"auto","background-attachment":"scroll","background-type":"","background-media":"","overlay-type":"","overlay-color":"","overlay-opacity":"","overlay-gradient":""},"mobile":{"background-color":"","background-image":"","background-repeat":"repeat","background-position":"center center","background-size":"auto","background-attachment":"scroll","background-type":"","background-media":"","overlay-type":"","overlay-color":"","overlay-opacity":"","overlay-gradient":""}},"ast-content-background-meta":{"desktop":{"background-color":"var(--ast-global-color-5)","background-image":"","background-repeat":"repeat","background-position":"center center","background-size":"auto","background-attachment":"scroll","background-type":"","background-media":"","overlay-type":"","overlay-color":"","overlay-opacity":"","overlay-gradient":""},"tablet":{"background-color":"var(--ast-global-color-5)","background-image":"","background-repeat":"repeat","background-position":"center center","background-size":"auto","background-attachment":"scroll","background-type":"","background-media":"","overlay-type":"","overlay-color":"","overlay-opacity":"","overlay-gradient":""},"mobile":{"background-color":"var(--ast-global-color-5)","background-image":"","background-repeat":"repeat","background-position":"center center","background-size":"auto","background-attachment":"scroll","background-type":"","background-media":"","overlay-type":"","overlay-color":"","overlay-opacity":"","overlay-gradient":""}},"_joinchat":[]},"product_brand":[],"product_cat":[25,51,123,26,28,135,27,31,61,137,15,30],"product_tag":[44,39,40,41,171,38,37],"class_list":{"0":"post-1874","1":"product","2":"type-product","3":"status-publish","4":"has-post-thumbnail","6":"product_cat-germany-best-selling-vape","7":"product_cat-fumot-vape","8":"product_cat-italy-wholesale-vape","9":"product_cat-netherlands-hot-sale-vape","10":"product_cat-poland-hot-sale-vape","11":"product_cat-spain-best-hot-sale-vape","12":"product_cat-fance-hot-sale-vape","13":"product_cat-randm-fumot-vape","14":"product_cat-15000-puffs-disposable-vapes","15":"product_cat-rechargeable-vapes","16":"product_cat-new-vape-this-week","17":"product_cat-minimum-order-quantity-50pcs","18":"product_tag-15k-puffs-15000-vape-wholesale","19":"product_tag-fumot-vape","20":"product_tag-hot-sale-vape","21":"product_tag-original-factory-vape","22":"product_tag-randm-15000","23":"product_tag-randm-vape","24":"product_tag-wholesale-vape-price","25":"desktop-align-left","26":"tablet-align-left","27":"mobile-align-left","29":"first","30":"instock","31":"sale","32":"shipping-taxable","33":"purchasable","34":"product-type-simple"},"uagb_featured_image_src":{"full":["https:\/\/rmvapesale.com\/wp-content\/uploads\/2024\/05\/randm-vape-tornado-15k-fumot.jpg",424,589,false],"thumbnail":["https:\/\/rmvapesale.com\/wp-content\/uploads\/2024\/05\/randm-vape-tornado-15k-fumot-150x150.jpg",150,150,true],"medium":["https:\/\/rmvapesale.com\/wp-content\/uploads\/2024\/05\/randm-vape-tornado-15k-fumot-216x300.jpg",216,300,true],"medium_large":["https:\/\/rmvapesale.com\/wp-content\/uploads\/2024\/05\/randm-vape-tornado-15k-fumot.jpg",424,589,false],"large":["https:\/\/rmvapesale.com\/wp-content\/uploads\/2024\/05\/randm-vape-tornado-15k-fumot.jpg",424,589,false],"1536x1536":["https:\/\/rmvapesale.com\/wp-content\/uploads\/2024\/05\/randm-vape-tornado-15k-fumot.jpg",424,589,false],"2048x2048":["https:\/\/rmvapesale.com\/wp-content\/uploads\/2024\/05\/randm-vape-tornado-15k-fumot.jpg",424,589,false],"trp-custom-language-flag":["https:\/\/rmvapesale.com\/wp-content\/uploads\/2024\/05\/randm-vape-tornado-15k-fumot.jpg",9,12,false],"woocommerce_thumbnail":["https:\/\/rmvapesale.com\/wp-content\/uploads\/2024\/05\/randm-vape-tornado-15k-fumot-300x300.jpg",300,300,true],"woocommerce_single":["https:\/\/rmvapesale.com\/wp-content\/uploads\/2024\/05\/randm-vape-tornado-15k-fumot.jpg",424,589,false],"woocommerce_gallery_thumbnail":["https:\/\/rmvapesale.com\/wp-content\/uploads\/2024\/05\/randm-vape-tornado-15k-fumot-100x100.jpg",100,100,true],"wcpr-photo-reviews":["https:\/\/rmvapesale.com\/wp-content\/uploads\/2024\/05\/randm-vape-tornado-15k-fumot.jpg",360,500,false]},"uagb_author_info":{"display_name":"yannazhan","author_link":"https:\/\/rmvapesale.com\/ro\/author\/"},"uagb_comment_info":0,"uagb_excerpt":"15K PUFFS FUMOT VAPE RANDM Wholesale Price 15K PUFFS FUMOT ORIGINAL RANDM\u00a0 Factory Price 15K PUFFS Genuine FUMOT VAPE TORNADO RANDM Discount Price Contact Amy For More Discount And Lower MOQ Vape WhatsApp: +86 17776015835","_links":{"self":[{"href":"https:\/\/rmvapesale.com\/ro\/wp-json\/wp\/v2\/product\/1874","targetHints":{"allow":["GET"]}}],"collection":[{"href":"https:\/\/rmvapesale.com\/ro\/wp-json\/wp\/v2\/product"}],"about":[{"href":"https:\/\/rmvapesale.com\/ro\/wp-json\/wp\/v2\/types\/product"}],"replies":[{"embeddable":true,"href":"https:\/\/rmvapesale.com\/ro\/wp-json\/wp\/v2\/comments?post=1874"}],"wp:featuredmedia":[{"embeddable":true,"href":"https:\/\/rmvapesale.com\/ro\/wp-json\/wp\/v2\/media\/1877"}],"wp:attachment":[{"href":"https:\/\/rmvapesale.com\/ro\/wp-json\/wp\/v2\/media?parent=1874"}],"wp:term":[{"taxonomy":"product_brand","embeddable":true,"href":"https:\/\/rmvapesale.com\/ro\/wp-json\/wp\/v2\/product_brand?post=1874"},{"taxonomy":"product_cat","embeddable":true,"href":"https:\/\/rmvapesale.com\/ro\/wp-json\/wp\/v2\/product_cat?post=1874"},{"taxonomy":"product_tag","embeddable":true,"href":"https:\/\/rmvapesale.com\/ro\/wp-json\/wp\/v2\/product_tag?post=1874"}],"curies":[{"name":"wp","href":"https:\/\/api.w.org\/{rel}","templated":true}]}}