{"id":1886,"date":"2024-05-15T08:46:17","date_gmt":"2024-05-15T08:46:17","guid":{"rendered":"https:\/\/rmvapesale.com\/?post_type=product&#038;p=1886"},"modified":"2024-10-21T08:52:11","modified_gmt":"2024-10-21T08:52:11","slug":"original-randm-vape-digital-puff-12000-fumot-factory-price","status":"publish","type":"product","link":"https:\/\/rmvapesale.com\/ro\/product\/original-randm-vape-digital-puff-12000-fumot-factory-price\/","title":{"rendered":"Randm Vape Digital Puff 12000 Original Pre\u021b de fabric\u0103 FUMOT"},"content":{"rendered":"<h1>Randm Vape Digital Puff 12000 Original Pre\u021b de fabric\u0103 FUMOT<\/h1>\n<p>Cel mai recent <strong>Original Randm Vape Digital Puff 12000<\/strong>, alegerea perfect\u0103 pentru a v\u0103 extinde pia\u021ba \u00een Europa, cum ar fi Germania, Olanda, Fran\u021ba, Italia, Spania, Elve\u021bia, Suedia, Polonia, etc. Acest dispozitiv avansat de vapat nu numai c\u0103 se laud\u0103 cu o performan\u021b\u0103 excelent\u0103, dar ofer\u0103 \u0219i o varietate de arome pentru a satisface preferin\u021bele diferi\u021bilor consumatori.<\/p>\n<p>The <strong>Fumot Digital Box 12000 de unic\u0103 folosin\u021b\u0103 pentru vapat<\/strong> este echipat cu o capacitate de 20 ml de e-lichid, oferind p\u00e2n\u0103 la 12.000 de pufuri per dispozitiv, asigur\u00e2nd o pl\u0103cere de lung\u0103 durat\u0103 pentru utilizatori. Dispune de o baterie re\u00eenc\u0103rcabil\u0103 integrat\u0103 de 850mAh cu un afi\u0219aj convenabil pentru baterie \u0219i e-lichid, permi\u021b\u00e2nd utilizatorilor s\u0103 monitorizeze cu u\u0219urin\u021b\u0103 nivelurile de putere \u0219i e-lichid r\u0103mase pentru o experien\u021b\u0103 de vapat f\u0103r\u0103 probleme.<\/p>\n<p>Oferim o gam\u0103 larg\u0103 de arome, inclusiv Ment\u0103 rece, Ghea\u021b\u0103 de pepene ro\u0219u, Ghea\u021b\u0103 de struguri, Zmeur\u0103 cu afine, Pepene ro\u0219u cu c\u0103p\u0219uni \u0219i multe altele, totaliz\u00e2nd 24 de op\u021biuni unice. De exemplu, Ment\u0103 rece ofer\u0103 o senza\u021bie revigorant\u0103 \u0219i r\u0103coroas\u0103, \u00een timp ce Ghea\u021b\u0103 de pepene ro\u0219u combin\u0103 note dulci \u0219i \u00eenghe\u021bate pentru o experien\u021b\u0103 delicioas\u0103, perfect\u0103 pentru zilele fierbin\u021bi de var\u0103.<\/p>\n<p>Mai mult dec\u00e2t at\u00e2t, <strong>Fumot Digital Randm 12000 de unic\u0103 folosin\u021b\u0103 pentru vapat<\/strong> utilizeaz\u0103 tehnologia avansat\u0103 de s\u0103ruri de nicotin\u0103, disponibil\u0103 \u00een concentra\u021bii de nicotin\u0103 de 0%, 2%, 3% \u0219i 5%, permi\u021b\u00e2nd utilizatorilor s\u0103 aleag\u0103 nivelul care se potrive\u0219te cel mai bine nevoilor lor.<\/p>\n<p>\u00cen calitate de angrosist de VAPE, pute\u021bi beneficia de pre\u021burile noastre direct de la fabric\u0103, asigur\u00e2nd o eficien\u021b\u0103 maxim\u0103 a costurilor. Cantitatea noastr\u0103 minim\u0103 de comand\u0103 este de doar 50 de buc\u0103\u021bi, ideal\u0103 pentru angrosi\u0219tii care import\u0103 pentru prima dat\u0103 \u021big\u0103ri electronice din China. De asemenea, oferim asisten\u021b\u0103 pentru clien\u021bi 24 de ore \u0219i ne ocup\u0103m de toate problemele legate de v\u0103muire, f\u0103c\u00e2nd procesul dvs. de achizi\u021bie lin \u0219i f\u0103r\u0103 griji.<\/p>\n<p><strong>Adaug\u0103 managerul de v\u00e2nz\u0103ri AMY pe whatsapp <a href=\"https:\/\/wa.me\/8617776015835\" target=\"_blank\" rel=\"noopener\">+86-17776015835<\/a> ob\u021bine mai multe reduceri!<\/strong><\/p>\n<p><img loading=\"lazy\" decoding=\"async\" class=\"size-medium wp-image-1814\" src=\"https:\/\/rmvapesale.com\/wp-content\/uploads\/2024\/04\/whatsapp-amy-229x300.jpg\" alt=\"whatsapp amy\" width=\"229\" height=\"300\" srcset=\"https:\/\/rmvapesale.com\/wp-content\/uploads\/2024\/04\/whatsapp-amy-229x300.jpg 229w, https:\/\/rmvapesale.com\/wp-content\/uploads\/2024\/04\/whatsapp-amy-783x1024.jpg 783w, https:\/\/rmvapesale.com\/wp-content\/uploads\/2024\/04\/whatsapp-amy-768x1005.jpg 768w, https:\/\/rmvapesale.com\/wp-content\/uploads\/2024\/04\/whatsapp-amy-600x785.jpg 600w, https:\/\/rmvapesale.com\/wp-content\/uploads\/2024\/04\/whatsapp-amy.jpg 990w\" sizes=\"auto, (max-width: 229px) 100vw, 229px\" \/><\/p>\n<h2>Specifica\u021bii ale FUMOT PUFF 12000 de unic\u0103 folosin\u021b\u0103 pentru vapat:<\/h2>\n<p>Op\u021biuni de con\u021binut de nicotin\u0103: 0%, 2%, 3% \u0219i 5%<br \/>\nP\u00e2n\u0103 la 12000 de pufuri<br \/>\nPre-umplut cu 20 ml de e-lichid<br \/>\nBaterie re\u00eenc\u0103rcabil\u0103 de 850mAh<br \/>\nRezisten\u021b\u0103 tip mesh de 0.9\u03a9<br \/>\n40 de arome disponibile<\/p>\n<h2>Arom\u0103 popular\u0103 pentru randm vape Digital 12000 Puf<\/h2>\n<p>1 Ment\u0103 Rece<br \/>\n2 Ghea\u021b\u0103 de Pepene Verde<br \/>\n3 Ghea\u021b\u0103 de Struguri<br \/>\n4 Zmeur\u0103 cu Afine <strong><span style=\"color: #ff0000\">&gt;&gt;&gt;Fierbinte!<\/span><\/strong><br \/>\n5 Pepene Verde cu C\u0103p\u0219uni<br \/>\n6 Banan\u0103 cu C\u0103p\u0219uni<br \/>\n7 Ghea\u021b\u0103 luxuriant\u0103<br \/>\n8 Cire\u0219e<br \/>\n9 C\u0103p\u0219uni cu Ghea\u021b\u0103<br \/>\n10 Acadea cu ghea\u021b\u0103<br \/>\n11 Limonad\u0103 roz <strong><span style=\"color: #ff0000\">&gt;&gt;&gt;Cel mai bun!<\/span><\/strong><br \/>\n12 Mango cu ghea\u021b\u0103<br \/>\n13 Fructe de p\u0103dure amestecate<br \/>\n14 Gogoa\u0219\u0103 cu c\u0103p\u0219uni<br \/>\n15 Struguri cu c\u0103p\u0219uni<br \/>\n16 Cola cu cire\u0219e<br \/>\n17 Dr. Blue<br \/>\n18 Afine cu ghea\u021b\u0103<br \/>\n19 Kiwi, fructul pasiunii \u0219i guava<br \/>\n20 C\u0103p\u0219uni \u0219i kiwi<br \/>\n21 Piersic\u0103 \u0219i mango<br \/>\n22 Piersic\u0103 cu ghea\u021b\u0103<br \/>\n23 M\u0103r ro\u0219u cu ghea\u021b\u0103<br \/>\n24 Gum\u0103 de mestecat cu afine<br \/>\n25 Limonad\u0103 cu fructe de p\u0103dure<br \/>\n26 Limonad\u0103 Blue Razz<br \/>\n27 Zmeur\u0103 acri\u0219oar\u0103 albastr\u0103 <strong><span style=\"color: #ff0000\">&gt;&gt;&gt;Fierbinte!<\/span><\/strong><br \/>\n28 Red Bull cu c\u0103p\u0219uni<br \/>\n29 Explozie de fructe de p\u0103dure \u0219i mere<br \/>\n30 Gum\u0103 de mestecat cu arom\u0103 de pepene verde<br \/>\n31 Zmeur\u0103 \u0219i pepene verde<br \/>\n32 Ghea\u021b\u0103 neagr\u0103<br \/>\n33 Afine, cire\u0219e \u0219i meri\u0219oare <strong><span style=\"color: #ff0000\">&gt;&gt;&gt;Fierbinte!<\/span><\/strong><br \/>\n34 Pomp\u0103 de c\u0103p\u0219uni (rodie)<br \/>\n35 Vimto <strong><span style=\"color: #ff0000\">&gt;&gt;&gt;Fierbinte!<\/span><\/strong><br \/>\n36 Fructe de p\u0103dure \u0219i cire\u0219e<br \/>\n37 L\u0103m\u00e2ie<br \/>\n38 Bingo Crush<br \/>\n39 Afine cu kiwi<br \/>\n40 M\u0103r cu scor\u021bi\u0219oar\u0103<\/p>\n<figure id=\"attachment_2480\" aria-describedby=\"caption-attachment-2480\" style=\"width: 600px\" class=\"wp-caption alignnone\"><img loading=\"lazy\" decoding=\"async\" class=\"wp-image-2480 size-full\" src=\"https:\/\/rmvapesale.com\/wp-content\/uploads\/2024\/10\/Fumot-Digital-Box-12000-Disposable-Vape.jpg\" alt=\"Fumot Digital Box 12000 de unic\u0103 folosin\u021b\u0103 pentru vapat\" width=\"600\" height=\"600\" srcset=\"https:\/\/rmvapesale.com\/wp-content\/uploads\/2024\/10\/Fumot-Digital-Box-12000-Disposable-Vape.jpg 600w, https:\/\/rmvapesale.com\/wp-content\/uploads\/2024\/10\/Fumot-Digital-Box-12000-Disposable-Vape-300x300.jpg 300w, https:\/\/rmvapesale.com\/wp-content\/uploads\/2024\/10\/Fumot-Digital-Box-12000-Disposable-Vape-150x150.jpg 150w, https:\/\/rmvapesale.com\/wp-content\/uploads\/2024\/10\/Fumot-Digital-Box-12000-Disposable-Vape-100x100.jpg 100w\" sizes=\"auto, (max-width: 600px) 100vw, 600px\" \/><figcaption id=\"caption-attachment-2480\" class=\"wp-caption-text\">Fumot Digital Box 12000 de unic\u0103 folosin\u021b\u0103 pentru vapat<\/figcaption><\/figure>\n<h2>Lucruri pe care poate vre\u021bi s\u0103 le \u0219ti\u021bi despre \u021bigara electronic\u0103 Fumot Digital Puff 12000 \u00eenainte de a cump\u0103ra \u00een vrac.<\/h2>\n<p><strong>\u00ce1: Ce op\u021biuni de nicotin\u0103 sunt disponibile pentru \u021bigara electronic\u0103 Fumot Randm Digital 12000 Puffs?<\/strong><\/p>\n<ul>\n<li>The <strong>\u021aigar\u0103 electronic\u0103 original\u0103 Fumot Digital 12000 Puffs<\/strong> ofer\u0103 concentra\u021bii de sare de nicotin\u0103 de 0%, 2%, 3% \u0219i 5%.<\/li>\n<\/ul>\n<p><strong>\u00ce2: C\u00e2te arome sunt disponibile pentru acest produs?<\/strong><\/p>\n<ul>\n<li>The <strong>\u021aigara electronic\u0103 original\u0103 Randm Digital 12k Puffs<\/strong> vine \u00een 24 de arome diverse, inclusiv Ment\u0103 rece, Pepene ro\u0219u cu ghea\u021b\u0103, Struguri cu ghea\u021b\u0103 \u0219i multe altele.<\/li>\n<\/ul>\n<p><strong>\u00ce3: Care este capacitatea de e-lichid \u0219i num\u0103rul de pufuri pentru acest dispozitiv?<\/strong><\/p>\n<ul>\n<li>The <strong>\u021aigara electronic\u0103 original\u0103 Randm Digital 12000 Puffs<\/strong> dispune de o capacitate de 20 ml de e-lichid \u0219i ofer\u0103 p\u00e2n\u0103 la 12.000 de pufuri per dispozitiv.<\/li>\n<\/ul>\n<p><strong>\u00ce4: Bateria este re\u00eenc\u0103rcabil\u0103 \u0219i cum \u00eei pot monitoriza starea?<\/strong><\/p>\n<ul>\n<li>Da, <strong>\u021aigara electronic\u0103 original\u0103 Randm Digital 12k Puffs<\/strong> are o baterie re\u00eenc\u0103rcabil\u0103 integrat\u0103 de 850mAh, cu un afi\u0219aj pentru a monitoriza nivelurile bateriei \u0219i e-lichidului.<\/li>\n<\/ul>\n<p><strong>\u00ce5: Care este cantitatea minim\u0103 de comand\u0103 \u0219i ce suport oferi\u021bi pentru noii importatori?<\/strong><\/p>\n<ul>\n<li>Cantitatea noastr\u0103 minim\u0103 de comand\u0103 este de 50 de buc\u0103\u021bi. Oferim asisten\u021b\u0103 clien\u021bi 24\/7 \u0219i ne ocup\u0103m de toate problemele legate de v\u0103muire, ceea ce o face ideal\u0103 pentru importatorii \u00eencep\u0103tori din China.<\/li>\n<\/ul>\n<p><strong>\u00ce6: Cum este ambalat produsul pentru v\u00e2nzarea cu ridicata?<\/strong><\/p>\n<ul>\n<li>The <strong>\u021aigara electronic\u0103 original\u0103 Fumot Digital 12k Puffs<\/strong> este ambalat\u0103 c\u00e2te 10 buc\u0103\u021bi \u00eentr-o cutie de prezentare \u0219i 200 de buc\u0103\u021bi \u00eentr-un carton.<\/li>\n<\/ul>\n<p><strong>\u00ce7: Exist\u0103 op\u021biuni de pre\u021b de fabric\u0103 disponibile pentru achizi\u021biile \u00een vrac?<\/strong><\/p>\n<ul>\n<li>Da, oferim <strong>Tigara electronica originala Fumot Vape Digital 12k Puffs Pret de fabrica<\/strong> optiuni pentru achizitii in vrac pentru a va asigura ca obtineti cea mai buna valoare.<\/li>\n<\/ul>\n<p><strong>Intrebare 8: Pot obtine preturi competitive pentru comenzi mari?<\/strong><\/p>\n<ul>\n<li>Absolut, oferim <strong>Pret vrac tigara electronica originala Randm Digital Vape 12k Puffs<\/strong> pentru a va ajuta sa va maximizati marja de profit a afacerii cu tigari electronice.<\/li>\n<\/ul>\n<p>G\u0103si\u021bi mai multe produse de vapat care v-ar putea pl\u0103cea:<em><a href=\"https:\/\/rmvapesale.com\/ro\/shop-2\/\">cump\u0103r\u0103 acum\u00a0<\/a><\/em><\/p>\n<p>alte produse de vapat populare care v-ar putea pl\u0103cea:<\/p>\n<p><a href=\"https:\/\/rmvapesale.com\/ro\/product\/jnr-shisha-vape-15000-puffs-wholesale-price-with-screen-vape\/\">VOPK SHISHA 15K<\/a><\/p>\n<p><a href=\"https:\/\/rmvapesale.com\/ro\/product\/randm-vape-al-fakher-10000-puffs-vape-wholesale\/\">\u021bigar\u0103 electronic\u0103 randm vape AI FAKHER 15k<\/a><\/p>\n<p><a href=\"https:\/\/rmvapesale.com\/ro\/product\/randm-tornado-15000-puffs-15k-vape-recharge-fumot-original-vape-factory-price\/\">Cutie digital\u0103 Fumot Puff 12000<\/a><\/p>","protected":false},"excerpt":{"rendered":"<p class=\"LC20lb MBeuO DKV0Md\">Original Fumot Vape Digital 12000 Pufuri Pre\u021b de fabric\u0103<br \/>\nOriginal Fumot Vape Digital 12k Pufuri Pre\u021b pentru cump\u0103rare \u00een vrac<br \/>\nFumot Vape RandM Digital 12000 Pre\u021b mic<br \/>\n<strong>Contacta\u021bi-o pe Amy pentru mai multe reduceri \u0219i un MOQ mai mic pentru Vape<\/strong><\/p>\n<p><img loading=\"lazy\" decoding=\"async\" class=\"size-medium wp-image-1814\" src=\"https:\/\/rmvapesale.com\/wp-content\/uploads\/2024\/04\/whatsapp-amy-229x300.jpg\" alt=\"whatsapp amy\" width=\"229\" height=\"300\" srcset=\"https:\/\/rmvapesale.com\/wp-content\/uploads\/2024\/04\/whatsapp-amy-229x300.jpg 229w, https:\/\/rmvapesale.com\/wp-content\/uploads\/2024\/04\/whatsapp-amy-783x1024.jpg 783w, https:\/\/rmvapesale.com\/wp-content\/uploads\/2024\/04\/whatsapp-amy-768x1005.jpg 768w, https:\/\/rmvapesale.com\/wp-content\/uploads\/2024\/04\/whatsapp-amy-600x785.jpg 600w, https:\/\/rmvapesale.com\/wp-content\/uploads\/2024\/04\/whatsapp-amy.jpg 990w\" sizes=\"auto, (max-width: 229px) 100vw, 229px\" \/><\/p>\n<h3><span style=\"color: #ff0000\"><strong>WhatsApp: +86 17776015835<\/strong><\/span><\/h3>","protected":false},"featured_media":2485,"comment_status":"open","ping_status":"closed","template":"","meta":{"_uag_custom_page_level_css":"","_lmt_disableupdate":"no","_lmt_disable":"","site-sidebar-layout":"default","site-content-layout":"content-boxed-container","ast-site-content-layout":"normal-width-container","site-content-style":"boxed","site-sidebar-style":"unboxed","ast-global-header-display":"","ast-banner-title-visibility":"","ast-main-header-display":"","ast-hfb-above-header-display":"","ast-hfb-below-header-display":"","ast-hfb-mobile-header-display":"","site-post-title":"","ast-breadcrumbs-content":"","ast-featured-img":"","footer-sml-layout":"","theme-transparent-header-meta":"default","adv-header-id-meta":"","stick-header-meta":"","header-above-stick-meta":"","header-main-stick-meta":"","header-below-stick-meta":"","astra-migrate-meta-layouts":"set","ast-page-background-enabled":"default","ast-page-background-meta":{"desktop":{"background-color":"var(--ast-global-color-4)","background-image":"","background-repeat":"repeat","background-position":"center center","background-size":"auto","background-attachment":"scroll","background-type":"","background-media":"","overlay-type":"","overlay-color":"","overlay-opacity":"","overlay-gradient":""},"tablet":{"background-color":"","background-image":"","background-repeat":"repeat","background-position":"center center","background-size":"auto","background-attachment":"scroll","background-type":"","background-media":"","overlay-type":"","overlay-color":"","overlay-opacity":"","overlay-gradient":""},"mobile":{"background-color":"","background-image":"","background-repeat":"repeat","background-position":"center center","background-size":"auto","background-attachment":"scroll","background-type":"","background-media":"","overlay-type":"","overlay-color":"","overlay-opacity":"","overlay-gradient":""}},"ast-content-background-meta":{"desktop":{"background-color":"var(--ast-global-color-5)","background-image":"","background-repeat":"repeat","background-position":"center center","background-size":"auto","background-attachment":"scroll","background-type":"","background-media":"","overlay-type":"","overlay-color":"","overlay-opacity":"","overlay-gradient":""},"tablet":{"background-color":"var(--ast-global-color-5)","background-image":"","background-repeat":"repeat","background-position":"center center","background-size":"auto","background-attachment":"scroll","background-type":"","background-media":"","overlay-type":"","overlay-color":"","overlay-opacity":"","overlay-gradient":""},"mobile":{"background-color":"var(--ast-global-color-5)","background-image":"","background-repeat":"repeat","background-position":"center center","background-size":"auto","background-attachment":"scroll","background-type":"","background-media":"","overlay-type":"","overlay-color":"","overlay-opacity":"","overlay-gradient":""}},"_joinchat":[]},"product_brand":[],"product_cat":[25,26,28,27,31,15,30],"product_tag":[45,46,39,40,111,41,38,165,37],"class_list":{"0":"post-1886","1":"product","2":"type-product","3":"status-publish","4":"has-post-thumbnail","6":"product_cat-germany-best-selling-vape","7":"product_cat-netherlands-hot-sale-vape","8":"product_cat-poland-hot-sale-vape","9":"product_cat-fance-hot-sale-vape","10":"product_cat-randm-fumot-vape","11":"product_cat-new-vape-this-week","12":"product_cat-minimum-order-quantity-50pcs","13":"product_tag-12k-vape-puff-12000","14":"product_tag-digital-box-12000-puff-original","15":"product_tag-fumot-vape","16":"product_tag-hot-sale-vape","17":"product_tag-low-nicotine-disposable-vape","18":"product_tag-original-factory-vape","19":"product_tag-randm-vape","20":"product_tag-rechargeable-vapes","21":"product_tag-wholesale-vape-price","22":"desktop-align-left","23":"tablet-align-left","24":"mobile-align-left","26":"first","27":"instock","28":"sale","29":"shipping-taxable","30":"purchasable","31":"product-type-simple"},"uagb_featured_image_src":{"full":["https:\/\/rmvapesale.com\/wp-content\/uploads\/2024\/10\/Randm-Vape-12000-Puffs.jpg",600,600,false],"thumbnail":["https:\/\/rmvapesale.com\/wp-content\/uploads\/2024\/10\/Randm-Vape-12000-Puffs-150x150.jpg",150,150,true],"medium":["https:\/\/rmvapesale.com\/wp-content\/uploads\/2024\/10\/Randm-Vape-12000-Puffs-300x300.jpg",300,300,true],"medium_large":["https:\/\/rmvapesale.com\/wp-content\/uploads\/2024\/10\/Randm-Vape-12000-Puffs.jpg",600,600,false],"large":["https:\/\/rmvapesale.com\/wp-content\/uploads\/2024\/10\/Randm-Vape-12000-Puffs.jpg",600,600,false],"1536x1536":["https:\/\/rmvapesale.com\/wp-content\/uploads\/2024\/10\/Randm-Vape-12000-Puffs.jpg",600,600,false],"2048x2048":["https:\/\/rmvapesale.com\/wp-content\/uploads\/2024\/10\/Randm-Vape-12000-Puffs.jpg",600,600,false],"trp-custom-language-flag":["https:\/\/rmvapesale.com\/wp-content\/uploads\/2024\/10\/Randm-Vape-12000-Puffs.jpg",12,12,false],"woocommerce_thumbnail":["https:\/\/rmvapesale.com\/wp-content\/uploads\/2024\/10\/Randm-Vape-12000-Puffs-300x300.jpg",300,300,true],"woocommerce_single":["https:\/\/rmvapesale.com\/wp-content\/uploads\/2024\/10\/Randm-Vape-12000-Puffs.jpg",600,600,false],"woocommerce_gallery_thumbnail":["https:\/\/rmvapesale.com\/wp-content\/uploads\/2024\/10\/Randm-Vape-12000-Puffs-100x100.jpg",100,100,true],"wcpr-photo-reviews":["https:\/\/rmvapesale.com\/wp-content\/uploads\/2024\/10\/Randm-Vape-12000-Puffs.jpg",500,500,false]},"uagb_author_info":{"display_name":"yannazhan","author_link":"https:\/\/rmvapesale.com\/ro\/author\/"},"uagb_comment_info":0,"uagb_excerpt":"Original Fumot Vape Digital 12ooo Puffs Factory Price Original Fumot Vape Digital 12k Puffs Price Bulk Buy Fumot Vape RandM Digital 12000 Price Cheap Contact Amy For More Discount And Lower MOQ Vape WhatsApp: +86 17776015835","_links":{"self":[{"href":"https:\/\/rmvapesale.com\/ro\/wp-json\/wp\/v2\/product\/1886","targetHints":{"allow":["GET"]}}],"collection":[{"href":"https:\/\/rmvapesale.com\/ro\/wp-json\/wp\/v2\/product"}],"about":[{"href":"https:\/\/rmvapesale.com\/ro\/wp-json\/wp\/v2\/types\/product"}],"replies":[{"embeddable":true,"href":"https:\/\/rmvapesale.com\/ro\/wp-json\/wp\/v2\/comments?post=1886"}],"wp:featuredmedia":[{"embeddable":true,"href":"https:\/\/rmvapesale.com\/ro\/wp-json\/wp\/v2\/media\/2485"}],"wp:attachment":[{"href":"https:\/\/rmvapesale.com\/ro\/wp-json\/wp\/v2\/media?parent=1886"}],"wp:term":[{"taxonomy":"product_brand","embeddable":true,"href":"https:\/\/rmvapesale.com\/ro\/wp-json\/wp\/v2\/product_brand?post=1886"},{"taxonomy":"product_cat","embeddable":true,"href":"https:\/\/rmvapesale.com\/ro\/wp-json\/wp\/v2\/product_cat?post=1886"},{"taxonomy":"product_tag","embeddable":true,"href":"https:\/\/rmvapesale.com\/ro\/wp-json\/wp\/v2\/product_tag?post=1886"}],"curies":[{"name":"wp","href":"https:\/\/api.w.org\/{rel}","templated":true}]}}