{"id":1892,"date":"2024-05-15T09:27:34","date_gmt":"2024-05-15T09:27:34","guid":{"rendered":"https:\/\/rmvapesale.com\/?post_type=product&#038;p=1892"},"modified":"2024-10-22T08:17:31","modified_gmt":"2024-10-22T08:17:31","slug":"original-randm-tornado-9000-puffs-vape-fumot-factory-price-cheap","status":"publish","type":"product","link":"https:\/\/rmvapesale.com\/ro\/product\/original-randm-tornado-9000-puffs-vape-fumot-factory-price-cheap\/","title":{"rendered":"RANDM TORNADO 9000 Puffs Vape Original Pre\u021b Ieftin de Fabric\u0103 Fumot"},"content":{"rendered":"<h1>RANDM TORNADO 9000 Puffs Vape Original Pre\u021b Ieftin de Fabric\u0103 Fumot<\/h1>\n<p>Vape-ul Fumot RANDM TORNADO 9000 Pufuri, un dispozitiv de vaping de unic\u0103 folosin\u021b\u0103 de ultim\u0103 genera\u021bie, conceput pentru a satisface nevoile comercian\u021bilor angro din Rom\u00e2nia. Proiectat cu precizie \u0219i inova\u021bie, acest dispozitiv promite o experien\u021b\u0103 de vaping excep\u021bional\u0103, combin\u00e2nd performan\u021ba ridicat\u0103 cu o gam\u0103 extins\u0103 de arome.<\/p>\n<p>Cu caracteristicile sale avansate, vape-ul Fumot 9000 se eviden\u021biaz\u0103 printre concuren\u021bi. Dotat cu o bobin\u0103 din plas\u0103 \u0219i o baterie re\u00eenc\u0103rcabil\u0103 integrat\u0103 de 850mAh, asigur\u0103 o produc\u021bie de vapori lin\u0103 \u0219i constant\u0103 pentru o pl\u0103cere \u00eendelungat\u0103. Dispozitivul ofer\u0103 o alegere de concentra\u021bii de sare de nicotin\u0103 de la 0% p\u00e2n\u0103 la 5%, pentru a satisface preferin\u021bele variate.<\/p>\n<p>Dar ceea ce diferen\u021biaz\u0103 cu adev\u0103rat RANDM TORNADO 9000 este gama sa extins\u0103 de arome. Cu 43 de op\u021biuni tentante din care s\u0103 alegi, inclusiv clasice precum Lush Ice \u0219i Strawberry Lemonade, precum \u0219i amestecuri unice precum Honeydew Ice Cream \u0219i Pina Colada, exist\u0103 ceva pentru fiecare palat.<\/p>\n<p>Dac\u0103 e\u0219ti v\u00e2nz\u0103tor de Vape Randm \u0219i cau\u021bi produse de vaping de \u00eenalt\u0103 calitate la pre\u021buri competitive.<\/p>\n<p><strong>Adaug\u0103 managerul de v\u00e2nz\u0103ri AMY pe whatsapp <a href=\"https:\/\/wa.me\/8617776015835\" target=\"_blank\" rel=\"noopener\">+86-17776015835<\/a> ob\u021bine mai multe reduceri!<\/strong><\/p>\n<p><img loading=\"lazy\" decoding=\"async\" class=\"size-medium wp-image-1814\" src=\"https:\/\/rmvapesale.com\/wp-content\/uploads\/2024\/04\/whatsapp-amy-229x300.jpg\" alt=\"whatsapp amy\" width=\"229\" height=\"300\" srcset=\"https:\/\/rmvapesale.com\/wp-content\/uploads\/2024\/04\/whatsapp-amy-229x300.jpg 229w, https:\/\/rmvapesale.com\/wp-content\/uploads\/2024\/04\/whatsapp-amy-783x1024.jpg 783w, https:\/\/rmvapesale.com\/wp-content\/uploads\/2024\/04\/whatsapp-amy-768x1005.jpg 768w, https:\/\/rmvapesale.com\/wp-content\/uploads\/2024\/04\/whatsapp-amy-600x785.jpg 600w, https:\/\/rmvapesale.com\/wp-content\/uploads\/2024\/04\/whatsapp-amy.jpg 990w\" sizes=\"auto, (max-width: 229px) 100vw, 229px\" \/><\/p>\n<h3>Specifica\u021bii ale dispozitivului de vapat de unic\u0103 folosin\u021b\u0103 FUMOT PUFF 9000:<\/h3>\n<p>Op\u021biuni de con\u021binut de nicotin\u0103: 0%, 2%, 3% \u0219i 5%<br \/>\nP\u00e2n\u0103 la 9000 de pufuri<br \/>\nPre-umplut cu 18 ml e-lichid<br \/>\nBaterie re\u00eenc\u0103rcabil\u0103 de 850mAh<br \/>\nRezisten\u021b\u0103 tip mesh de 0.9\u03a9<br \/>\n43 de arome disponibile \u00een stoc<\/p>\n<figure id=\"attachment_1930\" aria-describedby=\"caption-attachment-1930\" style=\"width: 800px\" class=\"wp-caption alignnone\"><img loading=\"lazy\" decoding=\"async\" class=\"wp-image-1930 size-full\" src=\"https:\/\/rmvapesale.com\/wp-content\/uploads\/2024\/08\/Fumot-Randm-Tornado-9000-Disposable-Vape-Gummy-Bear.png\" alt=\"Fumot Randm Tornado Vape de Unic\u0103 Folosin\u021b\u0103 Gummy Bear\" width=\"800\" height=\"800\" srcset=\"https:\/\/rmvapesale.com\/wp-content\/uploads\/2024\/08\/Fumot-Randm-Tornado-9000-Disposable-Vape-Gummy-Bear.png 800w, https:\/\/rmvapesale.com\/wp-content\/uploads\/2024\/08\/Fumot-Randm-Tornado-9000-Disposable-Vape-Gummy-Bear-300x300.png 300w, https:\/\/rmvapesale.com\/wp-content\/uploads\/2024\/08\/Fumot-Randm-Tornado-9000-Disposable-Vape-Gummy-Bear-150x150.png 150w, https:\/\/rmvapesale.com\/wp-content\/uploads\/2024\/08\/Fumot-Randm-Tornado-9000-Disposable-Vape-Gummy-Bear-768x768.png 768w, https:\/\/rmvapesale.com\/wp-content\/uploads\/2024\/08\/Fumot-Randm-Tornado-9000-Disposable-Vape-Gummy-Bear-600x600.png 600w, https:\/\/rmvapesale.com\/wp-content\/uploads\/2024\/08\/Fumot-Randm-Tornado-9000-Disposable-Vape-Gummy-Bear-100x100.png 100w\" sizes=\"auto, (max-width: 800px) 100vw, 800px\" \/><figcaption id=\"caption-attachment-1930\" class=\"wp-caption-text\">Fumot Randm Tornado Vape de Unic\u0103 Folosin\u021b\u0103 Gummy Bear<\/figcaption><\/figure>\n<h2>RANDM TORNADO 9000 Pufuri Arom\u0103<\/h2>\n<p>1 Aloe Grape<br \/>\n2 Banana Custard<br \/>\n3 Black Dragon Ice<br \/>\n4 Black Ice<br \/>\n5 Blue Razz Ice<br \/>\n6 Blue Razz Kush<br \/>\n7 Blueberry Cherry Cranberry<br \/>\n8 Blueberry Raspberry<br \/>\n9 Blueberry Sour Raspberry<br \/>\n10 Bluelicious Ice<br \/>\n11 Cire\u0219e<br \/>\n12 Cire\u0219e Piersic\u0103 Limonad\u0103<br \/>\n13 Ment\u0103 Rece<br \/>\n14 Cire\u0219e Efervescente<br \/>\n15 Struguri<br \/>\n16 Ursulet Gumati<br \/>\n17 Ghea\u021b\u0103 de Guava<br \/>\n18 \u00cenghe\u021bat\u0103<br \/>\n19 Kiwi Fructul Pasiunii Guava<br \/>\n20 L\u0103m\u00e2ie &amp; Lime<br \/>\n21 Ghea\u021b\u0103 Delicioas\u0103<br \/>\n22 Fructe de P\u0103dure Mixte<br \/>\n23 Domnul Blue<br \/>\n24 Suc de Portocale<br \/>\n25 Piersic\u0103 \u0219i Fructe de P\u0103dure<br \/>\n26 Limonad\u0103 cu Piersici<br \/>\n27 Piersic\u0103 Mango Ananas<br \/>\n28 Ananas<br \/>\n29 Limonad\u0103 Roz<br \/>\n30 Bomboane Curcubeu<br \/>\n31 Ap\u0103 de zmeur\u0103 \u0219i pepene<br \/>\n32 Skittles<br \/>\n33 Dulce acri\u0219or<br \/>\n34 C\u0103p\u0219uni banan\u0103<br \/>\n35 Crem\u0103 de c\u0103p\u0219uni<br \/>\n36 Ghea\u021b\u0103 de c\u0103p\u0219uni<br \/>\n37 Limonad\u0103 de c\u0103p\u0219uni<br \/>\n38 Ghea\u021b\u0103 de c\u0103p\u0219uni, zmeur\u0103 \u0219i cire\u0219e<br \/>\n39 C\u0103p\u0219uni \u0219i pepene<br \/>\n40 Triplu mango<br \/>\n41 Vimto<br \/>\n42 Ghea\u021b\u0103 de pepene \u0219i zmeur\u0103<\/p>\n<p>Lucruri pe care poate dore\u0219ti s\u0103 le \u0219tii despre \u021bigara electronic\u0103 Randm 9000 pufuri \u00eenainte de a cump\u0103ra \u00een vrac.<\/p>\n<h4>\u00centreb\u0103ri frecvente:<\/h4>\n<p><strong>\u00ce: Care sunt op\u021biunile de pre\u021b pentru Fumot RANDM TORNADO 9000?<\/strong><\/p>\n<p>R: Oferim pre\u021buri competitive de fabric\u0103 pentru dispozitivul original Randm Vape Puffs 9000, at\u00e2t pentru unit\u0103\u021bi individuale, c\u00e2t \u0219i pentru comenzi \u00een vrac.<\/p>\n<p><strong>\u00ce: Exist\u0103 op\u021biuni de pre\u021b en-gros disponibile pentru Fumot RANDM TORNADO 9000?<\/strong><\/p>\n<p>R: Da, oferim op\u021biuni de pre\u021b en-gros pentru kitul original Randm Vape 9000 Puffs, pentru a satisface nevoile angrosi\u0219tilor care doresc s\u0103 cumpere cantit\u0103\u021bi mai mari.<\/p>\n<p><strong>\u00ce: Care sunt nivelurile de pre\u021b pentru comenzile \u00een vrac ale Fumot RANDM TORNADO 9000?<\/strong><\/p>\n<p>R: Oferim pre\u021buri atractive pentru comenzi \u00een vrac pentru podul original Randm Vape Puffs 9000, asigur\u00e2nd economii de costuri pentru angrosi\u0219tii care cump\u0103r\u0103 volume mai mari.<\/p>\n<p><strong>\u00ce: Oferi\u021bi pre\u021buri speciale pentru importatorii \u00eencep\u0103tori?<\/strong><\/p>\n<p>R: Da, oferim pre\u021buri competitive pentru Fumot RANDM TORNADO 9000, f\u0103c\u00e2ndu-l o alegere ideal\u0103 pentru importatorii \u00eencep\u0103tori de \u021big\u0103ri electronice din China.<\/p>\n<p>G\u0103si\u021bi mai multe produse de vapat care v-ar putea pl\u0103cea:<em><a href=\"https:\/\/rmvapesale.com\/ro\/shop-2\/\">cump\u0103r\u0103 acum\u00a0<\/a><\/em><\/p>\n<p>alte produse de vapat populare care v-ar putea pl\u0103cea:<\/p>\n<p><a href=\"https:\/\/rmvapesale.com\/ro\/product\/jnr-shisha-vape-15000-puffs-wholesale-price-with-screen-vape\/\">VOPK SHISHA 15K\/ <\/a><a href=\"https:\/\/rmvapesale.com\/ro\/product\/randm-vape-al-fakher-10000-puffs-vape-wholesale\/\">randm vape AI FAKHER 15k \u021bigar\u0103 electronic\u0103<\/a><a href=\"https:\/\/rmvapesale.com\/ro\/product\/randm-tornado-15000-puffs-15k-vape-recharge-fumot-original-vape-factory-price\/\">Cutie digital\u0103 Fumot Puff 12000<\/a><\/p>","protected":false},"excerpt":{"rendered":"<p class=\"LC20lb MBeuO DKV0Md\">Pre\u021b Mic 9000 Pufuri Dispozitiv Vape Original Fumot<br \/>\nAchizi\u021bie en gros 9000 Pufuri Dispozitiv Vape Original Randm<br \/>\nPre\u021b en gros Kit Vape 9000 Pufuri Original Fumot<br \/>\n<strong>Contacta\u021bi-o pe Amy pentru mai multe reduceri \u0219i un MOQ mai mic pentru Vape<\/strong><\/p>\n<p><img loading=\"lazy\" decoding=\"async\" class=\"size-medium wp-image-1814\" src=\"https:\/\/rmvapesale.com\/wp-content\/uploads\/2024\/04\/whatsapp-amy-229x300.jpg\" alt=\"whatsapp amy\" width=\"229\" height=\"300\" srcset=\"https:\/\/rmvapesale.com\/wp-content\/uploads\/2024\/04\/whatsapp-amy-229x300.jpg 229w, https:\/\/rmvapesale.com\/wp-content\/uploads\/2024\/04\/whatsapp-amy-783x1024.jpg 783w, https:\/\/rmvapesale.com\/wp-content\/uploads\/2024\/04\/whatsapp-amy-768x1005.jpg 768w, https:\/\/rmvapesale.com\/wp-content\/uploads\/2024\/04\/whatsapp-amy-600x785.jpg 600w, https:\/\/rmvapesale.com\/wp-content\/uploads\/2024\/04\/whatsapp-amy.jpg 990w\" sizes=\"auto, (max-width: 229px) 100vw, 229px\" \/><\/p>\n<h3><span style=\"color: #ff0000\"><strong>WhatsApp: +86 17776015835<\/strong><\/span><\/h3>","protected":false},"featured_media":1887,"comment_status":"open","ping_status":"closed","template":"","meta":{"_uag_custom_page_level_css":"","_lmt_disableupdate":"no","_lmt_disable":"","site-sidebar-layout":"default","site-content-layout":"content-boxed-container","ast-site-content-layout":"normal-width-container","site-content-style":"boxed","site-sidebar-style":"unboxed","ast-global-header-display":"","ast-banner-title-visibility":"","ast-main-header-display":"","ast-hfb-above-header-display":"","ast-hfb-below-header-display":"","ast-hfb-mobile-header-display":"","site-post-title":"","ast-breadcrumbs-content":"","ast-featured-img":"","footer-sml-layout":"","ast-disable-related-posts":"","theme-transparent-header-meta":"default","adv-header-id-meta":"","stick-header-meta":"","header-above-stick-meta":"","header-main-stick-meta":"","header-below-stick-meta":"","astra-migrate-meta-layouts":"set","ast-page-background-enabled":"default","ast-page-background-meta":{"desktop":{"background-color":"var(--ast-global-color-4)","background-image":"","background-repeat":"repeat","background-position":"center center","background-size":"auto","background-attachment":"scroll","background-type":"","background-media":"","overlay-type":"","overlay-color":"","overlay-opacity":"","overlay-gradient":""},"tablet":{"background-color":"","background-image":"","background-repeat":"repeat","background-position":"center center","background-size":"auto","background-attachment":"scroll","background-type":"","background-media":"","overlay-type":"","overlay-color":"","overlay-opacity":"","overlay-gradient":""},"mobile":{"background-color":"","background-image":"","background-repeat":"repeat","background-position":"center center","background-size":"auto","background-attachment":"scroll","background-type":"","background-media":"","overlay-type":"","overlay-color":"","overlay-opacity":"","overlay-gradient":""}},"ast-content-background-meta":{"desktop":{"background-color":"var(--ast-global-color-5)","background-image":"","background-repeat":"repeat","background-position":"center center","background-size":"auto","background-attachment":"scroll","background-type":"","background-media":"","overlay-type":"","overlay-color":"","overlay-opacity":"","overlay-gradient":""},"tablet":{"background-color":"var(--ast-global-color-5)","background-image":"","background-repeat":"repeat","background-position":"center center","background-size":"auto","background-attachment":"scroll","background-type":"","background-media":"","overlay-type":"","overlay-color":"","overlay-opacity":"","overlay-gradient":""},"mobile":{"background-color":"var(--ast-global-color-5)","background-image":"","background-repeat":"repeat","background-position":"center center","background-size":"auto","background-attachment":"scroll","background-type":"","background-media":"","overlay-type":"","overlay-color":"","overlay-opacity":"","overlay-gradient":""}},"_joinchat":[]},"product_brand":[],"product_cat":[25,52,27,51,123,30,26,15,28,31,137,135],"product_tag":[47,39,40,41,181,38,37],"class_list":{"0":"post-1892","1":"product","2":"type-product","3":"status-publish","4":"has-post-thumbnail","6":"product_cat-germany-best-selling-vape","7":"product_cat-9000-puffs-disposable-vapes","8":"product_cat-fance-hot-sale-vape","9":"product_cat-fumot-vape","10":"product_cat-italy-wholesale-vape","11":"product_cat-minimum-order-quantity-50pcs","12":"product_cat-netherlands-hot-sale-vape","13":"product_cat-new-vape-this-week","14":"product_cat-poland-hot-sale-vape","15":"product_cat-randm-fumot-vape","16":"product_cat-rechargeable-vapes","17":"product_cat-spain-best-hot-sale-vape","18":"product_tag-9000-puffs-vape","19":"product_tag-fumot-vape","20":"product_tag-hot-sale-vape","21":"product_tag-original-factory-vape","22":"product_tag-randm-tornado-9000","23":"product_tag-randm-vape","24":"product_tag-wholesale-vape-price","25":"desktop-align-left","26":"tablet-align-left","27":"mobile-align-left","29":"first","30":"instock","31":"sale","32":"shipping-taxable","33":"purchasable","34":"product-type-simple"},"uagb_featured_image_src":{"full":["https:\/\/rmvapesale.com\/wp-content\/uploads\/2024\/05\/RM-TORNADO-VAPE-DISPOSABEL-9000-PUFFS.png",600,600,false],"thumbnail":["https:\/\/rmvapesale.com\/wp-content\/uploads\/2024\/05\/RM-TORNADO-VAPE-DISPOSABEL-9000-PUFFS-150x150.png",150,150,true],"medium":["https:\/\/rmvapesale.com\/wp-content\/uploads\/2024\/05\/RM-TORNADO-VAPE-DISPOSABEL-9000-PUFFS-300x300.png",300,300,true],"medium_large":["https:\/\/rmvapesale.com\/wp-content\/uploads\/2024\/05\/RM-TORNADO-VAPE-DISPOSABEL-9000-PUFFS.png",600,600,false],"large":["https:\/\/rmvapesale.com\/wp-content\/uploads\/2024\/05\/RM-TORNADO-VAPE-DISPOSABEL-9000-PUFFS.png",600,600,false],"1536x1536":["https:\/\/rmvapesale.com\/wp-content\/uploads\/2024\/05\/RM-TORNADO-VAPE-DISPOSABEL-9000-PUFFS.png",600,600,false],"2048x2048":["https:\/\/rmvapesale.com\/wp-content\/uploads\/2024\/05\/RM-TORNADO-VAPE-DISPOSABEL-9000-PUFFS.png",600,600,false],"trp-custom-language-flag":["https:\/\/rmvapesale.com\/wp-content\/uploads\/2024\/05\/RM-TORNADO-VAPE-DISPOSABEL-9000-PUFFS.png",12,12,false],"woocommerce_thumbnail":["https:\/\/rmvapesale.com\/wp-content\/uploads\/2024\/05\/RM-TORNADO-VAPE-DISPOSABEL-9000-PUFFS-300x300.png",300,300,true],"woocommerce_single":["https:\/\/rmvapesale.com\/wp-content\/uploads\/2024\/05\/RM-TORNADO-VAPE-DISPOSABEL-9000-PUFFS.png",600,600,false],"woocommerce_gallery_thumbnail":["https:\/\/rmvapesale.com\/wp-content\/uploads\/2024\/05\/RM-TORNADO-VAPE-DISPOSABEL-9000-PUFFS-100x100.png",100,100,true],"wcpr-photo-reviews":["https:\/\/rmvapesale.com\/wp-content\/uploads\/2024\/05\/RM-TORNADO-VAPE-DISPOSABEL-9000-PUFFS.png",500,500,false]},"uagb_author_info":{"display_name":"yannazhan","author_link":"https:\/\/rmvapesale.com\/ro\/author\/"},"uagb_comment_info":0,"uagb_excerpt":"Cheap Price 9ooo Puffs Vape Device Original Fumot Bulk Buy 9ooo Puffs Vape Device Original Randm Wholesale Price 9ooo Puffs Vape Kit Original Fumot Contact Amy For More Discount And Lower MOQ Vape WhatsApp: +86 17776015835","_links":{"self":[{"href":"https:\/\/rmvapesale.com\/ro\/wp-json\/wp\/v2\/product\/1892","targetHints":{"allow":["GET"]}}],"collection":[{"href":"https:\/\/rmvapesale.com\/ro\/wp-json\/wp\/v2\/product"}],"about":[{"href":"https:\/\/rmvapesale.com\/ro\/wp-json\/wp\/v2\/types\/product"}],"replies":[{"embeddable":true,"href":"https:\/\/rmvapesale.com\/ro\/wp-json\/wp\/v2\/comments?post=1892"}],"wp:featuredmedia":[{"embeddable":true,"href":"https:\/\/rmvapesale.com\/ro\/wp-json\/wp\/v2\/media\/1887"}],"wp:attachment":[{"href":"https:\/\/rmvapesale.com\/ro\/wp-json\/wp\/v2\/media?parent=1892"}],"wp:term":[{"taxonomy":"product_brand","embeddable":true,"href":"https:\/\/rmvapesale.com\/ro\/wp-json\/wp\/v2\/product_brand?post=1892"},{"taxonomy":"product_cat","embeddable":true,"href":"https:\/\/rmvapesale.com\/ro\/wp-json\/wp\/v2\/product_cat?post=1892"},{"taxonomy":"product_tag","embeddable":true,"href":"https:\/\/rmvapesale.com\/ro\/wp-json\/wp\/v2\/product_tag?post=1892"}],"curies":[{"name":"wp","href":"https:\/\/api.w.org\/{rel}","templated":true}]}}