{"id":1893,"date":"2024-09-18T08:33:25","date_gmt":"2024-09-18T08:33:25","guid":{"rendered":"https:\/\/rmvapesale.com\/?post_type=product&#038;p=1893"},"modified":"2025-01-20T03:56:18","modified_gmt":"2025-01-20T03:56:18","slug":"wga-crystal-plus-20000-puff-dual-flavour-disposable-vape","status":"publish","type":"product","link":"https:\/\/rmvapesale.com\/ro\/product\/wga-crystal-plus-20000-puff-dual-flavour-disposable-vape\/","title":{"rendered":"WGA Crystal Plus 20000 Puffs \u021aigar\u0103 electronic\u0103 de unic\u0103 folosin\u021b\u0103 cu arom\u0103 dubl\u0103"},"content":{"rendered":"<h1>WGA Crystal Plus 20000 Puffs \u021aigar\u0103 electronic\u0103 de unic\u0103 folosin\u021b\u0103 cu arom\u0103 dubl\u0103<\/h1>\n<p>Prezent\u0103m WGA Crystal Plus 20000 Pufuri Vape, un dispozitiv revolu\u021bionar de vaping conceput pentru confortul \u0219i versatilitatea suprem\u0103. Dotat cu o baterie re\u00eenc\u0103rcabil\u0103 de 650mAh \u0219i un num\u0103r impresionant de pufuri de aproximativ 20.000, acest vape ofer\u0103 o experien\u021b\u0103 de durat\u0103 f\u0103r\u0103 re\u00eenc\u0103rc\u0103ri frecvente. Sistemul inovator cu dublu plas\u0103 permite schimbarea u\u0219oar\u0103 \u00eentre dou\u0103 arome prin glisarea capului de gur\u0103, asigur\u00e2nd fiecare puf o experien\u021b\u0103 neted\u0103 \u0219i plin\u0103 de savoare. Cu un ecran de afi\u0219are \u0219i \u00eenc\u0103rcare USB Type-C, WGA Crystal Plus 20K \u00ee\u021bi ridic\u0103 experien\u021ba de vaping la un nivel superior. Spune adio dispozitivelor mediocre \u0219i \u00eembr\u0103\u021bi\u0219eaz\u0103 pl\u0103cerea 2-in-1 a WGA Crystal Plus!<\/p>\n<p><strong>Adaug\u0103 WhatsApp AMY <a href=\"https:\/\/wa.me\/8617776015835\" target=\"_blank\" rel=\"noopener\">+86-17776015835<\/a> ob\u021bine mai multe reduceri!<\/strong><\/p>\n<p><img loading=\"lazy\" decoding=\"async\" class=\"size-full wp-image-1978\" src=\"https:\/\/rmvapesale.com\/wp-content\/uploads\/2024\/09\/Disposable-Vape-Wholesale.jpg\" alt=\"\u021aig\u0103ri electronice de unic\u0103 folosin\u021b\u0103 en-gros\" width=\"229\" height=\"300\" \/><\/p>\n<h2>Specifica\u021bii WGA Crystal Plus 20000<\/h2>\n<p>Pufuri: 20000 pufuri<br \/>\nBaterie: 650mAh<br \/>\nE-Lichid: 15ml*2<br \/>\nConcentra\u021bie Nicotin\u0103: 2% 5%<br \/>\nRe\u00eenc\u0103rcabil Type C<\/p>\n<h2><\/h2>\n<p>&nbsp;<\/p>\n<h2>List\u0103 de Arome<\/h2>\n<p>&nbsp;<\/p>\n<p>1. Blue Razz Cherry &amp; Fizzy Cherry<br \/>\n2. Blue Razz Gummy &amp; Blue Raspberry<br \/>\n3. Blue Razz Lemonade &amp; Cola Lemon<br \/>\n4. Blueberry Cotton Candy &amp; Raspberry Cotton Candy<br \/>\n5. Menta Proasp\u0103t\u0103 &amp; Mentol dublu<br \/>\n6. Urs Gummy &amp; Skittles<br \/>\n7. Heisenberg &amp; Pink Man<br \/>\n8. Jolly Ranger &amp; Brain Licker<br \/>\n9. Piersic\u0103 suculent\u0103 &amp; Mango Piersic\u0103 Ice<br \/>\n10. L\u0103m\u00e2ie &amp; Lime &amp; Limonad\u0103 Sherbet Ice<br \/>\n11. Ananas Ice &amp; Ananas Piersic\u0103 Mango<br \/>\n12. Ananas L\u0103m\u00e2ie &amp; Strugure Ice<br \/>\n13. Summer Dream &amp; Cherry Cola Ice<br \/>\n14. \u00cenghe\u021bat\u0103 de c\u0103p\u0219uni &amp; Banana de c\u0103p\u0219uni<br \/>\n15. Ice de zmeur\u0103 de c\u0103p\u0219uni &amp; Afine cu cire\u0219e \u0219i meri\u0219oare<br \/>\n16. Mango triplu &amp; Guava cu kiwi \u0219i fructul pasiunii<br \/>\n17. Ice de pepene galben &amp; M\u0103r dublu<br \/>\n18. Pepene galben Hubba Bubba &amp; Afine Hubba Bubba<\/p>\n<figure id=\"attachment_2030\" aria-describedby=\"caption-attachment-2030\" style=\"width: 788px\" class=\"wp-caption alignnone\"><img loading=\"lazy\" decoding=\"async\" class=\"wp-image-2030 size-full\" src=\"https:\/\/rmvapesale.com\/wp-content\/uploads\/2024\/09\/WGA-Crystal-Plus-20K-Vape.jpg\" alt=\"WGA Crystal Plus 20K Vape\" width=\"788\" height=\"788\" srcset=\"https:\/\/rmvapesale.com\/wp-content\/uploads\/2024\/09\/WGA-Crystal-Plus-20K-Vape.jpg 788w, https:\/\/rmvapesale.com\/wp-content\/uploads\/2024\/09\/WGA-Crystal-Plus-20K-Vape-300x300.jpg 300w, https:\/\/rmvapesale.com\/wp-content\/uploads\/2024\/09\/WGA-Crystal-Plus-20K-Vape-150x150.jpg 150w, https:\/\/rmvapesale.com\/wp-content\/uploads\/2024\/09\/WGA-Crystal-Plus-20K-Vape-768x768.jpg 768w, https:\/\/rmvapesale.com\/wp-content\/uploads\/2024\/09\/WGA-Crystal-Plus-20K-Vape-600x600.jpg 600w, https:\/\/rmvapesale.com\/wp-content\/uploads\/2024\/09\/WGA-Crystal-Plus-20K-Vape-100x100.jpg 100w\" sizes=\"auto, (max-width: 788px) 100vw, 788px\" \/><figcaption id=\"caption-attachment-2030\" class=\"wp-caption-text\">WGA Crystal Plus 20K Vape<\/figcaption><\/figure>\n<h4><\/h4>\n<h4>\u00centreb\u0103ri frecvente:<\/h4>\n<p>&nbsp;<\/p>\n<p><strong>1. C\u00e2t timp dureaz\u0103 un dispozitiv WGA Crystal Plus 20000?<\/strong><br \/>\nCu utilizare corespunz\u0103toare, fiecare dispozitiv poate oferi aproximativ 16.000 de pufuri, dur\u00e2nd c\u00e2teva s\u0103pt\u0103m\u00e2ni pentru majoritatea utilizatorilor.<\/p>\n<p><strong>2. Pot re\u00eenc\u0103rca WGA Crystal Plus 20K?<\/strong><br \/>\nDe\u0219i majoritatea versiunilor nu sunt re\u00eenc\u0103rcabile, unele modele mai noi pot avea o baterie re\u00eenc\u0103rcabil\u0103.<\/p>\n<p><strong>3. Cum schimb \u00eentre cele dou\u0103 arome?<\/strong><br \/>\nPur \u0219i simplu gliseaz\u0103 capul de gur\u0103 pentru a alterna \u00eentre cele dou\u0103 rezervoare de arom\u0103.<\/p>\n<p><strong>4. Este WGA Crystal Plus 20000 potrivit pentru \u00eencep\u0103tori?<\/strong><br \/>\nAbsolut! Designul s\u0103u prietenos face ca acesta s\u0103 fie perfect at\u00e2t pentru \u00eencep\u0103tori, c\u00e2t \u0219i pentru vaperi experimenta\u021bi.<\/p>\n<p>&nbsp;<\/p>\n<p>Alte produse vape populare care v-ar putea pl\u0103cea:<\/p>\n<p><a href=\"https:\/\/rmvapesale.com\/ro\/product\/waspe-12000-puffs-disposable-vape-pen\/\"><strong>Waspe 12000 12K Pufuri<\/strong><\/a><em><a href=\"https:\/\/rmvapesale.com\/ro\/product\/waspe-12000-puffs-disposable-vape-pen\/\"><strong> &gt;&gt;&gt;Magazin<\/strong><\/a><\/em><\/p>\n<p><a href=\"https:\/\/rmvapesale.com\/ro\/product\/vapme-shisha-hookah-15000-puffs-vape-0-2-nicotine\/\"><strong>Vapme Shisha Hookah 15k Pufuri<\/strong><\/a><em><strong><a href=\"https:\/\/rmvapesale.com\/ro\/product\/waspe-12000-puffs-disposable-vape-pen\/\">&gt;&gt;&gt;Magazin<\/a><\/strong><\/em><\/p>\n<p><a href=\"https:\/\/rmvapesale.com\/ro\/product\/fihp-shisha-hookah-15000-pro-disposable-vape-wholesale\/\"><strong>FIHP 15000 Pufuri <\/strong><\/a><strong><em><a href=\"https:\/\/rmvapesale.com\/ro\/product\/waspe-12000-puffs-disposable-vape-pen\/\">&gt;&gt;&gt;Magazin<\/a><\/em><\/strong><\/p>\n<p>&nbsp;<\/p>\n<p>&nbsp;<\/p>\n<p>G\u0103si\u021bi mai multe produse de vapat care v-ar putea pl\u0103cea:<em><a href=\"https:\/\/rmvapesale.com\/ro\/shop-2\/\">cump\u0103r\u0103 acum\u00a0<\/a><\/em><\/p>\n<p>&nbsp;<\/p>","protected":false},"excerpt":{"rendered":"<p class=\"LC20lb MBeuO DKV0Md\">WGA Crystal Plus 20000 Vape 2-in-1 Re\u00eenc\u0103rcabil Vape<br \/>\nWGA Crystal Plus 20000 Vape Dispozitiv de Unic\u0103 Folosin\u021b\u0103 2-in-1 Arome<br \/>\nWGA Crystal Plus 20000 Pufuri \u2013 Vape Dispozitiv de Unic\u0103 Folosin\u021b\u0103 Dual Flavour<br \/>\n<strong>Contacta\u021bi-o pe Amy pentru mai multe reduceri \u0219i un MOQ mai mic pentru Vape<\/strong><\/p>\n<p><img loading=\"lazy\" decoding=\"async\" class=\"size-medium wp-image-1814\" src=\"https:\/\/rmvapesale.com\/wp-content\/uploads\/2024\/04\/whatsapp-amy-229x300.jpg\" alt=\"whatsapp amy\" width=\"229\" height=\"300\" srcset=\"https:\/\/rmvapesale.com\/wp-content\/uploads\/2024\/04\/whatsapp-amy-229x300.jpg 229w, https:\/\/rmvapesale.com\/wp-content\/uploads\/2024\/04\/whatsapp-amy-783x1024.jpg 783w, https:\/\/rmvapesale.com\/wp-content\/uploads\/2024\/04\/whatsapp-amy-768x1005.jpg 768w, https:\/\/rmvapesale.com\/wp-content\/uploads\/2024\/04\/whatsapp-amy-600x785.jpg 600w, https:\/\/rmvapesale.com\/wp-content\/uploads\/2024\/04\/whatsapp-amy.jpg 990w\" sizes=\"auto, (max-width: 229px) 100vw, 229px\" \/><\/p>\n<h3><span style=\"color: #ff0000\"><strong>WhatsApp: +86 17776015835<\/strong><\/span><\/h3>","protected":false},"featured_media":2036,"comment_status":"open","ping_status":"closed","template":"","meta":{"_uag_custom_page_level_css":"","_lmt_disableupdate":"no","_lmt_disable":"","site-sidebar-layout":"default","site-content-layout":"content-boxed-container","ast-site-content-layout":"normal-width-container","site-content-style":"boxed","site-sidebar-style":"unboxed","ast-global-header-display":"","ast-banner-title-visibility":"","ast-main-header-display":"","ast-hfb-above-header-display":"","ast-hfb-below-header-display":"","ast-hfb-mobile-header-display":"","site-post-title":"","ast-breadcrumbs-content":"","ast-featured-img":"","footer-sml-layout":"","theme-transparent-header-meta":"default","adv-header-id-meta":"","stick-header-meta":"","header-above-stick-meta":"","header-main-stick-meta":"","header-below-stick-meta":"","astra-migrate-meta-layouts":"set","ast-page-background-enabled":"default","ast-page-background-meta":{"desktop":{"background-color":"var(--ast-global-color-4)","background-image":"","background-repeat":"repeat","background-position":"center center","background-size":"auto","background-attachment":"scroll","background-type":"","background-media":"","overlay-type":"","overlay-color":"","overlay-opacity":"","overlay-gradient":""},"tablet":{"background-color":"","background-image":"","background-repeat":"repeat","background-position":"center center","background-size":"auto","background-attachment":"scroll","background-type":"","background-media":"","overlay-type":"","overlay-color":"","overlay-opacity":"","overlay-gradient":""},"mobile":{"background-color":"","background-image":"","background-repeat":"repeat","background-position":"center center","background-size":"auto","background-attachment":"scroll","background-type":"","background-media":"","overlay-type":"","overlay-color":"","overlay-opacity":"","overlay-gradient":""}},"ast-content-background-meta":{"desktop":{"background-color":"var(--ast-global-color-5)","background-image":"","background-repeat":"repeat","background-position":"center center","background-size":"auto","background-attachment":"scroll","background-type":"","background-media":"","overlay-type":"","overlay-color":"","overlay-opacity":"","overlay-gradient":""},"tablet":{"background-color":"var(--ast-global-color-5)","background-image":"","background-repeat":"repeat","background-position":"center center","background-size":"auto","background-attachment":"scroll","background-type":"","background-media":"","overlay-type":"","overlay-color":"","overlay-opacity":"","overlay-gradient":""},"mobile":{"background-color":"var(--ast-global-color-5)","background-image":"","background-repeat":"repeat","background-position":"center center","background-size":"auto","background-attachment":"scroll","background-type":"","background-media":"","overlay-type":"","overlay-color":"","overlay-opacity":"","overlay-gradient":""}},"_joinchat":[]},"product_brand":[],"product_cat":[25,289,290,291,292,298,293,295,299,283,255,123,26,28,135,27,137,136,15,30],"product_tag":[66,64,40,41,65,37],"class_list":{"0":"post-1893","1":"product","2":"type-product","3":"status-publish","4":"has-post-thumbnail","6":"product_cat-germany-best-selling-vape","7":"product_cat-big-puffs-disposable-vapes","8":"product_cat-crystal-disposable-vapes","9":"product_cat-dual-mesh-disposable-vapes","10":"product_cat-digital-disposable-vapes","11":"product_cat-double-flavor-disposable-vapes","12":"product_cat-low-nicotine-disposable-vapes","13":"product_cat-rechargeable-disposable-vapes","14":"product_cat-smart-screen-disposable-vapes","15":"product_cat-wga-vape","16":"product_cat-20000-puff-disposable-vape","17":"product_cat-italy-wholesale-vape","18":"product_cat-netherlands-hot-sale-vape","19":"product_cat-poland-hot-sale-vape","20":"product_cat-spain-best-hot-sale-vape","21":"product_cat-fance-hot-sale-vape","22":"product_cat-rechargeable-vapes","23":"product_cat-smart-screen-vapes","24":"product_cat-new-vape-this-week","25":"product_cat-minimum-order-quantity-50pcs","26":"product_tag-disposable-vape","27":"product_tag-dual-flavour-vape","28":"product_tag-hot-sale-vape","29":"product_tag-original-factory-vape","30":"product_tag-wga-crystal-plus-20000","31":"product_tag-wholesale-vape-price","32":"desktop-align-left","33":"tablet-align-left","34":"mobile-align-left","36":"first","37":"instock","38":"sale","39":"shipping-taxable","40":"purchasable","41":"product-type-simple"},"uagb_featured_image_src":{"full":["https:\/\/rmvapesale.com\/wp-content\/uploads\/2024\/09\/WGA-Crystal-Plus-20000-Vape.png",800,800,false],"thumbnail":["https:\/\/rmvapesale.com\/wp-content\/uploads\/2024\/09\/WGA-Crystal-Plus-20000-Vape-150x150.png",150,150,true],"medium":["https:\/\/rmvapesale.com\/wp-content\/uploads\/2024\/09\/WGA-Crystal-Plus-20000-Vape-300x300.png",300,300,true],"medium_large":["https:\/\/rmvapesale.com\/wp-content\/uploads\/2024\/09\/WGA-Crystal-Plus-20000-Vape-768x768.png",768,768,true],"large":["https:\/\/rmvapesale.com\/wp-content\/uploads\/2024\/09\/WGA-Crystal-Plus-20000-Vape.png",800,800,false],"1536x1536":["https:\/\/rmvapesale.com\/wp-content\/uploads\/2024\/09\/WGA-Crystal-Plus-20000-Vape.png",800,800,false],"2048x2048":["https:\/\/rmvapesale.com\/wp-content\/uploads\/2024\/09\/WGA-Crystal-Plus-20000-Vape.png",800,800,false],"trp-custom-language-flag":["https:\/\/rmvapesale.com\/wp-content\/uploads\/2024\/09\/WGA-Crystal-Plus-20000-Vape.png",12,12,false],"woocommerce_thumbnail":["https:\/\/rmvapesale.com\/wp-content\/uploads\/2024\/09\/WGA-Crystal-Plus-20000-Vape-300x300.png",300,300,true],"woocommerce_single":["https:\/\/rmvapesale.com\/wp-content\/uploads\/2024\/09\/WGA-Crystal-Plus-20000-Vape-600x600.png",600,600,true],"woocommerce_gallery_thumbnail":["https:\/\/rmvapesale.com\/wp-content\/uploads\/2024\/09\/WGA-Crystal-Plus-20000-Vape-100x100.png",100,100,true],"wcpr-photo-reviews":["https:\/\/rmvapesale.com\/wp-content\/uploads\/2024\/09\/WGA-Crystal-Plus-20000-Vape.png",500,500,false]},"uagb_author_info":{"display_name":"yannazhan","author_link":"https:\/\/rmvapesale.com\/ro\/author\/"},"uagb_comment_info":0,"uagb_excerpt":"WGA Crystal Plus 20000 Vape 2-in-1 Rechargeable Vape WGA Crystal Plus 20000 Disposable Vape 2-in-1 Flavours WGA Crystal Plus 20000 Puff \u2013 Dual Flavour Disposable Vape Contact Amy For More Discount And Lower MOQ Vape WhatsApp: +86 17776015835","_links":{"self":[{"href":"https:\/\/rmvapesale.com\/ro\/wp-json\/wp\/v2\/product\/1893","targetHints":{"allow":["GET"]}}],"collection":[{"href":"https:\/\/rmvapesale.com\/ro\/wp-json\/wp\/v2\/product"}],"about":[{"href":"https:\/\/rmvapesale.com\/ro\/wp-json\/wp\/v2\/types\/product"}],"replies":[{"embeddable":true,"href":"https:\/\/rmvapesale.com\/ro\/wp-json\/wp\/v2\/comments?post=1893"}],"wp:featuredmedia":[{"embeddable":true,"href":"https:\/\/rmvapesale.com\/ro\/wp-json\/wp\/v2\/media\/2036"}],"wp:attachment":[{"href":"https:\/\/rmvapesale.com\/ro\/wp-json\/wp\/v2\/media?parent=1893"}],"wp:term":[{"taxonomy":"product_brand","embeddable":true,"href":"https:\/\/rmvapesale.com\/ro\/wp-json\/wp\/v2\/product_brand?post=1893"},{"taxonomy":"product_cat","embeddable":true,"href":"https:\/\/rmvapesale.com\/ro\/wp-json\/wp\/v2\/product_cat?post=1893"},{"taxonomy":"product_tag","embeddable":true,"href":"https:\/\/rmvapesale.com\/ro\/wp-json\/wp\/v2\/product_tag?post=1893"}],"curies":[{"name":"wp","href":"https:\/\/api.w.org\/{rel}","templated":true}]}}