{"id":1894,"date":"2024-05-24T08:08:12","date_gmt":"2024-05-24T08:08:12","guid":{"rendered":"https:\/\/rmvapesale.com\/?post_type=product&#038;p=1894"},"modified":"2024-10-22T08:49:55","modified_gmt":"2024-10-22T08:49:55","slug":"randm-tornado-7000-puffs-original-cheap-price-vapes-fumot-factory","status":"publish","type":"product","link":"https:\/\/rmvapesale.com\/ro\/product\/randm-tornado-7000-puffs-original-cheap-price-vapes-fumot-factory\/","title":{"rendered":"Vape-uri RANDM TORNADO 7000 Puffs Originale Pre\u021b Ieftin Fabrica Fumot"},"content":{"rendered":"<h1>Vape-uri RANDM TORNADO 7000 Puffs Originale Pre\u021b Ieftin Fabrica Fumot<\/h1>\n<p>The <strong>Fumot Vape RANDM TORNADO 7000<\/strong> este un dispozitiv de vaping de unic\u0103 folosin\u021b\u0103 vizual inovator, proiectat cu un design unic de separare a rezervorului de ulei \u0219i a miezului de ulei, adresat \u00een mod special cerin\u021belor comercian\u021bilor en gros din Rom\u00e2nia.<\/p>\n<p>Cu o <strong>Capacitate de ulei de 14ml<\/strong>, the <strong>RANDM vape 7000<\/strong> ofer\u0103 p\u00e2n\u0103 la <strong>7000 de pufuri<\/strong>, oferind o experien\u021b\u0103 de vaping extins\u0103 \u0219i satisf\u0103c\u0103toare. Alimentat de un <strong>baterie de 850mAh<\/strong>, acest dispozitiv asigur\u0103 performan\u021b\u0103 de durat\u0103. Se \u00eencarc\u0103 complet \u00een doar trei ore folosind <strong>portul de \u00eenc\u0103rcare Type-C<\/strong>.<\/p>\n<p>Una dintre caracteristicile cheie ale <strong>RANDM TORNADO 7000<\/strong> este tehnologia sa avansat\u0103 <strong>rezisten\u021b\u0103 mesh<\/strong>, care garanteaz\u0103 o vape lin\u0103 \u0219i plin\u0103 de arom\u0103 la fiecare puf. Utilizatorii pot alege dintr-o selec\u021bie impresionant\u0103 de <strong>56 de arome de fructe<\/strong>, asigur\u00e2ndu-se c\u0103 exist\u0103 ceva pentru fiecare. Indiferent dac\u0103 este gustul dulce-acri\u0219or al fructelor de p\u0103dure sau aroma revigorant\u0103 a citricelor.<\/p>\n<p>Acest dispozitiv este un punct de reper \u00een <strong>vape-uri populare<\/strong> pia\u021b\u0103 \u0219i este foarte c\u0103utat \u00een <strong>brandurile de vape-uri de unic\u0103 folosin\u021b\u0103 Fumot<\/strong> colec\u021bie. Indiferent dac\u0103 cau\u021bi o <strong>vape de unic\u0103 folosin\u021b\u0103 cu nicotin\u0103 redus\u0103<\/strong> sau doar explorezi noi arome, <strong>TORNADO 7000<\/strong> ofer\u0103 o experien\u021b\u0103 de vaping premium la un pre\u021b accesibil.<\/p>\n<p>Exploreaz\u0103 cele mai bune din <strong>randm vapes<\/strong> \u0219i bucur\u0103-te de arom\u0103 superioar\u0103, confort \u0219i accesibilitate cu <strong>RANDM TORNADO 7000<\/strong>.<\/p>\n<p><img loading=\"lazy\" decoding=\"async\" class=\"alignnone size-medium wp-image-1896\" src=\"https:\/\/rmvapesale.com\/wp-content\/uploads\/2024\/05\/RANDM-TORNADO-7000-hit-hot-sale-300x273.jpg\" alt=\"RANDM TORNADO 7000, v\u00e2nzare foarte popular\u0103\" width=\"300\" height=\"273\" srcset=\"https:\/\/rmvapesale.com\/wp-content\/uploads\/2024\/05\/RANDM-TORNADO-7000-hit-hot-sale-300x273.jpg 300w, https:\/\/rmvapesale.com\/wp-content\/uploads\/2024\/05\/RANDM-TORNADO-7000-hit-hot-sale-768x699.jpg 768w, https:\/\/rmvapesale.com\/wp-content\/uploads\/2024\/05\/RANDM-TORNADO-7000-hit-hot-sale-600x546.jpg 600w, https:\/\/rmvapesale.com\/wp-content\/uploads\/2024\/05\/RANDM-TORNADO-7000-hit-hot-sale.jpg 800w\" sizes=\"auto, (max-width: 300px) 100vw, 300px\" \/><\/p>\n<p><strong>Adaug\u0103 managerul de v\u00e2nz\u0103ri AMY pe whatsapp <a href=\"https:\/\/wa.me\/8617776015835\" target=\"_blank\" rel=\"noopener\">+86-17776015835<\/a> ob\u021bine mai multe reduceri!<\/strong><\/p>\n<p><img loading=\"lazy\" decoding=\"async\" class=\"size-medium wp-image-1814\" src=\"https:\/\/rmvapesale.com\/wp-content\/uploads\/2024\/04\/whatsapp-amy-229x300.jpg\" alt=\"whatsapp amy\" width=\"229\" height=\"300\" srcset=\"https:\/\/rmvapesale.com\/wp-content\/uploads\/2024\/04\/whatsapp-amy-229x300.jpg 229w, https:\/\/rmvapesale.com\/wp-content\/uploads\/2024\/04\/whatsapp-amy-783x1024.jpg 783w, https:\/\/rmvapesale.com\/wp-content\/uploads\/2024\/04\/whatsapp-amy-768x1005.jpg 768w, https:\/\/rmvapesale.com\/wp-content\/uploads\/2024\/04\/whatsapp-amy-600x785.jpg 600w, https:\/\/rmvapesale.com\/wp-content\/uploads\/2024\/04\/whatsapp-amy.jpg 990w\" sizes=\"auto, (max-width: 229px) 100vw, 229px\" \/><\/p>\n<h2>Specifica\u021bii FUMOT PUFF 7000 Vape de unic\u0103 folosin\u021b\u0103:<\/h2>\n<p>Op\u021biuni de con\u021binut de nicotin\u0103: 0%, 2%, 3% \u0219i 5%<br \/>\nP\u00e2n\u0103 la 7000 de pufuri<br \/>\nPreumplut cu 14ml de lichid e<br \/>\nBaterie re\u00eenc\u0103rcabil\u0103 de 850mAh<br \/>\nRezisten\u021b\u0103 tip mesh de 0.9\u03a9<br \/>\n56 de arome disponibile \u00een stoc<\/p>\n<h2>\u00centreb\u0103ri frecvente despre Fumot Randm 7000 Vape:<\/h2>\n<p>1. Ce face ca RANDM 7000 s\u0103 se disting\u0103 de alte vape-uri de unic\u0103 folosin\u021b\u0103?<\/p>\n<p>RANDM 7000 ofer\u0103 un num\u0103r de pufuri neegalat de 7000, o varietate larg\u0103 de 56 de arome de fructe \u0219i utilizeaz\u0103 o bobin\u0103 din plas\u0103 pentru o arom\u0103 \u0219i vapori superioare.<br \/>\n2. C\u00e2t timp dureaz\u0103 s\u0103 \u00eencarci complet dispozitivul?<\/p>\n<p>Dispozitivul original Randm Fumot Vape cu 7k pufuri poate fi \u00eenc\u0103rcat complet \u00een doar trei ore folosind portul de \u00eenc\u0103rcare Type-C.<br \/>\n3. Care este capacitatea bateriei pentru tornado 7k puffs Original randm fumot?<\/p>\n<p>Tornado 7k puffs Original randm fumot este echipat cu o baterie de 850 mAh (17350), asigur\u00e2nd performan\u021b\u0103 de durat\u0103 lung\u0103.<br \/>\n4. Exist\u0103 op\u021biuni de pre\u021buri en-gros disponibile pentru fumot Original randm Vape Wholesale tornado 7000 puffs?<\/p>\n<p>Da, oferim pre\u021buri competitive en-gros pentru tornado 7k puffs pentru comercian\u021bi en-gros. Contacta\u021bi-ne pentru mai multe detalii despre op\u021biunile noastre de pre\u021b en-gros pentru tornado 7000 puffs.<br \/>\n5. Cum pot plasa o comand\u0103? Cum s\u0103 cump\u0103r tornado 7000 puffs en-gros?<\/p>\n<p>Pentru a plasa o comand\u0103, pur \u0219i simplu<a href=\"https:\/\/wa.me\/8617776015835\" target=\"_blank\" rel=\"noopener\"> ne contacta\u021bi.<\/a> Echipa noastr\u0103 este disponibil\u0103 24\/7 pentru a v\u0103 ajuta cu achizi\u021bia \u0219i pentru a asigura o experien\u021b\u0103 profesional\u0103.<br \/>\n6. Exist\u0103 o cantitate minim\u0103 de comand\u0103 pentru a cump\u0103ra tornado 7000 puffs en-gros?<\/p>\n<p>Da, cantitatea minim\u0103 de comand\u0103 pentru a cump\u0103ra tornado 7000 puffs en-gros este de 50 de buc\u0103\u021bi, ceea ce este perfect pentru comercian\u021bii en-gros care doresc s\u0103 \u00eenceap\u0103 cu o cantitate gestionabil\u0103.<\/p>\n<p>G\u0103si\u021bi mai multe produse de vapat care v-ar putea pl\u0103cea:<em><a href=\"https:\/\/rmvapesale.com\/ro\/shop-2\/\">cump\u0103r\u0103 acum\u00a0<\/a><\/em><\/p>\n<p>alte produse de vapat populare care v-ar putea pl\u0103cea:<\/p>\n<p><a href=\"https:\/\/rmvapesale.com\/ro\/product\/jnr-shisha-vape-15000-puffs-wholesale-price-with-screen-vape\/\">VOPK SHISHA 15K\/ <\/a><a href=\"https:\/\/rmvapesale.com\/ro\/product\/randm-vape-al-fakher-10000-puffs-vape-wholesale\/\">randm vape AI FAKHER 15k \u021bigar\u0103 electronic\u0103<\/a><a href=\"https:\/\/rmvapesale.com\/ro\/product\/randm-tornado-15000-puffs-15k-vape-recharge-fumot-original-vape-factory-price\/\">Cutie digital\u0103 de fumot Puff 12000\/<\/a><\/p>\n<p><a href=\"https:\/\/rmvapesale.com\/ro\/product\/original-randm-tornado-9000-puffs-vape-fumot-factory-price-cheap\/\">RandM Tornado 9000 Pufuri<\/a><\/p>","protected":false},"excerpt":{"rendered":"<p>Funot Vape 7000 en gros Dispozitiv de unic\u0103 folosin\u021b\u0103<br \/>\nRandM Vape 7000 Pufuri Nicotin\u0103 redus\u0103 Vape de unic\u0103 folosin\u021b\u0103<br class=\"yoast-text-mark\" \/>RandM Tornado 7000 Toate aromele \u00een stoc<\/p>\n<p><img loading=\"lazy\" decoding=\"async\" width=\"229\" height=\"300\" class=\"size-medium wp-image-1814\" src=\"https:\/\/rmvapesale.com\/wp-content\/uploads\/2024\/04\/whatsapp-amy-229x300.jpg\" alt=\"whatsapp amy\" srcset=\"https:\/\/rmvapesale.com\/wp-content\/uploads\/2024\/04\/whatsapp-amy-229x300.jpg 229w, https:\/\/rmvapesale.com\/wp-content\/uploads\/2024\/04\/whatsapp-amy-783x1024.jpg 783w, https:\/\/rmvapesale.com\/wp-content\/uploads\/2024\/04\/whatsapp-amy-768x1005.jpg 768w, https:\/\/rmvapesale.com\/wp-content\/uploads\/2024\/04\/whatsapp-amy-600x785.jpg 600w, https:\/\/rmvapesale.com\/wp-content\/uploads\/2024\/04\/whatsapp-amy.jpg 990w\" sizes=\"auto, (max-width: 229px) 100vw, 229px\" \/><\/p>\n<h3><span style=\"color: #ff0000\"><strong>WhatsApp: +86 17776015835<\/strong><\/span><\/h3>","protected":false},"featured_media":1895,"comment_status":"open","ping_status":"closed","template":"","meta":{"_uag_custom_page_level_css":"","_lmt_disableupdate":"no","_lmt_disable":"","site-sidebar-layout":"default","site-content-layout":"content-boxed-container","ast-site-content-layout":"normal-width-container","site-content-style":"boxed","site-sidebar-style":"unboxed","ast-global-header-display":"","ast-banner-title-visibility":"","ast-main-header-display":"","ast-hfb-above-header-display":"","ast-hfb-below-header-display":"","ast-hfb-mobile-header-display":"","site-post-title":"","ast-breadcrumbs-content":"","ast-featured-img":"","footer-sml-layout":"","theme-transparent-header-meta":"default","adv-header-id-meta":"","stick-header-meta":"","header-above-stick-meta":"","header-main-stick-meta":"","header-below-stick-meta":"","astra-migrate-meta-layouts":"set","ast-page-background-enabled":"default","ast-page-background-meta":{"desktop":{"background-color":"var(--ast-global-color-4)","background-image":"","background-repeat":"repeat","background-position":"center center","background-size":"auto","background-attachment":"scroll","background-type":"","background-media":"","overlay-type":"","overlay-color":"","overlay-opacity":"","overlay-gradient":""},"tablet":{"background-color":"","background-image":"","background-repeat":"repeat","background-position":"center center","background-size":"auto","background-attachment":"scroll","background-type":"","background-media":"","overlay-type":"","overlay-color":"","overlay-opacity":"","overlay-gradient":""},"mobile":{"background-color":"","background-image":"","background-repeat":"repeat","background-position":"center center","background-size":"auto","background-attachment":"scroll","background-type":"","background-media":"","overlay-type":"","overlay-color":"","overlay-opacity":"","overlay-gradient":""}},"ast-content-background-meta":{"desktop":{"background-color":"var(--ast-global-color-5)","background-image":"","background-repeat":"repeat","background-position":"center center","background-size":"auto","background-attachment":"scroll","background-type":"","background-media":"","overlay-type":"","overlay-color":"","overlay-opacity":"","overlay-gradient":""},"tablet":{"background-color":"var(--ast-global-color-5)","background-image":"","background-repeat":"repeat","background-position":"center center","background-size":"auto","background-attachment":"scroll","background-type":"","background-media":"","overlay-type":"","overlay-color":"","overlay-opacity":"","overlay-gradient":""},"mobile":{"background-color":"var(--ast-global-color-5)","background-image":"","background-repeat":"repeat","background-position":"center center","background-size":"auto","background-attachment":"scroll","background-type":"","background-media":"","overlay-type":"","overlay-color":"","overlay-opacity":"","overlay-gradient":""}},"_joinchat":[]},"product_brand":[],"product_cat":[25,123,26,28,135,27,31,137,15,30],"product_tag":[48,39,40,41,183,182,38,37],"class_list":{"0":"post-1894","1":"product","2":"type-product","3":"status-publish","4":"has-post-thumbnail","6":"product_cat-germany-best-selling-vape","7":"product_cat-italy-wholesale-vape","8":"product_cat-netherlands-hot-sale-vape","9":"product_cat-poland-hot-sale-vape","10":"product_cat-spain-best-hot-sale-vape","11":"product_cat-fance-hot-sale-vape","12":"product_cat-randm-fumot-vape","13":"product_cat-rechargeable-vapes","14":"product_cat-new-vape-this-week","15":"product_cat-minimum-order-quantity-50pcs","16":"product_tag-7000-puffs-vape","17":"product_tag-fumot-vape","18":"product_tag-hot-sale-vape","19":"product_tag-original-factory-vape","20":"product_tag-randm-7000","21":"product_tag-randm-tornado-7000","22":"product_tag-randm-vape","23":"product_tag-wholesale-vape-price","24":"desktop-align-left","25":"tablet-align-left","26":"mobile-align-left","28":"first","29":"instock","30":"sale","31":"shipping-taxable","32":"purchasable","33":"product-type-simple"},"uagb_featured_image_src":{"full":["https:\/\/rmvapesale.com\/wp-content\/uploads\/2024\/05\/Ricky-Morty-Tornado-7000-Vape-Flavors.jpg",1200,1200,false],"thumbnail":["https:\/\/rmvapesale.com\/wp-content\/uploads\/2024\/05\/Ricky-Morty-Tornado-7000-Vape-Flavors-150x150.jpg",150,150,true],"medium":["https:\/\/rmvapesale.com\/wp-content\/uploads\/2024\/05\/Ricky-Morty-Tornado-7000-Vape-Flavors-300x300.jpg",300,300,true],"medium_large":["https:\/\/rmvapesale.com\/wp-content\/uploads\/2024\/05\/Ricky-Morty-Tornado-7000-Vape-Flavors-768x768.jpg",768,768,true],"large":["https:\/\/rmvapesale.com\/wp-content\/uploads\/2024\/05\/Ricky-Morty-Tornado-7000-Vape-Flavors-1024x1024.jpg",1024,1024,true],"1536x1536":["https:\/\/rmvapesale.com\/wp-content\/uploads\/2024\/05\/Ricky-Morty-Tornado-7000-Vape-Flavors.jpg",1200,1200,false],"2048x2048":["https:\/\/rmvapesale.com\/wp-content\/uploads\/2024\/05\/Ricky-Morty-Tornado-7000-Vape-Flavors.jpg",1200,1200,false],"trp-custom-language-flag":["https:\/\/rmvapesale.com\/wp-content\/uploads\/2024\/05\/Ricky-Morty-Tornado-7000-Vape-Flavors.jpg",12,12,false],"woocommerce_thumbnail":["https:\/\/rmvapesale.com\/wp-content\/uploads\/2024\/05\/Ricky-Morty-Tornado-7000-Vape-Flavors-300x300.jpg",300,300,true],"woocommerce_single":["https:\/\/rmvapesale.com\/wp-content\/uploads\/2024\/05\/Ricky-Morty-Tornado-7000-Vape-Flavors-600x600.jpg",600,600,true],"woocommerce_gallery_thumbnail":["https:\/\/rmvapesale.com\/wp-content\/uploads\/2024\/05\/Ricky-Morty-Tornado-7000-Vape-Flavors-100x100.jpg",100,100,true],"wcpr-photo-reviews":["https:\/\/rmvapesale.com\/wp-content\/uploads\/2024\/05\/Ricky-Morty-Tornado-7000-Vape-Flavors.jpg",500,500,false]},"uagb_author_info":{"display_name":"yannazhan","author_link":"https:\/\/rmvapesale.com\/ro\/author\/"},"uagb_comment_info":0,"uagb_excerpt":"Funot Vape\u00a0 7000 wholesale Disposable RandM Vape 7000 Puff Low Nicotine Disposable VapeRandM Tornado 7000 All Flavours in stock WhatsApp: +86 17776015835","_links":{"self":[{"href":"https:\/\/rmvapesale.com\/ro\/wp-json\/wp\/v2\/product\/1894","targetHints":{"allow":["GET"]}}],"collection":[{"href":"https:\/\/rmvapesale.com\/ro\/wp-json\/wp\/v2\/product"}],"about":[{"href":"https:\/\/rmvapesale.com\/ro\/wp-json\/wp\/v2\/types\/product"}],"replies":[{"embeddable":true,"href":"https:\/\/rmvapesale.com\/ro\/wp-json\/wp\/v2\/comments?post=1894"}],"wp:featuredmedia":[{"embeddable":true,"href":"https:\/\/rmvapesale.com\/ro\/wp-json\/wp\/v2\/media\/1895"}],"wp:attachment":[{"href":"https:\/\/rmvapesale.com\/ro\/wp-json\/wp\/v2\/media?parent=1894"}],"wp:term":[{"taxonomy":"product_brand","embeddable":true,"href":"https:\/\/rmvapesale.com\/ro\/wp-json\/wp\/v2\/product_brand?post=1894"},{"taxonomy":"product_cat","embeddable":true,"href":"https:\/\/rmvapesale.com\/ro\/wp-json\/wp\/v2\/product_cat?post=1894"},{"taxonomy":"product_tag","embeddable":true,"href":"https:\/\/rmvapesale.com\/ro\/wp-json\/wp\/v2\/product_tag?post=1894"}],"curies":[{"name":"wp","href":"https:\/\/api.w.org\/{rel}","templated":true}]}}