{"id":1928,"date":"2024-08-22T15:15:42","date_gmt":"2024-08-22T15:15:42","guid":{"rendered":"https:\/\/rmvapesale.com\/?post_type=product&#038;p=1928"},"modified":"2025-01-20T03:40:57","modified_gmt":"2025-01-20T03:40:57","slug":"original-randm-tornado-9000-puffs-disposable-vape-factory-price","status":"publish","type":"product","link":"https:\/\/rmvapesale.com\/ro\/product\/original-randm-tornado-9000-puffs-disposable-vape-factory-price\/","title":{"rendered":"TORNADO RANDM 9000 pufuri de unic\u0103 folosin\u021b\u0103 pre\u021b de fabric\u0103"},"content":{"rendered":"<h1>TORNADO RANDM 9000 pufuri de unic\u0103 folosin\u021b\u0103 pre\u021b de fabric\u0103<\/h1>\n<p>Fumot RANDM TORNADO 9000, un dispozitiv de vapat avansat, de unic\u0103 folosin\u021b\u0103, conceput pentru a satisface standardele exigente ale angrosi\u0219tilor din Rom\u00e2nia. Fabricat cu precizie \u0219i inova\u021bie, acest dispozitiv ofer\u0103 o experien\u021b\u0103 de vapat remarcabil\u0103, combin\u00e2nd performan\u021ba ridicat\u0103 cu o gam\u0103 impresionant\u0103 de arome.<\/p>\n<p>Fumot RANDM TORNADO 9000 dispune de tehnologie de ultim\u0103 genera\u021bie, inclusiv o rezisten\u021b\u0103 mesh \u0219i o baterie re\u00eenc\u0103rcabil\u0103 \u00eencorporat\u0103 de 850mAh, asigur\u00e2nd o produc\u021bie de vapori fin\u0103 \u0219i consistent\u0103 pentru o pl\u0103cere prelungit\u0103. Ofer\u0103 o gam\u0103 de concentra\u021bii de sare de nicotin\u0103 de la 0% la 5%, adapt\u00e2ndu-se la diverse preferin\u021be.<\/p>\n<p>Ceea ce distinge cu adev\u0103rat Fumot RANDM TORNADO 9000 este selec\u021bia sa extins\u0103 de arome. Cu 43 de op\u021biuni tentante, de la favoritele clasice precum Lush Ice \u0219i Strawberry Lemonade, la amestecuri unice precum Honeydew Ice Cream \u0219i Pina Colada, exist\u0103 o arom\u0103 pentru a satisface fiecare gust.<\/p>\n<p>Pentru v\u00e2nz\u0103torii de vapete Randm care caut\u0103 produse premium la pre\u021buri competitive, Fumot RANDM TORNADO 9000 este o alegere ideal\u0103.<\/p>\n<p><strong>Adaug\u0103 managerul de v\u00e2nz\u0103ri AMY pe whatsapp <a href=\"https:\/\/wa.me\/8617776015835\" target=\"_blank\" rel=\"noopener\">+86-17776015835<\/a> ob\u021bine mai multe reduceri!<\/strong><\/p>\n<p><img loading=\"lazy\" decoding=\"async\" class=\"size-medium wp-image-1814\" src=\"https:\/\/rmvapesale.com\/wp-content\/uploads\/2024\/04\/whatsapp-amy-229x300.jpg\" alt=\"whatsapp amy\" width=\"229\" height=\"300\" srcset=\"https:\/\/rmvapesale.com\/wp-content\/uploads\/2024\/04\/whatsapp-amy-229x300.jpg 229w, https:\/\/rmvapesale.com\/wp-content\/uploads\/2024\/04\/whatsapp-amy-783x1024.jpg 783w, https:\/\/rmvapesale.com\/wp-content\/uploads\/2024\/04\/whatsapp-amy-768x1005.jpg 768w, https:\/\/rmvapesale.com\/wp-content\/uploads\/2024\/04\/whatsapp-amy-600x785.jpg 600w, https:\/\/rmvapesale.com\/wp-content\/uploads\/2024\/04\/whatsapp-amy.jpg 990w\" sizes=\"auto, (max-width: 229px) 100vw, 229px\" \/><\/p>\n<h3>Specifica\u021bii ale dispozitivului de vapat de unic\u0103 folosin\u021b\u0103 FUMOT PUFF 9000:<\/h3>\n<p>Op\u021biuni de con\u021binut de nicotin\u0103: 0%, 2%, 3% \u0219i 5%<br \/>\nP\u00e2n\u0103 la 9000 de pufuri<br \/>\nPre-umplut cu 18 ml e-lichid<br \/>\nBaterie re\u00eenc\u0103rcabil\u0103 de 850mAh<br \/>\nRezisten\u021b\u0103 tip mesh de 0.9\u03a9<br \/>\n43 de arome disponibile \u00een stoc<\/p>\n<p>Lucruri pe care poate dori\u021bi s\u0103 le \u0219ti\u021bi despre \u021bigara electronic\u0103 Fumot Randm 9000 \u00eenainte de a cump\u0103ra en-gros.<\/p>\n<h4>\u00centreb\u0103ri frecvente:<\/h4>\n<p><strong>\u00ce: Care sunt op\u021biunile de pre\u021b pentru Fumot RANDM TORNADO 9000?<\/strong><\/p>\n<p>R: Oferim pre\u021buri competitive de fabric\u0103 pentru dispozitivul original Randm Vape Puffs 9000, at\u00e2t pentru unit\u0103\u021bi individuale, c\u00e2t \u0219i pentru comenzi \u00een vrac.<\/p>\n<p><strong>\u00ce: Exist\u0103 op\u021biuni de pre\u021b en-gros disponibile pentru Fumot RANDM TORNADO 9000?<\/strong><\/p>\n<p>R: Da, oferim op\u021biuni de pre\u021b en-gros pentru kitul original Randm Vape 9000 Puffs, pentru a satisface nevoile angrosi\u0219tilor care doresc s\u0103 cumpere cantit\u0103\u021bi mai mari.<\/p>\n<p><strong>\u00ce: Care sunt nivelurile de pre\u021b pentru comenzile \u00een vrac ale Fumot RANDM TORNADO 9000?<\/strong><\/p>\n<p>R: Oferim pre\u021buri atractive pentru comenzi \u00een vrac pentru podul original Randm Vape Puffs 9000, asigur\u00e2nd economii de costuri pentru angrosi\u0219tii care cump\u0103r\u0103 volume mai mari.<\/p>\n<p><strong>\u00ce: Oferi\u021bi pre\u021buri speciale pentru importatorii \u00eencep\u0103tori?<\/strong><\/p>\n<p>R: Da, oferim pre\u021buri competitive pentru Fumot RANDM TORNADO 9000, f\u0103c\u00e2ndu-l o alegere ideal\u0103 pentru importatorii \u00eencep\u0103tori de \u021big\u0103ri electronice din China.<\/p>\n<p>G\u0103si\u021bi mai multe produse de vapat care v-ar putea pl\u0103cea:<em><a href=\"https:\/\/rmvapesale.com\/ro\/shop-2\/\">cump\u0103r\u0103 acum\u00a0<\/a><\/em><\/p>\n<p>alte produse de vapat populare care v-ar putea pl\u0103cea:<\/p>\n<p><a href=\"https:\/\/rmvapesale.com\/ro\/product\/jnr-shisha-vape-15000-puffs-wholesale-price-with-screen-vape\/\">VOPK SHISHA 15K\/ <\/a><a href=\"https:\/\/rmvapesale.com\/ro\/product\/randm-vape-al-fakher-10000-puffs-vape-wholesale\/\">randm vape AI FAKHER 15k \u021bigar\u0103 electronic\u0103<\/a><a href=\"https:\/\/rmvapesale.com\/ro\/product\/randm-tornado-15000-puffs-15k-vape-recharge-fumot-original-vape-factory-price\/\">Cutie digital\u0103 Fumot Puff 12000<\/a><\/p>","protected":false},"excerpt":{"rendered":"<p class=\"LC20lb MBeuO DKV0Md\">Cea mai bun\u0103 arom\u0103 RandM Tornado Vape 9000 Puffs<br \/>\nDispozitiv de vapat original Randm 9000 Puffs<br \/>\nSet de vapat RandM 9000 Puffs la pre\u021b de en-gros<br \/>\n<strong>Contacteaz\u0103-o pe Amy pentru un r\u0103spuns corect \u0219i mai multe reduceri<\/strong><\/p>\n<p><img loading=\"lazy\" decoding=\"async\" class=\"size-medium wp-image-1814\" src=\"https:\/\/rmvapesale.com\/wp-content\/uploads\/2024\/04\/whatsapp-amy-229x300.jpg\" alt=\"whatsapp amy\" width=\"229\" height=\"300\" srcset=\"https:\/\/rmvapesale.com\/wp-content\/uploads\/2024\/04\/whatsapp-amy-229x300.jpg 229w, https:\/\/rmvapesale.com\/wp-content\/uploads\/2024\/04\/whatsapp-amy-783x1024.jpg 783w, https:\/\/rmvapesale.com\/wp-content\/uploads\/2024\/04\/whatsapp-amy-768x1005.jpg 768w, https:\/\/rmvapesale.com\/wp-content\/uploads\/2024\/04\/whatsapp-amy-600x785.jpg 600w, https:\/\/rmvapesale.com\/wp-content\/uploads\/2024\/04\/whatsapp-amy.jpg 990w\" sizes=\"auto, (max-width: 229px) 100vw, 229px\" \/><\/p>\n<h3><span style=\"color: #ff0000\"><strong>WhatsApp: +86 17776015835<\/strong><\/span><\/h3>","protected":false},"featured_media":1887,"comment_status":"open","ping_status":"closed","template":"","meta":{"_uag_custom_page_level_css":"","_lmt_disableupdate":"no","_lmt_disable":"","site-sidebar-layout":"default","site-content-layout":"content-boxed-container","ast-site-content-layout":"normal-width-container","site-content-style":"boxed","site-sidebar-style":"unboxed","ast-global-header-display":"","ast-banner-title-visibility":"","ast-main-header-display":"","ast-hfb-above-header-display":"","ast-hfb-below-header-display":"","ast-hfb-mobile-header-display":"","site-post-title":"","ast-breadcrumbs-content":"","ast-featured-img":"","footer-sml-layout":"","theme-transparent-header-meta":"default","adv-header-id-meta":"","stick-header-meta":"","header-above-stick-meta":"","header-main-stick-meta":"","header-below-stick-meta":"","astra-migrate-meta-layouts":"set","ast-page-background-enabled":"default","ast-page-background-meta":{"desktop":{"background-color":"var(--ast-global-color-4)","background-image":"","background-repeat":"repeat","background-position":"center center","background-size":"auto","background-attachment":"scroll","background-type":"","background-media":"","overlay-type":"","overlay-color":"","overlay-opacity":"","overlay-gradient":""},"tablet":{"background-color":"","background-image":"","background-repeat":"repeat","background-position":"center center","background-size":"auto","background-attachment":"scroll","background-type":"","background-media":"","overlay-type":"","overlay-color":"","overlay-opacity":"","overlay-gradient":""},"mobile":{"background-color":"","background-image":"","background-repeat":"repeat","background-position":"center center","background-size":"auto","background-attachment":"scroll","background-type":"","background-media":"","overlay-type":"","overlay-color":"","overlay-opacity":"","overlay-gradient":""}},"ast-content-background-meta":{"desktop":{"background-color":"var(--ast-global-color-5)","background-image":"","background-repeat":"repeat","background-position":"center center","background-size":"auto","background-attachment":"scroll","background-type":"","background-media":"","overlay-type":"","overlay-color":"","overlay-opacity":"","overlay-gradient":""},"tablet":{"background-color":"var(--ast-global-color-5)","background-image":"","background-repeat":"repeat","background-position":"center center","background-size":"auto","background-attachment":"scroll","background-type":"","background-media":"","overlay-type":"","overlay-color":"","overlay-opacity":"","overlay-gradient":""},"mobile":{"background-color":"var(--ast-global-color-5)","background-image":"","background-repeat":"repeat","background-position":"center center","background-size":"auto","background-attachment":"scroll","background-type":"","background-media":"","overlay-type":"","overlay-color":"","overlay-opacity":"","overlay-gradient":""}},"_joinchat":[]},"product_brand":[],"product_cat":[25,289,293,295,52,51,123,26,28,135,27,31,137,136,15,30],"product_tag":[47,39,40,41,38,37],"class_list":{"0":"post-1928","1":"product","2":"type-product","3":"status-publish","4":"has-post-thumbnail","6":"product_cat-germany-best-selling-vape","7":"product_cat-big-puffs-disposable-vapes","8":"product_cat-low-nicotine-disposable-vapes","9":"product_cat-rechargeable-disposable-vapes","10":"product_cat-9000-puffs-disposable-vapes","11":"product_cat-fumot-vape","12":"product_cat-italy-wholesale-vape","13":"product_cat-netherlands-hot-sale-vape","14":"product_cat-poland-hot-sale-vape","15":"product_cat-spain-best-hot-sale-vape","16":"product_cat-fance-hot-sale-vape","17":"product_cat-randm-fumot-vape","18":"product_cat-rechargeable-vapes","19":"product_cat-smart-screen-vapes","20":"product_cat-new-vape-this-week","21":"product_cat-minimum-order-quantity-50pcs","22":"product_tag-9000-puffs-vape","23":"product_tag-fumot-vape","24":"product_tag-hot-sale-vape","25":"product_tag-original-factory-vape","26":"product_tag-randm-vape","27":"product_tag-wholesale-vape-price","28":"desktop-align-left","29":"tablet-align-left","30":"mobile-align-left","32":"first","33":"instock","34":"sale","35":"shipping-taxable","36":"purchasable","37":"product-type-simple"},"uagb_featured_image_src":{"full":["https:\/\/rmvapesale.com\/wp-content\/uploads\/2024\/05\/RM-TORNADO-VAPE-DISPOSABEL-9000-PUFFS.png",600,600,false],"thumbnail":["https:\/\/rmvapesale.com\/wp-content\/uploads\/2024\/05\/RM-TORNADO-VAPE-DISPOSABEL-9000-PUFFS-150x150.png",150,150,true],"medium":["https:\/\/rmvapesale.com\/wp-content\/uploads\/2024\/05\/RM-TORNADO-VAPE-DISPOSABEL-9000-PUFFS-300x300.png",300,300,true],"medium_large":["https:\/\/rmvapesale.com\/wp-content\/uploads\/2024\/05\/RM-TORNADO-VAPE-DISPOSABEL-9000-PUFFS.png",600,600,false],"large":["https:\/\/rmvapesale.com\/wp-content\/uploads\/2024\/05\/RM-TORNADO-VAPE-DISPOSABEL-9000-PUFFS.png",600,600,false],"1536x1536":["https:\/\/rmvapesale.com\/wp-content\/uploads\/2024\/05\/RM-TORNADO-VAPE-DISPOSABEL-9000-PUFFS.png",600,600,false],"2048x2048":["https:\/\/rmvapesale.com\/wp-content\/uploads\/2024\/05\/RM-TORNADO-VAPE-DISPOSABEL-9000-PUFFS.png",600,600,false],"trp-custom-language-flag":["https:\/\/rmvapesale.com\/wp-content\/uploads\/2024\/05\/RM-TORNADO-VAPE-DISPOSABEL-9000-PUFFS.png",12,12,false],"woocommerce_thumbnail":["https:\/\/rmvapesale.com\/wp-content\/uploads\/2024\/05\/RM-TORNADO-VAPE-DISPOSABEL-9000-PUFFS-300x300.png",300,300,true],"woocommerce_single":["https:\/\/rmvapesale.com\/wp-content\/uploads\/2024\/05\/RM-TORNADO-VAPE-DISPOSABEL-9000-PUFFS.png",600,600,false],"woocommerce_gallery_thumbnail":["https:\/\/rmvapesale.com\/wp-content\/uploads\/2024\/05\/RM-TORNADO-VAPE-DISPOSABEL-9000-PUFFS-100x100.png",100,100,true],"wcpr-photo-reviews":["https:\/\/rmvapesale.com\/wp-content\/uploads\/2024\/05\/RM-TORNADO-VAPE-DISPOSABEL-9000-PUFFS.png",500,500,false]},"uagb_author_info":{"display_name":"AMY","author_link":"https:\/\/rmvapesale.com\/ro\/author\/"},"uagb_comment_info":0,"uagb_excerpt":"Best RandM Tornado Vape 9000 Puffs Flavor Original Randm 9ooo Puffs Vape Device Wholesale Price RandM 9ooo Puffs Vape Kit Contact Amy For Right Reply and More Discount WhatsApp: +86 17776015835","_links":{"self":[{"href":"https:\/\/rmvapesale.com\/ro\/wp-json\/wp\/v2\/product\/1928","targetHints":{"allow":["GET"]}}],"collection":[{"href":"https:\/\/rmvapesale.com\/ro\/wp-json\/wp\/v2\/product"}],"about":[{"href":"https:\/\/rmvapesale.com\/ro\/wp-json\/wp\/v2\/types\/product"}],"replies":[{"embeddable":true,"href":"https:\/\/rmvapesale.com\/ro\/wp-json\/wp\/v2\/comments?post=1928"}],"wp:featuredmedia":[{"embeddable":true,"href":"https:\/\/rmvapesale.com\/ro\/wp-json\/wp\/v2\/media\/1887"}],"wp:attachment":[{"href":"https:\/\/rmvapesale.com\/ro\/wp-json\/wp\/v2\/media?parent=1928"}],"wp:term":[{"taxonomy":"product_brand","embeddable":true,"href":"https:\/\/rmvapesale.com\/ro\/wp-json\/wp\/v2\/product_brand?post=1928"},{"taxonomy":"product_cat","embeddable":true,"href":"https:\/\/rmvapesale.com\/ro\/wp-json\/wp\/v2\/product_cat?post=1928"},{"taxonomy":"product_tag","embeddable":true,"href":"https:\/\/rmvapesale.com\/ro\/wp-json\/wp\/v2\/product_tag?post=1928"}],"curies":[{"name":"wp","href":"https:\/\/api.w.org\/{rel}","templated":true}]}}