{"id":1940,"date":"2024-08-27T07:55:11","date_gmt":"2024-08-27T07:55:11","guid":{"rendered":"https:\/\/rmvapesale.com\/?post_type=product&#038;p=1940"},"modified":"2024-11-04T09:58:31","modified_gmt":"2024-11-04T09:58:31","slug":"randm-tornado-15000-puffs-vape-wholesale","status":"publish","type":"product","link":"https:\/\/rmvapesale.com\/ro\/product\/randm-tornado-15000-puffs-vape-wholesale\/","title":{"rendered":"RandM Tornado 15000 Puffs Vape En-gros"},"content":{"rendered":"<h1>RandM Tornado 15000 Puffs Vape En-gros<\/h1>\n<p>Vapa de unic\u0103 folosin\u021b\u0103 devine popular\u0103 datorit\u0103 gamei sale largi de arome \u0219i u\u0219urin\u021bei de utilizare. C\u0103uta\u021bi o vap\u0103 de unic\u0103 folosin\u021b\u0103 la cel mai bun pre\u021b? RandM Tornado 15000 puffs este foarte recomandat\u0103 pentru caracteristicile sale impresionante. Proiectat\u0103 cu o baterie re\u00eenc\u0103rcabil\u0103 de 850mAh, aceasta ofer\u0103 p\u00e2n\u0103 la 15000 de pufuri. Aici, \u00een magazinul nostru, pute\u021bi cump\u0103ra vapa RandM Tornado 15000 pufuri la pre\u021b en-gros.<\/p>\n<p>Tornado 15000 dispune de un design nou cu o baterie re\u00eenc\u0103rcabil\u0103 de 850mAh care se \u00eencarc\u0103 rapid printr-un port USB-C, permi\u021b\u00e2nd o re\u00eenc\u0103rcare eficient\u0103. Vapa de unic\u0103 folosin\u021b\u0103 RandM Tornado 15000 vine cu tehnologie de bobin\u0103 mesh, prin urmare ofer\u0103 o experien\u021b\u0103 de vaping mai lin\u0103 \u0219i mai pl\u0103cut\u0103, \u00een \u00eentreaga sa gam\u0103 de arome.<\/p>\n<p>Mai presus de toate, RM 15000 este o vap\u0103 cu adev\u0103rat rentabil\u0103 pe care merit\u0103 s\u0103 o \u00eencerci!<\/p>\n<p><strong>Contacteaz-o pe Amy pentru a primi un r\u0103spuns corect \u0219i pre\u021b en-gros!<\/strong><\/p>\n<p><img loading=\"lazy\" decoding=\"async\" class=\"size-medium wp-image-1814\" src=\"https:\/\/rmvapesale.com\/wp-content\/uploads\/2024\/04\/whatsapp-amy-229x300.jpg\" alt=\"whatsapp amy\" width=\"229\" height=\"300\" srcset=\"https:\/\/rmvapesale.com\/wp-content\/uploads\/2024\/04\/whatsapp-amy-229x300.jpg 229w, https:\/\/rmvapesale.com\/wp-content\/uploads\/2024\/04\/whatsapp-amy-783x1024.jpg 783w, https:\/\/rmvapesale.com\/wp-content\/uploads\/2024\/04\/whatsapp-amy-768x1005.jpg 768w, https:\/\/rmvapesale.com\/wp-content\/uploads\/2024\/04\/whatsapp-amy-600x785.jpg 600w, https:\/\/rmvapesale.com\/wp-content\/uploads\/2024\/04\/whatsapp-amy.jpg 990w\" sizes=\"auto, (max-width: 229px) 100vw, 229px\" \/><\/p>\n<h2><strong>Ce face din FUMOT RandM Tornado 15000 o vap\u0103 de unic\u0103 folosin\u021b\u0103 unic\u0103?<\/strong><\/h2>\n<p>Cu specifica\u021bii superioare, RANDM VAPE 15K TORNADO Authentic se remarc\u0103 drept una dintre cele mai mari capacit\u0103\u021bi de vape de unic\u0103 folosin\u021b\u0103 de pe pia\u021b\u0103.<\/p>\n<p>Op\u021biuni de con\u021binut de nicotin\u0103: 0%, 2%, 3% \u0219i 5%<br \/>\nP\u00e2n\u0103 la 15000 de pufuri<br \/>\nPre-umplut cu 25ml de e-lichid<br \/>\nBaterie re\u00eenc\u0103rcabil\u0103 de 850mAh<br \/>\nRezisten\u021b\u0103 tip mesh de 0.9\u03a9<br \/>\n41 de arome disponibile<\/p>\n<h2><strong>Care este cea mai bun\u0103 arom\u0103 pentru vapa RandM Tornado 15k pufuri?<\/strong><\/h2>\n<p>Mr blue este f\u0103r\u0103 \u00eendoial\u0103 cea mai popular\u0103 arom\u0103 pentru RandM Tornado 15000, ar trebui s\u0103 o \u00eencerci!<\/p>\n<p>RandM Tornado 15000 pufuri ofer\u0103 un total de 41 de arome disponibile pentru alegerea ta, exist\u0103 ceva pentru fiecare palat.<\/p>\n<p>1 Blue Razz Lemonade<br \/>\n2 Peach Ice<br \/>\n3 M\u0103r Acru<br \/>\n4 Pepene Verde cu Ghea\u021b\u0103<br \/>\n5 Afine cu Ghea\u021b\u0103<br \/>\n6 Afine Zmeur\u0103<br \/>\n7 Ananas cu Ghea\u021b\u0103<br \/>\n8 Cire\u0219e<br \/>\n9 C\u0103p\u0219uni cu Ghea\u021b\u0103<br \/>\n10 Vimto<br \/>\n11 Struguri cu Ghea\u021b\u0103<br \/>\n12 Cola cu Ghea\u021b\u0103<br \/>\n13 C\u0103p\u0219uni Pepene Verde<br \/>\n14 Limonad\u0103 Roz<br \/>\n15 Fructe de P\u0103dure Mixte<br \/>\n16 Piersici Mango<br \/>\n17.Fructul dragonului<br \/>\n18.C\u0103p\u0219uni Struguri<br \/>\n19.Domnul Albastru<br \/>\n20.Ghea\u021b\u0103 Bogat\u0103<br \/>\n21.Acadea cu Ghea\u021b\u0103<br \/>\n22.C\u0103p\u0219uni Kiwi<br \/>\n23.Kiwi, fructul pasiunii, guava<br \/>\n24.Fructe de p\u0103dure triple<br \/>\n25.Banane cu ghea\u021b\u0103<br \/>\n26.Bomboane de piersici \u0219i afine<br \/>\n27.M\u0103r, piersic\u0103, par\u0103<br \/>\n28.Limonad\u0103 de fructe de p\u0103dure<br \/>\n29.Zmeur\u0103 albastr\u0103, cire\u0219e<br \/>\n30.Gum\u0103 de mestecat cu afine<br \/>\n31.Afine, cire\u0219e, meri\u0219oare<br \/>\n32.Afine, rodie<br \/>\n33.Zmeur\u0103 Acri\u0219oar\u0103<br \/>\n34.Cire\u0219e Cola<br \/>\n35.Ursule\u021b Gumat<br \/>\n36.L\u0103m\u00e2ie<br \/>\n37.Mango Cu Ghea\u021b\u0103<br \/>\n38.Red Energy Ice<br \/>\n39.Banan\u0103 cu C\u0103p\u0219uni<br \/>\n40.C\u0103p\u0219uni Red Bull<br \/>\n41.Limonad\u0103 de C\u0103p\u0219uni \u0219i Pepene<\/p>\n<h2><strong>\u00centreb\u0103ri pe care a\u021bi putea s\u0103 le ave\u021bi despre \u021bigara electronic\u0103 RandM Tornado 15000 pufuri<\/strong><\/h2>\n<p>&nbsp;<\/p>\n<h3>\u00ce1. Ce este \u021bigara electronic\u0103 RM Tornado 15000 Pufuri Original?<\/h3>\n<p>R: VAPE RANDM 15K TORNADO Original este un dispozitiv de vaping de unic\u0103 folosin\u021b\u0103 conceput pentru sesiuni prelungite de vaping. Este denumit\u0103 astfel datorit\u0103 capacit\u0103\u021bii sale impresionante de 15.000 de pufuri.<\/p>\n<h3>\u00ce2. Cine produce \u021bigara electronic\u0103 RandM Tornado 15k Pufuri Autentic?<\/h3>\n<p>R: VAPE RANDM 15K TORNADO Autentic este fabricat de Shenzhen Fumot Technology, o companie lider \u00een industria de vaping, recunoscut\u0103 pentru produsele sale inovatoare.<\/p>\n<h3>\u00ce3. C\u00e2t dureaz\u0103 \u021bigara electronic\u0103 Autentic\u0103 RandM Tornado 15K?<\/h3>\n<p>R: VAPE RANDM 15K TORNADO Autentic dispune de o baterie \u00eencorporat\u0103 cu o capacitate de 850mAh, oferind o utilizare extins\u0103 la o singur\u0103 \u00eenc\u0103rcare. \u00cens\u0103, durata exact\u0103 a bateriei depinde de tiparele individuale de utilizare.<\/p>\n<h3>\u00ce4. Este re\u00eenc\u0103rcabil\u0103 \u021bigara electronic\u0103 Fumot RandM Tornado 15000 Pufuri Original?<\/h3>\n<p><span style=\"font-size: 16px\">R: Nu, VAPE RANDM 15K TORNADO Original vine cu o baterie re\u00eenc\u0103rcabil\u0103, care poate fi re\u00eenc\u0103rcat\u0103.<\/span><\/p>\n<h3>\u00ce5. Cum pot achizi\u021biona \u021bigara electronic\u0103 Fumot RandM Tornado 15000 Pufuri Autentic\u0103?<\/h3>\n<p>R: VAPE RANDM 15K TORNADO Autentic este disponibil pentru achizi\u021bionare prin intermediul distribuitorilor autoriza\u021bi. Pentru \u00eentreb\u0103ri legate de comer\u021bul cu ridicata, distribuitorii pot <a href=\"https:\/\/wa.me\/8617776015835\" target=\"_blank\" rel=\"noopener\">contacteaz\u0103-ne<\/a> direct. Clien\u021bii de retail pot g\u0103si produsul la anumi\u021bi retaileri sau magazine online.<\/p>\n<p><strong>Detalii expediere:<\/strong><br \/>\nTimp de produc\u021bie: 5-10 zile lucr\u0103toare<br \/>\nTimp de expediere: 8-14 zile lucr\u0103toare<\/p>\n<p>Toate produsele din magazinul nostru sunt 100% originale \u0219i autentice, de aceea, de zece ori compensa\u021bie pentru produse contraf\u0103cute este politica magazinului nostru. Folosim canale logistice precum UPS\/DHL\/FEDEX\/DPD pentru a v\u0103 livra m\u0103rfurile.<\/p>\n<p>Pentru coletele expediate \u00een Rom\u00e2nia, de obicei, dureaz\u0103 10 zile lucr\u0103toare s\u0103 ajung\u0103. Livrarea \u00een \u021b\u0103rile europene dureaz\u0103 de obicei aproximativ 12-15 zile lucr\u0103toare pentru a ajunge. Vom actualiza informa\u021biile logistice pentru dumneavoastr\u0103 \u00een timp real.<\/p>\n<p>G\u0103si\u021bi mai multe produse de vapat care v-ar putea pl\u0103cea:<em><a href=\"https:\/\/rmvapesale.com\/ro\/shop-2\/\">cump\u0103r\u0103 acum\u00a0<\/a><\/em><\/p>\n<p>alte produse de vapat populare care v-ar putea pl\u0103cea:<\/p>\n<p><a href=\"https:\/\/rmvapesale.com\/ro\/product\/randm-vape-al-fakher-10000-puffs-vape-wholesale\/\">\u021bigar\u0103 electronic\u0103 randm vape AI FAKHER 15k<\/a><\/p>\n<p><a href=\"https:\/\/rmvapesale.com\/ro\/product\/original-randm-tornado-9000-puffs-disposable-vape-factory-price\/\">RandM Tornado 9000<\/a><\/p>","protected":false},"excerpt":{"rendered":"<p>Pre\u021b en-gros Fumot Tornado 15000 VAPE<br \/>\nORIGINAL RandM Tornado 15000 Fabric\u0103 En-gros \u00een stoc<br \/>\nPre\u021b cu reducere pentru Genuine RANDM Vape FUMOT TORNADO 15000<\/p>\n<p><strong>Contacta\u021bi-o pe Amy pentru mai multe reduceri \u0219i un MOQ mai mic pentru Vape<\/strong><\/p>\n<p><img loading=\"lazy\" decoding=\"async\" class=\"size-medium wp-image-1814\" src=\"https:\/\/rmvapesale.com\/wp-content\/uploads\/2024\/04\/whatsapp-amy-229x300.jpg\" alt=\"whatsapp amy\" width=\"229\" height=\"300\" srcset=\"https:\/\/rmvapesale.com\/wp-content\/uploads\/2024\/04\/whatsapp-amy-229x300.jpg 229w, https:\/\/rmvapesale.com\/wp-content\/uploads\/2024\/04\/whatsapp-amy-783x1024.jpg 783w, https:\/\/rmvapesale.com\/wp-content\/uploads\/2024\/04\/whatsapp-amy-768x1005.jpg 768w, https:\/\/rmvapesale.com\/wp-content\/uploads\/2024\/04\/whatsapp-amy-600x785.jpg 600w, https:\/\/rmvapesale.com\/wp-content\/uploads\/2024\/04\/whatsapp-amy.jpg 990w\" sizes=\"auto, (max-width: 229px) 100vw, 229px\" \/><\/p>\n<h3><span style=\"color: #ff0000\"><strong>WhatsApp: +86 17776015835<\/strong><\/span><\/h3>","protected":false},"featured_media":1937,"comment_status":"open","ping_status":"closed","template":"","meta":{"_uag_custom_page_level_css":"","_lmt_disableupdate":"no","_lmt_disable":"","site-sidebar-layout":"default","site-content-layout":"content-boxed-container","ast-site-content-layout":"normal-width-container","site-content-style":"boxed","site-sidebar-style":"unboxed","ast-global-header-display":"","ast-banner-title-visibility":"","ast-main-header-display":"","ast-hfb-above-header-display":"","ast-hfb-below-header-display":"","ast-hfb-mobile-header-display":"","site-post-title":"","ast-breadcrumbs-content":"","ast-featured-img":"","footer-sml-layout":"","theme-transparent-header-meta":"default","adv-header-id-meta":"","stick-header-meta":"","header-above-stick-meta":"","header-main-stick-meta":"","header-below-stick-meta":"","astra-migrate-meta-layouts":"set","ast-page-background-enabled":"default","ast-page-background-meta":{"desktop":{"background-color":"var(--ast-global-color-4)","background-image":"","background-repeat":"repeat","background-position":"center center","background-size":"auto","background-attachment":"scroll","background-type":"","background-media":"","overlay-type":"","overlay-color":"","overlay-opacity":"","overlay-gradient":""},"tablet":{"background-color":"","background-image":"","background-repeat":"repeat","background-position":"center center","background-size":"auto","background-attachment":"scroll","background-type":"","background-media":"","overlay-type":"","overlay-color":"","overlay-opacity":"","overlay-gradient":""},"mobile":{"background-color":"","background-image":"","background-repeat":"repeat","background-position":"center center","background-size":"auto","background-attachment":"scroll","background-type":"","background-media":"","overlay-type":"","overlay-color":"","overlay-opacity":"","overlay-gradient":""}},"ast-content-background-meta":{"desktop":{"background-color":"var(--ast-global-color-5)","background-image":"","background-repeat":"repeat","background-position":"center center","background-size":"auto","background-attachment":"scroll","background-type":"","background-media":"","overlay-type":"","overlay-color":"","overlay-opacity":"","overlay-gradient":""},"tablet":{"background-color":"var(--ast-global-color-5)","background-image":"","background-repeat":"repeat","background-position":"center center","background-size":"auto","background-attachment":"scroll","background-type":"","background-media":"","overlay-type":"","overlay-color":"","overlay-opacity":"","overlay-gradient":""},"mobile":{"background-color":"var(--ast-global-color-5)","background-image":"","background-repeat":"repeat","background-position":"center center","background-size":"auto","background-attachment":"scroll","background-type":"","background-media":"","overlay-type":"","overlay-color":"","overlay-opacity":"","overlay-gradient":""}},"_joinchat":[]},"product_brand":[],"product_cat":[25,51,195,26,28,27,31,137,136,15,30],"product_tag":[44,39,40,41,38,37],"class_list":{"0":"post-1940","1":"product","2":"type-product","3":"status-publish","4":"has-post-thumbnail","6":"product_cat-germany-best-selling-vape","7":"product_cat-fumot-vape","8":"product_cat-germany-warehouse","9":"product_cat-netherlands-hot-sale-vape","10":"product_cat-poland-hot-sale-vape","11":"product_cat-fance-hot-sale-vape","12":"product_cat-randm-fumot-vape","13":"product_cat-rechargeable-vapes","14":"product_cat-smart-screen-vapes","15":"product_cat-new-vape-this-week","16":"product_cat-minimum-order-quantity-50pcs","17":"product_tag-15k-puffs-15000-vape-wholesale","18":"product_tag-fumot-vape","19":"product_tag-hot-sale-vape","20":"product_tag-original-factory-vape","21":"product_tag-randm-vape","22":"product_tag-wholesale-vape-price","23":"desktop-align-left","24":"tablet-align-left","25":"mobile-align-left","27":"first","28":"instock","29":"sale","30":"shipping-taxable","31":"purchasable","32":"product-type-simple"},"uagb_featured_image_src":{"full":["https:\/\/rmvapesale.com\/wp-content\/uploads\/2024\/08\/RandM-Tornado-15000-Wholesale-Blue-Razz-Lemonade.jpg",800,800,false],"thumbnail":["https:\/\/rmvapesale.com\/wp-content\/uploads\/2024\/08\/RandM-Tornado-15000-Wholesale-Blue-Razz-Lemonade-150x150.jpg",150,150,true],"medium":["https:\/\/rmvapesale.com\/wp-content\/uploads\/2024\/08\/RandM-Tornado-15000-Wholesale-Blue-Razz-Lemonade-300x300.jpg",300,300,true],"medium_large":["https:\/\/rmvapesale.com\/wp-content\/uploads\/2024\/08\/RandM-Tornado-15000-Wholesale-Blue-Razz-Lemonade-768x768.jpg",768,768,true],"large":["https:\/\/rmvapesale.com\/wp-content\/uploads\/2024\/08\/RandM-Tornado-15000-Wholesale-Blue-Razz-Lemonade.jpg",800,800,false],"1536x1536":["https:\/\/rmvapesale.com\/wp-content\/uploads\/2024\/08\/RandM-Tornado-15000-Wholesale-Blue-Razz-Lemonade.jpg",800,800,false],"2048x2048":["https:\/\/rmvapesale.com\/wp-content\/uploads\/2024\/08\/RandM-Tornado-15000-Wholesale-Blue-Razz-Lemonade.jpg",800,800,false],"trp-custom-language-flag":["https:\/\/rmvapesale.com\/wp-content\/uploads\/2024\/08\/RandM-Tornado-15000-Wholesale-Blue-Razz-Lemonade.jpg",12,12,false],"woocommerce_thumbnail":["https:\/\/rmvapesale.com\/wp-content\/uploads\/2024\/08\/RandM-Tornado-15000-Wholesale-Blue-Razz-Lemonade-300x300.jpg",300,300,true],"woocommerce_single":["https:\/\/rmvapesale.com\/wp-content\/uploads\/2024\/08\/RandM-Tornado-15000-Wholesale-Blue-Razz-Lemonade-600x600.jpg",600,600,true],"woocommerce_gallery_thumbnail":["https:\/\/rmvapesale.com\/wp-content\/uploads\/2024\/08\/RandM-Tornado-15000-Wholesale-Blue-Razz-Lemonade-100x100.jpg",100,100,true],"wcpr-photo-reviews":["https:\/\/rmvapesale.com\/wp-content\/uploads\/2024\/08\/RandM-Tornado-15000-Wholesale-Blue-Razz-Lemonade.jpg",500,500,false]},"uagb_author_info":{"display_name":"AMY","author_link":"https:\/\/rmvapesale.com\/ro\/author\/"},"uagb_comment_info":0,"uagb_excerpt":"Fumot Tornado 15000 VAPE Wholesale Price ORIGINAL RandM Tornado 15000 Factory Wholesale in Stock Genuine RANDM Vape FUMOT TORNADO 15000 Discount Price Contact Amy For More Discount And Lower MOQ Vape WhatsApp: +86 17776015835","_links":{"self":[{"href":"https:\/\/rmvapesale.com\/ro\/wp-json\/wp\/v2\/product\/1940","targetHints":{"allow":["GET"]}}],"collection":[{"href":"https:\/\/rmvapesale.com\/ro\/wp-json\/wp\/v2\/product"}],"about":[{"href":"https:\/\/rmvapesale.com\/ro\/wp-json\/wp\/v2\/types\/product"}],"replies":[{"embeddable":true,"href":"https:\/\/rmvapesale.com\/ro\/wp-json\/wp\/v2\/comments?post=1940"}],"wp:featuredmedia":[{"embeddable":true,"href":"https:\/\/rmvapesale.com\/ro\/wp-json\/wp\/v2\/media\/1937"}],"wp:attachment":[{"href":"https:\/\/rmvapesale.com\/ro\/wp-json\/wp\/v2\/media?parent=1940"}],"wp:term":[{"taxonomy":"product_brand","embeddable":true,"href":"https:\/\/rmvapesale.com\/ro\/wp-json\/wp\/v2\/product_brand?post=1940"},{"taxonomy":"product_cat","embeddable":true,"href":"https:\/\/rmvapesale.com\/ro\/wp-json\/wp\/v2\/product_cat?post=1940"},{"taxonomy":"product_tag","embeddable":true,"href":"https:\/\/rmvapesale.com\/ro\/wp-json\/wp\/v2\/product_tag?post=1940"}],"curies":[{"name":"wp","href":"https:\/\/api.w.org\/{rel}","templated":true}]}}