{"id":1942,"date":"2024-09-05T05:47:08","date_gmt":"2024-09-05T05:47:08","guid":{"rendered":"https:\/\/rmvapesale.com\/?post_type=product&#038;p=1942"},"modified":"2025-01-20T03:42:22","modified_gmt":"2025-01-20T03:42:22","slug":"vapme-crystal-7000-puffs-rechargeable-disposable-vape-price","status":"publish","type":"product","link":"https:\/\/rmvapesale.com\/ro\/product\/vapme-crystal-7000-puffs-rechargeable-disposable-vape-price\/","title":{"rendered":"Pre\u021b Vapme Crystal 7000 Puffs Vape de unic\u0103 folosin\u021b\u0103 re\u00eenc\u0103rcabil"},"content":{"rendered":"<h1>Pre\u021b Vapme Crystal 7000 Puffs Vape de unic\u0103 folosin\u021b\u0103 re\u00eenc\u0103rcabil<\/h1>\n<p>V\u0103 prezent\u0103m Vapme Crystal 7000 puffs edi\u021bia original\u0103 a \u021big\u0103rii electronice de unic\u0103 folosin\u021b\u0103 re\u00eenc\u0103rcabile\u2014un dispozitiv premium conceput pentru o experien\u021b\u0103 superioar\u0103 de vaping. Aceast\u0103 \u021bigar\u0103 electronic\u0103 de unic\u0103 folosin\u021b\u0103 re\u00eenc\u0103rcabil\u0103 ofer\u0103 o gam\u0103 larg\u0103 de arome \u0219i niveluri de nicotin\u0103 personalizabile. Alege\u021bi dintre 30 de arome tentante pentru a adapta c\u0103l\u0103toria dvs. de vaping la preferin\u021bele dvs. gustative. Aici, \u00een magazinul nostru, ve\u021bi ob\u021bine un pre\u021b en-gros pentru \u021bigara electronic\u0103 de unic\u0103 folosin\u021b\u0103 re\u00eenc\u0103rcabil\u0103 Vapme Crystal 7000 puffs.<\/p>\n<p>Disponibil\u0103 \u00een concentra\u021bii de nicotin\u0103 de 0%, 2% \u0219i 5%, aceast\u0103 \u021bigar\u0103 electronic\u0103 v\u0103 permite s\u0103 v\u0103 ajusta\u021bi experien\u021ba pentru a se potrivi nevoilor dumneavoastr\u0103.<\/p>\n<p>VAPME Crystal vape bar este alimentat de o baterie robust\u0103 de cobalt de 650mAh \u0219i dispune de un port Type-C convenabil pentru alimentare fiabil\u0103 \u0219i re\u00eenc\u0103rcare f\u0103r\u0103 efort.<\/p>\n<p>Cu o capacitate substan\u021bial\u0103 de 14 ml de e-lichid \u0219i o rezisten\u021b\u0103 mesh de 1.0 ohm, aceast\u0103 \u021bigar\u0103 electronic\u0103 asigur\u0103 vapori fini \u0219i plini de arom\u0103 la fiecare puff.<\/p>\n<p>Bucura\u021bi-v\u0103 de p\u00e2n\u0103 la 7000 de puff-uri de satisfac\u021bie cu aceast\u0103 \u021bigar\u0103 electronic\u0103 de unic\u0103 folosin\u021b\u0103 re\u00eenc\u0103rcabil\u0103, perfect\u0103 pentru cei care apreciaz\u0103 at\u00e2t confortul, c\u00e2t \u0219i calitatea \u00een experien\u021ba lor de vaping.<\/p>\n<p>&nbsp;<\/p>\n<p><strong>Contacteaz-o pe Amy pentru a primi un r\u0103spuns corect \u0219i pre\u021b en-gros!<\/strong><\/p>\n<p><img loading=\"lazy\" decoding=\"async\" class=\"size-medium wp-image-1814\" src=\"https:\/\/rmvapesale.com\/wp-content\/uploads\/2024\/04\/whatsapp-amy-229x300.jpg\" alt=\"whatsapp amy\" width=\"229\" height=\"300\" srcset=\"https:\/\/rmvapesale.com\/wp-content\/uploads\/2024\/04\/whatsapp-amy-229x300.jpg 229w, https:\/\/rmvapesale.com\/wp-content\/uploads\/2024\/04\/whatsapp-amy-783x1024.jpg 783w, https:\/\/rmvapesale.com\/wp-content\/uploads\/2024\/04\/whatsapp-amy-768x1005.jpg 768w, https:\/\/rmvapesale.com\/wp-content\/uploads\/2024\/04\/whatsapp-amy-600x785.jpg 600w, https:\/\/rmvapesale.com\/wp-content\/uploads\/2024\/04\/whatsapp-amy.jpg 990w\" sizes=\"auto, (max-width: 229px) 100vw, 229px\" \/><\/p>\n<h2><\/h2>\n<h2><strong>Ce face ca <\/strong><strong>PUFF <\/strong><strong>7000 <\/strong><strong>VAPME Crystal <\/strong><strong>s\u0103 fie o<\/strong>\u00a0<strong>\u021bigar\u0103 electronic\u0103 de unic\u0103 folosin\u021b\u0103 popular\u0103?<\/strong><\/h2>\n<p>Op\u021biuni de con\u021binut de nicotin\u0103: 0%, 2%, 3% \u0219i 5%<br \/>\nP\u00e2n\u0103 la 7000 de pufuri<br \/>\nPreumplut cu 14ml de lichid e<br \/>\n650mAh<br \/>\nRezisten\u021b\u0103 Mesh de 1.0 \u03a9<br \/>\n30 de arome disponibile<\/p>\n<h2><strong>Care este aroma popular\u0103 pentru VAPME Crystal 7000 vape?<\/strong><\/h2>\n<p>VAPME Crystal 7000 Puffs ofer\u0103 un total de 30 de arome disponibile pentru alegerea dvs., exist\u0103 ceva pentru fiecare gust.<\/p>\n<p>1. Afine Zmeur\u0103<br \/>\n2. Fructe de p\u0103dure cu struguri<br \/>\n3. Gum\u0103 de mestecat cu c\u0103p\u0219uni \u0219i pepene verde<br \/>\n4. Bomboane cu c\u0103p\u0219uni \u0219i zmeur\u0103<br \/>\n5.C\u0103p\u0219uni banan\u0103<br \/>\n6. Mango cu c\u0103p\u0219uni<br \/>\n7. Piure de piersic\u0103, mango \u0219i ananas<br \/>\n8.Pepene verde cu ghea\u021b\u0103<br \/>\n9. Mango triplu<br \/>\n10. Ghea\u021b\u0103 cu cire\u0219e<br \/>\n11. Ghea\u021b\u0103 cu fructul pasiunii \u0219i pepene verde<br \/>\n12. Kiwi, fructul pasiunii \u0219i guava<br \/>\n13. Ghea\u021b\u0103 cu c\u0103p\u0219uni<br \/>\n14. Ghea\u021b\u0103 cu piersici<br \/>\n15. Limonad\u0103 cu afine \u0219i zmeur\u0103<br \/>\n16. C\u0103p\u0219uni \u0219i kiwi<br \/>\n17. B\u0103utur\u0103 energizant\u0103<br \/>\n18. Cola cu cire\u0219e<br \/>\n19. Ghea\u021b\u0103 cu fructe de p\u0103dure mixte<br \/>\n20. L\u0103m\u00e2ie \u0219i lime<br \/>\n21. C\u0103p\u0219uni \u0219i struguri<br \/>\n22. Ghea\u021b\u0103 cu coac\u0103ze negre<br \/>\n23. Afine, meri\u0219oare \u0219i cire\u0219e<br \/>\n24. Ghea\u021b\u0103 cu pepene verde \u0219i kiwi<br \/>\n25. Cire\u0219e \u0219i fructe de p\u0103dure<br \/>\n26.mint<br \/>\n27.nectar de fructe tropicale<br \/>\n28.Domnul albastru<br \/>\n29.mere duble<br \/>\n30.ghea\u021b\u0103 de banane<\/p>\n<figure id=\"attachment_1945\" aria-describedby=\"caption-attachment-1945\" style=\"width: 500px\" class=\"wp-caption alignnone\"><img loading=\"lazy\" decoding=\"async\" class=\"wp-image-1945 size-full\" src=\"https:\/\/rmvapesale.com\/wp-content\/uploads\/2024\/09\/Vapme-Crystal-7000-Puffs-Disposable-Vape-Wholesale.jpg\" alt=\"Vapme Crystal 7000 Pufuri Vape de unic\u0103 folosin\u021b\u0103 en gros\" width=\"500\" height=\"500\" srcset=\"https:\/\/rmvapesale.com\/wp-content\/uploads\/2024\/09\/Vapme-Crystal-7000-Puffs-Disposable-Vape-Wholesale.jpg 500w, https:\/\/rmvapesale.com\/wp-content\/uploads\/2024\/09\/Vapme-Crystal-7000-Puffs-Disposable-Vape-Wholesale-300x300.jpg 300w, https:\/\/rmvapesale.com\/wp-content\/uploads\/2024\/09\/Vapme-Crystal-7000-Puffs-Disposable-Vape-Wholesale-150x150.jpg 150w, https:\/\/rmvapesale.com\/wp-content\/uploads\/2024\/09\/Vapme-Crystal-7000-Puffs-Disposable-Vape-Wholesale-100x100.jpg 100w\" sizes=\"auto, (max-width: 500px) 100vw, 500px\" \/><figcaption id=\"caption-attachment-1945\" class=\"wp-caption-text\">Vapme Crystal 7000 Pufuri Vape de unic\u0103 folosin\u021b\u0103 en gros<\/figcaption><\/figure>\n<h2><strong>\u00centreb\u0103ri pe care ai putea s\u0103 le ai despre PUFF Vape VAPME Crystal 7000<\/strong><\/h2>\n<p>&nbsp;<\/p>\n<h3>Q 1. Ce este VAPME Crystal 7000 Pufuri Vape Original?<\/h3>\n<p>R: The <span style=\"font-size: 16px\">VAPME Crystal 7000 Pufuri<\/span> este un dispozitiv de vaping de unic\u0103 folosin\u021b\u0103 re\u00eenc\u0103rcabil, conceput pentru sesiuni extinse de vaping. Se nume\u0219te dup\u0103 capacitatea impresionant\u0103 de 7000 de pufuri \u0219i luminile multicolore care amintesc de un cristal iluminat.<\/p>\n<h3>Q 2. C\u00e2t timp dureaz\u0103 Vape-ul autentic VAPME Crystal 7000?<\/h3>\n<p>A: Autentic <span style=\"font-size: 16px\">VAPME Crystal 7000 Pufuri <\/span>dispune de o baterie \u00eencorporat\u0103 cu o capacitate de 650 mAh, oferind o utilizare extins\u0103 cu o singur\u0103 \u00eenc\u0103rcare. Dar durata exact\u0103 de via\u021b\u0103 a bateriei depinde de obiceiurile individuale de utilizare.<\/p>\n<h3>Q 3. Este PUFF 7000 VAPME Crystal Original re\u00eenc\u0103rcabil?<\/h3>\n<p><span style=\"font-size: 16px\">A: Da, VAPME Crystal 7000 Puffs Original vine cu o baterie re\u00eenc\u0103rcabil\u0103, care poate fi re\u00eenc\u0103rcat\u0103. Te po\u021bi bucura de el p\u00e2n\u0103 la ultima pic\u0103tur\u0103.<\/span><\/p>\n<h3>Q 4. Unde pot ob\u021bine pre\u021bul en gros pentru Vapme Crystal 7000 puffs vape de unic\u0103 folosin\u021b\u0103 re\u00eenc\u0103rcabil?<\/h3>\n<p>R: The <span style=\"font-size: 16px\">VAPME Crystal 7000 Pufuri <\/span>este disponibil pentru achizi\u021bie prin distribuitori autoriza\u021bi. Pentru solicit\u0103ri en gros, distribuitorii pot <a href=\"https:\/\/wa.me\/8617776015835\" target=\"_blank\" rel=\"noopener\">contacteaz\u0103-ne<\/a> direct. Clien\u021bii de retail pot g\u0103si produsul la anumi\u021bi retaileri sau magazine online.<\/p>\n<p>G\u0103si\u021bi mai multe produse de vapat care v-ar putea pl\u0103cea:<em><a href=\"https:\/\/rmvapesale.com\/ro\/shop-2\/\">cump\u0103r\u0103 acum\u00a0<\/a><\/em><\/p>\n<p>alte produse de vapat populare care v-ar putea pl\u0103cea:<\/p>\n<p><a href=\"https:\/\/rmvapesale.com\/ro\/product\/randm-vape-al-fakher-10000-puffs-vape-wholesale\/\">\u021bigar\u0103 electronic\u0103 randm vape AI FAKHER 15k<\/a><\/p>\n<p><a href=\"https:\/\/rmvapesale.com\/ro\/product\/original-randm-tornado-9000-puffs-disposable-vape-factory-price\/\">RandM Tornado 9000<\/a><\/p>","protected":false},"excerpt":{"rendered":"<p>Vapme Crystal 7000 Puffs \u021aigara Electronic\u0103 de Unic\u0103 Folosin\u021b\u0103 Re\u00eenc\u0103rcabil\u0103 - Pre\u021b Achizi\u021bie en Gros<\/p>\n<p>Puff 7000 Vapme Crystal Original \u021aigar\u0103 Electronic\u0103 de Unic\u0103 Folosin\u021b\u0103 - Cel Mai Bun Gust<\/p>\n<p>VAPME CRYSTAL 7000 Puffs 2% Nicotin\u0103<\/p>\n<p><strong>Contacta\u021bi-o pe Amy pentru mai multe reduceri \u0219i un MOQ mai mic pentru Vape<\/strong><\/p>\n<p><img loading=\"lazy\" decoding=\"async\" class=\"size-medium wp-image-1814\" src=\"https:\/\/rmvapesale.com\/wp-content\/uploads\/2024\/04\/whatsapp-amy-229x300.jpg\" alt=\"whatsapp amy\" width=\"229\" height=\"300\" srcset=\"https:\/\/rmvapesale.com\/wp-content\/uploads\/2024\/04\/whatsapp-amy-229x300.jpg 229w, https:\/\/rmvapesale.com\/wp-content\/uploads\/2024\/04\/whatsapp-amy-783x1024.jpg 783w, https:\/\/rmvapesale.com\/wp-content\/uploads\/2024\/04\/whatsapp-amy-768x1005.jpg 768w, https:\/\/rmvapesale.com\/wp-content\/uploads\/2024\/04\/whatsapp-amy-600x785.jpg 600w, https:\/\/rmvapesale.com\/wp-content\/uploads\/2024\/04\/whatsapp-amy.jpg 990w\" sizes=\"auto, (max-width: 229px) 100vw, 229px\" \/><\/p>\n<h3><span style=\"color: #ff0000\"><strong>WhatsApp: +86 17776015835<\/strong><\/span><\/h3>","protected":false},"featured_media":2671,"comment_status":"open","ping_status":"closed","template":"","meta":{"_uag_custom_page_level_css":"","_lmt_disableupdate":"no","_lmt_disable":"","site-sidebar-layout":"default","site-content-layout":"content-boxed-container","ast-site-content-layout":"normal-width-container","site-content-style":"boxed","site-sidebar-style":"unboxed","ast-global-header-display":"","ast-banner-title-visibility":"","ast-main-header-display":"","ast-hfb-above-header-display":"","ast-hfb-below-header-display":"","ast-hfb-mobile-header-display":"","site-post-title":"","ast-breadcrumbs-content":"","ast-featured-img":"","footer-sml-layout":"","ast-disable-related-posts":"","theme-transparent-header-meta":"default","adv-header-id-meta":"","stick-header-meta":"","header-above-stick-meta":"","header-main-stick-meta":"","header-below-stick-meta":"","astra-migrate-meta-layouts":"set","ast-page-background-enabled":"default","ast-page-background-meta":{"desktop":{"background-color":"var(--ast-global-color-4)","background-image":"","background-repeat":"repeat","background-position":"center center","background-size":"auto","background-attachment":"scroll","background-type":"","background-media":"","overlay-type":"","overlay-color":"","overlay-opacity":"","overlay-gradient":""},"tablet":{"background-color":"","background-image":"","background-repeat":"repeat","background-position":"center center","background-size":"auto","background-attachment":"scroll","background-type":"","background-media":"","overlay-type":"","overlay-color":"","overlay-opacity":"","overlay-gradient":""},"mobile":{"background-color":"","background-image":"","background-repeat":"repeat","background-position":"center center","background-size":"auto","background-attachment":"scroll","background-type":"","background-media":"","overlay-type":"","overlay-color":"","overlay-opacity":"","overlay-gradient":""}},"ast-content-background-meta":{"desktop":{"background-color":"var(--ast-global-color-5)","background-image":"","background-repeat":"repeat","background-position":"center center","background-size":"auto","background-attachment":"scroll","background-type":"","background-media":"","overlay-type":"","overlay-color":"","overlay-opacity":"","overlay-gradient":""},"tablet":{"background-color":"var(--ast-global-color-5)","background-image":"","background-repeat":"repeat","background-position":"center center","background-size":"auto","background-attachment":"scroll","background-type":"","background-media":"","overlay-type":"","overlay-color":"","overlay-opacity":"","overlay-gradient":""},"mobile":{"background-color":"var(--ast-global-color-5)","background-image":"","background-repeat":"repeat","background-position":"center center","background-size":"auto","background-attachment":"scroll","background-type":"","background-media":"","overlay-type":"","overlay-color":"","overlay-opacity":"","overlay-gradient":""}},"_joinchat":[]},"product_brand":[],"product_cat":[25,272,290,27,123,293,30,26,15,28,295,137,136,135,281],"product_tag":[48,40,41,54,53,37],"class_list":{"0":"post-1942","1":"product","2":"type-product","3":"status-publish","4":"has-post-thumbnail","6":"product_cat-germany-best-selling-vape","7":"product_cat-7000-puff-disposable-vape","8":"product_cat-crystal-disposable-vapes","9":"product_cat-fance-hot-sale-vape","10":"product_cat-italy-wholesale-vape","11":"product_cat-low-nicotine-disposable-vapes","12":"product_cat-minimum-order-quantity-50pcs","13":"product_cat-netherlands-hot-sale-vape","14":"product_cat-new-vape-this-week","15":"product_cat-poland-hot-sale-vape","16":"product_cat-rechargeable-disposable-vapes","17":"product_cat-rechargeable-vapes","18":"product_cat-smart-screen-vapes","19":"product_cat-spain-best-hot-sale-vape","20":"product_cat-vapme-vape","21":"product_tag-7000-puffs-vape","22":"product_tag-hot-sale-vape","23":"product_tag-original-factory-vape","24":"product_tag-rechargeable-disposable-vape","25":"product_tag-vapme-vape","26":"product_tag-wholesale-vape-price","27":"desktop-align-left","28":"tablet-align-left","29":"mobile-align-left","31":"first","32":"instock","33":"sale","34":"shipping-taxable","35":"purchasable","36":"product-type-simple"},"uagb_featured_image_src":{"full":["https:\/\/rmvapesale.com\/wp-content\/uploads\/2024\/11\/Vapme-Crystal-Rechareable-Vape-Wholesale.jpg",800,800,false],"thumbnail":["https:\/\/rmvapesale.com\/wp-content\/uploads\/2024\/11\/Vapme-Crystal-Rechareable-Vape-Wholesale-150x150.jpg",150,150,true],"medium":["https:\/\/rmvapesale.com\/wp-content\/uploads\/2024\/11\/Vapme-Crystal-Rechareable-Vape-Wholesale-300x300.jpg",300,300,true],"medium_large":["https:\/\/rmvapesale.com\/wp-content\/uploads\/2024\/11\/Vapme-Crystal-Rechareable-Vape-Wholesale-768x768.jpg",768,768,true],"large":["https:\/\/rmvapesale.com\/wp-content\/uploads\/2024\/11\/Vapme-Crystal-Rechareable-Vape-Wholesale.jpg",800,800,false],"1536x1536":["https:\/\/rmvapesale.com\/wp-content\/uploads\/2024\/11\/Vapme-Crystal-Rechareable-Vape-Wholesale.jpg",800,800,false],"2048x2048":["https:\/\/rmvapesale.com\/wp-content\/uploads\/2024\/11\/Vapme-Crystal-Rechareable-Vape-Wholesale.jpg",800,800,false],"trp-custom-language-flag":["https:\/\/rmvapesale.com\/wp-content\/uploads\/2024\/11\/Vapme-Crystal-Rechareable-Vape-Wholesale.jpg",12,12,false],"woocommerce_thumbnail":["https:\/\/rmvapesale.com\/wp-content\/uploads\/2024\/11\/Vapme-Crystal-Rechareable-Vape-Wholesale-300x300.jpg",300,300,true],"woocommerce_single":["https:\/\/rmvapesale.com\/wp-content\/uploads\/2024\/11\/Vapme-Crystal-Rechareable-Vape-Wholesale-600x600.jpg",600,600,true],"woocommerce_gallery_thumbnail":["https:\/\/rmvapesale.com\/wp-content\/uploads\/2024\/11\/Vapme-Crystal-Rechareable-Vape-Wholesale-100x100.jpg",100,100,true],"wcpr-photo-reviews":["https:\/\/rmvapesale.com\/wp-content\/uploads\/2024\/11\/Vapme-Crystal-Rechareable-Vape-Wholesale.jpg",500,500,false]},"uagb_author_info":{"display_name":"AMY","author_link":"https:\/\/rmvapesale.com\/ro\/author\/"},"uagb_comment_info":0,"uagb_excerpt":"Vapme Crystal 7000 Puffs Rechargeable Disposable Vape Bulk Buy Price Puff 7000 Vapme Crystal Original Disposable Vape Best Flavor VAPME CRYSTAL 7000 Puffs 2% Nicotine Contact Amy For More Discount And Lower MOQ Vape WhatsApp: +86 17776015835","_links":{"self":[{"href":"https:\/\/rmvapesale.com\/ro\/wp-json\/wp\/v2\/product\/1942","targetHints":{"allow":["GET"]}}],"collection":[{"href":"https:\/\/rmvapesale.com\/ro\/wp-json\/wp\/v2\/product"}],"about":[{"href":"https:\/\/rmvapesale.com\/ro\/wp-json\/wp\/v2\/types\/product"}],"replies":[{"embeddable":true,"href":"https:\/\/rmvapesale.com\/ro\/wp-json\/wp\/v2\/comments?post=1942"}],"wp:featuredmedia":[{"embeddable":true,"href":"https:\/\/rmvapesale.com\/ro\/wp-json\/wp\/v2\/media\/2671"}],"wp:attachment":[{"href":"https:\/\/rmvapesale.com\/ro\/wp-json\/wp\/v2\/media?parent=1942"}],"wp:term":[{"taxonomy":"product_brand","embeddable":true,"href":"https:\/\/rmvapesale.com\/ro\/wp-json\/wp\/v2\/product_brand?post=1942"},{"taxonomy":"product_cat","embeddable":true,"href":"https:\/\/rmvapesale.com\/ro\/wp-json\/wp\/v2\/product_cat?post=1942"},{"taxonomy":"product_tag","embeddable":true,"href":"https:\/\/rmvapesale.com\/ro\/wp-json\/wp\/v2\/product_tag?post=1942"}],"curies":[{"name":"wp","href":"https:\/\/api.w.org\/{rel}","templated":true}]}}