{"id":1962,"date":"2024-09-10T02:25:58","date_gmt":"2024-09-10T02:25:58","guid":{"rendered":"https:\/\/rmvapesale.com\/?post_type=product&#038;p=1962"},"modified":"2025-01-20T03:45:42","modified_gmt":"2025-01-20T03:45:42","slug":"bang-beach-22000-puffs-smart-screen-vapes-factory-price","status":"publish","type":"product","link":"https:\/\/rmvapesale.com\/ro\/product\/bang-beach-22000-puffs-smart-screen-vapes-factory-price\/","title":{"rendered":"Bang Beach 22000 Puffs \u021aig\u0103ri electronice cu ecran inteligent Pre\u021b de fabric\u0103"},"content":{"rendered":"<h1>Bang Beach 22000 Puffs \u021aig\u0103ri electronice cu ecran inteligent Pre\u021b de fabric\u0103<\/h1>\n<p>V\u0103 prezent\u0103m Bang Beach 22000 Puffs Smart Screen Vapes, concepute pentru a oferi o experien\u021b\u0103 superioar\u0103 de vaping.<\/p>\n<p>Acest vape pen de unic\u0103 folosin\u021b\u0103 ofer\u0103 p\u00e2n\u0103 la 22.000 de pufuri, datorit\u0103 cartu\u0219ului s\u0103u mare de e-lichid pre-umplut de 36 ml, elimin\u00e2nd necesitatea reumplerilor frecvente.<\/p>\n<p>Adapta\u021bi-v\u0103 aportul de nicotin\u0103 cu op\u021biuni de 0%, 2%, 3% \u0219i 5% pentru a se potrivi preferin\u021belor dumneavoastr\u0103 personale. \u00cembun\u0103t\u0103\u021bi\u021bi-v\u0103 vapingul cu rezisten\u021ba de 1.0 Mesh Coil \u0219i fluxul de aer reglabil, care v\u0103 permit s\u0103 personaliza\u021bi at\u00e2t aroma, c\u00e2t \u0219i produc\u021bia de vapori.<\/p>\n<p>Vape pen-ul dispune de o baterie robust\u0103 re\u00eenc\u0103rcabil\u0103 de 850mAh \u0219i un port de \u00eenc\u0103rcare Type-C, asigur\u00e2nd o re\u00eenc\u0103rcare rapid\u0103 \u0219i u\u0219oar\u0103. R\u0103m\u00e2ne\u021bi la curent cu afi\u0219ajul LED \u00eencorporat care arat\u0103 durata de via\u021b\u0103 a bateriei \u00een timp real \u0219i informa\u021bii despre utilizare. Alege\u021bi dintr-o selec\u021bie de 12 arome pentru a g\u0103si gustul perfect pentru dumneavoastr\u0103.<\/p>\n<p>Experimenta\u021bi confortul \u0219i calitatea premium a Original Bang Beach 22000 Puffs Smart Screen Vapes ast\u0103zi.<\/p>\n<p><strong>Contacteaz\u0103-o pe Amy pentru a primi un r\u0103spuns rapid \u0219i mai multe reduceri!<\/strong><\/p>\n<p><img loading=\"lazy\" decoding=\"async\" class=\"size-medium wp-image-1814\" src=\"https:\/\/rmvapesale.com\/wp-content\/uploads\/2024\/04\/whatsapp-amy-229x300.jpg\" alt=\"whatsapp amy\" width=\"229\" height=\"300\" srcset=\"https:\/\/rmvapesale.com\/wp-content\/uploads\/2024\/04\/whatsapp-amy-229x300.jpg 229w, https:\/\/rmvapesale.com\/wp-content\/uploads\/2024\/04\/whatsapp-amy-783x1024.jpg 783w, https:\/\/rmvapesale.com\/wp-content\/uploads\/2024\/04\/whatsapp-amy-768x1005.jpg 768w, https:\/\/rmvapesale.com\/wp-content\/uploads\/2024\/04\/whatsapp-amy-600x785.jpg 600w, https:\/\/rmvapesale.com\/wp-content\/uploads\/2024\/04\/whatsapp-amy.jpg 990w\" sizes=\"auto, (max-width: 229px) 100vw, 229px\" \/><\/p>\n<h3><span style=\"color: #ff0000\"><strong>WhatsApp: +86 17776015835<\/strong><\/span><\/h3>\n<p>&nbsp;<\/p>\n<h2><strong>Bang Beach 22000 Caracteristici cheie<\/strong><\/h2>\n<p>Nicotin\u0103: 0% 2% 3% 5%<br \/>\nPufuri: 22000<br \/>\nCapacitate: 36ml<br \/>\n12 arome disponibile<br \/>\n850mah Re\u00eenc\u0103rcabil<br \/>\nEcran inteligent<br \/>\nRezisten\u021b\u0103 tip plas\u0103<\/p>\n<h2><strong>Care este cea mai bun\u0103 arom\u0103 pentru Bang Beach 22000 Puffs<\/strong><strong>?<\/strong><\/h2>\n<p>Aceste \u021big\u0103ri electronice inteligente Bang Vape 20000 Puffs ofer\u0103 \u00een total 12 arome disponibile pentru alegerea dumneavoastr\u0103, exist\u0103 ceva cel mai bun pentru dumneavoastr\u0103.<\/p>\n<p>1. Piersic\u0103 cu ghea\u021b\u0103<br \/>\n2. Piersic\u0103 Mango<br \/>\n3. Fructe de p\u0103dure mixte<br \/>\n4. Limonad\u0103 roz<br \/>\n5. C\u0103p\u0219uni Pepene verde<br \/>\n6. Pepene verde cu ghea\u021b\u0103<br \/>\n7.Ghea\u021b\u0103 de struguri<br \/>\n8. Vimto<br \/>\n9. C\u0103p\u0219uni cu ghea\u021b\u0103<br \/>\n10. Cire\u0219e<br \/>\n11. Afine Zmeur\u0103<br \/>\n12. M\u0103r Acru<\/p>\n<h2><strong>\u00centreb\u0103ri pe care poate dori\u021bi s\u0103 le \u0219ti\u021bi despre Bang Beach 22k Puffs<\/strong><\/h2>\n<p>&nbsp;<\/p>\n<p><strong>1. C\u00e2te pufuri m\u0103 pot a\u0219tepta de la Bang Beach 22k Puffs?<\/strong><\/p>\n<p>Bang Beach 22k Puffs se m\u00e2ndre\u0219te cu un num\u0103r impresionant de 22000 de pufuri (\u00eentr-un mediu de testare), oferind o utilizare extins\u0103 \u0219i o satisfac\u021bie de durat\u0103.<\/p>\n<p><strong>2. Ce concentra\u021bie de nicotin\u0103 ofer\u0103 Bang Beach 22k Puffs?<\/strong><\/p>\n<p>Bang Beach 22k Puffs vine pre-umplut cu e-lichid \u00een concentra\u021bie de nicotin\u0103 0% 2% 3% 5%, oferind o experien\u021b\u0103 de vaping echilibrat\u0103.<\/p>\n<p><strong>3. Cum \u00eembun\u0103t\u0103\u021be\u0219te tehnologia Mesh Coil experien\u021ba de vaping?<\/strong><\/p>\n<p>Tehnologia Mesh Coil integrat\u0103 \u00een vapoarele Bang King Vape 20000 Puffs Smart Screen dispune de o bobin\u0103 cu rezisten\u021b\u0103 sc\u0103zut\u0103 de 0,8 ohmi. Acest design maximizeaz\u0103 suprafa\u021ba de \u00eenc\u0103lzire, rezult\u00e2nd inhal\u0103ri mai fine \u0219i o produc\u021bie de vapori \u00eembun\u0103t\u0103\u021bit\u0103. Tehnologia garanteaz\u0103 o \u00eenc\u0103lzire uniform\u0103 \u0219i consistent\u0103 a e-lichidului, oferind o experien\u021b\u0103 superioar\u0103 a aromei.<\/p>\n<p><strong>4. De unde pot achizi\u021biona Bang Beach 22k Puffs autentic?<\/strong><\/p>\n<p>Bang Beach 22k Puffs Original este disponibil pentru cump\u0103rare prin distribuitori autoriza\u021bi. Pentru \u00eentreb\u0103ri legate de v\u00e2nz\u0103ri en-gros, distribuitorii pot <a href=\"https:\/\/wa.me\/8617776015835\" target=\"_blank\" rel=\"noopener\">contacteaz\u0103-ne<\/a> direct. Clien\u021bii cu am\u0103nuntul pot g\u0103si produsul la anumi\u021bi comercian\u021bi cu am\u0103nuntul sau \u00een magazinele online. Toate produsele din magazinul nostru sunt 100% originale \u0219i autentice, deci compensarea de zece ori pentru produsele contraf\u0103cute este politica magazinului nostru.<\/p>\n<p>&nbsp;<\/p>\n<p><strong>Detalii expediere:<\/strong><\/p>\n<div class=\"flex-shrink-0 flex flex-col relative items-end\">\n<div>\n<div class=\"pt-0\">\n<div class=\"gizmo-bot-avatar flex h-8 w-8 items-center justify-center overflow-hidden rounded-full\">\n<div class=\"relative p-1 rounded-sm flex items-center justify-center bg-token-main-surface-primary text-token-text-primary h-8 w-8\"><strong>Ce metode de livrare sunt folosite?<\/strong><\/div>\n<\/div>\n<\/div>\n<\/div>\n<\/div>\n<div class=\"group\/conversation-turn relative flex w-full min-w-0 flex-col agent-turn\">\n<div class=\"flex-col gap-1 md:gap-3\">\n<div class=\"flex max-w-full flex-col flex-grow\">\n<div class=\"min-h-[20px] text-message flex w-full flex-col items-end gap-2 whitespace-normal break-words [.text-message+&amp;]:mt-5 overflow-x-auto\" dir=\"auto\" data-message-author-role=\"assistant\" data-message-id=\"22f8283b-3233-46ff-89a5-c7a41b33abda\">\n<div class=\"flex w-full flex-col gap-1 empty:hidden first:pt-[3px]\">\n<div class=\"markdown prose w-full break-words dark:prose-invert light\">\n<p>Colabor\u0103m cu UPS, DHL, FedEx, DPD \u0219i al\u021bi transportatori de top. Vom selecta cea mai bun\u0103 metod\u0103 de expediere \u00een func\u021bie de loca\u021bia dvs. de livrare pentru a ne asigura c\u0103 ve\u021bi primi produsele c\u00e2t mai repede posibil.<\/p>\n<\/div>\n<p><strong>Cat dureaza pana ajunge comanda?<\/strong><\/p>\n<p>Pachetele expediate \u00een Rom\u00e2nia ajung de obicei \u00een 10 zile lucr\u0103toare. Livrarea \u00een \u021b\u0103rile europene dureaz\u0103, \u00een general, aproximativ 12-15 zile lucr\u0103toare. V\u0103 vom oferi actualiz\u0103ri \u00een timp real cu privire la starea expedierii dumneavoastr\u0103.<\/p>\n<p>&nbsp;<\/p>\n<\/div>\n<\/div>\n<\/div>\n<\/div>\n<\/div>\n<p>G\u0103si\u021bi mai multe produse de vapat care v-ar putea pl\u0103cea:<em><a href=\"https:\/\/rmvapesale.com\/ro\/shop-2\/\">cump\u0103r\u0103 acum\u00a0<\/a><\/em><\/p>\n<p>alte produse de vapat populare care v-ar putea pl\u0103cea:<\/p>\n<p><a href=\"https:\/\/rmvapesale.com\/ro\/product\/randm-vape-al-fakher-10000-puffs-vape-wholesale\/\">\u021bigar\u0103 electronic\u0103 randm vape AI FAKHER 15k<\/a><\/p>\n<p><a href=\"https:\/\/rmvapesale.com\/ro\/product\/original-randm-tornado-9000-puffs-disposable-vape-factory-price\/\">RandM Tornado 9000<\/a><\/p>\n<p><a href=\"https:\/\/rmvapesale.com\/ro\/product\/bang-30k-puffs-disposable-vape-double-taste-wholesale-italy\/\">Bang 30k Puffs<\/a><\/p>","protected":false},"excerpt":{"rendered":"<p>Bang Beach 22000 Puffs LED Display Edition Vape Pre\u021b en-gros<br \/>\nBang Beach 22000 Puffs \u021aig\u0103ri electronice cu ecran inteligent Pre\u021b de fabric\u0103<br \/>\nBang Beach 22000 20k Puffs \u021aig\u0103ri electronice Cump\u0103rare \u00een vrac<\/p>\n<p><strong>Contacta\u021bi-o pe Amy pentru mai multe reduceri \u0219i un MOQ mai mic pentru Vape<\/strong><\/p>\n<p><img loading=\"lazy\" decoding=\"async\" class=\"size-medium wp-image-1814\" src=\"https:\/\/rmvapesale.com\/wp-content\/uploads\/2024\/04\/whatsapp-amy-229x300.jpg\" alt=\"whatsapp amy\" width=\"229\" height=\"300\" srcset=\"https:\/\/rmvapesale.com\/wp-content\/uploads\/2024\/04\/whatsapp-amy-229x300.jpg 229w, https:\/\/rmvapesale.com\/wp-content\/uploads\/2024\/04\/whatsapp-amy-783x1024.jpg 783w, https:\/\/rmvapesale.com\/wp-content\/uploads\/2024\/04\/whatsapp-amy-768x1005.jpg 768w, https:\/\/rmvapesale.com\/wp-content\/uploads\/2024\/04\/whatsapp-amy-600x785.jpg 600w, https:\/\/rmvapesale.com\/wp-content\/uploads\/2024\/04\/whatsapp-amy.jpg 990w\" sizes=\"auto, (max-width: 229px) 100vw, 229px\" \/><\/p>\n<h3><span style=\"color: #ff0000\"><strong>WhatsApp: +86 17776015835<\/strong><\/span><\/h3>","protected":false},"featured_media":1957,"comment_status":"open","ping_status":"closed","template":"","meta":{"_uag_custom_page_level_css":"","_lmt_disableupdate":"no","_lmt_disable":"","site-sidebar-layout":"default","site-content-layout":"content-boxed-container","ast-site-content-layout":"normal-width-container","site-content-style":"boxed","site-sidebar-style":"unboxed","ast-global-header-display":"","ast-banner-title-visibility":"","ast-main-header-display":"","ast-hfb-above-header-display":"","ast-hfb-below-header-display":"","ast-hfb-mobile-header-display":"","site-post-title":"","ast-breadcrumbs-content":"","ast-featured-img":"","footer-sml-layout":"","theme-transparent-header-meta":"default","adv-header-id-meta":"","stick-header-meta":"","header-above-stick-meta":"","header-main-stick-meta":"","header-below-stick-meta":"","astra-migrate-meta-layouts":"set","ast-page-background-enabled":"default","ast-page-background-meta":{"desktop":{"background-color":"var(--ast-global-color-4)","background-image":"","background-repeat":"repeat","background-position":"center center","background-size":"auto","background-attachment":"scroll","background-type":"","background-media":"","overlay-type":"","overlay-color":"","overlay-opacity":"","overlay-gradient":""},"tablet":{"background-color":"","background-image":"","background-repeat":"repeat","background-position":"center center","background-size":"auto","background-attachment":"scroll","background-type":"","background-media":"","overlay-type":"","overlay-color":"","overlay-opacity":"","overlay-gradient":""},"mobile":{"background-color":"","background-image":"","background-repeat":"repeat","background-position":"center center","background-size":"auto","background-attachment":"scroll","background-type":"","background-media":"","overlay-type":"","overlay-color":"","overlay-opacity":"","overlay-gradient":""}},"ast-content-background-meta":{"desktop":{"background-color":"var(--ast-global-color-5)","background-image":"","background-repeat":"repeat","background-position":"center center","background-size":"auto","background-attachment":"scroll","background-type":"","background-media":"","overlay-type":"","overlay-color":"","overlay-opacity":"","overlay-gradient":""},"tablet":{"background-color":"var(--ast-global-color-5)","background-image":"","background-repeat":"repeat","background-position":"center center","background-size":"auto","background-attachment":"scroll","background-type":"","background-media":"","overlay-type":"","overlay-color":"","overlay-opacity":"","overlay-gradient":""},"mobile":{"background-color":"var(--ast-global-color-5)","background-image":"","background-repeat":"repeat","background-position":"center center","background-size":"auto","background-attachment":"scroll","background-type":"","background-media":"","overlay-type":"","overlay-color":"","overlay-opacity":"","overlay-gradient":""}},"_joinchat":[]},"product_brand":[],"product_cat":[25,289,291,292,298,293,295,299,273,279,123,26,28,135,27,60,137,136,15,30],"product_tag":[187,55,56,57,58,40,41,59,37],"class_list":{"0":"post-1962","1":"product","2":"type-product","3":"status-publish","4":"has-post-thumbnail","6":"product_cat-germany-best-selling-vape","7":"product_cat-big-puffs-disposable-vapes","8":"product_cat-dual-mesh-disposable-vapes","9":"product_cat-digital-disposable-vapes","10":"product_cat-double-flavor-disposable-vapes","11":"product_cat-low-nicotine-disposable-vapes","12":"product_cat-rechargeable-disposable-vapes","13":"product_cat-smart-screen-disposable-vapes","14":"product_cat-bang-box-vape","15":"product_cat-bang-king-vape","16":"product_cat-italy-wholesale-vape","17":"product_cat-netherlands-hot-sale-vape","18":"product_cat-poland-hot-sale-vape","19":"product_cat-spain-best-hot-sale-vape","20":"product_cat-fance-hot-sale-vape","21":"product_cat-bang-vapes","22":"product_cat-rechargeable-vapes","23":"product_cat-smart-screen-vapes","24":"product_cat-new-vape-this-week","25":"product_cat-minimum-order-quantity-50pcs","26":"product_tag-bang-box-vape","27":"product_tag-buy-vape-pods","28":"product_tag-disposable-vape-wholesale-near-me","29":"product_tag-disposable-vape-wholesale-supplier","30":"product_tag-electric-cigarettes","31":"product_tag-hot-sale-vape","32":"product_tag-original-factory-vape","33":"product_tag-puffs-vape","34":"product_tag-wholesale-vape-price","35":"desktop-align-left","36":"tablet-align-left","37":"mobile-align-left","39":"first","40":"instock","41":"sale","42":"shipping-taxable","43":"purchasable","44":"product-type-simple"},"uagb_featured_image_src":{"full":["https:\/\/rmvapesale.com\/wp-content\/uploads\/2024\/09\/Bang-Beach-22000-Disposable.jpg",800,600,false],"thumbnail":["https:\/\/rmvapesale.com\/wp-content\/uploads\/2024\/09\/Bang-Beach-22000-Disposable-150x150.jpg",150,150,true],"medium":["https:\/\/rmvapesale.com\/wp-content\/uploads\/2024\/09\/Bang-Beach-22000-Disposable-300x225.jpg",300,225,true],"medium_large":["https:\/\/rmvapesale.com\/wp-content\/uploads\/2024\/09\/Bang-Beach-22000-Disposable-768x576.jpg",768,576,true],"large":["https:\/\/rmvapesale.com\/wp-content\/uploads\/2024\/09\/Bang-Beach-22000-Disposable.jpg",800,600,false],"1536x1536":["https:\/\/rmvapesale.com\/wp-content\/uploads\/2024\/09\/Bang-Beach-22000-Disposable.jpg",800,600,false],"2048x2048":["https:\/\/rmvapesale.com\/wp-content\/uploads\/2024\/09\/Bang-Beach-22000-Disposable.jpg",800,600,false],"trp-custom-language-flag":["https:\/\/rmvapesale.com\/wp-content\/uploads\/2024\/09\/Bang-Beach-22000-Disposable.jpg",16,12,false],"woocommerce_thumbnail":["https:\/\/rmvapesale.com\/wp-content\/uploads\/2024\/09\/Bang-Beach-22000-Disposable-300x300.jpg",300,300,true],"woocommerce_single":["https:\/\/rmvapesale.com\/wp-content\/uploads\/2024\/09\/Bang-Beach-22000-Disposable-600x450.jpg",600,450,true],"woocommerce_gallery_thumbnail":["https:\/\/rmvapesale.com\/wp-content\/uploads\/2024\/09\/Bang-Beach-22000-Disposable-100x100.jpg",100,100,true],"wcpr-photo-reviews":["https:\/\/rmvapesale.com\/wp-content\/uploads\/2024\/09\/Bang-Beach-22000-Disposable.jpg",500,375,false]},"uagb_author_info":{"display_name":"AMY","author_link":"https:\/\/rmvapesale.com\/ro\/author\/"},"uagb_comment_info":0,"uagb_excerpt":"Bang Beach 22000 Puffs LED Display Edition Vape Wholesale Price Bang Beach 22000 Puffs Smart Screen Vapes Factory Price Bang Beach 22000 20k Puffs E Cigarettes Bulk Buy Contact Amy For More Discount And Lower MOQ Vape WhatsApp: +86 17776015835","_links":{"self":[{"href":"https:\/\/rmvapesale.com\/ro\/wp-json\/wp\/v2\/product\/1962","targetHints":{"allow":["GET"]}}],"collection":[{"href":"https:\/\/rmvapesale.com\/ro\/wp-json\/wp\/v2\/product"}],"about":[{"href":"https:\/\/rmvapesale.com\/ro\/wp-json\/wp\/v2\/types\/product"}],"replies":[{"embeddable":true,"href":"https:\/\/rmvapesale.com\/ro\/wp-json\/wp\/v2\/comments?post=1962"}],"wp:featuredmedia":[{"embeddable":true,"href":"https:\/\/rmvapesale.com\/ro\/wp-json\/wp\/v2\/media\/1957"}],"wp:attachment":[{"href":"https:\/\/rmvapesale.com\/ro\/wp-json\/wp\/v2\/media?parent=1962"}],"wp:term":[{"taxonomy":"product_brand","embeddable":true,"href":"https:\/\/rmvapesale.com\/ro\/wp-json\/wp\/v2\/product_brand?post=1962"},{"taxonomy":"product_cat","embeddable":true,"href":"https:\/\/rmvapesale.com\/ro\/wp-json\/wp\/v2\/product_cat?post=1962"},{"taxonomy":"product_tag","embeddable":true,"href":"https:\/\/rmvapesale.com\/ro\/wp-json\/wp\/v2\/product_tag?post=1962"}],"curies":[{"name":"wp","href":"https:\/\/api.w.org\/{rel}","templated":true}]}}