{"id":1974,"date":"2024-09-11T07:00:58","date_gmt":"2024-09-11T07:00:58","guid":{"rendered":"https:\/\/rmvapesale.com\/?post_type=product&#038;p=1974"},"modified":"2025-01-20T03:49:10","modified_gmt":"2025-01-20T03:49:10","slug":"bang-20000-puffs-disposable-vape-wholesale-supplier","status":"publish","type":"product","link":"https:\/\/rmvapesale.com\/ro\/product\/bang-20000-puffs-disposable-vape-wholesale-supplier\/","title":{"rendered":"Furnizor en-gros de Bang 20000 Pufuri Vape de unic\u0103 folosin\u021b\u0103"},"content":{"rendered":"<h1>Furnizor en-gros de Bang 20000 Pufuri Vape de unic\u0103 folosin\u021b\u0103<\/h1>\n<p>\u021aigara electronic\u0103 de unic\u0103 folosin\u021b\u0103 Bang 20000 Puffs cu display LED este un dispozitiv de ultim\u0103 genera\u021bie, conceput pentru performan\u021b\u0103 \u0219i confort excep\u021bional. Cu o capacitate impresionant\u0103 de p\u00e2n\u0103 la 20000 de pufuri pe dispozitiv, reduce nevoia de \u00eenlocuiri frecvente \u0219i ofer\u0103 o satisfac\u021bie de durat\u0103.<\/p>\n<p>Dispun\u00e2nd de un miez avansat de plas\u0103 de 0,8ohm, aceast\u0103 \u021bigar\u0103 electronic\u0103 Bang 20000 de pufuri \u00eembun\u0103t\u0103\u021be\u0219te at\u00e2t produc\u021bia de vapori, c\u00e2t \u0219i claritatea aromei, oferind o experien\u021b\u0103 superioar\u0103 cu fiecare inhalare. Alege\u021bi dintr-o selec\u021bie divers\u0103 de 16 arome inspirate din fructe, inclusiv clasica Strawberry Watermelon \u0219i amestecuri unice precum Peach Mango Watermelon \u0219i Tiger Blood.<\/p>\n<p>Func\u021bia sa de ecran inteligent cu display LED permite utilizatorilor s\u0103 monitorizeze puterea \u0219i utilizarea \u00een timp real<\/p>\n<p><strong>Contacteaz\u0103-o pe Amy pentru a primi un r\u0103spuns rapid \u0219i mai multe reduceri!<\/strong><\/p>\n<p><img loading=\"lazy\" decoding=\"async\" class=\"size-medium wp-image-1814\" src=\"https:\/\/rmvapesale.com\/wp-content\/uploads\/2024\/04\/whatsapp-amy-229x300.jpg\" alt=\"whatsapp amy\" width=\"229\" height=\"300\" srcset=\"https:\/\/rmvapesale.com\/wp-content\/uploads\/2024\/04\/whatsapp-amy-229x300.jpg 229w, https:\/\/rmvapesale.com\/wp-content\/uploads\/2024\/04\/whatsapp-amy-783x1024.jpg 783w, https:\/\/rmvapesale.com\/wp-content\/uploads\/2024\/04\/whatsapp-amy-768x1005.jpg 768w, https:\/\/rmvapesale.com\/wp-content\/uploads\/2024\/04\/whatsapp-amy-600x785.jpg 600w, https:\/\/rmvapesale.com\/wp-content\/uploads\/2024\/04\/whatsapp-amy.jpg 990w\" sizes=\"auto, (max-width: 229px) 100vw, 229px\" \/><\/p>\n<h3><span style=\"color: #ff0000\"><strong>WhatsApp: +86 17776015835<\/strong><\/span><\/h3>\n<p>&nbsp;<\/p>\n<h2><strong>Bang Box Vape 20000 Caracteristici cheie<\/strong><\/h2>\n<p>Nicotin\u0103: 0% 2% 3% 5%<br \/>\nPufuri:20000<br \/>\nCapacitate: 20ml<br \/>\n16 arome disponibile<br \/>\n650mah Re\u00eenc\u0103rcabil<br \/>\nEcran inteligent LED<br \/>\nRezisten\u021b\u0103 tip plas\u0103<\/p>\n<h2><strong>Care este cea mai bun\u0103 arom\u0103 pentru \u021big\u0103rile electronice Bang Vape 20000 Puffs<\/strong><strong>?<\/strong><\/h2>\n<p>Aceste \u021big\u0103ri electronice inteligente Bang Vape 20000 Puffs ofer\u0103 \u00een total 12 arome disponibile pentru alegerea dumneavoastr\u0103, exist\u0103 ceva cel mai bun pentru dumneavoastr\u0103.<\/p>\n<p>1. Piersic\u0103 cu ghea\u021b\u0103<br \/>\n2. Piersic\u0103 Mango<br \/>\n3. Fructe de p\u0103dure mixte<br \/>\n4. Limonad\u0103 roz<br \/>\n5. C\u0103p\u0219uni Pepene verde<br \/>\n6. Pepene verde cu ghea\u021b\u0103<br \/>\n7.Ghea\u021b\u0103 de struguri<br \/>\n8. Vimto<br \/>\n9. C\u0103p\u0219uni cu ghea\u021b\u0103<br \/>\n10. Cire\u0219e<br \/>\n11. Afine Zmeur\u0103<br \/>\n12. M\u0103r Acru<\/p>\n<h2><strong>\u00centreb\u0103ri pe care a\u021bi putea dori s\u0103 le \u0219ti\u021bi despre Bang King Vape 20000 Puffs<\/strong><\/h2>\n<p>&nbsp;<\/p>\n<p><strong>1. C\u00e2te pufuri pot ob\u021bine de la Bang King Vape 20000 Puffs?<\/strong><\/p>\n<p>Bang King Vape 20000 Puffs se m\u00e2ndre\u0219te cu un num\u0103r impresionant de 20000 de pufuri (\u00eentr-un mediu de testare), oferind o utilizare extins\u0103 \u0219i o satisfac\u021bie de durat\u0103.<\/p>\n<p><strong>2. Ce concentra\u021bie de nicotin\u0103 ofer\u0103 Bang King Vape 20000 Puffs?<\/strong><\/p>\n<p>Bang King Vape 20000 Puffs vine preumplut cu e-lichid cu o concentra\u021bie de nicotin\u0103 de 0%, 2%, 3%, 5%, oferind o experien\u021b\u0103 de vapat echilibrat\u0103.<\/p>\n<p><strong>3. Cum \u00eembun\u0103t\u0103\u021be\u0219te tehnologia Mesh Coil experien\u021ba de vaping?<\/strong><\/p>\n<p>Tehnologia Mesh Coil integrat\u0103 \u00een vapoarele Bang King Vape 20000 Puffs Smart Screen dispune de o bobin\u0103 cu rezisten\u021b\u0103 sc\u0103zut\u0103 de 0,8 ohmi. Acest design maximizeaz\u0103 suprafa\u021ba de \u00eenc\u0103lzire, rezult\u00e2nd inhal\u0103ri mai fine \u0219i o produc\u021bie de vapori \u00eembun\u0103t\u0103\u021bit\u0103. Tehnologia garanteaz\u0103 o \u00eenc\u0103lzire uniform\u0103 \u0219i consistent\u0103 a e-lichidului, oferind o experien\u021b\u0103 superioar\u0103 a aromei.<\/p>\n<p><strong>4. Unde pot achizi\u021biona Genuine Bang King Vape 20000 Puffs?<\/strong><\/p>\n<p>Bang Beach 22k Puffs Original este disponibil pentru cump\u0103rare prin distribuitori autoriza\u021bi. Pentru \u00eentreb\u0103ri legate de v\u00e2nz\u0103ri en-gros, distribuitorii pot <a href=\"https:\/\/wa.me\/8617776015835\" target=\"_blank\" rel=\"noopener\">contacteaz\u0103-ne<\/a> direct. Clien\u021bii cu am\u0103nuntul pot g\u0103si produsul la anumi\u021bi comercian\u021bi cu am\u0103nuntul sau \u00een magazinele online. Toate produsele din magazinul nostru sunt 100% originale \u0219i autentice, deci compensarea de zece ori pentru produsele contraf\u0103cute este politica magazinului nostru.<\/p>\n<p>&nbsp;<\/p>\n<p><strong>Detalii expediere:<\/strong><\/p>\n<div class=\"flex-shrink-0 flex flex-col relative items-end\">\n<div>\n<div class=\"pt-0\">\n<div class=\"gizmo-bot-avatar flex h-8 w-8 items-center justify-center overflow-hidden rounded-full\">\n<div class=\"relative p-1 rounded-sm flex items-center justify-center bg-token-main-surface-primary text-token-text-primary h-8 w-8\"><strong>Ce metode de livrare sunt folosite?<\/strong><\/div>\n<\/div>\n<\/div>\n<\/div>\n<\/div>\n<div class=\"group\/conversation-turn relative flex w-full min-w-0 flex-col agent-turn\">\n<div class=\"flex-col gap-1 md:gap-3\">\n<div class=\"flex max-w-full flex-col flex-grow\">\n<div class=\"min-h-[20px] text-message flex w-full flex-col items-end gap-2 whitespace-normal break-words [.text-message+&amp;]:mt-5 overflow-x-auto\" dir=\"auto\" data-message-author-role=\"assistant\" data-message-id=\"22f8283b-3233-46ff-89a5-c7a41b33abda\">\n<div class=\"flex w-full flex-col gap-1 empty:hidden first:pt-[3px]\">\n<div class=\"markdown prose w-full break-words dark:prose-invert light\">\n<p>Colabor\u0103m cu UPS, DHL, FedEx, DPD \u0219i al\u021bi transportatori de top. Vom selecta cea mai bun\u0103 metod\u0103 de expediere \u00een func\u021bie de loca\u021bia dvs. de livrare pentru a ne asigura c\u0103 ve\u021bi primi produsele c\u00e2t mai repede posibil.<\/p>\n<\/div>\n<p><strong>Cat dureaza pana ajunge comanda?<\/strong><\/p>\n<p>Pachetele expediate \u00een Rom\u00e2nia ajung de obicei \u00een 10 zile lucr\u0103toare. Livrarea \u00een \u021b\u0103rile europene dureaz\u0103, \u00een general, aproximativ 12-15 zile lucr\u0103toare. V\u0103 vom oferi actualiz\u0103ri \u00een timp real cu privire la starea expedierii dumneavoastr\u0103.<\/p>\n<p>&nbsp;<\/p>\n<\/div>\n<\/div>\n<\/div>\n<\/div>\n<\/div>\n<p>G\u0103si\u021bi mai multe produse de vapat care v-ar putea pl\u0103cea:<em><a href=\"https:\/\/rmvapesale.com\/ro\/shop-2\/\">cump\u0103r\u0103 acum\u00a0<\/a><\/em><\/p>\n<p>alte produse de vapat populare care v-ar putea pl\u0103cea:<\/p>\n<p><a href=\"https:\/\/rmvapesale.com\/ro\/product\/bang-30k-puffs-disposable-vape-double-taste-wholesale-italy\/\">Bang 30k Puffs<\/a><\/p>\n<p><a href=\"https:\/\/rmvapesale.com\/ro\/product\/bang-beach-22000-puffs-smart-screen-vapes-factory-price\/\">Bang Beach 22000 Puffs<\/a><\/p>","protected":false},"excerpt":{"rendered":"<p>Bang Vape 20000 Puffs Display LED Vape Pre\u021b cu ridicata<br \/>\nBang Box Vape 20000 Puffs Ecrane inteligente Vapes Pre\u021b de fabric\u0103<br \/>\nBang Vape 20000 Puffs Cea mai bun\u0103 arom\u0103 Cump\u0103rare \u00een vrac<\/p>\n<p><strong>Contacta\u021bi-o pe Amy pentru mai multe reduceri \u0219i un MOQ mai mic pentru Vape<\/strong><\/p>\n<p><img loading=\"lazy\" decoding=\"async\" class=\"size-medium wp-image-1814\" src=\"https:\/\/rmvapesale.com\/wp-content\/uploads\/2024\/04\/whatsapp-amy-229x300.jpg\" alt=\"whatsapp amy\" width=\"229\" height=\"300\" srcset=\"https:\/\/rmvapesale.com\/wp-content\/uploads\/2024\/04\/whatsapp-amy-229x300.jpg 229w, https:\/\/rmvapesale.com\/wp-content\/uploads\/2024\/04\/whatsapp-amy-783x1024.jpg 783w, https:\/\/rmvapesale.com\/wp-content\/uploads\/2024\/04\/whatsapp-amy-768x1005.jpg 768w, https:\/\/rmvapesale.com\/wp-content\/uploads\/2024\/04\/whatsapp-amy-600x785.jpg 600w, https:\/\/rmvapesale.com\/wp-content\/uploads\/2024\/04\/whatsapp-amy.jpg 990w\" sizes=\"auto, (max-width: 229px) 100vw, 229px\" \/><\/p>\n<h3><span style=\"color: #ff0000\"><strong>WhatsApp: +86 17776015835<\/strong><\/span><\/h3>","protected":false},"featured_media":1973,"comment_status":"open","ping_status":"closed","template":"","meta":{"_uag_custom_page_level_css":"","_lmt_disableupdate":"no","_lmt_disable":"","site-sidebar-layout":"default","site-content-layout":"content-boxed-container","ast-site-content-layout":"normal-width-container","site-content-style":"boxed","site-sidebar-style":"unboxed","ast-global-header-display":"","ast-banner-title-visibility":"","ast-main-header-display":"","ast-hfb-above-header-display":"","ast-hfb-below-header-display":"","ast-hfb-mobile-header-display":"","site-post-title":"","ast-breadcrumbs-content":"","ast-featured-img":"","footer-sml-layout":"","theme-transparent-header-meta":"default","adv-header-id-meta":"","stick-header-meta":"","header-above-stick-meta":"","header-main-stick-meta":"","header-below-stick-meta":"","astra-migrate-meta-layouts":"set","ast-page-background-enabled":"default","ast-page-background-meta":{"desktop":{"background-color":"var(--ast-global-color-4)","background-image":"","background-repeat":"repeat","background-position":"center center","background-size":"auto","background-attachment":"scroll","background-type":"","background-media":"","overlay-type":"","overlay-color":"","overlay-opacity":"","overlay-gradient":""},"tablet":{"background-color":"","background-image":"","background-repeat":"repeat","background-position":"center center","background-size":"auto","background-attachment":"scroll","background-type":"","background-media":"","overlay-type":"","overlay-color":"","overlay-opacity":"","overlay-gradient":""},"mobile":{"background-color":"","background-image":"","background-repeat":"repeat","background-position":"center center","background-size":"auto","background-attachment":"scroll","background-type":"","background-media":"","overlay-type":"","overlay-color":"","overlay-opacity":"","overlay-gradient":""}},"ast-content-background-meta":{"desktop":{"background-color":"var(--ast-global-color-5)","background-image":"","background-repeat":"repeat","background-position":"center center","background-size":"auto","background-attachment":"scroll","background-type":"","background-media":"","overlay-type":"","overlay-color":"","overlay-opacity":"","overlay-gradient":""},"tablet":{"background-color":"var(--ast-global-color-5)","background-image":"","background-repeat":"repeat","background-position":"center center","background-size":"auto","background-attachment":"scroll","background-type":"","background-media":"","overlay-type":"","overlay-color":"","overlay-opacity":"","overlay-gradient":""},"mobile":{"background-color":"var(--ast-global-color-5)","background-image":"","background-repeat":"repeat","background-position":"center center","background-size":"auto","background-attachment":"scroll","background-type":"","background-media":"","overlay-type":"","overlay-color":"","overlay-opacity":"","overlay-gradient":""}},"_joinchat":[]},"product_brand":[],"product_cat":[25,289,293,295,273,279,255,123,26,28,135,27,60,137,136,15,30],"product_tag":[63,55,56,57,58,40,41,59,37],"class_list":{"0":"post-1974","1":"product","2":"type-product","3":"status-publish","4":"has-post-thumbnail","6":"product_cat-germany-best-selling-vape","7":"product_cat-big-puffs-disposable-vapes","8":"product_cat-low-nicotine-disposable-vapes","9":"product_cat-rechargeable-disposable-vapes","10":"product_cat-bang-box-vape","11":"product_cat-bang-king-vape","12":"product_cat-20000-puff-disposable-vape","13":"product_cat-italy-wholesale-vape","14":"product_cat-netherlands-hot-sale-vape","15":"product_cat-poland-hot-sale-vape","16":"product_cat-spain-best-hot-sale-vape","17":"product_cat-fance-hot-sale-vape","18":"product_cat-bang-vapes","19":"product_cat-rechargeable-vapes","20":"product_cat-smart-screen-vapes","21":"product_cat-new-vape-this-week","22":"product_cat-minimum-order-quantity-50pcs","23":"product_tag-bang-vapes","24":"product_tag-buy-vape-pods","25":"product_tag-disposable-vape-wholesale-near-me","26":"product_tag-disposable-vape-wholesale-supplier","27":"product_tag-electric-cigarettes","28":"product_tag-hot-sale-vape","29":"product_tag-original-factory-vape","30":"product_tag-puffs-vape","31":"product_tag-wholesale-vape-price","32":"desktop-align-left","33":"tablet-align-left","34":"mobile-align-left","36":"first","37":"instock","38":"sale","39":"shipping-taxable","40":"purchasable","41":"product-type-simple"},"uagb_featured_image_src":{"full":["https:\/\/rmvapesale.com\/wp-content\/uploads\/2024\/09\/Bang-Vape-20000-Wholesale-Price.jpg",800,800,false],"thumbnail":["https:\/\/rmvapesale.com\/wp-content\/uploads\/2024\/09\/Bang-Vape-20000-Wholesale-Price-150x150.jpg",150,150,true],"medium":["https:\/\/rmvapesale.com\/wp-content\/uploads\/2024\/09\/Bang-Vape-20000-Wholesale-Price-300x300.jpg",300,300,true],"medium_large":["https:\/\/rmvapesale.com\/wp-content\/uploads\/2024\/09\/Bang-Vape-20000-Wholesale-Price-768x768.jpg",768,768,true],"large":["https:\/\/rmvapesale.com\/wp-content\/uploads\/2024\/09\/Bang-Vape-20000-Wholesale-Price.jpg",800,800,false],"1536x1536":["https:\/\/rmvapesale.com\/wp-content\/uploads\/2024\/09\/Bang-Vape-20000-Wholesale-Price.jpg",800,800,false],"2048x2048":["https:\/\/rmvapesale.com\/wp-content\/uploads\/2024\/09\/Bang-Vape-20000-Wholesale-Price.jpg",800,800,false],"trp-custom-language-flag":["https:\/\/rmvapesale.com\/wp-content\/uploads\/2024\/09\/Bang-Vape-20000-Wholesale-Price.jpg",12,12,false],"woocommerce_thumbnail":["https:\/\/rmvapesale.com\/wp-content\/uploads\/2024\/09\/Bang-Vape-20000-Wholesale-Price-300x300.jpg",300,300,true],"woocommerce_single":["https:\/\/rmvapesale.com\/wp-content\/uploads\/2024\/09\/Bang-Vape-20000-Wholesale-Price-600x600.jpg",600,600,true],"woocommerce_gallery_thumbnail":["https:\/\/rmvapesale.com\/wp-content\/uploads\/2024\/09\/Bang-Vape-20000-Wholesale-Price-100x100.jpg",100,100,true],"wcpr-photo-reviews":["https:\/\/rmvapesale.com\/wp-content\/uploads\/2024\/09\/Bang-Vape-20000-Wholesale-Price.jpg",500,500,false]},"uagb_author_info":{"display_name":"AMY","author_link":"https:\/\/rmvapesale.com\/ro\/author\/"},"uagb_comment_info":0,"uagb_excerpt":"Bang Vape 20000 Puffs LED Display Vape Wholesale Price Bang Box Vape 20000 Puffs Smart Screen Vapes Factory Price Bang Vape 20000 Puffs Best Flavor Bulk Buy Contact Amy For More Discount And Lower MOQ Vape WhatsApp: +86 17776015835","_links":{"self":[{"href":"https:\/\/rmvapesale.com\/ro\/wp-json\/wp\/v2\/product\/1974","targetHints":{"allow":["GET"]}}],"collection":[{"href":"https:\/\/rmvapesale.com\/ro\/wp-json\/wp\/v2\/product"}],"about":[{"href":"https:\/\/rmvapesale.com\/ro\/wp-json\/wp\/v2\/types\/product"}],"replies":[{"embeddable":true,"href":"https:\/\/rmvapesale.com\/ro\/wp-json\/wp\/v2\/comments?post=1974"}],"wp:featuredmedia":[{"embeddable":true,"href":"https:\/\/rmvapesale.com\/ro\/wp-json\/wp\/v2\/media\/1973"}],"wp:attachment":[{"href":"https:\/\/rmvapesale.com\/ro\/wp-json\/wp\/v2\/media?parent=1974"}],"wp:term":[{"taxonomy":"product_brand","embeddable":true,"href":"https:\/\/rmvapesale.com\/ro\/wp-json\/wp\/v2\/product_brand?post=1974"},{"taxonomy":"product_cat","embeddable":true,"href":"https:\/\/rmvapesale.com\/ro\/wp-json\/wp\/v2\/product_cat?post=1974"},{"taxonomy":"product_tag","embeddable":true,"href":"https:\/\/rmvapesale.com\/ro\/wp-json\/wp\/v2\/product_tag?post=1974"}],"curies":[{"name":"wp","href":"https:\/\/api.w.org\/{rel}","templated":true}]}}