{"id":1985,"date":"2024-09-12T07:42:12","date_gmt":"2024-09-12T07:42:12","guid":{"rendered":"https:\/\/rmvapesale.com\/?post_type=product&#038;p=1985"},"modified":"2025-01-20T03:52:04","modified_gmt":"2025-01-20T03:52:04","slug":"bang-vape-tornado-12000-puffs-disposable-pod-factory-price","status":"publish","type":"product","link":"https:\/\/rmvapesale.com\/ro\/product\/bang-vape-tornado-12000-puffs-disposable-pod-factory-price\/","title":{"rendered":"Bang Vape Tornado 12000 Puffs Pod de unic\u0103 folosin\u021b\u0103 Pre\u021b de fabric\u0103"},"content":{"rendered":"<h1>Bang Vape Tornado 12000 Puffs Pod de unic\u0103 folosin\u021b\u0103 Pre\u021b de fabric\u0103<\/h1>\n<p>Bang Vape Tornado 12000 Pufuri este un dispozitiv de unic\u0103 folosin\u021b\u0103 puternic \u0219i de \u00eenalt\u0103 performan\u021b\u0103. Are 20 ml de lichid \u0219i vine cu concentra\u021bii de nicotin\u0103 s\u0103rat\u0103 de 0%, 2%, 3% \u0219i 5%, oferind p\u00e2n\u0103 la 12.000 de pufuri. Dispozitivul include un port re\u00eenc\u0103rcabil \u00een partea de jos, asigur\u00e2nd utilizarea fiec\u0103rui strop de lichid. Bang Tornado 12000 echipat cu tehnologie de bobin\u0103 din plas\u0103, \u00eembun\u0103t\u0103\u021be\u0219te semnificativ aroma \u0219i performan\u021ba. \u00cen plus, este disponibil\u0103 o gam\u0103 variat\u0103 de arome pentru a se potrivi preferin\u021belor tale<\/p>\n<p>\u00cen general, Bang Tornado 12000 Pufuri ofer\u0103 o experien\u021b\u0103 de vaping convenabil\u0103 \u0219i durabil\u0103, ideal\u0103 pentru utilizare \u00een mi\u0219care \u0219i sesiuni prelungite.<\/p>\n<p><strong>Contacteaz\u0103-o pe Amy pentru a primi un r\u0103spuns rapid \u0219i mai multe reduceri!<\/strong><\/p>\n<p><img loading=\"lazy\" decoding=\"async\" class=\"size-medium wp-image-1814\" src=\"https:\/\/rmvapesale.com\/wp-content\/uploads\/2024\/04\/whatsapp-amy-229x300.jpg\" alt=\"whatsapp amy\" width=\"229\" height=\"300\" srcset=\"https:\/\/rmvapesale.com\/wp-content\/uploads\/2024\/04\/whatsapp-amy-229x300.jpg 229w, https:\/\/rmvapesale.com\/wp-content\/uploads\/2024\/04\/whatsapp-amy-783x1024.jpg 783w, https:\/\/rmvapesale.com\/wp-content\/uploads\/2024\/04\/whatsapp-amy-768x1005.jpg 768w, https:\/\/rmvapesale.com\/wp-content\/uploads\/2024\/04\/whatsapp-amy-600x785.jpg 600w, https:\/\/rmvapesale.com\/wp-content\/uploads\/2024\/04\/whatsapp-amy.jpg 990w\" sizes=\"auto, (max-width: 229px) 100vw, 229px\" \/><\/p>\n<h3><span style=\"color: #ff0000\"><strong>WhatsApp: +86 17776015835<\/strong><\/span><\/h3>\n<p>&nbsp;<\/p>\n<h2><strong>Caracteristici cheie Bang Vape Tornado 12000 Pufuri<\/strong><\/h2>\n<p>Nicotin\u0103: 0% 2% 3% 5%<br \/>\nPufuri: 12000<br \/>\nCapacitate: 20ml<br \/>\n16 arome disponibile<br \/>\n650mah Re\u00eenc\u0103rcabil<br \/>\nRezisten\u021b\u0103 tip plas\u0103<\/p>\n<h2><strong>Care este cel mai bun gust pentru Bang Tornado 12k Pufuri<\/strong><strong>?<\/strong><\/h2>\n<p>Acest Bang Vape Tornado 12000 Pufuri Dispozitiv de unic\u0103 folosin\u021b\u0103 ofer\u0103 \u00een total peste 20 de arome disponibile pentru alegere, exist\u0103 ceva cel mai bun pentru tine.<\/p>\n<p>1. Zmeur\u0103 Pepene Verde<br \/>\n2. C\u0103p\u0219un\u0103 Pepene Verde<br \/>\n3. Suc de c\u0103p\u0219un\u0103<br \/>\n4. Dragon Negru ghea\u021b\u0103<br \/>\n5. Piersic\u0103 cu Ghea\u021b\u0103<br \/>\n6. Afine Cire\u0219e Meri\u0219oare<br \/>\n7. Fructe Mixte<br \/>\n8. Cire\u0219e Piersici L\u0103m\u00e2ie<br \/>\n9. C\u0103p\u0219un\u0103 Mango<br \/>\n10. C\u0103p\u0219un\u0103 Zmeur\u0103 ghea\u021b\u0103<br \/>\n11. Amecicano<br \/>\n12. Kiwi Fruct de Pasiune Guava<br \/>\n13. C\u0103p\u0219uni Kiwi<br \/>\n14. Ghea\u021b\u0103 Blue Razz<br \/>\n15. M\u0103r acru Zmeur\u0103<br \/>\n16. Gum\u0103 de mestecat Pepene Verde<br \/>\n17. \u00cenghe\u021bat\u0103 cu c\u0103p\u0219uni<br \/>\n18. Pepene verde cu c\u0103p\u0219uni<br \/>\n19. Ghea\u021b\u0103 Pepene Verde<br \/>\n20. Ghea\u021b\u0103 Afine<br \/>\n21. Piersic\u0103 Mango Pepene Verde<br \/>\n22. Strugure Regal<\/p>\n<h2><strong>\u00centreb\u0103ri pe care ai putea s\u0103 le ai despre Bang Tornado 12000<\/strong><\/h2>\n<p>&nbsp;<\/p>\n<p><strong>1. C\u00e2te pufuri pot a\u0219tepta de la Bang Tornado 12000?<\/strong><\/p>\n<p>Bang King Tornado 12000 Pufuri se laud\u0103 cu impresionantul num\u0103r de 20000 de pufuri (\u00eentr-un mediu de testare), oferind utilizare extins\u0103 \u0219i satisfac\u021bie de durat\u0103.<\/p>\n<p><strong>2. Ce nivel de nicotin\u0103 ofer\u0103 Bang Tornado 12000 Pufuri?<\/strong><\/p>\n<p>Bang Tornado 12000 Pufuri vine preumplut cu e-lichid \u00een nivelurile de nicotin\u0103 0%, 2%, 3%, 5%, oferind o experien\u021b\u0103 echilibrat\u0103 de vaping.<\/p>\n<p><strong>3. Cum \u00eembun\u0103t\u0103\u021be\u0219te tehnologia Mesh Coil experien\u021ba de vaping?<\/strong><\/p>\n<p>Tehnologia Mesh Coil integrat\u0103 \u00een Vape Bang Box Vape 15k Puffs dispune de o rezisten\u021b\u0103 sc\u0103zut\u0103 a bobinei de 1,0 ohmi. Acest design maximizeaz\u0103 suprafa\u021ba de \u00eenc\u0103lzire, rezult\u00e2nd extrageri mai fine \u0219i o produc\u021bie \u00eembun\u0103t\u0103\u021bit\u0103 de vapori. Tehnologia garanteaz\u0103 o \u00eenc\u0103lzire uniform\u0103 \u0219i consistent\u0103 a e-lichidului, oferind o experien\u021b\u0103 superioar\u0103 a aromei.<\/p>\n<p><strong>4. De ce s\u0103 alegi Bang Tornado 12000 Pufuri?<\/strong><\/p>\n<p>Savureaz\u0103 pl\u0103cerea norilor aromati cu fiecare puf. Bang Tornado 12000 este conceput pentru a-\u021bi \u00eembun\u0103t\u0103\u021bi experien\u021ba de vaping, oferind satisfac\u021bie la fiecare inhalare.<\/p>\n<h3><strong>5. Unde pot achizi\u021biona Bang Tornado 12000 Pufuri Original?<\/strong><\/h3>\n<p>Bang Tornado 12000 Pufuri Original este disponibil pentru achizi\u021bie prin distribuitori autoriza\u021bi. Pentru \u00eentreb\u0103ri despre achizi\u021bii en gros, distribuitorii pot <a href=\"https:\/\/wa.me\/8617776015835\" target=\"_blank\" rel=\"noopener\">contacteaz\u0103-ne<\/a> direct. Clien\u021bii cu am\u0103nuntul pot g\u0103si produsul la anumi\u021bi comercian\u021bi cu am\u0103nuntul sau \u00een magazinele online. Toate produsele din magazinul nostru sunt 100% originale \u0219i autentice, deci compensarea de zece ori pentru produsele contraf\u0103cute este politica magazinului nostru.<\/p>\n<p>&nbsp;<\/p>\n<p><strong>Detalii expediere:<\/strong><\/p>\n<div class=\"flex-shrink-0 flex flex-col relative items-end\">\n<div>\n<div class=\"pt-0\">\n<div class=\"gizmo-bot-avatar flex h-8 w-8 items-center justify-center overflow-hidden rounded-full\">\n<div class=\"relative p-1 rounded-sm flex items-center justify-center bg-token-main-surface-primary text-token-text-primary h-8 w-8\"><strong>Ce metode de livrare sunt folosite?<\/strong><\/div>\n<\/div>\n<\/div>\n<\/div>\n<\/div>\n<div class=\"group\/conversation-turn relative flex w-full min-w-0 flex-col agent-turn\">\n<div class=\"flex-col gap-1 md:gap-3\">\n<div class=\"flex max-w-full flex-col flex-grow\">\n<div class=\"min-h-[20px] text-message flex w-full flex-col items-end gap-2 whitespace-normal break-words [.text-message+&amp;]:mt-5 overflow-x-auto\" dir=\"auto\" data-message-author-role=\"assistant\" data-message-id=\"22f8283b-3233-46ff-89a5-c7a41b33abda\">\n<div class=\"flex w-full flex-col gap-1 empty:hidden first:pt-[3px]\">\n<div class=\"markdown prose w-full break-words dark:prose-invert light\">\n<p>Colabor\u0103m cu UPS, DHL, FedEx, DPD \u0219i al\u021bi transportatori de top. Vom selecta cea mai bun\u0103 metod\u0103 de expediere \u00een func\u021bie de loca\u021bia dvs. de livrare pentru a ne asigura c\u0103 ve\u021bi primi produsele c\u00e2t mai repede posibil.<\/p>\n<\/div>\n<p><strong>Cat dureaza pana ajunge comanda?<\/strong><\/p>\n<p>Pachetele expediate \u00een Rom\u00e2nia ajung de obicei \u00een 10 zile lucr\u0103toare. Livrarea \u00een \u021b\u0103rile europene dureaz\u0103, \u00een general, aproximativ 12-15 zile lucr\u0103toare. V\u0103 vom oferi actualiz\u0103ri \u00een timp real cu privire la starea expedierii dumneavoastr\u0103.<\/p>\n<p>&nbsp;<\/p>\n<\/div>\n<\/div>\n<\/div>\n<\/div>\n<\/div>\n<p>G\u0103si\u021bi mai multe produse de vapat care v-ar putea pl\u0103cea:<em><a href=\"https:\/\/rmvapesale.com\/ro\/shop-2\/\">cump\u0103r\u0103 acum\u00a0<\/a><\/em><\/p>\n<p>alte produse de vapat populare care v-ar putea pl\u0103cea:<\/p>\n<p><a href=\"https:\/\/rmvapesale.com\/ro\/product\/bang-30k-puffs-disposable-vape-double-taste-wholesale-italy\/\">Bang 30k Puffs<\/a><\/p>\n<p><a href=\"https:\/\/rmvapesale.com\/ro\/product\/bang-beach-22000-puffs-smart-screen-vapes-factory-price\/\">Bang Beach 22000 Puffs<\/a><\/p>\n<p><a href=\"https:\/\/rmvapesale.com\/ro\/product\/randm-tornado-15000-puffs-vape-wholesale\/\">RandM Tornado 15000 Puffs<\/a><\/p>\n<p><a href=\"https:\/\/rmvapesale.com\/ro\/product\/bang-20000-puffs-disposable-vape-wholesale-supplier\/\">Bang 20000 Puffs<\/a><\/p>","protected":false},"excerpt":{"rendered":"<p>Cutie Vape Bang Tornado en gros Bang 12000 Pufuri Cel mai bun gust<\/p>\n<p>BANG Tornado 12000 Pufuri Dispozitiv de vaping cu pod en gros Pre\u021b<\/p>\n<p>Bang tornado 12000 Pufuri 0% 2% 3% 5% Nicotin\u0103 \u00een stoc<\/p>\n<p><strong>Contacta\u021bi-o pe Amy pentru mai multe reduceri \u0219i un MOQ mai mic pentru Vape<\/strong><\/p>\n<p><img loading=\"lazy\" decoding=\"async\" class=\"size-medium wp-image-1814\" src=\"https:\/\/rmvapesale.com\/wp-content\/uploads\/2024\/04\/whatsapp-amy-229x300.jpg\" alt=\"whatsapp amy\" width=\"229\" height=\"300\" srcset=\"https:\/\/rmvapesale.com\/wp-content\/uploads\/2024\/04\/whatsapp-amy-229x300.jpg 229w, https:\/\/rmvapesale.com\/wp-content\/uploads\/2024\/04\/whatsapp-amy-783x1024.jpg 783w, https:\/\/rmvapesale.com\/wp-content\/uploads\/2024\/04\/whatsapp-amy-768x1005.jpg 768w, https:\/\/rmvapesale.com\/wp-content\/uploads\/2024\/04\/whatsapp-amy-600x785.jpg 600w, https:\/\/rmvapesale.com\/wp-content\/uploads\/2024\/04\/whatsapp-amy.jpg 990w\" sizes=\"auto, (max-width: 229px) 100vw, 229px\" \/><\/p>\n<h3><span style=\"color: #ff0000\"><strong>WhatsApp: +86 17776015835<\/strong><\/span><\/h3>","protected":false},"featured_media":1981,"comment_status":"open","ping_status":"closed","template":"","meta":{"_uag_custom_page_level_css":"","_lmt_disableupdate":"no","_lmt_disable":"","site-sidebar-layout":"default","site-content-layout":"content-boxed-container","ast-site-content-layout":"normal-width-container","site-content-style":"boxed","site-sidebar-style":"unboxed","ast-global-header-display":"","ast-banner-title-visibility":"","ast-main-header-display":"","ast-hfb-above-header-display":"","ast-hfb-below-header-display":"","ast-hfb-mobile-header-display":"","site-post-title":"","ast-breadcrumbs-content":"","ast-featured-img":"","footer-sml-layout":"","ast-disable-related-posts":"","theme-transparent-header-meta":"default","adv-header-id-meta":"","stick-header-meta":"","header-above-stick-meta":"","header-main-stick-meta":"","header-below-stick-meta":"","astra-migrate-meta-layouts":"set","ast-page-background-enabled":"default","ast-page-background-meta":{"desktop":{"background-color":"var(--ast-global-color-4)","background-image":"","background-repeat":"repeat","background-position":"center center","background-size":"auto","background-attachment":"scroll","background-type":"","background-media":"","overlay-type":"","overlay-color":"","overlay-opacity":"","overlay-gradient":""},"tablet":{"background-color":"","background-image":"","background-repeat":"repeat","background-position":"center center","background-size":"auto","background-attachment":"scroll","background-type":"","background-media":"","overlay-type":"","overlay-color":"","overlay-opacity":"","overlay-gradient":""},"mobile":{"background-color":"","background-image":"","background-repeat":"repeat","background-position":"center center","background-size":"auto","background-attachment":"scroll","background-type":"","background-media":"","overlay-type":"","overlay-color":"","overlay-opacity":"","overlay-gradient":""}},"ast-content-background-meta":{"desktop":{"background-color":"var(--ast-global-color-5)","background-image":"","background-repeat":"repeat","background-position":"center center","background-size":"auto","background-attachment":"scroll","background-type":"","background-media":"","overlay-type":"","overlay-color":"","overlay-opacity":"","overlay-gradient":""},"tablet":{"background-color":"var(--ast-global-color-5)","background-image":"","background-repeat":"repeat","background-position":"center center","background-size":"auto","background-attachment":"scroll","background-type":"","background-media":"","overlay-type":"","overlay-color":"","overlay-opacity":"","overlay-gradient":""},"mobile":{"background-color":"var(--ast-global-color-5)","background-image":"","background-repeat":"repeat","background-position":"center center","background-size":"auto","background-attachment":"scroll","background-type":"","background-media":"","overlay-type":"","overlay-color":"","overlay-opacity":"","overlay-gradient":""}},"_joinchat":[]},"product_brand":[],"product_cat":[60,254,273,279,27,25,123,293,30,26,15,28,295,137,136,135,297],"product_tag":[63,56,57,58,40,41,37],"class_list":{"0":"post-1985","1":"product","2":"type-product","3":"status-publish","4":"has-post-thumbnail","6":"product_cat-bang-vapes","7":"product_cat-12000-puff-disposable-vape","8":"product_cat-bang-box-vape","9":"product_cat-bang-king-vape","10":"product_cat-fance-hot-sale-vape","11":"product_cat-germany-best-selling-vape","12":"product_cat-italy-wholesale-vape","13":"product_cat-low-nicotine-disposable-vapes","14":"product_cat-minimum-order-quantity-50pcs","15":"product_cat-netherlands-hot-sale-vape","16":"product_cat-new-vape-this-week","17":"product_cat-poland-hot-sale-vape","18":"product_cat-rechargeable-disposable-vapes","19":"product_cat-rechargeable-vapes","20":"product_cat-smart-screen-vapes","21":"product_cat-spain-best-hot-sale-vape","22":"product_cat-tornado-disposable-vapes","23":"product_tag-bang-vapes","24":"product_tag-disposable-vape-wholesale-near-me","25":"product_tag-disposable-vape-wholesale-supplier","26":"product_tag-electric-cigarettes","27":"product_tag-hot-sale-vape","28":"product_tag-original-factory-vape","29":"product_tag-wholesale-vape-price","30":"desktop-align-left","31":"tablet-align-left","32":"mobile-align-left","34":"first","35":"instock","36":"sale","37":"shipping-taxable","38":"purchasable","39":"product-type-simple"},"uagb_featured_image_src":{"full":["https:\/\/rmvapesale.com\/wp-content\/uploads\/2024\/09\/Bang-Tornado-12000-Puffs-Disposable-Vape.jpg",800,800,false],"thumbnail":["https:\/\/rmvapesale.com\/wp-content\/uploads\/2024\/09\/Bang-Tornado-12000-Puffs-Disposable-Vape-150x150.jpg",150,150,true],"medium":["https:\/\/rmvapesale.com\/wp-content\/uploads\/2024\/09\/Bang-Tornado-12000-Puffs-Disposable-Vape-300x300.jpg",300,300,true],"medium_large":["https:\/\/rmvapesale.com\/wp-content\/uploads\/2024\/09\/Bang-Tornado-12000-Puffs-Disposable-Vape-768x768.jpg",768,768,true],"large":["https:\/\/rmvapesale.com\/wp-content\/uploads\/2024\/09\/Bang-Tornado-12000-Puffs-Disposable-Vape.jpg",800,800,false],"1536x1536":["https:\/\/rmvapesale.com\/wp-content\/uploads\/2024\/09\/Bang-Tornado-12000-Puffs-Disposable-Vape.jpg",800,800,false],"2048x2048":["https:\/\/rmvapesale.com\/wp-content\/uploads\/2024\/09\/Bang-Tornado-12000-Puffs-Disposable-Vape.jpg",800,800,false],"trp-custom-language-flag":["https:\/\/rmvapesale.com\/wp-content\/uploads\/2024\/09\/Bang-Tornado-12000-Puffs-Disposable-Vape.jpg",12,12,false],"woocommerce_thumbnail":["https:\/\/rmvapesale.com\/wp-content\/uploads\/2024\/09\/Bang-Tornado-12000-Puffs-Disposable-Vape-300x300.jpg",300,300,true],"woocommerce_single":["https:\/\/rmvapesale.com\/wp-content\/uploads\/2024\/09\/Bang-Tornado-12000-Puffs-Disposable-Vape-600x600.jpg",600,600,true],"woocommerce_gallery_thumbnail":["https:\/\/rmvapesale.com\/wp-content\/uploads\/2024\/09\/Bang-Tornado-12000-Puffs-Disposable-Vape-100x100.jpg",100,100,true],"wcpr-photo-reviews":["https:\/\/rmvapesale.com\/wp-content\/uploads\/2024\/09\/Bang-Tornado-12000-Puffs-Disposable-Vape.jpg",500,500,false]},"uagb_author_info":{"display_name":"AMY","author_link":"https:\/\/rmvapesale.com\/ro\/author\/"},"uagb_comment_info":0,"uagb_excerpt":"Vape Bang Box Tornado Wholesale Bang 12000 Puffs Best Flavor BANG Tornado 12000 Puffs Disposable Vape Pod Wholesale Price Bang tornado 12000 Puffs 0% 2% 3% 5% Nicotine in stock Contact Amy For More Discount And Lower MOQ Vape WhatsApp: +86 17776015835","_links":{"self":[{"href":"https:\/\/rmvapesale.com\/ro\/wp-json\/wp\/v2\/product\/1985","targetHints":{"allow":["GET"]}}],"collection":[{"href":"https:\/\/rmvapesale.com\/ro\/wp-json\/wp\/v2\/product"}],"about":[{"href":"https:\/\/rmvapesale.com\/ro\/wp-json\/wp\/v2\/types\/product"}],"replies":[{"embeddable":true,"href":"https:\/\/rmvapesale.com\/ro\/wp-json\/wp\/v2\/comments?post=1985"}],"wp:featuredmedia":[{"embeddable":true,"href":"https:\/\/rmvapesale.com\/ro\/wp-json\/wp\/v2\/media\/1981"}],"wp:attachment":[{"href":"https:\/\/rmvapesale.com\/ro\/wp-json\/wp\/v2\/media?parent=1985"}],"wp:term":[{"taxonomy":"product_brand","embeddable":true,"href":"https:\/\/rmvapesale.com\/ro\/wp-json\/wp\/v2\/product_brand?post=1985"},{"taxonomy":"product_cat","embeddable":true,"href":"https:\/\/rmvapesale.com\/ro\/wp-json\/wp\/v2\/product_cat?post=1985"},{"taxonomy":"product_tag","embeddable":true,"href":"https:\/\/rmvapesale.com\/ro\/wp-json\/wp\/v2\/product_tag?post=1985"}],"curies":[{"name":"wp","href":"https:\/\/api.w.org\/{rel}","templated":true}]}}