{"id":1995,"date":"2024-09-13T08:03:11","date_gmt":"2024-09-13T08:03:11","guid":{"rendered":"https:\/\/rmvapesale.com\/?post_type=product&#038;p=1995"},"modified":"2025-01-20T03:53:42","modified_gmt":"2025-01-20T03:53:42","slug":"vapme-shisha-hookah-15000-puffs-vape-0-2-nicotine","status":"publish","type":"product","link":"https:\/\/rmvapesale.com\/ro\/product\/vapme-shisha-hookah-15000-puffs-vape-0-2-nicotine\/","title":{"rendered":"Vapme Shisha Hookah 15000 Puffs Vape 0% 2% Nicotin\u0103"},"content":{"rendered":"<h1>Vapme Shisha Hookah 15000 Puffs Vape 0% 2% Nicotin\u0103<\/h1>\n<p>Prezent\u0103m Vapme Shisha Hookah 15000 Pufuri, un vape de unic\u0103 folosin\u021b\u0103 re\u00eenc\u0103rcabil proiectat pentru a-\u021bi \u00eembun\u0103t\u0103\u021bi experien\u021ba de vaping. Cu o capacitate remarcabil\u0103 de 15000 de pufuri, acest dispozitiv ofer\u0103 o durat\u0103 extins\u0103 de utilizare \u0219i flexibilitate, disponibil \u00een niveluri de nicotin\u0103 de 0% sau 2% pentru a se potrivi preferin\u021belor tale.<\/p>\n<p>Cu o capacitate generoas\u0103 de 25ml pentru e-lichid, Vapme Shisha Hookah \u00ee\u021bi asigur\u0103 o rezerv\u0103 suficient\u0103 pentru sesiuni f\u0103r\u0103 \u00eentreruperi. Bateria re\u00eenc\u0103rcabil\u0103 de 650mAh \u0219i portul de \u00eenc\u0103rcare Type-C asigur\u0103 o re\u00eenc\u0103rcare eficient\u0103 \u0219i comod\u0103, permi\u021b\u00e2ndu-\u021bi s\u0103 te bucuri de vaping f\u0103r\u0103 \u00eentreruperi.<\/p>\n<p>Cu 24 de arome din care s\u0103 alegi \u0219i o rezisten\u021b\u0103 de 0.6\u03a9 pentru vapori netezi \u0219i plini de arom\u0103, acest vape de unic\u0103 folosin\u021b\u0103 re\u00eenc\u0103rcabil ofer\u0103 o experien\u021b\u0103 constant satisf\u0103c\u0103toare. \u00cembun\u0103t\u0103\u021be\u0219te-\u021bi c\u0103l\u0103toria de vaping cu Vapme Shisha Hookah 15000.<\/p>\n<p>&nbsp;<\/p>\n<p><strong>Contacteaz-o pe Amy pentru a primi un r\u0103spuns corect \u0219i pre\u021b en-gros!<\/strong><\/p>\n<p><img loading=\"lazy\" decoding=\"async\" class=\"size-medium wp-image-1814\" src=\"https:\/\/rmvapesale.com\/wp-content\/uploads\/2024\/04\/whatsapp-amy-229x300.jpg\" alt=\"whatsapp amy\" width=\"229\" height=\"300\" srcset=\"https:\/\/rmvapesale.com\/wp-content\/uploads\/2024\/04\/whatsapp-amy-229x300.jpg 229w, https:\/\/rmvapesale.com\/wp-content\/uploads\/2024\/04\/whatsapp-amy-783x1024.jpg 783w, https:\/\/rmvapesale.com\/wp-content\/uploads\/2024\/04\/whatsapp-amy-768x1005.jpg 768w, https:\/\/rmvapesale.com\/wp-content\/uploads\/2024\/04\/whatsapp-amy-600x785.jpg 600w, https:\/\/rmvapesale.com\/wp-content\/uploads\/2024\/04\/whatsapp-amy.jpg 990w\" sizes=\"auto, (max-width: 229px) 100vw, 229px\" \/><\/p>\n<h2><\/h2>\n<h2>Specifica\u021bii Vapme Shisha Hookah 15000<\/h2>\n<p>Pufuri: 15000 Pufuri<br \/>\nNicotin\u0103: 0%, 2%<br \/>\nCapacitate e-lichid: 25 ML<br \/>\nBaterie: 650mAh (Re\u00eenc\u0103rcabil\u0103)<br \/>\nPort de \u00eenc\u0103rcare: Type C<br \/>\nRezisten\u021b\u0103: 0.6\u03a9<br \/>\nArome: 24 Arome<\/p>\n<h2><strong>Cel mai popular gust pentru Vapme Shisha 15000 Pufuri?<\/strong><\/h2>\n<p>Vapme Shisha Hookah 15000 Pufuri ofer\u0103 \u00een total 24 de arome disponibile pentru alegere, exist\u0103 ceva pentru fiecare palat.<\/p>\n<p>1. Afine pe ghea\u021b\u0103<br \/>\n2. Kiwi, fruct de pasiune, guava<br \/>\n3.Limonad\u0103 Blue Razz<br \/>\n4.C\u0103p\u0219uni kiwi<br \/>\n5.Fructe de p\u0103dure mixte<br \/>\n6.C\u0103p\u0219uni pepene verde<br \/>\n7.Grapefruit cu ghea\u021b\u0103<br \/>\n8.Pepene verde cu ghea\u021b\u0103<br \/>\n9.Piersic\u0103 mango ananas<br \/>\n10.C\u0103p\u0219uni cu ghea\u021b\u0103<br \/>\n11.Piersic\u0103 cu ghea\u021b\u0103<br \/>\n12.Mango Banane<br \/>\n13.Cire\u0219e Berries<br \/>\n14.Blueberry zmeur\u0103<br \/>\n15.Iubire 66<br \/>\n16.Bul de pepene verde<br \/>\n17.C\u0103p\u0219uni strugure<br \/>\n18.Candy cu c\u0103p\u0219uni \u0219i zmeur\u0103<br \/>\n19.Mamba<br \/>\n20.Pepene verde cire\u0219e<br \/>\n21.M\u0103r congelat<br \/>\n22.L\u0103m\u00e2ie Ment\u0103<br \/>\n23. \u00cenghe\u021bat\u0103 de coac\u0103ze negre<br \/>\n24. Milkshake de ananas<\/p>\n<h2><\/h2>\n<h2><strong>\u00centreb\u0103ri pe care poate vrei s\u0103 le \u0219tii despre Vapme Shisha Hookah 15000<\/strong><\/h2>\n<p>&nbsp;<\/p>\n<h3>\u00ce 1. C\u00e2te pufuri m\u0103 pot a\u0219tepta de la Vapme Shisha Hookah 15000 Pufuri<\/h3>\n<p>R. Vapme Shisha Hookah 15000 se m\u00e2ndre\u0219te cu un num\u0103r impresionant de 15.000 de pufuri (\u00eentr-un mediu de testare), oferind o utilizare extins\u0103 \u0219i o satisfac\u021bie de durat\u0103.<\/p>\n<h3>\u00ce 2. C\u00e2t dureaz\u0103 Vapme Shisha Hookah 15000 Vape autentic?<\/h3>\n<p>R: Vapme Shisha Hookah 15000 autentic<span style=\"font-size: 16px\">\u00a0<\/span>dispune de o baterie \u00eencorporat\u0103 cu o capacitate de 650 mAh, oferind o utilizare extins\u0103 cu o singur\u0103 \u00eenc\u0103rcare. Dar durata exact\u0103 de via\u021b\u0103 a bateriei depinde de obiceiurile individuale de utilizare.<\/p>\n<h3>\u00ce 3. Vapme Shisha Hookah 15000 Original este re\u00eenc\u0103rcabil?<\/h3>\n<p><span style=\"font-size: 16px\">R: Da, Vapme Shisha Hookah 15000 Original vine cu o baterie re\u00eenc\u0103rcabil\u0103 de 650 mAh, deci este re\u00eenc\u0103rcabil. Te po\u021bi bucura de el p\u00e2n\u0103 la ultima pic\u0103tur\u0103.<\/span><\/p>\n<h3>Q 4. Unde pot ob\u021bine pre\u021bul en gros pentru Vapme Shisha Hookah 15000 vape reutilizabil de unic\u0103 folosin\u021b\u0103?<\/h3>\n<p>A: Vapme Shisha Hookah 15000<span style=\"font-size: 16px\">\u00a0<\/span>este disponibil pentru achizi\u021bie prin distribuitori autoriza\u021bi. Pentru solicit\u0103ri en gros, distribuitorii pot <a href=\"https:\/\/wa.me\/8617776015835\" target=\"_blank\" rel=\"noopener\">contacteaz\u0103-ne<\/a> direct. Clien\u021bii de retail pot g\u0103si produsul la anumi\u021bi retaileri sau magazine online.<\/p>\n<p>&nbsp;<\/p>\n<p>G\u0103si\u021bi mai multe produse de vapat care v-ar putea pl\u0103cea:<em><a href=\"https:\/\/rmvapesale.com\/ro\/shop-2\/\">cump\u0103r\u0103 acum\u00a0<\/a><\/em><\/p>\n<p>&nbsp;<\/p>\n<p>alte produse de vapat populare care v-ar putea pl\u0103cea:<\/p>\n<p><a href=\"https:\/\/rmvapesale.com\/ro\/product\/randm-vape-al-fakher-10000-puffs-vape-wholesale\/\">\u021bigar\u0103 electronic\u0103 randm vape AI FAKHER 15k<\/a><\/p>\n<p><a href=\"https:\/\/rmvapesale.com\/ro\/product\/original-randm-tornado-9000-puffs-disposable-vape-factory-price\/\">RandM Tornado 9000<\/a><\/p>\n<p><a href=\"https:\/\/rmvapesale.com\/ro\/product\/vapme-crystal-7000-puffs-rechargeable-disposable-vape-price\/\">Vapme Crystal 7000 Puffs<\/a><\/p>","protected":false},"excerpt":{"rendered":"<p>Vapme Shisha Hookah 15000 Pufuri Vape de unic\u0103 folosin\u021b\u0103 re\u00eenc\u0103rcabil\u0103 Achizi\u021bie en gros Pre\u021b<\/p>\n<p>PUFF 15000 VAPME SHISHA HOOKAH Cel mai bun gust \u00een stoc<\/p>\n<p>Vapme Shisha Hookah 15k Pufuri 0% 2% Nicotin\u0103<\/p>\n<p><strong>Contacta\u021bi-o pe Amy pentru mai multe reduceri \u0219i un MOQ mai mic pentru Vape<\/strong><\/p>\n<p><img loading=\"lazy\" decoding=\"async\" class=\"size-medium wp-image-1814\" src=\"https:\/\/rmvapesale.com\/wp-content\/uploads\/2024\/04\/whatsapp-amy-229x300.jpg\" alt=\"whatsapp amy\" width=\"229\" height=\"300\" srcset=\"https:\/\/rmvapesale.com\/wp-content\/uploads\/2024\/04\/whatsapp-amy-229x300.jpg 229w, https:\/\/rmvapesale.com\/wp-content\/uploads\/2024\/04\/whatsapp-amy-783x1024.jpg 783w, https:\/\/rmvapesale.com\/wp-content\/uploads\/2024\/04\/whatsapp-amy-768x1005.jpg 768w, https:\/\/rmvapesale.com\/wp-content\/uploads\/2024\/04\/whatsapp-amy-600x785.jpg 600w, https:\/\/rmvapesale.com\/wp-content\/uploads\/2024\/04\/whatsapp-amy.jpg 990w\" sizes=\"auto, (max-width: 229px) 100vw, 229px\" \/><\/p>\n<h3><span style=\"color: #ff0000\"><strong>WhatsApp: +86 17776015835<\/strong><\/span><\/h3>","protected":false},"featured_media":2000,"comment_status":"open","ping_status":"closed","template":"","meta":{"_uag_custom_page_level_css":"","_lmt_disableupdate":"no","_lmt_disable":"","site-sidebar-layout":"default","site-content-layout":"content-boxed-container","ast-site-content-layout":"normal-width-container","site-content-style":"boxed","site-sidebar-style":"unboxed","ast-global-header-display":"","ast-banner-title-visibility":"","ast-main-header-display":"","ast-hfb-above-header-display":"","ast-hfb-below-header-display":"","ast-hfb-mobile-header-display":"","site-post-title":"","ast-breadcrumbs-content":"","ast-featured-img":"","footer-sml-layout":"","theme-transparent-header-meta":"default","adv-header-id-meta":"","stick-header-meta":"","header-above-stick-meta":"","header-main-stick-meta":"","header-below-stick-meta":"","astra-migrate-meta-layouts":"set","ast-page-background-enabled":"default","ast-page-background-meta":{"desktop":{"background-color":"var(--ast-global-color-4)","background-image":"","background-repeat":"repeat","background-position":"center center","background-size":"auto","background-attachment":"scroll","background-type":"","background-media":"","overlay-type":"","overlay-color":"","overlay-opacity":"","overlay-gradient":""},"tablet":{"background-color":"","background-image":"","background-repeat":"repeat","background-position":"center center","background-size":"auto","background-attachment":"scroll","background-type":"","background-media":"","overlay-type":"","overlay-color":"","overlay-opacity":"","overlay-gradient":""},"mobile":{"background-color":"","background-image":"","background-repeat":"repeat","background-position":"center center","background-size":"auto","background-attachment":"scroll","background-type":"","background-media":"","overlay-type":"","overlay-color":"","overlay-opacity":"","overlay-gradient":""}},"ast-content-background-meta":{"desktop":{"background-color":"var(--ast-global-color-5)","background-image":"","background-repeat":"repeat","background-position":"center center","background-size":"auto","background-attachment":"scroll","background-type":"","background-media":"","overlay-type":"","overlay-color":"","overlay-opacity":"","overlay-gradient":""},"tablet":{"background-color":"var(--ast-global-color-5)","background-image":"","background-repeat":"repeat","background-position":"center center","background-size":"auto","background-attachment":"scroll","background-type":"","background-media":"","overlay-type":"","overlay-color":"","overlay-opacity":"","overlay-gradient":""},"mobile":{"background-color":"var(--ast-global-color-5)","background-image":"","background-repeat":"repeat","background-position":"center center","background-size":"auto","background-attachment":"scroll","background-type":"","background-media":"","overlay-type":"","overlay-color":"","overlay-opacity":"","overlay-gradient":""}},"_joinchat":[]},"product_brand":[],"product_cat":[25,292,293,296,299,281,123,26,28,135,27,61,137,136,15,30],"product_tag":[56,57,40,41,62,54,53,37],"class_list":{"0":"post-1995","1":"product","2":"type-product","3":"status-publish","4":"has-post-thumbnail","6":"product_cat-germany-best-selling-vape","7":"product_cat-digital-disposable-vapes","8":"product_cat-low-nicotine-disposable-vapes","9":"product_cat-shisha-hookah-disposable-vapes","10":"product_cat-smart-screen-disposable-vapes","11":"product_cat-vapme-vape","12":"product_cat-italy-wholesale-vape","13":"product_cat-netherlands-hot-sale-vape","14":"product_cat-poland-hot-sale-vape","15":"product_cat-spain-best-hot-sale-vape","16":"product_cat-fance-hot-sale-vape","17":"product_cat-15000-puffs-disposable-vapes","18":"product_cat-rechargeable-vapes","19":"product_cat-smart-screen-vapes","20":"product_cat-new-vape-this-week","21":"product_cat-minimum-order-quantity-50pcs","22":"product_tag-disposable-vape-wholesale-near-me","23":"product_tag-disposable-vape-wholesale-supplier","24":"product_tag-hot-sale-vape","25":"product_tag-original-factory-vape","26":"product_tag-puff-15000","27":"product_tag-rechargeable-disposable-vape","28":"product_tag-vapme-vape","29":"product_tag-wholesale-vape-price","30":"desktop-align-left","31":"tablet-align-left","32":"mobile-align-left","34":"first","35":"instock","36":"sale","37":"shipping-taxable","38":"purchasable","39":"product-type-simple"},"uagb_featured_image_src":{"full":["https:\/\/rmvapesale.com\/wp-content\/uploads\/2024\/09\/Vapme-Shisha-Hookah-15000.jpg",788,788,false],"thumbnail":["https:\/\/rmvapesale.com\/wp-content\/uploads\/2024\/09\/Vapme-Shisha-Hookah-15000-150x150.jpg",150,150,true],"medium":["https:\/\/rmvapesale.com\/wp-content\/uploads\/2024\/09\/Vapme-Shisha-Hookah-15000-300x300.jpg",300,300,true],"medium_large":["https:\/\/rmvapesale.com\/wp-content\/uploads\/2024\/09\/Vapme-Shisha-Hookah-15000-768x768.jpg",768,768,true],"large":["https:\/\/rmvapesale.com\/wp-content\/uploads\/2024\/09\/Vapme-Shisha-Hookah-15000.jpg",788,788,false],"1536x1536":["https:\/\/rmvapesale.com\/wp-content\/uploads\/2024\/09\/Vapme-Shisha-Hookah-15000.jpg",788,788,false],"2048x2048":["https:\/\/rmvapesale.com\/wp-content\/uploads\/2024\/09\/Vapme-Shisha-Hookah-15000.jpg",788,788,false],"trp-custom-language-flag":["https:\/\/rmvapesale.com\/wp-content\/uploads\/2024\/09\/Vapme-Shisha-Hookah-15000.jpg",12,12,false],"woocommerce_thumbnail":["https:\/\/rmvapesale.com\/wp-content\/uploads\/2024\/09\/Vapme-Shisha-Hookah-15000-300x300.jpg",300,300,true],"woocommerce_single":["https:\/\/rmvapesale.com\/wp-content\/uploads\/2024\/09\/Vapme-Shisha-Hookah-15000-600x600.jpg",600,600,true],"woocommerce_gallery_thumbnail":["https:\/\/rmvapesale.com\/wp-content\/uploads\/2024\/09\/Vapme-Shisha-Hookah-15000-100x100.jpg",100,100,true],"wcpr-photo-reviews":["https:\/\/rmvapesale.com\/wp-content\/uploads\/2024\/09\/Vapme-Shisha-Hookah-15000.jpg",500,500,false]},"uagb_author_info":{"display_name":"AMY","author_link":"https:\/\/rmvapesale.com\/ro\/author\/"},"uagb_comment_info":0,"uagb_excerpt":"Vapme Shisha Hookah 15000 Puffs Rechargeable Disposable Vape Bulk Buy Price PUFF 15000 VAPME SHISHA HOOKAH Best Flavor in Stock Vapme Shisha Hookah 15k Puffs 0% 2% Nicotine Contact Amy For More Discount And Lower MOQ Vape WhatsApp: +86 17776015835","_links":{"self":[{"href":"https:\/\/rmvapesale.com\/ro\/wp-json\/wp\/v2\/product\/1995","targetHints":{"allow":["GET"]}}],"collection":[{"href":"https:\/\/rmvapesale.com\/ro\/wp-json\/wp\/v2\/product"}],"about":[{"href":"https:\/\/rmvapesale.com\/ro\/wp-json\/wp\/v2\/types\/product"}],"replies":[{"embeddable":true,"href":"https:\/\/rmvapesale.com\/ro\/wp-json\/wp\/v2\/comments?post=1995"}],"wp:featuredmedia":[{"embeddable":true,"href":"https:\/\/rmvapesale.com\/ro\/wp-json\/wp\/v2\/media\/2000"}],"wp:attachment":[{"href":"https:\/\/rmvapesale.com\/ro\/wp-json\/wp\/v2\/media?parent=1995"}],"wp:term":[{"taxonomy":"product_brand","embeddable":true,"href":"https:\/\/rmvapesale.com\/ro\/wp-json\/wp\/v2\/product_brand?post=1995"},{"taxonomy":"product_cat","embeddable":true,"href":"https:\/\/rmvapesale.com\/ro\/wp-json\/wp\/v2\/product_cat?post=1995"},{"taxonomy":"product_tag","embeddable":true,"href":"https:\/\/rmvapesale.com\/ro\/wp-json\/wp\/v2\/product_tag?post=1995"}],"curies":[{"name":"wp","href":"https:\/\/api.w.org\/{rel}","templated":true}]}}