{"id":2014,"date":"2024-09-18T06:36:53","date_gmt":"2024-09-18T06:36:53","guid":{"rendered":"https:\/\/rmvapesale.com\/?post_type=product&#038;p=2014"},"modified":"2025-01-20T03:55:22","modified_gmt":"2025-01-20T03:55:22","slug":"waspe-digital-box-12000-puffs-wholesale-disposable-vape","status":"publish","type":"product","link":"https:\/\/rmvapesale.com\/ro\/product\/waspe-digital-box-12000-puffs-wholesale-disposable-vape\/","title":{"rendered":"Cutie digital\u0103 Waspe 12000 Puffs Vapori de unic\u0103 folosin\u021b\u0103 en-gros"},"content":{"rendered":"<h1>Cutie digital\u0103 Waspe 12000 Puffs Vapori de unic\u0103 folosin\u021b\u0103 en-gros<\/h1>\n<p>Cutia Digital\u0103 Waspe 12000 Pufuri Vape de unic\u0103 folosin\u021b\u0103 se eviden\u021biaz\u0103 ca o alegere premium pe pia\u021ba vapes-urilor de unic\u0103 folosin\u021b\u0103, ideal pentru cei care caut\u0103 performan\u021b\u0103 de durat\u0103 f\u0103r\u0103 b\u0103t\u0103i de cap legate de \u00eentre\u021binere sau reumplere. Fiecare dispozitiv ofer\u0103 p\u00e2n\u0103 la 12.000 de pufuri, asigur\u00e2nd o comoditate \u0219i valoare excep\u021bionale. Aceast\u0103 Cutie Digital\u0103 Waspe 12000 ofer\u0103 10 arome din care s\u0103 alegi, permi\u021b\u00e2nd vaperilor s\u0103 exploreze o gam\u0103 diversificat\u0103 de arome \u00een timp ce se bucur\u0103 de durata extins\u0103 a fiec\u0103rui vape. Indiferent dac\u0103 e\u0219ti un vaper experimentat sau \u00eencep\u0103tor, Waspe 12000 este perfect pentru oricine apreciaz\u0103 portabilitatea \u0219i simplitatea. Contacteaz\u0103-ne pentru a ob\u021bine pre\u021b en gros pentru Cutia Digital\u0103 Waspe 12000 originale de fabric\u0103!<\/p>\n<p>&nbsp;<\/p>\n<p><strong>Contacta\u021bi-o pe Amy pentru a ob\u021bine un r\u0103spuns corect \u0219i mai multe videoclipuri cu produse!<\/strong><\/p>\n<figure id=\"attachment_1978\" aria-describedby=\"caption-attachment-1978\" style=\"width: 229px\" class=\"wp-caption alignnone\"><img loading=\"lazy\" decoding=\"async\" class=\"size-full wp-image-1978\" src=\"https:\/\/rmvapesale.com\/wp-content\/uploads\/2024\/09\/Disposable-Vape-Wholesale.jpg\" alt=\"\u021aig\u0103ri electronice de unic\u0103 folosin\u021b\u0103 en-gros\" width=\"229\" height=\"300\" \/><figcaption id=\"caption-attachment-1978\" class=\"wp-caption-text\">\u021aig\u0103ri electronice de unic\u0103 folosin\u021b\u0103 en-gros<\/figcaption><\/figure>\n<h3><span style=\"color: #ff0000\"><strong>WhatsApp: +86 17776015835<\/strong><\/span><\/h3>\n<p>&nbsp;<\/p>\n<h2><strong>\u00a0Caracteristici cheie ale Cutiei Digitale Waspe 12000 Pufuri<\/strong><\/h2>\n<p>Nicotin\u0103: 2%\/5%<br \/>\nPuff-uri: 12000<br \/>\nCapacitate: 20ml<br \/>\n10 arome disponibile<br \/>\nDisplay LCD<br \/>\nProtec\u021bie Type-C<br \/>\n650mah Re\u00eenc\u0103rcabil<\/p>\n<h2><strong>Cele mai bune arome pentru Cutia Digital\u0103 Waspe 12000<\/strong><\/h2>\n<p>Cutia Digital\u0103 Waspe 12000 Pufuri, cu 12 arome atent create, fiecare conceput\u0103 pentru a oferi o experien\u021b\u0103 de gust distinctiv\u0103 \u0219i satisf\u0103c\u0103toare, exist\u0103 ceva perfect pentru tine!<\/p>\n<p>1 pepene verde cu ghea\u021b\u0103<span style=\"color: #ff0000\"><strong>&gt;&gt;&gt;&gt;Fierbinte!<\/strong><\/span><br \/>\n2 albastru razz cu ghea\u021b\u0103<br \/>\n3 strugure cu ghea\u021b\u0103<br \/>\n4 c\u0103p\u0219uni cu pepene verde<br \/>\n5 fructe de p\u0103dure mixte<span style=\"color: #ff0000\"><strong>&gt;&gt;&gt;&gt;Fierbinte!<\/strong><\/span><br \/>\n6 gogo\u0219i cu c\u0103p\u0219uni<br \/>\n7 afine zmeur\u0103<span style=\"color: #ff0000\"><strong>&gt;&gt;&gt;&gt;Cel mai bun!<\/strong><\/span><br \/>\n8 C\u0103p\u0219uni zmeur\u0103 cire\u0219e<br \/>\n9 pepene verde mango piersic\u0103<br \/>\nSuc de pere cu vin ro\u0219u 10<\/p>\n<p><img loading=\"lazy\" decoding=\"async\" class=\"alignnone wp-image-2018 size-full\" src=\"https:\/\/rmvapesale.com\/wp-content\/uploads\/2024\/09\/WASPE-12000-Puffs-Digital-Box-Flavor.jpg\" alt=\"\" width=\"800\" height=\"800\" srcset=\"https:\/\/rmvapesale.com\/wp-content\/uploads\/2024\/09\/WASPE-12000-Puffs-Digital-Box-Flavor.jpg 800w, https:\/\/rmvapesale.com\/wp-content\/uploads\/2024\/09\/WASPE-12000-Puffs-Digital-Box-Flavor-300x300.jpg 300w, https:\/\/rmvapesale.com\/wp-content\/uploads\/2024\/09\/WASPE-12000-Puffs-Digital-Box-Flavor-150x150.jpg 150w, https:\/\/rmvapesale.com\/wp-content\/uploads\/2024\/09\/WASPE-12000-Puffs-Digital-Box-Flavor-768x768.jpg 768w, https:\/\/rmvapesale.com\/wp-content\/uploads\/2024\/09\/WASPE-12000-Puffs-Digital-Box-Flavor-600x600.jpg 600w, https:\/\/rmvapesale.com\/wp-content\/uploads\/2024\/09\/WASPE-12000-Puffs-Digital-Box-Flavor-100x100.jpg 100w\" sizes=\"auto, (max-width: 800px) 100vw, 800px\" \/><\/p>\n<h2><strong>\u00centreb\u0103ri pe care ai putea s\u0103 le ai despre Waspe 12K Digital Box<\/strong><\/h2>\n<p>&nbsp;<\/p>\n<p><strong>1. C\u00e2te pufuri pot a\u0219tepta de la \u021bigara electronic\u0103 de unic\u0103 folosin\u021b\u0103 Waspe 12K Digital Box?<\/strong><\/p>\n<p>Waspe 12K Digital Box ofer\u0103 p\u00e2n\u0103 la 12.000 de pufuri, fiind unul dintre cele mai durabile vape-uri de unic\u0103 folosin\u021b\u0103 disponibile.<\/p>\n<p><strong>2. Pot re\u00eenc\u0103rca Waspe 12K Digital Box?<\/strong><\/p>\n<p>Da, Waspe 12K Digital Box are o baterie re\u00eenc\u0103rcabil\u0103. Po\u021bi s\u0103 o \u00eencarci convenabil cu un cablu USB-C pentru a maximiza utilizarea sa.<\/p>\n<p><strong>3. Ce concentra\u021bie de nicotin\u0103 este disponibil\u0103 \u00een Waspe 12K Digital Box?<\/strong><\/p>\n<p>Waspe 12K Digital Box ofer\u0103 \u00een mod obi\u0219nuit 20mg \u0219i 50mg de lichid cu sare de nicotin\u0103, asigur\u00e2nd o experien\u021b\u0103 de vaping lin\u0103 \u0219i satisf\u0103c\u0103toare.<\/p>\n<p>&nbsp;<\/p>\n<h3><b>\u00centreb\u0103ri frecvente<\/b><\/h3>\n<p>&nbsp;<\/p>\n<div class=\"flex-shrink-0 flex flex-col relative items-end\">\n<div>\n<div class=\"pt-0\">\n<div class=\"gizmo-bot-avatar flex h-8 w-8 items-center justify-center overflow-hidden rounded-full\">\n<div class=\"relative p-1 rounded-sm flex items-center justify-center bg-token-main-surface-primary text-token-text-primary h-8 w-8\"><strong>Ce metode de livrare sunt folosite?<\/strong><\/div>\n<\/div>\n<\/div>\n<\/div>\n<\/div>\n<div class=\"group\/conversation-turn relative flex w-full min-w-0 flex-col agent-turn\">\n<div class=\"flex-col gap-1 md:gap-3\">\n<div class=\"flex max-w-full flex-col flex-grow\">\n<div class=\"min-h-[20px] text-message flex w-full flex-col items-end gap-2 whitespace-normal break-words [.text-message+&amp;]:mt-5 overflow-x-auto\" dir=\"auto\" data-message-author-role=\"assistant\" data-message-id=\"22f8283b-3233-46ff-89a5-c7a41b33abda\">\n<div class=\"flex w-full flex-col gap-1 empty:hidden first:pt-[3px]\">\n<div class=\"markdown prose w-full break-words dark:prose-invert light\">\n<p>Colabor\u0103m cu UPS, DHL, FedEx, DPD \u0219i al\u021bi transportatori de top. Vom selecta cea mai bun\u0103 metod\u0103 de expediere \u00een func\u021bie de loca\u021bia dvs. de livrare pentru a ne asigura c\u0103 ve\u021bi primi produsele c\u00e2t mai repede posibil.<\/p>\n<\/div>\n<p><strong>Cat dureaza pana ajunge comanda?<\/strong><\/p>\n<p>Pachetele expediate \u00een Rom\u00e2nia ajung de obicei \u00een 10 zile lucr\u0103toare. Livrarea \u00een \u021b\u0103rile europene dureaz\u0103, \u00een general, aproximativ 12-15 zile lucr\u0103toare. V\u0103 vom oferi actualiz\u0103ri \u00een timp real cu privire la starea expedierii dumneavoastr\u0103.<\/p>\n<\/div>\n<p><strong>Garan\u021bie<\/strong><\/p>\n<p>Toate produsele din magazinul nostru sunt garantate a fi 100% originale \u0219i autentice. Oferim o compensa\u021bie de 10 ori pentru produsele contraf\u0103cute!<\/p>\n<div class=\"flex w-full flex-col gap-1 empty:hidden first:pt-[3px]\">\n<p>&nbsp;<\/p>\n<\/div>\n<\/div>\n<\/div>\n<\/div>\n<\/div>\n<p>G\u0103si\u021bi mai multe produse de vapat care v-ar putea pl\u0103cea:<strong><em><a href=\"https:\/\/rmvapesale.com\/ro\/shop-2\/\">cump\u0103r\u0103 acum &gt;&gt;&gt;<\/a><\/em><\/strong><\/p>\n<p>alte produse de vapat populare care v-ar putea pl\u0103cea:<\/p>\n<p><strong><a href=\"https:\/\/rmvapesale.com\/ro\/product\/bang-digital-box-15000-puffs-original-factory-wholesale\/\">Bang Digital Box 15000 Puffs<\/a><\/strong><\/p>\n<p><a href=\"https:\/\/rmvapesale.com\/ro\/product\/waspe-tornado-15000-puffs-original-factory-price\/\"><strong>Waspe Tornado 15000 pufuri<\/strong><\/a><\/p>\n<p><a href=\"https:\/\/rmvapesale.com\/ro\/product\/randm-tornado-15000-puffs-vape-wholesale\/\"><strong>RandM Tornado 15000 Puffs<\/strong><\/a><\/p>\n<p>&nbsp;<\/p>","protected":false},"excerpt":{"rendered":"<p>Cutie Digital\u0103 Waspe 12000 Pufuri Edition Original\u0103 Vape de unic\u0103 folosin\u021b\u0103<\/p>\n<p>Cutie Digital\u0103 Waspe en gros 12k Pufuri Original\u0103<\/p>\n<p>Cutie Digital\u0103 WASPE 12000 PUFURI 2% 5% Nicotin\u0103<\/p>\n<p><strong>Contacta\u021bi-o pe Amy pentru mai multe reduceri \u0219i un MOQ mai mic pentru Vape<\/strong><\/p>\n<p><img loading=\"lazy\" decoding=\"async\" class=\"size-full wp-image-1978\" src=\"https:\/\/rmvapesale.com\/wp-content\/uploads\/2024\/09\/Disposable-Vape-Wholesale.jpg\" alt=\"\u021aig\u0103ri electronice de unic\u0103 folosin\u021b\u0103 en-gros\" width=\"229\" height=\"300\" \/><\/p>\n<h3><span style=\"color: #ff0000\"><strong>WhatsApp: +86 17776015835<\/strong><\/span><\/h3>","protected":false},"featured_media":2016,"comment_status":"open","ping_status":"closed","template":"","meta":{"_uag_custom_page_level_css":"","_lmt_disableupdate":"no","_lmt_disable":"","site-sidebar-layout":"default","site-content-layout":"content-boxed-container","ast-site-content-layout":"normal-width-container","site-content-style":"boxed","site-sidebar-style":"unboxed","ast-global-header-display":"","ast-banner-title-visibility":"","ast-main-header-display":"","ast-hfb-above-header-display":"","ast-hfb-below-header-display":"","ast-hfb-mobile-header-display":"","site-post-title":"","ast-breadcrumbs-content":"","ast-featured-img":"","footer-sml-layout":"","theme-transparent-header-meta":"default","adv-header-id-meta":"","stick-header-meta":"","header-above-stick-meta":"","header-main-stick-meta":"","header-below-stick-meta":"","astra-migrate-meta-layouts":"set","ast-page-background-enabled":"default","ast-page-background-meta":{"desktop":{"background-color":"var(--ast-global-color-4)","background-image":"","background-repeat":"repeat","background-position":"center center","background-size":"auto","background-attachment":"scroll","background-type":"","background-media":"","overlay-type":"","overlay-color":"","overlay-opacity":"","overlay-gradient":""},"tablet":{"background-color":"","background-image":"","background-repeat":"repeat","background-position":"center center","background-size":"auto","background-attachment":"scroll","background-type":"","background-media":"","overlay-type":"","overlay-color":"","overlay-opacity":"","overlay-gradient":""},"mobile":{"background-color":"","background-image":"","background-repeat":"repeat","background-position":"center center","background-size":"auto","background-attachment":"scroll","background-type":"","background-media":"","overlay-type":"","overlay-color":"","overlay-opacity":"","overlay-gradient":""}},"ast-content-background-meta":{"desktop":{"background-color":"var(--ast-global-color-5)","background-image":"","background-repeat":"repeat","background-position":"center center","background-size":"auto","background-attachment":"scroll","background-type":"","background-media":"","overlay-type":"","overlay-color":"","overlay-opacity":"","overlay-gradient":""},"tablet":{"background-color":"var(--ast-global-color-5)","background-image":"","background-repeat":"repeat","background-position":"center center","background-size":"auto","background-attachment":"scroll","background-type":"","background-media":"","overlay-type":"","overlay-color":"","overlay-opacity":"","overlay-gradient":""},"mobile":{"background-color":"var(--ast-global-color-5)","background-image":"","background-repeat":"repeat","background-position":"center center","background-size":"auto","background-attachment":"scroll","background-type":"","background-media":"","overlay-type":"","overlay-color":"","overlay-opacity":"","overlay-gradient":""}},"_joinchat":[]},"product_brand":[],"product_cat":[15,292,293,295,299,274,254,25,123,26,28,135,27,137,136,30],"product_tag":[56,57,58,40,37],"class_list":{"0":"post-2014","1":"product","2":"type-product","3":"status-publish","4":"has-post-thumbnail","6":"product_cat-new-vape-this-week","7":"product_cat-digital-disposable-vapes","8":"product_cat-low-nicotine-disposable-vapes","9":"product_cat-rechargeable-disposable-vapes","10":"product_cat-smart-screen-disposable-vapes","11":"product_cat-waspe-fihp-vape","12":"product_cat-12000-puff-disposable-vape","13":"product_cat-germany-best-selling-vape","14":"product_cat-italy-wholesale-vape","15":"product_cat-netherlands-hot-sale-vape","16":"product_cat-poland-hot-sale-vape","17":"product_cat-spain-best-hot-sale-vape","18":"product_cat-fance-hot-sale-vape","19":"product_cat-rechargeable-vapes","20":"product_cat-smart-screen-vapes","21":"product_cat-minimum-order-quantity-50pcs","22":"product_tag-disposable-vape-wholesale-near-me","23":"product_tag-disposable-vape-wholesale-supplier","24":"product_tag-electric-cigarettes","25":"product_tag-hot-sale-vape","26":"product_tag-wholesale-vape-price","27":"desktop-align-left","28":"tablet-align-left","29":"mobile-align-left","31":"first","32":"instock","33":"sale","34":"shipping-taxable","35":"purchasable","36":"product-type-simple"},"uagb_featured_image_src":{"full":["https:\/\/rmvapesale.com\/wp-content\/uploads\/2024\/09\/Original-Waspe-Digital-Box-12000-Puffs.png",800,800,false],"thumbnail":["https:\/\/rmvapesale.com\/wp-content\/uploads\/2024\/09\/Original-Waspe-Digital-Box-12000-Puffs-150x150.png",150,150,true],"medium":["https:\/\/rmvapesale.com\/wp-content\/uploads\/2024\/09\/Original-Waspe-Digital-Box-12000-Puffs-300x300.png",300,300,true],"medium_large":["https:\/\/rmvapesale.com\/wp-content\/uploads\/2024\/09\/Original-Waspe-Digital-Box-12000-Puffs-768x768.png",768,768,true],"large":["https:\/\/rmvapesale.com\/wp-content\/uploads\/2024\/09\/Original-Waspe-Digital-Box-12000-Puffs.png",800,800,false],"1536x1536":["https:\/\/rmvapesale.com\/wp-content\/uploads\/2024\/09\/Original-Waspe-Digital-Box-12000-Puffs.png",800,800,false],"2048x2048":["https:\/\/rmvapesale.com\/wp-content\/uploads\/2024\/09\/Original-Waspe-Digital-Box-12000-Puffs.png",800,800,false],"trp-custom-language-flag":["https:\/\/rmvapesale.com\/wp-content\/uploads\/2024\/09\/Original-Waspe-Digital-Box-12000-Puffs.png",12,12,false],"woocommerce_thumbnail":["https:\/\/rmvapesale.com\/wp-content\/uploads\/2024\/09\/Original-Waspe-Digital-Box-12000-Puffs-300x300.png",300,300,true],"woocommerce_single":["https:\/\/rmvapesale.com\/wp-content\/uploads\/2024\/09\/Original-Waspe-Digital-Box-12000-Puffs-600x600.png",600,600,true],"woocommerce_gallery_thumbnail":["https:\/\/rmvapesale.com\/wp-content\/uploads\/2024\/09\/Original-Waspe-Digital-Box-12000-Puffs-100x100.png",100,100,true],"wcpr-photo-reviews":["https:\/\/rmvapesale.com\/wp-content\/uploads\/2024\/09\/Original-Waspe-Digital-Box-12000-Puffs.png",500,500,false]},"uagb_author_info":{"display_name":"AMY","author_link":"https:\/\/rmvapesale.com\/ro\/author\/"},"uagb_comment_info":0,"uagb_excerpt":"WASPE Digital Box 12000 Puffs Original Edition Disposable Vape Original Wholesale Waspe 12k Puffs Digital Box WASPE 12000 PUFFS Digital Box 2% 5% Nicotine Contact Amy For More Discount And Lower MOQ Vape WhatsApp: +86 17776015835","_links":{"self":[{"href":"https:\/\/rmvapesale.com\/ro\/wp-json\/wp\/v2\/product\/2014","targetHints":{"allow":["GET"]}}],"collection":[{"href":"https:\/\/rmvapesale.com\/ro\/wp-json\/wp\/v2\/product"}],"about":[{"href":"https:\/\/rmvapesale.com\/ro\/wp-json\/wp\/v2\/types\/product"}],"replies":[{"embeddable":true,"href":"https:\/\/rmvapesale.com\/ro\/wp-json\/wp\/v2\/comments?post=2014"}],"wp:featuredmedia":[{"embeddable":true,"href":"https:\/\/rmvapesale.com\/ro\/wp-json\/wp\/v2\/media\/2016"}],"wp:attachment":[{"href":"https:\/\/rmvapesale.com\/ro\/wp-json\/wp\/v2\/media?parent=2014"}],"wp:term":[{"taxonomy":"product_brand","embeddable":true,"href":"https:\/\/rmvapesale.com\/ro\/wp-json\/wp\/v2\/product_brand?post=2014"},{"taxonomy":"product_cat","embeddable":true,"href":"https:\/\/rmvapesale.com\/ro\/wp-json\/wp\/v2\/product_cat?post=2014"},{"taxonomy":"product_tag","embeddable":true,"href":"https:\/\/rmvapesale.com\/ro\/wp-json\/wp\/v2\/product_tag?post=2014"}],"curies":[{"name":"wp","href":"https:\/\/api.w.org\/{rel}","templated":true}]}}