{"id":2027,"date":"2024-09-18T08:38:31","date_gmt":"2024-09-18T08:38:31","guid":{"rendered":"https:\/\/rmvapesale.com\/?post_type=product&#038;p=2027"},"modified":"2025-01-20T03:57:17","modified_gmt":"2025-01-20T03:57:17","slug":"waspe-12000-puffs-disposable-vape-pen","status":"publish","type":"product","link":"https:\/\/rmvapesale.com\/ro\/product\/waspe-12000-puffs-disposable-vape-pen\/","title":{"rendered":"Tigara Electronica de unica folosinta Waspe 12000 Puffs"},"content":{"rendered":"<h1>Tigara Electronica de unica folosinta Waspe 12000 Puffs<\/h1>\n<p>V\u0103 prezent\u0103m vapa de unic\u0103 folosin\u021b\u0103 WASPE 12000 Puffs\u2014companionul dumneavoastr\u0103 suprem pentru o experien\u021b\u0103 de vapat plin\u0103 de savoare! Aceast\u0103 \u021bigar\u0103 electronic\u0103 u\u0219oar\u0103 \u0219i vibrant\u0103 combin\u0103 siguran\u021ba cu performan\u021ba, av\u00e2nd o capacitate generoas\u0103 de 20ml pentru p\u00e2n\u0103 la 12.000 de pufuri. Conceput\u0103 pentru \u00eencep\u0103tori, func\u021bia sa de tragere automat\u0103 asigur\u0103 o utilizare u\u0219oar\u0103, \u00een timp ce rezisten\u021bele mesh ofer\u0103 o tragere MTL excep\u021bional\u0103. \u00cen plus, portul de \u00eenc\u0103rcare convenabil de tip Type-C v\u0103 men\u021bine alimentat. Cu designul s\u0103u atr\u0103g\u0103tor cu lumin\u0103 RGB, aceast\u0103 vap\u0103 portabil\u0103 nu este doar un dispozitiv; este un accesoriu elegant pentru orice ocazie.<\/p>\n<p>P\u0103trunde\u021bi \u00een lumea vapatului cu vapa de unic\u0103 folosin\u021b\u0103 Waspe 12000 Puffs!<\/p>\n<p>&nbsp;<\/p>\n<p><strong>Contacta\u021bi-o pe Amy pentru a ob\u021bine un r\u0103spuns corect \u0219i mai multe videoclipuri cu produse!<\/strong><\/p>\n<p><img loading=\"lazy\" decoding=\"async\" class=\"size-full wp-image-1978\" src=\"https:\/\/rmvapesale.com\/wp-content\/uploads\/2024\/09\/Disposable-Vape-Wholesale.jpg\" alt=\"\u021aig\u0103ri electronice de unic\u0103 folosin\u021b\u0103 en-gros\" width=\"229\" height=\"300\" \/><\/p>\n<h3><span style=\"color: #ff0000\"><strong>WhatsApp: +86 17776015835<\/strong><\/span><\/h3>\n<p>&nbsp;<\/p>\n<h2><strong> Caracteristici cheie ale vaperului Waspe 12000 Puffs<\/strong><\/h2>\n<p>&nbsp;<\/p>\n<p>Nicotin\u0103: 2% 5%<br \/>\nPufuri: 12000<br \/>\nCapacitate: 20ml<br \/>\n15 arome disponibile<br \/>\nPort Type-C Lumini colorate cool \u00een partea de jos<br \/>\n650mah Re\u00eenc\u0103rcabil<br \/>\nRezisten\u021b\u0103 Mesh 0.8\u03a9<\/p>\n<figure id=\"attachment_2021\" aria-describedby=\"caption-attachment-2021\" style=\"width: 800px\" class=\"wp-caption alignnone\"><img loading=\"lazy\" decoding=\"async\" class=\"wp-image-2021 size-full\" src=\"https:\/\/rmvapesale.com\/wp-content\/uploads\/2024\/09\/WASPE-12000-Disposable-Vape.png\" alt=\"Vap\u0103 de unic\u0103 folosin\u021b\u0103 WASPE 12000\" width=\"800\" height=\"800\" srcset=\"https:\/\/rmvapesale.com\/wp-content\/uploads\/2024\/09\/WASPE-12000-Disposable-Vape.png 800w, https:\/\/rmvapesale.com\/wp-content\/uploads\/2024\/09\/WASPE-12000-Disposable-Vape-300x300.png 300w, https:\/\/rmvapesale.com\/wp-content\/uploads\/2024\/09\/WASPE-12000-Disposable-Vape-150x150.png 150w, https:\/\/rmvapesale.com\/wp-content\/uploads\/2024\/09\/WASPE-12000-Disposable-Vape-768x768.png 768w, https:\/\/rmvapesale.com\/wp-content\/uploads\/2024\/09\/WASPE-12000-Disposable-Vape-600x600.png 600w, https:\/\/rmvapesale.com\/wp-content\/uploads\/2024\/09\/WASPE-12000-Disposable-Vape-100x100.png 100w\" sizes=\"auto, (max-width: 800px) 100vw, 800px\" \/><figcaption id=\"caption-attachment-2021\" class=\"wp-caption-text\">Vap\u0103 de unic\u0103 folosin\u021b\u0103 WASPE 12000<\/figcaption><\/figure>\n<h2><strong>Cea mai bun\u0103 arom\u0103 pentru vapa Waspe 12000 Puffs<\/strong><\/h2>\n<p>Vapa de unic\u0103 folosin\u021b\u0103 Waspe 12000 Puffs se m\u00e2ndre\u0219te cu 15 arome create cu m\u0103iestrie, fiecare conceput\u0103 pentru a oferi o experien\u021b\u0103 de vapat distinctiv\u0103 \u0219i satisf\u0103c\u0103toare, exist\u0103 ceva perfect pentru dumneavoastr\u0103!<\/p>\n<p>1. ghea\u021b\u0103 de pepene ro\u0219u<span style=\"color: #ff0000\"><strong>&gt;&gt;&gt;&gt;Fierbinte!<\/strong><\/span><br \/>\n2. afine cu ghea\u021b\u0103<br \/>\n3. ghea\u021b\u0103 de mango<br \/>\n4. ghea\u021b\u0103 de struguri<br \/>\n5. fructe de p\u0103dure amestecate<span style=\"color: #ff0000\"><strong>&gt;&gt;&gt;&gt;Fierbinte!<\/strong><\/span><br \/>\n6. c\u0103p\u0219uni pepene ro\u0219u<br \/>\n7. c\u0103p\u0219uni mango<br \/>\n8. c\u0103p\u0219uni kimi<br \/>\n9. ment\u0103 r\u0103coroas\u0103<span style=\"color: #ff0000\"><strong>&gt;&gt;&gt;&gt;Fierbinte!<\/strong><\/span><br \/>\n10. afine zmeur\u0103<br \/>\n11. kiwi fructul pasiunii guava<br \/>\n12. kiwi lime<br \/>\n13. piersic\u0103 zemoas\u0103 ananas<br \/>\n14. c\u0103p\u0219uni zmeur\u0103 cire\u0219e <span style=\"color: #ff0000\"><strong>&gt;&gt;&gt;&gt;Cel mai bun!<\/strong><\/span><br \/>\n15. limonad\u0103 cu c\u0103p\u0219uni pitaya<\/p>\n<p>&nbsp;<\/p>\n<h2><strong>\u00centreb\u0103ri pe care s-ar putea s\u0103 le ai despre Waspe 12000 Puffs<\/strong><\/h2>\n<p>&nbsp;<\/p>\n<p><strong>1. C\u00e2te pufuri pot a\u0219tepta de la Waspe 12000 Puffs?<\/strong><\/p>\n<p>\u021aigara electronic\u0103 Waspe 12000 Puffs ofer\u0103 p\u00e2n\u0103 la 12.000 de pufuri, fiind una dintre cele mai rezistente \u021big\u0103ri electronice de unic\u0103 folosin\u021b\u0103 disponibile.<\/p>\n<p><strong>2. Pot re\u00eenc\u0103rca Waspe 12000 Puffs?<\/strong><\/p>\n<p>Da, \u021bigara electronic\u0103 de unic\u0103 folosin\u021b\u0103 Waspe 12000 Puffs are o baterie re\u00eenc\u0103rcabil\u0103. O po\u021bi \u00eenc\u0103rca convenabil cu un cablu USB-C pentru a-i maximiza utilizarea.<\/p>\n<p><strong>3. Cum se \u00eencarc\u0103 Waspe 12000 Puffs?<\/strong><br \/>\nPentru a-\u021bi \u00eenc\u0103rca WASPE 12000 Puffs, pur \u0219i simplu conecteaz\u0103 cablul de \u00eenc\u0103rcare la dispozitiv \u0219i conecteaz\u0103-l la o surs\u0103 de alimentare. Pentru o performan\u021b\u0103 optim\u0103, asigur\u0103-te c\u0103 dispozitivul este complet \u00eenc\u0103rcat \u00eenainte de utilizare.<\/p>\n<p>&nbsp;<\/p>\n<h3><b>\u00centreb\u0103ri frecvente<\/b><\/h3>\n<p>&nbsp;<\/p>\n<div class=\"flex-shrink-0 flex flex-col relative items-end\">\n<div>\n<div class=\"pt-0\">\n<div class=\"gizmo-bot-avatar flex h-8 w-8 items-center justify-center overflow-hidden rounded-full\">\n<div class=\"relative p-1 rounded-sm flex items-center justify-center bg-token-main-surface-primary text-token-text-primary h-8 w-8\"><strong>Ce metode de livrare sunt folosite?<\/strong><\/div>\n<\/div>\n<\/div>\n<\/div>\n<\/div>\n<div class=\"group\/conversation-turn relative flex w-full min-w-0 flex-col agent-turn\">\n<div class=\"flex-col gap-1 md:gap-3\">\n<div class=\"flex max-w-full flex-col flex-grow\">\n<div class=\"min-h-[20px] text-message flex w-full flex-col items-end gap-2 whitespace-normal break-words [.text-message+&amp;]:mt-5 overflow-x-auto\" dir=\"auto\" data-message-author-role=\"assistant\" data-message-id=\"22f8283b-3233-46ff-89a5-c7a41b33abda\">\n<div class=\"flex w-full flex-col gap-1 empty:hidden first:pt-[3px]\">\n<div class=\"markdown prose w-full break-words dark:prose-invert light\">\n<p>Colabor\u0103m cu UPS, DHL, FedEx, DPD \u0219i al\u021bi transportatori de top. Vom selecta cea mai bun\u0103 metod\u0103 de expediere \u00een func\u021bie de loca\u021bia dvs. de livrare pentru a ne asigura c\u0103 ve\u021bi primi produsele c\u00e2t mai repede posibil.<\/p>\n<\/div>\n<p><strong>Cat dureaza pana ajunge comanda?<\/strong><\/p>\n<p>Pachetele expediate \u00een Rom\u00e2nia ajung de obicei \u00een 10 zile lucr\u0103toare. Livrarea \u00een \u021b\u0103rile europene dureaz\u0103, \u00een general, aproximativ 12-15 zile lucr\u0103toare. V\u0103 vom oferi actualiz\u0103ri \u00een timp real cu privire la starea expedierii dumneavoastr\u0103.<\/p>\n<\/div>\n<p><strong>Garan\u021bie<\/strong><\/p>\n<p>Toate produsele din magazinul nostru sunt garantate a fi 100% originale \u0219i autentice. Oferim o compensa\u021bie de 10 ori pentru produsele contraf\u0103cute!<\/p>\n<div class=\"flex w-full flex-col gap-1 empty:hidden first:pt-[3px]\">\n<p>&nbsp;<\/p>\n<\/div>\n<\/div>\n<\/div>\n<\/div>\n<\/div>\n<p>G\u0103si\u021bi mai multe produse de vapat care v-ar putea pl\u0103cea:<strong><em><a href=\"https:\/\/rmvapesale.com\/ro\/shop-2\/\">cump\u0103r\u0103 acum &gt;&gt;&gt;<\/a><\/em><\/strong><\/p>\n<p>alte produse de vapat populare care v-ar putea pl\u0103cea:<\/p>\n<p><strong><a href=\"https:\/\/rmvapesale.com\/ro\/product\/bang-digital-box-15000-puffs-original-factory-wholesale\/\">Bang Digital Box 15000 Puffs<\/a><\/strong><\/p>\n<p><a href=\"https:\/\/rmvapesale.com\/ro\/product\/waspe-tornado-15000-puffs-original-factory-price\/\"><strong>Waspe Tornado 15000 pufuri<\/strong><\/a><\/p>\n<p><a href=\"https:\/\/rmvapesale.com\/ro\/product\/randm-tornado-15000-puffs-vape-wholesale\/\"><strong>RandM Tornado 15000 Puffs<\/strong><\/a><\/p>\n<p><a href=\"https:\/\/rmvapesale.com\/ro\/product\/waspe-digital-box-12000-puffs-wholesale-disposable-vape\/\"><strong>WASPE Digital Box 12000 Pufuri<\/strong><\/a><\/p>\n<p>&nbsp;<\/p>","protected":false},"excerpt":{"rendered":"<p>Kit \u021aigar\u0103 Electronic\u0103 de Unic\u0103 Folosin\u021b\u0103 WASPE 12000 Puffs<br \/>\nVap\u0103 de unic\u0103 folosin\u021b\u0103 Waspe 12000 12K Puffs Vaping MTL<br \/>\nVap\u0103 de unic\u0103 folosin\u021b\u0103 WASPE 12000 Cel mai mic pre\u021b<\/p>\n<p><strong>Contacta\u021bi-o pe Amy pentru mai multe reduceri \u0219i un MOQ mai mic pentru Vape<\/strong><\/p>\n<p><img loading=\"lazy\" decoding=\"async\" class=\"size-full wp-image-1978\" src=\"https:\/\/rmvapesale.com\/wp-content\/uploads\/2024\/09\/Disposable-Vape-Wholesale.jpg\" alt=\"\u021aig\u0103ri electronice de unic\u0103 folosin\u021b\u0103 en-gros\" width=\"229\" height=\"300\" \/><\/p>\n<h3><span style=\"color: #ff0000\"><strong>WhatsApp: +86 17776015835<\/strong><\/span><\/h3>","protected":false},"featured_media":2028,"comment_status":"open","ping_status":"closed","template":"","meta":{"_uag_custom_page_level_css":"","_lmt_disableupdate":"no","_lmt_disable":"","site-sidebar-layout":"default","site-content-layout":"content-boxed-container","ast-site-content-layout":"normal-width-container","site-content-style":"boxed","site-sidebar-style":"unboxed","ast-global-header-display":"","ast-banner-title-visibility":"","ast-main-header-display":"","ast-hfb-above-header-display":"","ast-hfb-below-header-display":"","ast-hfb-mobile-header-display":"","site-post-title":"","ast-breadcrumbs-content":"","ast-featured-img":"","footer-sml-layout":"","theme-transparent-header-meta":"default","adv-header-id-meta":"","stick-header-meta":"","header-above-stick-meta":"","header-main-stick-meta":"","header-below-stick-meta":"","astra-migrate-meta-layouts":"set","ast-page-background-enabled":"default","ast-page-background-meta":{"desktop":{"background-color":"var(--ast-global-color-4)","background-image":"","background-repeat":"repeat","background-position":"center center","background-size":"auto","background-attachment":"scroll","background-type":"","background-media":"","overlay-type":"","overlay-color":"","overlay-opacity":"","overlay-gradient":""},"tablet":{"background-color":"","background-image":"","background-repeat":"repeat","background-position":"center center","background-size":"auto","background-attachment":"scroll","background-type":"","background-media":"","overlay-type":"","overlay-color":"","overlay-opacity":"","overlay-gradient":""},"mobile":{"background-color":"","background-image":"","background-repeat":"repeat","background-position":"center center","background-size":"auto","background-attachment":"scroll","background-type":"","background-media":"","overlay-type":"","overlay-color":"","overlay-opacity":"","overlay-gradient":""}},"ast-content-background-meta":{"desktop":{"background-color":"var(--ast-global-color-5)","background-image":"","background-repeat":"repeat","background-position":"center center","background-size":"auto","background-attachment":"scroll","background-type":"","background-media":"","overlay-type":"","overlay-color":"","overlay-opacity":"","overlay-gradient":""},"tablet":{"background-color":"var(--ast-global-color-5)","background-image":"","background-repeat":"repeat","background-position":"center center","background-size":"auto","background-attachment":"scroll","background-type":"","background-media":"","overlay-type":"","overlay-color":"","overlay-opacity":"","overlay-gradient":""},"mobile":{"background-color":"var(--ast-global-color-5)","background-image":"","background-repeat":"repeat","background-position":"center center","background-size":"auto","background-attachment":"scroll","background-type":"","background-media":"","overlay-type":"","overlay-color":"","overlay-opacity":"","overlay-gradient":""}},"_joinchat":[]},"product_brand":[],"product_cat":[15,291,293,295,274,254,25,123,26,28,135,27,137,136,30],"product_tag":[45,57,58,37],"class_list":{"0":"post-2027","1":"product","2":"type-product","3":"status-publish","4":"has-post-thumbnail","6":"product_cat-new-vape-this-week","7":"product_cat-dual-mesh-disposable-vapes","8":"product_cat-low-nicotine-disposable-vapes","9":"product_cat-rechargeable-disposable-vapes","10":"product_cat-waspe-fihp-vape","11":"product_cat-12000-puff-disposable-vape","12":"product_cat-germany-best-selling-vape","13":"product_cat-italy-wholesale-vape","14":"product_cat-netherlands-hot-sale-vape","15":"product_cat-poland-hot-sale-vape","16":"product_cat-spain-best-hot-sale-vape","17":"product_cat-fance-hot-sale-vape","18":"product_cat-rechargeable-vapes","19":"product_cat-smart-screen-vapes","20":"product_cat-minimum-order-quantity-50pcs","21":"product_tag-12k-vape-puff-12000","22":"product_tag-disposable-vape-wholesale-supplier","23":"product_tag-electric-cigarettes","24":"product_tag-wholesale-vape-price","25":"desktop-align-left","26":"tablet-align-left","27":"mobile-align-left","29":"first","30":"instock","31":"sale","32":"shipping-taxable","33":"purchasable","34":"product-type-simple"},"uagb_featured_image_src":{"full":["https:\/\/rmvapesale.com\/wp-content\/uploads\/2024\/09\/WASPE-12000-PUFFS.jpg",800,800,false],"thumbnail":["https:\/\/rmvapesale.com\/wp-content\/uploads\/2024\/09\/WASPE-12000-PUFFS-150x150.jpg",150,150,true],"medium":["https:\/\/rmvapesale.com\/wp-content\/uploads\/2024\/09\/WASPE-12000-PUFFS-300x300.jpg",300,300,true],"medium_large":["https:\/\/rmvapesale.com\/wp-content\/uploads\/2024\/09\/WASPE-12000-PUFFS-768x768.jpg",768,768,true],"large":["https:\/\/rmvapesale.com\/wp-content\/uploads\/2024\/09\/WASPE-12000-PUFFS.jpg",800,800,false],"1536x1536":["https:\/\/rmvapesale.com\/wp-content\/uploads\/2024\/09\/WASPE-12000-PUFFS.jpg",800,800,false],"2048x2048":["https:\/\/rmvapesale.com\/wp-content\/uploads\/2024\/09\/WASPE-12000-PUFFS.jpg",800,800,false],"trp-custom-language-flag":["https:\/\/rmvapesale.com\/wp-content\/uploads\/2024\/09\/WASPE-12000-PUFFS.jpg",12,12,false],"woocommerce_thumbnail":["https:\/\/rmvapesale.com\/wp-content\/uploads\/2024\/09\/WASPE-12000-PUFFS-300x300.jpg",300,300,true],"woocommerce_single":["https:\/\/rmvapesale.com\/wp-content\/uploads\/2024\/09\/WASPE-12000-PUFFS-600x600.jpg",600,600,true],"woocommerce_gallery_thumbnail":["https:\/\/rmvapesale.com\/wp-content\/uploads\/2024\/09\/WASPE-12000-PUFFS-100x100.jpg",100,100,true],"wcpr-photo-reviews":["https:\/\/rmvapesale.com\/wp-content\/uploads\/2024\/09\/WASPE-12000-PUFFS.jpg",500,500,false]},"uagb_author_info":{"display_name":"AMY","author_link":"https:\/\/rmvapesale.com\/ro\/author\/"},"uagb_comment_info":0,"uagb_excerpt":"WASPE 12000 Puffs Disposable Electronic Cigarette Kit Waspe 12000 12K Puffs Disposable Vape MTL Vaping WASPE 12000 Disposable Vape Cheapest Price Contact Amy For More Discount And Lower MOQ Vape WhatsApp: +86 17776015835","_links":{"self":[{"href":"https:\/\/rmvapesale.com\/ro\/wp-json\/wp\/v2\/product\/2027","targetHints":{"allow":["GET"]}}],"collection":[{"href":"https:\/\/rmvapesale.com\/ro\/wp-json\/wp\/v2\/product"}],"about":[{"href":"https:\/\/rmvapesale.com\/ro\/wp-json\/wp\/v2\/types\/product"}],"replies":[{"embeddable":true,"href":"https:\/\/rmvapesale.com\/ro\/wp-json\/wp\/v2\/comments?post=2027"}],"wp:featuredmedia":[{"embeddable":true,"href":"https:\/\/rmvapesale.com\/ro\/wp-json\/wp\/v2\/media\/2028"}],"wp:attachment":[{"href":"https:\/\/rmvapesale.com\/ro\/wp-json\/wp\/v2\/media?parent=2027"}],"wp:term":[{"taxonomy":"product_brand","embeddable":true,"href":"https:\/\/rmvapesale.com\/ro\/wp-json\/wp\/v2\/product_brand?post=2027"},{"taxonomy":"product_cat","embeddable":true,"href":"https:\/\/rmvapesale.com\/ro\/wp-json\/wp\/v2\/product_cat?post=2027"},{"taxonomy":"product_tag","embeddable":true,"href":"https:\/\/rmvapesale.com\/ro\/wp-json\/wp\/v2\/product_tag?post=2027"}],"curies":[{"name":"wp","href":"https:\/\/api.w.org\/{rel}","templated":true}]}}