{"id":2054,"date":"2024-09-20T02:34:42","date_gmt":"2024-09-20T02:34:42","guid":{"rendered":"https:\/\/rmvapesale.com\/?post_type=product&#038;p=2054"},"modified":"2025-01-21T09:14:46","modified_gmt":"2025-01-21T09:14:46","slug":"wga-crystal-plus-smart-16000-disposable-vape","status":"publish","type":"product","link":"https:\/\/rmvapesale.com\/ro\/product\/wga-crystal-plus-smart-16000-disposable-vape\/","title":{"rendered":"WGA Crystal Plus Smart 16000 Vape de unic\u0103 folosin\u021b\u0103"},"content":{"rendered":"<h3 class=\"LC20lb MBeuO DKV0Md\">WGA Crystal Plus Smart 16000 Vape de unic\u0103 folosin\u021b\u0103<\/h3>\n<p>Eleva\u021bi experien\u021ba de vaping cu WGA Crystal Plus Smart 16000 Vape de unic\u0103 folosin\u021b\u0103 Pod, acum disponibil. Conceput pentru vaperii exigen\u021bi, acest dispozitiv inovator ofer\u0103 impresionantul num\u0103r de 16.000 de pufuri de satisfac\u021bie ne\u00eentrerupt\u0103.<\/p>\n<p>Ce diferen\u021biaz\u0103 Crystal Plus Smart pe o pia\u021b\u0103 aglomerat\u0103 este combina\u021bia sa de tehnologie avansat\u0103 \u0219i design elegant. Dotat cu un sistem de bobin\u0103 din plas\u0103 de ultim\u0103 genera\u021bie, ofer\u0103 vapori netezi \u0219i consisten\u021bi la fiecare puf. Bucura\u021bi-v\u0103 de arome bogate \u0219i nori densi, datorit\u0103 fluxului de aer optimizat \u0219i tehnologiei superioare a bobinei.<\/p>\n<p>Preumplut cu e-lichid premium, Crystal Plus Smart ofer\u0103 o gam\u0103 extins\u0103 de arome delicioase pentru a satisface orice gust\u2014fie c\u0103 prefera\u021bi fructe, mentol sau deserturi, exist\u0103 ceva pentru fiecare.<\/p>\n<p>\u00cembr\u0103\u021bi\u0219a\u021bi viitorul vapingului cu WGA Crystal Plus Smart Vape de unic\u0103 folosin\u021b\u0103 Pod, disponibil acum, unde calitatea \u00eent\u00e2lne\u0219te comoditatea.<\/p>\n<p><strong>Adaug\u0103 AMY WhatsApp pentru mai multe reduceri!<\/strong><\/p>\n<p><img loading=\"lazy\" decoding=\"async\" class=\"size-full wp-image-1978\" src=\"https:\/\/rmvapesale.com\/wp-content\/uploads\/2024\/09\/Disposable-Vape-Wholesale.jpg\" alt=\"\u021aig\u0103ri electronice de unic\u0103 folosin\u021b\u0103 en-gros\" width=\"229\" height=\"300\" \/><\/p>\n<h3><span style=\"color: #ff0000\"><strong>WhatsApp: +86 17776015835<\/strong><\/span><\/h3>\n<p>&nbsp;<\/p>\n<h2>Specifica\u021bii WGA Crystal Plus Smart 16000<\/h2>\n<p>Pufuri: 20000 pufuri<br \/>\nBaterie: 650mAh<br \/>\nE-Lichid: 15ml*2<br \/>\nConcentra\u021bie Nicotin\u0103: 2% 5%<br \/>\nRe\u00eenc\u0103rcabil Type C<\/p>\n<h2><\/h2>\n<p>&nbsp;<\/p>\n<h2>Lista de arome WGA Crystal Smart 16000<\/h2>\n<p>&nbsp;<\/p>\n<p>1. Banana Ice<br \/>\n2. Blue Razz Cherry<br \/>\n3. Blue Razz Ice<br \/>\n4. Afine Cire\u0219e Meri\u0219oare<br \/>\n5.Zmeur\u0103 Afine<br \/>\n6. Afine Zmeur\u0103 Acr\u0103<br \/>\n7. \u00cenghe\u021bat\u0103 cu cire\u0219e<br \/>\n8. Cire\u0219e carbogazoase<br \/>\n9. Menta proasp\u0103t\u0103<br \/>\n10. Ursule\u021b de gum\u0103<br \/>\n11. Hubba Bubba<br \/>\n12. Piersic\u0103 suculent\u0103<br \/>\n13. L\u0103m\u00e2ie \u0219i lime<br \/>\n14. Domnul Blue<br \/>\n15. \u00cenghe\u021bat\u0103 cu m\u0103r ro\u0219u<br \/>\n16. Skittles<br \/>\n17. C\u0103p\u0219une zmeur\u0103 cire\u0219<br \/>\n18. Vis de var\u0103<br \/>\n19. Taur Vimto<br \/>\n20. \u00cenghe\u021bat\u0103 cu pepene verde<\/p>\n<div class=\"mceTemp\"><\/div>\n<h4><\/h4>\n<h4>\u00centreb\u0103ri frecvente:<\/h4>\n<p>&nbsp;<\/p>\n<p><strong>1. C\u00e2t timp dureaz\u0103 un dispozitiv OneWGA Crystal Plus Smart 16k?<\/strong><br \/>\nCu utilizare corespunz\u0103toare, fiecare dispozitiv poate oferi aproximativ 16.000 de pufuri, dur\u00e2nd c\u00e2teva s\u0103pt\u0103m\u00e2ni pentru majoritatea utilizatorilor.<\/p>\n<p><strong>2. Pot re\u00eenc\u0103rca WGA Crystal Smart 16000?<\/strong><br \/>\nDa, acest vape de unic\u0103 folosin\u021b\u0103 vine cu o baterie re\u00eenc\u0103rcabil\u0103, pe care o pute\u021bi \u00eenc\u0103rca atunci c\u00e2nd se descarc\u0103.<\/p>\n<p><strong>3. Este WGA Crystal Smart 16000 potrivit pentru \u00eencep\u0103tori?<\/strong><br \/>\nAbsolut! Designul s\u0103u prietenos face ca acesta s\u0103 fie perfect at\u00e2t pentru \u00eencep\u0103tori, c\u00e2t \u0219i pentru vaperi experimenta\u021bi.<\/p>\n<p>&nbsp;<\/p>\n<p>Alte produse vape populare care v-ar putea pl\u0103cea:<\/p>\n<p><a href=\"https:\/\/rmvapesale.com\/ro\/product\/waspe-12000-puffs-disposable-vape-pen\/\"><strong>WGA Crystal Pro Max Extra 15000<\/strong><\/a><em><a href=\"https:\/\/rmvapesale.com\/ro\/product\/wga-crystal-pro-max-extra-15k-puffs-disposable-vape-wholesale\/\"><strong> &gt;&gt;&gt;Magazin<\/strong><\/a><\/em><\/p>\n<p><strong><a href=\"https:\/\/rmvapesale.com\/ro\/product\/wga-crystal-plus-20000-puff-dual-flavour-disposable-vape\/\">WGA Crystal Plus 20000<\/a><\/strong><em><strong><a href=\"https:\/\/rmvapesale.com\/ro\/product\/wga-crystal-plus-20000-puff-dual-flavour-disposable-vape\/\">\u00a0 &gt;&gt;&gt;Magazin<\/a><\/strong><\/em><\/p>\n<p><a href=\"https:\/\/rmvapesale.com\/ro\/product\/fihp-shisha-hookah-15000-pro-disposable-vape-wholesale\/\"><strong>FIHP 15000 Pufuri <\/strong><\/a><strong><em><a href=\"https:\/\/rmvapesale.com\/ro\/product\/waspe-12000-puffs-disposable-vape-pen\/\">&gt;&gt;&gt;Magazin<\/a><\/em><\/strong><\/p>\n<p>&nbsp;<\/p>\n<p>&nbsp;<\/p>\n<p>G\u0103si\u021bi mai multe produse de vapat care v-ar putea pl\u0103cea:<em><a href=\"https:\/\/rmvapesale.com\/ro\/shop-2\/\">cump\u0103r\u0103 acum\u00a0<\/a><\/em><\/p>\n<p>&nbsp;<\/p>","protected":false},"excerpt":{"rendered":"<p class=\"LC20lb MBeuO DKV0Md\">WGA Crystal Plus Smart 16000 Pufuri Vape de unic\u0103 folosin\u021b\u0103 Pod<br \/>\nWGA Crystal Plus Smart 16000 Vape de unic\u0103 folosin\u021b\u0103 en-gros<br \/>\nWGA Crystal Plus Smart 16K Pre\u021b de fabric\u0103 pentru Pufuri<\/p>\n<p class=\"LC20lb MBeuO DKV0Md\"><strong>Contacta\u021bi-o pe Amy pentru mai multe reduceri \u0219i un MOQ mai mic pentru Vape<\/strong><\/p>\n<p><img loading=\"lazy\" decoding=\"async\" class=\"size-medium wp-image-1814\" src=\"https:\/\/rmvapesale.com\/wp-content\/uploads\/2024\/04\/whatsapp-amy-229x300.jpg\" alt=\"whatsapp amy\" width=\"229\" height=\"300\" srcset=\"https:\/\/rmvapesale.com\/wp-content\/uploads\/2024\/04\/whatsapp-amy-229x300.jpg 229w, https:\/\/rmvapesale.com\/wp-content\/uploads\/2024\/04\/whatsapp-amy-783x1024.jpg 783w, https:\/\/rmvapesale.com\/wp-content\/uploads\/2024\/04\/whatsapp-amy-768x1005.jpg 768w, https:\/\/rmvapesale.com\/wp-content\/uploads\/2024\/04\/whatsapp-amy-600x785.jpg 600w, https:\/\/rmvapesale.com\/wp-content\/uploads\/2024\/04\/whatsapp-amy.jpg 990w\" sizes=\"auto, (max-width: 229px) 100vw, 229px\" \/><\/p>\n<h3><span style=\"color: #ff0000\"><strong>WhatsApp: +86 17776015835<\/strong><\/span><\/h3>","protected":false},"featured_media":2062,"comment_status":"open","ping_status":"closed","template":"","meta":{"_uag_custom_page_level_css":"","_lmt_disableupdate":"no","_lmt_disable":"","site-sidebar-layout":"default","site-content-layout":"content-boxed-container","ast-site-content-layout":"normal-width-container","site-content-style":"boxed","site-sidebar-style":"unboxed","ast-global-header-display":"","ast-banner-title-visibility":"","ast-main-header-display":"","ast-hfb-above-header-display":"","ast-hfb-below-header-display":"","ast-hfb-mobile-header-display":"","site-post-title":"","ast-breadcrumbs-content":"","ast-featured-img":"","footer-sml-layout":"","theme-transparent-header-meta":"default","adv-header-id-meta":"","stick-header-meta":"","header-above-stick-meta":"","header-main-stick-meta":"","header-below-stick-meta":"","astra-migrate-meta-layouts":"set","ast-page-background-enabled":"default","ast-page-background-meta":{"desktop":{"background-color":"var(--ast-global-color-4)","background-image":"","background-repeat":"repeat","background-position":"center center","background-size":"auto","background-attachment":"scroll","background-type":"","background-media":"","overlay-type":"","overlay-color":"","overlay-opacity":"","overlay-gradient":""},"tablet":{"background-color":"","background-image":"","background-repeat":"repeat","background-position":"center center","background-size":"auto","background-attachment":"scroll","background-type":"","background-media":"","overlay-type":"","overlay-color":"","overlay-opacity":"","overlay-gradient":""},"mobile":{"background-color":"","background-image":"","background-repeat":"repeat","background-position":"center center","background-size":"auto","background-attachment":"scroll","background-type":"","background-media":"","overlay-type":"","overlay-color":"","overlay-opacity":"","overlay-gradient":""}},"ast-content-background-meta":{"desktop":{"background-color":"var(--ast-global-color-5)","background-image":"","background-repeat":"repeat","background-position":"center center","background-size":"auto","background-attachment":"scroll","background-type":"","background-media":"","overlay-type":"","overlay-color":"","overlay-opacity":"","overlay-gradient":""},"tablet":{"background-color":"var(--ast-global-color-5)","background-image":"","background-repeat":"repeat","background-position":"center center","background-size":"auto","background-attachment":"scroll","background-type":"","background-media":"","overlay-type":"","overlay-color":"","overlay-opacity":"","overlay-gradient":""},"mobile":{"background-color":"var(--ast-global-color-5)","background-image":"","background-repeat":"repeat","background-position":"center center","background-size":"auto","background-attachment":"scroll","background-type":"","background-media":"","overlay-type":"","overlay-color":"","overlay-opacity":"","overlay-gradient":""}},"_joinchat":[]},"product_brand":[],"product_cat":[25,289,290,291,292,293,295,296,299,283,123,26,28,135,27,137,136,15,30],"product_tag":[66,40,41,75,74,69,37],"class_list":{"0":"post-2054","1":"product","2":"type-product","3":"status-publish","4":"has-post-thumbnail","6":"product_cat-germany-best-selling-vape","7":"product_cat-big-puffs-disposable-vapes","8":"product_cat-crystal-disposable-vapes","9":"product_cat-dual-mesh-disposable-vapes","10":"product_cat-digital-disposable-vapes","11":"product_cat-low-nicotine-disposable-vapes","12":"product_cat-rechargeable-disposable-vapes","13":"product_cat-shisha-hookah-disposable-vapes","14":"product_cat-smart-screen-disposable-vapes","15":"product_cat-wga-vape","16":"product_cat-italy-wholesale-vape","17":"product_cat-netherlands-hot-sale-vape","18":"product_cat-poland-hot-sale-vape","19":"product_cat-spain-best-hot-sale-vape","20":"product_cat-fance-hot-sale-vape","21":"product_cat-rechargeable-vapes","22":"product_cat-smart-screen-vapes","23":"product_cat-new-vape-this-week","24":"product_cat-minimum-order-quantity-50pcs","25":"product_tag-disposable-vape","26":"product_tag-hot-sale-vape","27":"product_tag-original-factory-vape","28":"product_tag-wga-crystal-plus-smart-16000","29":"product_tag-wga-crystal-plus-smart-16k","30":"product_tag-wga-vape","31":"product_tag-wholesale-vape-price","32":"desktop-align-left","33":"tablet-align-left","34":"mobile-align-left","36":"first","37":"instock","38":"sale","39":"shipping-taxable","40":"purchasable","41":"product-type-simple"},"uagb_featured_image_src":{"full":["https:\/\/rmvapesale.com\/wp-content\/uploads\/2024\/09\/WGA-Crystal-Plus-Smart-16000-Watermelon-Ice.png",800,800,false],"thumbnail":["https:\/\/rmvapesale.com\/wp-content\/uploads\/2024\/09\/WGA-Crystal-Plus-Smart-16000-Watermelon-Ice-150x150.png",150,150,true],"medium":["https:\/\/rmvapesale.com\/wp-content\/uploads\/2024\/09\/WGA-Crystal-Plus-Smart-16000-Watermelon-Ice-300x300.png",300,300,true],"medium_large":["https:\/\/rmvapesale.com\/wp-content\/uploads\/2024\/09\/WGA-Crystal-Plus-Smart-16000-Watermelon-Ice-768x768.png",768,768,true],"large":["https:\/\/rmvapesale.com\/wp-content\/uploads\/2024\/09\/WGA-Crystal-Plus-Smart-16000-Watermelon-Ice.png",800,800,false],"1536x1536":["https:\/\/rmvapesale.com\/wp-content\/uploads\/2024\/09\/WGA-Crystal-Plus-Smart-16000-Watermelon-Ice.png",800,800,false],"2048x2048":["https:\/\/rmvapesale.com\/wp-content\/uploads\/2024\/09\/WGA-Crystal-Plus-Smart-16000-Watermelon-Ice.png",800,800,false],"trp-custom-language-flag":["https:\/\/rmvapesale.com\/wp-content\/uploads\/2024\/09\/WGA-Crystal-Plus-Smart-16000-Watermelon-Ice.png",12,12,false],"woocommerce_thumbnail":["https:\/\/rmvapesale.com\/wp-content\/uploads\/2024\/09\/WGA-Crystal-Plus-Smart-16000-Watermelon-Ice-300x300.png",300,300,true],"woocommerce_single":["https:\/\/rmvapesale.com\/wp-content\/uploads\/2024\/09\/WGA-Crystal-Plus-Smart-16000-Watermelon-Ice-600x600.png",600,600,true],"woocommerce_gallery_thumbnail":["https:\/\/rmvapesale.com\/wp-content\/uploads\/2024\/09\/WGA-Crystal-Plus-Smart-16000-Watermelon-Ice-100x100.png",100,100,true],"wcpr-photo-reviews":["https:\/\/rmvapesale.com\/wp-content\/uploads\/2024\/09\/WGA-Crystal-Plus-Smart-16000-Watermelon-Ice.png",500,500,false]},"uagb_author_info":{"display_name":"AMY","author_link":"https:\/\/rmvapesale.com\/ro\/author\/"},"uagb_comment_info":0,"uagb_excerpt":"WGA Crystal Plus Smart 16000 Puffs Disposable Vape Pod WGA Crystal Plus Smart 16000 Disposable Vape Wholesale WGA Crystal Plus Smart 16K Puffs Facotory Price Contact Amy For More Discount And Lower MOQ Vape WhatsApp: +86 17776015835","_links":{"self":[{"href":"https:\/\/rmvapesale.com\/ro\/wp-json\/wp\/v2\/product\/2054","targetHints":{"allow":["GET"]}}],"collection":[{"href":"https:\/\/rmvapesale.com\/ro\/wp-json\/wp\/v2\/product"}],"about":[{"href":"https:\/\/rmvapesale.com\/ro\/wp-json\/wp\/v2\/types\/product"}],"replies":[{"embeddable":true,"href":"https:\/\/rmvapesale.com\/ro\/wp-json\/wp\/v2\/comments?post=2054"}],"wp:featuredmedia":[{"embeddable":true,"href":"https:\/\/rmvapesale.com\/ro\/wp-json\/wp\/v2\/media\/2062"}],"wp:attachment":[{"href":"https:\/\/rmvapesale.com\/ro\/wp-json\/wp\/v2\/media?parent=2054"}],"wp:term":[{"taxonomy":"product_brand","embeddable":true,"href":"https:\/\/rmvapesale.com\/ro\/wp-json\/wp\/v2\/product_brand?post=2054"},{"taxonomy":"product_cat","embeddable":true,"href":"https:\/\/rmvapesale.com\/ro\/wp-json\/wp\/v2\/product_cat?post=2054"},{"taxonomy":"product_tag","embeddable":true,"href":"https:\/\/rmvapesale.com\/ro\/wp-json\/wp\/v2\/product_tag?post=2054"}],"curies":[{"name":"wp","href":"https:\/\/api.w.org\/{rel}","templated":true}]}}